{"id":278018,"date":"2021-06-29T18:58:06","date_gmt":"2021-06-29T16:58:06","guid":{"rendered":"https:\/\/miomiorun.com\/prodotto\/nathan-zipster\/"},"modified":"2026-05-08T20:59:50","modified_gmt":"2026-05-08T18:59:50","slug":"nathan-zipster","status":"publish","type":"product","link":"https:\/\/www.miomiorun.com\/fr\/produit\/nathan-zipster\/","title":{"rendered":"Zipster"},"content":{"rendered":"<p class=\"tw-data-text tw-text-large XcVN5d tw-ta\" dir=\"ltr\" data-placeholder=\"Traduzione\">La ceinture<strong> Zipster<\/strong> est \u00e9lastiqu\u00e9e et super douce. Elle s&#8217;ajuste confortablement autour de la taille et dispose d\u00e9sormais de quatre poches <span class=\"Y2IQFc\" lang=\"it\">permettant de ranger les smartphones, les \u00e9couteurs et tout autre objet essentiel<\/span>.<\/p>\n<p dir=\"ltr\" data-placeholder=\"Traduzione\">Des fermetures \u00e9clair r\u00e9sistantes aux intemp\u00e9ries ont \u00e9t\u00e9 ajout\u00e9es \u00e0 cette ceinture, pour que vous puissiez continuer \u00e0 courir sous le soleil et la pluie.<\/p>\n<p id=\"tw-target-text\" class=\"tw-data-text tw-text-large XcVN5d tw-ta\" dir=\"ltr\" data-placeholder=\"Traduzione\"><span class=\"Y2IQFc\" lang=\"it\">La ceinture s&#8217;ajuste confortablement autour de la taille pour que vous puissiez vous \u00e9tirer, transpirer et savourer chaque instant lors de vos d\u00e9placements.<\/span><\/p>\n<h3 dir=\"ltr\" data-placeholder=\"Traduzione\">Caract\u00e9ristiques :<\/h3>\n<ul>\n<li dir=\"ltr\" data-placeholder=\"Traduzione\">\n<p id=\"tw-target-text\" class=\"tw-data-text tw-text-large XcVN5d tw-ta\" dir=\"ltr\" data-placeholder=\"Traduzione\"><span class=\"Y2IQFc\" lang=\"it\">Deux poches zipp\u00e9es \u00e9tanches<\/span><\/p>\n<\/li>\n<li dir=\"ltr\" data-placeholder=\"Traduzione\">\n<p id=\"tw-target-text\" class=\"tw-data-text tw-text-large XcVN5d tw-ta\" dir=\"ltr\" data-placeholder=\"Traduzione\"><span class=\"Y2IQFc\" lang=\"it\">Quatre poches au total<\/span><\/p>\n<\/li>\n<li dir=\"ltr\" data-placeholder=\"Traduzione\">\n<p id=\"tw-target-text\" class=\"tw-data-text tw-text-large XcVN5d tw-ta\" dir=\"ltr\" data-placeholder=\"Traduzione\"><span class=\"Y2IQFc\" lang=\"it\">La ceinture \u00e9lastique super douce s&#8217;ajuste confortablement autour de la taille<\/span><\/p>\n<\/li>\n<li dir=\"ltr\" data-placeholder=\"Traduzione\">\n<p id=\"tw-target-text\" class=\"tw-data-text tw-text-large XcVN5d tw-ta\" dir=\"ltr\" data-placeholder=\"Traduzione\"><span class=\"Y2IQFc\" lang=\"it\">Convient \u00e0 la plupart des smartphones de grande taille<\/span><\/p>\n<\/li>\n<li dir=\"ltr\" data-placeholder=\"Traduzione\">\n<p id=\"tw-target-text\" class=\"tw-data-text tw-text-large XcVN5d tw-ta\" dir=\"ltr\" data-placeholder=\"Traduzione\"><span class=\"Y2IQFc\" lang=\"it\">Le design polyvalent permet de voyager ou de faire du sport.<\/span><\/p>\n<\/li>\n<\/ul>\n<p>Poids : 62g<\/p>\n<p>Mati\u00e8re : <span class=\"Y2IQFc\" lang=\"it\">86% nylon\/14% spandex<\/span><\/p>\n<p>&nbsp;<\/p>\n<p dir=\"ltr\" data-placeholder=\"Traduzione\">\n","protected":false},"excerpt":{"rendered":"<p>La ceinture Zipster est \u00e9lastiqu\u00e9e et super douce. Elle s&#8217;ajuste confortablement autour de la taille et dispose d\u00e9sormais de quatre poches permettant de ranger les smartphones, les \u00e9couteurs et tout autre objet essentiel. Des fermetures \u00e9clair r\u00e9sistantes aux intemp\u00e9ries ont \u00e9t\u00e9 ajout\u00e9es \u00e0 cette ceinture, pour que vous puissiez continuer \u00e0 courir sous le soleil &hellip; <a href=\"https:\/\/www.miomiorun.com\/fr\/produit\/nathan-zipster\/\">Continued<\/a><\/p>\n","protected":false},"featured_media":232667,"template":"","meta":{"_acf_changed":false,"inline_featured_image":false},"product_brand":[],"product_cat":[22588,22587,22538],"product_tag":[23511],"class_list":{"0":"post-278018","1":"product","2":"type-product","3":"status-publish","4":"has-post-thumbnail","6":"product_cat-ceintures","7":"product_cat-sacs-a-dos-et-ceintures","8":"product_cat-accessoires","9":"product_tag-nathan-fr","10":"pa_attivita-marcher","11":"pa_attivita-outdoor-fr","12":"pa_attivita-running-fr","13":"pa_colore-zipster-blue-radiance-fr","14":"pa_marca-nathan-fr","15":"pa_sesso-femme","16":"pa_sesso-homme","17":"pa_size-large-fr","19":"first","20":"instock","21":"sale","22":"taxable","23":"shipping-taxable","24":"purchasable","25":"product-type-variable","26":"wvs-archive-product-wrapper"},"acf":[],"yoast_head":"<!-- This site is optimized with the Yoast SEO plugin v26.8 - https:\/\/yoast.com\/product\/yoast-seo-wordpress\/ -->\n<title>Nathan Zipster - ceinture de course MioMioRun .com<\/title>\n<meta name=\"description\" content=\"La ceinture Zipster est \u00e9lastiqu\u00e9e et super-douce. Elle s&#039;ajuste confortablement autour de la taille et poss\u00e8de maintenant quatre poches pour permettre \u00e0 l&#039;enfant de se sentir \u00e0 l&#039;aise.\" \/>\n<meta name=\"robots\" content=\"index, follow, max-snippet:-1, max-image-preview:large, max-video-preview:-1\" \/>\n<link rel=\"canonical\" href=\"https:\/\/www.miomiorun.com\/fr\/produit\/nathan-zipster\/\" \/>\n<meta property=\"og:locale\" content=\"fr_FR\" \/>\n<meta property=\"og:type\" content=\"article\" \/>\n<meta property=\"og:title\" content=\"Nathan Zipster - ceinture de course MioMioRun .com\" \/>\n<meta property=\"og:description\" content=\"La ceinture Zipster est \u00e9lastiqu\u00e9e et super-douce. Elle s&#039;ajuste confortablement autour de la taille et poss\u00e8de maintenant quatre poches pour permettre \u00e0 l&#039;enfant de se sentir \u00e0 l&#039;aise.\" \/>\n<meta property=\"og:url\" content=\"https:\/\/www.miomiorun.com\/fr\/produit\/nathan-zipster\/\" \/>\n<meta property=\"og:site_name\" content=\"MioMioRun\" \/>\n<meta property=\"article:publisher\" content=\"https:\/\/www.facebook.com\/miomiorun\/\" \/>\n<meta property=\"article:modified_time\" content=\"2026-05-08T18:59:50+00:00\" \/>\n<meta property=\"og:image\" content=\"https:\/\/www.miomiorun.com\/app\/uploads\/2021\/07\/nathan-zipster-7702BK.jpg\" \/>\n\t<meta property=\"og:image:width\" content=\"600\" \/>\n\t<meta property=\"og:image:height\" content=\"600\" \/>\n\t<meta property=\"og:image:type\" content=\"image\/jpeg\" \/>\n<meta name=\"twitter:card\" content=\"summary_large_image\" \/>\n<meta name=\"twitter:label1\" content=\"Est. reading time\" \/>\n\t<meta name=\"twitter:data1\" content=\"1 minute\" \/>\n<script type=\"application\/ld+json\" class=\"yoast-schema-graph\">{\"@context\":\"https:\/\/schema.org\",\"@graph\":[{\"@type\":\"WebPage\",\"@id\":\"https:\/\/www.miomiorun.com\/fr\/produit\/nathan-zipster\/\",\"url\":\"https:\/\/www.miomiorun.com\/fr\/produit\/nathan-zipster\/\",\"name\":\"Nathan Zipster - ceinture de course MioMioRun .com\",\"isPartOf\":{\"@id\":\"https:\/\/www.miomiorun.com\/fr\/#website\"},\"primaryImageOfPage\":{\"@id\":\"https:\/\/www.miomiorun.com\/fr\/produit\/nathan-zipster\/#primaryimage\"},\"image\":{\"@id\":\"https:\/\/www.miomiorun.com\/fr\/produit\/nathan-zipster\/#primaryimage\"},\"thumbnailUrl\":\"https:\/\/www.miomiorun.com\/app\/uploads\/2021\/07\/nathan-zipster-7702BK.jpg\",\"datePublished\":\"2021-06-29T16:58:06+00:00\",\"dateModified\":\"2026-05-08T18:59:50+00:00\",\"description\":\"La ceinture Zipster est \u00e9lastiqu\u00e9e et super-douce. Elle s'ajuste confortablement autour de la taille et poss\u00e8de maintenant quatre poches pour permettre \u00e0 l'enfant de se sentir \u00e0 l'aise.\",\"breadcrumb\":{\"@id\":\"https:\/\/www.miomiorun.com\/fr\/produit\/nathan-zipster\/#breadcrumb\"},\"inLanguage\":\"fr-FR\",\"potentialAction\":[{\"@type\":\"ReadAction\",\"target\":[\"https:\/\/www.miomiorun.com\/fr\/produit\/nathan-zipster\/\"]}]},{\"@type\":\"ImageObject\",\"inLanguage\":\"fr-FR\",\"@id\":\"https:\/\/www.miomiorun.com\/fr\/produit\/nathan-zipster\/#primaryimage\",\"url\":\"https:\/\/www.miomiorun.com\/app\/uploads\/2021\/07\/nathan-zipster-7702BK.jpg\",\"contentUrl\":\"https:\/\/www.miomiorun.com\/app\/uploads\/2021\/07\/nathan-zipster-7702BK.jpg\",\"width\":600,\"height\":600,\"caption\":\"nathan-zipster-7702BK\"},{\"@type\":\"BreadcrumbList\",\"@id\":\"https:\/\/www.miomiorun.com\/fr\/produit\/nathan-zipster\/#breadcrumb\",\"itemListElement\":[{\"@type\":\"ListItem\",\"position\":1,\"name\":\"Home\",\"item\":\"https:\/\/www.miomiorun.com\/fr\/home-page\/\"},{\"@type\":\"ListItem\",\"position\":2,\"name\":\"Shop\",\"item\":\"https:\/\/www.miomiorun.com\/shop\/\"},{\"@type\":\"ListItem\",\"position\":3,\"name\":\"Zipster\"}]},{\"@type\":\"WebSite\",\"@id\":\"https:\/\/www.miomiorun.com\/fr\/#website\",\"url\":\"https:\/\/www.miomiorun.com\/fr\/\",\"name\":\"MioMioRun\",\"description\":\"Boutique 100% running et trail\",\"publisher\":{\"@id\":\"https:\/\/www.miomiorun.com\/fr\/#organization\"},\"potentialAction\":[{\"@type\":\"SearchAction\",\"target\":{\"@type\":\"EntryPoint\",\"urlTemplate\":\"https:\/\/www.miomiorun.com\/fr\/?s={search_term_string}\"},\"query-input\":{\"@type\":\"PropertyValueSpecification\",\"valueRequired\":true,\"valueName\":\"search_term_string\"}}],\"inLanguage\":\"fr-FR\"},{\"@type\":\"Organization\",\"@id\":\"https:\/\/www.miomiorun.com\/fr\/#organization\",\"name\":\"MioMio Run\",\"url\":\"https:\/\/www.miomiorun.com\/fr\/\",\"logo\":{\"@type\":\"ImageObject\",\"inLanguage\":\"fr-FR\",\"@id\":\"https:\/\/www.miomiorun.com\/fr\/#\/schema\/logo\/image\/\",\"url\":\"https:\/\/www.miomiorun.com\/app\/uploads\/2019\/12\/logomio.png\",\"contentUrl\":\"https:\/\/www.miomiorun.com\/app\/uploads\/2019\/12\/logomio.png\",\"width\":115,\"height\":82,\"caption\":\"MioMio Run\"},\"image\":{\"@id\":\"https:\/\/www.miomiorun.com\/fr\/#\/schema\/logo\/image\/\"},\"sameAs\":[\"https:\/\/www.facebook.com\/miomiorun\/\",\"https:\/\/www.instagram.com\/miomiorun\/\"]}]}<\/script>\n<!-- \/ Yoast SEO plugin. -->","yoast_head_json":{"title":"Nathan Zipster - ceinture de course MioMioRun .com","description":"La ceinture Zipster est \u00e9lastiqu\u00e9e et super-douce. Elle s'ajuste confortablement autour de la taille et poss\u00e8de maintenant quatre poches pour permettre \u00e0 l'enfant de se sentir \u00e0 l'aise.","robots":{"index":"index","follow":"follow","max-snippet":"max-snippet:-1","max-image-preview":"max-image-preview:large","max-video-preview":"max-video-preview:-1"},"canonical":"https:\/\/www.miomiorun.com\/fr\/produit\/nathan-zipster\/","og_locale":"fr_FR","og_type":"article","og_title":"Nathan Zipster - ceinture de course MioMioRun .com","og_description":"La ceinture Zipster est \u00e9lastiqu\u00e9e et super-douce. Elle s'ajuste confortablement autour de la taille et poss\u00e8de maintenant quatre poches pour permettre \u00e0 l'enfant de se sentir \u00e0 l'aise.","og_url":"https:\/\/www.miomiorun.com\/fr\/produit\/nathan-zipster\/","og_site_name":"MioMioRun","article_publisher":"https:\/\/www.facebook.com\/miomiorun\/","article_modified_time":"2026-05-08T18:59:50+00:00","og_image":[{"width":600,"height":600,"url":"https:\/\/www.miomiorun.com\/app\/uploads\/2021\/07\/nathan-zipster-7702BK.jpg","type":"image\/jpeg"}],"twitter_card":"summary_large_image","twitter_misc":{"Est. reading time":"1 minute"},"schema":{"@context":"https:\/\/schema.org","@graph":[{"@type":"WebPage","@id":"https:\/\/www.miomiorun.com\/fr\/produit\/nathan-zipster\/","url":"https:\/\/www.miomiorun.com\/fr\/produit\/nathan-zipster\/","name":"Nathan Zipster - ceinture de course MioMioRun .com","isPartOf":{"@id":"https:\/\/www.miomiorun.com\/fr\/#website"},"primaryImageOfPage":{"@id":"https:\/\/www.miomiorun.com\/fr\/produit\/nathan-zipster\/#primaryimage"},"image":{"@id":"https:\/\/www.miomiorun.com\/fr\/produit\/nathan-zipster\/#primaryimage"},"thumbnailUrl":"https:\/\/www.miomiorun.com\/app\/uploads\/2021\/07\/nathan-zipster-7702BK.jpg","datePublished":"2021-06-29T16:58:06+00:00","dateModified":"2026-05-08T18:59:50+00:00","description":"La ceinture Zipster est \u00e9lastiqu\u00e9e et super-douce. Elle s'ajuste confortablement autour de la taille et poss\u00e8de maintenant quatre poches pour permettre \u00e0 l'enfant de se sentir \u00e0 l'aise.","breadcrumb":{"@id":"https:\/\/www.miomiorun.com\/fr\/produit\/nathan-zipster\/#breadcrumb"},"inLanguage":"fr-FR","potentialAction":[{"@type":"ReadAction","target":["https:\/\/www.miomiorun.com\/fr\/produit\/nathan-zipster\/"]}]},{"@type":"ImageObject","inLanguage":"fr-FR","@id":"https:\/\/www.miomiorun.com\/fr\/produit\/nathan-zipster\/#primaryimage","url":"https:\/\/www.miomiorun.com\/app\/uploads\/2021\/07\/nathan-zipster-7702BK.jpg","contentUrl":"https:\/\/www.miomiorun.com\/app\/uploads\/2021\/07\/nathan-zipster-7702BK.jpg","width":600,"height":600,"caption":"nathan-zipster-7702BK"},{"@type":"BreadcrumbList","@id":"https:\/\/www.miomiorun.com\/fr\/produit\/nathan-zipster\/#breadcrumb","itemListElement":[{"@type":"ListItem","position":1,"name":"Home","item":"https:\/\/www.miomiorun.com\/fr\/home-page\/"},{"@type":"ListItem","position":2,"name":"Shop","item":"https:\/\/www.miomiorun.com\/shop\/"},{"@type":"ListItem","position":3,"name":"Zipster"}]},{"@type":"WebSite","@id":"https:\/\/www.miomiorun.com\/fr\/#website","url":"https:\/\/www.miomiorun.com\/fr\/","name":"MioMioRun","description":"Boutique 100% running et trail","publisher":{"@id":"https:\/\/www.miomiorun.com\/fr\/#organization"},"potentialAction":[{"@type":"SearchAction","target":{"@type":"EntryPoint","urlTemplate":"https:\/\/www.miomiorun.com\/fr\/?s={search_term_string}"},"query-input":{"@type":"PropertyValueSpecification","valueRequired":true,"valueName":"search_term_string"}}],"inLanguage":"fr-FR"},{"@type":"Organization","@id":"https:\/\/www.miomiorun.com\/fr\/#organization","name":"MioMio Run","url":"https:\/\/www.miomiorun.com\/fr\/","logo":{"@type":"ImageObject","inLanguage":"fr-FR","@id":"https:\/\/www.miomiorun.com\/fr\/#\/schema\/logo\/image\/","url":"https:\/\/www.miomiorun.com\/app\/uploads\/2019\/12\/logomio.png","contentUrl":"https:\/\/www.miomiorun.com\/app\/uploads\/2019\/12\/logomio.png","width":115,"height":82,"caption":"MioMio Run"},"image":{"@id":"https:\/\/www.miomiorun.com\/fr\/#\/schema\/logo\/image\/"},"sameAs":["https:\/\/www.facebook.com\/miomiorun\/","https:\/\/www.instagram.com\/miomiorun\/"]}]}},"_links":{"self":[{"href":"https:\/\/www.miomiorun.com\/fr\/wp-json\/wp\/v2\/product\/278018","targetHints":{"allow":["GET"]}}],"collection":[{"href":"https:\/\/www.miomiorun.com\/fr\/wp-json\/wp\/v2\/product"}],"about":[{"href":"https:\/\/www.miomiorun.com\/fr\/wp-json\/wp\/v2\/types\/product"}],"wp:featuredmedia":[{"embeddable":true,"href":"https:\/\/www.miomiorun.com\/fr\/wp-json\/wp\/v2\/media\/232667"}],"wp:attachment":[{"href":"https:\/\/www.miomiorun.com\/fr\/wp-json\/wp\/v2\/media?parent=278018"}],"wp:term":[{"taxonomy":"product_brand","embeddable":true,"href":"https:\/\/www.miomiorun.com\/fr\/wp-json\/wp\/v2\/product_brand?post=278018"},{"taxonomy":"product_cat","embeddable":true,"href":"https:\/\/www.miomiorun.com\/fr\/wp-json\/wp\/v2\/product_cat?post=278018"},{"taxonomy":"product_tag","embeddable":true,"href":"https:\/\/www.miomiorun.com\/fr\/wp-json\/wp\/v2\/product_tag?post=278018"}],"curies":[{"name":"wp","href":"https:\/\/api.w.org\/{rel}","templated":true}]}}