{"id":277969,"date":"2021-07-06T19:07:32","date_gmt":"2021-07-06T17:07:32","guid":{"rendered":"https:\/\/miomiorun.com\/prodotto\/crazy-idea-pull-skinny-donna\/"},"modified":"2026-01-14T10:27:24","modified_gmt":"2026-01-14T09:27:24","slug":"crazy-idea-pull-skinny-femme","status":"publish","type":"product","link":"https:\/\/www.miomiorun.com\/fr\/produit\/crazy-idea-pull-skinny-femme\/","title":{"rendered":"Pull Skinny femme"},"content":{"rendered":"<div class=\"single-product-description\">\n<div class=\"single-product-description\">\n<p><strong>Pull Skinny\u00a0<\/strong> pour femme est un pull technique propos\u00e9 avec des imprim\u00e9s Crazy extr\u00eamement originaux.<\/p>\n<p>Fabriqu\u00e9 dans un tissu extensible et thermique, il est id\u00e9al pour les sorties en montagne lors des journ\u00e9es fra\u00eeches d&#8217;hiver.<\/p>\n<p>Le pull est dot\u00e9 d&#8217;une fermeture \u00e9clair invisible aux trois quarts et d&#8217;un ourlet l\u00e9g\u00e8rement arrondi.<\/p>\n<p>\u00c9quip\u00e9 de trois poches arri\u00e8re pour ranger vos affaires.<\/p>\n<p><strong>Caract\u00e9ristiques :<\/strong><\/p>\n<ul>\n<li>Maillot technique thermique.<\/li>\n<li>Col montant.<\/li>\n<li>Fermeture \u00e9clair invisible 3\/4.<\/li>\n<li>Bord inf\u00e9rieur l\u00e9g\u00e8rement arrondi.<\/li>\n<li>\u00c9quip\u00e9 de 3 poches arri\u00e8re.<\/li>\n<\/ul>\n<\/div>\n<\/div>\n","protected":false},"excerpt":{"rendered":"<p>Pull Skinny\u00a0 pour femme est un pull technique propos\u00e9 avec des imprim\u00e9s Crazy extr\u00eamement originaux. Fabriqu\u00e9 dans un tissu extensible et thermique, il est id\u00e9al pour les sorties en montagne lors des journ\u00e9es fra\u00eeches d&#8217;hiver. Le pull est dot\u00e9 d&#8217;une fermeture \u00e9clair invisible aux trois quarts et d&#8217;un ourlet l\u00e9g\u00e8rement arrondi. \u00c9quip\u00e9 de trois poches &hellip; <a href=\"https:\/\/www.miomiorun.com\/fr\/produit\/crazy-idea-pull-skinny-femme\/\">Continued<\/a><\/p>\n","protected":false},"featured_media":232689,"template":"","meta":{"_acf_changed":false,"inline_featured_image":false},"product_brand":[],"product_cat":[24439,22610,24444,24246],"product_tag":[23489,23491],"class_list":{"0":"post-277969","1":"product","2":"type-product","3":"status-publish","4":"has-post-thumbnail","6":"product_cat-maillots-fr","7":"product_cat-offres","8":"product_cat-vetements-pour-femmes-fr","9":"product_cat-offres-pour-les-femmes","10":"product_tag-crazy-idea-fr","11":"product_tag-crazy-idea-femme","12":"pa_attivita-marcher","13":"pa_attivita-outdoor-fr","14":"pa_attivita-trail-fr","15":"pa_colore-pull-skinny-w17-black-fr","16":"pa_marca-crazy-idea-fr","17":"pa_sesso-femme","18":"pa_size-large-fr","20":"first","21":"instock","22":"sale","23":"taxable","24":"shipping-taxable","25":"purchasable","26":"product-type-variable","27":"wvs-archive-product-wrapper"},"acf":[],"yoast_head":"<!-- This site is optimized with the Yoast SEO plugin v26.8 - https:\/\/yoast.com\/product\/yoast-seo-wordpress\/ -->\n<title>Crazy Idea Pull Skinny femme - Maillot de course \u00e0 pied - MioMioRun<\/title>\n<meta name=\"description\" content=\"Le pull Skinny\u00a0 pour femme est un pull technique propos\u00e9 avec des imprim\u00e9s Crazy extr\u00eamement originaux. R\u00e9alis\u00e9 en tissu \u00e9lastique et thermique.\" \/>\n<meta name=\"robots\" content=\"index, follow, max-snippet:-1, max-image-preview:large, max-video-preview:-1\" \/>\n<link rel=\"canonical\" href=\"https:\/\/www.miomiorun.com\/fr\/produit\/crazy-idea-pull-skinny-femme\/\" \/>\n<meta property=\"og:locale\" content=\"fr_FR\" \/>\n<meta property=\"og:type\" content=\"article\" \/>\n<meta property=\"og:title\" content=\"Crazy Idea Pull Skinny femme - Maillot de course \u00e0 pied - MioMioRun\" \/>\n<meta property=\"og:description\" content=\"Le pull Skinny\u00a0 pour femme est un pull technique propos\u00e9 avec des imprim\u00e9s Crazy extr\u00eamement originaux. R\u00e9alis\u00e9 en tissu \u00e9lastique et thermique.\" \/>\n<meta property=\"og:url\" content=\"https:\/\/www.miomiorun.com\/fr\/produit\/crazy-idea-pull-skinny-femme\/\" \/>\n<meta property=\"og:site_name\" content=\"MioMioRun\" \/>\n<meta property=\"article:publisher\" content=\"https:\/\/www.facebook.com\/miomiorun\/\" \/>\n<meta property=\"article:modified_time\" content=\"2026-01-14T09:27:24+00:00\" \/>\n<meta property=\"og:image\" content=\"https:\/\/www.miomiorun.com\/app\/uploads\/2021\/07\/crazy-idea-Pull-skinny-w17095050D-00-black.jpg\" \/>\n\t<meta property=\"og:image:width\" content=\"600\" \/>\n\t<meta property=\"og:image:height\" content=\"600\" \/>\n\t<meta property=\"og:image:type\" content=\"image\/jpeg\" \/>\n<meta name=\"twitter:card\" content=\"summary_large_image\" \/>\n<script type=\"application\/ld+json\" class=\"yoast-schema-graph\">{\"@context\":\"https:\/\/schema.org\",\"@graph\":[{\"@type\":\"WebPage\",\"@id\":\"https:\/\/www.miomiorun.com\/fr\/produit\/crazy-idea-pull-skinny-femme\/\",\"url\":\"https:\/\/www.miomiorun.com\/fr\/produit\/crazy-idea-pull-skinny-femme\/\",\"name\":\"Crazy Idea Pull Skinny femme - Maillot de course \u00e0 pied - MioMioRun\",\"isPartOf\":{\"@id\":\"https:\/\/www.miomiorun.com\/fr\/#website\"},\"primaryImageOfPage\":{\"@id\":\"https:\/\/www.miomiorun.com\/fr\/produit\/crazy-idea-pull-skinny-femme\/#primaryimage\"},\"image\":{\"@id\":\"https:\/\/www.miomiorun.com\/fr\/produit\/crazy-idea-pull-skinny-femme\/#primaryimage\"},\"thumbnailUrl\":\"https:\/\/www.miomiorun.com\/app\/uploads\/2021\/07\/crazy-idea-Pull-skinny-w17095050D-00-black.jpg\",\"datePublished\":\"2021-07-06T17:07:32+00:00\",\"dateModified\":\"2026-01-14T09:27:24+00:00\",\"description\":\"Le pull Skinny\u00a0 pour femme est un pull technique propos\u00e9 avec des imprim\u00e9s Crazy extr\u00eamement originaux. R\u00e9alis\u00e9 en tissu \u00e9lastique et thermique.\",\"breadcrumb\":{\"@id\":\"https:\/\/www.miomiorun.com\/fr\/produit\/crazy-idea-pull-skinny-femme\/#breadcrumb\"},\"inLanguage\":\"fr-FR\",\"potentialAction\":[{\"@type\":\"ReadAction\",\"target\":[\"https:\/\/www.miomiorun.com\/fr\/produit\/crazy-idea-pull-skinny-femme\/\"]}]},{\"@type\":\"ImageObject\",\"inLanguage\":\"fr-FR\",\"@id\":\"https:\/\/www.miomiorun.com\/fr\/produit\/crazy-idea-pull-skinny-femme\/#primaryimage\",\"url\":\"https:\/\/www.miomiorun.com\/app\/uploads\/2021\/07\/crazy-idea-Pull-skinny-w17095050D-00-black.jpg\",\"contentUrl\":\"https:\/\/www.miomiorun.com\/app\/uploads\/2021\/07\/crazy-idea-Pull-skinny-w17095050D-00-black.jpg\",\"width\":600,\"height\":600,\"caption\":\"crazy idea pull skinny\"},{\"@type\":\"BreadcrumbList\",\"@id\":\"https:\/\/www.miomiorun.com\/fr\/produit\/crazy-idea-pull-skinny-femme\/#breadcrumb\",\"itemListElement\":[{\"@type\":\"ListItem\",\"position\":1,\"name\":\"Home\",\"item\":\"https:\/\/www.miomiorun.com\/fr\/home-page\/\"},{\"@type\":\"ListItem\",\"position\":2,\"name\":\"Shop\",\"item\":\"https:\/\/www.miomiorun.com\/shop\/\"},{\"@type\":\"ListItem\",\"position\":3,\"name\":\"Pull Skinny femme\"}]},{\"@type\":\"WebSite\",\"@id\":\"https:\/\/www.miomiorun.com\/fr\/#website\",\"url\":\"https:\/\/www.miomiorun.com\/fr\/\",\"name\":\"MioMioRun\",\"description\":\"Boutique 100% running et trail\",\"publisher\":{\"@id\":\"https:\/\/www.miomiorun.com\/fr\/#organization\"},\"potentialAction\":[{\"@type\":\"SearchAction\",\"target\":{\"@type\":\"EntryPoint\",\"urlTemplate\":\"https:\/\/www.miomiorun.com\/fr\/?s={search_term_string}\"},\"query-input\":{\"@type\":\"PropertyValueSpecification\",\"valueRequired\":true,\"valueName\":\"search_term_string\"}}],\"inLanguage\":\"fr-FR\"},{\"@type\":\"Organization\",\"@id\":\"https:\/\/www.miomiorun.com\/fr\/#organization\",\"name\":\"MioMio Run\",\"url\":\"https:\/\/www.miomiorun.com\/fr\/\",\"logo\":{\"@type\":\"ImageObject\",\"inLanguage\":\"fr-FR\",\"@id\":\"https:\/\/www.miomiorun.com\/fr\/#\/schema\/logo\/image\/\",\"url\":\"https:\/\/www.miomiorun.com\/app\/uploads\/2019\/12\/logomio.png\",\"contentUrl\":\"https:\/\/www.miomiorun.com\/app\/uploads\/2019\/12\/logomio.png\",\"width\":115,\"height\":82,\"caption\":\"MioMio Run\"},\"image\":{\"@id\":\"https:\/\/www.miomiorun.com\/fr\/#\/schema\/logo\/image\/\"},\"sameAs\":[\"https:\/\/www.facebook.com\/miomiorun\/\",\"https:\/\/www.instagram.com\/miomiorun\/\"]}]}<\/script>\n<!-- \/ Yoast SEO plugin. -->","yoast_head_json":{"title":"Crazy Idea Pull Skinny femme - Maillot de course \u00e0 pied - MioMioRun","description":"Le pull Skinny\u00a0 pour femme est un pull technique propos\u00e9 avec des imprim\u00e9s Crazy extr\u00eamement originaux. R\u00e9alis\u00e9 en tissu \u00e9lastique et thermique.","robots":{"index":"index","follow":"follow","max-snippet":"max-snippet:-1","max-image-preview":"max-image-preview:large","max-video-preview":"max-video-preview:-1"},"canonical":"https:\/\/www.miomiorun.com\/fr\/produit\/crazy-idea-pull-skinny-femme\/","og_locale":"fr_FR","og_type":"article","og_title":"Crazy Idea Pull Skinny femme - Maillot de course \u00e0 pied - MioMioRun","og_description":"Le pull Skinny\u00a0 pour femme est un pull technique propos\u00e9 avec des imprim\u00e9s Crazy extr\u00eamement originaux. R\u00e9alis\u00e9 en tissu \u00e9lastique et thermique.","og_url":"https:\/\/www.miomiorun.com\/fr\/produit\/crazy-idea-pull-skinny-femme\/","og_site_name":"MioMioRun","article_publisher":"https:\/\/www.facebook.com\/miomiorun\/","article_modified_time":"2026-01-14T09:27:24+00:00","og_image":[{"width":600,"height":600,"url":"https:\/\/www.miomiorun.com\/app\/uploads\/2021\/07\/crazy-idea-Pull-skinny-w17095050D-00-black.jpg","type":"image\/jpeg"}],"twitter_card":"summary_large_image","schema":{"@context":"https:\/\/schema.org","@graph":[{"@type":"WebPage","@id":"https:\/\/www.miomiorun.com\/fr\/produit\/crazy-idea-pull-skinny-femme\/","url":"https:\/\/www.miomiorun.com\/fr\/produit\/crazy-idea-pull-skinny-femme\/","name":"Crazy Idea Pull Skinny femme - Maillot de course \u00e0 pied - MioMioRun","isPartOf":{"@id":"https:\/\/www.miomiorun.com\/fr\/#website"},"primaryImageOfPage":{"@id":"https:\/\/www.miomiorun.com\/fr\/produit\/crazy-idea-pull-skinny-femme\/#primaryimage"},"image":{"@id":"https:\/\/www.miomiorun.com\/fr\/produit\/crazy-idea-pull-skinny-femme\/#primaryimage"},"thumbnailUrl":"https:\/\/www.miomiorun.com\/app\/uploads\/2021\/07\/crazy-idea-Pull-skinny-w17095050D-00-black.jpg","datePublished":"2021-07-06T17:07:32+00:00","dateModified":"2026-01-14T09:27:24+00:00","description":"Le pull Skinny\u00a0 pour femme est un pull technique propos\u00e9 avec des imprim\u00e9s Crazy extr\u00eamement originaux. R\u00e9alis\u00e9 en tissu \u00e9lastique et thermique.","breadcrumb":{"@id":"https:\/\/www.miomiorun.com\/fr\/produit\/crazy-idea-pull-skinny-femme\/#breadcrumb"},"inLanguage":"fr-FR","potentialAction":[{"@type":"ReadAction","target":["https:\/\/www.miomiorun.com\/fr\/produit\/crazy-idea-pull-skinny-femme\/"]}]},{"@type":"ImageObject","inLanguage":"fr-FR","@id":"https:\/\/www.miomiorun.com\/fr\/produit\/crazy-idea-pull-skinny-femme\/#primaryimage","url":"https:\/\/www.miomiorun.com\/app\/uploads\/2021\/07\/crazy-idea-Pull-skinny-w17095050D-00-black.jpg","contentUrl":"https:\/\/www.miomiorun.com\/app\/uploads\/2021\/07\/crazy-idea-Pull-skinny-w17095050D-00-black.jpg","width":600,"height":600,"caption":"crazy idea pull skinny"},{"@type":"BreadcrumbList","@id":"https:\/\/www.miomiorun.com\/fr\/produit\/crazy-idea-pull-skinny-femme\/#breadcrumb","itemListElement":[{"@type":"ListItem","position":1,"name":"Home","item":"https:\/\/www.miomiorun.com\/fr\/home-page\/"},{"@type":"ListItem","position":2,"name":"Shop","item":"https:\/\/www.miomiorun.com\/shop\/"},{"@type":"ListItem","position":3,"name":"Pull Skinny femme"}]},{"@type":"WebSite","@id":"https:\/\/www.miomiorun.com\/fr\/#website","url":"https:\/\/www.miomiorun.com\/fr\/","name":"MioMioRun","description":"Boutique 100% running et trail","publisher":{"@id":"https:\/\/www.miomiorun.com\/fr\/#organization"},"potentialAction":[{"@type":"SearchAction","target":{"@type":"EntryPoint","urlTemplate":"https:\/\/www.miomiorun.com\/fr\/?s={search_term_string}"},"query-input":{"@type":"PropertyValueSpecification","valueRequired":true,"valueName":"search_term_string"}}],"inLanguage":"fr-FR"},{"@type":"Organization","@id":"https:\/\/www.miomiorun.com\/fr\/#organization","name":"MioMio Run","url":"https:\/\/www.miomiorun.com\/fr\/","logo":{"@type":"ImageObject","inLanguage":"fr-FR","@id":"https:\/\/www.miomiorun.com\/fr\/#\/schema\/logo\/image\/","url":"https:\/\/www.miomiorun.com\/app\/uploads\/2019\/12\/logomio.png","contentUrl":"https:\/\/www.miomiorun.com\/app\/uploads\/2019\/12\/logomio.png","width":115,"height":82,"caption":"MioMio Run"},"image":{"@id":"https:\/\/www.miomiorun.com\/fr\/#\/schema\/logo\/image\/"},"sameAs":["https:\/\/www.facebook.com\/miomiorun\/","https:\/\/www.instagram.com\/miomiorun\/"]}]}},"_links":{"self":[{"href":"https:\/\/www.miomiorun.com\/fr\/wp-json\/wp\/v2\/product\/277969","targetHints":{"allow":["GET"]}}],"collection":[{"href":"https:\/\/www.miomiorun.com\/fr\/wp-json\/wp\/v2\/product"}],"about":[{"href":"https:\/\/www.miomiorun.com\/fr\/wp-json\/wp\/v2\/types\/product"}],"wp:featuredmedia":[{"embeddable":true,"href":"https:\/\/www.miomiorun.com\/fr\/wp-json\/wp\/v2\/media\/232689"}],"wp:attachment":[{"href":"https:\/\/www.miomiorun.com\/fr\/wp-json\/wp\/v2\/media?parent=277969"}],"wp:term":[{"taxonomy":"product_brand","embeddable":true,"href":"https:\/\/www.miomiorun.com\/fr\/wp-json\/wp\/v2\/product_brand?post=277969"},{"taxonomy":"product_cat","embeddable":true,"href":"https:\/\/www.miomiorun.com\/fr\/wp-json\/wp\/v2\/product_cat?post=277969"},{"taxonomy":"product_tag","embeddable":true,"href":"https:\/\/www.miomiorun.com\/fr\/wp-json\/wp\/v2\/product_tag?post=277969"}],"curies":[{"name":"wp","href":"https:\/\/api.w.org\/{rel}","templated":true}]}}