{"id":277959,"date":"2021-07-09T11:37:57","date_gmt":"2021-07-09T09:37:57","guid":{"rendered":"https:\/\/miomiorun.com\/prodotto\/crazy-idea-fuseaux-light-up-donna\/"},"modified":"2026-01-14T10:31:19","modified_gmt":"2026-01-14T09:31:19","slug":"crazy-idea-fuseaux-light-up-femme","status":"publish","type":"product","link":"https:\/\/www.miomiorun.com\/fr\/produit\/crazy-idea-fuseaux-light-up-femme\/","title":{"rendered":"Fuseaux Light Up femme"},"content":{"rendered":"<p>Le mod\u00e8le <strong>Fuseaux Light Up<\/strong> pour femme<strong>\u00a0<\/strong>est un pantalon id\u00e9al pour la course \u00e0 pied et le trail running en hiver.<br \/>\nQualit\u00e9, passion, vision d&#8217;avenir sont les lignes directrices du style italien de Crazy Idea.<br \/>\nChaque v\u00eatement a \u00e9t\u00e9 d\u00e9velopp\u00e9 avec les conseils des meilleurs professionnels du sport et de la montagne.<br \/>\nLa taille est haute et l&#8217;\u00e9lastique est dot\u00e9 d&#8217;une bande silicone fine mais efficace qui garantit un maintien parfait.<\/p>\n<p><strong>Caract\u00e9ristiques :<\/strong><\/p>\n<ul>\n<li>cuisse sans coutures<\/li>\n<li>logo et inserts r\u00e9fl\u00e9chissants<\/li>\n<li>forme extr\u00eamement ergonomique<\/li>\n<li>vie confortable sans \u00e9lastique<\/li>\n<li>1 poche arri\u00e8re<\/li>\n<\/ul>\n","protected":false},"excerpt":{"rendered":"<p>Le mod\u00e8le Fuseaux Light Up pour femme\u00a0est un pantalon id\u00e9al pour la course \u00e0 pied et le trail running en hiver. Qualit\u00e9, passion, vision d&#8217;avenir sont les lignes directrices du style italien de Crazy Idea. Chaque v\u00eatement a \u00e9t\u00e9 d\u00e9velopp\u00e9 avec les conseils des meilleurs professionnels du sport et de la montagne. La taille est &hellip; <a href=\"https:\/\/www.miomiorun.com\/fr\/produit\/crazy-idea-fuseaux-light-up-femme\/\">Continued<\/a><\/p>\n","protected":false},"featured_media":232683,"template":"","meta":{"_acf_changed":false,"inline_featured_image":false},"product_brand":[],"product_cat":[22610,24437,24444,24246],"product_tag":[23489,23491],"class_list":{"0":"post-277959","1":"product","2":"type-product","3":"status-publish","4":"has-post-thumbnail","6":"product_cat-offres","7":"product_cat-pantalon-long-fr-2","8":"product_cat-vetements-pour-femmes-fr","9":"product_cat-offres-pour-les-femmes","10":"product_tag-crazy-idea-fr","11":"product_tag-crazy-idea-femme","12":"pa_attivita-marcher","13":"pa_attivita-running-fr","14":"pa_attivita-trail-fr","15":"pa_colore-fuseaux-light-up-w17-black-fr","16":"pa_marca-crazy-idea-fr","17":"pa_sesso-femme","18":"pa_size-large-fr","20":"first","21":"instock","22":"sale","23":"taxable","24":"shipping-taxable","25":"purchasable","26":"product-type-variable","27":"wvs-archive-product-wrapper"},"acf":[],"yoast_head":"<!-- This site is optimized with the Yoast SEO plugin v26.8 - https:\/\/yoast.com\/product\/yoast-seo-wordpress\/ -->\n<title>Crazy Idea Fuseaux Light Up femme - Pantalons pour femmes- MioMioRun<\/title>\n<meta name=\"description\" content=\"Le Fuseaux Light Up pour femme est un pantalon id\u00e9al pour la course \u00e0 pied et le trail running en hiver.\" \/>\n<meta name=\"robots\" content=\"index, follow, max-snippet:-1, max-image-preview:large, max-video-preview:-1\" \/>\n<link rel=\"canonical\" href=\"https:\/\/www.miomiorun.com\/fr\/produit\/crazy-idea-fuseaux-light-up-femme\/\" \/>\n<meta property=\"og:locale\" content=\"fr_FR\" \/>\n<meta property=\"og:type\" content=\"article\" \/>\n<meta property=\"og:title\" content=\"Crazy Idea Fuseaux Light Up femme - Pantalons pour femmes- MioMioRun\" \/>\n<meta property=\"og:description\" content=\"Le Fuseaux Light Up pour femme est un pantalon id\u00e9al pour la course \u00e0 pied et le trail running en hiver.\" \/>\n<meta property=\"og:url\" content=\"https:\/\/www.miomiorun.com\/fr\/produit\/crazy-idea-fuseaux-light-up-femme\/\" \/>\n<meta property=\"og:site_name\" content=\"MioMioRun\" \/>\n<meta property=\"article:publisher\" content=\"https:\/\/www.facebook.com\/miomiorun\/\" \/>\n<meta property=\"article:modified_time\" content=\"2026-01-14T09:31:19+00:00\" \/>\n<meta property=\"og:image\" content=\"https:\/\/www.miomiorun.com\/app\/uploads\/2021\/07\/crazy-idea-Fuseaux-light-up-W16015101DV1.jpg\" \/>\n\t<meta property=\"og:image:width\" content=\"600\" \/>\n\t<meta property=\"og:image:height\" content=\"600\" \/>\n\t<meta property=\"og:image:type\" content=\"image\/jpeg\" \/>\n<meta name=\"twitter:card\" content=\"summary_large_image\" \/>\n<script type=\"application\/ld+json\" class=\"yoast-schema-graph\">{\"@context\":\"https:\/\/schema.org\",\"@graph\":[{\"@type\":\"WebPage\",\"@id\":\"https:\/\/www.miomiorun.com\/fr\/produit\/crazy-idea-fuseaux-light-up-femme\/\",\"url\":\"https:\/\/www.miomiorun.com\/fr\/produit\/crazy-idea-fuseaux-light-up-femme\/\",\"name\":\"Crazy Idea Fuseaux Light Up femme - Pantalons pour femmes- MioMioRun\",\"isPartOf\":{\"@id\":\"https:\/\/www.miomiorun.com\/fr\/#website\"},\"primaryImageOfPage\":{\"@id\":\"https:\/\/www.miomiorun.com\/fr\/produit\/crazy-idea-fuseaux-light-up-femme\/#primaryimage\"},\"image\":{\"@id\":\"https:\/\/www.miomiorun.com\/fr\/produit\/crazy-idea-fuseaux-light-up-femme\/#primaryimage\"},\"thumbnailUrl\":\"https:\/\/www.miomiorun.com\/app\/uploads\/2021\/07\/crazy-idea-Fuseaux-light-up-W16015101DV1.jpg\",\"datePublished\":\"2021-07-09T09:37:57+00:00\",\"dateModified\":\"2026-01-14T09:31:19+00:00\",\"description\":\"Le Fuseaux Light Up pour femme est un pantalon id\u00e9al pour la course \u00e0 pied et le trail running en hiver.\",\"breadcrumb\":{\"@id\":\"https:\/\/www.miomiorun.com\/fr\/produit\/crazy-idea-fuseaux-light-up-femme\/#breadcrumb\"},\"inLanguage\":\"fr-FR\",\"potentialAction\":[{\"@type\":\"ReadAction\",\"target\":[\"https:\/\/www.miomiorun.com\/fr\/produit\/crazy-idea-fuseaux-light-up-femme\/\"]}]},{\"@type\":\"ImageObject\",\"inLanguage\":\"fr-FR\",\"@id\":\"https:\/\/www.miomiorun.com\/fr\/produit\/crazy-idea-fuseaux-light-up-femme\/#primaryimage\",\"url\":\"https:\/\/www.miomiorun.com\/app\/uploads\/2021\/07\/crazy-idea-Fuseaux-light-up-W16015101DV1.jpg\",\"contentUrl\":\"https:\/\/www.miomiorun.com\/app\/uploads\/2021\/07\/crazy-idea-Fuseaux-light-up-W16015101DV1.jpg\",\"width\":600,\"height\":600,\"caption\":\"crazy idea fuseaux light up\"},{\"@type\":\"BreadcrumbList\",\"@id\":\"https:\/\/www.miomiorun.com\/fr\/produit\/crazy-idea-fuseaux-light-up-femme\/#breadcrumb\",\"itemListElement\":[{\"@type\":\"ListItem\",\"position\":1,\"name\":\"Home\",\"item\":\"https:\/\/www.miomiorun.com\/fr\/home-page\/\"},{\"@type\":\"ListItem\",\"position\":2,\"name\":\"Shop\",\"item\":\"https:\/\/www.miomiorun.com\/shop\/\"},{\"@type\":\"ListItem\",\"position\":3,\"name\":\"Fuseaux Light Up femme\"}]},{\"@type\":\"WebSite\",\"@id\":\"https:\/\/www.miomiorun.com\/fr\/#website\",\"url\":\"https:\/\/www.miomiorun.com\/fr\/\",\"name\":\"MioMioRun\",\"description\":\"Boutique 100% running et trail\",\"publisher\":{\"@id\":\"https:\/\/www.miomiorun.com\/fr\/#organization\"},\"potentialAction\":[{\"@type\":\"SearchAction\",\"target\":{\"@type\":\"EntryPoint\",\"urlTemplate\":\"https:\/\/www.miomiorun.com\/fr\/?s={search_term_string}\"},\"query-input\":{\"@type\":\"PropertyValueSpecification\",\"valueRequired\":true,\"valueName\":\"search_term_string\"}}],\"inLanguage\":\"fr-FR\"},{\"@type\":\"Organization\",\"@id\":\"https:\/\/www.miomiorun.com\/fr\/#organization\",\"name\":\"MioMio Run\",\"url\":\"https:\/\/www.miomiorun.com\/fr\/\",\"logo\":{\"@type\":\"ImageObject\",\"inLanguage\":\"fr-FR\",\"@id\":\"https:\/\/www.miomiorun.com\/fr\/#\/schema\/logo\/image\/\",\"url\":\"https:\/\/www.miomiorun.com\/app\/uploads\/2019\/12\/logomio.png\",\"contentUrl\":\"https:\/\/www.miomiorun.com\/app\/uploads\/2019\/12\/logomio.png\",\"width\":115,\"height\":82,\"caption\":\"MioMio Run\"},\"image\":{\"@id\":\"https:\/\/www.miomiorun.com\/fr\/#\/schema\/logo\/image\/\"},\"sameAs\":[\"https:\/\/www.facebook.com\/miomiorun\/\",\"https:\/\/www.instagram.com\/miomiorun\/\"]}]}<\/script>\n<!-- \/ Yoast SEO plugin. -->","yoast_head_json":{"title":"Crazy Idea Fuseaux Light Up femme - Pantalons pour femmes- MioMioRun","description":"Le Fuseaux Light Up pour femme est un pantalon id\u00e9al pour la course \u00e0 pied et le trail running en hiver.","robots":{"index":"index","follow":"follow","max-snippet":"max-snippet:-1","max-image-preview":"max-image-preview:large","max-video-preview":"max-video-preview:-1"},"canonical":"https:\/\/www.miomiorun.com\/fr\/produit\/crazy-idea-fuseaux-light-up-femme\/","og_locale":"fr_FR","og_type":"article","og_title":"Crazy Idea Fuseaux Light Up femme - Pantalons pour femmes- MioMioRun","og_description":"Le Fuseaux Light Up pour femme est un pantalon id\u00e9al pour la course \u00e0 pied et le trail running en hiver.","og_url":"https:\/\/www.miomiorun.com\/fr\/produit\/crazy-idea-fuseaux-light-up-femme\/","og_site_name":"MioMioRun","article_publisher":"https:\/\/www.facebook.com\/miomiorun\/","article_modified_time":"2026-01-14T09:31:19+00:00","og_image":[{"width":600,"height":600,"url":"https:\/\/www.miomiorun.com\/app\/uploads\/2021\/07\/crazy-idea-Fuseaux-light-up-W16015101DV1.jpg","type":"image\/jpeg"}],"twitter_card":"summary_large_image","schema":{"@context":"https:\/\/schema.org","@graph":[{"@type":"WebPage","@id":"https:\/\/www.miomiorun.com\/fr\/produit\/crazy-idea-fuseaux-light-up-femme\/","url":"https:\/\/www.miomiorun.com\/fr\/produit\/crazy-idea-fuseaux-light-up-femme\/","name":"Crazy Idea Fuseaux Light Up femme - Pantalons pour femmes- MioMioRun","isPartOf":{"@id":"https:\/\/www.miomiorun.com\/fr\/#website"},"primaryImageOfPage":{"@id":"https:\/\/www.miomiorun.com\/fr\/produit\/crazy-idea-fuseaux-light-up-femme\/#primaryimage"},"image":{"@id":"https:\/\/www.miomiorun.com\/fr\/produit\/crazy-idea-fuseaux-light-up-femme\/#primaryimage"},"thumbnailUrl":"https:\/\/www.miomiorun.com\/app\/uploads\/2021\/07\/crazy-idea-Fuseaux-light-up-W16015101DV1.jpg","datePublished":"2021-07-09T09:37:57+00:00","dateModified":"2026-01-14T09:31:19+00:00","description":"Le Fuseaux Light Up pour femme est un pantalon id\u00e9al pour la course \u00e0 pied et le trail running en hiver.","breadcrumb":{"@id":"https:\/\/www.miomiorun.com\/fr\/produit\/crazy-idea-fuseaux-light-up-femme\/#breadcrumb"},"inLanguage":"fr-FR","potentialAction":[{"@type":"ReadAction","target":["https:\/\/www.miomiorun.com\/fr\/produit\/crazy-idea-fuseaux-light-up-femme\/"]}]},{"@type":"ImageObject","inLanguage":"fr-FR","@id":"https:\/\/www.miomiorun.com\/fr\/produit\/crazy-idea-fuseaux-light-up-femme\/#primaryimage","url":"https:\/\/www.miomiorun.com\/app\/uploads\/2021\/07\/crazy-idea-Fuseaux-light-up-W16015101DV1.jpg","contentUrl":"https:\/\/www.miomiorun.com\/app\/uploads\/2021\/07\/crazy-idea-Fuseaux-light-up-W16015101DV1.jpg","width":600,"height":600,"caption":"crazy idea fuseaux light up"},{"@type":"BreadcrumbList","@id":"https:\/\/www.miomiorun.com\/fr\/produit\/crazy-idea-fuseaux-light-up-femme\/#breadcrumb","itemListElement":[{"@type":"ListItem","position":1,"name":"Home","item":"https:\/\/www.miomiorun.com\/fr\/home-page\/"},{"@type":"ListItem","position":2,"name":"Shop","item":"https:\/\/www.miomiorun.com\/shop\/"},{"@type":"ListItem","position":3,"name":"Fuseaux Light Up femme"}]},{"@type":"WebSite","@id":"https:\/\/www.miomiorun.com\/fr\/#website","url":"https:\/\/www.miomiorun.com\/fr\/","name":"MioMioRun","description":"Boutique 100% running et trail","publisher":{"@id":"https:\/\/www.miomiorun.com\/fr\/#organization"},"potentialAction":[{"@type":"SearchAction","target":{"@type":"EntryPoint","urlTemplate":"https:\/\/www.miomiorun.com\/fr\/?s={search_term_string}"},"query-input":{"@type":"PropertyValueSpecification","valueRequired":true,"valueName":"search_term_string"}}],"inLanguage":"fr-FR"},{"@type":"Organization","@id":"https:\/\/www.miomiorun.com\/fr\/#organization","name":"MioMio Run","url":"https:\/\/www.miomiorun.com\/fr\/","logo":{"@type":"ImageObject","inLanguage":"fr-FR","@id":"https:\/\/www.miomiorun.com\/fr\/#\/schema\/logo\/image\/","url":"https:\/\/www.miomiorun.com\/app\/uploads\/2019\/12\/logomio.png","contentUrl":"https:\/\/www.miomiorun.com\/app\/uploads\/2019\/12\/logomio.png","width":115,"height":82,"caption":"MioMio Run"},"image":{"@id":"https:\/\/www.miomiorun.com\/fr\/#\/schema\/logo\/image\/"},"sameAs":["https:\/\/www.facebook.com\/miomiorun\/","https:\/\/www.instagram.com\/miomiorun\/"]}]}},"_links":{"self":[{"href":"https:\/\/www.miomiorun.com\/fr\/wp-json\/wp\/v2\/product\/277959","targetHints":{"allow":["GET"]}}],"collection":[{"href":"https:\/\/www.miomiorun.com\/fr\/wp-json\/wp\/v2\/product"}],"about":[{"href":"https:\/\/www.miomiorun.com\/fr\/wp-json\/wp\/v2\/types\/product"}],"wp:featuredmedia":[{"embeddable":true,"href":"https:\/\/www.miomiorun.com\/fr\/wp-json\/wp\/v2\/media\/232683"}],"wp:attachment":[{"href":"https:\/\/www.miomiorun.com\/fr\/wp-json\/wp\/v2\/media?parent=277959"}],"wp:term":[{"taxonomy":"product_brand","embeddable":true,"href":"https:\/\/www.miomiorun.com\/fr\/wp-json\/wp\/v2\/product_brand?post=277959"},{"taxonomy":"product_cat","embeddable":true,"href":"https:\/\/www.miomiorun.com\/fr\/wp-json\/wp\/v2\/product_cat?post=277959"},{"taxonomy":"product_tag","embeddable":true,"href":"https:\/\/www.miomiorun.com\/fr\/wp-json\/wp\/v2\/product_tag?post=277959"}],"curies":[{"name":"wp","href":"https:\/\/api.w.org\/{rel}","templated":true}]}}