{"id":277923,"date":"2021-07-17T10:04:17","date_gmt":"2021-07-17T08:04:17","guid":{"rendered":"https:\/\/miomiorun.com\/prodotto\/asics-lite-show-jkt-performance-donna\/"},"modified":"2026-01-14T10:32:39","modified_gmt":"2026-01-14T09:32:39","slug":"asics-lite-show-jkt-performance-femme","status":"publish","type":"product","link":"https:\/\/www.miomiorun.com\/fr\/produit\/asics-lite-show-jkt-performance-femme\/","title":{"rendered":"Lite Show Jkt Performance femme"},"content":{"rendered":"<div class=\"product-info-section-inner\">\n<p>Que ce soit pour une s\u00e9ance d&#8217;entra\u00eenement ou pour pr\u00e9parer une course nocturne, la veste de course ASICS LITE-Show pour femme est pratique et confortable, avec une r\u00e9flectivit\u00e9 \u00e0 360\u00b0 sur tout le corps et des d\u00e9tails r\u00e9fl\u00e9chissants strat\u00e9giquement plac\u00e9s pour vous rendre bien visible m\u00eame apr\u00e8s le coucher du soleil.<\/p>\n<p>Cette veste polyvalente, facile \u00e0 enfiler par-dessus d&#8217;autres v\u00eatements lorsque le temps commence \u00e0 se rafra\u00eechir, est dot\u00e9e d&#8217;une fermeture \u00e0 glissi\u00e8re sur toute la longueur, ce qui la rend facile \u00e0 utiliser, et de deux poches avant pour ranger en toute s\u00e9curit\u00e9 vos petits objets essentiels.<\/p>\n<p>Dot\u00e9e d&#8217;un tissu particuli\u00e8rement l\u00e9ger pour offrir une ventilation et un confort optimaux, cette veste \u00e0 la coupe normale ne g\u00eane pas les mouvements, ce qui facilite l&#8217;am\u00e9lioration des performances. De plus, ses propri\u00e9t\u00e9s coupe-vent et imperm\u00e9ables vous prot\u00e9geront des intemp\u00e9ries. La veste LITE-Show pour femme s&#8217;occupe du reste ; vous n&#8217;avez plus qu&#8217;\u00e0 vous concentrer sur votre course.<\/p>\n<h3>Caract\u00e9ristiques<\/h3>\n<ul>\n<li>Coupe normale.<\/li>\n<li>Imperm\u00e9able.<\/li>\n<li>Anti-vent.<\/li>\n<li>Tissu l\u00e9ger.<\/li>\n<li>V\u00eatement id\u00e9al pour s&#8217;habiller en plusieurs couches.<\/li>\n<li>D\u00e9tail des poignets et de l&#8217;ourlet en stretch plat.<\/li>\n<li>Poches avant s\u00e9curis\u00e9es.<\/li>\n<li>R\u00e9flectivit\u00e9 cartographi\u00e9e \u00e0 360\u00b0 sur le corps LITE-Show.<\/li>\n<li>Logo ASICS r\u00e9fl\u00e9chissant.<\/li>\n<li>Technologie S1 : ses propri\u00e9t\u00e9s coupe-vent et imperm\u00e9ables vous permettent de vous d\u00e9placer par tous les temps.<\/li>\n<li>Mat\u00e9riau : 100 % polyester.<\/li>\n<li>Poids : 56 g<\/li>\n<\/ul>\n<p>&nbsp;<\/p>\n<\/div>\n","protected":false},"excerpt":{"rendered":"<p>Que ce soit pour une s\u00e9ance d&#8217;entra\u00eenement ou pour pr\u00e9parer une course nocturne, la veste de course ASICS LITE-Show pour femme est pratique et confortable, avec une r\u00e9flectivit\u00e9 \u00e0 360\u00b0 sur tout le corps et des d\u00e9tails r\u00e9fl\u00e9chissants strat\u00e9giquement plac\u00e9s pour vous rendre bien visible m\u00eame apr\u00e8s le coucher du soleil. Cette veste polyvalente, facile &hellip; <a href=\"https:\/\/www.miomiorun.com\/fr\/produit\/asics-lite-show-jkt-performance-femme\/\">Continued<\/a><\/p>\n","protected":false},"featured_media":232709,"template":"","meta":{"_acf_changed":false,"inline_featured_image":false},"product_brand":[],"product_cat":[24441,24444,24246],"product_tag":[23560,23668],"class_list":{"0":"post-277923","1":"product","2":"type-product","3":"status-publish","4":"has-post-thumbnail","6":"product_cat-vestes-fr","7":"product_cat-vetements-pour-femmes-fr","8":"product_cat-offres-pour-les-femmes","9":"product_tag-asics-fr","10":"product_tag-asics-femme","11":"pa_attivita-marcher","12":"pa_attivita-running-fr","13":"pa_marca-asics-fr","14":"pa_sesso-femme","15":"pa_size-large-fr","17":"first","18":"instock","19":"sale","20":"taxable","21":"shipping-taxable","22":"purchasable","23":"product-type-variable","24":"wvs-archive-product-wrapper"},"acf":[],"yoast_head":"<!-- This site is optimized with the Yoast SEO plugin v26.8 - https:\/\/yoast.com\/product\/yoast-seo-wordpress\/ -->\n<title>Asics Lite Show Jkt Performance femme - Veste de course - MioMioRun<\/title>\n<meta name=\"description\" content=\"Enfilez ce t-shirt de course \u00e0 manches longues extensible et doux pour femme Asics Lite Show \u00e0 col montant avec imprim\u00e9 ASICS Lite-Show.\" \/>\n<meta name=\"robots\" content=\"index, follow, max-snippet:-1, max-image-preview:large, max-video-preview:-1\" \/>\n<link rel=\"canonical\" href=\"https:\/\/www.miomiorun.com\/fr\/produit\/asics-lite-show-jkt-performance-femme\/\" \/>\n<meta property=\"og:locale\" content=\"fr_FR\" \/>\n<meta property=\"og:type\" content=\"article\" \/>\n<meta property=\"og:title\" content=\"Asics Lite Show Jkt Performance femme - Veste de course - MioMioRun\" \/>\n<meta property=\"og:description\" content=\"Enfilez ce t-shirt de course \u00e0 manches longues extensible et doux pour femme Asics Lite Show \u00e0 col montant avec imprim\u00e9 ASICS Lite-Show.\" \/>\n<meta property=\"og:url\" content=\"https:\/\/www.miomiorun.com\/fr\/produit\/asics-lite-show-jkt-performance-femme\/\" \/>\n<meta property=\"og:site_name\" content=\"MioMioRun\" \/>\n<meta property=\"article:publisher\" content=\"https:\/\/www.facebook.com\/miomiorun\/\" \/>\n<meta property=\"article:modified_time\" content=\"2026-01-14T09:32:39+00:00\" \/>\n<meta property=\"og:image\" content=\"https:\/\/www.miomiorun.com\/app\/uploads\/2021\/07\/asics-Lite-show-jkt-performance-141225-0904.jpg\" \/>\n\t<meta property=\"og:image:width\" content=\"600\" \/>\n\t<meta property=\"og:image:height\" content=\"600\" \/>\n\t<meta property=\"og:image:type\" content=\"image\/jpeg\" \/>\n<meta name=\"twitter:card\" content=\"summary_large_image\" \/>\n<meta name=\"twitter:label1\" content=\"Est. reading time\" \/>\n\t<meta name=\"twitter:data1\" content=\"1 minute\" \/>\n<script type=\"application\/ld+json\" class=\"yoast-schema-graph\">{\"@context\":\"https:\/\/schema.org\",\"@graph\":[{\"@type\":\"WebPage\",\"@id\":\"https:\/\/www.miomiorun.com\/fr\/produit\/asics-lite-show-jkt-performance-femme\/\",\"url\":\"https:\/\/www.miomiorun.com\/fr\/produit\/asics-lite-show-jkt-performance-femme\/\",\"name\":\"Asics Lite Show Jkt Performance femme - Veste de course - MioMioRun\",\"isPartOf\":{\"@id\":\"https:\/\/www.miomiorun.com\/fr\/#website\"},\"primaryImageOfPage\":{\"@id\":\"https:\/\/www.miomiorun.com\/fr\/produit\/asics-lite-show-jkt-performance-femme\/#primaryimage\"},\"image\":{\"@id\":\"https:\/\/www.miomiorun.com\/fr\/produit\/asics-lite-show-jkt-performance-femme\/#primaryimage\"},\"thumbnailUrl\":\"https:\/\/www.miomiorun.com\/app\/uploads\/2021\/07\/asics-Lite-show-jkt-performance-141225-0904.jpg\",\"datePublished\":\"2021-07-17T08:04:17+00:00\",\"dateModified\":\"2026-01-14T09:32:39+00:00\",\"description\":\"Enfilez ce t-shirt de course \u00e0 manches longues extensible et doux pour femme Asics Lite Show \u00e0 col montant avec imprim\u00e9 ASICS Lite-Show.\",\"breadcrumb\":{\"@id\":\"https:\/\/www.miomiorun.com\/fr\/produit\/asics-lite-show-jkt-performance-femme\/#breadcrumb\"},\"inLanguage\":\"fr-FR\",\"potentialAction\":[{\"@type\":\"ReadAction\",\"target\":[\"https:\/\/www.miomiorun.com\/fr\/produit\/asics-lite-show-jkt-performance-femme\/\"]}]},{\"@type\":\"ImageObject\",\"inLanguage\":\"fr-FR\",\"@id\":\"https:\/\/www.miomiorun.com\/fr\/produit\/asics-lite-show-jkt-performance-femme\/#primaryimage\",\"url\":\"https:\/\/www.miomiorun.com\/app\/uploads\/2021\/07\/asics-Lite-show-jkt-performance-141225-0904.jpg\",\"contentUrl\":\"https:\/\/www.miomiorun.com\/app\/uploads\/2021\/07\/asics-Lite-show-jkt-performance-141225-0904.jpg\",\"width\":600,\"height\":600,\"caption\":\"asics life show jkt performance\"},{\"@type\":\"BreadcrumbList\",\"@id\":\"https:\/\/www.miomiorun.com\/fr\/produit\/asics-lite-show-jkt-performance-femme\/#breadcrumb\",\"itemListElement\":[{\"@type\":\"ListItem\",\"position\":1,\"name\":\"Home\",\"item\":\"https:\/\/www.miomiorun.com\/fr\/home-page\/\"},{\"@type\":\"ListItem\",\"position\":2,\"name\":\"Shop\",\"item\":\"https:\/\/www.miomiorun.com\/shop\/\"},{\"@type\":\"ListItem\",\"position\":3,\"name\":\"Lite Show Jkt Performance femme\"}]},{\"@type\":\"WebSite\",\"@id\":\"https:\/\/www.miomiorun.com\/fr\/#website\",\"url\":\"https:\/\/www.miomiorun.com\/fr\/\",\"name\":\"MioMioRun\",\"description\":\"Boutique 100% running et trail\",\"publisher\":{\"@id\":\"https:\/\/www.miomiorun.com\/fr\/#organization\"},\"potentialAction\":[{\"@type\":\"SearchAction\",\"target\":{\"@type\":\"EntryPoint\",\"urlTemplate\":\"https:\/\/www.miomiorun.com\/fr\/?s={search_term_string}\"},\"query-input\":{\"@type\":\"PropertyValueSpecification\",\"valueRequired\":true,\"valueName\":\"search_term_string\"}}],\"inLanguage\":\"fr-FR\"},{\"@type\":\"Organization\",\"@id\":\"https:\/\/www.miomiorun.com\/fr\/#organization\",\"name\":\"MioMio Run\",\"url\":\"https:\/\/www.miomiorun.com\/fr\/\",\"logo\":{\"@type\":\"ImageObject\",\"inLanguage\":\"fr-FR\",\"@id\":\"https:\/\/www.miomiorun.com\/fr\/#\/schema\/logo\/image\/\",\"url\":\"https:\/\/www.miomiorun.com\/app\/uploads\/2019\/12\/logomio.png\",\"contentUrl\":\"https:\/\/www.miomiorun.com\/app\/uploads\/2019\/12\/logomio.png\",\"width\":115,\"height\":82,\"caption\":\"MioMio Run\"},\"image\":{\"@id\":\"https:\/\/www.miomiorun.com\/fr\/#\/schema\/logo\/image\/\"},\"sameAs\":[\"https:\/\/www.facebook.com\/miomiorun\/\",\"https:\/\/www.instagram.com\/miomiorun\/\"]}]}<\/script>\n<!-- \/ Yoast SEO plugin. -->","yoast_head_json":{"title":"Asics Lite Show Jkt Performance femme - Veste de course - MioMioRun","description":"Enfilez ce t-shirt de course \u00e0 manches longues extensible et doux pour femme Asics Lite Show \u00e0 col montant avec imprim\u00e9 ASICS Lite-Show.","robots":{"index":"index","follow":"follow","max-snippet":"max-snippet:-1","max-image-preview":"max-image-preview:large","max-video-preview":"max-video-preview:-1"},"canonical":"https:\/\/www.miomiorun.com\/fr\/produit\/asics-lite-show-jkt-performance-femme\/","og_locale":"fr_FR","og_type":"article","og_title":"Asics Lite Show Jkt Performance femme - Veste de course - MioMioRun","og_description":"Enfilez ce t-shirt de course \u00e0 manches longues extensible et doux pour femme Asics Lite Show \u00e0 col montant avec imprim\u00e9 ASICS Lite-Show.","og_url":"https:\/\/www.miomiorun.com\/fr\/produit\/asics-lite-show-jkt-performance-femme\/","og_site_name":"MioMioRun","article_publisher":"https:\/\/www.facebook.com\/miomiorun\/","article_modified_time":"2026-01-14T09:32:39+00:00","og_image":[{"width":600,"height":600,"url":"https:\/\/www.miomiorun.com\/app\/uploads\/2021\/07\/asics-Lite-show-jkt-performance-141225-0904.jpg","type":"image\/jpeg"}],"twitter_card":"summary_large_image","twitter_misc":{"Est. reading time":"1 minute"},"schema":{"@context":"https:\/\/schema.org","@graph":[{"@type":"WebPage","@id":"https:\/\/www.miomiorun.com\/fr\/produit\/asics-lite-show-jkt-performance-femme\/","url":"https:\/\/www.miomiorun.com\/fr\/produit\/asics-lite-show-jkt-performance-femme\/","name":"Asics Lite Show Jkt Performance femme - Veste de course - MioMioRun","isPartOf":{"@id":"https:\/\/www.miomiorun.com\/fr\/#website"},"primaryImageOfPage":{"@id":"https:\/\/www.miomiorun.com\/fr\/produit\/asics-lite-show-jkt-performance-femme\/#primaryimage"},"image":{"@id":"https:\/\/www.miomiorun.com\/fr\/produit\/asics-lite-show-jkt-performance-femme\/#primaryimage"},"thumbnailUrl":"https:\/\/www.miomiorun.com\/app\/uploads\/2021\/07\/asics-Lite-show-jkt-performance-141225-0904.jpg","datePublished":"2021-07-17T08:04:17+00:00","dateModified":"2026-01-14T09:32:39+00:00","description":"Enfilez ce t-shirt de course \u00e0 manches longues extensible et doux pour femme Asics Lite Show \u00e0 col montant avec imprim\u00e9 ASICS Lite-Show.","breadcrumb":{"@id":"https:\/\/www.miomiorun.com\/fr\/produit\/asics-lite-show-jkt-performance-femme\/#breadcrumb"},"inLanguage":"fr-FR","potentialAction":[{"@type":"ReadAction","target":["https:\/\/www.miomiorun.com\/fr\/produit\/asics-lite-show-jkt-performance-femme\/"]}]},{"@type":"ImageObject","inLanguage":"fr-FR","@id":"https:\/\/www.miomiorun.com\/fr\/produit\/asics-lite-show-jkt-performance-femme\/#primaryimage","url":"https:\/\/www.miomiorun.com\/app\/uploads\/2021\/07\/asics-Lite-show-jkt-performance-141225-0904.jpg","contentUrl":"https:\/\/www.miomiorun.com\/app\/uploads\/2021\/07\/asics-Lite-show-jkt-performance-141225-0904.jpg","width":600,"height":600,"caption":"asics life show jkt performance"},{"@type":"BreadcrumbList","@id":"https:\/\/www.miomiorun.com\/fr\/produit\/asics-lite-show-jkt-performance-femme\/#breadcrumb","itemListElement":[{"@type":"ListItem","position":1,"name":"Home","item":"https:\/\/www.miomiorun.com\/fr\/home-page\/"},{"@type":"ListItem","position":2,"name":"Shop","item":"https:\/\/www.miomiorun.com\/shop\/"},{"@type":"ListItem","position":3,"name":"Lite Show Jkt Performance femme"}]},{"@type":"WebSite","@id":"https:\/\/www.miomiorun.com\/fr\/#website","url":"https:\/\/www.miomiorun.com\/fr\/","name":"MioMioRun","description":"Boutique 100% running et trail","publisher":{"@id":"https:\/\/www.miomiorun.com\/fr\/#organization"},"potentialAction":[{"@type":"SearchAction","target":{"@type":"EntryPoint","urlTemplate":"https:\/\/www.miomiorun.com\/fr\/?s={search_term_string}"},"query-input":{"@type":"PropertyValueSpecification","valueRequired":true,"valueName":"search_term_string"}}],"inLanguage":"fr-FR"},{"@type":"Organization","@id":"https:\/\/www.miomiorun.com\/fr\/#organization","name":"MioMio Run","url":"https:\/\/www.miomiorun.com\/fr\/","logo":{"@type":"ImageObject","inLanguage":"fr-FR","@id":"https:\/\/www.miomiorun.com\/fr\/#\/schema\/logo\/image\/","url":"https:\/\/www.miomiorun.com\/app\/uploads\/2019\/12\/logomio.png","contentUrl":"https:\/\/www.miomiorun.com\/app\/uploads\/2019\/12\/logomio.png","width":115,"height":82,"caption":"MioMio Run"},"image":{"@id":"https:\/\/www.miomiorun.com\/fr\/#\/schema\/logo\/image\/"},"sameAs":["https:\/\/www.facebook.com\/miomiorun\/","https:\/\/www.instagram.com\/miomiorun\/"]}]}},"_links":{"self":[{"href":"https:\/\/www.miomiorun.com\/fr\/wp-json\/wp\/v2\/product\/277923","targetHints":{"allow":["GET"]}}],"collection":[{"href":"https:\/\/www.miomiorun.com\/fr\/wp-json\/wp\/v2\/product"}],"about":[{"href":"https:\/\/www.miomiorun.com\/fr\/wp-json\/wp\/v2\/types\/product"}],"wp:featuredmedia":[{"embeddable":true,"href":"https:\/\/www.miomiorun.com\/fr\/wp-json\/wp\/v2\/media\/232709"}],"wp:attachment":[{"href":"https:\/\/www.miomiorun.com\/fr\/wp-json\/wp\/v2\/media?parent=277923"}],"wp:term":[{"taxonomy":"product_brand","embeddable":true,"href":"https:\/\/www.miomiorun.com\/fr\/wp-json\/wp\/v2\/product_brand?post=277923"},{"taxonomy":"product_cat","embeddable":true,"href":"https:\/\/www.miomiorun.com\/fr\/wp-json\/wp\/v2\/product_cat?post=277923"},{"taxonomy":"product_tag","embeddable":true,"href":"https:\/\/www.miomiorun.com\/fr\/wp-json\/wp\/v2\/product_tag?post=277923"}],"curies":[{"name":"wp","href":"https:\/\/api.w.org\/{rel}","templated":true}]}}