{"id":277873,"date":"2021-04-28T12:20:29","date_gmt":"2021-04-28T10:20:29","guid":{"rendered":"https:\/\/miomiorun.com\/prodotto\/bliz-matrix-small-nano-optics-nordic-light\/"},"modified":"2026-05-08T20:58:40","modified_gmt":"2026-05-08T18:58:40","slug":"bliz-matrix-small-nano-optics-nordic-light","status":"publish","type":"product","link":"https:\/\/www.miomiorun.com\/fr\/produit\/bliz-matrix-small-nano-optics-nordic-light\/","title":{"rendered":"Matrix small nano optics Nordic Light"},"content":{"rendered":"<p><div class=\"vc-row container\"><div class=\"vc-column\"><div class=\"vc-column-text\">Lib\u00e9rez vos pouvoirs int\u00e9rieurs avec Matrix Small. Ce mod\u00e8le est con\u00e7u pour les visages plus petits et est parfait pour le cyclisme, le ski de fond et d&#8217;autres sports polyvalents. Un large champ de vision cylindrique et une ventilation intelligente offrent la meilleure vision possible.<\/p>\n<p>Matrix Small Nano Optics Nordic Light est un verre de haute technologie qui am\u00e9liore consid\u00e9rablement le contraste dans des conditions de faible luminosit\u00e9 (lumi\u00e8re plate). La lentille pr\u00e9sente une distorsion minimale et des propri\u00e9t\u00e9s antibu\u00e9e int\u00e9gr\u00e9es. De nombreuses possibilit\u00e9s de r\u00e9glage vous assurent un confort de premier ordre. Matrix Small Nano Optics Nordic Light est une paire de lunettes confortable qui vous permet de donner le meilleur de vous-m\u00eame, m\u00eame lorsque les conditions de luminosit\u00e9 ne vous le permettent pas !<\/p>\n<h2>Propri\u00e9t\u00e9s g\u00e9n\u00e9rales<\/h2>\n<p>Matrix Small est le mod\u00e8le o\u00f9 la performance et l&#8217;attitude se disputent le premier prix. Il s&#8217;agit d&#8217;un mod\u00e8le unisexe con\u00e7u pour les petits visages. Avec la Matrix Small, vous pouvez relever tous les d\u00e9fis en toute s\u00e9curit\u00e9. Ajustez les lunettes pour trouver l&#8217;ajustement parfait et comptez sur les propri\u00e9t\u00e9s fantastiques et la ventilation du verre. Matrix Small Nano Optics Nordic Light vous offre plusieurs choses : un confort exceptionnel, une vision fantastique m\u00eame dans des conditions de faible luminosit\u00e9, une distorsion minimale et des propri\u00e9t\u00e9s antibu\u00e9e de classe mondiale.<\/p>\n<h2>Propri\u00e9t\u00e9s de l&#8217;oculaire.<\/h2>\n<p>La Matrix Small Nano Optics Nordic Light est \u00e9quip\u00e9e d&#8217;une lentille Nordic Light\u2122. Cette lentille de haute technologie est compos\u00e9e de X-PC, qui am\u00e9liore consid\u00e9rablement le contraste et les couleurs, offrant une vision claire et nette dans des conditions de faible luminosit\u00e9 telles que la lumi\u00e8re plate. La lentille filtre les couleurs floues entre les longueurs d&#8217;onde du bleu et du vert et du vert et du rouge. Ces parties du spectre des couleurs sont bloqu\u00e9es par la lentille Nordic Light, ce qui permet d&#8217;obtenir une acuit\u00e9 visuelle nettement plus nette et un meilleur contraste, m\u00eame dans les conditions m\u00e9t\u00e9orologiques les plus difficiles. La lentille X.PC offre une protection UV totale, une distorsion minimale et des propri\u00e9t\u00e9s anti-bu\u00e9e, anti-rayures et hydrophobes int\u00e9gr\u00e9es.<\/p>\n<h2>Mat\u00e9riaux<\/h2>\n<p>La Matrix Small est fabriqu\u00e9e en Grilamid TR90. Il s&#8217;agit d&#8217;un mat\u00e9riau l\u00e9ger et performant &#8211; Matrix Small ne p\u00e8se que 34 grammes &#8211; d&#8217;une flexibilit\u00e9 imbattable. Gr\u00e2ce \u00e0 ce mat\u00e9riau de haute technologie, les lunettes sont aussi confortables sous une chaleur torride que dans un froid glacial.<\/p>\n<h2>Possibilit\u00e9s de r\u00e9glage<\/h2>\n<p>Avec Matrix Small, vous \u00eates toujours pr\u00eat \u00e0 relever le prochain d\u00e9fi. Ajustez les extr\u00e9mit\u00e9s des branches pour un confort optimal et maintenez les lunettes en place \u00e0 l&#8217;aide d&#8217;une plaquette nasale r\u00e9glable. Les lentilles peuvent \u00eatre facilement chang\u00e9es si n\u00e9cessaire. D&#8217;autres cat\u00e9gories de filtres et de couleurs de lentilles haute performance peuvent \u00eatre achet\u00e9es s\u00e9par\u00e9ment.<\/div><\/div><\/div><div class=\"vc-row container\"><div class=\"vc-column\"><div class=\"vc-column-text\"><\/p>\n<div class=\"col-20 col-m-33 col-s-100\">\n<div class=\"tech-item\">\n<p><img decoding=\"async\" class=\"lazyloaded\" src=\"https:\/\/www.bliz.com\/media\/2250\/adjustable-nosepad.png\" data-src=\"https:\/\/www.bliz.com\/media\/2250\/adjustable-nosepad.png\" \/><\/p>\n<h6>Coussinet nasal r\u00e9glable<\/h6>\n<p>La plaquette nasale est r\u00e9glable pour un ajustement plus confortable et optimal autour du nez.<\/p>\n<\/div>\n<\/div>\n<p><\/div><\/div><div class=\"vc-column\"><div class=\"vc-column-text\"><\/p>\n<div class=\"col-20 col-m-33 col-s-100\">\n<div class=\"tech-item\">\n<p><img decoding=\"async\" class=\"lazyloaded\" src=\"https:\/\/www.bliz.com\/media\/2251\/ce-standard.png\" data-src=\"https:\/\/www.bliz.com\/media\/2251\/ce-standard.png\" \/><\/p>\n<h6>Norme CE<\/h6>\n<p>Tous les produits Bliz Active sont marqu\u00e9s CE, ce qui signifie que nous respectons les exigences de base en mati\u00e8re de sant\u00e9 et de s\u00e9curit\u00e9 qui figurent dans les directives de l&#8217;UE relatives \u00e0 ce groupe de produits.<\/p>\n<\/div>\n<\/div>\n<p><\/div><\/div><div class=\"vc-column\"><div class=\"vc-column-text\"><\/p>\n<h3><img decoding=\"async\" class=\"lazyloaded\" src=\"https:\/\/www.bliz.com\/media\/12671\/nordiclight-lenstech.png\" data-src=\"https:\/\/www.bliz.com\/media\/12671\/nordiclight-lenstech.png\" \/><\/h3>\n<h3>Nano Optique \u2122 Nordic Light<\/h3>\n<p>CONTRASTE EXTR\u00caME \/ DISTORTION MINIMALE \/ NANO ANTI-BU\u00c9E \/ NORDIC LIGHT \u2122 est une lentille unique de haute technologie qui am\u00e9liore consid\u00e9rablement les contrastes et les couleurs, offrant une vision claire et nette dans des conditions de faible et de faible luminosit\u00e9.<\/div><\/div><div class=\"vc-column\"><div class=\"vc-column-text\"><\/p>\n<div class=\"col-20 col-m-33 col-s-100\">\n<div class=\"tech-item\">\n<p><img decoding=\"async\" class=\"lazyloaded\" src=\"https:\/\/www.bliz.com\/media\/2249\/100-uv.png\" data-src=\"https:\/\/www.bliz.com\/media\/2249\/100-uv.png\" \/><\/p>\n<h6>100 % de protection contre les UV<\/h6>\n<p>Les lunettes Bliz Active prot\u00e8gent efficacement vos yeux des rayons UVA et UVB nocifs.<\/p>\n<\/div>\n<\/div>\n<p><\/div><\/div><div class=\"vc-column\"><div class=\"vc-column-text\"><\/p>\n<div class=\"col-20 col-m-33 col-s-100\">\n<div class=\"tech-item\">\n<p><img decoding=\"async\" class=\"lazyloaded\" src=\"https:\/\/www.bliz.com\/media\/2243\/unbreakable-xpc-lens.png\" data-src=\"https:\/\/www.bliz.com\/media\/2243\/unbreakable-xpc-lens.png\" \/><\/p>\n<h6>Lentille en polycarbonate incassable<\/h6>\n<p>Les verres sont fabriqu\u00e9s en polycarbonate incassable, qui est 10 fois plus r\u00e9sistant aux chocs que les verres en plastique ou en verre et offre le plus haut degr\u00e9 de protection.<\/p>\n<\/div>\n<\/div>\n<p><\/div><\/div><div class=\"vc-column\"><div class=\"vc-column-text\"><\/p>\n<div class=\"col-20 col-m-33 col-s-100\">\n<div class=\"tech-item\">\n<p><img decoding=\"async\" class=\"lazyloaded\" src=\"https:\/\/www.bliz.com\/media\/2235\/rubber-wire-core.png\" data-src=\"https:\/\/www.bliz.com\/media\/2235\/rubber-wire-core.png\" \/><\/p>\n<h6>Branches \u00e0 fil en caoutchouc<\/h6>\n<p>Les branches \u00e0 filetage en caoutchouc permettent d&#8217;ajuster les lunettes pour qu&#8217;elles s&#8217;ajustent parfaitement \u00e0 la t\u00eate.<\/p>\n<\/div>\n<\/div>\n<p><\/div><\/div><\/div><\/p>\n","protected":false},"excerpt":{"rendered":"","protected":false},"featured_media":231929,"template":"","meta":{"_acf_changed":false,"inline_featured_image":false},"product_brand":[],"product_cat":[22577,22538],"product_tag":[23461],"class_list":{"0":"post-277873","1":"product","2":"type-product","3":"status-publish","4":"has-post-thumbnail","6":"product_cat-lunettes","7":"product_cat-accessoires","8":"product_tag-bliz-fr","9":"pa_attivita-marcher","10":"pa_attivita-outdoor-fr","11":"pa_attivita-running-fr","12":"pa_attivita-trail-fr","13":"pa_colore-matrix-small-nano-optics-nordic-light-52107-13n-fr","14":"pa_marca-bliz-fr","15":"pa_sesso-femme","16":"pa_sesso-homme","18":"first","19":"instock","20":"sale","21":"taxable","22":"shipping-taxable","23":"purchasable","24":"product-type-variable","25":"wvs-archive-product-wrapper"},"acf":[],"yoast_head":"<!-- This site is optimized with the Yoast SEO plugin v26.8 - https:\/\/yoast.com\/product\/yoast-seo-wordpress\/ -->\n<title>Bliz Matrix small nano optics Nordic Light - Lunettes de course - MioMioRun<\/title>\n<meta name=\"description\" content=\"Mod\u00e8le con\u00e7u pour les petits visages. Un large champ de vision cylindrique et une ventilation intelligente assurent la meilleure vision possible.\" \/>\n<meta name=\"robots\" content=\"index, follow, max-snippet:-1, max-image-preview:large, max-video-preview:-1\" \/>\n<link rel=\"canonical\" href=\"https:\/\/www.miomiorun.com\/fr\/produit\/bliz-matrix-small-nano-optics-nordic-light\/\" \/>\n<meta property=\"og:locale\" content=\"fr_FR\" \/>\n<meta property=\"og:type\" content=\"article\" \/>\n<meta property=\"og:title\" content=\"Bliz Matrix small nano optics Nordic Light - Lunettes de course - MioMioRun\" \/>\n<meta property=\"og:description\" content=\"Mod\u00e8le con\u00e7u pour les petits visages. Un large champ de vision cylindrique et une ventilation intelligente assurent la meilleure vision possible.\" \/>\n<meta property=\"og:url\" content=\"https:\/\/www.miomiorun.com\/fr\/produit\/bliz-matrix-small-nano-optics-nordic-light\/\" \/>\n<meta property=\"og:site_name\" content=\"MioMioRun\" \/>\n<meta property=\"article:publisher\" content=\"https:\/\/www.facebook.com\/miomiorun\/\" \/>\n<meta property=\"article:modified_time\" content=\"2026-05-08T18:58:40+00:00\" \/>\n<meta property=\"og:image\" content=\"https:\/\/www.miomiorun.com\/app\/uploads\/2021\/04\/bliz-Matrix-small-nano-optics-Nordic-Light-52107-13N.jpg\" \/>\n\t<meta property=\"og:image:width\" content=\"600\" \/>\n\t<meta property=\"og:image:height\" content=\"600\" \/>\n\t<meta property=\"og:image:type\" content=\"image\/jpeg\" \/>\n<meta name=\"twitter:card\" content=\"summary_large_image\" \/>\n<meta name=\"twitter:label1\" content=\"Est. reading time\" \/>\n\t<meta name=\"twitter:data1\" content=\"4 minutes\" \/>\n<script type=\"application\/ld+json\" class=\"yoast-schema-graph\">{\"@context\":\"https:\/\/schema.org\",\"@graph\":[{\"@type\":\"WebPage\",\"@id\":\"https:\/\/www.miomiorun.com\/fr\/produit\/bliz-matrix-small-nano-optics-nordic-light\/\",\"url\":\"https:\/\/www.miomiorun.com\/fr\/produit\/bliz-matrix-small-nano-optics-nordic-light\/\",\"name\":\"Bliz Matrix small nano optics Nordic Light - Lunettes de course - MioMioRun\",\"isPartOf\":{\"@id\":\"https:\/\/www.miomiorun.com\/fr\/#website\"},\"primaryImageOfPage\":{\"@id\":\"https:\/\/www.miomiorun.com\/fr\/produit\/bliz-matrix-small-nano-optics-nordic-light\/#primaryimage\"},\"image\":{\"@id\":\"https:\/\/www.miomiorun.com\/fr\/produit\/bliz-matrix-small-nano-optics-nordic-light\/#primaryimage\"},\"thumbnailUrl\":\"https:\/\/www.miomiorun.com\/app\/uploads\/2021\/04\/bliz-Matrix-small-nano-optics-Nordic-Light-52107-13N.jpg\",\"datePublished\":\"2021-04-28T10:20:29+00:00\",\"dateModified\":\"2026-05-08T18:58:40+00:00\",\"description\":\"Mod\u00e8le con\u00e7u pour les petits visages. Un large champ de vision cylindrique et une ventilation intelligente assurent la meilleure vision possible.\",\"breadcrumb\":{\"@id\":\"https:\/\/www.miomiorun.com\/fr\/produit\/bliz-matrix-small-nano-optics-nordic-light\/#breadcrumb\"},\"inLanguage\":\"fr-FR\",\"potentialAction\":[{\"@type\":\"ReadAction\",\"target\":[\"https:\/\/www.miomiorun.com\/fr\/produit\/bliz-matrix-small-nano-optics-nordic-light\/\"]}]},{\"@type\":\"ImageObject\",\"inLanguage\":\"fr-FR\",\"@id\":\"https:\/\/www.miomiorun.com\/fr\/produit\/bliz-matrix-small-nano-optics-nordic-light\/#primaryimage\",\"url\":\"https:\/\/www.miomiorun.com\/app\/uploads\/2021\/04\/bliz-Matrix-small-nano-optics-Nordic-Light-52107-13N.jpg\",\"contentUrl\":\"https:\/\/www.miomiorun.com\/app\/uploads\/2021\/04\/bliz-Matrix-small-nano-optics-Nordic-Light-52107-13N.jpg\",\"width\":600,\"height\":600,\"caption\":\"bliz matrix nano optics nordic light\"},{\"@type\":\"BreadcrumbList\",\"@id\":\"https:\/\/www.miomiorun.com\/fr\/produit\/bliz-matrix-small-nano-optics-nordic-light\/#breadcrumb\",\"itemListElement\":[{\"@type\":\"ListItem\",\"position\":1,\"name\":\"Home\",\"item\":\"https:\/\/www.miomiorun.com\/fr\/home-page\/\"},{\"@type\":\"ListItem\",\"position\":2,\"name\":\"Shop\",\"item\":\"https:\/\/www.miomiorun.com\/shop\/\"},{\"@type\":\"ListItem\",\"position\":3,\"name\":\"Matrix small nano optics Nordic Light\"}]},{\"@type\":\"WebSite\",\"@id\":\"https:\/\/www.miomiorun.com\/fr\/#website\",\"url\":\"https:\/\/www.miomiorun.com\/fr\/\",\"name\":\"MioMioRun\",\"description\":\"Boutique 100% running et trail\",\"publisher\":{\"@id\":\"https:\/\/www.miomiorun.com\/fr\/#organization\"},\"potentialAction\":[{\"@type\":\"SearchAction\",\"target\":{\"@type\":\"EntryPoint\",\"urlTemplate\":\"https:\/\/www.miomiorun.com\/fr\/?s={search_term_string}\"},\"query-input\":{\"@type\":\"PropertyValueSpecification\",\"valueRequired\":true,\"valueName\":\"search_term_string\"}}],\"inLanguage\":\"fr-FR\"},{\"@type\":\"Organization\",\"@id\":\"https:\/\/www.miomiorun.com\/fr\/#organization\",\"name\":\"MioMio Run\",\"url\":\"https:\/\/www.miomiorun.com\/fr\/\",\"logo\":{\"@type\":\"ImageObject\",\"inLanguage\":\"fr-FR\",\"@id\":\"https:\/\/www.miomiorun.com\/fr\/#\/schema\/logo\/image\/\",\"url\":\"https:\/\/www.miomiorun.com\/app\/uploads\/2019\/12\/logomio.png\",\"contentUrl\":\"https:\/\/www.miomiorun.com\/app\/uploads\/2019\/12\/logomio.png\",\"width\":115,\"height\":82,\"caption\":\"MioMio Run\"},\"image\":{\"@id\":\"https:\/\/www.miomiorun.com\/fr\/#\/schema\/logo\/image\/\"},\"sameAs\":[\"https:\/\/www.facebook.com\/miomiorun\/\",\"https:\/\/www.instagram.com\/miomiorun\/\"]}]}<\/script>\n<!-- \/ Yoast SEO plugin. -->","yoast_head_json":{"title":"Bliz Matrix small nano optics Nordic Light - Lunettes de course - MioMioRun","description":"Mod\u00e8le con\u00e7u pour les petits visages. Un large champ de vision cylindrique et une ventilation intelligente assurent la meilleure vision possible.","robots":{"index":"index","follow":"follow","max-snippet":"max-snippet:-1","max-image-preview":"max-image-preview:large","max-video-preview":"max-video-preview:-1"},"canonical":"https:\/\/www.miomiorun.com\/fr\/produit\/bliz-matrix-small-nano-optics-nordic-light\/","og_locale":"fr_FR","og_type":"article","og_title":"Bliz Matrix small nano optics Nordic Light - Lunettes de course - MioMioRun","og_description":"Mod\u00e8le con\u00e7u pour les petits visages. Un large champ de vision cylindrique et une ventilation intelligente assurent la meilleure vision possible.","og_url":"https:\/\/www.miomiorun.com\/fr\/produit\/bliz-matrix-small-nano-optics-nordic-light\/","og_site_name":"MioMioRun","article_publisher":"https:\/\/www.facebook.com\/miomiorun\/","article_modified_time":"2026-05-08T18:58:40+00:00","og_image":[{"width":600,"height":600,"url":"https:\/\/www.miomiorun.com\/app\/uploads\/2021\/04\/bliz-Matrix-small-nano-optics-Nordic-Light-52107-13N.jpg","type":"image\/jpeg"}],"twitter_card":"summary_large_image","twitter_misc":{"Est. reading time":"4 minutes"},"schema":{"@context":"https:\/\/schema.org","@graph":[{"@type":"WebPage","@id":"https:\/\/www.miomiorun.com\/fr\/produit\/bliz-matrix-small-nano-optics-nordic-light\/","url":"https:\/\/www.miomiorun.com\/fr\/produit\/bliz-matrix-small-nano-optics-nordic-light\/","name":"Bliz Matrix small nano optics Nordic Light - Lunettes de course - MioMioRun","isPartOf":{"@id":"https:\/\/www.miomiorun.com\/fr\/#website"},"primaryImageOfPage":{"@id":"https:\/\/www.miomiorun.com\/fr\/produit\/bliz-matrix-small-nano-optics-nordic-light\/#primaryimage"},"image":{"@id":"https:\/\/www.miomiorun.com\/fr\/produit\/bliz-matrix-small-nano-optics-nordic-light\/#primaryimage"},"thumbnailUrl":"https:\/\/www.miomiorun.com\/app\/uploads\/2021\/04\/bliz-Matrix-small-nano-optics-Nordic-Light-52107-13N.jpg","datePublished":"2021-04-28T10:20:29+00:00","dateModified":"2026-05-08T18:58:40+00:00","description":"Mod\u00e8le con\u00e7u pour les petits visages. Un large champ de vision cylindrique et une ventilation intelligente assurent la meilleure vision possible.","breadcrumb":{"@id":"https:\/\/www.miomiorun.com\/fr\/produit\/bliz-matrix-small-nano-optics-nordic-light\/#breadcrumb"},"inLanguage":"fr-FR","potentialAction":[{"@type":"ReadAction","target":["https:\/\/www.miomiorun.com\/fr\/produit\/bliz-matrix-small-nano-optics-nordic-light\/"]}]},{"@type":"ImageObject","inLanguage":"fr-FR","@id":"https:\/\/www.miomiorun.com\/fr\/produit\/bliz-matrix-small-nano-optics-nordic-light\/#primaryimage","url":"https:\/\/www.miomiorun.com\/app\/uploads\/2021\/04\/bliz-Matrix-small-nano-optics-Nordic-Light-52107-13N.jpg","contentUrl":"https:\/\/www.miomiorun.com\/app\/uploads\/2021\/04\/bliz-Matrix-small-nano-optics-Nordic-Light-52107-13N.jpg","width":600,"height":600,"caption":"bliz matrix nano optics nordic light"},{"@type":"BreadcrumbList","@id":"https:\/\/www.miomiorun.com\/fr\/produit\/bliz-matrix-small-nano-optics-nordic-light\/#breadcrumb","itemListElement":[{"@type":"ListItem","position":1,"name":"Home","item":"https:\/\/www.miomiorun.com\/fr\/home-page\/"},{"@type":"ListItem","position":2,"name":"Shop","item":"https:\/\/www.miomiorun.com\/shop\/"},{"@type":"ListItem","position":3,"name":"Matrix small nano optics Nordic Light"}]},{"@type":"WebSite","@id":"https:\/\/www.miomiorun.com\/fr\/#website","url":"https:\/\/www.miomiorun.com\/fr\/","name":"MioMioRun","description":"Boutique 100% running et trail","publisher":{"@id":"https:\/\/www.miomiorun.com\/fr\/#organization"},"potentialAction":[{"@type":"SearchAction","target":{"@type":"EntryPoint","urlTemplate":"https:\/\/www.miomiorun.com\/fr\/?s={search_term_string}"},"query-input":{"@type":"PropertyValueSpecification","valueRequired":true,"valueName":"search_term_string"}}],"inLanguage":"fr-FR"},{"@type":"Organization","@id":"https:\/\/www.miomiorun.com\/fr\/#organization","name":"MioMio Run","url":"https:\/\/www.miomiorun.com\/fr\/","logo":{"@type":"ImageObject","inLanguage":"fr-FR","@id":"https:\/\/www.miomiorun.com\/fr\/#\/schema\/logo\/image\/","url":"https:\/\/www.miomiorun.com\/app\/uploads\/2019\/12\/logomio.png","contentUrl":"https:\/\/www.miomiorun.com\/app\/uploads\/2019\/12\/logomio.png","width":115,"height":82,"caption":"MioMio Run"},"image":{"@id":"https:\/\/www.miomiorun.com\/fr\/#\/schema\/logo\/image\/"},"sameAs":["https:\/\/www.facebook.com\/miomiorun\/","https:\/\/www.instagram.com\/miomiorun\/"]}]}},"_links":{"self":[{"href":"https:\/\/www.miomiorun.com\/fr\/wp-json\/wp\/v2\/product\/277873","targetHints":{"allow":["GET"]}}],"collection":[{"href":"https:\/\/www.miomiorun.com\/fr\/wp-json\/wp\/v2\/product"}],"about":[{"href":"https:\/\/www.miomiorun.com\/fr\/wp-json\/wp\/v2\/types\/product"}],"wp:featuredmedia":[{"embeddable":true,"href":"https:\/\/www.miomiorun.com\/fr\/wp-json\/wp\/v2\/media\/231929"}],"wp:attachment":[{"href":"https:\/\/www.miomiorun.com\/fr\/wp-json\/wp\/v2\/media?parent=277873"}],"wp:term":[{"taxonomy":"product_brand","embeddable":true,"href":"https:\/\/www.miomiorun.com\/fr\/wp-json\/wp\/v2\/product_brand?post=277873"},{"taxonomy":"product_cat","embeddable":true,"href":"https:\/\/www.miomiorun.com\/fr\/wp-json\/wp\/v2\/product_cat?post=277873"},{"taxonomy":"product_tag","embeddable":true,"href":"https:\/\/www.miomiorun.com\/fr\/wp-json\/wp\/v2\/product_tag?post=277873"}],"curies":[{"name":"wp","href":"https:\/\/api.w.org\/{rel}","templated":true}]}}