{"id":277837,"date":"2021-04-28T19:02:45","date_gmt":"2021-04-28T17:02:45","guid":{"rendered":"https:\/\/miomiorun.com\/prodotto\/craft-greatness-boxer-3-inch-uomo\/"},"modified":"2025-05-08T19:32:26","modified_gmt":"2025-05-08T17:32:26","slug":"craft-greatness-boxer-3-inch-homme","status":"publish","type":"product","link":"https:\/\/www.miomiorun.com\/fr\/produit\/craft-greatness-boxer-3-inch-homme\/","title":{"rendered":"Greatness Boxer 3-Inch homme"},"content":{"rendered":"<p>Cale\u00e7on fonctionnel con\u00e7u pour tous les types d&#8217;entra\u00eenement.<\/p>\n<p>Le 3-inch Greatness Boxer shorts est fabriqu\u00e9 dans un tissu hautement fonctionnel qui vous garde au frais et au sec pendant les entra\u00eenements intenses dans des conditions chaudes. La conception ergonomique en 3D offre un ajustement parfait et une libert\u00e9 de mouvement optimale. En portant des sous-v\u00eatements fonctionnels (au lieu du coton) plus pr\u00e8s de votre peau, vous aidez \u00e0 r\u00e9guler votre temp\u00e9rature corporelle et augmentez ainsi vos chances de r\u00e9aliser des performances optimales.<\/p>\n<p>&#8211; Transport efficace de l&#8217;humidit\u00e9<br \/>\n&#8211; Tissus fins et l\u00e9gers<br \/>\n&#8211; Coupe ergonomique<br \/>\n&#8211; Entrejambe 3 pouces<\/p>\n<p>&nbsp;<\/p>\n<h4>Tissu<\/h4>\n<p>88% polyester 12% \u00e9lasthanne<\/p>\n<p>&nbsp;<\/p>\n","protected":false},"excerpt":{"rendered":"<p>Cale\u00e7on fonctionnel con\u00e7u pour tous les types d&#8217;entra\u00eenement. Le 3-inch Greatness Boxer shorts est fabriqu\u00e9 dans un tissu hautement fonctionnel qui vous garde au frais et au sec pendant les entra\u00eenements intenses dans des conditions chaudes. La conception ergonomique en 3D offre un ajustement parfait et une libert\u00e9 de mouvement optimale. En portant des sous-v\u00eatements &hellip; <a href=\"https:\/\/www.miomiorun.com\/fr\/produit\/craft-greatness-boxer-3-inch-homme\/\">Continued<\/a><\/p>\n","protected":false},"featured_media":231957,"template":"","meta":{"_acf_changed":false,"inline_featured_image":false},"product_brand":[],"product_cat":[24479,24482,24484],"product_tag":[23554,23647],"class_list":{"0":"post-277837","1":"product","2":"type-product","3":"status-publish","4":"has-post-thumbnail","6":"product_cat-sous-vetements-fr-2","7":"product_cat-vetements-pour-hommes-fr","8":"product_cat-homme","9":"product_tag-craft-fr","10":"product_tag-craft-homme","11":"pa_attivita-fitness-fr","12":"pa_attivita-lifestyle-fr","13":"pa_attivita-marcher","14":"pa_attivita-outdoor-fr","15":"pa_attivita-running-fr","16":"pa_attivita-trail-fr","17":"pa_marca-craft-fr","18":"pa_sesso-homme","19":"pa_size-extra-large-fr","21":"first","22":"instock","23":"sale","24":"taxable","25":"shipping-taxable","26":"purchasable","27":"product-type-variable","28":"wvs-archive-product-wrapper"},"acf":[],"yoast_head":"<!-- This site is optimized with the Yoast SEO plugin v26.8 - https:\/\/yoast.com\/product\/yoast-seo-wordpress\/ -->\n<title>Craft Greatness Boxer 3-Inch homme - Sous-v\u00eatements thermiques - MioMioRun<\/title>\n<meta name=\"description\" content=\"Le cale\u00e7on Greatness 3-inch est fabriqu\u00e9 dans un tissu hautement fonctionnel qui vous garde au frais et au sec pendant les s\u00e9ances d&#039;entra\u00eenement.\" \/>\n<meta name=\"robots\" content=\"index, follow, max-snippet:-1, max-image-preview:large, max-video-preview:-1\" \/>\n<link rel=\"canonical\" href=\"https:\/\/www.miomiorun.com\/fr\/produit\/craft-greatness-boxer-3-inch-homme\/\" \/>\n<meta property=\"og:locale\" content=\"fr_FR\" \/>\n<meta property=\"og:type\" content=\"article\" \/>\n<meta property=\"og:title\" content=\"Craft Greatness Boxer 3-Inch homme - Sous-v\u00eatements thermiques - MioMioRun\" \/>\n<meta property=\"og:description\" content=\"Le cale\u00e7on Greatness 3-inch est fabriqu\u00e9 dans un tissu hautement fonctionnel qui vous garde au frais et au sec pendant les s\u00e9ances d&#039;entra\u00eenement.\" \/>\n<meta property=\"og:url\" content=\"https:\/\/www.miomiorun.com\/fr\/produit\/craft-greatness-boxer-3-inch-homme\/\" \/>\n<meta property=\"og:site_name\" content=\"MioMioRun\" \/>\n<meta property=\"article:publisher\" content=\"https:\/\/www.facebook.com\/miomiorun\/\" \/>\n<meta property=\"article:modified_time\" content=\"2025-05-08T17:32:26+00:00\" \/>\n<meta property=\"og:image\" content=\"https:\/\/www.miomiorun.com\/app\/uploads\/2021\/04\/craft-Greatness-Boxer-3-inch-1905488-9900.jpg\" \/>\n\t<meta property=\"og:image:width\" content=\"600\" \/>\n\t<meta property=\"og:image:height\" content=\"600\" \/>\n\t<meta property=\"og:image:type\" content=\"image\/jpeg\" \/>\n<meta name=\"twitter:card\" content=\"summary_large_image\" \/>\n<meta name=\"twitter:label1\" content=\"Est. reading time\" \/>\n\t<meta name=\"twitter:data1\" content=\"1 minute\" \/>\n<script type=\"application\/ld+json\" class=\"yoast-schema-graph\">{\"@context\":\"https:\/\/schema.org\",\"@graph\":[{\"@type\":\"WebPage\",\"@id\":\"https:\/\/www.miomiorun.com\/fr\/produit\/craft-greatness-boxer-3-inch-homme\/\",\"url\":\"https:\/\/www.miomiorun.com\/fr\/produit\/craft-greatness-boxer-3-inch-homme\/\",\"name\":\"Craft Greatness Boxer 3-Inch homme - Sous-v\u00eatements thermiques - MioMioRun\",\"isPartOf\":{\"@id\":\"https:\/\/www.miomiorun.com\/fr\/#website\"},\"primaryImageOfPage\":{\"@id\":\"https:\/\/www.miomiorun.com\/fr\/produit\/craft-greatness-boxer-3-inch-homme\/#primaryimage\"},\"image\":{\"@id\":\"https:\/\/www.miomiorun.com\/fr\/produit\/craft-greatness-boxer-3-inch-homme\/#primaryimage\"},\"thumbnailUrl\":\"https:\/\/www.miomiorun.com\/app\/uploads\/2021\/04\/craft-Greatness-Boxer-3-inch-1905488-9900.jpg\",\"datePublished\":\"2021-04-28T17:02:45+00:00\",\"dateModified\":\"2025-05-08T17:32:26+00:00\",\"description\":\"Le cale\u00e7on Greatness 3-inch est fabriqu\u00e9 dans un tissu hautement fonctionnel qui vous garde au frais et au sec pendant les s\u00e9ances d'entra\u00eenement.\",\"breadcrumb\":{\"@id\":\"https:\/\/www.miomiorun.com\/fr\/produit\/craft-greatness-boxer-3-inch-homme\/#breadcrumb\"},\"inLanguage\":\"fr-FR\",\"potentialAction\":[{\"@type\":\"ReadAction\",\"target\":[\"https:\/\/www.miomiorun.com\/fr\/produit\/craft-greatness-boxer-3-inch-homme\/\"]}]},{\"@type\":\"ImageObject\",\"inLanguage\":\"fr-FR\",\"@id\":\"https:\/\/www.miomiorun.com\/fr\/produit\/craft-greatness-boxer-3-inch-homme\/#primaryimage\",\"url\":\"https:\/\/www.miomiorun.com\/app\/uploads\/2021\/04\/craft-Greatness-Boxer-3-inch-1905488-9900.jpg\",\"contentUrl\":\"https:\/\/www.miomiorun.com\/app\/uploads\/2021\/04\/craft-Greatness-Boxer-3-inch-1905488-9900.jpg\",\"width\":600,\"height\":600,\"caption\":\"craft greatness boxer 3 inch fronte\"},{\"@type\":\"BreadcrumbList\",\"@id\":\"https:\/\/www.miomiorun.com\/fr\/produit\/craft-greatness-boxer-3-inch-homme\/#breadcrumb\",\"itemListElement\":[{\"@type\":\"ListItem\",\"position\":1,\"name\":\"Home\",\"item\":\"https:\/\/www.miomiorun.com\/fr\/home-page\/\"},{\"@type\":\"ListItem\",\"position\":2,\"name\":\"Shop\",\"item\":\"https:\/\/www.miomiorun.com\/shop\/\"},{\"@type\":\"ListItem\",\"position\":3,\"name\":\"Greatness Boxer 3-Inch homme\"}]},{\"@type\":\"WebSite\",\"@id\":\"https:\/\/www.miomiorun.com\/fr\/#website\",\"url\":\"https:\/\/www.miomiorun.com\/fr\/\",\"name\":\"MioMioRun\",\"description\":\"Boutique 100% running et trail\",\"publisher\":{\"@id\":\"https:\/\/www.miomiorun.com\/fr\/#organization\"},\"potentialAction\":[{\"@type\":\"SearchAction\",\"target\":{\"@type\":\"EntryPoint\",\"urlTemplate\":\"https:\/\/www.miomiorun.com\/fr\/?s={search_term_string}\"},\"query-input\":{\"@type\":\"PropertyValueSpecification\",\"valueRequired\":true,\"valueName\":\"search_term_string\"}}],\"inLanguage\":\"fr-FR\"},{\"@type\":\"Organization\",\"@id\":\"https:\/\/www.miomiorun.com\/fr\/#organization\",\"name\":\"MioMio Run\",\"url\":\"https:\/\/www.miomiorun.com\/fr\/\",\"logo\":{\"@type\":\"ImageObject\",\"inLanguage\":\"fr-FR\",\"@id\":\"https:\/\/www.miomiorun.com\/fr\/#\/schema\/logo\/image\/\",\"url\":\"https:\/\/www.miomiorun.com\/app\/uploads\/2019\/12\/logomio.png\",\"contentUrl\":\"https:\/\/www.miomiorun.com\/app\/uploads\/2019\/12\/logomio.png\",\"width\":115,\"height\":82,\"caption\":\"MioMio Run\"},\"image\":{\"@id\":\"https:\/\/www.miomiorun.com\/fr\/#\/schema\/logo\/image\/\"},\"sameAs\":[\"https:\/\/www.facebook.com\/miomiorun\/\",\"https:\/\/www.instagram.com\/miomiorun\/\"]}]}<\/script>\n<!-- \/ Yoast SEO plugin. -->","yoast_head_json":{"title":"Craft Greatness Boxer 3-Inch homme - Sous-v\u00eatements thermiques - MioMioRun","description":"Le cale\u00e7on Greatness 3-inch est fabriqu\u00e9 dans un tissu hautement fonctionnel qui vous garde au frais et au sec pendant les s\u00e9ances d'entra\u00eenement.","robots":{"index":"index","follow":"follow","max-snippet":"max-snippet:-1","max-image-preview":"max-image-preview:large","max-video-preview":"max-video-preview:-1"},"canonical":"https:\/\/www.miomiorun.com\/fr\/produit\/craft-greatness-boxer-3-inch-homme\/","og_locale":"fr_FR","og_type":"article","og_title":"Craft Greatness Boxer 3-Inch homme - Sous-v\u00eatements thermiques - MioMioRun","og_description":"Le cale\u00e7on Greatness 3-inch est fabriqu\u00e9 dans un tissu hautement fonctionnel qui vous garde au frais et au sec pendant les s\u00e9ances d'entra\u00eenement.","og_url":"https:\/\/www.miomiorun.com\/fr\/produit\/craft-greatness-boxer-3-inch-homme\/","og_site_name":"MioMioRun","article_publisher":"https:\/\/www.facebook.com\/miomiorun\/","article_modified_time":"2025-05-08T17:32:26+00:00","og_image":[{"width":600,"height":600,"url":"https:\/\/www.miomiorun.com\/app\/uploads\/2021\/04\/craft-Greatness-Boxer-3-inch-1905488-9900.jpg","type":"image\/jpeg"}],"twitter_card":"summary_large_image","twitter_misc":{"Est. reading time":"1 minute"},"schema":{"@context":"https:\/\/schema.org","@graph":[{"@type":"WebPage","@id":"https:\/\/www.miomiorun.com\/fr\/produit\/craft-greatness-boxer-3-inch-homme\/","url":"https:\/\/www.miomiorun.com\/fr\/produit\/craft-greatness-boxer-3-inch-homme\/","name":"Craft Greatness Boxer 3-Inch homme - Sous-v\u00eatements thermiques - MioMioRun","isPartOf":{"@id":"https:\/\/www.miomiorun.com\/fr\/#website"},"primaryImageOfPage":{"@id":"https:\/\/www.miomiorun.com\/fr\/produit\/craft-greatness-boxer-3-inch-homme\/#primaryimage"},"image":{"@id":"https:\/\/www.miomiorun.com\/fr\/produit\/craft-greatness-boxer-3-inch-homme\/#primaryimage"},"thumbnailUrl":"https:\/\/www.miomiorun.com\/app\/uploads\/2021\/04\/craft-Greatness-Boxer-3-inch-1905488-9900.jpg","datePublished":"2021-04-28T17:02:45+00:00","dateModified":"2025-05-08T17:32:26+00:00","description":"Le cale\u00e7on Greatness 3-inch est fabriqu\u00e9 dans un tissu hautement fonctionnel qui vous garde au frais et au sec pendant les s\u00e9ances d'entra\u00eenement.","breadcrumb":{"@id":"https:\/\/www.miomiorun.com\/fr\/produit\/craft-greatness-boxer-3-inch-homme\/#breadcrumb"},"inLanguage":"fr-FR","potentialAction":[{"@type":"ReadAction","target":["https:\/\/www.miomiorun.com\/fr\/produit\/craft-greatness-boxer-3-inch-homme\/"]}]},{"@type":"ImageObject","inLanguage":"fr-FR","@id":"https:\/\/www.miomiorun.com\/fr\/produit\/craft-greatness-boxer-3-inch-homme\/#primaryimage","url":"https:\/\/www.miomiorun.com\/app\/uploads\/2021\/04\/craft-Greatness-Boxer-3-inch-1905488-9900.jpg","contentUrl":"https:\/\/www.miomiorun.com\/app\/uploads\/2021\/04\/craft-Greatness-Boxer-3-inch-1905488-9900.jpg","width":600,"height":600,"caption":"craft greatness boxer 3 inch fronte"},{"@type":"BreadcrumbList","@id":"https:\/\/www.miomiorun.com\/fr\/produit\/craft-greatness-boxer-3-inch-homme\/#breadcrumb","itemListElement":[{"@type":"ListItem","position":1,"name":"Home","item":"https:\/\/www.miomiorun.com\/fr\/home-page\/"},{"@type":"ListItem","position":2,"name":"Shop","item":"https:\/\/www.miomiorun.com\/shop\/"},{"@type":"ListItem","position":3,"name":"Greatness Boxer 3-Inch homme"}]},{"@type":"WebSite","@id":"https:\/\/www.miomiorun.com\/fr\/#website","url":"https:\/\/www.miomiorun.com\/fr\/","name":"MioMioRun","description":"Boutique 100% running et trail","publisher":{"@id":"https:\/\/www.miomiorun.com\/fr\/#organization"},"potentialAction":[{"@type":"SearchAction","target":{"@type":"EntryPoint","urlTemplate":"https:\/\/www.miomiorun.com\/fr\/?s={search_term_string}"},"query-input":{"@type":"PropertyValueSpecification","valueRequired":true,"valueName":"search_term_string"}}],"inLanguage":"fr-FR"},{"@type":"Organization","@id":"https:\/\/www.miomiorun.com\/fr\/#organization","name":"MioMio Run","url":"https:\/\/www.miomiorun.com\/fr\/","logo":{"@type":"ImageObject","inLanguage":"fr-FR","@id":"https:\/\/www.miomiorun.com\/fr\/#\/schema\/logo\/image\/","url":"https:\/\/www.miomiorun.com\/app\/uploads\/2019\/12\/logomio.png","contentUrl":"https:\/\/www.miomiorun.com\/app\/uploads\/2019\/12\/logomio.png","width":115,"height":82,"caption":"MioMio Run"},"image":{"@id":"https:\/\/www.miomiorun.com\/fr\/#\/schema\/logo\/image\/"},"sameAs":["https:\/\/www.facebook.com\/miomiorun\/","https:\/\/www.instagram.com\/miomiorun\/"]}]}},"_links":{"self":[{"href":"https:\/\/www.miomiorun.com\/fr\/wp-json\/wp\/v2\/product\/277837","targetHints":{"allow":["GET"]}}],"collection":[{"href":"https:\/\/www.miomiorun.com\/fr\/wp-json\/wp\/v2\/product"}],"about":[{"href":"https:\/\/www.miomiorun.com\/fr\/wp-json\/wp\/v2\/types\/product"}],"wp:featuredmedia":[{"embeddable":true,"href":"https:\/\/www.miomiorun.com\/fr\/wp-json\/wp\/v2\/media\/231957"}],"wp:attachment":[{"href":"https:\/\/www.miomiorun.com\/fr\/wp-json\/wp\/v2\/media?parent=277837"}],"wp:term":[{"taxonomy":"product_brand","embeddable":true,"href":"https:\/\/www.miomiorun.com\/fr\/wp-json\/wp\/v2\/product_brand?post=277837"},{"taxonomy":"product_cat","embeddable":true,"href":"https:\/\/www.miomiorun.com\/fr\/wp-json\/wp\/v2\/product_cat?post=277837"},{"taxonomy":"product_tag","embeddable":true,"href":"https:\/\/www.miomiorun.com\/fr\/wp-json\/wp\/v2\/product_tag?post=277837"}],"curies":[{"name":"wp","href":"https:\/\/api.w.org\/{rel}","templated":true}]}}