{"id":277772,"date":"2021-04-28T19:17:22","date_gmt":"2021-04-28T17:17:22","guid":{"rendered":"https:\/\/miomiorun.com\/prodotto\/craft-pro-hypervent-ss-tee-uomo\/"},"modified":"2025-12-03T18:41:15","modified_gmt":"2025-12-03T17:41:15","slug":"craft-pro-hypervent-ss-tee-homme","status":"publish","type":"product","link":"https:\/\/www.miomiorun.com\/fr\/produit\/craft-pro-hypervent-ss-tee-homme\/","title":{"rendered":"Pro Hypervent SS Tee homme"},"content":{"rendered":"<p>Le Pro Hypervent SS Tee est un t-shirt de course l\u00e9ger de niveau professionnel qui offre une ventilation et un refroidissement exceptionnels pour des performances optimales par temps chaud.<\/p>\n<p>Ce t-shirt de course techniquement avanc\u00e9 est fabriqu\u00e9 dans un tissu l\u00e9ger et hautement fonctionnel qui offre un transfert d&#8217;humidit\u00e9 et un refroidissement exceptionnels. De plus, les empi\u00e8cements en maille cartographi\u00e9s sur le corps offrent une meilleure respirabilit\u00e9, tandis que les coutures thermosoud\u00e9es minimisent les frottements.<\/p>\n<p>Hyper l\u00e9ger et hyper respirant<br \/>\nPro Hypervent est un concept de niveau professionnel hyper l\u00e9ger et hyper respirant qui am\u00e9liore les performances des coureurs exigeants. Les tissus fins, ultra-doux, exceptionnellement l\u00e9gers et respirants garantissent une fonctionnalit\u00e9, une ventilation et un confort sup\u00e9rieurs lors des courses \u00e0 grande vitesse et sur de longues distances par temps chaud.<\/p>\n<p>&#8211; Tissu l\u00e9ger et hautement fonctionnel<br \/>\n&#8211; Maille polyester bodymapped pour une ventilation optimale<br \/>\n&#8211; Coutures thermosoud\u00e9es pour \u00e9viter les frottements<br \/>\n&#8211; D\u00e9tails r\u00e9fl\u00e9chissants<\/p>\n<h2>Mat\u00e9riaux et lavage<\/h2>\n<p>90 % polyester 10 % \u00e9lasthanne<\/p>\n<p>Lavage en machine \u00e0 40 degr\u00e9s.<\/p>\n","protected":false},"excerpt":{"rendered":"<p><span style=\"font-weight: 400\">Maillot technique l\u00e9ger et respirant.<\/span><\/p>\n","protected":false},"featured_media":236999,"template":"","meta":{"_acf_changed":false,"inline_featured_image":false},"product_brand":[],"product_cat":[24449,24482,24484],"product_tag":[23554,23647],"class_list":{"0":"post-277772","1":"product","2":"type-product","3":"status-publish","4":"has-post-thumbnail","6":"product_cat-t-shirt-fr-3","7":"product_cat-vetements-pour-hommes-fr","8":"product_cat-homme","9":"product_tag-craft-fr","10":"product_tag-craft-homme","11":"pa_attivita-fitness-fr","12":"pa_attivita-marcher","13":"pa_attivita-running-fr","14":"pa_colore-pro-hypervent-ss-tee-granite-ash-fr-2","15":"pa_colore-pro-hypervent-ss-tee-moss-flex-fr","16":"pa_marca-craft-fr","17":"pa_sesso-homme","18":"pa_size-small-fr","19":"pa_size-medium-fr","21":"first","22":"instock","23":"sale","24":"taxable","25":"shipping-taxable","26":"purchasable","27":"product-type-variable","28":"wvs-archive-product-wrapper"},"acf":[],"yoast_head":"<!-- This site is optimized with the Yoast SEO plugin v26.8 - https:\/\/yoast.com\/product\/yoast-seo-wordpress\/ -->\n<title>Craft Pro Hypervent SS Tee homme - Maillot de course \u00e0 pied - MioMioRun.com<\/title>\n<meta name=\"description\" content=\"T-shirt de course techniquement avanc\u00e9, dans un tissu l\u00e9ger et hautement fonctionnel pour une meilleure respirabilit\u00e9.\" \/>\n<meta name=\"robots\" content=\"index, follow, max-snippet:-1, max-image-preview:large, max-video-preview:-1\" \/>\n<link rel=\"canonical\" href=\"https:\/\/www.miomiorun.com\/fr\/produit\/craft-pro-hypervent-ss-tee-homme\/\" \/>\n<meta property=\"og:locale\" content=\"fr_FR\" \/>\n<meta property=\"og:type\" content=\"article\" \/>\n<meta property=\"og:title\" content=\"Craft Pro Hypervent SS Tee homme - Maillot de course \u00e0 pied - MioMioRun.com\" \/>\n<meta property=\"og:description\" content=\"T-shirt de course techniquement avanc\u00e9, dans un tissu l\u00e9ger et hautement fonctionnel pour une meilleure respirabilit\u00e9.\" \/>\n<meta property=\"og:url\" content=\"https:\/\/www.miomiorun.com\/fr\/produit\/craft-pro-hypervent-ss-tee-homme\/\" \/>\n<meta property=\"og:site_name\" content=\"MioMioRun\" \/>\n<meta property=\"article:publisher\" content=\"https:\/\/www.facebook.com\/miomiorun\/\" \/>\n<meta property=\"article:modified_time\" content=\"2025-12-03T17:41:15+00:00\" \/>\n<meta property=\"og:image\" content=\"https:\/\/www.miomiorun.com\/app\/uploads\/2022\/06\/craft-pro-hypervent-ss-tee-granite-ash-1910415-985914.jpg\" \/>\n\t<meta property=\"og:image:width\" content=\"600\" \/>\n\t<meta property=\"og:image:height\" content=\"600\" \/>\n\t<meta property=\"og:image:type\" content=\"image\/jpeg\" \/>\n<meta name=\"twitter:card\" content=\"summary_large_image\" \/>\n<meta name=\"twitter:label1\" content=\"Est. reading time\" \/>\n\t<meta name=\"twitter:data1\" content=\"1 minute\" \/>\n<script type=\"application\/ld+json\" class=\"yoast-schema-graph\">{\"@context\":\"https:\/\/schema.org\",\"@graph\":[{\"@type\":\"WebPage\",\"@id\":\"https:\/\/www.miomiorun.com\/fr\/produit\/craft-pro-hypervent-ss-tee-homme\/\",\"url\":\"https:\/\/www.miomiorun.com\/fr\/produit\/craft-pro-hypervent-ss-tee-homme\/\",\"name\":\"Craft Pro Hypervent SS Tee homme - Maillot de course \u00e0 pied - MioMioRun.com\",\"isPartOf\":{\"@id\":\"https:\/\/www.miomiorun.com\/fr\/#website\"},\"primaryImageOfPage\":{\"@id\":\"https:\/\/www.miomiorun.com\/fr\/produit\/craft-pro-hypervent-ss-tee-homme\/#primaryimage\"},\"image\":{\"@id\":\"https:\/\/www.miomiorun.com\/fr\/produit\/craft-pro-hypervent-ss-tee-homme\/#primaryimage\"},\"thumbnailUrl\":\"https:\/\/www.miomiorun.com\/app\/uploads\/2022\/06\/craft-pro-hypervent-ss-tee-granite-ash-1910415-985914.jpg\",\"datePublished\":\"2021-04-28T17:17:22+00:00\",\"dateModified\":\"2025-12-03T17:41:15+00:00\",\"description\":\"T-shirt de course techniquement avanc\u00e9, dans un tissu l\u00e9ger et hautement fonctionnel pour une meilleure respirabilit\u00e9.\",\"breadcrumb\":{\"@id\":\"https:\/\/www.miomiorun.com\/fr\/produit\/craft-pro-hypervent-ss-tee-homme\/#breadcrumb\"},\"inLanguage\":\"fr-FR\",\"potentialAction\":[{\"@type\":\"ReadAction\",\"target\":[\"https:\/\/www.miomiorun.com\/fr\/produit\/craft-pro-hypervent-ss-tee-homme\/\"]}]},{\"@type\":\"ImageObject\",\"inLanguage\":\"fr-FR\",\"@id\":\"https:\/\/www.miomiorun.com\/fr\/produit\/craft-pro-hypervent-ss-tee-homme\/#primaryimage\",\"url\":\"https:\/\/www.miomiorun.com\/app\/uploads\/2022\/06\/craft-pro-hypervent-ss-tee-granite-ash-1910415-985914.jpg\",\"contentUrl\":\"https:\/\/www.miomiorun.com\/app\/uploads\/2022\/06\/craft-pro-hypervent-ss-tee-granite-ash-1910415-985914.jpg\",\"width\":600,\"height\":600,\"caption\":\"craft-pro-hypervent-ss-tee-granite-ash-1910415-985914\"},{\"@type\":\"BreadcrumbList\",\"@id\":\"https:\/\/www.miomiorun.com\/fr\/produit\/craft-pro-hypervent-ss-tee-homme\/#breadcrumb\",\"itemListElement\":[{\"@type\":\"ListItem\",\"position\":1,\"name\":\"Home\",\"item\":\"https:\/\/www.miomiorun.com\/fr\/home-page\/\"},{\"@type\":\"ListItem\",\"position\":2,\"name\":\"Shop\",\"item\":\"https:\/\/www.miomiorun.com\/shop\/\"},{\"@type\":\"ListItem\",\"position\":3,\"name\":\"Pro Hypervent SS Tee homme\"}]},{\"@type\":\"WebSite\",\"@id\":\"https:\/\/www.miomiorun.com\/fr\/#website\",\"url\":\"https:\/\/www.miomiorun.com\/fr\/\",\"name\":\"MioMioRun\",\"description\":\"Boutique 100% running et trail\",\"publisher\":{\"@id\":\"https:\/\/www.miomiorun.com\/fr\/#organization\"},\"potentialAction\":[{\"@type\":\"SearchAction\",\"target\":{\"@type\":\"EntryPoint\",\"urlTemplate\":\"https:\/\/www.miomiorun.com\/fr\/?s={search_term_string}\"},\"query-input\":{\"@type\":\"PropertyValueSpecification\",\"valueRequired\":true,\"valueName\":\"search_term_string\"}}],\"inLanguage\":\"fr-FR\"},{\"@type\":\"Organization\",\"@id\":\"https:\/\/www.miomiorun.com\/fr\/#organization\",\"name\":\"MioMio Run\",\"url\":\"https:\/\/www.miomiorun.com\/fr\/\",\"logo\":{\"@type\":\"ImageObject\",\"inLanguage\":\"fr-FR\",\"@id\":\"https:\/\/www.miomiorun.com\/fr\/#\/schema\/logo\/image\/\",\"url\":\"https:\/\/www.miomiorun.com\/app\/uploads\/2019\/12\/logomio.png\",\"contentUrl\":\"https:\/\/www.miomiorun.com\/app\/uploads\/2019\/12\/logomio.png\",\"width\":115,\"height\":82,\"caption\":\"MioMio Run\"},\"image\":{\"@id\":\"https:\/\/www.miomiorun.com\/fr\/#\/schema\/logo\/image\/\"},\"sameAs\":[\"https:\/\/www.facebook.com\/miomiorun\/\",\"https:\/\/www.instagram.com\/miomiorun\/\"]}]}<\/script>\n<!-- \/ Yoast SEO plugin. -->","yoast_head_json":{"title":"Craft Pro Hypervent SS Tee homme - Maillot de course \u00e0 pied - MioMioRun.com","description":"T-shirt de course techniquement avanc\u00e9, dans un tissu l\u00e9ger et hautement fonctionnel pour une meilleure respirabilit\u00e9.","robots":{"index":"index","follow":"follow","max-snippet":"max-snippet:-1","max-image-preview":"max-image-preview:large","max-video-preview":"max-video-preview:-1"},"canonical":"https:\/\/www.miomiorun.com\/fr\/produit\/craft-pro-hypervent-ss-tee-homme\/","og_locale":"fr_FR","og_type":"article","og_title":"Craft Pro Hypervent SS Tee homme - Maillot de course \u00e0 pied - MioMioRun.com","og_description":"T-shirt de course techniquement avanc\u00e9, dans un tissu l\u00e9ger et hautement fonctionnel pour une meilleure respirabilit\u00e9.","og_url":"https:\/\/www.miomiorun.com\/fr\/produit\/craft-pro-hypervent-ss-tee-homme\/","og_site_name":"MioMioRun","article_publisher":"https:\/\/www.facebook.com\/miomiorun\/","article_modified_time":"2025-12-03T17:41:15+00:00","og_image":[{"width":600,"height":600,"url":"https:\/\/www.miomiorun.com\/app\/uploads\/2022\/06\/craft-pro-hypervent-ss-tee-granite-ash-1910415-985914.jpg","type":"image\/jpeg"}],"twitter_card":"summary_large_image","twitter_misc":{"Est. reading time":"1 minute"},"schema":{"@context":"https:\/\/schema.org","@graph":[{"@type":"WebPage","@id":"https:\/\/www.miomiorun.com\/fr\/produit\/craft-pro-hypervent-ss-tee-homme\/","url":"https:\/\/www.miomiorun.com\/fr\/produit\/craft-pro-hypervent-ss-tee-homme\/","name":"Craft Pro Hypervent SS Tee homme - Maillot de course \u00e0 pied - MioMioRun.com","isPartOf":{"@id":"https:\/\/www.miomiorun.com\/fr\/#website"},"primaryImageOfPage":{"@id":"https:\/\/www.miomiorun.com\/fr\/produit\/craft-pro-hypervent-ss-tee-homme\/#primaryimage"},"image":{"@id":"https:\/\/www.miomiorun.com\/fr\/produit\/craft-pro-hypervent-ss-tee-homme\/#primaryimage"},"thumbnailUrl":"https:\/\/www.miomiorun.com\/app\/uploads\/2022\/06\/craft-pro-hypervent-ss-tee-granite-ash-1910415-985914.jpg","datePublished":"2021-04-28T17:17:22+00:00","dateModified":"2025-12-03T17:41:15+00:00","description":"T-shirt de course techniquement avanc\u00e9, dans un tissu l\u00e9ger et hautement fonctionnel pour une meilleure respirabilit\u00e9.","breadcrumb":{"@id":"https:\/\/www.miomiorun.com\/fr\/produit\/craft-pro-hypervent-ss-tee-homme\/#breadcrumb"},"inLanguage":"fr-FR","potentialAction":[{"@type":"ReadAction","target":["https:\/\/www.miomiorun.com\/fr\/produit\/craft-pro-hypervent-ss-tee-homme\/"]}]},{"@type":"ImageObject","inLanguage":"fr-FR","@id":"https:\/\/www.miomiorun.com\/fr\/produit\/craft-pro-hypervent-ss-tee-homme\/#primaryimage","url":"https:\/\/www.miomiorun.com\/app\/uploads\/2022\/06\/craft-pro-hypervent-ss-tee-granite-ash-1910415-985914.jpg","contentUrl":"https:\/\/www.miomiorun.com\/app\/uploads\/2022\/06\/craft-pro-hypervent-ss-tee-granite-ash-1910415-985914.jpg","width":600,"height":600,"caption":"craft-pro-hypervent-ss-tee-granite-ash-1910415-985914"},{"@type":"BreadcrumbList","@id":"https:\/\/www.miomiorun.com\/fr\/produit\/craft-pro-hypervent-ss-tee-homme\/#breadcrumb","itemListElement":[{"@type":"ListItem","position":1,"name":"Home","item":"https:\/\/www.miomiorun.com\/fr\/home-page\/"},{"@type":"ListItem","position":2,"name":"Shop","item":"https:\/\/www.miomiorun.com\/shop\/"},{"@type":"ListItem","position":3,"name":"Pro Hypervent SS Tee homme"}]},{"@type":"WebSite","@id":"https:\/\/www.miomiorun.com\/fr\/#website","url":"https:\/\/www.miomiorun.com\/fr\/","name":"MioMioRun","description":"Boutique 100% running et trail","publisher":{"@id":"https:\/\/www.miomiorun.com\/fr\/#organization"},"potentialAction":[{"@type":"SearchAction","target":{"@type":"EntryPoint","urlTemplate":"https:\/\/www.miomiorun.com\/fr\/?s={search_term_string}"},"query-input":{"@type":"PropertyValueSpecification","valueRequired":true,"valueName":"search_term_string"}}],"inLanguage":"fr-FR"},{"@type":"Organization","@id":"https:\/\/www.miomiorun.com\/fr\/#organization","name":"MioMio Run","url":"https:\/\/www.miomiorun.com\/fr\/","logo":{"@type":"ImageObject","inLanguage":"fr-FR","@id":"https:\/\/www.miomiorun.com\/fr\/#\/schema\/logo\/image\/","url":"https:\/\/www.miomiorun.com\/app\/uploads\/2019\/12\/logomio.png","contentUrl":"https:\/\/www.miomiorun.com\/app\/uploads\/2019\/12\/logomio.png","width":115,"height":82,"caption":"MioMio Run"},"image":{"@id":"https:\/\/www.miomiorun.com\/fr\/#\/schema\/logo\/image\/"},"sameAs":["https:\/\/www.facebook.com\/miomiorun\/","https:\/\/www.instagram.com\/miomiorun\/"]}]}},"_links":{"self":[{"href":"https:\/\/www.miomiorun.com\/fr\/wp-json\/wp\/v2\/product\/277772","targetHints":{"allow":["GET"]}}],"collection":[{"href":"https:\/\/www.miomiorun.com\/fr\/wp-json\/wp\/v2\/product"}],"about":[{"href":"https:\/\/www.miomiorun.com\/fr\/wp-json\/wp\/v2\/types\/product"}],"wp:featuredmedia":[{"embeddable":true,"href":"https:\/\/www.miomiorun.com\/fr\/wp-json\/wp\/v2\/media\/236999"}],"wp:attachment":[{"href":"https:\/\/www.miomiorun.com\/fr\/wp-json\/wp\/v2\/media?parent=277772"}],"wp:term":[{"taxonomy":"product_brand","embeddable":true,"href":"https:\/\/www.miomiorun.com\/fr\/wp-json\/wp\/v2\/product_brand?post=277772"},{"taxonomy":"product_cat","embeddable":true,"href":"https:\/\/www.miomiorun.com\/fr\/wp-json\/wp\/v2\/product_cat?post=277772"},{"taxonomy":"product_tag","embeddable":true,"href":"https:\/\/www.miomiorun.com\/fr\/wp-json\/wp\/v2\/product_tag?post=277772"}],"curies":[{"name":"wp","href":"https:\/\/api.w.org\/{rel}","templated":true}]}}