{"id":277764,"date":"2021-04-29T10:42:18","date_gmt":"2021-04-29T08:42:18","guid":{"rendered":"https:\/\/miomiorun.com\/prodotto\/craft-core-essence-thermal-hat\/"},"modified":"2025-12-03T18:42:58","modified_gmt":"2025-12-03T17:42:58","slug":"craft-core-essence-thermal-hat","status":"publish","type":"product","link":"https:\/\/www.miomiorun.com\/fr\/produit\/craft-core-essence-thermal-hat\/","title":{"rendered":"Core Essence Thermal Hat"},"content":{"rendered":"<p>Le Core Essence Thermal Hat est un bonnet d&#8217;entra\u00eenement l\u00e9ger fabriqu\u00e9 en jersey thermique bross\u00e9 recycl\u00e9 pour une chaleur et un confort optimaux.<\/p>\n<p>Tissu \u00e9cologique<br \/>\nLe Core Essence Thermal Hat est fabriqu\u00e9 \u00e0 partir de polyester recycl\u00e9 et s&#8217;inscrit dans notre ambition d&#8217;augmenter la part de mat\u00e9riaux durables dans nos produits et d&#8217;atteindre notre objectif de prendre l&#8217;enti\u00e8re responsabilit\u00e9 de l&#8217;ensemble de la cha\u00eene de valeur. Le polyester recycl\u00e9 est non seulement \u00e9cologique, mais il offre \u00e9galement une excellente \u00e9vacuation de l&#8217;humidit\u00e9 et une ventilation exceptionnelle.<\/p>\n<p>&#8211; Fabriqu\u00e9 en polyester recycl\u00e9<br \/>\n&#8211; Maille thermique douce et gratt\u00e9e pour une chaleur et un confort optimaux<br \/>\n&#8211; Tissu l\u00e9ger et ventil\u00e9<\/p>\n<h2>Mat\u00e9riaux et lavage<\/h2>\n<p>88 % polyester recycl\u00e9 12 % \u00e9lasthanne<\/p>\n<p>Lavage en machine \u00e0 40 degr\u00e9s.<\/p>\n<p>&nbsp;<\/p>\n","protected":false},"excerpt":{"rendered":"<p><span style=\"font-weight: 400\">Repeat Hat est un bonnet tr\u00e8s fonctionnel et \u00e9lastique qui convient parfaitement \u00e0 tous les types d&#8217;entra\u00eenement hivernal.<\/span><\/p>\n","protected":false},"featured_media":231975,"template":"","meta":{"_acf_changed":false,"inline_featured_image":false},"product_brand":[],"product_cat":[22580,22579,22538],"product_tag":[23554],"class_list":{"0":"post-277764","1":"product","2":"type-product","3":"status-publish","4":"has-post-thumbnail","6":"product_cat-chapeaux-casquettes","7":"product_cat-chauffage","8":"product_cat-accessoires","9":"product_tag-craft-fr","10":"pa_attivita-marcher","11":"pa_attivita-running-fr","12":"pa_colore-core-essence-thermal-hat-beat-fr","13":"pa_colore-core-essence-thermal-hat-grey-fr","14":"pa_colore-core-essence-thermal-hat-grum-fr","15":"pa_colore-core-essence-thermal-hat-navy-blue-fr","16":"pa_colore-core-essence-thermal-hat-pink-fr","17":"pa_colore-core-essence-thermal-hat-yellow-fr","18":"pa_marca-craft-fr","19":"pa_sesso-femme","20":"pa_sesso-homme","21":"pa_size-small-fr","22":"pa_size-large-fr","24":"first","25":"instock","26":"sale","27":"taxable","28":"shipping-taxable","29":"purchasable","30":"product-type-variable","31":"wvs-archive-product-wrapper"},"acf":[],"yoast_head":"<!-- This site is optimized with the Yoast SEO plugin v26.8 - https:\/\/yoast.com\/product\/yoast-seo-wordpress\/ -->\n<title>Craft Core Essence Thermal Hat - Bonnet d&#039;hiver - MioMioRun.com<\/title>\n<meta name=\"description\" content=\"Le bonnet Core Essence Thermal Hat est un bonnet d&#039;entra\u00eenement l\u00e9ger en jersey thermique bross\u00e9 pour une chaleur et un confort optimaux.\" \/>\n<meta name=\"robots\" content=\"index, follow, max-snippet:-1, max-image-preview:large, max-video-preview:-1\" \/>\n<link rel=\"canonical\" href=\"https:\/\/www.miomiorun.com\/fr\/produit\/craft-core-essence-thermal-hat\/\" \/>\n<meta property=\"og:locale\" content=\"fr_FR\" \/>\n<meta property=\"og:type\" content=\"article\" \/>\n<meta property=\"og:title\" content=\"Craft Core Essence Thermal Hat - Bonnet d&#039;hiver - MioMioRun.com\" \/>\n<meta property=\"og:description\" content=\"Le bonnet Core Essence Thermal Hat est un bonnet d&#039;entra\u00eenement l\u00e9ger en jersey thermique bross\u00e9 pour une chaleur et un confort optimaux.\" \/>\n<meta property=\"og:url\" content=\"https:\/\/www.miomiorun.com\/fr\/produit\/craft-core-essence-thermal-hat\/\" \/>\n<meta property=\"og:site_name\" content=\"MioMioRun\" \/>\n<meta property=\"article:publisher\" content=\"https:\/\/www.facebook.com\/miomiorun\/\" \/>\n<meta property=\"article:modified_time\" content=\"2025-12-03T17:42:58+00:00\" \/>\n<meta property=\"og:image\" content=\"https:\/\/www.miomiorun.com\/app\/uploads\/2021\/04\/craft-Core-Essence-Thermal-Hat-1909932-349000.jpg\" \/>\n\t<meta property=\"og:image:width\" content=\"600\" \/>\n\t<meta property=\"og:image:height\" content=\"600\" \/>\n\t<meta property=\"og:image:type\" content=\"image\/jpeg\" \/>\n<meta name=\"twitter:card\" content=\"summary_large_image\" \/>\n<meta name=\"twitter:label1\" content=\"Est. reading time\" \/>\n\t<meta name=\"twitter:data1\" content=\"1 minute\" \/>\n<script type=\"application\/ld+json\" class=\"yoast-schema-graph\">{\"@context\":\"https:\/\/schema.org\",\"@graph\":[{\"@type\":\"WebPage\",\"@id\":\"https:\/\/www.miomiorun.com\/fr\/produit\/craft-core-essence-thermal-hat\/\",\"url\":\"https:\/\/www.miomiorun.com\/fr\/produit\/craft-core-essence-thermal-hat\/\",\"name\":\"Craft Core Essence Thermal Hat - Bonnet d'hiver - MioMioRun.com\",\"isPartOf\":{\"@id\":\"https:\/\/www.miomiorun.com\/fr\/#website\"},\"primaryImageOfPage\":{\"@id\":\"https:\/\/www.miomiorun.com\/fr\/produit\/craft-core-essence-thermal-hat\/#primaryimage\"},\"image\":{\"@id\":\"https:\/\/www.miomiorun.com\/fr\/produit\/craft-core-essence-thermal-hat\/#primaryimage\"},\"thumbnailUrl\":\"https:\/\/www.miomiorun.com\/app\/uploads\/2021\/04\/craft-Core-Essence-Thermal-Hat-1909932-349000.jpg\",\"datePublished\":\"2021-04-29T08:42:18+00:00\",\"dateModified\":\"2025-12-03T17:42:58+00:00\",\"description\":\"Le bonnet Core Essence Thermal Hat est un bonnet d'entra\u00eenement l\u00e9ger en jersey thermique bross\u00e9 pour une chaleur et un confort optimaux.\",\"breadcrumb\":{\"@id\":\"https:\/\/www.miomiorun.com\/fr\/produit\/craft-core-essence-thermal-hat\/#breadcrumb\"},\"inLanguage\":\"fr-FR\",\"potentialAction\":[{\"@type\":\"ReadAction\",\"target\":[\"https:\/\/www.miomiorun.com\/fr\/produit\/craft-core-essence-thermal-hat\/\"]}]},{\"@type\":\"ImageObject\",\"inLanguage\":\"fr-FR\",\"@id\":\"https:\/\/www.miomiorun.com\/fr\/produit\/craft-core-essence-thermal-hat\/#primaryimage\",\"url\":\"https:\/\/www.miomiorun.com\/app\/uploads\/2021\/04\/craft-Core-Essence-Thermal-Hat-1909932-349000.jpg\",\"contentUrl\":\"https:\/\/www.miomiorun.com\/app\/uploads\/2021\/04\/craft-Core-Essence-Thermal-Hat-1909932-349000.jpg\",\"width\":600,\"height\":600,\"caption\":\"craft core essence thermal hat\"},{\"@type\":\"BreadcrumbList\",\"@id\":\"https:\/\/www.miomiorun.com\/fr\/produit\/craft-core-essence-thermal-hat\/#breadcrumb\",\"itemListElement\":[{\"@type\":\"ListItem\",\"position\":1,\"name\":\"Home\",\"item\":\"https:\/\/www.miomiorun.com\/fr\/home-page\/\"},{\"@type\":\"ListItem\",\"position\":2,\"name\":\"Shop\",\"item\":\"https:\/\/www.miomiorun.com\/shop\/\"},{\"@type\":\"ListItem\",\"position\":3,\"name\":\"Core Essence Thermal Hat\"}]},{\"@type\":\"WebSite\",\"@id\":\"https:\/\/www.miomiorun.com\/fr\/#website\",\"url\":\"https:\/\/www.miomiorun.com\/fr\/\",\"name\":\"MioMioRun\",\"description\":\"Boutique 100% running et trail\",\"publisher\":{\"@id\":\"https:\/\/www.miomiorun.com\/fr\/#organization\"},\"potentialAction\":[{\"@type\":\"SearchAction\",\"target\":{\"@type\":\"EntryPoint\",\"urlTemplate\":\"https:\/\/www.miomiorun.com\/fr\/?s={search_term_string}\"},\"query-input\":{\"@type\":\"PropertyValueSpecification\",\"valueRequired\":true,\"valueName\":\"search_term_string\"}}],\"inLanguage\":\"fr-FR\"},{\"@type\":\"Organization\",\"@id\":\"https:\/\/www.miomiorun.com\/fr\/#organization\",\"name\":\"MioMio Run\",\"url\":\"https:\/\/www.miomiorun.com\/fr\/\",\"logo\":{\"@type\":\"ImageObject\",\"inLanguage\":\"fr-FR\",\"@id\":\"https:\/\/www.miomiorun.com\/fr\/#\/schema\/logo\/image\/\",\"url\":\"https:\/\/www.miomiorun.com\/app\/uploads\/2019\/12\/logomio.png\",\"contentUrl\":\"https:\/\/www.miomiorun.com\/app\/uploads\/2019\/12\/logomio.png\",\"width\":115,\"height\":82,\"caption\":\"MioMio Run\"},\"image\":{\"@id\":\"https:\/\/www.miomiorun.com\/fr\/#\/schema\/logo\/image\/\"},\"sameAs\":[\"https:\/\/www.facebook.com\/miomiorun\/\",\"https:\/\/www.instagram.com\/miomiorun\/\"]}]}<\/script>\n<!-- \/ Yoast SEO plugin. -->","yoast_head_json":{"title":"Craft Core Essence Thermal Hat - Bonnet d'hiver - MioMioRun.com","description":"Le bonnet Core Essence Thermal Hat est un bonnet d'entra\u00eenement l\u00e9ger en jersey thermique bross\u00e9 pour une chaleur et un confort optimaux.","robots":{"index":"index","follow":"follow","max-snippet":"max-snippet:-1","max-image-preview":"max-image-preview:large","max-video-preview":"max-video-preview:-1"},"canonical":"https:\/\/www.miomiorun.com\/fr\/produit\/craft-core-essence-thermal-hat\/","og_locale":"fr_FR","og_type":"article","og_title":"Craft Core Essence Thermal Hat - Bonnet d'hiver - MioMioRun.com","og_description":"Le bonnet Core Essence Thermal Hat est un bonnet d'entra\u00eenement l\u00e9ger en jersey thermique bross\u00e9 pour une chaleur et un confort optimaux.","og_url":"https:\/\/www.miomiorun.com\/fr\/produit\/craft-core-essence-thermal-hat\/","og_site_name":"MioMioRun","article_publisher":"https:\/\/www.facebook.com\/miomiorun\/","article_modified_time":"2025-12-03T17:42:58+00:00","og_image":[{"width":600,"height":600,"url":"https:\/\/www.miomiorun.com\/app\/uploads\/2021\/04\/craft-Core-Essence-Thermal-Hat-1909932-349000.jpg","type":"image\/jpeg"}],"twitter_card":"summary_large_image","twitter_misc":{"Est. reading time":"1 minute"},"schema":{"@context":"https:\/\/schema.org","@graph":[{"@type":"WebPage","@id":"https:\/\/www.miomiorun.com\/fr\/produit\/craft-core-essence-thermal-hat\/","url":"https:\/\/www.miomiorun.com\/fr\/produit\/craft-core-essence-thermal-hat\/","name":"Craft Core Essence Thermal Hat - Bonnet d'hiver - MioMioRun.com","isPartOf":{"@id":"https:\/\/www.miomiorun.com\/fr\/#website"},"primaryImageOfPage":{"@id":"https:\/\/www.miomiorun.com\/fr\/produit\/craft-core-essence-thermal-hat\/#primaryimage"},"image":{"@id":"https:\/\/www.miomiorun.com\/fr\/produit\/craft-core-essence-thermal-hat\/#primaryimage"},"thumbnailUrl":"https:\/\/www.miomiorun.com\/app\/uploads\/2021\/04\/craft-Core-Essence-Thermal-Hat-1909932-349000.jpg","datePublished":"2021-04-29T08:42:18+00:00","dateModified":"2025-12-03T17:42:58+00:00","description":"Le bonnet Core Essence Thermal Hat est un bonnet d'entra\u00eenement l\u00e9ger en jersey thermique bross\u00e9 pour une chaleur et un confort optimaux.","breadcrumb":{"@id":"https:\/\/www.miomiorun.com\/fr\/produit\/craft-core-essence-thermal-hat\/#breadcrumb"},"inLanguage":"fr-FR","potentialAction":[{"@type":"ReadAction","target":["https:\/\/www.miomiorun.com\/fr\/produit\/craft-core-essence-thermal-hat\/"]}]},{"@type":"ImageObject","inLanguage":"fr-FR","@id":"https:\/\/www.miomiorun.com\/fr\/produit\/craft-core-essence-thermal-hat\/#primaryimage","url":"https:\/\/www.miomiorun.com\/app\/uploads\/2021\/04\/craft-Core-Essence-Thermal-Hat-1909932-349000.jpg","contentUrl":"https:\/\/www.miomiorun.com\/app\/uploads\/2021\/04\/craft-Core-Essence-Thermal-Hat-1909932-349000.jpg","width":600,"height":600,"caption":"craft core essence thermal hat"},{"@type":"BreadcrumbList","@id":"https:\/\/www.miomiorun.com\/fr\/produit\/craft-core-essence-thermal-hat\/#breadcrumb","itemListElement":[{"@type":"ListItem","position":1,"name":"Home","item":"https:\/\/www.miomiorun.com\/fr\/home-page\/"},{"@type":"ListItem","position":2,"name":"Shop","item":"https:\/\/www.miomiorun.com\/shop\/"},{"@type":"ListItem","position":3,"name":"Core Essence Thermal Hat"}]},{"@type":"WebSite","@id":"https:\/\/www.miomiorun.com\/fr\/#website","url":"https:\/\/www.miomiorun.com\/fr\/","name":"MioMioRun","description":"Boutique 100% running et trail","publisher":{"@id":"https:\/\/www.miomiorun.com\/fr\/#organization"},"potentialAction":[{"@type":"SearchAction","target":{"@type":"EntryPoint","urlTemplate":"https:\/\/www.miomiorun.com\/fr\/?s={search_term_string}"},"query-input":{"@type":"PropertyValueSpecification","valueRequired":true,"valueName":"search_term_string"}}],"inLanguage":"fr-FR"},{"@type":"Organization","@id":"https:\/\/www.miomiorun.com\/fr\/#organization","name":"MioMio Run","url":"https:\/\/www.miomiorun.com\/fr\/","logo":{"@type":"ImageObject","inLanguage":"fr-FR","@id":"https:\/\/www.miomiorun.com\/fr\/#\/schema\/logo\/image\/","url":"https:\/\/www.miomiorun.com\/app\/uploads\/2019\/12\/logomio.png","contentUrl":"https:\/\/www.miomiorun.com\/app\/uploads\/2019\/12\/logomio.png","width":115,"height":82,"caption":"MioMio Run"},"image":{"@id":"https:\/\/www.miomiorun.com\/fr\/#\/schema\/logo\/image\/"},"sameAs":["https:\/\/www.facebook.com\/miomiorun\/","https:\/\/www.instagram.com\/miomiorun\/"]}]}},"_links":{"self":[{"href":"https:\/\/www.miomiorun.com\/fr\/wp-json\/wp\/v2\/product\/277764","targetHints":{"allow":["GET"]}}],"collection":[{"href":"https:\/\/www.miomiorun.com\/fr\/wp-json\/wp\/v2\/product"}],"about":[{"href":"https:\/\/www.miomiorun.com\/fr\/wp-json\/wp\/v2\/types\/product"}],"wp:featuredmedia":[{"embeddable":true,"href":"https:\/\/www.miomiorun.com\/fr\/wp-json\/wp\/v2\/media\/231975"}],"wp:attachment":[{"href":"https:\/\/www.miomiorun.com\/fr\/wp-json\/wp\/v2\/media?parent=277764"}],"wp:term":[{"taxonomy":"product_brand","embeddable":true,"href":"https:\/\/www.miomiorun.com\/fr\/wp-json\/wp\/v2\/product_brand?post=277764"},{"taxonomy":"product_cat","embeddable":true,"href":"https:\/\/www.miomiorun.com\/fr\/wp-json\/wp\/v2\/product_cat?post=277764"},{"taxonomy":"product_tag","embeddable":true,"href":"https:\/\/www.miomiorun.com\/fr\/wp-json\/wp\/v2\/product_tag?post=277764"}],"curies":[{"name":"wp","href":"https:\/\/api.w.org\/{rel}","templated":true}]}}