{"id":277757,"date":"2021-04-29T11:48:54","date_gmt":"2021-04-29T09:48:54","guid":{"rendered":"https:\/\/miomiorun.com\/prodotto\/craft-adv-lumen-fleece-headband\/"},"modified":"2025-05-09T11:17:03","modified_gmt":"2025-05-09T09:17:03","slug":"craft-adv-lumen-fleece-headband","status":"publish","type":"product","link":"https:\/\/www.miomiorun.com\/fr\/produit\/craft-adv-lumen-fleece-headband\/","title":{"rendered":"ADV Lumen Fleece Headband"},"content":{"rendered":"<p>Le bandeau ADV Lumen Fleece est un bandeau fonctionnel avec des d\u00e9tails r\u00e9fl\u00e9chissants con\u00e7u pour les courses intenses dans des conditions froides. Le bandeau est fabriqu\u00e9 en jersey doux et tr\u00e8s fonctionnel et est dot\u00e9 d&#8217;un tissu r\u00e9fl\u00e9chissant perfor\u00e9 \u00e0 l&#8217;avant et d&#8217;une impression r\u00e9fl\u00e9chissante \u00e0 l&#8217;arri\u00e8re.<\/p>\n<p>Lumen &#8211; inspir\u00e9 par les conditions nordiques<br \/>\nDans un endroit o\u00f9 l&#8217;obscurit\u00e9 domine la majeure partie de la journ\u00e9e, la lumi\u00e8re est un atout essentiel. Lumen s&#8217;inspire des conditions nordiques et cr\u00e9e un style unique pour l&#8217;entra\u00eenement dans l&#8217;obscurit\u00e9.<\/p>\n<p>&#8211; Tissu jersey souple et tr\u00e8s fonctionnel<br \/>\n&#8211; Tissu perfor\u00e9 r\u00e9fl\u00e9chissant sur le devant<br \/>\n&#8211; Impression r\u00e9fl\u00e9chissante sur le dos<\/p>\n<h2>Mat\u00e9riaux et lavage<\/h2>\n<p>87% polyester 13% \u00e9lasthanne<\/p>\n<p>Lavage en machine \u00e0 40 degr\u00e9s.<\/p>\n","protected":false},"excerpt":{"rendered":"<p>Le bandeau ADV Lumen Fleece est un bandeau fonctionnel avec des d\u00e9tails r\u00e9fl\u00e9chissants con\u00e7u pour les courses intenses dans des conditions froides. Le bandeau est fabriqu\u00e9 en jersey doux et tr\u00e8s fonctionnel et est dot\u00e9 d&#8217;un tissu r\u00e9fl\u00e9chissant perfor\u00e9 \u00e0 l&#8217;avant et d&#8217;une impression r\u00e9fl\u00e9chissante \u00e0 l&#8217;arri\u00e8re. Lumen &#8211; inspir\u00e9 par les conditions nordiques Dans &hellip; <a href=\"https:\/\/www.miomiorun.com\/fr\/produit\/craft-adv-lumen-fleece-headband\/\">Continued<\/a><\/p>\n","protected":false},"featured_media":231983,"template":"","meta":{"_acf_changed":false,"inline_featured_image":false},"product_brand":[],"product_cat":[22580,22579,22538],"product_tag":[23554],"class_list":{"0":"post-277757","1":"product","2":"type-product","3":"status-publish","4":"has-post-thumbnail","6":"product_cat-chapeaux-casquettes","7":"product_cat-chauffage","8":"product_cat-accessoires","9":"product_tag-craft-fr","10":"pa_attivita-marcher","11":"pa_attivita-running-fr","12":"pa_colore-adv-lumen-fleece-headband-black-fr","13":"pa_colore-adv-lumen-fleece-headband-cactus-fr","14":"pa_colore-adv-lumen-fleece-headband-saphire-fr","15":"pa_marca-craft-fr","16":"pa_sesso-homme","17":"pa_size-small-fr","18":"pa_size-large-fr","20":"first","21":"instock","22":"sale","23":"taxable","24":"shipping-taxable","25":"purchasable","26":"product-type-variable","27":"wvs-archive-product-wrapper"},"acf":[],"yoast_head":"<!-- This site is optimized with the Yoast SEO plugin v26.8 - https:\/\/yoast.com\/product\/yoast-seo-wordpress\/ -->\n<title>Craft ADV Lumen Fleece Headband -Bandeau - MioMioRun.com<\/title>\n<meta name=\"description\" content=\"Le bandeau ADV Lumen Fleece est un bandeau fonctionnel avec des d\u00e9tails r\u00e9fl\u00e9chissants con\u00e7u pour les courses intenses dans des conditions froides.\" \/>\n<meta name=\"robots\" content=\"index, follow, max-snippet:-1, max-image-preview:large, max-video-preview:-1\" \/>\n<link rel=\"canonical\" href=\"https:\/\/www.miomiorun.com\/fr\/produit\/craft-adv-lumen-fleece-headband\/\" \/>\n<meta property=\"og:locale\" content=\"fr_FR\" \/>\n<meta property=\"og:type\" content=\"article\" \/>\n<meta property=\"og:title\" content=\"Craft ADV Lumen Fleece Headband -Bandeau - MioMioRun.com\" \/>\n<meta property=\"og:description\" content=\"Le bandeau ADV Lumen Fleece est un bandeau fonctionnel avec des d\u00e9tails r\u00e9fl\u00e9chissants con\u00e7u pour les courses intenses dans des conditions froides.\" \/>\n<meta property=\"og:url\" content=\"https:\/\/www.miomiorun.com\/fr\/produit\/craft-adv-lumen-fleece-headband\/\" \/>\n<meta property=\"og:site_name\" content=\"MioMioRun\" \/>\n<meta property=\"article:publisher\" content=\"https:\/\/www.facebook.com\/miomiorun\/\" \/>\n<meta property=\"article:modified_time\" content=\"2025-05-09T09:17:03+00:00\" \/>\n<meta property=\"og:image\" content=\"https:\/\/www.miomiorun.com\/app\/uploads\/2021\/04\/craft-ADV-Lumen-Fleece-Headband-1909835-999000.jpg\" \/>\n\t<meta property=\"og:image:width\" content=\"600\" \/>\n\t<meta property=\"og:image:height\" content=\"600\" \/>\n\t<meta property=\"og:image:type\" content=\"image\/jpeg\" \/>\n<meta name=\"twitter:card\" content=\"summary_large_image\" \/>\n<meta name=\"twitter:label1\" content=\"Est. reading time\" \/>\n\t<meta name=\"twitter:data1\" content=\"1 minute\" \/>\n<script type=\"application\/ld+json\" class=\"yoast-schema-graph\">{\"@context\":\"https:\/\/schema.org\",\"@graph\":[{\"@type\":\"WebPage\",\"@id\":\"https:\/\/www.miomiorun.com\/fr\/produit\/craft-adv-lumen-fleece-headband\/\",\"url\":\"https:\/\/www.miomiorun.com\/fr\/produit\/craft-adv-lumen-fleece-headband\/\",\"name\":\"Craft ADV Lumen Fleece Headband -Bandeau - MioMioRun.com\",\"isPartOf\":{\"@id\":\"https:\/\/www.miomiorun.com\/fr\/#website\"},\"primaryImageOfPage\":{\"@id\":\"https:\/\/www.miomiorun.com\/fr\/produit\/craft-adv-lumen-fleece-headband\/#primaryimage\"},\"image\":{\"@id\":\"https:\/\/www.miomiorun.com\/fr\/produit\/craft-adv-lumen-fleece-headband\/#primaryimage\"},\"thumbnailUrl\":\"https:\/\/www.miomiorun.com\/app\/uploads\/2021\/04\/craft-ADV-Lumen-Fleece-Headband-1909835-999000.jpg\",\"datePublished\":\"2021-04-29T09:48:54+00:00\",\"dateModified\":\"2025-05-09T09:17:03+00:00\",\"description\":\"Le bandeau ADV Lumen Fleece est un bandeau fonctionnel avec des d\u00e9tails r\u00e9fl\u00e9chissants con\u00e7u pour les courses intenses dans des conditions froides.\",\"breadcrumb\":{\"@id\":\"https:\/\/www.miomiorun.com\/fr\/produit\/craft-adv-lumen-fleece-headband\/#breadcrumb\"},\"inLanguage\":\"fr-FR\",\"potentialAction\":[{\"@type\":\"ReadAction\",\"target\":[\"https:\/\/www.miomiorun.com\/fr\/produit\/craft-adv-lumen-fleece-headband\/\"]}]},{\"@type\":\"ImageObject\",\"inLanguage\":\"fr-FR\",\"@id\":\"https:\/\/www.miomiorun.com\/fr\/produit\/craft-adv-lumen-fleece-headband\/#primaryimage\",\"url\":\"https:\/\/www.miomiorun.com\/app\/uploads\/2021\/04\/craft-ADV-Lumen-Fleece-Headband-1909835-999000.jpg\",\"contentUrl\":\"https:\/\/www.miomiorun.com\/app\/uploads\/2021\/04\/craft-ADV-Lumen-Fleece-Headband-1909835-999000.jpg\",\"width\":600,\"height\":600,\"caption\":\"craft adv lumen fleece headband\"},{\"@type\":\"BreadcrumbList\",\"@id\":\"https:\/\/www.miomiorun.com\/fr\/produit\/craft-adv-lumen-fleece-headband\/#breadcrumb\",\"itemListElement\":[{\"@type\":\"ListItem\",\"position\":1,\"name\":\"Home\",\"item\":\"https:\/\/www.miomiorun.com\/fr\/home-page\/\"},{\"@type\":\"ListItem\",\"position\":2,\"name\":\"Shop\",\"item\":\"https:\/\/www.miomiorun.com\/shop\/\"},{\"@type\":\"ListItem\",\"position\":3,\"name\":\"ADV Lumen Fleece Headband\"}]},{\"@type\":\"WebSite\",\"@id\":\"https:\/\/www.miomiorun.com\/fr\/#website\",\"url\":\"https:\/\/www.miomiorun.com\/fr\/\",\"name\":\"MioMioRun\",\"description\":\"Boutique 100% running et trail\",\"publisher\":{\"@id\":\"https:\/\/www.miomiorun.com\/fr\/#organization\"},\"potentialAction\":[{\"@type\":\"SearchAction\",\"target\":{\"@type\":\"EntryPoint\",\"urlTemplate\":\"https:\/\/www.miomiorun.com\/fr\/?s={search_term_string}\"},\"query-input\":{\"@type\":\"PropertyValueSpecification\",\"valueRequired\":true,\"valueName\":\"search_term_string\"}}],\"inLanguage\":\"fr-FR\"},{\"@type\":\"Organization\",\"@id\":\"https:\/\/www.miomiorun.com\/fr\/#organization\",\"name\":\"MioMio Run\",\"url\":\"https:\/\/www.miomiorun.com\/fr\/\",\"logo\":{\"@type\":\"ImageObject\",\"inLanguage\":\"fr-FR\",\"@id\":\"https:\/\/www.miomiorun.com\/fr\/#\/schema\/logo\/image\/\",\"url\":\"https:\/\/www.miomiorun.com\/app\/uploads\/2019\/12\/logomio.png\",\"contentUrl\":\"https:\/\/www.miomiorun.com\/app\/uploads\/2019\/12\/logomio.png\",\"width\":115,\"height\":82,\"caption\":\"MioMio Run\"},\"image\":{\"@id\":\"https:\/\/www.miomiorun.com\/fr\/#\/schema\/logo\/image\/\"},\"sameAs\":[\"https:\/\/www.facebook.com\/miomiorun\/\",\"https:\/\/www.instagram.com\/miomiorun\/\"]}]}<\/script>\n<!-- \/ Yoast SEO plugin. -->","yoast_head_json":{"title":"Craft ADV Lumen Fleece Headband -Bandeau - MioMioRun.com","description":"Le bandeau ADV Lumen Fleece est un bandeau fonctionnel avec des d\u00e9tails r\u00e9fl\u00e9chissants con\u00e7u pour les courses intenses dans des conditions froides.","robots":{"index":"index","follow":"follow","max-snippet":"max-snippet:-1","max-image-preview":"max-image-preview:large","max-video-preview":"max-video-preview:-1"},"canonical":"https:\/\/www.miomiorun.com\/fr\/produit\/craft-adv-lumen-fleece-headband\/","og_locale":"fr_FR","og_type":"article","og_title":"Craft ADV Lumen Fleece Headband -Bandeau - MioMioRun.com","og_description":"Le bandeau ADV Lumen Fleece est un bandeau fonctionnel avec des d\u00e9tails r\u00e9fl\u00e9chissants con\u00e7u pour les courses intenses dans des conditions froides.","og_url":"https:\/\/www.miomiorun.com\/fr\/produit\/craft-adv-lumen-fleece-headband\/","og_site_name":"MioMioRun","article_publisher":"https:\/\/www.facebook.com\/miomiorun\/","article_modified_time":"2025-05-09T09:17:03+00:00","og_image":[{"width":600,"height":600,"url":"https:\/\/www.miomiorun.com\/app\/uploads\/2021\/04\/craft-ADV-Lumen-Fleece-Headband-1909835-999000.jpg","type":"image\/jpeg"}],"twitter_card":"summary_large_image","twitter_misc":{"Est. reading time":"1 minute"},"schema":{"@context":"https:\/\/schema.org","@graph":[{"@type":"WebPage","@id":"https:\/\/www.miomiorun.com\/fr\/produit\/craft-adv-lumen-fleece-headband\/","url":"https:\/\/www.miomiorun.com\/fr\/produit\/craft-adv-lumen-fleece-headband\/","name":"Craft ADV Lumen Fleece Headband -Bandeau - MioMioRun.com","isPartOf":{"@id":"https:\/\/www.miomiorun.com\/fr\/#website"},"primaryImageOfPage":{"@id":"https:\/\/www.miomiorun.com\/fr\/produit\/craft-adv-lumen-fleece-headband\/#primaryimage"},"image":{"@id":"https:\/\/www.miomiorun.com\/fr\/produit\/craft-adv-lumen-fleece-headband\/#primaryimage"},"thumbnailUrl":"https:\/\/www.miomiorun.com\/app\/uploads\/2021\/04\/craft-ADV-Lumen-Fleece-Headband-1909835-999000.jpg","datePublished":"2021-04-29T09:48:54+00:00","dateModified":"2025-05-09T09:17:03+00:00","description":"Le bandeau ADV Lumen Fleece est un bandeau fonctionnel avec des d\u00e9tails r\u00e9fl\u00e9chissants con\u00e7u pour les courses intenses dans des conditions froides.","breadcrumb":{"@id":"https:\/\/www.miomiorun.com\/fr\/produit\/craft-adv-lumen-fleece-headband\/#breadcrumb"},"inLanguage":"fr-FR","potentialAction":[{"@type":"ReadAction","target":["https:\/\/www.miomiorun.com\/fr\/produit\/craft-adv-lumen-fleece-headband\/"]}]},{"@type":"ImageObject","inLanguage":"fr-FR","@id":"https:\/\/www.miomiorun.com\/fr\/produit\/craft-adv-lumen-fleece-headband\/#primaryimage","url":"https:\/\/www.miomiorun.com\/app\/uploads\/2021\/04\/craft-ADV-Lumen-Fleece-Headband-1909835-999000.jpg","contentUrl":"https:\/\/www.miomiorun.com\/app\/uploads\/2021\/04\/craft-ADV-Lumen-Fleece-Headband-1909835-999000.jpg","width":600,"height":600,"caption":"craft adv lumen fleece headband"},{"@type":"BreadcrumbList","@id":"https:\/\/www.miomiorun.com\/fr\/produit\/craft-adv-lumen-fleece-headband\/#breadcrumb","itemListElement":[{"@type":"ListItem","position":1,"name":"Home","item":"https:\/\/www.miomiorun.com\/fr\/home-page\/"},{"@type":"ListItem","position":2,"name":"Shop","item":"https:\/\/www.miomiorun.com\/shop\/"},{"@type":"ListItem","position":3,"name":"ADV Lumen Fleece Headband"}]},{"@type":"WebSite","@id":"https:\/\/www.miomiorun.com\/fr\/#website","url":"https:\/\/www.miomiorun.com\/fr\/","name":"MioMioRun","description":"Boutique 100% running et trail","publisher":{"@id":"https:\/\/www.miomiorun.com\/fr\/#organization"},"potentialAction":[{"@type":"SearchAction","target":{"@type":"EntryPoint","urlTemplate":"https:\/\/www.miomiorun.com\/fr\/?s={search_term_string}"},"query-input":{"@type":"PropertyValueSpecification","valueRequired":true,"valueName":"search_term_string"}}],"inLanguage":"fr-FR"},{"@type":"Organization","@id":"https:\/\/www.miomiorun.com\/fr\/#organization","name":"MioMio Run","url":"https:\/\/www.miomiorun.com\/fr\/","logo":{"@type":"ImageObject","inLanguage":"fr-FR","@id":"https:\/\/www.miomiorun.com\/fr\/#\/schema\/logo\/image\/","url":"https:\/\/www.miomiorun.com\/app\/uploads\/2019\/12\/logomio.png","contentUrl":"https:\/\/www.miomiorun.com\/app\/uploads\/2019\/12\/logomio.png","width":115,"height":82,"caption":"MioMio Run"},"image":{"@id":"https:\/\/www.miomiorun.com\/fr\/#\/schema\/logo\/image\/"},"sameAs":["https:\/\/www.facebook.com\/miomiorun\/","https:\/\/www.instagram.com\/miomiorun\/"]}]}},"_links":{"self":[{"href":"https:\/\/www.miomiorun.com\/fr\/wp-json\/wp\/v2\/product\/277757","targetHints":{"allow":["GET"]}}],"collection":[{"href":"https:\/\/www.miomiorun.com\/fr\/wp-json\/wp\/v2\/product"}],"about":[{"href":"https:\/\/www.miomiorun.com\/fr\/wp-json\/wp\/v2\/types\/product"}],"wp:featuredmedia":[{"embeddable":true,"href":"https:\/\/www.miomiorun.com\/fr\/wp-json\/wp\/v2\/media\/231983"}],"wp:attachment":[{"href":"https:\/\/www.miomiorun.com\/fr\/wp-json\/wp\/v2\/media?parent=277757"}],"wp:term":[{"taxonomy":"product_brand","embeddable":true,"href":"https:\/\/www.miomiorun.com\/fr\/wp-json\/wp\/v2\/product_brand?post=277757"},{"taxonomy":"product_cat","embeddable":true,"href":"https:\/\/www.miomiorun.com\/fr\/wp-json\/wp\/v2\/product_cat?post=277757"},{"taxonomy":"product_tag","embeddable":true,"href":"https:\/\/www.miomiorun.com\/fr\/wp-json\/wp\/v2\/product_tag?post=277757"}],"curies":[{"name":"wp","href":"https:\/\/api.w.org\/{rel}","templated":true}]}}