{"id":277752,"date":"2021-04-29T12:02:30","date_gmt":"2021-04-29T10:02:30","guid":{"rendered":"https:\/\/miomiorun.com\/prodotto\/craft-cool-mesh-superlight-sl-uomo\/"},"modified":"2026-01-15T11:47:05","modified_gmt":"2026-01-15T10:47:05","slug":"craft-cool-mesh-superlight-sl-homme","status":"publish","type":"product","link":"https:\/\/www.miomiorun.com\/fr\/produit\/craft-cool-mesh-superlight-sl-homme\/","title":{"rendered":"Cool Mesh Superlight SL homme"},"content":{"rendered":"<p>Vous vous entra\u00eenez dur, mais vous avez l&#8217;impression de ne pas \u00eatre au meilleur de votre forme lorsque vient le moment de courir et de concourir ? Peut-\u00eatre que vous vous habillez trop chaudement. Le Cool Mesh Superlight Sleeveless est fabriqu\u00e9 dans un tissu fonctionnel \u00e0 larges mailles qui offre une ventilation et un refroidissement sup\u00e9rieurs, vous permettant ainsi de donner le meilleur de vous-m\u00eame m\u00eame par temps chaud. De plus, ce v\u00eatement ultra-l\u00e9ger b\u00e9n\u00e9ficie d&#8217;une conception 3D ergonomique qui garantit un ajustement parfait et une libert\u00e9 de mouvement optimale. Un excellent article \u00e0 porter sous votre maillot de cyclisme pour am\u00e9liorer le refroidissement et l&#8217;\u00e9vacuation de l&#8217;humidit\u00e9.<\/p>\n<p>&#8211; Tissu 100 % Mesh Superlight<br \/>\n&#8211; Extr\u00eamement l\u00e9ger<br \/>\n&#8211; Excellente \u00e9vacuation de l&#8217;humidit\u00e9 et refroidissement<br \/>\n&#8211; Design 3D ergonomique<\/p>\n<h2>Mat\u00e9riaux et lavage<\/h2>\n<p>95 % polyester recycl\u00e9, 5 % \u00e9lasthanne<\/p>\n<p>Lavage en machine \u00e0 40 degr\u00e9s.<\/p>\n","protected":false},"excerpt":{"rendered":"<p>Vous vous entra\u00eenez dur, mais vous avez l&#8217;impression de ne pas \u00eatre au meilleur de votre forme lorsque vient le moment de courir et de concourir ? Peut-\u00eatre que vous vous habillez trop chaudement. Le Cool Mesh Superlight Sleeveless est fabriqu\u00e9 dans un tissu fonctionnel \u00e0 larges mailles qui offre une ventilation et un refroidissement &hellip; <a href=\"https:\/\/www.miomiorun.com\/fr\/produit\/craft-cool-mesh-superlight-sl-homme\/\">Continued<\/a><\/p>\n","protected":false},"featured_media":231985,"template":"","meta":{"_acf_changed":false,"inline_featured_image":false},"product_brand":[],"product_cat":[24479,24482,24484],"product_tag":[23554,23647],"class_list":{"0":"post-277752","1":"product","2":"type-product","3":"status-publish","4":"has-post-thumbnail","6":"product_cat-sous-vetements-fr-2","7":"product_cat-vetements-pour-hommes-fr","8":"product_cat-homme","9":"product_tag-craft-fr","10":"product_tag-craft-homme","11":"pa_attivita-marcher","12":"pa_attivita-outdoor-fr","13":"pa_attivita-running-fr","14":"pa_attivita-trail-fr","15":"pa_colore-cool-mesh-superlight-sl-m-blaze-real-fr","16":"pa_colore-cool-superlight-sl-black-fr","17":"pa_colore-cool-superlight-sl-white-fr","18":"pa_marca-craft-fr","19":"pa_sesso-homme","20":"pa_size-extra-small-fr","21":"pa_size-small-fr","22":"pa_size-medium-fr","23":"pa_size-large-fr","24":"pa_size-extra-large-fr","25":"pa_size-xxl-fr","27":"first","28":"instock","29":"sale","30":"taxable","31":"shipping-taxable","32":"purchasable","33":"product-type-variable","34":"wvs-archive-product-wrapper"},"acf":[],"yoast_head":"<!-- This site is optimized with the Yoast SEO plugin v26.8 - https:\/\/yoast.com\/product\/yoast-seo-wordpress\/ -->\n<title>Craft Cool Mesh Superlight SL homme - Sous-v\u00eatements thermiques - MioMioRun.com<\/title>\n<meta name=\"description\" content=\"Le Cool Mesh Superlight Sleeveless est fabriqu\u00e9 dans un tissu fonctionnel \u00e0 larges mailles qui offre une ventilation et un refroidissement sup\u00e9rieurs.\" \/>\n<meta name=\"robots\" content=\"index, follow, max-snippet:-1, max-image-preview:large, max-video-preview:-1\" \/>\n<link rel=\"canonical\" href=\"https:\/\/www.miomiorun.com\/fr\/produit\/craft-cool-mesh-superlight-sl-homme\/\" \/>\n<meta property=\"og:locale\" content=\"fr_FR\" \/>\n<meta property=\"og:type\" content=\"article\" \/>\n<meta property=\"og:title\" content=\"Craft Cool Mesh Superlight SL homme - Sous-v\u00eatements thermiques - MioMioRun.com\" \/>\n<meta property=\"og:description\" content=\"Le Cool Mesh Superlight Sleeveless est fabriqu\u00e9 dans un tissu fonctionnel \u00e0 larges mailles qui offre une ventilation et un refroidissement sup\u00e9rieurs.\" \/>\n<meta property=\"og:url\" content=\"https:\/\/www.miomiorun.com\/fr\/produit\/craft-cool-mesh-superlight-sl-homme\/\" \/>\n<meta property=\"og:site_name\" content=\"MioMioRun\" \/>\n<meta property=\"article:publisher\" content=\"https:\/\/www.facebook.com\/miomiorun\/\" \/>\n<meta property=\"article:modified_time\" content=\"2026-01-15T10:47:05+00:00\" \/>\n<meta property=\"og:image\" content=\"https:\/\/www.miomiorun.com\/app\/uploads\/2021\/04\/craft-Cool-Superlight-SL-194378-1900.jpg\" \/>\n\t<meta property=\"og:image:width\" content=\"600\" \/>\n\t<meta property=\"og:image:height\" content=\"600\" \/>\n\t<meta property=\"og:image:type\" content=\"image\/jpeg\" \/>\n<meta name=\"twitter:card\" content=\"summary_large_image\" \/>\n<meta name=\"twitter:label1\" content=\"Est. reading time\" \/>\n\t<meta name=\"twitter:data1\" content=\"1 minute\" \/>\n<script type=\"application\/ld+json\" class=\"yoast-schema-graph\">{\"@context\":\"https:\/\/schema.org\",\"@graph\":[{\"@type\":\"WebPage\",\"@id\":\"https:\/\/www.miomiorun.com\/fr\/produit\/craft-cool-mesh-superlight-sl-homme\/\",\"url\":\"https:\/\/www.miomiorun.com\/fr\/produit\/craft-cool-mesh-superlight-sl-homme\/\",\"name\":\"Craft Cool Mesh Superlight SL homme - Sous-v\u00eatements thermiques - MioMioRun.com\",\"isPartOf\":{\"@id\":\"https:\/\/www.miomiorun.com\/fr\/#website\"},\"primaryImageOfPage\":{\"@id\":\"https:\/\/www.miomiorun.com\/fr\/produit\/craft-cool-mesh-superlight-sl-homme\/#primaryimage\"},\"image\":{\"@id\":\"https:\/\/www.miomiorun.com\/fr\/produit\/craft-cool-mesh-superlight-sl-homme\/#primaryimage\"},\"thumbnailUrl\":\"https:\/\/www.miomiorun.com\/app\/uploads\/2021\/04\/craft-Cool-Superlight-SL-194378-1900.jpg\",\"datePublished\":\"2021-04-29T10:02:30+00:00\",\"dateModified\":\"2026-01-15T10:47:05+00:00\",\"description\":\"Le Cool Mesh Superlight Sleeveless est fabriqu\u00e9 dans un tissu fonctionnel \u00e0 larges mailles qui offre une ventilation et un refroidissement sup\u00e9rieurs.\",\"breadcrumb\":{\"@id\":\"https:\/\/www.miomiorun.com\/fr\/produit\/craft-cool-mesh-superlight-sl-homme\/#breadcrumb\"},\"inLanguage\":\"fr-FR\",\"potentialAction\":[{\"@type\":\"ReadAction\",\"target\":[\"https:\/\/www.miomiorun.com\/fr\/produit\/craft-cool-mesh-superlight-sl-homme\/\"]}]},{\"@type\":\"ImageObject\",\"inLanguage\":\"fr-FR\",\"@id\":\"https:\/\/www.miomiorun.com\/fr\/produit\/craft-cool-mesh-superlight-sl-homme\/#primaryimage\",\"url\":\"https:\/\/www.miomiorun.com\/app\/uploads\/2021\/04\/craft-Cool-Superlight-SL-194378-1900.jpg\",\"contentUrl\":\"https:\/\/www.miomiorun.com\/app\/uploads\/2021\/04\/craft-Cool-Superlight-SL-194378-1900.jpg\",\"width\":600,\"height\":600,\"caption\":\"craft cool superlight sl fronte\"},{\"@type\":\"BreadcrumbList\",\"@id\":\"https:\/\/www.miomiorun.com\/fr\/produit\/craft-cool-mesh-superlight-sl-homme\/#breadcrumb\",\"itemListElement\":[{\"@type\":\"ListItem\",\"position\":1,\"name\":\"Home\",\"item\":\"https:\/\/www.miomiorun.com\/fr\/home-page\/\"},{\"@type\":\"ListItem\",\"position\":2,\"name\":\"Shop\",\"item\":\"https:\/\/www.miomiorun.com\/shop\/\"},{\"@type\":\"ListItem\",\"position\":3,\"name\":\"Cool Mesh Superlight SL homme\"}]},{\"@type\":\"WebSite\",\"@id\":\"https:\/\/www.miomiorun.com\/fr\/#website\",\"url\":\"https:\/\/www.miomiorun.com\/fr\/\",\"name\":\"MioMioRun\",\"description\":\"Boutique 100% running et trail\",\"publisher\":{\"@id\":\"https:\/\/www.miomiorun.com\/fr\/#organization\"},\"potentialAction\":[{\"@type\":\"SearchAction\",\"target\":{\"@type\":\"EntryPoint\",\"urlTemplate\":\"https:\/\/www.miomiorun.com\/fr\/?s={search_term_string}\"},\"query-input\":{\"@type\":\"PropertyValueSpecification\",\"valueRequired\":true,\"valueName\":\"search_term_string\"}}],\"inLanguage\":\"fr-FR\"},{\"@type\":\"Organization\",\"@id\":\"https:\/\/www.miomiorun.com\/fr\/#organization\",\"name\":\"MioMio Run\",\"url\":\"https:\/\/www.miomiorun.com\/fr\/\",\"logo\":{\"@type\":\"ImageObject\",\"inLanguage\":\"fr-FR\",\"@id\":\"https:\/\/www.miomiorun.com\/fr\/#\/schema\/logo\/image\/\",\"url\":\"https:\/\/www.miomiorun.com\/app\/uploads\/2019\/12\/logomio.png\",\"contentUrl\":\"https:\/\/www.miomiorun.com\/app\/uploads\/2019\/12\/logomio.png\",\"width\":115,\"height\":82,\"caption\":\"MioMio Run\"},\"image\":{\"@id\":\"https:\/\/www.miomiorun.com\/fr\/#\/schema\/logo\/image\/\"},\"sameAs\":[\"https:\/\/www.facebook.com\/miomiorun\/\",\"https:\/\/www.instagram.com\/miomiorun\/\"]}]}<\/script>\n<!-- \/ Yoast SEO plugin. -->","yoast_head_json":{"title":"Craft Cool Mesh Superlight SL homme - Sous-v\u00eatements thermiques - MioMioRun.com","description":"Le Cool Mesh Superlight Sleeveless est fabriqu\u00e9 dans un tissu fonctionnel \u00e0 larges mailles qui offre une ventilation et un refroidissement sup\u00e9rieurs.","robots":{"index":"index","follow":"follow","max-snippet":"max-snippet:-1","max-image-preview":"max-image-preview:large","max-video-preview":"max-video-preview:-1"},"canonical":"https:\/\/www.miomiorun.com\/fr\/produit\/craft-cool-mesh-superlight-sl-homme\/","og_locale":"fr_FR","og_type":"article","og_title":"Craft Cool Mesh Superlight SL homme - Sous-v\u00eatements thermiques - MioMioRun.com","og_description":"Le Cool Mesh Superlight Sleeveless est fabriqu\u00e9 dans un tissu fonctionnel \u00e0 larges mailles qui offre une ventilation et un refroidissement sup\u00e9rieurs.","og_url":"https:\/\/www.miomiorun.com\/fr\/produit\/craft-cool-mesh-superlight-sl-homme\/","og_site_name":"MioMioRun","article_publisher":"https:\/\/www.facebook.com\/miomiorun\/","article_modified_time":"2026-01-15T10:47:05+00:00","og_image":[{"width":600,"height":600,"url":"https:\/\/www.miomiorun.com\/app\/uploads\/2021\/04\/craft-Cool-Superlight-SL-194378-1900.jpg","type":"image\/jpeg"}],"twitter_card":"summary_large_image","twitter_misc":{"Est. reading time":"1 minute"},"schema":{"@context":"https:\/\/schema.org","@graph":[{"@type":"WebPage","@id":"https:\/\/www.miomiorun.com\/fr\/produit\/craft-cool-mesh-superlight-sl-homme\/","url":"https:\/\/www.miomiorun.com\/fr\/produit\/craft-cool-mesh-superlight-sl-homme\/","name":"Craft Cool Mesh Superlight SL homme - Sous-v\u00eatements thermiques - MioMioRun.com","isPartOf":{"@id":"https:\/\/www.miomiorun.com\/fr\/#website"},"primaryImageOfPage":{"@id":"https:\/\/www.miomiorun.com\/fr\/produit\/craft-cool-mesh-superlight-sl-homme\/#primaryimage"},"image":{"@id":"https:\/\/www.miomiorun.com\/fr\/produit\/craft-cool-mesh-superlight-sl-homme\/#primaryimage"},"thumbnailUrl":"https:\/\/www.miomiorun.com\/app\/uploads\/2021\/04\/craft-Cool-Superlight-SL-194378-1900.jpg","datePublished":"2021-04-29T10:02:30+00:00","dateModified":"2026-01-15T10:47:05+00:00","description":"Le Cool Mesh Superlight Sleeveless est fabriqu\u00e9 dans un tissu fonctionnel \u00e0 larges mailles qui offre une ventilation et un refroidissement sup\u00e9rieurs.","breadcrumb":{"@id":"https:\/\/www.miomiorun.com\/fr\/produit\/craft-cool-mesh-superlight-sl-homme\/#breadcrumb"},"inLanguage":"fr-FR","potentialAction":[{"@type":"ReadAction","target":["https:\/\/www.miomiorun.com\/fr\/produit\/craft-cool-mesh-superlight-sl-homme\/"]}]},{"@type":"ImageObject","inLanguage":"fr-FR","@id":"https:\/\/www.miomiorun.com\/fr\/produit\/craft-cool-mesh-superlight-sl-homme\/#primaryimage","url":"https:\/\/www.miomiorun.com\/app\/uploads\/2021\/04\/craft-Cool-Superlight-SL-194378-1900.jpg","contentUrl":"https:\/\/www.miomiorun.com\/app\/uploads\/2021\/04\/craft-Cool-Superlight-SL-194378-1900.jpg","width":600,"height":600,"caption":"craft cool superlight sl fronte"},{"@type":"BreadcrumbList","@id":"https:\/\/www.miomiorun.com\/fr\/produit\/craft-cool-mesh-superlight-sl-homme\/#breadcrumb","itemListElement":[{"@type":"ListItem","position":1,"name":"Home","item":"https:\/\/www.miomiorun.com\/fr\/home-page\/"},{"@type":"ListItem","position":2,"name":"Shop","item":"https:\/\/www.miomiorun.com\/shop\/"},{"@type":"ListItem","position":3,"name":"Cool Mesh Superlight SL homme"}]},{"@type":"WebSite","@id":"https:\/\/www.miomiorun.com\/fr\/#website","url":"https:\/\/www.miomiorun.com\/fr\/","name":"MioMioRun","description":"Boutique 100% running et trail","publisher":{"@id":"https:\/\/www.miomiorun.com\/fr\/#organization"},"potentialAction":[{"@type":"SearchAction","target":{"@type":"EntryPoint","urlTemplate":"https:\/\/www.miomiorun.com\/fr\/?s={search_term_string}"},"query-input":{"@type":"PropertyValueSpecification","valueRequired":true,"valueName":"search_term_string"}}],"inLanguage":"fr-FR"},{"@type":"Organization","@id":"https:\/\/www.miomiorun.com\/fr\/#organization","name":"MioMio Run","url":"https:\/\/www.miomiorun.com\/fr\/","logo":{"@type":"ImageObject","inLanguage":"fr-FR","@id":"https:\/\/www.miomiorun.com\/fr\/#\/schema\/logo\/image\/","url":"https:\/\/www.miomiorun.com\/app\/uploads\/2019\/12\/logomio.png","contentUrl":"https:\/\/www.miomiorun.com\/app\/uploads\/2019\/12\/logomio.png","width":115,"height":82,"caption":"MioMio Run"},"image":{"@id":"https:\/\/www.miomiorun.com\/fr\/#\/schema\/logo\/image\/"},"sameAs":["https:\/\/www.facebook.com\/miomiorun\/","https:\/\/www.instagram.com\/miomiorun\/"]}]}},"_links":{"self":[{"href":"https:\/\/www.miomiorun.com\/fr\/wp-json\/wp\/v2\/product\/277752","targetHints":{"allow":["GET"]}}],"collection":[{"href":"https:\/\/www.miomiorun.com\/fr\/wp-json\/wp\/v2\/product"}],"about":[{"href":"https:\/\/www.miomiorun.com\/fr\/wp-json\/wp\/v2\/types\/product"}],"wp:featuredmedia":[{"embeddable":true,"href":"https:\/\/www.miomiorun.com\/fr\/wp-json\/wp\/v2\/media\/231985"}],"wp:attachment":[{"href":"https:\/\/www.miomiorun.com\/fr\/wp-json\/wp\/v2\/media?parent=277752"}],"wp:term":[{"taxonomy":"product_brand","embeddable":true,"href":"https:\/\/www.miomiorun.com\/fr\/wp-json\/wp\/v2\/product_brand?post=277752"},{"taxonomy":"product_cat","embeddable":true,"href":"https:\/\/www.miomiorun.com\/fr\/wp-json\/wp\/v2\/product_cat?post=277752"},{"taxonomy":"product_tag","embeddable":true,"href":"https:\/\/www.miomiorun.com\/fr\/wp-json\/wp\/v2\/product_tag?post=277752"}],"curies":[{"name":"wp","href":"https:\/\/api.w.org\/{rel}","templated":true}]}}