{"id":277730,"date":"2021-04-29T18:05:10","date_gmt":"2021-04-29T16:05:10","guid":{"rendered":"https:\/\/miomiorun.com\/prodotto\/brooks-drive-mesh-run-bra-donna\/"},"modified":"2026-01-15T11:47:42","modified_gmt":"2026-01-15T10:47:42","slug":"brooks-drive-mesh-run-bra-femme","status":"publish","type":"product","link":"https:\/\/www.miomiorun.com\/fr\/produit\/brooks-drive-mesh-run-bra-femme\/","title":{"rendered":"Drive Mesh Run bra femme"},"content":{"rendered":"<div class=\"single-product-description\">Vous aimez les looks superpos\u00e9s ? Le soutien-gorge de course Drive Mesh offre maintien et compression pour la course \u00e0 pied dans un design qui combine une coupe haute et des empi\u00e8cements en mesh superpos\u00e9s.<\/div>\n<div><\/div>\n<div><\/div>\n<div>\n<table class=\"shoe__specs\">\n<tbody>\n<tr class=\"specs__row\">\n<td class=\"label label--bold\">Chaussant<\/td>\n<td>\n<p class=\"small\">Adh\u00e9rent<\/p>\n<\/td>\n<\/tr>\n<tr class=\"specs__row\">\n<td class=\"label label--bold\">Mat\u00e9riaux<\/td>\n<td>\n<p class=\"small\">DriLayer\u00ae HorsePower 72 % polyester, 28 % \u00e9lasthanne. Maille : DriLayer\u00ae HorsePower 84 % polyester, 16 % \u00e9lasthanne<\/p>\n<\/td>\n<\/tr>\n<tr class=\"specs__row\">\n<td class=\"label label--bold\">Bonnet de soutien-gorge<\/td>\n<td>\n<p class=\"small\">Rembourrage amovible<\/p>\n<\/td>\n<\/tr>\n<tr class=\"specs__row\">\n<td class=\"label label--bold\">bluesign\u00ae<\/td>\n<td>\n<p class=\"small\">Si<\/p>\n<\/td>\n<\/tr>\n<\/tbody>\n<\/table>\n<\/div>\n<p>&nbsp;<\/p>\n<h2>Soutien et compression pour la course \u00e0 pied<\/h2>\n<p>Ce soutien-gorge suit les mouvements de votre corps tout en assurant une compression ad\u00e9quate afin de r\u00e9duire les mouvements et vous offrir confort et maintien pendant votre course, dans plusieurs tailles.<\/p>\n<h2>Coupes amovibles<\/h2>\n<p>Les poches maintiennent les bonnets amovibles en place, pour une couverture personnalisable.<\/p>\n<h2>S\u00e9curit\u00e9 et style<\/h2>\n<p>Design unique \u00e0 l&#8217;arri\u00e8re et couche en maille, cr\u00e9ant un m\u00e9lange audacieux de mat\u00e9riaux et de couleurs, sans renoncer au confort et \u00e0 la s\u00e9curit\u00e9.<\/p>\n<h3>Avantages suppl\u00e9mentaires<\/h3>\n<h4>Ajustement parfait et s\u00fbr<\/h4>\n<p>La bande \u00e9lastique au bas le maintient en place.<\/p>\n","protected":false},"excerpt":{"rendered":"<p>Vous aimez les looks superpos\u00e9s ? Le soutien-gorge de course Drive Mesh offre maintien et compression pour la course \u00e0 pied dans un design qui combine une coupe haute et des empi\u00e8cements en mesh superpos\u00e9s. Chaussant Adh\u00e9rent Mat\u00e9riaux DriLayer\u00ae HorsePower 72 % polyester, 28 % \u00e9lasthanne. Maille : DriLayer\u00ae HorsePower 84 % polyester, 16 % &hellip; <a href=\"https:\/\/www.miomiorun.com\/fr\/produit\/brooks-drive-mesh-run-bra-femme\/\">Continued<\/a><\/p>\n","protected":false},"featured_media":231991,"template":"","meta":{"_acf_changed":false,"inline_featured_image":false},"product_brand":[],"product_cat":[22600,22596,22595],"product_tag":[23462,23656],"class_list":{"0":"post-277730","1":"product","2":"type-product","3":"status-publish","4":"has-post-thumbnail","6":"product_cat-sous-vetements","7":"product_cat-vetements-pour-femmes","8":"product_cat-femme","9":"product_tag-brooks-fr","10":"product_tag-brooks-femme","11":"pa_attivita-fitness-fr","12":"pa_attivita-marcher","13":"pa_attivita-running-fr","14":"pa_colore-drive-mesh-run-bra-fluoro-pink-fr","15":"pa_colore-drive-mesh-run-bra-heliotrope-magenta-fr","16":"pa_marca-brooks-fr","17":"pa_sesso-femme","18":"pa_size-extra-small-fr","19":"pa_size-small-fr","20":"pa_size-large-fr","22":"first","23":"instock","24":"sale","25":"taxable","26":"shipping-taxable","27":"purchasable","28":"product-type-variable","29":"wvs-archive-product-wrapper"},"acf":[],"yoast_head":"<!-- This site is optimized with the Yoast SEO plugin v26.8 - https:\/\/yoast.com\/product\/yoast-seo-wordpress\/ -->\n<title>Brooks Drive Mesh Run bra femme - Soutien-gorge de sport - MioMioRun<\/title>\n<meta name=\"description\" content=\"Le soutien-gorge de course Drive Mesh offre maintien et compression pour la course \u00e0 pied dans un design qui combine une coupe haute et des empi\u00e8cements en mesh superpos\u00e9s.\" \/>\n<meta name=\"robots\" content=\"index, follow, max-snippet:-1, max-image-preview:large, max-video-preview:-1\" \/>\n<link rel=\"canonical\" href=\"https:\/\/www.miomiorun.com\/fr\/produit\/brooks-drive-mesh-run-bra-femme\/\" \/>\n<meta property=\"og:locale\" content=\"fr_FR\" \/>\n<meta property=\"og:type\" content=\"article\" \/>\n<meta property=\"og:title\" content=\"Brooks Drive Mesh Run bra femme - Soutien-gorge de sport - MioMioRun\" \/>\n<meta property=\"og:description\" content=\"Le soutien-gorge de course Drive Mesh offre maintien et compression pour la course \u00e0 pied dans un design qui combine une coupe haute et des empi\u00e8cements en mesh superpos\u00e9s.\" \/>\n<meta property=\"og:url\" content=\"https:\/\/www.miomiorun.com\/fr\/produit\/brooks-drive-mesh-run-bra-femme\/\" \/>\n<meta property=\"og:site_name\" content=\"MioMioRun\" \/>\n<meta property=\"article:publisher\" content=\"https:\/\/www.facebook.com\/miomiorun\/\" \/>\n<meta property=\"article:modified_time\" content=\"2026-01-15T10:47:42+00:00\" \/>\n<meta property=\"og:image\" content=\"https:\/\/www.miomiorun.com\/app\/uploads\/2021\/04\/brooks-Drive-Mesh-Run-bra-300641-679.jpg\" \/>\n\t<meta property=\"og:image:width\" content=\"600\" \/>\n\t<meta property=\"og:image:height\" content=\"600\" \/>\n\t<meta property=\"og:image:type\" content=\"image\/jpeg\" \/>\n<meta name=\"twitter:card\" content=\"summary_large_image\" \/>\n<meta name=\"twitter:label1\" content=\"Est. reading time\" \/>\n\t<meta name=\"twitter:data1\" content=\"1 minute\" \/>\n<script type=\"application\/ld+json\" class=\"yoast-schema-graph\">{\"@context\":\"https:\/\/schema.org\",\"@graph\":[{\"@type\":\"WebPage\",\"@id\":\"https:\/\/www.miomiorun.com\/fr\/produit\/brooks-drive-mesh-run-bra-femme\/\",\"url\":\"https:\/\/www.miomiorun.com\/fr\/produit\/brooks-drive-mesh-run-bra-femme\/\",\"name\":\"Brooks Drive Mesh Run bra femme - Soutien-gorge de sport - MioMioRun\",\"isPartOf\":{\"@id\":\"https:\/\/www.miomiorun.com\/fr\/#website\"},\"primaryImageOfPage\":{\"@id\":\"https:\/\/www.miomiorun.com\/fr\/produit\/brooks-drive-mesh-run-bra-femme\/#primaryimage\"},\"image\":{\"@id\":\"https:\/\/www.miomiorun.com\/fr\/produit\/brooks-drive-mesh-run-bra-femme\/#primaryimage\"},\"thumbnailUrl\":\"https:\/\/www.miomiorun.com\/app\/uploads\/2021\/04\/brooks-Drive-Mesh-Run-bra-300641-679.jpg\",\"datePublished\":\"2021-04-29T16:05:10+00:00\",\"dateModified\":\"2026-01-15T10:47:42+00:00\",\"description\":\"Le soutien-gorge de course Drive Mesh offre maintien et compression pour la course \u00e0 pied dans un design qui combine une coupe haute et des empi\u00e8cements en mesh superpos\u00e9s.\",\"breadcrumb\":{\"@id\":\"https:\/\/www.miomiorun.com\/fr\/produit\/brooks-drive-mesh-run-bra-femme\/#breadcrumb\"},\"inLanguage\":\"fr-FR\",\"potentialAction\":[{\"@type\":\"ReadAction\",\"target\":[\"https:\/\/www.miomiorun.com\/fr\/produit\/brooks-drive-mesh-run-bra-femme\/\"]}]},{\"@type\":\"ImageObject\",\"inLanguage\":\"fr-FR\",\"@id\":\"https:\/\/www.miomiorun.com\/fr\/produit\/brooks-drive-mesh-run-bra-femme\/#primaryimage\",\"url\":\"https:\/\/www.miomiorun.com\/app\/uploads\/2021\/04\/brooks-Drive-Mesh-Run-bra-300641-679.jpg\",\"contentUrl\":\"https:\/\/www.miomiorun.com\/app\/uploads\/2021\/04\/brooks-Drive-Mesh-Run-bra-300641-679.jpg\",\"width\":600,\"height\":600,\"caption\":\"brooks drive mesh run bra pink\"},{\"@type\":\"BreadcrumbList\",\"@id\":\"https:\/\/www.miomiorun.com\/fr\/produit\/brooks-drive-mesh-run-bra-femme\/#breadcrumb\",\"itemListElement\":[{\"@type\":\"ListItem\",\"position\":1,\"name\":\"Home\",\"item\":\"https:\/\/www.miomiorun.com\/fr\/home-page\/\"},{\"@type\":\"ListItem\",\"position\":2,\"name\":\"Shop\",\"item\":\"https:\/\/www.miomiorun.com\/shop\/\"},{\"@type\":\"ListItem\",\"position\":3,\"name\":\"Drive Mesh Run bra femme\"}]},{\"@type\":\"WebSite\",\"@id\":\"https:\/\/www.miomiorun.com\/fr\/#website\",\"url\":\"https:\/\/www.miomiorun.com\/fr\/\",\"name\":\"MioMioRun\",\"description\":\"Boutique 100% running et trail\",\"publisher\":{\"@id\":\"https:\/\/www.miomiorun.com\/fr\/#organization\"},\"potentialAction\":[{\"@type\":\"SearchAction\",\"target\":{\"@type\":\"EntryPoint\",\"urlTemplate\":\"https:\/\/www.miomiorun.com\/fr\/?s={search_term_string}\"},\"query-input\":{\"@type\":\"PropertyValueSpecification\",\"valueRequired\":true,\"valueName\":\"search_term_string\"}}],\"inLanguage\":\"fr-FR\"},{\"@type\":\"Organization\",\"@id\":\"https:\/\/www.miomiorun.com\/fr\/#organization\",\"name\":\"MioMio Run\",\"url\":\"https:\/\/www.miomiorun.com\/fr\/\",\"logo\":{\"@type\":\"ImageObject\",\"inLanguage\":\"fr-FR\",\"@id\":\"https:\/\/www.miomiorun.com\/fr\/#\/schema\/logo\/image\/\",\"url\":\"https:\/\/www.miomiorun.com\/app\/uploads\/2019\/12\/logomio.png\",\"contentUrl\":\"https:\/\/www.miomiorun.com\/app\/uploads\/2019\/12\/logomio.png\",\"width\":115,\"height\":82,\"caption\":\"MioMio Run\"},\"image\":{\"@id\":\"https:\/\/www.miomiorun.com\/fr\/#\/schema\/logo\/image\/\"},\"sameAs\":[\"https:\/\/www.facebook.com\/miomiorun\/\",\"https:\/\/www.instagram.com\/miomiorun\/\"]}]}<\/script>\n<!-- \/ Yoast SEO plugin. -->","yoast_head_json":{"title":"Brooks Drive Mesh Run bra femme - Soutien-gorge de sport - MioMioRun","description":"Le soutien-gorge de course Drive Mesh offre maintien et compression pour la course \u00e0 pied dans un design qui combine une coupe haute et des empi\u00e8cements en mesh superpos\u00e9s.","robots":{"index":"index","follow":"follow","max-snippet":"max-snippet:-1","max-image-preview":"max-image-preview:large","max-video-preview":"max-video-preview:-1"},"canonical":"https:\/\/www.miomiorun.com\/fr\/produit\/brooks-drive-mesh-run-bra-femme\/","og_locale":"fr_FR","og_type":"article","og_title":"Brooks Drive Mesh Run bra femme - Soutien-gorge de sport - MioMioRun","og_description":"Le soutien-gorge de course Drive Mesh offre maintien et compression pour la course \u00e0 pied dans un design qui combine une coupe haute et des empi\u00e8cements en mesh superpos\u00e9s.","og_url":"https:\/\/www.miomiorun.com\/fr\/produit\/brooks-drive-mesh-run-bra-femme\/","og_site_name":"MioMioRun","article_publisher":"https:\/\/www.facebook.com\/miomiorun\/","article_modified_time":"2026-01-15T10:47:42+00:00","og_image":[{"width":600,"height":600,"url":"https:\/\/www.miomiorun.com\/app\/uploads\/2021\/04\/brooks-Drive-Mesh-Run-bra-300641-679.jpg","type":"image\/jpeg"}],"twitter_card":"summary_large_image","twitter_misc":{"Est. reading time":"1 minute"},"schema":{"@context":"https:\/\/schema.org","@graph":[{"@type":"WebPage","@id":"https:\/\/www.miomiorun.com\/fr\/produit\/brooks-drive-mesh-run-bra-femme\/","url":"https:\/\/www.miomiorun.com\/fr\/produit\/brooks-drive-mesh-run-bra-femme\/","name":"Brooks Drive Mesh Run bra femme - Soutien-gorge de sport - MioMioRun","isPartOf":{"@id":"https:\/\/www.miomiorun.com\/fr\/#website"},"primaryImageOfPage":{"@id":"https:\/\/www.miomiorun.com\/fr\/produit\/brooks-drive-mesh-run-bra-femme\/#primaryimage"},"image":{"@id":"https:\/\/www.miomiorun.com\/fr\/produit\/brooks-drive-mesh-run-bra-femme\/#primaryimage"},"thumbnailUrl":"https:\/\/www.miomiorun.com\/app\/uploads\/2021\/04\/brooks-Drive-Mesh-Run-bra-300641-679.jpg","datePublished":"2021-04-29T16:05:10+00:00","dateModified":"2026-01-15T10:47:42+00:00","description":"Le soutien-gorge de course Drive Mesh offre maintien et compression pour la course \u00e0 pied dans un design qui combine une coupe haute et des empi\u00e8cements en mesh superpos\u00e9s.","breadcrumb":{"@id":"https:\/\/www.miomiorun.com\/fr\/produit\/brooks-drive-mesh-run-bra-femme\/#breadcrumb"},"inLanguage":"fr-FR","potentialAction":[{"@type":"ReadAction","target":["https:\/\/www.miomiorun.com\/fr\/produit\/brooks-drive-mesh-run-bra-femme\/"]}]},{"@type":"ImageObject","inLanguage":"fr-FR","@id":"https:\/\/www.miomiorun.com\/fr\/produit\/brooks-drive-mesh-run-bra-femme\/#primaryimage","url":"https:\/\/www.miomiorun.com\/app\/uploads\/2021\/04\/brooks-Drive-Mesh-Run-bra-300641-679.jpg","contentUrl":"https:\/\/www.miomiorun.com\/app\/uploads\/2021\/04\/brooks-Drive-Mesh-Run-bra-300641-679.jpg","width":600,"height":600,"caption":"brooks drive mesh run bra pink"},{"@type":"BreadcrumbList","@id":"https:\/\/www.miomiorun.com\/fr\/produit\/brooks-drive-mesh-run-bra-femme\/#breadcrumb","itemListElement":[{"@type":"ListItem","position":1,"name":"Home","item":"https:\/\/www.miomiorun.com\/fr\/home-page\/"},{"@type":"ListItem","position":2,"name":"Shop","item":"https:\/\/www.miomiorun.com\/shop\/"},{"@type":"ListItem","position":3,"name":"Drive Mesh Run bra femme"}]},{"@type":"WebSite","@id":"https:\/\/www.miomiorun.com\/fr\/#website","url":"https:\/\/www.miomiorun.com\/fr\/","name":"MioMioRun","description":"Boutique 100% running et trail","publisher":{"@id":"https:\/\/www.miomiorun.com\/fr\/#organization"},"potentialAction":[{"@type":"SearchAction","target":{"@type":"EntryPoint","urlTemplate":"https:\/\/www.miomiorun.com\/fr\/?s={search_term_string}"},"query-input":{"@type":"PropertyValueSpecification","valueRequired":true,"valueName":"search_term_string"}}],"inLanguage":"fr-FR"},{"@type":"Organization","@id":"https:\/\/www.miomiorun.com\/fr\/#organization","name":"MioMio Run","url":"https:\/\/www.miomiorun.com\/fr\/","logo":{"@type":"ImageObject","inLanguage":"fr-FR","@id":"https:\/\/www.miomiorun.com\/fr\/#\/schema\/logo\/image\/","url":"https:\/\/www.miomiorun.com\/app\/uploads\/2019\/12\/logomio.png","contentUrl":"https:\/\/www.miomiorun.com\/app\/uploads\/2019\/12\/logomio.png","width":115,"height":82,"caption":"MioMio Run"},"image":{"@id":"https:\/\/www.miomiorun.com\/fr\/#\/schema\/logo\/image\/"},"sameAs":["https:\/\/www.facebook.com\/miomiorun\/","https:\/\/www.instagram.com\/miomiorun\/"]}]}},"_links":{"self":[{"href":"https:\/\/www.miomiorun.com\/fr\/wp-json\/wp\/v2\/product\/277730","targetHints":{"allow":["GET"]}}],"collection":[{"href":"https:\/\/www.miomiorun.com\/fr\/wp-json\/wp\/v2\/product"}],"about":[{"href":"https:\/\/www.miomiorun.com\/fr\/wp-json\/wp\/v2\/types\/product"}],"wp:featuredmedia":[{"embeddable":true,"href":"https:\/\/www.miomiorun.com\/fr\/wp-json\/wp\/v2\/media\/231991"}],"wp:attachment":[{"href":"https:\/\/www.miomiorun.com\/fr\/wp-json\/wp\/v2\/media?parent=277730"}],"wp:term":[{"taxonomy":"product_brand","embeddable":true,"href":"https:\/\/www.miomiorun.com\/fr\/wp-json\/wp\/v2\/product_brand?post=277730"},{"taxonomy":"product_cat","embeddable":true,"href":"https:\/\/www.miomiorun.com\/fr\/wp-json\/wp\/v2\/product_cat?post=277730"},{"taxonomy":"product_tag","embeddable":true,"href":"https:\/\/www.miomiorun.com\/fr\/wp-json\/wp\/v2\/product_tag?post=277730"}],"curies":[{"name":"wp","href":"https:\/\/api.w.org\/{rel}","templated":true}]}}