{"id":277722,"date":"2021-04-29T18:18:43","date_gmt":"2021-04-29T16:18:43","guid":{"rendered":"https:\/\/miomiorun.com\/prodotto\/brooks-dare-crossback-run-bra-donna\/"},"modified":"2026-01-15T11:48:23","modified_gmt":"2026-01-15T10:48:23","slug":"brooks-dare-crossback-run-bra-femme","status":"publish","type":"product","link":"https:\/\/www.miomiorun.com\/fr\/produit\/brooks-dare-crossback-run-bra-femme\/","title":{"rendered":"Dare crossback Run bra femme"},"content":{"rendered":"<div class=\"single-product-description\">Un soutien-gorge \u00e0 enfiler sans bretelles crois\u00e9es ? Bien s\u00fbr ! Ce soutien-gorge de course \u00e0 dos crois\u00e9 allie un style simple et \u00e9pur\u00e9 \u00e0 un maintien adapt\u00e9 \u00e0 la course gr\u00e2ce \u00e0 ses bonnets moul\u00e9s int\u00e9gr\u00e9s.<\/div>\n<div><\/div>\n<div>\n<table class=\"shoe__specs\">\n<tbody>\n<tr class=\"specs__row\">\n<td class=\"label label--bold\">Type d&#8217;impact<\/td>\n<td>\n<p class=\"small\">Impact \u00e9lev\u00e9<\/p>\n<\/td>\n<\/tr>\n<tr class=\"specs__row\">\n<td class=\"label label--bold\">Usine<\/td>\n<td>\n<p class=\"small\">CORPS : DriLayer. HorsePower Spacer 63 % nylon\/37 % \u00e9lasthanne COUPELLES : DriLayer. 100 % polyester<\/p>\n<\/td>\n<\/tr>\n<tr class=\"specs__row\">\n<td class=\"label label--bold\">Type de fermeture<\/td>\n<td>\n<p class=\"small\">pull<\/p>\n<\/td>\n<\/tr>\n<\/tbody>\n<\/table>\n<\/div>\n<h2>Soutiens-gorge Dare Run de Brooks<\/h2>\n<p>Notre nouvelle collection de soutiens-gorge est la plus grande innovation dans l&#8217;histoire des soutiens-gorge de sport Brooks. Nous nous sommes lanc\u00e9 le d\u00e9fi de cr\u00e9er le meilleur soutien-gorge de course \u00e0 pied, et nous avons r\u00e9ussi. Gr\u00e2ce \u00e0 leur confort et \u00e0 leur soutien exceptionnel, les soutiens-gorge Dare Run permettent aux femmes de repousser leurs limites, quelle que soit leur activit\u00e9.<\/p>\n<h2>Design \u00e9lanc\u00e9<\/h2>\n<p>Le design crois\u00e9 dans le dos de ce soutien-gorge de sport \u00e0 enfiler permet de le mettre et de l&#8217;enlever tr\u00e8s facilement : pas de fermeture \u00e9clair ni d&#8217;agrafes.<\/p>\n<h2>Bande inf\u00e9rieure cach\u00e9e<\/h2>\n<p>La bande inf\u00e9rieure est enti\u00e8rement int\u00e9gr\u00e9e au soutien-gorge, offrant un maintien l\u00e0 o\u00f9 vous en avez besoin, tout en garantissant l&#8217;absence de frottements et un confort maximal.<\/p>\n<h2>Design sans fioritures<\/h2>\n<p>Le tissu DriLayer\u00ae HorsePower agit en synergie avec les bonnets moul\u00e9s et la structure free-cut pour une forme visible et une silhouette \u00e9lanc\u00e9e.<\/p>\n<div class=\"benefits__section benefits__section--additional col-lg-12 col-md-6 col-sm-2\">\n<h2>Avantages suppl\u00e9mentaires<\/h2>\n<h3>A\u00e9ration am\u00e9lior\u00e9e<\/h3>\n<p>Tissu perfor\u00e9 strat\u00e9giquement positionn\u00e9 pour une meilleure ventilation.<\/p>\n<\/div>\n","protected":false},"excerpt":{"rendered":"<p>Un soutien-gorge \u00e0 enfiler sans bretelles crois\u00e9es ? Bien s\u00fbr ! Ce soutien-gorge de course \u00e0 dos crois\u00e9 allie un style simple et \u00e9pur\u00e9 \u00e0 un maintien adapt\u00e9 \u00e0 la course gr\u00e2ce \u00e0 ses bonnets moul\u00e9s int\u00e9gr\u00e9s. Type d&#8217;impact Impact \u00e9lev\u00e9 Usine CORPS : DriLayer. HorsePower Spacer 63 % nylon\/37 % \u00e9lasthanne COUPELLES : DriLayer. &hellip; <a href=\"https:\/\/www.miomiorun.com\/fr\/produit\/brooks-dare-crossback-run-bra-femme\/\">Continued<\/a><\/p>\n","protected":false},"featured_media":231995,"template":"","meta":{"_acf_changed":false,"inline_featured_image":false},"product_brand":[],"product_cat":[24440,24444,24246],"product_tag":[23462,23656],"class_list":{"0":"post-277722","1":"product","2":"type-product","3":"status-publish","4":"has-post-thumbnail","6":"product_cat-sous-vetements-fr","7":"product_cat-vetements-pour-femmes-fr","8":"product_cat-offres-pour-les-femmes","9":"product_tag-brooks-fr","10":"product_tag-brooks-femme","11":"pa_attivita-fitness-fr","12":"pa_attivita-marcher","13":"pa_attivita-running-fr","14":"pa_colore-dare-crossback-run-bra-fluoro-pink-fr","15":"pa_colore-dare-crossback-run-bra-magenta-heliotrope-fr","16":"pa_marca-brooks-fr","17":"pa_sesso-femme","18":"pa_size-32c-fr","19":"pa_size-38a-fr","21":"first","22":"instock","23":"sale","24":"taxable","25":"shipping-taxable","26":"purchasable","27":"product-type-variable","28":"wvs-archive-product-wrapper"},"acf":[],"yoast_head":"<!-- This site is optimized with the Yoast SEO plugin v26.8 - https:\/\/yoast.com\/product\/yoast-seo-wordpress\/ -->\n<title>Brooks Dare crossback Run bra femme - Soutien-gorge de sport - MioMioRun<\/title>\n<meta name=\"description\" content=\"Ce soutien-gorge de course \u00e0 dos crois\u00e9 allie un style simple au maintien adapt\u00e9 \u00e0 la course des bonnets moul\u00e9s int\u00e9gr\u00e9s.\" \/>\n<meta name=\"robots\" content=\"index, follow, max-snippet:-1, max-image-preview:large, max-video-preview:-1\" \/>\n<link rel=\"canonical\" href=\"https:\/\/www.miomiorun.com\/fr\/produit\/brooks-dare-crossback-run-bra-femme\/\" \/>\n<meta property=\"og:locale\" content=\"fr_FR\" \/>\n<meta property=\"og:type\" content=\"article\" \/>\n<meta property=\"og:title\" content=\"Brooks Dare crossback Run bra femme - Soutien-gorge de sport - MioMioRun\" \/>\n<meta property=\"og:description\" content=\"Ce soutien-gorge de course \u00e0 dos crois\u00e9 allie un style simple au maintien adapt\u00e9 \u00e0 la course des bonnets moul\u00e9s int\u00e9gr\u00e9s.\" \/>\n<meta property=\"og:url\" content=\"https:\/\/www.miomiorun.com\/fr\/produit\/brooks-dare-crossback-run-bra-femme\/\" \/>\n<meta property=\"og:site_name\" content=\"MioMioRun\" \/>\n<meta property=\"article:publisher\" content=\"https:\/\/www.facebook.com\/miomiorun\/\" \/>\n<meta property=\"article:modified_time\" content=\"2026-01-15T10:48:23+00:00\" \/>\n<meta property=\"og:image\" content=\"https:\/\/www.miomiorun.com\/app\/uploads\/2021\/04\/brooks-Dare-crossback-Run-bra-350074-679.jpg\" \/>\n\t<meta property=\"og:image:width\" content=\"600\" \/>\n\t<meta property=\"og:image:height\" content=\"600\" \/>\n\t<meta property=\"og:image:type\" content=\"image\/jpeg\" \/>\n<meta name=\"twitter:card\" content=\"summary_large_image\" \/>\n<meta name=\"twitter:label1\" content=\"Est. reading time\" \/>\n\t<meta name=\"twitter:data1\" content=\"1 minute\" \/>\n<script type=\"application\/ld+json\" class=\"yoast-schema-graph\">{\"@context\":\"https:\/\/schema.org\",\"@graph\":[{\"@type\":\"WebPage\",\"@id\":\"https:\/\/www.miomiorun.com\/fr\/produit\/brooks-dare-crossback-run-bra-femme\/\",\"url\":\"https:\/\/www.miomiorun.com\/fr\/produit\/brooks-dare-crossback-run-bra-femme\/\",\"name\":\"Brooks Dare crossback Run bra femme - Soutien-gorge de sport - MioMioRun\",\"isPartOf\":{\"@id\":\"https:\/\/www.miomiorun.com\/fr\/#website\"},\"primaryImageOfPage\":{\"@id\":\"https:\/\/www.miomiorun.com\/fr\/produit\/brooks-dare-crossback-run-bra-femme\/#primaryimage\"},\"image\":{\"@id\":\"https:\/\/www.miomiorun.com\/fr\/produit\/brooks-dare-crossback-run-bra-femme\/#primaryimage\"},\"thumbnailUrl\":\"https:\/\/www.miomiorun.com\/app\/uploads\/2021\/04\/brooks-Dare-crossback-Run-bra-350074-679.jpg\",\"datePublished\":\"2021-04-29T16:18:43+00:00\",\"dateModified\":\"2026-01-15T10:48:23+00:00\",\"description\":\"Ce soutien-gorge de course \u00e0 dos crois\u00e9 allie un style simple au maintien adapt\u00e9 \u00e0 la course des bonnets moul\u00e9s int\u00e9gr\u00e9s.\",\"breadcrumb\":{\"@id\":\"https:\/\/www.miomiorun.com\/fr\/produit\/brooks-dare-crossback-run-bra-femme\/#breadcrumb\"},\"inLanguage\":\"fr-FR\",\"potentialAction\":[{\"@type\":\"ReadAction\",\"target\":[\"https:\/\/www.miomiorun.com\/fr\/produit\/brooks-dare-crossback-run-bra-femme\/\"]}]},{\"@type\":\"ImageObject\",\"inLanguage\":\"fr-FR\",\"@id\":\"https:\/\/www.miomiorun.com\/fr\/produit\/brooks-dare-crossback-run-bra-femme\/#primaryimage\",\"url\":\"https:\/\/www.miomiorun.com\/app\/uploads\/2021\/04\/brooks-Dare-crossback-Run-bra-350074-679.jpg\",\"contentUrl\":\"https:\/\/www.miomiorun.com\/app\/uploads\/2021\/04\/brooks-Dare-crossback-Run-bra-350074-679.jpg\",\"width\":600,\"height\":600,\"caption\":\"brooks dare crossback run bra donna\"},{\"@type\":\"BreadcrumbList\",\"@id\":\"https:\/\/www.miomiorun.com\/fr\/produit\/brooks-dare-crossback-run-bra-femme\/#breadcrumb\",\"itemListElement\":[{\"@type\":\"ListItem\",\"position\":1,\"name\":\"Home\",\"item\":\"https:\/\/www.miomiorun.com\/fr\/home-page\/\"},{\"@type\":\"ListItem\",\"position\":2,\"name\":\"Shop\",\"item\":\"https:\/\/www.miomiorun.com\/shop\/\"},{\"@type\":\"ListItem\",\"position\":3,\"name\":\"Dare crossback Run bra femme\"}]},{\"@type\":\"WebSite\",\"@id\":\"https:\/\/www.miomiorun.com\/fr\/#website\",\"url\":\"https:\/\/www.miomiorun.com\/fr\/\",\"name\":\"MioMioRun\",\"description\":\"Boutique 100% running et trail\",\"publisher\":{\"@id\":\"https:\/\/www.miomiorun.com\/fr\/#organization\"},\"potentialAction\":[{\"@type\":\"SearchAction\",\"target\":{\"@type\":\"EntryPoint\",\"urlTemplate\":\"https:\/\/www.miomiorun.com\/fr\/?s={search_term_string}\"},\"query-input\":{\"@type\":\"PropertyValueSpecification\",\"valueRequired\":true,\"valueName\":\"search_term_string\"}}],\"inLanguage\":\"fr-FR\"},{\"@type\":\"Organization\",\"@id\":\"https:\/\/www.miomiorun.com\/fr\/#organization\",\"name\":\"MioMio Run\",\"url\":\"https:\/\/www.miomiorun.com\/fr\/\",\"logo\":{\"@type\":\"ImageObject\",\"inLanguage\":\"fr-FR\",\"@id\":\"https:\/\/www.miomiorun.com\/fr\/#\/schema\/logo\/image\/\",\"url\":\"https:\/\/www.miomiorun.com\/app\/uploads\/2019\/12\/logomio.png\",\"contentUrl\":\"https:\/\/www.miomiorun.com\/app\/uploads\/2019\/12\/logomio.png\",\"width\":115,\"height\":82,\"caption\":\"MioMio Run\"},\"image\":{\"@id\":\"https:\/\/www.miomiorun.com\/fr\/#\/schema\/logo\/image\/\"},\"sameAs\":[\"https:\/\/www.facebook.com\/miomiorun\/\",\"https:\/\/www.instagram.com\/miomiorun\/\"]}]}<\/script>\n<!-- \/ Yoast SEO plugin. -->","yoast_head_json":{"title":"Brooks Dare crossback Run bra femme - Soutien-gorge de sport - MioMioRun","description":"Ce soutien-gorge de course \u00e0 dos crois\u00e9 allie un style simple au maintien adapt\u00e9 \u00e0 la course des bonnets moul\u00e9s int\u00e9gr\u00e9s.","robots":{"index":"index","follow":"follow","max-snippet":"max-snippet:-1","max-image-preview":"max-image-preview:large","max-video-preview":"max-video-preview:-1"},"canonical":"https:\/\/www.miomiorun.com\/fr\/produit\/brooks-dare-crossback-run-bra-femme\/","og_locale":"fr_FR","og_type":"article","og_title":"Brooks Dare crossback Run bra femme - Soutien-gorge de sport - MioMioRun","og_description":"Ce soutien-gorge de course \u00e0 dos crois\u00e9 allie un style simple au maintien adapt\u00e9 \u00e0 la course des bonnets moul\u00e9s int\u00e9gr\u00e9s.","og_url":"https:\/\/www.miomiorun.com\/fr\/produit\/brooks-dare-crossback-run-bra-femme\/","og_site_name":"MioMioRun","article_publisher":"https:\/\/www.facebook.com\/miomiorun\/","article_modified_time":"2026-01-15T10:48:23+00:00","og_image":[{"width":600,"height":600,"url":"https:\/\/www.miomiorun.com\/app\/uploads\/2021\/04\/brooks-Dare-crossback-Run-bra-350074-679.jpg","type":"image\/jpeg"}],"twitter_card":"summary_large_image","twitter_misc":{"Est. reading time":"1 minute"},"schema":{"@context":"https:\/\/schema.org","@graph":[{"@type":"WebPage","@id":"https:\/\/www.miomiorun.com\/fr\/produit\/brooks-dare-crossback-run-bra-femme\/","url":"https:\/\/www.miomiorun.com\/fr\/produit\/brooks-dare-crossback-run-bra-femme\/","name":"Brooks Dare crossback Run bra femme - Soutien-gorge de sport - MioMioRun","isPartOf":{"@id":"https:\/\/www.miomiorun.com\/fr\/#website"},"primaryImageOfPage":{"@id":"https:\/\/www.miomiorun.com\/fr\/produit\/brooks-dare-crossback-run-bra-femme\/#primaryimage"},"image":{"@id":"https:\/\/www.miomiorun.com\/fr\/produit\/brooks-dare-crossback-run-bra-femme\/#primaryimage"},"thumbnailUrl":"https:\/\/www.miomiorun.com\/app\/uploads\/2021\/04\/brooks-Dare-crossback-Run-bra-350074-679.jpg","datePublished":"2021-04-29T16:18:43+00:00","dateModified":"2026-01-15T10:48:23+00:00","description":"Ce soutien-gorge de course \u00e0 dos crois\u00e9 allie un style simple au maintien adapt\u00e9 \u00e0 la course des bonnets moul\u00e9s int\u00e9gr\u00e9s.","breadcrumb":{"@id":"https:\/\/www.miomiorun.com\/fr\/produit\/brooks-dare-crossback-run-bra-femme\/#breadcrumb"},"inLanguage":"fr-FR","potentialAction":[{"@type":"ReadAction","target":["https:\/\/www.miomiorun.com\/fr\/produit\/brooks-dare-crossback-run-bra-femme\/"]}]},{"@type":"ImageObject","inLanguage":"fr-FR","@id":"https:\/\/www.miomiorun.com\/fr\/produit\/brooks-dare-crossback-run-bra-femme\/#primaryimage","url":"https:\/\/www.miomiorun.com\/app\/uploads\/2021\/04\/brooks-Dare-crossback-Run-bra-350074-679.jpg","contentUrl":"https:\/\/www.miomiorun.com\/app\/uploads\/2021\/04\/brooks-Dare-crossback-Run-bra-350074-679.jpg","width":600,"height":600,"caption":"brooks dare crossback run bra donna"},{"@type":"BreadcrumbList","@id":"https:\/\/www.miomiorun.com\/fr\/produit\/brooks-dare-crossback-run-bra-femme\/#breadcrumb","itemListElement":[{"@type":"ListItem","position":1,"name":"Home","item":"https:\/\/www.miomiorun.com\/fr\/home-page\/"},{"@type":"ListItem","position":2,"name":"Shop","item":"https:\/\/www.miomiorun.com\/shop\/"},{"@type":"ListItem","position":3,"name":"Dare crossback Run bra femme"}]},{"@type":"WebSite","@id":"https:\/\/www.miomiorun.com\/fr\/#website","url":"https:\/\/www.miomiorun.com\/fr\/","name":"MioMioRun","description":"Boutique 100% running et trail","publisher":{"@id":"https:\/\/www.miomiorun.com\/fr\/#organization"},"potentialAction":[{"@type":"SearchAction","target":{"@type":"EntryPoint","urlTemplate":"https:\/\/www.miomiorun.com\/fr\/?s={search_term_string}"},"query-input":{"@type":"PropertyValueSpecification","valueRequired":true,"valueName":"search_term_string"}}],"inLanguage":"fr-FR"},{"@type":"Organization","@id":"https:\/\/www.miomiorun.com\/fr\/#organization","name":"MioMio Run","url":"https:\/\/www.miomiorun.com\/fr\/","logo":{"@type":"ImageObject","inLanguage":"fr-FR","@id":"https:\/\/www.miomiorun.com\/fr\/#\/schema\/logo\/image\/","url":"https:\/\/www.miomiorun.com\/app\/uploads\/2019\/12\/logomio.png","contentUrl":"https:\/\/www.miomiorun.com\/app\/uploads\/2019\/12\/logomio.png","width":115,"height":82,"caption":"MioMio Run"},"image":{"@id":"https:\/\/www.miomiorun.com\/fr\/#\/schema\/logo\/image\/"},"sameAs":["https:\/\/www.facebook.com\/miomiorun\/","https:\/\/www.instagram.com\/miomiorun\/"]}]}},"_links":{"self":[{"href":"https:\/\/www.miomiorun.com\/fr\/wp-json\/wp\/v2\/product\/277722","targetHints":{"allow":["GET"]}}],"collection":[{"href":"https:\/\/www.miomiorun.com\/fr\/wp-json\/wp\/v2\/product"}],"about":[{"href":"https:\/\/www.miomiorun.com\/fr\/wp-json\/wp\/v2\/types\/product"}],"wp:featuredmedia":[{"embeddable":true,"href":"https:\/\/www.miomiorun.com\/fr\/wp-json\/wp\/v2\/media\/231995"}],"wp:attachment":[{"href":"https:\/\/www.miomiorun.com\/fr\/wp-json\/wp\/v2\/media?parent=277722"}],"wp:term":[{"taxonomy":"product_brand","embeddable":true,"href":"https:\/\/www.miomiorun.com\/fr\/wp-json\/wp\/v2\/product_brand?post=277722"},{"taxonomy":"product_cat","embeddable":true,"href":"https:\/\/www.miomiorun.com\/fr\/wp-json\/wp\/v2\/product_cat?post=277722"},{"taxonomy":"product_tag","embeddable":true,"href":"https:\/\/www.miomiorun.com\/fr\/wp-json\/wp\/v2\/product_tag?post=277722"}],"curies":[{"name":"wp","href":"https:\/\/api.w.org\/{rel}","templated":true}]}}