{"id":277711,"date":"2021-04-30T18:17:24","date_gmt":"2021-04-30T16:17:24","guid":{"rendered":"https:\/\/miomiorun.com\/prodotto\/brooks-drive-interlace-run-bra-donna\/"},"modified":"2026-01-14T11:41:20","modified_gmt":"2026-01-14T10:41:20","slug":"brooks-drive-interlace-run-bra-femme","status":"publish","type":"product","link":"https:\/\/www.miomiorun.com\/fr\/produit\/brooks-drive-interlace-run-bra-femme\/","title":{"rendered":"Drive Interlace Run bra femme"},"content":{"rendered":"<div class=\"single-product-description\">Vous recherchez une respirabilit\u00e9 maximale, mais aussi un style original ? Le soutien-gorge de course Drive Interlace avec entrelacement dans le dos vous offre le maintien et la compression id\u00e9aux pour la course \u00e0 pied.<\/div>\n<div><\/div>\n<div><\/div>\n<table class=\"shoe__specs\">\n<tbody>\n<tr class=\"specs__row\">\n<td class=\"label label--bold\">Chaussant<\/td>\n<td>\n<p class=\"small\">Adh\u00e9rent<\/p>\n<\/td>\n<\/tr>\n<tr class=\"specs__row\">\n<td class=\"label label--bold\">Usine<\/td>\n<td>\n<p class=\"small\">DriLayer\u00ae HorsePower 72 % polyester, 28 % \u00e9lasthanne<\/p>\n<\/td>\n<\/tr>\n<tr class=\"specs__row\">\n<td class=\"label label--bold\">Type de fermeture<\/td>\n<td>\n<p class=\"small\">Bretelles, fermeture \u00e0 agrafes dans le dos<\/p>\n<\/td>\n<\/tr>\n<tr class=\"specs__row\">\n<td class=\"label label--bold\">bluesign\u00ae<\/td>\n<td>\n<p class=\"small\">Si<\/p>\n<\/td>\n<\/tr>\n<\/tbody>\n<\/table>\n<h2>Soutien et compression pour la course \u00e0 pied<\/h2>\n<p>Ce soutien-gorge suit les mouvements de votre corps tout en assurant une compression ad\u00e9quate afin de r\u00e9duire les mouvements et vous offrir confort et maintien pendant votre course, dans plusieurs tailles.<\/p>\n<h2>Extr\u00eame respirabilit\u00e9<\/h2>\n<p>Le tissu \u00e0 s\u00e9chage rapide DriLayer\u00ae, les empi\u00e8cements en mesh dans les zones de forte transpiration et la coupe ajust\u00e9e fonctionnent en synergie pour offrir une ventilation optimale.<\/p>\n<h2>Couverture discr\u00e8te<\/h2>\n<p>Technologie amortissante qui garantit s\u00e9curit\u00e9 et effet modelant sans bonnets int\u00e9gr\u00e9s.<\/p>\n<h3>Avantages suppl\u00e9mentaires<\/h3>\n<h4>Confort sans distractions<\/h4>\n<p>Les coutures thermosoud\u00e9es r\u00e9duisent les irritations cutan\u00e9es.<\/p>\n<h4>Ajustement personnalis\u00e9<\/h4>\n<p>Fermeture arri\u00e8re r\u00e9glable avec bretelles<\/p>\n","protected":false},"excerpt":{"rendered":"<p>Vous recherchez une respirabilit\u00e9 maximale, mais aussi un style original ? Le soutien-gorge de course Drive Interlace avec entrelacement dans le dos vous offre le maintien et la compression id\u00e9aux pour la course \u00e0 pied. Chaussant Adh\u00e9rent Usine DriLayer\u00ae HorsePower 72 % polyester, 28 % \u00e9lasthanne Type de fermeture Bretelles, fermeture \u00e0 agrafes dans le &hellip; <a href=\"https:\/\/www.miomiorun.com\/fr\/produit\/brooks-drive-interlace-run-bra-femme\/\">Continued<\/a><\/p>\n","protected":false},"featured_media":231999,"template":"","meta":{"_acf_changed":false,"inline_featured_image":false},"product_brand":[],"product_cat":[22600,22596,22595],"product_tag":[23462,23656],"class_list":{"0":"post-277711","1":"product","2":"type-product","3":"status-publish","4":"has-post-thumbnail","6":"product_cat-sous-vetements","7":"product_cat-vetements-pour-femmes","8":"product_cat-femme","9":"product_tag-brooks-fr","10":"product_tag-brooks-femme","11":"pa_attivita-fitness-fr","12":"pa_attivita-marcher","13":"pa_attivita-running-fr","14":"pa_marca-brooks-fr","15":"pa_sesso-femme","16":"pa_size-32c-fr","17":"pa_size-34c-fr","18":"pa_size-36c-fr","19":"pa_size-38c-fr","21":"first","22":"instock","23":"sale","24":"taxable","25":"shipping-taxable","26":"purchasable","27":"product-type-variable","28":"wvs-archive-product-wrapper"},"acf":[],"yoast_head":"<!-- This site is optimized with the Yoast SEO plugin v26.8 - https:\/\/yoast.com\/product\/yoast-seo-wordpress\/ -->\n<title>Brooks Drive Interlace Run bra femme - Soutien-gorge de sport - MioMioRun<\/title>\n<meta name=\"description\" content=\"Le soutien-gorge de course Drive Interlace avec entrelacement dans le dos vous offre un maintien et une compression id\u00e9aux pour la course \u00e0 pied.\" \/>\n<meta name=\"robots\" content=\"index, follow, max-snippet:-1, max-image-preview:large, max-video-preview:-1\" \/>\n<link rel=\"canonical\" href=\"https:\/\/www.miomiorun.com\/fr\/produit\/brooks-drive-interlace-run-bra-femme\/\" \/>\n<meta property=\"og:locale\" content=\"fr_FR\" \/>\n<meta property=\"og:type\" content=\"article\" \/>\n<meta property=\"og:title\" content=\"Brooks Drive Interlace Run bra femme - Soutien-gorge de sport - MioMioRun\" \/>\n<meta property=\"og:description\" content=\"Le soutien-gorge de course Drive Interlace avec entrelacement dans le dos vous offre un maintien et une compression id\u00e9aux pour la course \u00e0 pied.\" \/>\n<meta property=\"og:url\" content=\"https:\/\/www.miomiorun.com\/fr\/produit\/brooks-drive-interlace-run-bra-femme\/\" \/>\n<meta property=\"og:site_name\" content=\"MioMioRun\" \/>\n<meta property=\"article:publisher\" content=\"https:\/\/www.facebook.com\/miomiorun\/\" \/>\n<meta property=\"article:modified_time\" content=\"2026-01-14T10:41:20+00:00\" \/>\n<meta property=\"og:image\" content=\"https:\/\/www.miomiorun.com\/app\/uploads\/2021\/04\/brooks-Drive-Interlace-Run-bra-350082-001.jpg\" \/>\n\t<meta property=\"og:image:width\" content=\"600\" \/>\n\t<meta property=\"og:image:height\" content=\"600\" \/>\n\t<meta property=\"og:image:type\" content=\"image\/jpeg\" \/>\n<meta name=\"twitter:card\" content=\"summary_large_image\" \/>\n<meta name=\"twitter:label1\" content=\"Est. reading time\" \/>\n\t<meta name=\"twitter:data1\" content=\"1 minute\" \/>\n<script type=\"application\/ld+json\" class=\"yoast-schema-graph\">{\"@context\":\"https:\/\/schema.org\",\"@graph\":[{\"@type\":\"WebPage\",\"@id\":\"https:\/\/www.miomiorun.com\/fr\/produit\/brooks-drive-interlace-run-bra-femme\/\",\"url\":\"https:\/\/www.miomiorun.com\/fr\/produit\/brooks-drive-interlace-run-bra-femme\/\",\"name\":\"Brooks Drive Interlace Run bra femme - Soutien-gorge de sport - MioMioRun\",\"isPartOf\":{\"@id\":\"https:\/\/www.miomiorun.com\/fr\/#website\"},\"primaryImageOfPage\":{\"@id\":\"https:\/\/www.miomiorun.com\/fr\/produit\/brooks-drive-interlace-run-bra-femme\/#primaryimage\"},\"image\":{\"@id\":\"https:\/\/www.miomiorun.com\/fr\/produit\/brooks-drive-interlace-run-bra-femme\/#primaryimage\"},\"thumbnailUrl\":\"https:\/\/www.miomiorun.com\/app\/uploads\/2021\/04\/brooks-Drive-Interlace-Run-bra-350082-001.jpg\",\"datePublished\":\"2021-04-30T16:17:24+00:00\",\"dateModified\":\"2026-01-14T10:41:20+00:00\",\"description\":\"Le soutien-gorge de course Drive Interlace avec entrelacement dans le dos vous offre un maintien et une compression id\u00e9aux pour la course \u00e0 pied.\",\"breadcrumb\":{\"@id\":\"https:\/\/www.miomiorun.com\/fr\/produit\/brooks-drive-interlace-run-bra-femme\/#breadcrumb\"},\"inLanguage\":\"fr-FR\",\"potentialAction\":[{\"@type\":\"ReadAction\",\"target\":[\"https:\/\/www.miomiorun.com\/fr\/produit\/brooks-drive-interlace-run-bra-femme\/\"]}]},{\"@type\":\"ImageObject\",\"inLanguage\":\"fr-FR\",\"@id\":\"https:\/\/www.miomiorun.com\/fr\/produit\/brooks-drive-interlace-run-bra-femme\/#primaryimage\",\"url\":\"https:\/\/www.miomiorun.com\/app\/uploads\/2021\/04\/brooks-Drive-Interlace-Run-bra-350082-001.jpg\",\"contentUrl\":\"https:\/\/www.miomiorun.com\/app\/uploads\/2021\/04\/brooks-Drive-Interlace-Run-bra-350082-001.jpg\",\"width\":600,\"height\":600,\"caption\":\"brooks drive interlace run bra\"},{\"@type\":\"BreadcrumbList\",\"@id\":\"https:\/\/www.miomiorun.com\/fr\/produit\/brooks-drive-interlace-run-bra-femme\/#breadcrumb\",\"itemListElement\":[{\"@type\":\"ListItem\",\"position\":1,\"name\":\"Home\",\"item\":\"https:\/\/www.miomiorun.com\/fr\/home-page\/\"},{\"@type\":\"ListItem\",\"position\":2,\"name\":\"Shop\",\"item\":\"https:\/\/www.miomiorun.com\/shop\/\"},{\"@type\":\"ListItem\",\"position\":3,\"name\":\"Drive Interlace Run bra femme\"}]},{\"@type\":\"WebSite\",\"@id\":\"https:\/\/www.miomiorun.com\/fr\/#website\",\"url\":\"https:\/\/www.miomiorun.com\/fr\/\",\"name\":\"MioMioRun\",\"description\":\"Boutique 100% running et trail\",\"publisher\":{\"@id\":\"https:\/\/www.miomiorun.com\/fr\/#organization\"},\"potentialAction\":[{\"@type\":\"SearchAction\",\"target\":{\"@type\":\"EntryPoint\",\"urlTemplate\":\"https:\/\/www.miomiorun.com\/fr\/?s={search_term_string}\"},\"query-input\":{\"@type\":\"PropertyValueSpecification\",\"valueRequired\":true,\"valueName\":\"search_term_string\"}}],\"inLanguage\":\"fr-FR\"},{\"@type\":\"Organization\",\"@id\":\"https:\/\/www.miomiorun.com\/fr\/#organization\",\"name\":\"MioMio Run\",\"url\":\"https:\/\/www.miomiorun.com\/fr\/\",\"logo\":{\"@type\":\"ImageObject\",\"inLanguage\":\"fr-FR\",\"@id\":\"https:\/\/www.miomiorun.com\/fr\/#\/schema\/logo\/image\/\",\"url\":\"https:\/\/www.miomiorun.com\/app\/uploads\/2019\/12\/logomio.png\",\"contentUrl\":\"https:\/\/www.miomiorun.com\/app\/uploads\/2019\/12\/logomio.png\",\"width\":115,\"height\":82,\"caption\":\"MioMio Run\"},\"image\":{\"@id\":\"https:\/\/www.miomiorun.com\/fr\/#\/schema\/logo\/image\/\"},\"sameAs\":[\"https:\/\/www.facebook.com\/miomiorun\/\",\"https:\/\/www.instagram.com\/miomiorun\/\"]}]}<\/script>\n<!-- \/ Yoast SEO plugin. -->","yoast_head_json":{"title":"Brooks Drive Interlace Run bra femme - Soutien-gorge de sport - MioMioRun","description":"Le soutien-gorge de course Drive Interlace avec entrelacement dans le dos vous offre un maintien et une compression id\u00e9aux pour la course \u00e0 pied.","robots":{"index":"index","follow":"follow","max-snippet":"max-snippet:-1","max-image-preview":"max-image-preview:large","max-video-preview":"max-video-preview:-1"},"canonical":"https:\/\/www.miomiorun.com\/fr\/produit\/brooks-drive-interlace-run-bra-femme\/","og_locale":"fr_FR","og_type":"article","og_title":"Brooks Drive Interlace Run bra femme - Soutien-gorge de sport - MioMioRun","og_description":"Le soutien-gorge de course Drive Interlace avec entrelacement dans le dos vous offre un maintien et une compression id\u00e9aux pour la course \u00e0 pied.","og_url":"https:\/\/www.miomiorun.com\/fr\/produit\/brooks-drive-interlace-run-bra-femme\/","og_site_name":"MioMioRun","article_publisher":"https:\/\/www.facebook.com\/miomiorun\/","article_modified_time":"2026-01-14T10:41:20+00:00","og_image":[{"width":600,"height":600,"url":"https:\/\/www.miomiorun.com\/app\/uploads\/2021\/04\/brooks-Drive-Interlace-Run-bra-350082-001.jpg","type":"image\/jpeg"}],"twitter_card":"summary_large_image","twitter_misc":{"Est. reading time":"1 minute"},"schema":{"@context":"https:\/\/schema.org","@graph":[{"@type":"WebPage","@id":"https:\/\/www.miomiorun.com\/fr\/produit\/brooks-drive-interlace-run-bra-femme\/","url":"https:\/\/www.miomiorun.com\/fr\/produit\/brooks-drive-interlace-run-bra-femme\/","name":"Brooks Drive Interlace Run bra femme - Soutien-gorge de sport - MioMioRun","isPartOf":{"@id":"https:\/\/www.miomiorun.com\/fr\/#website"},"primaryImageOfPage":{"@id":"https:\/\/www.miomiorun.com\/fr\/produit\/brooks-drive-interlace-run-bra-femme\/#primaryimage"},"image":{"@id":"https:\/\/www.miomiorun.com\/fr\/produit\/brooks-drive-interlace-run-bra-femme\/#primaryimage"},"thumbnailUrl":"https:\/\/www.miomiorun.com\/app\/uploads\/2021\/04\/brooks-Drive-Interlace-Run-bra-350082-001.jpg","datePublished":"2021-04-30T16:17:24+00:00","dateModified":"2026-01-14T10:41:20+00:00","description":"Le soutien-gorge de course Drive Interlace avec entrelacement dans le dos vous offre un maintien et une compression id\u00e9aux pour la course \u00e0 pied.","breadcrumb":{"@id":"https:\/\/www.miomiorun.com\/fr\/produit\/brooks-drive-interlace-run-bra-femme\/#breadcrumb"},"inLanguage":"fr-FR","potentialAction":[{"@type":"ReadAction","target":["https:\/\/www.miomiorun.com\/fr\/produit\/brooks-drive-interlace-run-bra-femme\/"]}]},{"@type":"ImageObject","inLanguage":"fr-FR","@id":"https:\/\/www.miomiorun.com\/fr\/produit\/brooks-drive-interlace-run-bra-femme\/#primaryimage","url":"https:\/\/www.miomiorun.com\/app\/uploads\/2021\/04\/brooks-Drive-Interlace-Run-bra-350082-001.jpg","contentUrl":"https:\/\/www.miomiorun.com\/app\/uploads\/2021\/04\/brooks-Drive-Interlace-Run-bra-350082-001.jpg","width":600,"height":600,"caption":"brooks drive interlace run bra"},{"@type":"BreadcrumbList","@id":"https:\/\/www.miomiorun.com\/fr\/produit\/brooks-drive-interlace-run-bra-femme\/#breadcrumb","itemListElement":[{"@type":"ListItem","position":1,"name":"Home","item":"https:\/\/www.miomiorun.com\/fr\/home-page\/"},{"@type":"ListItem","position":2,"name":"Shop","item":"https:\/\/www.miomiorun.com\/shop\/"},{"@type":"ListItem","position":3,"name":"Drive Interlace Run bra femme"}]},{"@type":"WebSite","@id":"https:\/\/www.miomiorun.com\/fr\/#website","url":"https:\/\/www.miomiorun.com\/fr\/","name":"MioMioRun","description":"Boutique 100% running et trail","publisher":{"@id":"https:\/\/www.miomiorun.com\/fr\/#organization"},"potentialAction":[{"@type":"SearchAction","target":{"@type":"EntryPoint","urlTemplate":"https:\/\/www.miomiorun.com\/fr\/?s={search_term_string}"},"query-input":{"@type":"PropertyValueSpecification","valueRequired":true,"valueName":"search_term_string"}}],"inLanguage":"fr-FR"},{"@type":"Organization","@id":"https:\/\/www.miomiorun.com\/fr\/#organization","name":"MioMio Run","url":"https:\/\/www.miomiorun.com\/fr\/","logo":{"@type":"ImageObject","inLanguage":"fr-FR","@id":"https:\/\/www.miomiorun.com\/fr\/#\/schema\/logo\/image\/","url":"https:\/\/www.miomiorun.com\/app\/uploads\/2019\/12\/logomio.png","contentUrl":"https:\/\/www.miomiorun.com\/app\/uploads\/2019\/12\/logomio.png","width":115,"height":82,"caption":"MioMio Run"},"image":{"@id":"https:\/\/www.miomiorun.com\/fr\/#\/schema\/logo\/image\/"},"sameAs":["https:\/\/www.facebook.com\/miomiorun\/","https:\/\/www.instagram.com\/miomiorun\/"]}]}},"_links":{"self":[{"href":"https:\/\/www.miomiorun.com\/fr\/wp-json\/wp\/v2\/product\/277711","targetHints":{"allow":["GET"]}}],"collection":[{"href":"https:\/\/www.miomiorun.com\/fr\/wp-json\/wp\/v2\/product"}],"about":[{"href":"https:\/\/www.miomiorun.com\/fr\/wp-json\/wp\/v2\/types\/product"}],"wp:featuredmedia":[{"embeddable":true,"href":"https:\/\/www.miomiorun.com\/fr\/wp-json\/wp\/v2\/media\/231999"}],"wp:attachment":[{"href":"https:\/\/www.miomiorun.com\/fr\/wp-json\/wp\/v2\/media?parent=277711"}],"wp:term":[{"taxonomy":"product_brand","embeddable":true,"href":"https:\/\/www.miomiorun.com\/fr\/wp-json\/wp\/v2\/product_brand?post=277711"},{"taxonomy":"product_cat","embeddable":true,"href":"https:\/\/www.miomiorun.com\/fr\/wp-json\/wp\/v2\/product_cat?post=277711"},{"taxonomy":"product_tag","embeddable":true,"href":"https:\/\/www.miomiorun.com\/fr\/wp-json\/wp\/v2\/product_tag?post=277711"}],"curies":[{"name":"wp","href":"https:\/\/api.w.org\/{rel}","templated":true}]}}