{"id":277676,"date":"2021-05-07T12:21:43","date_gmt":"2021-05-07T10:21:43","guid":{"rendered":"https:\/\/miomiorun.com\/prodotto\/brooks-canopy-jacket-donna\/"},"modified":"2026-01-15T11:53:11","modified_gmt":"2026-01-15T10:53:11","slug":"brooks-canopy-jacket-femme","status":"publish","type":"product","link":"https:\/\/www.miomiorun.com\/fr\/produit\/brooks-canopy-jacket-femme\/","title":{"rendered":"Canopy Jacket femme"},"content":{"rendered":"<div class=\"single-product-description\">La veste Canopy pour femme, l\u00e9g\u00e8re et polyvalente, offre une protection contre le vent et l&#8217;eau et une coupe confortable qui vous permet de vous concentrer sur votre course sans vous soucier de vos v\u00eatements. <\/div>\n<div>\n<p><b>CARACT\u00c9RISTIQUES<\/b><br \/>\nCoupe : d\u00e9contract\u00e9e<\/p>\n<p>Tissu : DriLayer Seal 100 % polyester ripstop<\/p>\n<p>UPF : 30<\/p>\n<div class=\"m-feature__description m-feature__description col-lg-6 col-md-3 col-sm-2 show\">\n<div class=\"vertical__wrap\">\n<h5 class=\"medium\">R\u00e9siste au vent et \u00e0 la pluie<\/h5>\n<p class=\"type\">En cas de pluie soudaine, prot\u00e9gez-vous gr\u00e2ce au tissu DriLayer\u00ae Seal, respirant et r\u00e9sistant aux intemp\u00e9ries. Les \u00e9l\u00e9ments r\u00e9fl\u00e9chissants \u00e0 l&#8217;avant et \u00e0 l&#8217;arri\u00e8re vous rendront visible dans des conditions de faible luminosit\u00e9.<\/p>\n<div class=\"m-feature__description m-feature__description col-lg-6 col-md-3 col-sm-2 show\">\n<div class=\"vertical__wrap\">\n<h5 class=\"medium\">Respirant<\/h5>\n<p class=\"type\">Vous pouvez courir, mais vous ne pouvez pas vous cacher des conditions m\u00e9t\u00e9orologiques. Cependant, vous pouvez utiliser une veste respirante qui vous gardera au sec et au chaud en combattant la transpiration. <\/p>\n<div class=\"m-feature__description m-feature__description col-lg-6 col-md-3 col-sm-2 show\">\n<div class=\"vertical__wrap\">\n<h5 class=\"medium\">Pliable et portable<\/h5>\n<p class=\"type\">Con\u00e7ue pour \u00eatre imbattable contre les \u00e9l\u00e9ments, cette veste de course r\u00e9sistante aux intemp\u00e9ries se plie facilement dans une poche poitrine zipp\u00e9e qui contient une bande \u00e9lastique portable pour la ranger rapidement et facilement.<\/p>\n<\/div>\n<\/div>\n<\/div>\n<\/div>\n<\/div>\n<\/div>\n<p>&nbsp;<\/p>\n<\/div>\n","protected":false},"excerpt":{"rendered":"<p><span style=\"font-weight: 400\">Affrontez les intemp\u00e9ries avec cette veste de course pour homme performante. Le tissu DriLayer\u00ae r\u00e9siste au vent et \u00e0 la pluie et peut \u00eatre repli\u00e9 dans une poche zipp\u00e9e pour \u00eatre facilement transport\u00e9.<\/span><\/p>\n","protected":false},"featured_media":232047,"template":"","meta":{"_acf_changed":false,"inline_featured_image":false},"product_brand":[],"product_cat":[22599,22596,22595],"product_tag":[23462,23656],"class_list":{"0":"post-277676","1":"product","2":"type-product","3":"status-publish","4":"has-post-thumbnail","6":"product_cat-vestes","7":"product_cat-vetements-pour-femmes","8":"product_cat-femme","9":"product_tag-brooks-fr","10":"product_tag-brooks-femme","11":"pa_attivita-camminata","12":"pa_attivita-gehen","13":"pa_colore-canopy-jacket-w-lt-lime","14":"pa_colore-canopy-jacket-w-lt-lime-de","15":"pa_marca-brooks","16":"pa_marca-brooks-de","17":"pa_sesso-damen","18":"pa_sesso-donna","19":"pa_size-extra-small","20":"pa_size-extra-small-de","22":"first","23":"instock","24":"sale","25":"taxable","26":"shipping-taxable","27":"purchasable","28":"product-type-variable","29":"wvs-archive-product-wrapper"},"acf":[],"yoast_head":"<!-- This site is optimized with the Yoast SEO plugin v26.8 - https:\/\/yoast.com\/product\/yoast-seo-wordpress\/ -->\n<title>Brooks Canopy Jacket femme - Veste de course - MioMioRun.com<\/title>\n<meta name=\"description\" content=\"La veste Canopy pour femme, l\u00e9g\u00e8re et polyvalente, offre une protection contre le vent et l&#039;eau ainsi qu&#039;une coupe confortable.\" \/>\n<meta name=\"robots\" content=\"index, follow, max-snippet:-1, max-image-preview:large, max-video-preview:-1\" \/>\n<link rel=\"canonical\" href=\"https:\/\/www.miomiorun.com\/fr\/produit\/brooks-canopy-jacket-femme\/\" \/>\n<meta property=\"og:locale\" content=\"fr_FR\" \/>\n<meta property=\"og:type\" content=\"article\" \/>\n<meta property=\"og:title\" content=\"Brooks Canopy Jacket femme - Veste de course - MioMioRun.com\" \/>\n<meta property=\"og:description\" content=\"La veste Canopy pour femme, l\u00e9g\u00e8re et polyvalente, offre une protection contre le vent et l&#039;eau ainsi qu&#039;une coupe confortable.\" \/>\n<meta property=\"og:url\" content=\"https:\/\/www.miomiorun.com\/fr\/produit\/brooks-canopy-jacket-femme\/\" \/>\n<meta property=\"og:site_name\" content=\"MioMioRun\" \/>\n<meta property=\"article:publisher\" content=\"https:\/\/www.facebook.com\/miomiorun\/\" \/>\n<meta property=\"article:modified_time\" content=\"2026-01-15T10:53:11+00:00\" \/>\n<meta property=\"og:image\" content=\"https:\/\/www.miomiorun.com\/app\/uploads\/2021\/05\/brooks-Canopy-Jacket-W-221427-679.jpg\" \/>\n\t<meta property=\"og:image:width\" content=\"600\" \/>\n\t<meta property=\"og:image:height\" content=\"600\" \/>\n\t<meta property=\"og:image:type\" content=\"image\/jpeg\" \/>\n<meta name=\"twitter:card\" content=\"summary_large_image\" \/>\n<meta name=\"twitter:label1\" content=\"Est. reading time\" \/>\n\t<meta name=\"twitter:data1\" content=\"1 minute\" \/>\n<script type=\"application\/ld+json\" class=\"yoast-schema-graph\">{\"@context\":\"https:\/\/schema.org\",\"@graph\":[{\"@type\":\"WebPage\",\"@id\":\"https:\/\/www.miomiorun.com\/fr\/produit\/brooks-canopy-jacket-femme\/\",\"url\":\"https:\/\/www.miomiorun.com\/fr\/produit\/brooks-canopy-jacket-femme\/\",\"name\":\"Brooks Canopy Jacket femme - Veste de course - MioMioRun.com\",\"isPartOf\":{\"@id\":\"https:\/\/www.miomiorun.com\/fr\/#website\"},\"primaryImageOfPage\":{\"@id\":\"https:\/\/www.miomiorun.com\/fr\/produit\/brooks-canopy-jacket-femme\/#primaryimage\"},\"image\":{\"@id\":\"https:\/\/www.miomiorun.com\/fr\/produit\/brooks-canopy-jacket-femme\/#primaryimage\"},\"thumbnailUrl\":\"https:\/\/www.miomiorun.com\/app\/uploads\/2021\/05\/brooks-Canopy-Jacket-W-221427-679.jpg\",\"datePublished\":\"2021-05-07T10:21:43+00:00\",\"dateModified\":\"2026-01-15T10:53:11+00:00\",\"description\":\"La veste Canopy pour femme, l\u00e9g\u00e8re et polyvalente, offre une protection contre le vent et l'eau ainsi qu'une coupe confortable.\",\"breadcrumb\":{\"@id\":\"https:\/\/www.miomiorun.com\/fr\/produit\/brooks-canopy-jacket-femme\/#breadcrumb\"},\"inLanguage\":\"fr-FR\",\"potentialAction\":[{\"@type\":\"ReadAction\",\"target\":[\"https:\/\/www.miomiorun.com\/fr\/produit\/brooks-canopy-jacket-femme\/\"]}]},{\"@type\":\"ImageObject\",\"inLanguage\":\"fr-FR\",\"@id\":\"https:\/\/www.miomiorun.com\/fr\/produit\/brooks-canopy-jacket-femme\/#primaryimage\",\"url\":\"https:\/\/www.miomiorun.com\/app\/uploads\/2021\/05\/brooks-Canopy-Jacket-W-221427-679.jpg\",\"contentUrl\":\"https:\/\/www.miomiorun.com\/app\/uploads\/2021\/05\/brooks-Canopy-Jacket-W-221427-679.jpg\",\"width\":600,\"height\":600,\"caption\":\"brooks canopy jacket donna\"},{\"@type\":\"BreadcrumbList\",\"@id\":\"https:\/\/www.miomiorun.com\/fr\/produit\/brooks-canopy-jacket-femme\/#breadcrumb\",\"itemListElement\":[{\"@type\":\"ListItem\",\"position\":1,\"name\":\"Home\",\"item\":\"https:\/\/www.miomiorun.com\/fr\/home-page\/\"},{\"@type\":\"ListItem\",\"position\":2,\"name\":\"Shop\",\"item\":\"https:\/\/www.miomiorun.com\/shop\/\"},{\"@type\":\"ListItem\",\"position\":3,\"name\":\"Canopy Jacket femme\"}]},{\"@type\":\"WebSite\",\"@id\":\"https:\/\/www.miomiorun.com\/fr\/#website\",\"url\":\"https:\/\/www.miomiorun.com\/fr\/\",\"name\":\"MioMioRun\",\"description\":\"Boutique 100% running et trail\",\"publisher\":{\"@id\":\"https:\/\/www.miomiorun.com\/fr\/#organization\"},\"potentialAction\":[{\"@type\":\"SearchAction\",\"target\":{\"@type\":\"EntryPoint\",\"urlTemplate\":\"https:\/\/www.miomiorun.com\/fr\/?s={search_term_string}\"},\"query-input\":{\"@type\":\"PropertyValueSpecification\",\"valueRequired\":true,\"valueName\":\"search_term_string\"}}],\"inLanguage\":\"fr-FR\"},{\"@type\":\"Organization\",\"@id\":\"https:\/\/www.miomiorun.com\/fr\/#organization\",\"name\":\"MioMio Run\",\"url\":\"https:\/\/www.miomiorun.com\/fr\/\",\"logo\":{\"@type\":\"ImageObject\",\"inLanguage\":\"fr-FR\",\"@id\":\"https:\/\/www.miomiorun.com\/fr\/#\/schema\/logo\/image\/\",\"url\":\"https:\/\/www.miomiorun.com\/app\/uploads\/2019\/12\/logomio.png\",\"contentUrl\":\"https:\/\/www.miomiorun.com\/app\/uploads\/2019\/12\/logomio.png\",\"width\":115,\"height\":82,\"caption\":\"MioMio Run\"},\"image\":{\"@id\":\"https:\/\/www.miomiorun.com\/fr\/#\/schema\/logo\/image\/\"},\"sameAs\":[\"https:\/\/www.facebook.com\/miomiorun\/\",\"https:\/\/www.instagram.com\/miomiorun\/\"]}]}<\/script>\n<!-- \/ Yoast SEO plugin. -->","yoast_head_json":{"title":"Brooks Canopy Jacket femme - Veste de course - MioMioRun.com","description":"La veste Canopy pour femme, l\u00e9g\u00e8re et polyvalente, offre une protection contre le vent et l'eau ainsi qu'une coupe confortable.","robots":{"index":"index","follow":"follow","max-snippet":"max-snippet:-1","max-image-preview":"max-image-preview:large","max-video-preview":"max-video-preview:-1"},"canonical":"https:\/\/www.miomiorun.com\/fr\/produit\/brooks-canopy-jacket-femme\/","og_locale":"fr_FR","og_type":"article","og_title":"Brooks Canopy Jacket femme - Veste de course - MioMioRun.com","og_description":"La veste Canopy pour femme, l\u00e9g\u00e8re et polyvalente, offre une protection contre le vent et l'eau ainsi qu'une coupe confortable.","og_url":"https:\/\/www.miomiorun.com\/fr\/produit\/brooks-canopy-jacket-femme\/","og_site_name":"MioMioRun","article_publisher":"https:\/\/www.facebook.com\/miomiorun\/","article_modified_time":"2026-01-15T10:53:11+00:00","og_image":[{"width":600,"height":600,"url":"https:\/\/www.miomiorun.com\/app\/uploads\/2021\/05\/brooks-Canopy-Jacket-W-221427-679.jpg","type":"image\/jpeg"}],"twitter_card":"summary_large_image","twitter_misc":{"Est. reading time":"1 minute"},"schema":{"@context":"https:\/\/schema.org","@graph":[{"@type":"WebPage","@id":"https:\/\/www.miomiorun.com\/fr\/produit\/brooks-canopy-jacket-femme\/","url":"https:\/\/www.miomiorun.com\/fr\/produit\/brooks-canopy-jacket-femme\/","name":"Brooks Canopy Jacket femme - Veste de course - MioMioRun.com","isPartOf":{"@id":"https:\/\/www.miomiorun.com\/fr\/#website"},"primaryImageOfPage":{"@id":"https:\/\/www.miomiorun.com\/fr\/produit\/brooks-canopy-jacket-femme\/#primaryimage"},"image":{"@id":"https:\/\/www.miomiorun.com\/fr\/produit\/brooks-canopy-jacket-femme\/#primaryimage"},"thumbnailUrl":"https:\/\/www.miomiorun.com\/app\/uploads\/2021\/05\/brooks-Canopy-Jacket-W-221427-679.jpg","datePublished":"2021-05-07T10:21:43+00:00","dateModified":"2026-01-15T10:53:11+00:00","description":"La veste Canopy pour femme, l\u00e9g\u00e8re et polyvalente, offre une protection contre le vent et l'eau ainsi qu'une coupe confortable.","breadcrumb":{"@id":"https:\/\/www.miomiorun.com\/fr\/produit\/brooks-canopy-jacket-femme\/#breadcrumb"},"inLanguage":"fr-FR","potentialAction":[{"@type":"ReadAction","target":["https:\/\/www.miomiorun.com\/fr\/produit\/brooks-canopy-jacket-femme\/"]}]},{"@type":"ImageObject","inLanguage":"fr-FR","@id":"https:\/\/www.miomiorun.com\/fr\/produit\/brooks-canopy-jacket-femme\/#primaryimage","url":"https:\/\/www.miomiorun.com\/app\/uploads\/2021\/05\/brooks-Canopy-Jacket-W-221427-679.jpg","contentUrl":"https:\/\/www.miomiorun.com\/app\/uploads\/2021\/05\/brooks-Canopy-Jacket-W-221427-679.jpg","width":600,"height":600,"caption":"brooks canopy jacket donna"},{"@type":"BreadcrumbList","@id":"https:\/\/www.miomiorun.com\/fr\/produit\/brooks-canopy-jacket-femme\/#breadcrumb","itemListElement":[{"@type":"ListItem","position":1,"name":"Home","item":"https:\/\/www.miomiorun.com\/fr\/home-page\/"},{"@type":"ListItem","position":2,"name":"Shop","item":"https:\/\/www.miomiorun.com\/shop\/"},{"@type":"ListItem","position":3,"name":"Canopy Jacket femme"}]},{"@type":"WebSite","@id":"https:\/\/www.miomiorun.com\/fr\/#website","url":"https:\/\/www.miomiorun.com\/fr\/","name":"MioMioRun","description":"Boutique 100% running et trail","publisher":{"@id":"https:\/\/www.miomiorun.com\/fr\/#organization"},"potentialAction":[{"@type":"SearchAction","target":{"@type":"EntryPoint","urlTemplate":"https:\/\/www.miomiorun.com\/fr\/?s={search_term_string}"},"query-input":{"@type":"PropertyValueSpecification","valueRequired":true,"valueName":"search_term_string"}}],"inLanguage":"fr-FR"},{"@type":"Organization","@id":"https:\/\/www.miomiorun.com\/fr\/#organization","name":"MioMio Run","url":"https:\/\/www.miomiorun.com\/fr\/","logo":{"@type":"ImageObject","inLanguage":"fr-FR","@id":"https:\/\/www.miomiorun.com\/fr\/#\/schema\/logo\/image\/","url":"https:\/\/www.miomiorun.com\/app\/uploads\/2019\/12\/logomio.png","contentUrl":"https:\/\/www.miomiorun.com\/app\/uploads\/2019\/12\/logomio.png","width":115,"height":82,"caption":"MioMio Run"},"image":{"@id":"https:\/\/www.miomiorun.com\/fr\/#\/schema\/logo\/image\/"},"sameAs":["https:\/\/www.facebook.com\/miomiorun\/","https:\/\/www.instagram.com\/miomiorun\/"]}]}},"_links":{"self":[{"href":"https:\/\/www.miomiorun.com\/fr\/wp-json\/wp\/v2\/product\/277676","targetHints":{"allow":["GET"]}}],"collection":[{"href":"https:\/\/www.miomiorun.com\/fr\/wp-json\/wp\/v2\/product"}],"about":[{"href":"https:\/\/www.miomiorun.com\/fr\/wp-json\/wp\/v2\/types\/product"}],"wp:featuredmedia":[{"embeddable":true,"href":"https:\/\/www.miomiorun.com\/fr\/wp-json\/wp\/v2\/media\/232047"}],"wp:attachment":[{"href":"https:\/\/www.miomiorun.com\/fr\/wp-json\/wp\/v2\/media?parent=277676"}],"wp:term":[{"taxonomy":"product_brand","embeddable":true,"href":"https:\/\/www.miomiorun.com\/fr\/wp-json\/wp\/v2\/product_brand?post=277676"},{"taxonomy":"product_cat","embeddable":true,"href":"https:\/\/www.miomiorun.com\/fr\/wp-json\/wp\/v2\/product_cat?post=277676"},{"taxonomy":"product_tag","embeddable":true,"href":"https:\/\/www.miomiorun.com\/fr\/wp-json\/wp\/v2\/product_tag?post=277676"}],"curies":[{"name":"wp","href":"https:\/\/api.w.org\/{rel}","templated":true}]}}