{"id":277650,"date":"2021-05-07T16:14:48","date_gmt":"2021-05-07T14:14:48","guid":{"rendered":"https:\/\/miomiorun.com\/prodotto\/brooks-chaser-5-short-donna\/"},"modified":"2026-01-15T11:54:00","modified_gmt":"2026-01-15T10:54:00","slug":"brooks-chaser-5-short-femme","status":"publish","type":"product","link":"https:\/\/www.miomiorun.com\/fr\/produit\/brooks-chaser-5-short-femme\/","title":{"rendered":"Chaser 5&#8243; Short femme"},"content":{"rendered":"<p>Ni trop courts ni trop longs : les shorts Chaser de 12 cm sont la solution id\u00e9ale pour courir tous les jours.<\/p>\n<p><b>CARACT\u00c9RISTIQUES<\/b><br \/>\nCoupe : d\u00e9contract\u00e9e<\/p>\n<p>Tissu : Tissu principal : DriLayer\u00ae 89 % polyester recycl\u00e9 ; 11 % \u00e9lasthanne, Doublure : DriLayer 92 % polyester, 8 % \u00e9lasthanne<\/p>\n<h2>Coupe ajustable<\/h2>\n<p>Avec une nouvelle ceinture plus large et plus souple, dot\u00e9e d&#8217;un cordon de serrage Infinity pour un ajustement confortable et s\u00fbr.<\/p>\n<h2>Slip int\u00e9rieur doux et extensible<\/h2>\n<p>Le tout nouveau slip int\u00e9rieur en jersey ne bouge pas et ne s&#8217;enroule pas. Le tissu respirant et les coutures souples assurent un confort maximal.<\/p>\n<h2>De la place pour ranger vos affaires<\/h2>\n<p>Rangez tout ce dont vous avez besoin en toute s\u00e9curit\u00e9 gr\u00e2ce aux deux poches avant dans la doublure, \u00e0 la poche arri\u00e8re zipp\u00e9e pouvant contenir votre t\u00e9l\u00e9phone et au crochet \u00e9lastique pour vos cl\u00e9s.<\/p>\n<h3>Avantages suppl\u00e9mentaires<\/h3>\n<h4>\u00c9cologique<\/h4>\n<p>V\u00eatement fabriqu\u00e9 \u00e0 partir de tissu recycl\u00e9 \u00e9quivalent \u00e0 5 bouteilles d&#8217;eau en plastique.<\/p>\n<h4>Meilleure respirabilit\u00e9<\/h4>\n<p>Ouvertures \u00e0 l&#8217;arri\u00e8re pour laisser passer l&#8217;air<\/p>\n<h4>Con\u00e7us pour bouger avec vous<\/h4>\n<p>Tissu ext\u00e9rieur l\u00e9ger et souple<\/p>\n<h4>Coupe ajustable<\/h4>\n<p>Cordon de serrage Infinity<\/p>\n","protected":false},"excerpt":{"rendered":"<p>Ni trop courts ni trop longs : les shorts Chaser de 12 cm sont la solution id\u00e9ale pour courir tous les jours. CARACT\u00c9RISTIQUES Coupe : d\u00e9contract\u00e9e Tissu : Tissu principal : DriLayer\u00ae 89 % polyester recycl\u00e9 ; 11 % \u00e9lasthanne, Doublure : DriLayer 92 % polyester, 8 % \u00e9lasthanne Coupe ajustable Avec une nouvelle ceinture &hellip; <a href=\"https:\/\/www.miomiorun.com\/fr\/produit\/brooks-chaser-5-short-femme\/\">Continued<\/a><\/p>\n","protected":false},"featured_media":232053,"template":"","meta":{"_acf_changed":false,"inline_featured_image":false},"product_brand":[],"product_cat":[22602,22596,22595],"product_tag":[23462,23656],"class_list":{"0":"post-277650","1":"product","2":"type-product","3":"status-publish","4":"has-post-thumbnail","6":"product_cat-pantalon-court","7":"product_cat-vetements-pour-femmes","8":"product_cat-femme","9":"product_tag-brooks-fr","10":"product_tag-brooks-femme","11":"pa_attivita-running-fr","12":"pa_colore-chaser-5-short-w-razzmatazz-fr","13":"pa_marca-brooks-fr","14":"pa_sesso-femme","15":"pa_size-extra-small-fr","16":"pa_size-small-fr","18":"first","19":"instock","20":"sale","21":"taxable","22":"shipping-taxable","23":"purchasable","24":"product-type-variable","25":"wvs-archive-product-wrapper"},"acf":[],"yoast_head":"<!-- This site is optimized with the Yoast SEO plugin v26.8 - https:\/\/yoast.com\/product\/yoast-seo-wordpress\/ -->\n<title>Brooks Chaser 5&quot; Short femme - Shorts pour femmes - MioMioRun<\/title>\n<meta name=\"description\" content=\"Ni trop courts ni trop longs : les shorts Chaser de 12 cm sont la solution id\u00e9ale pour courir tous les jours.\" \/>\n<meta name=\"robots\" content=\"index, follow, max-snippet:-1, max-image-preview:large, max-video-preview:-1\" \/>\n<link rel=\"canonical\" href=\"https:\/\/www.miomiorun.com\/fr\/produit\/brooks-chaser-5-short-femme\/\" \/>\n<meta property=\"og:locale\" content=\"fr_FR\" \/>\n<meta property=\"og:type\" content=\"article\" \/>\n<meta property=\"og:title\" content=\"Brooks Chaser 5&quot; Short femme - Shorts pour femmes - MioMioRun\" \/>\n<meta property=\"og:description\" content=\"Ni trop courts ni trop longs : les shorts Chaser de 12 cm sont la solution id\u00e9ale pour courir tous les jours.\" \/>\n<meta property=\"og:url\" content=\"https:\/\/www.miomiorun.com\/fr\/produit\/brooks-chaser-5-short-femme\/\" \/>\n<meta property=\"og:site_name\" content=\"MioMioRun\" \/>\n<meta property=\"article:publisher\" content=\"https:\/\/www.facebook.com\/miomiorun\/\" \/>\n<meta property=\"article:modified_time\" content=\"2026-01-15T10:54:00+00:00\" \/>\n<meta property=\"og:image\" content=\"https:\/\/www.miomiorun.com\/app\/uploads\/2021\/05\/brooks-Chaser-5-short-W-221465-001.jpg\" \/>\n\t<meta property=\"og:image:width\" content=\"600\" \/>\n\t<meta property=\"og:image:height\" content=\"600\" \/>\n\t<meta property=\"og:image:type\" content=\"image\/jpeg\" \/>\n<meta name=\"twitter:card\" content=\"summary_large_image\" \/>\n<meta name=\"twitter:label1\" content=\"Est. reading time\" \/>\n\t<meta name=\"twitter:data1\" content=\"1 minute\" \/>\n<script type=\"application\/ld+json\" class=\"yoast-schema-graph\">{\"@context\":\"https:\/\/schema.org\",\"@graph\":[{\"@type\":\"WebPage\",\"@id\":\"https:\/\/www.miomiorun.com\/fr\/produit\/brooks-chaser-5-short-femme\/\",\"url\":\"https:\/\/www.miomiorun.com\/fr\/produit\/brooks-chaser-5-short-femme\/\",\"name\":\"Brooks Chaser 5\\\" Short femme - Shorts pour femmes - MioMioRun\",\"isPartOf\":{\"@id\":\"https:\/\/www.miomiorun.com\/fr\/#website\"},\"primaryImageOfPage\":{\"@id\":\"https:\/\/www.miomiorun.com\/fr\/produit\/brooks-chaser-5-short-femme\/#primaryimage\"},\"image\":{\"@id\":\"https:\/\/www.miomiorun.com\/fr\/produit\/brooks-chaser-5-short-femme\/#primaryimage\"},\"thumbnailUrl\":\"https:\/\/www.miomiorun.com\/app\/uploads\/2021\/05\/brooks-Chaser-5-short-W-221465-001.jpg\",\"datePublished\":\"2021-05-07T14:14:48+00:00\",\"dateModified\":\"2026-01-15T10:54:00+00:00\",\"description\":\"Ni trop courts ni trop longs : les shorts Chaser de 12 cm sont la solution id\u00e9ale pour courir tous les jours.\",\"breadcrumb\":{\"@id\":\"https:\/\/www.miomiorun.com\/fr\/produit\/brooks-chaser-5-short-femme\/#breadcrumb\"},\"inLanguage\":\"fr-FR\",\"potentialAction\":[{\"@type\":\"ReadAction\",\"target\":[\"https:\/\/www.miomiorun.com\/fr\/produit\/brooks-chaser-5-short-femme\/\"]}]},{\"@type\":\"ImageObject\",\"inLanguage\":\"fr-FR\",\"@id\":\"https:\/\/www.miomiorun.com\/fr\/produit\/brooks-chaser-5-short-femme\/#primaryimage\",\"url\":\"https:\/\/www.miomiorun.com\/app\/uploads\/2021\/05\/brooks-Chaser-5-short-W-221465-001.jpg\",\"contentUrl\":\"https:\/\/www.miomiorun.com\/app\/uploads\/2021\/05\/brooks-Chaser-5-short-W-221465-001.jpg\",\"width\":600,\"height\":600,\"caption\":\"brooks chaser 5 short\"},{\"@type\":\"BreadcrumbList\",\"@id\":\"https:\/\/www.miomiorun.com\/fr\/produit\/brooks-chaser-5-short-femme\/#breadcrumb\",\"itemListElement\":[{\"@type\":\"ListItem\",\"position\":1,\"name\":\"Home\",\"item\":\"https:\/\/www.miomiorun.com\/fr\/home-page\/\"},{\"@type\":\"ListItem\",\"position\":2,\"name\":\"Shop\",\"item\":\"https:\/\/www.miomiorun.com\/shop\/\"},{\"@type\":\"ListItem\",\"position\":3,\"name\":\"Chaser 5&#8243; Short femme\"}]},{\"@type\":\"WebSite\",\"@id\":\"https:\/\/www.miomiorun.com\/fr\/#website\",\"url\":\"https:\/\/www.miomiorun.com\/fr\/\",\"name\":\"MioMioRun\",\"description\":\"Boutique 100% running et trail\",\"publisher\":{\"@id\":\"https:\/\/www.miomiorun.com\/fr\/#organization\"},\"potentialAction\":[{\"@type\":\"SearchAction\",\"target\":{\"@type\":\"EntryPoint\",\"urlTemplate\":\"https:\/\/www.miomiorun.com\/fr\/?s={search_term_string}\"},\"query-input\":{\"@type\":\"PropertyValueSpecification\",\"valueRequired\":true,\"valueName\":\"search_term_string\"}}],\"inLanguage\":\"fr-FR\"},{\"@type\":\"Organization\",\"@id\":\"https:\/\/www.miomiorun.com\/fr\/#organization\",\"name\":\"MioMio Run\",\"url\":\"https:\/\/www.miomiorun.com\/fr\/\",\"logo\":{\"@type\":\"ImageObject\",\"inLanguage\":\"fr-FR\",\"@id\":\"https:\/\/www.miomiorun.com\/fr\/#\/schema\/logo\/image\/\",\"url\":\"https:\/\/www.miomiorun.com\/app\/uploads\/2019\/12\/logomio.png\",\"contentUrl\":\"https:\/\/www.miomiorun.com\/app\/uploads\/2019\/12\/logomio.png\",\"width\":115,\"height\":82,\"caption\":\"MioMio Run\"},\"image\":{\"@id\":\"https:\/\/www.miomiorun.com\/fr\/#\/schema\/logo\/image\/\"},\"sameAs\":[\"https:\/\/www.facebook.com\/miomiorun\/\",\"https:\/\/www.instagram.com\/miomiorun\/\"]}]}<\/script>\n<!-- \/ Yoast SEO plugin. -->","yoast_head_json":{"title":"Brooks Chaser 5\" Short femme - Shorts pour femmes - MioMioRun","description":"Ni trop courts ni trop longs : les shorts Chaser de 12 cm sont la solution id\u00e9ale pour courir tous les jours.","robots":{"index":"index","follow":"follow","max-snippet":"max-snippet:-1","max-image-preview":"max-image-preview:large","max-video-preview":"max-video-preview:-1"},"canonical":"https:\/\/www.miomiorun.com\/fr\/produit\/brooks-chaser-5-short-femme\/","og_locale":"fr_FR","og_type":"article","og_title":"Brooks Chaser 5\" Short femme - Shorts pour femmes - MioMioRun","og_description":"Ni trop courts ni trop longs : les shorts Chaser de 12 cm sont la solution id\u00e9ale pour courir tous les jours.","og_url":"https:\/\/www.miomiorun.com\/fr\/produit\/brooks-chaser-5-short-femme\/","og_site_name":"MioMioRun","article_publisher":"https:\/\/www.facebook.com\/miomiorun\/","article_modified_time":"2026-01-15T10:54:00+00:00","og_image":[{"width":600,"height":600,"url":"https:\/\/www.miomiorun.com\/app\/uploads\/2021\/05\/brooks-Chaser-5-short-W-221465-001.jpg","type":"image\/jpeg"}],"twitter_card":"summary_large_image","twitter_misc":{"Est. reading time":"1 minute"},"schema":{"@context":"https:\/\/schema.org","@graph":[{"@type":"WebPage","@id":"https:\/\/www.miomiorun.com\/fr\/produit\/brooks-chaser-5-short-femme\/","url":"https:\/\/www.miomiorun.com\/fr\/produit\/brooks-chaser-5-short-femme\/","name":"Brooks Chaser 5\" Short femme - Shorts pour femmes - MioMioRun","isPartOf":{"@id":"https:\/\/www.miomiorun.com\/fr\/#website"},"primaryImageOfPage":{"@id":"https:\/\/www.miomiorun.com\/fr\/produit\/brooks-chaser-5-short-femme\/#primaryimage"},"image":{"@id":"https:\/\/www.miomiorun.com\/fr\/produit\/brooks-chaser-5-short-femme\/#primaryimage"},"thumbnailUrl":"https:\/\/www.miomiorun.com\/app\/uploads\/2021\/05\/brooks-Chaser-5-short-W-221465-001.jpg","datePublished":"2021-05-07T14:14:48+00:00","dateModified":"2026-01-15T10:54:00+00:00","description":"Ni trop courts ni trop longs : les shorts Chaser de 12 cm sont la solution id\u00e9ale pour courir tous les jours.","breadcrumb":{"@id":"https:\/\/www.miomiorun.com\/fr\/produit\/brooks-chaser-5-short-femme\/#breadcrumb"},"inLanguage":"fr-FR","potentialAction":[{"@type":"ReadAction","target":["https:\/\/www.miomiorun.com\/fr\/produit\/brooks-chaser-5-short-femme\/"]}]},{"@type":"ImageObject","inLanguage":"fr-FR","@id":"https:\/\/www.miomiorun.com\/fr\/produit\/brooks-chaser-5-short-femme\/#primaryimage","url":"https:\/\/www.miomiorun.com\/app\/uploads\/2021\/05\/brooks-Chaser-5-short-W-221465-001.jpg","contentUrl":"https:\/\/www.miomiorun.com\/app\/uploads\/2021\/05\/brooks-Chaser-5-short-W-221465-001.jpg","width":600,"height":600,"caption":"brooks chaser 5 short"},{"@type":"BreadcrumbList","@id":"https:\/\/www.miomiorun.com\/fr\/produit\/brooks-chaser-5-short-femme\/#breadcrumb","itemListElement":[{"@type":"ListItem","position":1,"name":"Home","item":"https:\/\/www.miomiorun.com\/fr\/home-page\/"},{"@type":"ListItem","position":2,"name":"Shop","item":"https:\/\/www.miomiorun.com\/shop\/"},{"@type":"ListItem","position":3,"name":"Chaser 5&#8243; Short femme"}]},{"@type":"WebSite","@id":"https:\/\/www.miomiorun.com\/fr\/#website","url":"https:\/\/www.miomiorun.com\/fr\/","name":"MioMioRun","description":"Boutique 100% running et trail","publisher":{"@id":"https:\/\/www.miomiorun.com\/fr\/#organization"},"potentialAction":[{"@type":"SearchAction","target":{"@type":"EntryPoint","urlTemplate":"https:\/\/www.miomiorun.com\/fr\/?s={search_term_string}"},"query-input":{"@type":"PropertyValueSpecification","valueRequired":true,"valueName":"search_term_string"}}],"inLanguage":"fr-FR"},{"@type":"Organization","@id":"https:\/\/www.miomiorun.com\/fr\/#organization","name":"MioMio Run","url":"https:\/\/www.miomiorun.com\/fr\/","logo":{"@type":"ImageObject","inLanguage":"fr-FR","@id":"https:\/\/www.miomiorun.com\/fr\/#\/schema\/logo\/image\/","url":"https:\/\/www.miomiorun.com\/app\/uploads\/2019\/12\/logomio.png","contentUrl":"https:\/\/www.miomiorun.com\/app\/uploads\/2019\/12\/logomio.png","width":115,"height":82,"caption":"MioMio Run"},"image":{"@id":"https:\/\/www.miomiorun.com\/fr\/#\/schema\/logo\/image\/"},"sameAs":["https:\/\/www.facebook.com\/miomiorun\/","https:\/\/www.instagram.com\/miomiorun\/"]}]}},"_links":{"self":[{"href":"https:\/\/www.miomiorun.com\/fr\/wp-json\/wp\/v2\/product\/277650","targetHints":{"allow":["GET"]}}],"collection":[{"href":"https:\/\/www.miomiorun.com\/fr\/wp-json\/wp\/v2\/product"}],"about":[{"href":"https:\/\/www.miomiorun.com\/fr\/wp-json\/wp\/v2\/types\/product"}],"wp:featuredmedia":[{"embeddable":true,"href":"https:\/\/www.miomiorun.com\/fr\/wp-json\/wp\/v2\/media\/232053"}],"wp:attachment":[{"href":"https:\/\/www.miomiorun.com\/fr\/wp-json\/wp\/v2\/media?parent=277650"}],"wp:term":[{"taxonomy":"product_brand","embeddable":true,"href":"https:\/\/www.miomiorun.com\/fr\/wp-json\/wp\/v2\/product_brand?post=277650"},{"taxonomy":"product_cat","embeddable":true,"href":"https:\/\/www.miomiorun.com\/fr\/wp-json\/wp\/v2\/product_cat?post=277650"},{"taxonomy":"product_tag","embeddable":true,"href":"https:\/\/www.miomiorun.com\/fr\/wp-json\/wp\/v2\/product_tag?post=277650"}],"curies":[{"name":"wp","href":"https:\/\/api.w.org\/{rel}","templated":true}]}}