{"id":277642,"date":"2021-05-07T16:24:03","date_gmt":"2021-05-07T14:24:03","guid":{"rendered":"https:\/\/miomiorun.com\/prodotto\/brooks-chaser-5-2-in-1-short-donna\/"},"modified":"2026-01-15T11:54:35","modified_gmt":"2026-01-15T10:54:35","slug":"brooks-chaser-5-2-in-1-short-femme","status":"publish","type":"product","link":"https:\/\/www.miomiorun.com\/fr\/produit\/brooks-chaser-5-2-in-1-short-femme\/","title":{"rendered":"Chaser 5&#8243; 2 in 1 Short femme"},"content":{"rendered":"<p>Courez en toute s\u00e9curit\u00e9 avec ce short de 12 cm dot\u00e9 d&#8217;une doublure ajust\u00e9e int\u00e9gr\u00e9e. Une combinaison qui offre confort et polyvalence.<\/p>\n<p><b>CARACT\u00c9RISTIQUES<\/b><br \/>\nCoupe : d\u00e9contract\u00e9e<\/p>\n<p>Tissu : Tissu principal : DriLayer 89 % polyester recycl\u00e9, 11 % \u00e9lasthanne. Doublure : DriLayer 92 % polyester, 8 % \u00e9lasthanne<\/p>\n<h2>Coupe personnalisable<\/h2>\n<p>Le mod\u00e8le 2 en 1 offre une protection s\u00fbre, tandis que la nouvelle taille \u00e9lastique peut \u00eatre retrouss\u00e9e selon vos besoins.<\/p>\n<h2>Doublure douce et protectrice<\/h2>\n<p>La toute nouvelle doublure respirante avec coutures souples reste bien en place, \u00e9vitant ainsi les frottements.<\/p>\n<h2>De la place pour ranger vos affaires<\/h2>\n<p>Deux poches ext\u00e9rieures au niveau des jambes, deux poches int\u00e9rieures \u00e0 l&#8217;avant au niveau de la taille et une poche arri\u00e8re zipp\u00e9e pour votre t\u00e9l\u00e9phone vous offrent tout l&#8217;espace n\u00e9cessaire pour emporter tout ce dont vous avez besoin.<\/p>\n<h3>Avantages suppl\u00e9mentaires<\/h3>\n<h4>\u00c9cologique<\/h4>\n<p>V\u00eatement fabriqu\u00e9 \u00e0 partir de tissu recycl\u00e9 \u00e9quivalent \u00e0 5 bouteilles d&#8217;eau en plastique.<\/p>\n<h4>Vos effets personnels en s\u00e9curit\u00e9<\/h4>\n<p>Anneau porte-cl\u00e9s int\u00e9gr\u00e9<\/p>\n<h4>Meilleure respirabilit\u00e9<\/h4>\n<p>Ouvertures \u00e0 l&#8217;arri\u00e8re pour laisser passer l&#8217;air<\/p>\n<h4>Con\u00e7us pour bouger avec vous<\/h4>\n<p>Tissu ext\u00e9rieur l\u00e9ger et souple<\/p>\n<h4>Coupe ajustable<\/h4>\n<p>Cordon de serrage Infinity<\/p>\n","protected":false},"excerpt":{"rendered":"<p>Courez en toute s\u00e9curit\u00e9 avec ce short de 12 cm dot\u00e9 d&#8217;une doublure ajust\u00e9e int\u00e9gr\u00e9e. Une combinaison qui offre confort et polyvalence. CARACT\u00c9RISTIQUES Coupe : d\u00e9contract\u00e9e Tissu : Tissu principal : DriLayer 89 % polyester recycl\u00e9, 11 % \u00e9lasthanne. Doublure : DriLayer 92 % polyester, 8 % \u00e9lasthanne Coupe personnalisable Le mod\u00e8le 2 en 1 &hellip; <a href=\"https:\/\/www.miomiorun.com\/fr\/produit\/brooks-chaser-5-2-in-1-short-femme\/\">Continued<\/a><\/p>\n","protected":false},"featured_media":254072,"template":"","meta":{"_acf_changed":false,"inline_featured_image":false},"product_brand":[],"product_cat":[22602,22596,22595],"product_tag":[23462,23656],"class_list":{"0":"post-277642","1":"product","2":"type-product","3":"status-publish","4":"has-post-thumbnail","6":"product_cat-pantalon-court","7":"product_cat-vetements-pour-femmes","8":"product_cat-femme","9":"product_tag-brooks-fr","10":"product_tag-brooks-femme","11":"pa_attivita-running-fr","12":"pa_colore-chaser-5-2-in-1-short-w-midnight-speeds-fr","13":"pa_colore-chaser-5-2-in-1-short-w-black-fr","14":"pa_colore-chaser-5-2-in-1-short-w-ocean-drive-fr","15":"pa_colore-chaser-5-2in1-short-w-bluetiful-golden-fr","16":"pa_marca-brooks-fr","17":"pa_sesso-femme","18":"pa_size-extra-small-fr","19":"pa_size-small-fr","20":"pa_size-medium-fr","21":"pa_size-large-fr","23":"first","24":"instock","25":"sale","26":"taxable","27":"shipping-taxable","28":"purchasable","29":"product-type-variable","30":"wvs-archive-product-wrapper"},"acf":[],"yoast_head":"<!-- This site is optimized with the Yoast SEO plugin v26.8 - https:\/\/yoast.com\/product\/yoast-seo-wordpress\/ -->\n<title>Brooks Chaser 5&quot; 2 in 1 Short femme - Shorts pour femmes- MioMioRun<\/title>\n<meta name=\"description\" content=\"Courez en toute s\u00e9curit\u00e9 avec ce short de 12 cm dot\u00e9 d&#039;une doublure ajust\u00e9e int\u00e9gr\u00e9e. Une combinaison qui offre confort et polyvalence.\" \/>\n<meta name=\"robots\" content=\"index, follow, max-snippet:-1, max-image-preview:large, max-video-preview:-1\" \/>\n<link rel=\"canonical\" href=\"https:\/\/www.miomiorun.com\/fr\/produit\/brooks-chaser-5-2-in-1-short-femme\/\" \/>\n<meta property=\"og:locale\" content=\"fr_FR\" \/>\n<meta property=\"og:type\" content=\"article\" \/>\n<meta property=\"og:title\" content=\"Brooks Chaser 5&quot; 2 in 1 Short femme - Shorts pour femmes- MioMioRun\" \/>\n<meta property=\"og:description\" content=\"Courez en toute s\u00e9curit\u00e9 avec ce short de 12 cm dot\u00e9 d&#039;une doublure ajust\u00e9e int\u00e9gr\u00e9e. Une combinaison qui offre confort et polyvalence.\" \/>\n<meta property=\"og:url\" content=\"https:\/\/www.miomiorun.com\/fr\/produit\/brooks-chaser-5-2-in-1-short-femme\/\" \/>\n<meta property=\"og:site_name\" content=\"MioMioRun\" \/>\n<meta property=\"article:publisher\" content=\"https:\/\/www.facebook.com\/miomiorun\/\" \/>\n<meta property=\"article:modified_time\" content=\"2026-01-15T10:54:35+00:00\" \/>\n<meta property=\"og:image\" content=\"https:\/\/www.miomiorun.com\/app\/uploads\/2025\/02\/brooks-Chaser-5-2-in-1-short-W-midnight-speeds-221706472.webp\" \/>\n\t<meta property=\"og:image:width\" content=\"600\" \/>\n\t<meta property=\"og:image:height\" content=\"600\" \/>\n\t<meta property=\"og:image:type\" content=\"image\/webp\" \/>\n<meta name=\"twitter:card\" content=\"summary_large_image\" \/>\n<meta name=\"twitter:label1\" content=\"Est. reading time\" \/>\n\t<meta name=\"twitter:data1\" content=\"1 minute\" \/>\n<script type=\"application\/ld+json\" class=\"yoast-schema-graph\">{\"@context\":\"https:\/\/schema.org\",\"@graph\":[{\"@type\":\"WebPage\",\"@id\":\"https:\/\/www.miomiorun.com\/fr\/produit\/brooks-chaser-5-2-in-1-short-femme\/\",\"url\":\"https:\/\/www.miomiorun.com\/fr\/produit\/brooks-chaser-5-2-in-1-short-femme\/\",\"name\":\"Brooks Chaser 5\\\" 2 in 1 Short femme - Shorts pour femmes- MioMioRun\",\"isPartOf\":{\"@id\":\"https:\/\/www.miomiorun.com\/fr\/#website\"},\"primaryImageOfPage\":{\"@id\":\"https:\/\/www.miomiorun.com\/fr\/produit\/brooks-chaser-5-2-in-1-short-femme\/#primaryimage\"},\"image\":{\"@id\":\"https:\/\/www.miomiorun.com\/fr\/produit\/brooks-chaser-5-2-in-1-short-femme\/#primaryimage\"},\"thumbnailUrl\":\"https:\/\/www.miomiorun.com\/app\/uploads\/2025\/02\/brooks-Chaser-5-2-in-1-short-W-midnight-speeds-221706472.webp\",\"datePublished\":\"2021-05-07T14:24:03+00:00\",\"dateModified\":\"2026-01-15T10:54:35+00:00\",\"description\":\"Courez en toute s\u00e9curit\u00e9 avec ce short de 12 cm dot\u00e9 d'une doublure ajust\u00e9e int\u00e9gr\u00e9e. Une combinaison qui offre confort et polyvalence.\",\"breadcrumb\":{\"@id\":\"https:\/\/www.miomiorun.com\/fr\/produit\/brooks-chaser-5-2-in-1-short-femme\/#breadcrumb\"},\"inLanguage\":\"fr-FR\",\"potentialAction\":[{\"@type\":\"ReadAction\",\"target\":[\"https:\/\/www.miomiorun.com\/fr\/produit\/brooks-chaser-5-2-in-1-short-femme\/\"]}]},{\"@type\":\"ImageObject\",\"inLanguage\":\"fr-FR\",\"@id\":\"https:\/\/www.miomiorun.com\/fr\/produit\/brooks-chaser-5-2-in-1-short-femme\/#primaryimage\",\"url\":\"https:\/\/www.miomiorun.com\/app\/uploads\/2025\/02\/brooks-Chaser-5-2-in-1-short-W-midnight-speeds-221706472.webp\",\"contentUrl\":\"https:\/\/www.miomiorun.com\/app\/uploads\/2025\/02\/brooks-Chaser-5-2-in-1-short-W-midnight-speeds-221706472.webp\",\"width\":600,\"height\":600,\"caption\":\"brooks Chaser 5 2-in-1 short W midnight speeds 221706472\"},{\"@type\":\"BreadcrumbList\",\"@id\":\"https:\/\/www.miomiorun.com\/fr\/produit\/brooks-chaser-5-2-in-1-short-femme\/#breadcrumb\",\"itemListElement\":[{\"@type\":\"ListItem\",\"position\":1,\"name\":\"Home\",\"item\":\"https:\/\/www.miomiorun.com\/fr\/home-page\/\"},{\"@type\":\"ListItem\",\"position\":2,\"name\":\"Shop\",\"item\":\"https:\/\/www.miomiorun.com\/shop\/\"},{\"@type\":\"ListItem\",\"position\":3,\"name\":\"Chaser 5&#8243; 2 in 1 Short femme\"}]},{\"@type\":\"WebSite\",\"@id\":\"https:\/\/www.miomiorun.com\/fr\/#website\",\"url\":\"https:\/\/www.miomiorun.com\/fr\/\",\"name\":\"MioMioRun\",\"description\":\"Boutique 100% running et trail\",\"publisher\":{\"@id\":\"https:\/\/www.miomiorun.com\/fr\/#organization\"},\"potentialAction\":[{\"@type\":\"SearchAction\",\"target\":{\"@type\":\"EntryPoint\",\"urlTemplate\":\"https:\/\/www.miomiorun.com\/fr\/?s={search_term_string}\"},\"query-input\":{\"@type\":\"PropertyValueSpecification\",\"valueRequired\":true,\"valueName\":\"search_term_string\"}}],\"inLanguage\":\"fr-FR\"},{\"@type\":\"Organization\",\"@id\":\"https:\/\/www.miomiorun.com\/fr\/#organization\",\"name\":\"MioMio Run\",\"url\":\"https:\/\/www.miomiorun.com\/fr\/\",\"logo\":{\"@type\":\"ImageObject\",\"inLanguage\":\"fr-FR\",\"@id\":\"https:\/\/www.miomiorun.com\/fr\/#\/schema\/logo\/image\/\",\"url\":\"https:\/\/www.miomiorun.com\/app\/uploads\/2019\/12\/logomio.png\",\"contentUrl\":\"https:\/\/www.miomiorun.com\/app\/uploads\/2019\/12\/logomio.png\",\"width\":115,\"height\":82,\"caption\":\"MioMio Run\"},\"image\":{\"@id\":\"https:\/\/www.miomiorun.com\/fr\/#\/schema\/logo\/image\/\"},\"sameAs\":[\"https:\/\/www.facebook.com\/miomiorun\/\",\"https:\/\/www.instagram.com\/miomiorun\/\"]}]}<\/script>\n<!-- \/ Yoast SEO plugin. -->","yoast_head_json":{"title":"Brooks Chaser 5\" 2 in 1 Short femme - Shorts pour femmes- MioMioRun","description":"Courez en toute s\u00e9curit\u00e9 avec ce short de 12 cm dot\u00e9 d'une doublure ajust\u00e9e int\u00e9gr\u00e9e. Une combinaison qui offre confort et polyvalence.","robots":{"index":"index","follow":"follow","max-snippet":"max-snippet:-1","max-image-preview":"max-image-preview:large","max-video-preview":"max-video-preview:-1"},"canonical":"https:\/\/www.miomiorun.com\/fr\/produit\/brooks-chaser-5-2-in-1-short-femme\/","og_locale":"fr_FR","og_type":"article","og_title":"Brooks Chaser 5\" 2 in 1 Short femme - Shorts pour femmes- MioMioRun","og_description":"Courez en toute s\u00e9curit\u00e9 avec ce short de 12 cm dot\u00e9 d'une doublure ajust\u00e9e int\u00e9gr\u00e9e. Une combinaison qui offre confort et polyvalence.","og_url":"https:\/\/www.miomiorun.com\/fr\/produit\/brooks-chaser-5-2-in-1-short-femme\/","og_site_name":"MioMioRun","article_publisher":"https:\/\/www.facebook.com\/miomiorun\/","article_modified_time":"2026-01-15T10:54:35+00:00","og_image":[{"width":600,"height":600,"url":"https:\/\/www.miomiorun.com\/app\/uploads\/2025\/02\/brooks-Chaser-5-2-in-1-short-W-midnight-speeds-221706472.webp","type":"image\/webp"}],"twitter_card":"summary_large_image","twitter_misc":{"Est. reading time":"1 minute"},"schema":{"@context":"https:\/\/schema.org","@graph":[{"@type":"WebPage","@id":"https:\/\/www.miomiorun.com\/fr\/produit\/brooks-chaser-5-2-in-1-short-femme\/","url":"https:\/\/www.miomiorun.com\/fr\/produit\/brooks-chaser-5-2-in-1-short-femme\/","name":"Brooks Chaser 5\" 2 in 1 Short femme - Shorts pour femmes- MioMioRun","isPartOf":{"@id":"https:\/\/www.miomiorun.com\/fr\/#website"},"primaryImageOfPage":{"@id":"https:\/\/www.miomiorun.com\/fr\/produit\/brooks-chaser-5-2-in-1-short-femme\/#primaryimage"},"image":{"@id":"https:\/\/www.miomiorun.com\/fr\/produit\/brooks-chaser-5-2-in-1-short-femme\/#primaryimage"},"thumbnailUrl":"https:\/\/www.miomiorun.com\/app\/uploads\/2025\/02\/brooks-Chaser-5-2-in-1-short-W-midnight-speeds-221706472.webp","datePublished":"2021-05-07T14:24:03+00:00","dateModified":"2026-01-15T10:54:35+00:00","description":"Courez en toute s\u00e9curit\u00e9 avec ce short de 12 cm dot\u00e9 d'une doublure ajust\u00e9e int\u00e9gr\u00e9e. Une combinaison qui offre confort et polyvalence.","breadcrumb":{"@id":"https:\/\/www.miomiorun.com\/fr\/produit\/brooks-chaser-5-2-in-1-short-femme\/#breadcrumb"},"inLanguage":"fr-FR","potentialAction":[{"@type":"ReadAction","target":["https:\/\/www.miomiorun.com\/fr\/produit\/brooks-chaser-5-2-in-1-short-femme\/"]}]},{"@type":"ImageObject","inLanguage":"fr-FR","@id":"https:\/\/www.miomiorun.com\/fr\/produit\/brooks-chaser-5-2-in-1-short-femme\/#primaryimage","url":"https:\/\/www.miomiorun.com\/app\/uploads\/2025\/02\/brooks-Chaser-5-2-in-1-short-W-midnight-speeds-221706472.webp","contentUrl":"https:\/\/www.miomiorun.com\/app\/uploads\/2025\/02\/brooks-Chaser-5-2-in-1-short-W-midnight-speeds-221706472.webp","width":600,"height":600,"caption":"brooks Chaser 5 2-in-1 short W midnight speeds 221706472"},{"@type":"BreadcrumbList","@id":"https:\/\/www.miomiorun.com\/fr\/produit\/brooks-chaser-5-2-in-1-short-femme\/#breadcrumb","itemListElement":[{"@type":"ListItem","position":1,"name":"Home","item":"https:\/\/www.miomiorun.com\/fr\/home-page\/"},{"@type":"ListItem","position":2,"name":"Shop","item":"https:\/\/www.miomiorun.com\/shop\/"},{"@type":"ListItem","position":3,"name":"Chaser 5&#8243; 2 in 1 Short femme"}]},{"@type":"WebSite","@id":"https:\/\/www.miomiorun.com\/fr\/#website","url":"https:\/\/www.miomiorun.com\/fr\/","name":"MioMioRun","description":"Boutique 100% running et trail","publisher":{"@id":"https:\/\/www.miomiorun.com\/fr\/#organization"},"potentialAction":[{"@type":"SearchAction","target":{"@type":"EntryPoint","urlTemplate":"https:\/\/www.miomiorun.com\/fr\/?s={search_term_string}"},"query-input":{"@type":"PropertyValueSpecification","valueRequired":true,"valueName":"search_term_string"}}],"inLanguage":"fr-FR"},{"@type":"Organization","@id":"https:\/\/www.miomiorun.com\/fr\/#organization","name":"MioMio Run","url":"https:\/\/www.miomiorun.com\/fr\/","logo":{"@type":"ImageObject","inLanguage":"fr-FR","@id":"https:\/\/www.miomiorun.com\/fr\/#\/schema\/logo\/image\/","url":"https:\/\/www.miomiorun.com\/app\/uploads\/2019\/12\/logomio.png","contentUrl":"https:\/\/www.miomiorun.com\/app\/uploads\/2019\/12\/logomio.png","width":115,"height":82,"caption":"MioMio Run"},"image":{"@id":"https:\/\/www.miomiorun.com\/fr\/#\/schema\/logo\/image\/"},"sameAs":["https:\/\/www.facebook.com\/miomiorun\/","https:\/\/www.instagram.com\/miomiorun\/"]}]}},"_links":{"self":[{"href":"https:\/\/www.miomiorun.com\/fr\/wp-json\/wp\/v2\/product\/277642","targetHints":{"allow":["GET"]}}],"collection":[{"href":"https:\/\/www.miomiorun.com\/fr\/wp-json\/wp\/v2\/product"}],"about":[{"href":"https:\/\/www.miomiorun.com\/fr\/wp-json\/wp\/v2\/types\/product"}],"wp:featuredmedia":[{"embeddable":true,"href":"https:\/\/www.miomiorun.com\/fr\/wp-json\/wp\/v2\/media\/254072"}],"wp:attachment":[{"href":"https:\/\/www.miomiorun.com\/fr\/wp-json\/wp\/v2\/media?parent=277642"}],"wp:term":[{"taxonomy":"product_brand","embeddable":true,"href":"https:\/\/www.miomiorun.com\/fr\/wp-json\/wp\/v2\/product_brand?post=277642"},{"taxonomy":"product_cat","embeddable":true,"href":"https:\/\/www.miomiorun.com\/fr\/wp-json\/wp\/v2\/product_cat?post=277642"},{"taxonomy":"product_tag","embeddable":true,"href":"https:\/\/www.miomiorun.com\/fr\/wp-json\/wp\/v2\/product_tag?post=277642"}],"curies":[{"name":"wp","href":"https:\/\/api.w.org\/{rel}","templated":true}]}}