{"id":277635,"date":"2021-05-08T16:19:50","date_gmt":"2021-05-08T14:19:50","guid":{"rendered":"https:\/\/miomiorun.com\/prodotto\/compressport-trail-under-control-pirate-3-4-donna\/"},"modified":"2026-01-14T11:43:23","modified_gmt":"2026-01-14T10:43:23","slug":"compressport-trail-under-control-pirate-3-4-femme","status":"publish","type":"product","link":"https:\/\/www.miomiorun.com\/fr\/produit\/compressport-trail-under-control-pirate-3-4-femme\/","title":{"rendered":"Trail Under Control Pirate 3\/4 femme"},"content":{"rendered":"<p>Leggings de compression 3\/4 pour femmes, noirs, avec poche enveloppante int\u00e9gr\u00e9e et poign\u00e9es pour les mains, pour le trail running par temps froid.<\/p>\n<p>La Suisse n&#8217;est pas r\u00e9put\u00e9e pour sa chaleur, mais c&#8217;est pourtant l\u00e0 que s&#8217;entra\u00eene la coureuse de trail professionnelle Kathrin G\u00f6tz. Il n&#8217;est donc pas surprenant que les leggings de compression thermor\u00e9gul\u00e9s Trail Under Control soient la pi\u00e8ce ma\u00eetresse de sa garde-robe. Les empi\u00e8cements de compression strat\u00e9giquement plac\u00e9s offrent un soutien optimal aux cuisses et aux fessiers. Les vibrations sont r\u00e9duites jusqu&#8217;\u00e0 30 % tandis que l&#8217;am\u00e9lioration de la circulation sanguine oxyg\u00e8ne les muscles plus rapidement, retardant ainsi la fatigue. Les bandes de ventilation int\u00e9gr\u00e9es directement dans la compression assurent une a\u00e9ration \u00e0 360\u00b0 et \u00e9vacuent rapidement l&#8217;humidit\u00e9, r\u00e9duisant ainsi les frottements et les irritations. Un maillage suppl\u00e9mentaire derri\u00e8re le genou offre une plus grande libert\u00e9 de mouvement. Le mod\u00e8le 2020 mis \u00e0 jour est dot\u00e9 d&#8217;une coupe sp\u00e9cialement con\u00e7ue pour les femmes, qui garantit un ajustement ergonomique, un confort optimal et une touche de style f\u00e9minin. Les d\u00e9tails sp\u00e9cifiques au parcours sont essentiels, avec une coupe ergonomique \u00e0 la taille qui offre un soutien suppl\u00e9mentaire du torse sur les terrains accident\u00e9s. Une poche arri\u00e8re en filet permet de ranger de la nourriture et de petits objets personnels, tandis que les bandes en silicone \u00e0 l&#8217;ext\u00e9rieur des cuisses emp\u00eachent les mains de glisser lorsque vous acc\u00e9l\u00e9rez le rythme en mont\u00e9e. Associ\u00e9s \u00e0 des chaussettes de course hautes ou \u00e0 des mi-bas, ces leggings de compression 3\/4 pour le trail running r\u00e9pondent aux normes strictes de l&#8217;UTMB en mati\u00e8re de couvre-jambes complets.<\/p>\n<div id=\"materials\" class=\"data item content\" role=\"tabpanel\" data-role=\"content\" aria-labelledby=\"tab-label-materials\" aria-hidden=\"false\">\n<div class=\"product-materials-content\">\n<div class=\"texture-content primary-texture\">\n<section class=\"product-additional-info pt-4 pb-4\">\n<div class=\"d-flex mt-5 pt-4 pb-md-4 pb-3 text-center box-additional-info align-items-center flex-wrap\">\n<div class=\"col-lg-3 col-md-6 col-12 data-sheet\">\n<h2>Poids net du produit<\/h2>\n<p>112,00 g<\/p>\n<h2>Compositions<\/h2>\n<p>56 % polyamide multifilament ; 28 % PA ; 16 % EA<\/p>\n<h2>Instructions de lavage et d&#8217;entretien<\/h2>\n<p><img decoding=\"async\" class=\"img-fluid\" src=\"https:\/\/www.compressport.com\/img\/cms\/icons\/picto_wash.png\" \/><\/p>\n<div class=\"col-lg-3 col-md-6 col-12 data-sheet data-sheet-developed\"><img decoding=\"async\" class=\"img-fluid\" src=\"https:\/\/www.compressport.com\/img\/cms\/icons\/developed_swiss.png\" \/><\/div>\n<\/div>\n<\/div>\n<\/section>\n<\/div>\n<\/div>\n<\/div>\n","protected":false},"excerpt":{"rendered":"<p>Leggings de compression 3\/4 pour femmes, noirs, avec poche enveloppante int\u00e9gr\u00e9e et poign\u00e9es pour les mains, pour le trail running par temps froid. La Suisse n&#8217;est pas r\u00e9put\u00e9e pour sa chaleur, mais c&#8217;est pourtant l\u00e0 que s&#8217;entra\u00eene la coureuse de trail professionnelle Kathrin G\u00f6tz. Il n&#8217;est donc pas surprenant que les leggings de compression thermor\u00e9gul\u00e9s &hellip; <a href=\"https:\/\/www.miomiorun.com\/fr\/produit\/compressport-trail-under-control-pirate-3-4-femme\/\">Continued<\/a><\/p>\n","protected":false},"featured_media":247292,"template":"","meta":{"_acf_changed":false,"inline_featured_image":false},"product_brand":[],"product_cat":[22602,22596,22595],"product_tag":[23470,23652],"class_list":{"0":"post-277635","1":"product","2":"type-product","3":"status-publish","4":"has-post-thumbnail","6":"product_cat-pantalon-court","7":"product_cat-vetements-pour-femmes","8":"product_cat-femme","9":"product_tag-compressport-fr","10":"product_tag-compressport-femme","11":"pa_attivita-marcher","12":"pa_attivita-trail-fr","13":"pa_circonferenza-coscia-49-54-fr","14":"pa_marca-compressport-fr","15":"pa_sesso-femme","17":"first","18":"instock","19":"taxable","20":"shipping-taxable","21":"purchasable","22":"product-type-variable","23":"wvs-archive-product-wrapper"},"acf":[],"yoast_head":"<!-- This site is optimized with the Yoast SEO plugin v26.8 - https:\/\/yoast.com\/product\/yoast-seo-wordpress\/ -->\n<title>Compressport Trail Under Control Pirate 3\/4 femme - MioMioRun<\/title>\n<meta name=\"description\" content=\"Leggings de compression 3\/4 pour femmes, noirs, avec poche enveloppante int\u00e9gr\u00e9e et poign\u00e9es pour les mains, pour le trail running par temps froid.\" \/>\n<meta name=\"robots\" content=\"index, follow, max-snippet:-1, max-image-preview:large, max-video-preview:-1\" \/>\n<link rel=\"canonical\" href=\"https:\/\/www.miomiorun.com\/fr\/produit\/compressport-trail-under-control-pirate-3-4-femme\/\" \/>\n<meta property=\"og:locale\" content=\"fr_FR\" \/>\n<meta property=\"og:type\" content=\"article\" \/>\n<meta property=\"og:title\" content=\"Compressport Trail Under Control Pirate 3\/4 femme - MioMioRun\" \/>\n<meta property=\"og:description\" content=\"Leggings de compression 3\/4 pour femmes, noirs, avec poche enveloppante int\u00e9gr\u00e9e et poign\u00e9es pour les mains, pour le trail running par temps froid.\" \/>\n<meta property=\"og:url\" content=\"https:\/\/www.miomiorun.com\/fr\/produit\/compressport-trail-under-control-pirate-3-4-femme\/\" \/>\n<meta property=\"og:site_name\" content=\"MioMioRun\" \/>\n<meta property=\"article:publisher\" content=\"https:\/\/www.facebook.com\/miomiorun\/\" \/>\n<meta property=\"article:modified_time\" content=\"2026-01-14T10:43:23+00:00\" \/>\n<meta property=\"og:image\" content=\"https:\/\/www.miomiorun.com\/app\/uploads\/2021\/05\/compressport-Trail-Under-Control-Pirate-3-4-W-AW00004B-Black.jpg\" \/>\n\t<meta property=\"og:image:width\" content=\"600\" \/>\n\t<meta property=\"og:image:height\" content=\"600\" \/>\n\t<meta property=\"og:image:type\" content=\"image\/jpeg\" \/>\n<meta name=\"twitter:card\" content=\"summary_large_image\" \/>\n<meta name=\"twitter:label1\" content=\"Est. reading time\" \/>\n\t<meta name=\"twitter:data1\" content=\"2 minutes\" \/>\n<script type=\"application\/ld+json\" class=\"yoast-schema-graph\">{\"@context\":\"https:\/\/schema.org\",\"@graph\":[{\"@type\":\"WebPage\",\"@id\":\"https:\/\/www.miomiorun.com\/fr\/produit\/compressport-trail-under-control-pirate-3-4-femme\/\",\"url\":\"https:\/\/www.miomiorun.com\/fr\/produit\/compressport-trail-under-control-pirate-3-4-femme\/\",\"name\":\"Compressport Trail Under Control Pirate 3\/4 femme - MioMioRun\",\"isPartOf\":{\"@id\":\"https:\/\/www.miomiorun.com\/fr\/#website\"},\"primaryImageOfPage\":{\"@id\":\"https:\/\/www.miomiorun.com\/fr\/produit\/compressport-trail-under-control-pirate-3-4-femme\/#primaryimage\"},\"image\":{\"@id\":\"https:\/\/www.miomiorun.com\/fr\/produit\/compressport-trail-under-control-pirate-3-4-femme\/#primaryimage\"},\"thumbnailUrl\":\"https:\/\/www.miomiorun.com\/app\/uploads\/2021\/05\/compressport-Trail-Under-Control-Pirate-3-4-W-AW00004B-Black.jpg\",\"datePublished\":\"2021-05-08T14:19:50+00:00\",\"dateModified\":\"2026-01-14T10:43:23+00:00\",\"description\":\"Leggings de compression 3\/4 pour femmes, noirs, avec poche enveloppante int\u00e9gr\u00e9e et poign\u00e9es pour les mains, pour le trail running par temps froid.\",\"breadcrumb\":{\"@id\":\"https:\/\/www.miomiorun.com\/fr\/produit\/compressport-trail-under-control-pirate-3-4-femme\/#breadcrumb\"},\"inLanguage\":\"fr-FR\",\"potentialAction\":[{\"@type\":\"ReadAction\",\"target\":[\"https:\/\/www.miomiorun.com\/fr\/produit\/compressport-trail-under-control-pirate-3-4-femme\/\"]}]},{\"@type\":\"ImageObject\",\"inLanguage\":\"fr-FR\",\"@id\":\"https:\/\/www.miomiorun.com\/fr\/produit\/compressport-trail-under-control-pirate-3-4-femme\/#primaryimage\",\"url\":\"https:\/\/www.miomiorun.com\/app\/uploads\/2021\/05\/compressport-Trail-Under-Control-Pirate-3-4-W-AW00004B-Black.jpg\",\"contentUrl\":\"https:\/\/www.miomiorun.com\/app\/uploads\/2021\/05\/compressport-Trail-Under-Control-Pirate-3-4-W-AW00004B-Black.jpg\",\"width\":600,\"height\":600,\"caption\":\"compressport-Trail-Under-Control-Pirate-3-4-W-AW00004B-Black\"},{\"@type\":\"BreadcrumbList\",\"@id\":\"https:\/\/www.miomiorun.com\/fr\/produit\/compressport-trail-under-control-pirate-3-4-femme\/#breadcrumb\",\"itemListElement\":[{\"@type\":\"ListItem\",\"position\":1,\"name\":\"Home\",\"item\":\"https:\/\/www.miomiorun.com\/fr\/home-page\/\"},{\"@type\":\"ListItem\",\"position\":2,\"name\":\"Shop\",\"item\":\"https:\/\/www.miomiorun.com\/shop\/\"},{\"@type\":\"ListItem\",\"position\":3,\"name\":\"Trail Under Control Pirate 3\/4 femme\"}]},{\"@type\":\"WebSite\",\"@id\":\"https:\/\/www.miomiorun.com\/fr\/#website\",\"url\":\"https:\/\/www.miomiorun.com\/fr\/\",\"name\":\"MioMioRun\",\"description\":\"Boutique 100% running et trail\",\"publisher\":{\"@id\":\"https:\/\/www.miomiorun.com\/fr\/#organization\"},\"potentialAction\":[{\"@type\":\"SearchAction\",\"target\":{\"@type\":\"EntryPoint\",\"urlTemplate\":\"https:\/\/www.miomiorun.com\/fr\/?s={search_term_string}\"},\"query-input\":{\"@type\":\"PropertyValueSpecification\",\"valueRequired\":true,\"valueName\":\"search_term_string\"}}],\"inLanguage\":\"fr-FR\"},{\"@type\":\"Organization\",\"@id\":\"https:\/\/www.miomiorun.com\/fr\/#organization\",\"name\":\"MioMio Run\",\"url\":\"https:\/\/www.miomiorun.com\/fr\/\",\"logo\":{\"@type\":\"ImageObject\",\"inLanguage\":\"fr-FR\",\"@id\":\"https:\/\/www.miomiorun.com\/fr\/#\/schema\/logo\/image\/\",\"url\":\"https:\/\/www.miomiorun.com\/app\/uploads\/2019\/12\/logomio.png\",\"contentUrl\":\"https:\/\/www.miomiorun.com\/app\/uploads\/2019\/12\/logomio.png\",\"width\":115,\"height\":82,\"caption\":\"MioMio Run\"},\"image\":{\"@id\":\"https:\/\/www.miomiorun.com\/fr\/#\/schema\/logo\/image\/\"},\"sameAs\":[\"https:\/\/www.facebook.com\/miomiorun\/\",\"https:\/\/www.instagram.com\/miomiorun\/\"]}]}<\/script>\n<!-- \/ Yoast SEO plugin. -->","yoast_head_json":{"title":"Compressport Trail Under Control Pirate 3\/4 femme - MioMioRun","description":"Leggings de compression 3\/4 pour femmes, noirs, avec poche enveloppante int\u00e9gr\u00e9e et poign\u00e9es pour les mains, pour le trail running par temps froid.","robots":{"index":"index","follow":"follow","max-snippet":"max-snippet:-1","max-image-preview":"max-image-preview:large","max-video-preview":"max-video-preview:-1"},"canonical":"https:\/\/www.miomiorun.com\/fr\/produit\/compressport-trail-under-control-pirate-3-4-femme\/","og_locale":"fr_FR","og_type":"article","og_title":"Compressport Trail Under Control Pirate 3\/4 femme - MioMioRun","og_description":"Leggings de compression 3\/4 pour femmes, noirs, avec poche enveloppante int\u00e9gr\u00e9e et poign\u00e9es pour les mains, pour le trail running par temps froid.","og_url":"https:\/\/www.miomiorun.com\/fr\/produit\/compressport-trail-under-control-pirate-3-4-femme\/","og_site_name":"MioMioRun","article_publisher":"https:\/\/www.facebook.com\/miomiorun\/","article_modified_time":"2026-01-14T10:43:23+00:00","og_image":[{"width":600,"height":600,"url":"https:\/\/www.miomiorun.com\/app\/uploads\/2021\/05\/compressport-Trail-Under-Control-Pirate-3-4-W-AW00004B-Black.jpg","type":"image\/jpeg"}],"twitter_card":"summary_large_image","twitter_misc":{"Est. reading time":"2 minutes"},"schema":{"@context":"https:\/\/schema.org","@graph":[{"@type":"WebPage","@id":"https:\/\/www.miomiorun.com\/fr\/produit\/compressport-trail-under-control-pirate-3-4-femme\/","url":"https:\/\/www.miomiorun.com\/fr\/produit\/compressport-trail-under-control-pirate-3-4-femme\/","name":"Compressport Trail Under Control Pirate 3\/4 femme - MioMioRun","isPartOf":{"@id":"https:\/\/www.miomiorun.com\/fr\/#website"},"primaryImageOfPage":{"@id":"https:\/\/www.miomiorun.com\/fr\/produit\/compressport-trail-under-control-pirate-3-4-femme\/#primaryimage"},"image":{"@id":"https:\/\/www.miomiorun.com\/fr\/produit\/compressport-trail-under-control-pirate-3-4-femme\/#primaryimage"},"thumbnailUrl":"https:\/\/www.miomiorun.com\/app\/uploads\/2021\/05\/compressport-Trail-Under-Control-Pirate-3-4-W-AW00004B-Black.jpg","datePublished":"2021-05-08T14:19:50+00:00","dateModified":"2026-01-14T10:43:23+00:00","description":"Leggings de compression 3\/4 pour femmes, noirs, avec poche enveloppante int\u00e9gr\u00e9e et poign\u00e9es pour les mains, pour le trail running par temps froid.","breadcrumb":{"@id":"https:\/\/www.miomiorun.com\/fr\/produit\/compressport-trail-under-control-pirate-3-4-femme\/#breadcrumb"},"inLanguage":"fr-FR","potentialAction":[{"@type":"ReadAction","target":["https:\/\/www.miomiorun.com\/fr\/produit\/compressport-trail-under-control-pirate-3-4-femme\/"]}]},{"@type":"ImageObject","inLanguage":"fr-FR","@id":"https:\/\/www.miomiorun.com\/fr\/produit\/compressport-trail-under-control-pirate-3-4-femme\/#primaryimage","url":"https:\/\/www.miomiorun.com\/app\/uploads\/2021\/05\/compressport-Trail-Under-Control-Pirate-3-4-W-AW00004B-Black.jpg","contentUrl":"https:\/\/www.miomiorun.com\/app\/uploads\/2021\/05\/compressport-Trail-Under-Control-Pirate-3-4-W-AW00004B-Black.jpg","width":600,"height":600,"caption":"compressport-Trail-Under-Control-Pirate-3-4-W-AW00004B-Black"},{"@type":"BreadcrumbList","@id":"https:\/\/www.miomiorun.com\/fr\/produit\/compressport-trail-under-control-pirate-3-4-femme\/#breadcrumb","itemListElement":[{"@type":"ListItem","position":1,"name":"Home","item":"https:\/\/www.miomiorun.com\/fr\/home-page\/"},{"@type":"ListItem","position":2,"name":"Shop","item":"https:\/\/www.miomiorun.com\/shop\/"},{"@type":"ListItem","position":3,"name":"Trail Under Control Pirate 3\/4 femme"}]},{"@type":"WebSite","@id":"https:\/\/www.miomiorun.com\/fr\/#website","url":"https:\/\/www.miomiorun.com\/fr\/","name":"MioMioRun","description":"Boutique 100% running et trail","publisher":{"@id":"https:\/\/www.miomiorun.com\/fr\/#organization"},"potentialAction":[{"@type":"SearchAction","target":{"@type":"EntryPoint","urlTemplate":"https:\/\/www.miomiorun.com\/fr\/?s={search_term_string}"},"query-input":{"@type":"PropertyValueSpecification","valueRequired":true,"valueName":"search_term_string"}}],"inLanguage":"fr-FR"},{"@type":"Organization","@id":"https:\/\/www.miomiorun.com\/fr\/#organization","name":"MioMio Run","url":"https:\/\/www.miomiorun.com\/fr\/","logo":{"@type":"ImageObject","inLanguage":"fr-FR","@id":"https:\/\/www.miomiorun.com\/fr\/#\/schema\/logo\/image\/","url":"https:\/\/www.miomiorun.com\/app\/uploads\/2019\/12\/logomio.png","contentUrl":"https:\/\/www.miomiorun.com\/app\/uploads\/2019\/12\/logomio.png","width":115,"height":82,"caption":"MioMio Run"},"image":{"@id":"https:\/\/www.miomiorun.com\/fr\/#\/schema\/logo\/image\/"},"sameAs":["https:\/\/www.facebook.com\/miomiorun\/","https:\/\/www.instagram.com\/miomiorun\/"]}]}},"_links":{"self":[{"href":"https:\/\/www.miomiorun.com\/fr\/wp-json\/wp\/v2\/product\/277635","targetHints":{"allow":["GET"]}}],"collection":[{"href":"https:\/\/www.miomiorun.com\/fr\/wp-json\/wp\/v2\/product"}],"about":[{"href":"https:\/\/www.miomiorun.com\/fr\/wp-json\/wp\/v2\/types\/product"}],"wp:featuredmedia":[{"embeddable":true,"href":"https:\/\/www.miomiorun.com\/fr\/wp-json\/wp\/v2\/media\/247292"}],"wp:attachment":[{"href":"https:\/\/www.miomiorun.com\/fr\/wp-json\/wp\/v2\/media?parent=277635"}],"wp:term":[{"taxonomy":"product_brand","embeddable":true,"href":"https:\/\/www.miomiorun.com\/fr\/wp-json\/wp\/v2\/product_brand?post=277635"},{"taxonomy":"product_cat","embeddable":true,"href":"https:\/\/www.miomiorun.com\/fr\/wp-json\/wp\/v2\/product_cat?post=277635"},{"taxonomy":"product_tag","embeddable":true,"href":"https:\/\/www.miomiorun.com\/fr\/wp-json\/wp\/v2\/product_tag?post=277635"}],"curies":[{"name":"wp","href":"https:\/\/api.w.org\/{rel}","templated":true}]}}