{"id":277616,"date":"2021-05-13T19:22:17","date_gmt":"2021-05-13T17:22:17","guid":{"rendered":"https:\/\/miomiorun.com\/prodotto\/compressport-r2v2-calf-sleeves\/"},"modified":"2025-12-12T11:36:35","modified_gmt":"2025-12-12T10:36:35","slug":"compressport-r2v2-calf-sleeves","status":"publish","type":"product","link":"https:\/\/www.miomiorun.com\/fr\/produit\/compressport-r2v2-calf-sleeves\/","title":{"rendered":"R2v2 Calf Sleeves"},"content":{"rendered":"<p>Produit embl\u00e9matique, ces mi-bas haute performance r\u00e9duisent les vibrations musculaires et am\u00e9liorent les performances dans toutes les disciplines.<\/p>\n<p>Les R2V2 sont sans aucun doute le produit le plus c\u00e9l\u00e8bre et le plus reconnaissable de notre gamme. Ces \u00e9l\u00e9gants jambi\u00e8res de compression sans coutures sont visibles partout, des courses et d\u00e9monstrations sur piste jusqu&#8217;\u00e0 la ligne d&#8217;arriv\u00e9e, et ont \u00e9t\u00e9 pr\u00e9sentes sur le podium de toutes les grandes comp\u00e9titions \u00e0 travers le monde. Con\u00e7ues scientifiquement pour r\u00e9volutionner le monde du sport gr\u00e2ce \u00e0 une technologie hautement contr\u00f4l\u00e9e et conforme aux normes m\u00e9dicales, elles ont \u00e9tabli une nouvelle norme en mati\u00e8re de v\u00eatements de compression que nous sommes fiers d&#8217;am\u00e9liorer ann\u00e9e apr\u00e8s ann\u00e9e. Nos R2V2 renouvel\u00e9s pr\u00e9sentent une nouvelle maille ondul\u00e9e 3D exclusive : une technologie innovante avec un \u00ab effet gaufr\u00e9 \u00bb qui offre une meilleure protection de la cheville et du tendon d&#8217;Achille. L&#8217;am\u00e9lioration de l&#8217;\u00e9lasticit\u00e9 verticale augmente encore le confort et la facilit\u00e9 d&#8217;ajustement. Port\u00e9s avant l&#8217;activit\u00e9, les jambi\u00e8res favorisent la circulation sanguine et pr\u00e9parent les muscles et l&#8217;esprit \u00e0 l&#8217;effort. Pendant l&#8217;entra\u00eenement et les comp\u00e9titions, le tissu \u00e0 s\u00e9chage rapide amortit les vibrations afin de limiter les blessures musculaires, r\u00e9duire la douleur et retarder la fatigue, en r\u00e9duisant l&#8217;accumulation d&#8217;acide lactique. La genouill\u00e8re sp\u00e9ciale a \u00e9t\u00e9 sp\u00e9cialement con\u00e7ue pour r\u00e9duire les chocs et l&#8217;inconfort autour du genou lorsque vous d\u00e9valez des sentiers escarp\u00e9s ou que vous tombez sur l&#8217;asphalte. Que vous visiez un PB sur 10 km ou un ticket pour l&#8217;UTMB, le R2V2 est la meilleure arme pour relever le d\u00e9fi.<\/p>\n<section class=\"product-additional-info pt-4 pb-4\">\n<div class=\"d-flex mt-5 pt-4 pb-md-4 pb-3 text-center box-additional-info align-items-center flex-wrap\">\n<div class=\"col-lg-3 col-md-6 col-12 data-sheet\">\n<h2>Poids net du produit<\/h2>\n<p>38,00 g<\/p>\n<\/div>\n<div class=\"data-sheet col-lg-3 col-md-6 col-12 feature_1 \">\n<h2>Composition<\/h2>\n<dl class=\"d-flex flex-wrap justify-content-center\">\n<dd>65 % PA, 35 % EA<\/dd>\n<\/dl>\n<\/div>\n<div class=\"col-lg-3 col-md-6 col-12 data-sheet\">\n<h2>Instructions de lavage et d&#8217;entretien<\/h2>\n<p><img decoding=\"async\" class=\"img-fluid\" src=\"https:\/\/www.compressport.com\/img\/cms\/icons\/picto_wash.png\"><\/p>\n<\/div>\n<div class=\"col-lg-3 col-md-6 col-12 data-sheet data-sheet-developed\"><img decoding=\"async\" class=\"img-fluid\" src=\"https:\/\/www.compressport.com\/img\/cms\/icons\/developed_swiss.png\"><\/div>\n<\/div>\n<\/section>\n<div><\/div>\n<div>\n<h2 class=\"title-thin\">Guide des tailles (tour de mollet)<\/h2>\n<div class=\"chart-tabs-container\">\n<div class=\"tab-content clearfix keep-it-tight\">\n<div id=\"11_chart_productTab\" class=\"chart_productTab\">\n<div id=\"single_chart_table_popup\">\n<div class=\"row\">\n<div class=\"col-md-2\"><span class=\"img-w-comment d-block d-md-block text-center text-md-left\"> <img loading=\"lazy\" decoding=\"async\" class=\"chart-table-img img-fluid alignleft\" src=\"https:\/\/www.compressport.com\/inter\/modules\/sizeconversion\/views\/img\/Guide-sizing_Calf-sleeves.jpg\" width=\"203\" height=\"304\"> <\/span><\/div>\n<div class=\"col-md-10\">\n<div class=\"table-responsive-md\">\n<table id=\"chart_table_11\" class=\"table table-striped table-bordered text-center chart-table\" style=\"height: 171px\" width=\"209\">\n<thead class=\"thead-default\">\n<tr class=\"\">\n<th><\/th>\n<th id=\"conversion_group_65\">CM<\/th>\n<th id=\"conversion_group_66\">INCH<\/th>\n<\/tr>\n<\/thead>\n<tbody>\n<tr class=\"chart-table-row\">\n<th class=\"cc-name\">T1<\/th>\n<td>30-34<\/td>\n<td>12-13,5<\/td>\n<\/tr>\n<tr class=\"chart-table-row\">\n<th class=\"cc-name\">T2<\/th>\n<td>34-38<\/td>\n<td>13,5-15<\/td>\n<\/tr>\n<tr class=\"chart-table-row\">\n<th class=\"cc-name\">T3<\/th>\n<td>38-42<\/td>\n<td>15-16,5<\/td>\n<\/tr>\n<tr class=\"chart-table-row\">\n<th class=\"cc-name\">T4<\/th>\n<td>42-46<\/td>\n<td>16,5-18<\/td>\n<\/tr>\n<\/tbody>\n<\/table>\n<\/div>\n<\/div>\n<\/div>\n<\/div>\n<\/div>\n<\/div>\n<\/div>\n<\/div>\n","protected":false},"excerpt":{"rendered":"<p>Produit embl\u00e9matique, ces mi-bas haute performance r\u00e9duisent les vibrations musculaires et am\u00e9liorent les performances dans toutes les disciplines. Les R2V2 sont sans aucun doute le produit le plus c\u00e9l\u00e8bre et le plus reconnaissable de notre gamme. Ces \u00e9l\u00e9gants jambi\u00e8res de compression sans coutures sont visibles partout, des courses et d\u00e9monstrations sur piste jusqu&#8217;\u00e0 la ligne &hellip; <a href=\"https:\/\/www.miomiorun.com\/fr\/produit\/compressport-r2v2-calf-sleeves\/\">Continued<\/a><\/p>\n","protected":false},"featured_media":232117,"template":"","meta":{"_acf_changed":false,"inline_featured_image":false},"product_brand":[],"product_cat":[22597,24256,22596,24482,24484,22595],"product_tag":[23470,23652,23650],"class_list":{"0":"post-277616","1":"product","2":"type-product","3":"status-publish","4":"has-post-thumbnail","6":"product_cat-chaussettes","7":"product_cat-chaussettes-fr","8":"product_cat-vetements-pour-femmes","9":"product_cat-vetements-pour-hommes-fr","10":"product_cat-homme","11":"product_cat-femme","12":"product_tag-compressport-fr","13":"product_tag-compressport-femme","14":"product_tag-compressport-homme","15":"pa_attivita-running-fr","16":"pa_attivita-trail-fr","17":"pa_circonferenza-polpaccio-30-34-fr","18":"pa_circonferenza-polpaccio-34-38-fr","19":"pa_colore-r2v2-calf-sleeves-black-fr","20":"pa_colore-r2v2-calf-sleeves-pink-fr","21":"pa_marca-compressport-fr","22":"pa_sesso-femme","23":"pa_sesso-homme","25":"first","26":"instock","27":"sale","28":"taxable","29":"shipping-taxable","30":"purchasable","31":"product-type-variable","32":"wvs-archive-product-wrapper"},"acf":[],"yoast_head":"<!-- This site is optimized with the Yoast SEO plugin v26.8 - https:\/\/yoast.com\/product\/yoast-seo-wordpress\/ -->\n<title>Compressport R2v2 Calf Sleeves - Booster Running - MioMioRun<\/title>\n<meta name=\"description\" content=\"Produit embl\u00e9matique, mi-bas haute performance pour r\u00e9duire les vibrations musculaires et am\u00e9liorer les performances dans toutes les disciplines.\" \/>\n<meta name=\"robots\" content=\"index, follow, max-snippet:-1, max-image-preview:large, max-video-preview:-1\" \/>\n<link rel=\"canonical\" href=\"https:\/\/www.miomiorun.com\/fr\/produit\/compressport-r2v2-calf-sleeves\/\" \/>\n<meta property=\"og:locale\" content=\"fr_FR\" \/>\n<meta property=\"og:type\" content=\"article\" \/>\n<meta property=\"og:title\" content=\"Compressport R2v2 Calf Sleeves - Booster Running - MioMioRun\" \/>\n<meta property=\"og:description\" content=\"Produit embl\u00e9matique, mi-bas haute performance pour r\u00e9duire les vibrations musculaires et am\u00e9liorer les performances dans toutes les disciplines.\" \/>\n<meta property=\"og:url\" content=\"https:\/\/www.miomiorun.com\/fr\/produit\/compressport-r2v2-calf-sleeves\/\" \/>\n<meta property=\"og:site_name\" content=\"MioMioRun\" \/>\n<meta property=\"article:publisher\" content=\"https:\/\/www.facebook.com\/miomiorun\/\" \/>\n<meta property=\"article:modified_time\" content=\"2025-12-12T10:36:35+00:00\" \/>\n<meta property=\"og:image\" content=\"https:\/\/www.miomiorun.com\/app\/uploads\/2021\/05\/compressport-R2v2-Calf-Sleeves-SU00002B-pink.jpg\" \/>\n\t<meta property=\"og:image:width\" content=\"600\" \/>\n\t<meta property=\"og:image:height\" content=\"600\" \/>\n\t<meta property=\"og:image:type\" content=\"image\/jpeg\" \/>\n<meta name=\"twitter:card\" content=\"summary_large_image\" \/>\n<meta name=\"twitter:label1\" content=\"Est. reading time\" \/>\n\t<meta name=\"twitter:data1\" content=\"2 minutes\" \/>\n<script type=\"application\/ld+json\" class=\"yoast-schema-graph\">{\"@context\":\"https:\/\/schema.org\",\"@graph\":[{\"@type\":\"WebPage\",\"@id\":\"https:\/\/www.miomiorun.com\/fr\/produit\/compressport-r2v2-calf-sleeves\/\",\"url\":\"https:\/\/www.miomiorun.com\/fr\/produit\/compressport-r2v2-calf-sleeves\/\",\"name\":\"Compressport R2v2 Calf Sleeves - Booster Running - MioMioRun\",\"isPartOf\":{\"@id\":\"https:\/\/www.miomiorun.com\/fr\/#website\"},\"primaryImageOfPage\":{\"@id\":\"https:\/\/www.miomiorun.com\/fr\/produit\/compressport-r2v2-calf-sleeves\/#primaryimage\"},\"image\":{\"@id\":\"https:\/\/www.miomiorun.com\/fr\/produit\/compressport-r2v2-calf-sleeves\/#primaryimage\"},\"thumbnailUrl\":\"https:\/\/www.miomiorun.com\/app\/uploads\/2021\/05\/compressport-R2v2-Calf-Sleeves-SU00002B-pink.jpg\",\"datePublished\":\"2021-05-13T17:22:17+00:00\",\"dateModified\":\"2025-12-12T10:36:35+00:00\",\"description\":\"Produit embl\u00e9matique, mi-bas haute performance pour r\u00e9duire les vibrations musculaires et am\u00e9liorer les performances dans toutes les disciplines.\",\"breadcrumb\":{\"@id\":\"https:\/\/www.miomiorun.com\/fr\/produit\/compressport-r2v2-calf-sleeves\/#breadcrumb\"},\"inLanguage\":\"fr-FR\",\"potentialAction\":[{\"@type\":\"ReadAction\",\"target\":[\"https:\/\/www.miomiorun.com\/fr\/produit\/compressport-r2v2-calf-sleeves\/\"]}]},{\"@type\":\"ImageObject\",\"inLanguage\":\"fr-FR\",\"@id\":\"https:\/\/www.miomiorun.com\/fr\/produit\/compressport-r2v2-calf-sleeves\/#primaryimage\",\"url\":\"https:\/\/www.miomiorun.com\/app\/uploads\/2021\/05\/compressport-R2v2-Calf-Sleeves-SU00002B-pink.jpg\",\"contentUrl\":\"https:\/\/www.miomiorun.com\/app\/uploads\/2021\/05\/compressport-R2v2-Calf-Sleeves-SU00002B-pink.jpg\",\"width\":600,\"height\":600,\"caption\":\"compressport r2v2 calf sleeves\"},{\"@type\":\"BreadcrumbList\",\"@id\":\"https:\/\/www.miomiorun.com\/fr\/produit\/compressport-r2v2-calf-sleeves\/#breadcrumb\",\"itemListElement\":[{\"@type\":\"ListItem\",\"position\":1,\"name\":\"Home\",\"item\":\"https:\/\/www.miomiorun.com\/fr\/home-page\/\"},{\"@type\":\"ListItem\",\"position\":2,\"name\":\"Shop\",\"item\":\"https:\/\/www.miomiorun.com\/shop\/\"},{\"@type\":\"ListItem\",\"position\":3,\"name\":\"R2v2 Calf Sleeves\"}]},{\"@type\":\"WebSite\",\"@id\":\"https:\/\/www.miomiorun.com\/fr\/#website\",\"url\":\"https:\/\/www.miomiorun.com\/fr\/\",\"name\":\"MioMioRun\",\"description\":\"Boutique 100% running et trail\",\"publisher\":{\"@id\":\"https:\/\/www.miomiorun.com\/fr\/#organization\"},\"potentialAction\":[{\"@type\":\"SearchAction\",\"target\":{\"@type\":\"EntryPoint\",\"urlTemplate\":\"https:\/\/www.miomiorun.com\/fr\/?s={search_term_string}\"},\"query-input\":{\"@type\":\"PropertyValueSpecification\",\"valueRequired\":true,\"valueName\":\"search_term_string\"}}],\"inLanguage\":\"fr-FR\"},{\"@type\":\"Organization\",\"@id\":\"https:\/\/www.miomiorun.com\/fr\/#organization\",\"name\":\"MioMio Run\",\"url\":\"https:\/\/www.miomiorun.com\/fr\/\",\"logo\":{\"@type\":\"ImageObject\",\"inLanguage\":\"fr-FR\",\"@id\":\"https:\/\/www.miomiorun.com\/fr\/#\/schema\/logo\/image\/\",\"url\":\"https:\/\/www.miomiorun.com\/app\/uploads\/2019\/12\/logomio.png\",\"contentUrl\":\"https:\/\/www.miomiorun.com\/app\/uploads\/2019\/12\/logomio.png\",\"width\":115,\"height\":82,\"caption\":\"MioMio Run\"},\"image\":{\"@id\":\"https:\/\/www.miomiorun.com\/fr\/#\/schema\/logo\/image\/\"},\"sameAs\":[\"https:\/\/www.facebook.com\/miomiorun\/\",\"https:\/\/www.instagram.com\/miomiorun\/\"]}]}<\/script>\n<!-- \/ Yoast SEO plugin. -->","yoast_head_json":{"title":"Compressport R2v2 Calf Sleeves - Booster Running - MioMioRun","description":"Produit embl\u00e9matique, mi-bas haute performance pour r\u00e9duire les vibrations musculaires et am\u00e9liorer les performances dans toutes les disciplines.","robots":{"index":"index","follow":"follow","max-snippet":"max-snippet:-1","max-image-preview":"max-image-preview:large","max-video-preview":"max-video-preview:-1"},"canonical":"https:\/\/www.miomiorun.com\/fr\/produit\/compressport-r2v2-calf-sleeves\/","og_locale":"fr_FR","og_type":"article","og_title":"Compressport R2v2 Calf Sleeves - Booster Running - MioMioRun","og_description":"Produit embl\u00e9matique, mi-bas haute performance pour r\u00e9duire les vibrations musculaires et am\u00e9liorer les performances dans toutes les disciplines.","og_url":"https:\/\/www.miomiorun.com\/fr\/produit\/compressport-r2v2-calf-sleeves\/","og_site_name":"MioMioRun","article_publisher":"https:\/\/www.facebook.com\/miomiorun\/","article_modified_time":"2025-12-12T10:36:35+00:00","og_image":[{"width":600,"height":600,"url":"https:\/\/www.miomiorun.com\/app\/uploads\/2021\/05\/compressport-R2v2-Calf-Sleeves-SU00002B-pink.jpg","type":"image\/jpeg"}],"twitter_card":"summary_large_image","twitter_misc":{"Est. reading time":"2 minutes"},"schema":{"@context":"https:\/\/schema.org","@graph":[{"@type":"WebPage","@id":"https:\/\/www.miomiorun.com\/fr\/produit\/compressport-r2v2-calf-sleeves\/","url":"https:\/\/www.miomiorun.com\/fr\/produit\/compressport-r2v2-calf-sleeves\/","name":"Compressport R2v2 Calf Sleeves - Booster Running - MioMioRun","isPartOf":{"@id":"https:\/\/www.miomiorun.com\/fr\/#website"},"primaryImageOfPage":{"@id":"https:\/\/www.miomiorun.com\/fr\/produit\/compressport-r2v2-calf-sleeves\/#primaryimage"},"image":{"@id":"https:\/\/www.miomiorun.com\/fr\/produit\/compressport-r2v2-calf-sleeves\/#primaryimage"},"thumbnailUrl":"https:\/\/www.miomiorun.com\/app\/uploads\/2021\/05\/compressport-R2v2-Calf-Sleeves-SU00002B-pink.jpg","datePublished":"2021-05-13T17:22:17+00:00","dateModified":"2025-12-12T10:36:35+00:00","description":"Produit embl\u00e9matique, mi-bas haute performance pour r\u00e9duire les vibrations musculaires et am\u00e9liorer les performances dans toutes les disciplines.","breadcrumb":{"@id":"https:\/\/www.miomiorun.com\/fr\/produit\/compressport-r2v2-calf-sleeves\/#breadcrumb"},"inLanguage":"fr-FR","potentialAction":[{"@type":"ReadAction","target":["https:\/\/www.miomiorun.com\/fr\/produit\/compressport-r2v2-calf-sleeves\/"]}]},{"@type":"ImageObject","inLanguage":"fr-FR","@id":"https:\/\/www.miomiorun.com\/fr\/produit\/compressport-r2v2-calf-sleeves\/#primaryimage","url":"https:\/\/www.miomiorun.com\/app\/uploads\/2021\/05\/compressport-R2v2-Calf-Sleeves-SU00002B-pink.jpg","contentUrl":"https:\/\/www.miomiorun.com\/app\/uploads\/2021\/05\/compressport-R2v2-Calf-Sleeves-SU00002B-pink.jpg","width":600,"height":600,"caption":"compressport r2v2 calf sleeves"},{"@type":"BreadcrumbList","@id":"https:\/\/www.miomiorun.com\/fr\/produit\/compressport-r2v2-calf-sleeves\/#breadcrumb","itemListElement":[{"@type":"ListItem","position":1,"name":"Home","item":"https:\/\/www.miomiorun.com\/fr\/home-page\/"},{"@type":"ListItem","position":2,"name":"Shop","item":"https:\/\/www.miomiorun.com\/shop\/"},{"@type":"ListItem","position":3,"name":"R2v2 Calf Sleeves"}]},{"@type":"WebSite","@id":"https:\/\/www.miomiorun.com\/fr\/#website","url":"https:\/\/www.miomiorun.com\/fr\/","name":"MioMioRun","description":"Boutique 100% running et trail","publisher":{"@id":"https:\/\/www.miomiorun.com\/fr\/#organization"},"potentialAction":[{"@type":"SearchAction","target":{"@type":"EntryPoint","urlTemplate":"https:\/\/www.miomiorun.com\/fr\/?s={search_term_string}"},"query-input":{"@type":"PropertyValueSpecification","valueRequired":true,"valueName":"search_term_string"}}],"inLanguage":"fr-FR"},{"@type":"Organization","@id":"https:\/\/www.miomiorun.com\/fr\/#organization","name":"MioMio Run","url":"https:\/\/www.miomiorun.com\/fr\/","logo":{"@type":"ImageObject","inLanguage":"fr-FR","@id":"https:\/\/www.miomiorun.com\/fr\/#\/schema\/logo\/image\/","url":"https:\/\/www.miomiorun.com\/app\/uploads\/2019\/12\/logomio.png","contentUrl":"https:\/\/www.miomiorun.com\/app\/uploads\/2019\/12\/logomio.png","width":115,"height":82,"caption":"MioMio Run"},"image":{"@id":"https:\/\/www.miomiorun.com\/fr\/#\/schema\/logo\/image\/"},"sameAs":["https:\/\/www.facebook.com\/miomiorun\/","https:\/\/www.instagram.com\/miomiorun\/"]}]}},"_links":{"self":[{"href":"https:\/\/www.miomiorun.com\/fr\/wp-json\/wp\/v2\/product\/277616","targetHints":{"allow":["GET"]}}],"collection":[{"href":"https:\/\/www.miomiorun.com\/fr\/wp-json\/wp\/v2\/product"}],"about":[{"href":"https:\/\/www.miomiorun.com\/fr\/wp-json\/wp\/v2\/types\/product"}],"wp:featuredmedia":[{"embeddable":true,"href":"https:\/\/www.miomiorun.com\/fr\/wp-json\/wp\/v2\/media\/232117"}],"wp:attachment":[{"href":"https:\/\/www.miomiorun.com\/fr\/wp-json\/wp\/v2\/media?parent=277616"}],"wp:term":[{"taxonomy":"product_brand","embeddable":true,"href":"https:\/\/www.miomiorun.com\/fr\/wp-json\/wp\/v2\/product_brand?post=277616"},{"taxonomy":"product_cat","embeddable":true,"href":"https:\/\/www.miomiorun.com\/fr\/wp-json\/wp\/v2\/product_cat?post=277616"},{"taxonomy":"product_tag","embeddable":true,"href":"https:\/\/www.miomiorun.com\/fr\/wp-json\/wp\/v2\/product_tag?post=277616"}],"curies":[{"name":"wp","href":"https:\/\/api.w.org\/{rel}","templated":true}]}}