{"id":277602,"date":"2021-05-15T09:44:58","date_gmt":"2021-05-15T07:44:58","guid":{"rendered":"https:\/\/miomiorun.com\/prodotto\/compressport-r2-oxygen-calf-sleeves\/"},"modified":"2026-01-14T11:43:58","modified_gmt":"2026-01-14T10:43:58","slug":"compressport-r2-oxygen-calf-sleeves","status":"publish","type":"product","link":"https:\/\/www.miomiorun.com\/fr\/produit\/compressport-r2-oxygen-calf-sleeves\/","title":{"rendered":"R2 Oxygen calf sleeves"},"content":{"rendered":"<p>Mi-bas seconde peau noirs, le meilleur de la gamme, pour une a\u00e9ration maximale et un meilleur soutien musculaire pendant les courses les plus difficiles.<\/p>\n<p>La l\u00e9gende raconte que Fred Van Lierde ne met que huit secondes pour enfiler ces jambi\u00e8res Compressport R2 apr\u00e8s avoir nag\u00e9 \u00e0 Kona, \u00e0 Hawa\u00ef. La plus performante de nos jambi\u00e8res a \u00e9t\u00e9 sp\u00e9cialement d\u00e9velopp\u00e9e pour les courses rapides dans les conditions les plus extr\u00eames. Au-del\u00e0 du mod\u00e8le de r\u00e9f\u00e9rence R2V2, nos designers recherchaient une sensation de seconde peau ultra-douce et rassurante pour la l\u00e9g\u00e8ret\u00e9 de l&#8217;article. Avec des empi\u00e8cements en maille strat\u00e9giquement plac\u00e9s et \u00e0 s\u00e9chage rapide qui offrent une a\u00e9ration \u00e0 360\u00b0, les R2 Oxygen sont les mi-bas de compression les plus l\u00e9gers du march\u00e9, avec un poids de seulement 11 g. Cependant, les fibres extr\u00eamement fines ont prouv\u00e9 qu&#8217;elles conservaient toutes les propri\u00e9t\u00e9s et les avantages de la compression, offrant un soutien et une protection maximaux au mollet et au bas du genou, tout en limitant les vibrations et les blessures musculaires. La version 2020 am\u00e9lior\u00e9e offre une plus grande \u00e9lasticit\u00e9 horizontale et verticale pour un ajustement encore plus facile et un confort accru. Un design noir minimaliste compl\u00e8te le tout avec un look \u00e9l\u00e9gant et raffin\u00e9 sur la piste. Sur l&#8217;asphalte br\u00fblant d&#8217;Hawa\u00ef ou sur les sables br\u00fblants du Sahara, les ultra-l\u00e9g\u00e8res R2 Oxygen seront vos fid\u00e8les compagnes.<\/p>\n<section class=\"product-additional-info pt-4 pb-4\">\n<div class=\"d-flex mt-5 pt-4 pb-md-4 pb-3 text-center box-additional-info align-items-center flex-wrap\">\n<div class=\"col-lg-3 col-md-6 col-12 data-sheet\">\n<h2>Poids net du produit<\/h2>\n<p>30,00 g<\/p>\n<\/div>\n<div class=\"data-sheet col-lg-3 col-md-6 col-12 feature_1\">\n<h2>Compositions<\/h2>\n<dl class=\"d-flex flex-wrap justify-content-center\">\n<dd>78 % PA 22 % EA<\/dd>\n<\/dl>\n<\/div>\n<div class=\"col-lg-3 col-md-6 col-12 data-sheet\">\n<h2>Instructions de lavage et d&#8217;entretien<\/h2>\n<p><img decoding=\"async\" class=\"img-fluid\" src=\"https:\/\/www.compressport.com\/img\/cms\/icons\/picto_wash.png\" \/><\/p>\n<\/div>\n<div class=\"col-lg-3 col-md-6 col-12 data-sheet data-sheet-developed\"><img decoding=\"async\" class=\"img-fluid\" src=\"https:\/\/www.compressport.com\/img\/cms\/icons\/developed_swiss.png\" \/><\/div>\n<\/div>\n<\/section>\n<div><\/div>\n<div>\n<h2 class=\"title-thin\">Guide des tailles (tour de mollet)<\/h2>\n<div class=\"chart-tabs-container\">\n<div class=\"tab-content clearfix keep-it-tight\">\n<div id=\"11_chart_productTab\" class=\"chart_productTab\">\n<div id=\"single_chart_table_popup\">\n<div class=\"row\">\n<div class=\"col-md-2\"><span class=\"img-w-comment d-block d-md-block text-center text-md-left\"> <img loading=\"lazy\" decoding=\"async\" class=\"chart-table-img img-fluid alignleft\" src=\"https:\/\/www.compressport.com\/inter\/modules\/sizeconversion\/views\/img\/Guide-sizing_Calf-sleeves.jpg\" width=\"203\" height=\"304\" \/> <\/span><\/div>\n<div class=\"col-md-10\">\n<div class=\"table-responsive-md\">\n<table id=\"chart_table_11\" class=\"table table-striped table-bordered text-center chart-table\" style=\"height: 171px\" width=\"209\">\n<thead class=\"thead-default\">\n<tr class=\"\">\n<th><\/th>\n<th id=\"conversion_group_65\">CM<\/th>\n<th id=\"conversion_group_66\">POUCE<\/th>\n<\/tr>\n<\/thead>\n<tbody>\n<tr class=\"chart-table-row\">\n<th class=\"cc-name\">T1<\/th>\n<td>30-34<\/td>\n<td>12-13,5<\/td>\n<\/tr>\n<tr class=\"chart-table-row\">\n<th class=\"cc-name\">T2<\/th>\n<td>34-38<\/td>\n<td>13,5-15<\/td>\n<\/tr>\n<tr class=\"chart-table-row\">\n<th class=\"cc-name\">T3<\/th>\n<td>38-42<\/td>\n<td>15-16,5<\/td>\n<\/tr>\n<tr class=\"chart-table-row\">\n<th class=\"cc-name\">T4<\/th>\n<td>42-46<\/td>\n<td>16,5-18<\/td>\n<\/tr>\n<\/tbody>\n<\/table>\n<\/div>\n<\/div>\n<\/div>\n<\/div>\n<\/div>\n<\/div>\n<\/div>\n<\/div>\n","protected":false},"excerpt":{"rendered":"<p>Mi-bas seconde peau noirs, le meilleur de la gamme, pour une a\u00e9ration maximale et un meilleur soutien musculaire pendant les courses les plus difficiles. La l\u00e9gende raconte que Fred Van Lierde ne met que huit secondes pour enfiler ces jambi\u00e8res Compressport R2 apr\u00e8s avoir nag\u00e9 \u00e0 Kona, \u00e0 Hawa\u00ef. La plus performante de nos jambi\u00e8res &hellip; <a href=\"https:\/\/www.miomiorun.com\/fr\/produit\/compressport-r2-oxygen-calf-sleeves\/\">Continued<\/a><\/p>\n","protected":false},"featured_media":232133,"template":"","meta":{"_acf_changed":false,"inline_featured_image":false},"product_brand":[],"product_cat":[22597,24256,22596,24482,24484,22595],"product_tag":[23470,23652,23650],"class_list":{"0":"post-277602","1":"product","2":"type-product","3":"status-publish","4":"has-post-thumbnail","6":"product_cat-chaussettes","7":"product_cat-chaussettes-fr","8":"product_cat-vetements-pour-femmes","9":"product_cat-vetements-pour-hommes-fr","10":"product_cat-homme","11":"product_cat-femme","12":"product_tag-compressport-fr","13":"product_tag-compressport-femme","14":"product_tag-compressport-homme","15":"pa_attivita-running-fr","16":"pa_attivita-trail-fr","17":"pa_circonferenza-polpaccio-30-34-fr","18":"pa_colore-r2-oxygen-calf-sleeves-black-fr","19":"pa_marca-compressport-fr","20":"pa_sesso-femme","21":"pa_sesso-homme","23":"first","24":"instock","25":"sale","26":"taxable","27":"shipping-taxable","28":"purchasable","29":"product-type-variable","30":"wvs-archive-product-wrapper"},"acf":[],"yoast_head":"<!-- This site is optimized with the Yoast SEO plugin v26.8 - https:\/\/yoast.com\/product\/yoast-seo-wordpress\/ -->\n<title>Compressport R2 Oxygen calf sleeves - Booster en marche - MioMioRun<\/title>\n<meta name=\"description\" content=\"Mi-bas noirs seconde peau, le meilleur de la gamme, pour une a\u00e9ration maximale et un meilleur soutien musculaire pendant les courses les plus difficiles.\" \/>\n<meta name=\"robots\" content=\"index, follow, max-snippet:-1, max-image-preview:large, max-video-preview:-1\" \/>\n<link rel=\"canonical\" href=\"https:\/\/www.miomiorun.com\/fr\/produit\/compressport-r2-oxygen-calf-sleeves\/\" \/>\n<meta property=\"og:locale\" content=\"fr_FR\" \/>\n<meta property=\"og:type\" content=\"article\" \/>\n<meta property=\"og:title\" content=\"Compressport R2 Oxygen calf sleeves - Booster en marche - MioMioRun\" \/>\n<meta property=\"og:description\" content=\"Mi-bas noirs seconde peau, le meilleur de la gamme, pour une a\u00e9ration maximale et un meilleur soutien musculaire pendant les courses les plus difficiles.\" \/>\n<meta property=\"og:url\" content=\"https:\/\/www.miomiorun.com\/fr\/produit\/compressport-r2-oxygen-calf-sleeves\/\" \/>\n<meta property=\"og:site_name\" content=\"MioMioRun\" \/>\n<meta property=\"article:publisher\" content=\"https:\/\/www.facebook.com\/miomiorun\/\" \/>\n<meta property=\"article:modified_time\" content=\"2026-01-14T10:43:58+00:00\" \/>\n<meta property=\"og:image\" content=\"https:\/\/www.miomiorun.com\/app\/uploads\/2021\/05\/compressport-R2-Oxygen-calf-sleeves-SU00003B-black.jpg\" \/>\n\t<meta property=\"og:image:width\" content=\"600\" \/>\n\t<meta property=\"og:image:height\" content=\"600\" \/>\n\t<meta property=\"og:image:type\" content=\"image\/jpeg\" \/>\n<meta name=\"twitter:card\" content=\"summary_large_image\" \/>\n<meta name=\"twitter:label1\" content=\"Est. reading time\" \/>\n\t<meta name=\"twitter:data1\" content=\"1 minute\" \/>\n<script type=\"application\/ld+json\" class=\"yoast-schema-graph\">{\"@context\":\"https:\/\/schema.org\",\"@graph\":[{\"@type\":\"WebPage\",\"@id\":\"https:\/\/www.miomiorun.com\/fr\/produit\/compressport-r2-oxygen-calf-sleeves\/\",\"url\":\"https:\/\/www.miomiorun.com\/fr\/produit\/compressport-r2-oxygen-calf-sleeves\/\",\"name\":\"Compressport R2 Oxygen calf sleeves - Booster en marche - MioMioRun\",\"isPartOf\":{\"@id\":\"https:\/\/www.miomiorun.com\/fr\/#website\"},\"primaryImageOfPage\":{\"@id\":\"https:\/\/www.miomiorun.com\/fr\/produit\/compressport-r2-oxygen-calf-sleeves\/#primaryimage\"},\"image\":{\"@id\":\"https:\/\/www.miomiorun.com\/fr\/produit\/compressport-r2-oxygen-calf-sleeves\/#primaryimage\"},\"thumbnailUrl\":\"https:\/\/www.miomiorun.com\/app\/uploads\/2021\/05\/compressport-R2-Oxygen-calf-sleeves-SU00003B-black.jpg\",\"datePublished\":\"2021-05-15T07:44:58+00:00\",\"dateModified\":\"2026-01-14T10:43:58+00:00\",\"description\":\"Mi-bas noirs seconde peau, le meilleur de la gamme, pour une a\u00e9ration maximale et un meilleur soutien musculaire pendant les courses les plus difficiles.\",\"breadcrumb\":{\"@id\":\"https:\/\/www.miomiorun.com\/fr\/produit\/compressport-r2-oxygen-calf-sleeves\/#breadcrumb\"},\"inLanguage\":\"fr-FR\",\"potentialAction\":[{\"@type\":\"ReadAction\",\"target\":[\"https:\/\/www.miomiorun.com\/fr\/produit\/compressport-r2-oxygen-calf-sleeves\/\"]}]},{\"@type\":\"ImageObject\",\"inLanguage\":\"fr-FR\",\"@id\":\"https:\/\/www.miomiorun.com\/fr\/produit\/compressport-r2-oxygen-calf-sleeves\/#primaryimage\",\"url\":\"https:\/\/www.miomiorun.com\/app\/uploads\/2021\/05\/compressport-R2-Oxygen-calf-sleeves-SU00003B-black.jpg\",\"contentUrl\":\"https:\/\/www.miomiorun.com\/app\/uploads\/2021\/05\/compressport-R2-Oxygen-calf-sleeves-SU00003B-black.jpg\",\"width\":600,\"height\":600,\"caption\":\"compressport r2 oxygen calf sleeves\"},{\"@type\":\"BreadcrumbList\",\"@id\":\"https:\/\/www.miomiorun.com\/fr\/produit\/compressport-r2-oxygen-calf-sleeves\/#breadcrumb\",\"itemListElement\":[{\"@type\":\"ListItem\",\"position\":1,\"name\":\"Home\",\"item\":\"https:\/\/www.miomiorun.com\/fr\/home-page\/\"},{\"@type\":\"ListItem\",\"position\":2,\"name\":\"Shop\",\"item\":\"https:\/\/www.miomiorun.com\/shop\/\"},{\"@type\":\"ListItem\",\"position\":3,\"name\":\"R2 Oxygen calf sleeves\"}]},{\"@type\":\"WebSite\",\"@id\":\"https:\/\/www.miomiorun.com\/fr\/#website\",\"url\":\"https:\/\/www.miomiorun.com\/fr\/\",\"name\":\"MioMioRun\",\"description\":\"Boutique 100% running et trail\",\"publisher\":{\"@id\":\"https:\/\/www.miomiorun.com\/fr\/#organization\"},\"potentialAction\":[{\"@type\":\"SearchAction\",\"target\":{\"@type\":\"EntryPoint\",\"urlTemplate\":\"https:\/\/www.miomiorun.com\/fr\/?s={search_term_string}\"},\"query-input\":{\"@type\":\"PropertyValueSpecification\",\"valueRequired\":true,\"valueName\":\"search_term_string\"}}],\"inLanguage\":\"fr-FR\"},{\"@type\":\"Organization\",\"@id\":\"https:\/\/www.miomiorun.com\/fr\/#organization\",\"name\":\"MioMio Run\",\"url\":\"https:\/\/www.miomiorun.com\/fr\/\",\"logo\":{\"@type\":\"ImageObject\",\"inLanguage\":\"fr-FR\",\"@id\":\"https:\/\/www.miomiorun.com\/fr\/#\/schema\/logo\/image\/\",\"url\":\"https:\/\/www.miomiorun.com\/app\/uploads\/2019\/12\/logomio.png\",\"contentUrl\":\"https:\/\/www.miomiorun.com\/app\/uploads\/2019\/12\/logomio.png\",\"width\":115,\"height\":82,\"caption\":\"MioMio Run\"},\"image\":{\"@id\":\"https:\/\/www.miomiorun.com\/fr\/#\/schema\/logo\/image\/\"},\"sameAs\":[\"https:\/\/www.facebook.com\/miomiorun\/\",\"https:\/\/www.instagram.com\/miomiorun\/\"]}]}<\/script>\n<!-- \/ Yoast SEO plugin. -->","yoast_head_json":{"title":"Compressport R2 Oxygen calf sleeves - Booster en marche - MioMioRun","description":"Mi-bas noirs seconde peau, le meilleur de la gamme, pour une a\u00e9ration maximale et un meilleur soutien musculaire pendant les courses les plus difficiles.","robots":{"index":"index","follow":"follow","max-snippet":"max-snippet:-1","max-image-preview":"max-image-preview:large","max-video-preview":"max-video-preview:-1"},"canonical":"https:\/\/www.miomiorun.com\/fr\/produit\/compressport-r2-oxygen-calf-sleeves\/","og_locale":"fr_FR","og_type":"article","og_title":"Compressport R2 Oxygen calf sleeves - Booster en marche - MioMioRun","og_description":"Mi-bas noirs seconde peau, le meilleur de la gamme, pour une a\u00e9ration maximale et un meilleur soutien musculaire pendant les courses les plus difficiles.","og_url":"https:\/\/www.miomiorun.com\/fr\/produit\/compressport-r2-oxygen-calf-sleeves\/","og_site_name":"MioMioRun","article_publisher":"https:\/\/www.facebook.com\/miomiorun\/","article_modified_time":"2026-01-14T10:43:58+00:00","og_image":[{"width":600,"height":600,"url":"https:\/\/www.miomiorun.com\/app\/uploads\/2021\/05\/compressport-R2-Oxygen-calf-sleeves-SU00003B-black.jpg","type":"image\/jpeg"}],"twitter_card":"summary_large_image","twitter_misc":{"Est. reading time":"1 minute"},"schema":{"@context":"https:\/\/schema.org","@graph":[{"@type":"WebPage","@id":"https:\/\/www.miomiorun.com\/fr\/produit\/compressport-r2-oxygen-calf-sleeves\/","url":"https:\/\/www.miomiorun.com\/fr\/produit\/compressport-r2-oxygen-calf-sleeves\/","name":"Compressport R2 Oxygen calf sleeves - Booster en marche - MioMioRun","isPartOf":{"@id":"https:\/\/www.miomiorun.com\/fr\/#website"},"primaryImageOfPage":{"@id":"https:\/\/www.miomiorun.com\/fr\/produit\/compressport-r2-oxygen-calf-sleeves\/#primaryimage"},"image":{"@id":"https:\/\/www.miomiorun.com\/fr\/produit\/compressport-r2-oxygen-calf-sleeves\/#primaryimage"},"thumbnailUrl":"https:\/\/www.miomiorun.com\/app\/uploads\/2021\/05\/compressport-R2-Oxygen-calf-sleeves-SU00003B-black.jpg","datePublished":"2021-05-15T07:44:58+00:00","dateModified":"2026-01-14T10:43:58+00:00","description":"Mi-bas noirs seconde peau, le meilleur de la gamme, pour une a\u00e9ration maximale et un meilleur soutien musculaire pendant les courses les plus difficiles.","breadcrumb":{"@id":"https:\/\/www.miomiorun.com\/fr\/produit\/compressport-r2-oxygen-calf-sleeves\/#breadcrumb"},"inLanguage":"fr-FR","potentialAction":[{"@type":"ReadAction","target":["https:\/\/www.miomiorun.com\/fr\/produit\/compressport-r2-oxygen-calf-sleeves\/"]}]},{"@type":"ImageObject","inLanguage":"fr-FR","@id":"https:\/\/www.miomiorun.com\/fr\/produit\/compressport-r2-oxygen-calf-sleeves\/#primaryimage","url":"https:\/\/www.miomiorun.com\/app\/uploads\/2021\/05\/compressport-R2-Oxygen-calf-sleeves-SU00003B-black.jpg","contentUrl":"https:\/\/www.miomiorun.com\/app\/uploads\/2021\/05\/compressport-R2-Oxygen-calf-sleeves-SU00003B-black.jpg","width":600,"height":600,"caption":"compressport r2 oxygen calf sleeves"},{"@type":"BreadcrumbList","@id":"https:\/\/www.miomiorun.com\/fr\/produit\/compressport-r2-oxygen-calf-sleeves\/#breadcrumb","itemListElement":[{"@type":"ListItem","position":1,"name":"Home","item":"https:\/\/www.miomiorun.com\/fr\/home-page\/"},{"@type":"ListItem","position":2,"name":"Shop","item":"https:\/\/www.miomiorun.com\/shop\/"},{"@type":"ListItem","position":3,"name":"R2 Oxygen calf sleeves"}]},{"@type":"WebSite","@id":"https:\/\/www.miomiorun.com\/fr\/#website","url":"https:\/\/www.miomiorun.com\/fr\/","name":"MioMioRun","description":"Boutique 100% running et trail","publisher":{"@id":"https:\/\/www.miomiorun.com\/fr\/#organization"},"potentialAction":[{"@type":"SearchAction","target":{"@type":"EntryPoint","urlTemplate":"https:\/\/www.miomiorun.com\/fr\/?s={search_term_string}"},"query-input":{"@type":"PropertyValueSpecification","valueRequired":true,"valueName":"search_term_string"}}],"inLanguage":"fr-FR"},{"@type":"Organization","@id":"https:\/\/www.miomiorun.com\/fr\/#organization","name":"MioMio Run","url":"https:\/\/www.miomiorun.com\/fr\/","logo":{"@type":"ImageObject","inLanguage":"fr-FR","@id":"https:\/\/www.miomiorun.com\/fr\/#\/schema\/logo\/image\/","url":"https:\/\/www.miomiorun.com\/app\/uploads\/2019\/12\/logomio.png","contentUrl":"https:\/\/www.miomiorun.com\/app\/uploads\/2019\/12\/logomio.png","width":115,"height":82,"caption":"MioMio Run"},"image":{"@id":"https:\/\/www.miomiorun.com\/fr\/#\/schema\/logo\/image\/"},"sameAs":["https:\/\/www.facebook.com\/miomiorun\/","https:\/\/www.instagram.com\/miomiorun\/"]}]}},"_links":{"self":[{"href":"https:\/\/www.miomiorun.com\/fr\/wp-json\/wp\/v2\/product\/277602","targetHints":{"allow":["GET"]}}],"collection":[{"href":"https:\/\/www.miomiorun.com\/fr\/wp-json\/wp\/v2\/product"}],"about":[{"href":"https:\/\/www.miomiorun.com\/fr\/wp-json\/wp\/v2\/types\/product"}],"wp:featuredmedia":[{"embeddable":true,"href":"https:\/\/www.miomiorun.com\/fr\/wp-json\/wp\/v2\/media\/232133"}],"wp:attachment":[{"href":"https:\/\/www.miomiorun.com\/fr\/wp-json\/wp\/v2\/media?parent=277602"}],"wp:term":[{"taxonomy":"product_brand","embeddable":true,"href":"https:\/\/www.miomiorun.com\/fr\/wp-json\/wp\/v2\/product_brand?post=277602"},{"taxonomy":"product_cat","embeddable":true,"href":"https:\/\/www.miomiorun.com\/fr\/wp-json\/wp\/v2\/product_cat?post=277602"},{"taxonomy":"product_tag","embeddable":true,"href":"https:\/\/www.miomiorun.com\/fr\/wp-json\/wp\/v2\/product_tag?post=277602"}],"curies":[{"name":"wp","href":"https:\/\/api.w.org\/{rel}","templated":true}]}}