{"id":277570,"date":"2021-05-15T12:26:21","date_gmt":"2021-05-15T10:26:21","guid":{"rendered":"https:\/\/miomiorun.com\/prodotto\/craft-core-dry-brief-uomo\/"},"modified":"2026-01-14T11:47:50","modified_gmt":"2026-01-14T10:47:50","slug":"craft-core-dry-brief-homme","status":"publish","type":"product","link":"https:\/\/www.miomiorun.com\/fr\/produit\/craft-core-dry-brief-homme\/","title":{"rendered":"Core Dry Brief homme"},"content":{"rendered":"<p id=\"tw-target-text\" class=\"tw-data-text tw-text-large XcVN5d tw-ta\" dir=\"ltr\" data-placeholder=\"Traduzione\">Les Core Dry Brief sont des slips l\u00e9gers et respirants qui \u00e9vacuent tr\u00e8s bien l&#8217;humidit\u00e9 et offrent un excellent confort pendant<\/p>\n<div class=\"css-1gq8618\">\n<div class=\"css-540yep\"><img loading=\"lazy\" decoding=\"async\" class=\"\" src=\"https:\/\/www.craftsportswear.com\/static\/media\/moisture_transport.27f437d8.svg?q=70&amp;fit=clip&amp;w=72&amp;fm=jpg&amp;auto=format\" alt=\"MoistureTransport\" width=\"117\" height=\"117\" \/><\/div>\n<div><strong>&#8211; Transport de l&#8217;humidit\u00e9 :\u00a0<\/strong>transporte l&#8217;humidit\u00e9 de la peau vers l&#8217;ext\u00e9rieur du v\u00eatement, le gardant frais et sec pendant les entra\u00eenements intenses.<\/div>\n<\/div>\n<div><\/div>\n<div><strong>Mat\u00e9riau :<\/strong> 87 % polyester recycl\u00e9, 13 % \u00e9lasthanne<\/div>\n<div>Lavage en machine \u00e0 40 degr\u00e9s.<\/div>\n","protected":false},"excerpt":{"rendered":"<p>Les Core Dry Brief sont des slips l\u00e9gers et respirants qui \u00e9vacuent tr\u00e8s bien l&#8217;humidit\u00e9 et offrent un excellent confort pendant &#8211; Transport de l&#8217;humidit\u00e9 :\u00a0transporte l&#8217;humidit\u00e9 de la peau vers l&#8217;ext\u00e9rieur du v\u00eatement, le gardant frais et sec pendant les entra\u00eenements intenses. Mat\u00e9riau : 87 % polyester recycl\u00e9, 13 % \u00e9lasthanne Lavage en machine &hellip; <a href=\"https:\/\/www.miomiorun.com\/fr\/produit\/craft-core-dry-brief-homme\/\">Continued<\/a><\/p>\n","protected":false},"featured_media":232161,"template":"","meta":{"_acf_changed":false,"inline_featured_image":false},"product_brand":[],"product_cat":[24479,24482,24484],"product_tag":[23554,23647],"class_list":{"0":"post-277570","1":"product","2":"type-product","3":"status-publish","4":"has-post-thumbnail","6":"product_cat-sous-vetements-fr-2","7":"product_cat-vetements-pour-hommes-fr","8":"product_cat-homme","9":"product_tag-craft-fr","10":"product_tag-craft-homme","11":"pa_attivita-fitness-fr","12":"pa_attivita-lifestyle-fr","13":"pa_attivita-marcher","14":"pa_attivita-outdoor-fr","15":"pa_attivita-running-fr","16":"pa_attivita-trail-fr","17":"pa_marca-craft-fr","18":"pa_sesso-homme","19":"pa_size-small-fr","20":"pa_size-large-fr","21":"pa_size-extra-large-fr","22":"pa_size-xxl-fr","24":"first","25":"instock","26":"sale","27":"taxable","28":"shipping-taxable","29":"purchasable","30":"product-type-variable","31":"wvs-archive-product-wrapper"},"acf":[],"yoast_head":"<!-- This site is optimized with the Yoast SEO plugin v26.8 - https:\/\/yoast.com\/product\/yoast-seo-wordpress\/ -->\n<title>Craft Core Dry Brief homme - Sous-v\u00eatements - MioMioRun.com<\/title>\n<meta name=\"description\" content=\"Les Core Dry Brief sont des slips l\u00e9gers et respirants qui \u00e9vacuent tr\u00e8s bien l&#039;humidit\u00e9 et offrent un excellent confort pendant\" \/>\n<meta name=\"robots\" content=\"index, follow, max-snippet:-1, max-image-preview:large, max-video-preview:-1\" \/>\n<link rel=\"canonical\" href=\"https:\/\/www.miomiorun.com\/fr\/produit\/craft-core-dry-brief-homme\/\" \/>\n<meta property=\"og:locale\" content=\"fr_FR\" \/>\n<meta property=\"og:type\" content=\"article\" \/>\n<meta property=\"og:title\" content=\"Craft Core Dry Brief homme - Sous-v\u00eatements - MioMioRun.com\" \/>\n<meta property=\"og:description\" content=\"Les Core Dry Brief sont des slips l\u00e9gers et respirants qui \u00e9vacuent tr\u00e8s bien l&#039;humidit\u00e9 et offrent un excellent confort pendant\" \/>\n<meta property=\"og:url\" content=\"https:\/\/www.miomiorun.com\/fr\/produit\/craft-core-dry-brief-homme\/\" \/>\n<meta property=\"og:site_name\" content=\"MioMioRun\" \/>\n<meta property=\"article:publisher\" content=\"https:\/\/www.facebook.com\/miomiorun\/\" \/>\n<meta property=\"article:modified_time\" content=\"2026-01-14T10:47:50+00:00\" \/>\n<meta property=\"og:image\" content=\"https:\/\/www.miomiorun.com\/app\/uploads\/2021\/05\/craft-Core-bry-Brief-1910437-999000.jpg\" \/>\n\t<meta property=\"og:image:width\" content=\"600\" \/>\n\t<meta property=\"og:image:height\" content=\"600\" \/>\n\t<meta property=\"og:image:type\" content=\"image\/jpeg\" \/>\n<meta name=\"twitter:card\" content=\"summary_large_image\" \/>\n<script type=\"application\/ld+json\" class=\"yoast-schema-graph\">{\"@context\":\"https:\/\/schema.org\",\"@graph\":[{\"@type\":\"WebPage\",\"@id\":\"https:\/\/www.miomiorun.com\/fr\/produit\/craft-core-dry-brief-homme\/\",\"url\":\"https:\/\/www.miomiorun.com\/fr\/produit\/craft-core-dry-brief-homme\/\",\"name\":\"Craft Core Dry Brief homme - Sous-v\u00eatements - MioMioRun.com\",\"isPartOf\":{\"@id\":\"https:\/\/www.miomiorun.com\/fr\/#website\"},\"primaryImageOfPage\":{\"@id\":\"https:\/\/www.miomiorun.com\/fr\/produit\/craft-core-dry-brief-homme\/#primaryimage\"},\"image\":{\"@id\":\"https:\/\/www.miomiorun.com\/fr\/produit\/craft-core-dry-brief-homme\/#primaryimage\"},\"thumbnailUrl\":\"https:\/\/www.miomiorun.com\/app\/uploads\/2021\/05\/craft-Core-bry-Brief-1910437-999000.jpg\",\"datePublished\":\"2021-05-15T10:26:21+00:00\",\"dateModified\":\"2026-01-14T10:47:50+00:00\",\"description\":\"Les Core Dry Brief sont des slips l\u00e9gers et respirants qui \u00e9vacuent tr\u00e8s bien l'humidit\u00e9 et offrent un excellent confort pendant\",\"breadcrumb\":{\"@id\":\"https:\/\/www.miomiorun.com\/fr\/produit\/craft-core-dry-brief-homme\/#breadcrumb\"},\"inLanguage\":\"fr-FR\",\"potentialAction\":[{\"@type\":\"ReadAction\",\"target\":[\"https:\/\/www.miomiorun.com\/fr\/produit\/craft-core-dry-brief-homme\/\"]}]},{\"@type\":\"ImageObject\",\"inLanguage\":\"fr-FR\",\"@id\":\"https:\/\/www.miomiorun.com\/fr\/produit\/craft-core-dry-brief-homme\/#primaryimage\",\"url\":\"https:\/\/www.miomiorun.com\/app\/uploads\/2021\/05\/craft-Core-bry-Brief-1910437-999000.jpg\",\"contentUrl\":\"https:\/\/www.miomiorun.com\/app\/uploads\/2021\/05\/craft-Core-bry-Brief-1910437-999000.jpg\",\"width\":600,\"height\":600,\"caption\":\"craft-Core-bry-Brief-1910437-999000\"},{\"@type\":\"BreadcrumbList\",\"@id\":\"https:\/\/www.miomiorun.com\/fr\/produit\/craft-core-dry-brief-homme\/#breadcrumb\",\"itemListElement\":[{\"@type\":\"ListItem\",\"position\":1,\"name\":\"Home\",\"item\":\"https:\/\/www.miomiorun.com\/fr\/home-page\/\"},{\"@type\":\"ListItem\",\"position\":2,\"name\":\"Shop\",\"item\":\"https:\/\/www.miomiorun.com\/shop\/\"},{\"@type\":\"ListItem\",\"position\":3,\"name\":\"Core Dry Brief homme\"}]},{\"@type\":\"WebSite\",\"@id\":\"https:\/\/www.miomiorun.com\/fr\/#website\",\"url\":\"https:\/\/www.miomiorun.com\/fr\/\",\"name\":\"MioMioRun\",\"description\":\"Boutique 100% running et trail\",\"publisher\":{\"@id\":\"https:\/\/www.miomiorun.com\/fr\/#organization\"},\"potentialAction\":[{\"@type\":\"SearchAction\",\"target\":{\"@type\":\"EntryPoint\",\"urlTemplate\":\"https:\/\/www.miomiorun.com\/fr\/?s={search_term_string}\"},\"query-input\":{\"@type\":\"PropertyValueSpecification\",\"valueRequired\":true,\"valueName\":\"search_term_string\"}}],\"inLanguage\":\"fr-FR\"},{\"@type\":\"Organization\",\"@id\":\"https:\/\/www.miomiorun.com\/fr\/#organization\",\"name\":\"MioMio Run\",\"url\":\"https:\/\/www.miomiorun.com\/fr\/\",\"logo\":{\"@type\":\"ImageObject\",\"inLanguage\":\"fr-FR\",\"@id\":\"https:\/\/www.miomiorun.com\/fr\/#\/schema\/logo\/image\/\",\"url\":\"https:\/\/www.miomiorun.com\/app\/uploads\/2019\/12\/logomio.png\",\"contentUrl\":\"https:\/\/www.miomiorun.com\/app\/uploads\/2019\/12\/logomio.png\",\"width\":115,\"height\":82,\"caption\":\"MioMio Run\"},\"image\":{\"@id\":\"https:\/\/www.miomiorun.com\/fr\/#\/schema\/logo\/image\/\"},\"sameAs\":[\"https:\/\/www.facebook.com\/miomiorun\/\",\"https:\/\/www.instagram.com\/miomiorun\/\"]}]}<\/script>\n<!-- \/ Yoast SEO plugin. -->","yoast_head_json":{"title":"Craft Core Dry Brief homme - Sous-v\u00eatements - MioMioRun.com","description":"Les Core Dry Brief sont des slips l\u00e9gers et respirants qui \u00e9vacuent tr\u00e8s bien l'humidit\u00e9 et offrent un excellent confort pendant","robots":{"index":"index","follow":"follow","max-snippet":"max-snippet:-1","max-image-preview":"max-image-preview:large","max-video-preview":"max-video-preview:-1"},"canonical":"https:\/\/www.miomiorun.com\/fr\/produit\/craft-core-dry-brief-homme\/","og_locale":"fr_FR","og_type":"article","og_title":"Craft Core Dry Brief homme - Sous-v\u00eatements - MioMioRun.com","og_description":"Les Core Dry Brief sont des slips l\u00e9gers et respirants qui \u00e9vacuent tr\u00e8s bien l'humidit\u00e9 et offrent un excellent confort pendant","og_url":"https:\/\/www.miomiorun.com\/fr\/produit\/craft-core-dry-brief-homme\/","og_site_name":"MioMioRun","article_publisher":"https:\/\/www.facebook.com\/miomiorun\/","article_modified_time":"2026-01-14T10:47:50+00:00","og_image":[{"width":600,"height":600,"url":"https:\/\/www.miomiorun.com\/app\/uploads\/2021\/05\/craft-Core-bry-Brief-1910437-999000.jpg","type":"image\/jpeg"}],"twitter_card":"summary_large_image","schema":{"@context":"https:\/\/schema.org","@graph":[{"@type":"WebPage","@id":"https:\/\/www.miomiorun.com\/fr\/produit\/craft-core-dry-brief-homme\/","url":"https:\/\/www.miomiorun.com\/fr\/produit\/craft-core-dry-brief-homme\/","name":"Craft Core Dry Brief homme - Sous-v\u00eatements - MioMioRun.com","isPartOf":{"@id":"https:\/\/www.miomiorun.com\/fr\/#website"},"primaryImageOfPage":{"@id":"https:\/\/www.miomiorun.com\/fr\/produit\/craft-core-dry-brief-homme\/#primaryimage"},"image":{"@id":"https:\/\/www.miomiorun.com\/fr\/produit\/craft-core-dry-brief-homme\/#primaryimage"},"thumbnailUrl":"https:\/\/www.miomiorun.com\/app\/uploads\/2021\/05\/craft-Core-bry-Brief-1910437-999000.jpg","datePublished":"2021-05-15T10:26:21+00:00","dateModified":"2026-01-14T10:47:50+00:00","description":"Les Core Dry Brief sont des slips l\u00e9gers et respirants qui \u00e9vacuent tr\u00e8s bien l'humidit\u00e9 et offrent un excellent confort pendant","breadcrumb":{"@id":"https:\/\/www.miomiorun.com\/fr\/produit\/craft-core-dry-brief-homme\/#breadcrumb"},"inLanguage":"fr-FR","potentialAction":[{"@type":"ReadAction","target":["https:\/\/www.miomiorun.com\/fr\/produit\/craft-core-dry-brief-homme\/"]}]},{"@type":"ImageObject","inLanguage":"fr-FR","@id":"https:\/\/www.miomiorun.com\/fr\/produit\/craft-core-dry-brief-homme\/#primaryimage","url":"https:\/\/www.miomiorun.com\/app\/uploads\/2021\/05\/craft-Core-bry-Brief-1910437-999000.jpg","contentUrl":"https:\/\/www.miomiorun.com\/app\/uploads\/2021\/05\/craft-Core-bry-Brief-1910437-999000.jpg","width":600,"height":600,"caption":"craft-Core-bry-Brief-1910437-999000"},{"@type":"BreadcrumbList","@id":"https:\/\/www.miomiorun.com\/fr\/produit\/craft-core-dry-brief-homme\/#breadcrumb","itemListElement":[{"@type":"ListItem","position":1,"name":"Home","item":"https:\/\/www.miomiorun.com\/fr\/home-page\/"},{"@type":"ListItem","position":2,"name":"Shop","item":"https:\/\/www.miomiorun.com\/shop\/"},{"@type":"ListItem","position":3,"name":"Core Dry Brief homme"}]},{"@type":"WebSite","@id":"https:\/\/www.miomiorun.com\/fr\/#website","url":"https:\/\/www.miomiorun.com\/fr\/","name":"MioMioRun","description":"Boutique 100% running et trail","publisher":{"@id":"https:\/\/www.miomiorun.com\/fr\/#organization"},"potentialAction":[{"@type":"SearchAction","target":{"@type":"EntryPoint","urlTemplate":"https:\/\/www.miomiorun.com\/fr\/?s={search_term_string}"},"query-input":{"@type":"PropertyValueSpecification","valueRequired":true,"valueName":"search_term_string"}}],"inLanguage":"fr-FR"},{"@type":"Organization","@id":"https:\/\/www.miomiorun.com\/fr\/#organization","name":"MioMio Run","url":"https:\/\/www.miomiorun.com\/fr\/","logo":{"@type":"ImageObject","inLanguage":"fr-FR","@id":"https:\/\/www.miomiorun.com\/fr\/#\/schema\/logo\/image\/","url":"https:\/\/www.miomiorun.com\/app\/uploads\/2019\/12\/logomio.png","contentUrl":"https:\/\/www.miomiorun.com\/app\/uploads\/2019\/12\/logomio.png","width":115,"height":82,"caption":"MioMio Run"},"image":{"@id":"https:\/\/www.miomiorun.com\/fr\/#\/schema\/logo\/image\/"},"sameAs":["https:\/\/www.facebook.com\/miomiorun\/","https:\/\/www.instagram.com\/miomiorun\/"]}]}},"_links":{"self":[{"href":"https:\/\/www.miomiorun.com\/fr\/wp-json\/wp\/v2\/product\/277570","targetHints":{"allow":["GET"]}}],"collection":[{"href":"https:\/\/www.miomiorun.com\/fr\/wp-json\/wp\/v2\/product"}],"about":[{"href":"https:\/\/www.miomiorun.com\/fr\/wp-json\/wp\/v2\/types\/product"}],"wp:featuredmedia":[{"embeddable":true,"href":"https:\/\/www.miomiorun.com\/fr\/wp-json\/wp\/v2\/media\/232161"}],"wp:attachment":[{"href":"https:\/\/www.miomiorun.com\/fr\/wp-json\/wp\/v2\/media?parent=277570"}],"wp:term":[{"taxonomy":"product_brand","embeddable":true,"href":"https:\/\/www.miomiorun.com\/fr\/wp-json\/wp\/v2\/product_brand?post=277570"},{"taxonomy":"product_cat","embeddable":true,"href":"https:\/\/www.miomiorun.com\/fr\/wp-json\/wp\/v2\/product_cat?post=277570"},{"taxonomy":"product_tag","embeddable":true,"href":"https:\/\/www.miomiorun.com\/fr\/wp-json\/wp\/v2\/product_tag?post=277570"}],"curies":[{"name":"wp","href":"https:\/\/api.w.org\/{rel}","templated":true}]}}