{"id":277566,"date":"2021-05-15T17:42:13","date_gmt":"2021-05-15T15:42:13","guid":{"rendered":"https:\/\/miomiorun.com\/prodotto\/craft-pro-hypervent-carry-all-vest\/"},"modified":"2026-01-14T11:48:24","modified_gmt":"2026-01-14T10:48:24","slug":"craft-pro-hypervent-carry-all-vest","status":"publish","type":"product","link":"https:\/\/www.miomiorun.com\/fr\/produit\/craft-pro-hypervent-carry-all-vest\/","title":{"rendered":"Pro Hypervent Carry All Vest"},"content":{"rendered":"<p>Le gilet Pro Hypervent Carry All est un gilet de voyage l\u00e9ger avec des c\u00f4t\u00e9s en jersey recycl\u00e9, id\u00e9al pour les longues courses par temps chaud.<\/p>\n<p>Le gilet est \u00e9quip\u00e9 de deux poches avant en filet, de sangles \u00e9lastiques pour contenir des boissons, des barres et des gels, et d&#8217;une poche arri\u00e8re avec deux ouvertures \u00e0 fermeture \u00e9clair pour un acc\u00e8s facile.<\/p>\n<p><img loading=\"lazy\" decoding=\"async\" class=\"\" src=\"https:\/\/www.craftsportswear.com\/static\/media\/lightweight.6800ab4f.svg?q=70&amp;fit=clip&amp;w=72&amp;fm=jpg&amp;auto=format\" alt=\"Lightweight\" width=\"120\" height=\"120\" \/><\/p>\n<p><strong>L\u00e9ger<\/strong><\/p>\n<p>&nbsp;<\/p>\n<p><img loading=\"lazy\" decoding=\"async\" class=\"\" src=\"https:\/\/www.craftsportswear.com\/static\/media\/wind_protective.86c2c73c.svg?q=70&amp;fit=clip&amp;w=72&amp;fm=jpg&amp;auto=format\" alt=\"WindProtective\" width=\"120\" height=\"120\" \/><\/p>\n<p><strong>Protection contre le vent<\/strong><\/p>\n","protected":false},"excerpt":{"rendered":"<p>Le gilet Pro Hypervent Carry All est un gilet de voyage l\u00e9ger avec des c\u00f4t\u00e9s en jersey recycl\u00e9, id\u00e9al pour les longues courses par temps chaud. Le gilet est \u00e9quip\u00e9 de deux poches avant en filet, de sangles \u00e9lastiques pour contenir des boissons, des barres et des gels, et d&#8217;une poche arri\u00e8re avec deux ouvertures &hellip; <a href=\"https:\/\/www.miomiorun.com\/fr\/produit\/craft-pro-hypervent-carry-all-vest\/\">Continued<\/a><\/p>\n","protected":false},"featured_media":232167,"template":"","meta":{"_acf_changed":false,"inline_featured_image":false},"product_brand":[],"product_cat":[22589,22587,22538],"product_tag":[23554],"class_list":{"0":"post-277566","1":"product","2":"type-product","3":"status-publish","4":"has-post-thumbnail","6":"product_cat-sacs-a-dos","7":"product_cat-sacs-a-dos-et-ceintures","8":"product_cat-accessoires","9":"product_tag-craft-fr","10":"pa_attivita-marcher","11":"pa_attivita-running-fr","12":"pa_marca-craft-fr","13":"pa_sesso-femme","14":"pa_sesso-homme","15":"pa_size-small-fr","17":"first","18":"instock","19":"sale","20":"taxable","21":"shipping-taxable","22":"purchasable","23":"product-type-variable","24":"wvs-archive-product-wrapper"},"acf":[],"yoast_head":"<!-- This site is optimized with the Yoast SEO plugin v26.8 - https:\/\/yoast.com\/product\/yoast-seo-wordpress\/ -->\n<title>Craft Pro Hypervent Carry All Vest - Sac \u00e0 dos de course \u00e0 pied - MioMioRun.com<\/title>\n<meta name=\"description\" content=\"Le gilet Pro Hypervent Carry All est un gilet de voyage l\u00e9ger avec des c\u00f4t\u00e9s en jersey recycl\u00e9, id\u00e9al pour les longues courses par temps chaud.\" \/>\n<meta name=\"robots\" content=\"index, follow, max-snippet:-1, max-image-preview:large, max-video-preview:-1\" \/>\n<link rel=\"canonical\" href=\"https:\/\/www.miomiorun.com\/fr\/produit\/craft-pro-hypervent-carry-all-vest\/\" \/>\n<meta property=\"og:locale\" content=\"fr_FR\" \/>\n<meta property=\"og:type\" content=\"article\" \/>\n<meta property=\"og:title\" content=\"Craft Pro Hypervent Carry All Vest - Sac \u00e0 dos de course \u00e0 pied - MioMioRun.com\" \/>\n<meta property=\"og:description\" content=\"Le gilet Pro Hypervent Carry All est un gilet de voyage l\u00e9ger avec des c\u00f4t\u00e9s en jersey recycl\u00e9, id\u00e9al pour les longues courses par temps chaud.\" \/>\n<meta property=\"og:url\" content=\"https:\/\/www.miomiorun.com\/fr\/produit\/craft-pro-hypervent-carry-all-vest\/\" \/>\n<meta property=\"og:site_name\" content=\"MioMioRun\" \/>\n<meta property=\"article:publisher\" content=\"https:\/\/www.facebook.com\/miomiorun\/\" \/>\n<meta property=\"article:modified_time\" content=\"2026-01-14T10:48:24+00:00\" \/>\n<meta property=\"og:image\" content=\"https:\/\/www.miomiorun.com\/app\/uploads\/2021\/05\/craft-Pro-Hypervent-carry-all-vest-1910416-999000.jpg\" \/>\n\t<meta property=\"og:image:width\" content=\"600\" \/>\n\t<meta property=\"og:image:height\" content=\"600\" \/>\n\t<meta property=\"og:image:type\" content=\"image\/jpeg\" \/>\n<meta name=\"twitter:card\" content=\"summary_large_image\" \/>\n<script type=\"application\/ld+json\" class=\"yoast-schema-graph\">{\"@context\":\"https:\/\/schema.org\",\"@graph\":[{\"@type\":\"WebPage\",\"@id\":\"https:\/\/www.miomiorun.com\/fr\/produit\/craft-pro-hypervent-carry-all-vest\/\",\"url\":\"https:\/\/www.miomiorun.com\/fr\/produit\/craft-pro-hypervent-carry-all-vest\/\",\"name\":\"Craft Pro Hypervent Carry All Vest - Sac \u00e0 dos de course \u00e0 pied - MioMioRun.com\",\"isPartOf\":{\"@id\":\"https:\/\/www.miomiorun.com\/fr\/#website\"},\"primaryImageOfPage\":{\"@id\":\"https:\/\/www.miomiorun.com\/fr\/produit\/craft-pro-hypervent-carry-all-vest\/#primaryimage\"},\"image\":{\"@id\":\"https:\/\/www.miomiorun.com\/fr\/produit\/craft-pro-hypervent-carry-all-vest\/#primaryimage\"},\"thumbnailUrl\":\"https:\/\/www.miomiorun.com\/app\/uploads\/2021\/05\/craft-Pro-Hypervent-carry-all-vest-1910416-999000.jpg\",\"datePublished\":\"2021-05-15T15:42:13+00:00\",\"dateModified\":\"2026-01-14T10:48:24+00:00\",\"description\":\"Le gilet Pro Hypervent Carry All est un gilet de voyage l\u00e9ger avec des c\u00f4t\u00e9s en jersey recycl\u00e9, id\u00e9al pour les longues courses par temps chaud.\",\"breadcrumb\":{\"@id\":\"https:\/\/www.miomiorun.com\/fr\/produit\/craft-pro-hypervent-carry-all-vest\/#breadcrumb\"},\"inLanguage\":\"fr-FR\",\"potentialAction\":[{\"@type\":\"ReadAction\",\"target\":[\"https:\/\/www.miomiorun.com\/fr\/produit\/craft-pro-hypervent-carry-all-vest\/\"]}]},{\"@type\":\"ImageObject\",\"inLanguage\":\"fr-FR\",\"@id\":\"https:\/\/www.miomiorun.com\/fr\/produit\/craft-pro-hypervent-carry-all-vest\/#primaryimage\",\"url\":\"https:\/\/www.miomiorun.com\/app\/uploads\/2021\/05\/craft-Pro-Hypervent-carry-all-vest-1910416-999000.jpg\",\"contentUrl\":\"https:\/\/www.miomiorun.com\/app\/uploads\/2021\/05\/craft-Pro-Hypervent-carry-all-vest-1910416-999000.jpg\",\"width\":600,\"height\":600,\"caption\":\"craft-Pro-Hypervent-carry-all-vest-1910416-999000\"},{\"@type\":\"BreadcrumbList\",\"@id\":\"https:\/\/www.miomiorun.com\/fr\/produit\/craft-pro-hypervent-carry-all-vest\/#breadcrumb\",\"itemListElement\":[{\"@type\":\"ListItem\",\"position\":1,\"name\":\"Home\",\"item\":\"https:\/\/www.miomiorun.com\/fr\/home-page\/\"},{\"@type\":\"ListItem\",\"position\":2,\"name\":\"Shop\",\"item\":\"https:\/\/www.miomiorun.com\/shop\/\"},{\"@type\":\"ListItem\",\"position\":3,\"name\":\"Pro Hypervent Carry All Vest\"}]},{\"@type\":\"WebSite\",\"@id\":\"https:\/\/www.miomiorun.com\/fr\/#website\",\"url\":\"https:\/\/www.miomiorun.com\/fr\/\",\"name\":\"MioMioRun\",\"description\":\"Boutique 100% running et trail\",\"publisher\":{\"@id\":\"https:\/\/www.miomiorun.com\/fr\/#organization\"},\"potentialAction\":[{\"@type\":\"SearchAction\",\"target\":{\"@type\":\"EntryPoint\",\"urlTemplate\":\"https:\/\/www.miomiorun.com\/fr\/?s={search_term_string}\"},\"query-input\":{\"@type\":\"PropertyValueSpecification\",\"valueRequired\":true,\"valueName\":\"search_term_string\"}}],\"inLanguage\":\"fr-FR\"},{\"@type\":\"Organization\",\"@id\":\"https:\/\/www.miomiorun.com\/fr\/#organization\",\"name\":\"MioMio Run\",\"url\":\"https:\/\/www.miomiorun.com\/fr\/\",\"logo\":{\"@type\":\"ImageObject\",\"inLanguage\":\"fr-FR\",\"@id\":\"https:\/\/www.miomiorun.com\/fr\/#\/schema\/logo\/image\/\",\"url\":\"https:\/\/www.miomiorun.com\/app\/uploads\/2019\/12\/logomio.png\",\"contentUrl\":\"https:\/\/www.miomiorun.com\/app\/uploads\/2019\/12\/logomio.png\",\"width\":115,\"height\":82,\"caption\":\"MioMio Run\"},\"image\":{\"@id\":\"https:\/\/www.miomiorun.com\/fr\/#\/schema\/logo\/image\/\"},\"sameAs\":[\"https:\/\/www.facebook.com\/miomiorun\/\",\"https:\/\/www.instagram.com\/miomiorun\/\"]}]}<\/script>\n<!-- \/ Yoast SEO plugin. -->","yoast_head_json":{"title":"Craft Pro Hypervent Carry All Vest - Sac \u00e0 dos de course \u00e0 pied - MioMioRun.com","description":"Le gilet Pro Hypervent Carry All est un gilet de voyage l\u00e9ger avec des c\u00f4t\u00e9s en jersey recycl\u00e9, id\u00e9al pour les longues courses par temps chaud.","robots":{"index":"index","follow":"follow","max-snippet":"max-snippet:-1","max-image-preview":"max-image-preview:large","max-video-preview":"max-video-preview:-1"},"canonical":"https:\/\/www.miomiorun.com\/fr\/produit\/craft-pro-hypervent-carry-all-vest\/","og_locale":"fr_FR","og_type":"article","og_title":"Craft Pro Hypervent Carry All Vest - Sac \u00e0 dos de course \u00e0 pied - MioMioRun.com","og_description":"Le gilet Pro Hypervent Carry All est un gilet de voyage l\u00e9ger avec des c\u00f4t\u00e9s en jersey recycl\u00e9, id\u00e9al pour les longues courses par temps chaud.","og_url":"https:\/\/www.miomiorun.com\/fr\/produit\/craft-pro-hypervent-carry-all-vest\/","og_site_name":"MioMioRun","article_publisher":"https:\/\/www.facebook.com\/miomiorun\/","article_modified_time":"2026-01-14T10:48:24+00:00","og_image":[{"width":600,"height":600,"url":"https:\/\/www.miomiorun.com\/app\/uploads\/2021\/05\/craft-Pro-Hypervent-carry-all-vest-1910416-999000.jpg","type":"image\/jpeg"}],"twitter_card":"summary_large_image","schema":{"@context":"https:\/\/schema.org","@graph":[{"@type":"WebPage","@id":"https:\/\/www.miomiorun.com\/fr\/produit\/craft-pro-hypervent-carry-all-vest\/","url":"https:\/\/www.miomiorun.com\/fr\/produit\/craft-pro-hypervent-carry-all-vest\/","name":"Craft Pro Hypervent Carry All Vest - Sac \u00e0 dos de course \u00e0 pied - MioMioRun.com","isPartOf":{"@id":"https:\/\/www.miomiorun.com\/fr\/#website"},"primaryImageOfPage":{"@id":"https:\/\/www.miomiorun.com\/fr\/produit\/craft-pro-hypervent-carry-all-vest\/#primaryimage"},"image":{"@id":"https:\/\/www.miomiorun.com\/fr\/produit\/craft-pro-hypervent-carry-all-vest\/#primaryimage"},"thumbnailUrl":"https:\/\/www.miomiorun.com\/app\/uploads\/2021\/05\/craft-Pro-Hypervent-carry-all-vest-1910416-999000.jpg","datePublished":"2021-05-15T15:42:13+00:00","dateModified":"2026-01-14T10:48:24+00:00","description":"Le gilet Pro Hypervent Carry All est un gilet de voyage l\u00e9ger avec des c\u00f4t\u00e9s en jersey recycl\u00e9, id\u00e9al pour les longues courses par temps chaud.","breadcrumb":{"@id":"https:\/\/www.miomiorun.com\/fr\/produit\/craft-pro-hypervent-carry-all-vest\/#breadcrumb"},"inLanguage":"fr-FR","potentialAction":[{"@type":"ReadAction","target":["https:\/\/www.miomiorun.com\/fr\/produit\/craft-pro-hypervent-carry-all-vest\/"]}]},{"@type":"ImageObject","inLanguage":"fr-FR","@id":"https:\/\/www.miomiorun.com\/fr\/produit\/craft-pro-hypervent-carry-all-vest\/#primaryimage","url":"https:\/\/www.miomiorun.com\/app\/uploads\/2021\/05\/craft-Pro-Hypervent-carry-all-vest-1910416-999000.jpg","contentUrl":"https:\/\/www.miomiorun.com\/app\/uploads\/2021\/05\/craft-Pro-Hypervent-carry-all-vest-1910416-999000.jpg","width":600,"height":600,"caption":"craft-Pro-Hypervent-carry-all-vest-1910416-999000"},{"@type":"BreadcrumbList","@id":"https:\/\/www.miomiorun.com\/fr\/produit\/craft-pro-hypervent-carry-all-vest\/#breadcrumb","itemListElement":[{"@type":"ListItem","position":1,"name":"Home","item":"https:\/\/www.miomiorun.com\/fr\/home-page\/"},{"@type":"ListItem","position":2,"name":"Shop","item":"https:\/\/www.miomiorun.com\/shop\/"},{"@type":"ListItem","position":3,"name":"Pro Hypervent Carry All Vest"}]},{"@type":"WebSite","@id":"https:\/\/www.miomiorun.com\/fr\/#website","url":"https:\/\/www.miomiorun.com\/fr\/","name":"MioMioRun","description":"Boutique 100% running et trail","publisher":{"@id":"https:\/\/www.miomiorun.com\/fr\/#organization"},"potentialAction":[{"@type":"SearchAction","target":{"@type":"EntryPoint","urlTemplate":"https:\/\/www.miomiorun.com\/fr\/?s={search_term_string}"},"query-input":{"@type":"PropertyValueSpecification","valueRequired":true,"valueName":"search_term_string"}}],"inLanguage":"fr-FR"},{"@type":"Organization","@id":"https:\/\/www.miomiorun.com\/fr\/#organization","name":"MioMio Run","url":"https:\/\/www.miomiorun.com\/fr\/","logo":{"@type":"ImageObject","inLanguage":"fr-FR","@id":"https:\/\/www.miomiorun.com\/fr\/#\/schema\/logo\/image\/","url":"https:\/\/www.miomiorun.com\/app\/uploads\/2019\/12\/logomio.png","contentUrl":"https:\/\/www.miomiorun.com\/app\/uploads\/2019\/12\/logomio.png","width":115,"height":82,"caption":"MioMio Run"},"image":{"@id":"https:\/\/www.miomiorun.com\/fr\/#\/schema\/logo\/image\/"},"sameAs":["https:\/\/www.facebook.com\/miomiorun\/","https:\/\/www.instagram.com\/miomiorun\/"]}]}},"_links":{"self":[{"href":"https:\/\/www.miomiorun.com\/fr\/wp-json\/wp\/v2\/product\/277566","targetHints":{"allow":["GET"]}}],"collection":[{"href":"https:\/\/www.miomiorun.com\/fr\/wp-json\/wp\/v2\/product"}],"about":[{"href":"https:\/\/www.miomiorun.com\/fr\/wp-json\/wp\/v2\/types\/product"}],"wp:featuredmedia":[{"embeddable":true,"href":"https:\/\/www.miomiorun.com\/fr\/wp-json\/wp\/v2\/media\/232167"}],"wp:attachment":[{"href":"https:\/\/www.miomiorun.com\/fr\/wp-json\/wp\/v2\/media?parent=277566"}],"wp:term":[{"taxonomy":"product_brand","embeddable":true,"href":"https:\/\/www.miomiorun.com\/fr\/wp-json\/wp\/v2\/product_brand?post=277566"},{"taxonomy":"product_cat","embeddable":true,"href":"https:\/\/www.miomiorun.com\/fr\/wp-json\/wp\/v2\/product_cat?post=277566"},{"taxonomy":"product_tag","embeddable":true,"href":"https:\/\/www.miomiorun.com\/fr\/wp-json\/wp\/v2\/product_tag?post=277566"}],"curies":[{"name":"wp","href":"https:\/\/api.w.org\/{rel}","templated":true}]}}