{"id":277540,"date":"2021-05-15T18:55:45","date_gmt":"2021-05-15T16:55:45","guid":{"rendered":"https:\/\/miomiorun.com\/prodotto\/craft-pro-hmc-dry-nanoweight-sl-donna\/"},"modified":"2026-01-14T11:44:42","modified_gmt":"2026-01-14T10:44:42","slug":"craft-pro-hmc-dry-nanoweight-sl-femme","status":"publish","type":"product","link":"https:\/\/www.miomiorun.com\/fr\/produit\/craft-pro-hmc-dry-nanoweight-sl-femme\/","title":{"rendered":"PRO Hmc Dry Nanoweight Sl femme"},"content":{"rendered":"<p id=\"tw-target-text\" class=\"tw-data-text tw-text-large XcVN5d tw-ta\" dir=\"ltr\" data-placeholder=\"Traduzione\"><span class=\"Y2IQFc\" lang=\"it\">Pro Hmc Dry Nanoweight SL est un haut en mesh ultra-l\u00e9ger offrant une gestion sup\u00e9rieure de l&#8217;humidit\u00e9 pour les athl\u00e8tes de haut niveau.<\/span><\/p>\n<p id=\"tw-target-text\" class=\"tw-data-text tw-text-large XcVN5d tw-ta\" dir=\"ltr\" data-placeholder=\"Traduzione\"><span class=\"Y2IQFc\" lang=\"it\">Ce maillot de cyclisme sans manches techniquement avanc\u00e9 est fabriqu\u00e9 dans un tissu en maille fine qui offre une gestion exceptionnelle de la temp\u00e9rature corporelle lors des sorties intenses par temps chaud. Con\u00e7u en collaboration avec The Handmade Cyclist.<\/span><\/p>\n<h2 dir=\"ltr\" data-placeholder=\"Traduzione\">Caract\u00e9ristiques du produit :<\/h2>\n<p id=\"tw-target-text\" class=\"tw-data-text tw-text-large XcVN5d tw-ta\" dir=\"ltr\" data-placeholder=\"Traduzione\"><span class=\"Y2IQFc\" lang=\"it\">&#8211; Tissu maill\u00e9 fin et l\u00e9ger (80 g\/m\u00b2) <\/span><\/p>\n<p class=\"tw-data-text tw-text-large XcVN5d tw-ta\" dir=\"ltr\" data-placeholder=\"Traduzione\"><span class=\"Y2IQFc\" lang=\"it\">&#8211; Polyester recycl\u00e9 <\/span><\/p>\n<p class=\"tw-data-text tw-text-large XcVN5d tw-ta\" dir=\"ltr\" data-placeholder=\"Traduzione\"><span class=\"Y2IQFc\" lang=\"it\">&#8211; D\u00e9tails coll\u00e9s pour une construction l\u00e9g\u00e8re <\/span><\/p>\n<p class=\"tw-data-text tw-text-large XcVN5d tw-ta\" dir=\"ltr\" data-placeholder=\"Traduzione\"><span class=\"Y2IQFc\" lang=\"it\">&#8211; Aderente<\/span><\/p>\n<p dir=\"ltr\" data-placeholder=\"Traduzione\"><img loading=\"lazy\" decoding=\"async\" class=\"\" src=\"https:\/\/www.craftsportswear.com\/static\/media\/lightweight.6800ab4f.svg?q=70&amp;fit=clip&amp;w=72&amp;fm=jpg&amp;auto=format\" alt=\"Lightweight\" width=\"120\" height=\"120\" \/><\/p>\n<p dir=\"ltr\" data-placeholder=\"Traduzione\"><strong>\u00a0L\u00e9g\u00e8re<\/strong><\/p>\n<p dir=\"ltr\" data-placeholder=\"Traduzione\"><img loading=\"lazy\" decoding=\"async\" class=\"\" src=\"https:\/\/www.craftsportswear.com\/static\/media\/moisture_transport.27f437d8.svg?q=70&amp;fit=clip&amp;w=72&amp;fm=jpg&amp;auto=format\" alt=\"MoistureTransport\" width=\"120\" height=\"120\" \/><\/p>\n<p dir=\"ltr\" data-placeholder=\"Traduzione\">\u00a0<strong>Transport de l&#8217;humidit\u00e9 :\u00a0<\/strong>transporte l&#8217;humidit\u00e9 de la peau vers l&#8217;ext\u00e9rieur du v\u00eatement, le gardant frais et sec pendant les entra\u00eenements intenses.<\/p>\n<p dir=\"ltr\" data-placeholder=\"Traduzione\"><img loading=\"lazy\" decoding=\"async\" class=\"\" src=\"https:\/\/www.craftsportswear.com\/static\/media\/dry.6966f641.svg?q=70&amp;fit=clip&amp;w=72&amp;fm=jpg&amp;auto=format\" alt=\"Dry\" width=\"119\" height=\"119\" \/><\/p>\n<p dir=\"ltr\" data-placeholder=\"Traduzione\">\u00a0<strong>S\u00e9chage rapide :\u00a0<\/strong>tissu \u00e0 s\u00e9chage rapide.<\/p>\n<p dir=\"ltr\" data-placeholder=\"Traduzione\"><strong>Mat\u00e9riau<\/strong> : 47 % polyester, 38 % polyester recycl\u00e9, 15 % \u00e9lasthanne<\/p>\n<p class=\"css-8rgusf\">Lavage en machine \u00e0 40 degr\u00e9s.<\/p>\n<p dir=\"ltr\" data-placeholder=\"Traduzione\">\n","protected":false},"excerpt":{"rendered":"<p><span style=\"font-weight: 400\">Maillot technique l\u00e9ger et respirant.<\/span><\/p>\n","protected":false},"featured_media":232175,"template":"","meta":{"_acf_changed":false,"inline_featured_image":false},"product_brand":[],"product_cat":[22598,22596,22595],"product_tag":[23554,23648],"class_list":{"0":"post-277540","1":"product","2":"type-product","3":"status-publish","4":"has-post-thumbnail","6":"product_cat-gilets","7":"product_cat-vetements-pour-femmes","8":"product_cat-femme","9":"product_tag-craft-fr","10":"product_tag-craft-femme","11":"pa_attivita-fitness-fr","12":"pa_attivita-marcher","13":"pa_attivita-running-fr","14":"pa_marca-craft-fr","15":"pa_sesso-femme","16":"pa_size-medium-fr","18":"first","19":"instock","20":"sale","21":"taxable","22":"shipping-taxable","23":"purchasable","24":"product-type-variable","25":"wvs-archive-product-wrapper"},"acf":[],"yoast_head":"<!-- This site is optimized with the Yoast SEO plugin v26.8 - https:\/\/yoast.com\/product\/yoast-seo-wordpress\/ -->\n<title>Craft PRO Hmc Dry Nanoweight Sl femme - D\u00e9bardeur de course \u00e0 pied- MioMioRun<\/title>\n<meta name=\"description\" content=\"Pro Hmc Dry Nanoweight SL est un haut en mesh ultra-l\u00e9ger offrant une gestion sup\u00e9rieure de l&#039;humidit\u00e9 pour les athl\u00e8tes de haut niveau.\" \/>\n<meta name=\"robots\" content=\"index, follow, max-snippet:-1, max-image-preview:large, max-video-preview:-1\" \/>\n<link rel=\"canonical\" href=\"https:\/\/www.miomiorun.com\/fr\/produit\/craft-pro-hmc-dry-nanoweight-sl-femme\/\" \/>\n<meta property=\"og:locale\" content=\"fr_FR\" \/>\n<meta property=\"og:type\" content=\"article\" \/>\n<meta property=\"og:title\" content=\"Craft PRO Hmc Dry Nanoweight Sl femme - D\u00e9bardeur de course \u00e0 pied- MioMioRun\" \/>\n<meta property=\"og:description\" content=\"Pro Hmc Dry Nanoweight SL est un haut en mesh ultra-l\u00e9ger offrant une gestion sup\u00e9rieure de l&#039;humidit\u00e9 pour les athl\u00e8tes de haut niveau.\" \/>\n<meta property=\"og:url\" content=\"https:\/\/www.miomiorun.com\/fr\/produit\/craft-pro-hmc-dry-nanoweight-sl-femme\/\" \/>\n<meta property=\"og:site_name\" content=\"MioMioRun\" \/>\n<meta property=\"article:publisher\" content=\"https:\/\/www.facebook.com\/miomiorun\/\" \/>\n<meta property=\"article:modified_time\" content=\"2026-01-14T10:44:42+00:00\" \/>\n<meta property=\"og:image\" content=\"https:\/\/www.miomiorun.com\/app\/uploads\/2021\/05\/craft-pro-hmc-dry-nanoweight-sl-1911228-910601.jpg\" \/>\n\t<meta property=\"og:image:width\" content=\"600\" \/>\n\t<meta property=\"og:image:height\" content=\"600\" \/>\n\t<meta property=\"og:image:type\" content=\"image\/jpeg\" \/>\n<meta name=\"twitter:card\" content=\"summary_large_image\" \/>\n<meta name=\"twitter:label1\" content=\"Est. reading time\" \/>\n\t<meta name=\"twitter:data1\" content=\"1 minute\" \/>\n<script type=\"application\/ld+json\" class=\"yoast-schema-graph\">{\"@context\":\"https:\/\/schema.org\",\"@graph\":[{\"@type\":\"WebPage\",\"@id\":\"https:\/\/www.miomiorun.com\/fr\/produit\/craft-pro-hmc-dry-nanoweight-sl-femme\/\",\"url\":\"https:\/\/www.miomiorun.com\/fr\/produit\/craft-pro-hmc-dry-nanoweight-sl-femme\/\",\"name\":\"Craft PRO Hmc Dry Nanoweight Sl femme - D\u00e9bardeur de course \u00e0 pied- MioMioRun\",\"isPartOf\":{\"@id\":\"https:\/\/www.miomiorun.com\/fr\/#website\"},\"primaryImageOfPage\":{\"@id\":\"https:\/\/www.miomiorun.com\/fr\/produit\/craft-pro-hmc-dry-nanoweight-sl-femme\/#primaryimage\"},\"image\":{\"@id\":\"https:\/\/www.miomiorun.com\/fr\/produit\/craft-pro-hmc-dry-nanoweight-sl-femme\/#primaryimage\"},\"thumbnailUrl\":\"https:\/\/www.miomiorun.com\/app\/uploads\/2021\/05\/craft-pro-hmc-dry-nanoweight-sl-1911228-910601.jpg\",\"datePublished\":\"2021-05-15T16:55:45+00:00\",\"dateModified\":\"2026-01-14T10:44:42+00:00\",\"description\":\"Pro Hmc Dry Nanoweight SL est un haut en mesh ultra-l\u00e9ger offrant une gestion sup\u00e9rieure de l'humidit\u00e9 pour les athl\u00e8tes de haut niveau.\",\"breadcrumb\":{\"@id\":\"https:\/\/www.miomiorun.com\/fr\/produit\/craft-pro-hmc-dry-nanoweight-sl-femme\/#breadcrumb\"},\"inLanguage\":\"fr-FR\",\"potentialAction\":[{\"@type\":\"ReadAction\",\"target\":[\"https:\/\/www.miomiorun.com\/fr\/produit\/craft-pro-hmc-dry-nanoweight-sl-femme\/\"]}]},{\"@type\":\"ImageObject\",\"inLanguage\":\"fr-FR\",\"@id\":\"https:\/\/www.miomiorun.com\/fr\/produit\/craft-pro-hmc-dry-nanoweight-sl-femme\/#primaryimage\",\"url\":\"https:\/\/www.miomiorun.com\/app\/uploads\/2021\/05\/craft-pro-hmc-dry-nanoweight-sl-1911228-910601.jpg\",\"contentUrl\":\"https:\/\/www.miomiorun.com\/app\/uploads\/2021\/05\/craft-pro-hmc-dry-nanoweight-sl-1911228-910601.jpg\",\"width\":600,\"height\":600,\"caption\":\"craft-pro-hmc-dry-nanoweight-sl-1911228-910601\"},{\"@type\":\"BreadcrumbList\",\"@id\":\"https:\/\/www.miomiorun.com\/fr\/produit\/craft-pro-hmc-dry-nanoweight-sl-femme\/#breadcrumb\",\"itemListElement\":[{\"@type\":\"ListItem\",\"position\":1,\"name\":\"Home\",\"item\":\"https:\/\/www.miomiorun.com\/fr\/home-page\/\"},{\"@type\":\"ListItem\",\"position\":2,\"name\":\"Shop\",\"item\":\"https:\/\/www.miomiorun.com\/shop\/\"},{\"@type\":\"ListItem\",\"position\":3,\"name\":\"PRO Hmc Dry Nanoweight Sl femme\"}]},{\"@type\":\"WebSite\",\"@id\":\"https:\/\/www.miomiorun.com\/fr\/#website\",\"url\":\"https:\/\/www.miomiorun.com\/fr\/\",\"name\":\"MioMioRun\",\"description\":\"Boutique 100% running et trail\",\"publisher\":{\"@id\":\"https:\/\/www.miomiorun.com\/fr\/#organization\"},\"potentialAction\":[{\"@type\":\"SearchAction\",\"target\":{\"@type\":\"EntryPoint\",\"urlTemplate\":\"https:\/\/www.miomiorun.com\/fr\/?s={search_term_string}\"},\"query-input\":{\"@type\":\"PropertyValueSpecification\",\"valueRequired\":true,\"valueName\":\"search_term_string\"}}],\"inLanguage\":\"fr-FR\"},{\"@type\":\"Organization\",\"@id\":\"https:\/\/www.miomiorun.com\/fr\/#organization\",\"name\":\"MioMio Run\",\"url\":\"https:\/\/www.miomiorun.com\/fr\/\",\"logo\":{\"@type\":\"ImageObject\",\"inLanguage\":\"fr-FR\",\"@id\":\"https:\/\/www.miomiorun.com\/fr\/#\/schema\/logo\/image\/\",\"url\":\"https:\/\/www.miomiorun.com\/app\/uploads\/2019\/12\/logomio.png\",\"contentUrl\":\"https:\/\/www.miomiorun.com\/app\/uploads\/2019\/12\/logomio.png\",\"width\":115,\"height\":82,\"caption\":\"MioMio Run\"},\"image\":{\"@id\":\"https:\/\/www.miomiorun.com\/fr\/#\/schema\/logo\/image\/\"},\"sameAs\":[\"https:\/\/www.facebook.com\/miomiorun\/\",\"https:\/\/www.instagram.com\/miomiorun\/\"]}]}<\/script>\n<!-- \/ Yoast SEO plugin. -->","yoast_head_json":{"title":"Craft PRO Hmc Dry Nanoweight Sl femme - D\u00e9bardeur de course \u00e0 pied- MioMioRun","description":"Pro Hmc Dry Nanoweight SL est un haut en mesh ultra-l\u00e9ger offrant une gestion sup\u00e9rieure de l'humidit\u00e9 pour les athl\u00e8tes de haut niveau.","robots":{"index":"index","follow":"follow","max-snippet":"max-snippet:-1","max-image-preview":"max-image-preview:large","max-video-preview":"max-video-preview:-1"},"canonical":"https:\/\/www.miomiorun.com\/fr\/produit\/craft-pro-hmc-dry-nanoweight-sl-femme\/","og_locale":"fr_FR","og_type":"article","og_title":"Craft PRO Hmc Dry Nanoweight Sl femme - D\u00e9bardeur de course \u00e0 pied- MioMioRun","og_description":"Pro Hmc Dry Nanoweight SL est un haut en mesh ultra-l\u00e9ger offrant une gestion sup\u00e9rieure de l'humidit\u00e9 pour les athl\u00e8tes de haut niveau.","og_url":"https:\/\/www.miomiorun.com\/fr\/produit\/craft-pro-hmc-dry-nanoweight-sl-femme\/","og_site_name":"MioMioRun","article_publisher":"https:\/\/www.facebook.com\/miomiorun\/","article_modified_time":"2026-01-14T10:44:42+00:00","og_image":[{"width":600,"height":600,"url":"https:\/\/www.miomiorun.com\/app\/uploads\/2021\/05\/craft-pro-hmc-dry-nanoweight-sl-1911228-910601.jpg","type":"image\/jpeg"}],"twitter_card":"summary_large_image","twitter_misc":{"Est. reading time":"1 minute"},"schema":{"@context":"https:\/\/schema.org","@graph":[{"@type":"WebPage","@id":"https:\/\/www.miomiorun.com\/fr\/produit\/craft-pro-hmc-dry-nanoweight-sl-femme\/","url":"https:\/\/www.miomiorun.com\/fr\/produit\/craft-pro-hmc-dry-nanoweight-sl-femme\/","name":"Craft PRO Hmc Dry Nanoweight Sl femme - D\u00e9bardeur de course \u00e0 pied- MioMioRun","isPartOf":{"@id":"https:\/\/www.miomiorun.com\/fr\/#website"},"primaryImageOfPage":{"@id":"https:\/\/www.miomiorun.com\/fr\/produit\/craft-pro-hmc-dry-nanoweight-sl-femme\/#primaryimage"},"image":{"@id":"https:\/\/www.miomiorun.com\/fr\/produit\/craft-pro-hmc-dry-nanoweight-sl-femme\/#primaryimage"},"thumbnailUrl":"https:\/\/www.miomiorun.com\/app\/uploads\/2021\/05\/craft-pro-hmc-dry-nanoweight-sl-1911228-910601.jpg","datePublished":"2021-05-15T16:55:45+00:00","dateModified":"2026-01-14T10:44:42+00:00","description":"Pro Hmc Dry Nanoweight SL est un haut en mesh ultra-l\u00e9ger offrant une gestion sup\u00e9rieure de l'humidit\u00e9 pour les athl\u00e8tes de haut niveau.","breadcrumb":{"@id":"https:\/\/www.miomiorun.com\/fr\/produit\/craft-pro-hmc-dry-nanoweight-sl-femme\/#breadcrumb"},"inLanguage":"fr-FR","potentialAction":[{"@type":"ReadAction","target":["https:\/\/www.miomiorun.com\/fr\/produit\/craft-pro-hmc-dry-nanoweight-sl-femme\/"]}]},{"@type":"ImageObject","inLanguage":"fr-FR","@id":"https:\/\/www.miomiorun.com\/fr\/produit\/craft-pro-hmc-dry-nanoweight-sl-femme\/#primaryimage","url":"https:\/\/www.miomiorun.com\/app\/uploads\/2021\/05\/craft-pro-hmc-dry-nanoweight-sl-1911228-910601.jpg","contentUrl":"https:\/\/www.miomiorun.com\/app\/uploads\/2021\/05\/craft-pro-hmc-dry-nanoweight-sl-1911228-910601.jpg","width":600,"height":600,"caption":"craft-pro-hmc-dry-nanoweight-sl-1911228-910601"},{"@type":"BreadcrumbList","@id":"https:\/\/www.miomiorun.com\/fr\/produit\/craft-pro-hmc-dry-nanoweight-sl-femme\/#breadcrumb","itemListElement":[{"@type":"ListItem","position":1,"name":"Home","item":"https:\/\/www.miomiorun.com\/fr\/home-page\/"},{"@type":"ListItem","position":2,"name":"Shop","item":"https:\/\/www.miomiorun.com\/shop\/"},{"@type":"ListItem","position":3,"name":"PRO Hmc Dry Nanoweight Sl femme"}]},{"@type":"WebSite","@id":"https:\/\/www.miomiorun.com\/fr\/#website","url":"https:\/\/www.miomiorun.com\/fr\/","name":"MioMioRun","description":"Boutique 100% running et trail","publisher":{"@id":"https:\/\/www.miomiorun.com\/fr\/#organization"},"potentialAction":[{"@type":"SearchAction","target":{"@type":"EntryPoint","urlTemplate":"https:\/\/www.miomiorun.com\/fr\/?s={search_term_string}"},"query-input":{"@type":"PropertyValueSpecification","valueRequired":true,"valueName":"search_term_string"}}],"inLanguage":"fr-FR"},{"@type":"Organization","@id":"https:\/\/www.miomiorun.com\/fr\/#organization","name":"MioMio Run","url":"https:\/\/www.miomiorun.com\/fr\/","logo":{"@type":"ImageObject","inLanguage":"fr-FR","@id":"https:\/\/www.miomiorun.com\/fr\/#\/schema\/logo\/image\/","url":"https:\/\/www.miomiorun.com\/app\/uploads\/2019\/12\/logomio.png","contentUrl":"https:\/\/www.miomiorun.com\/app\/uploads\/2019\/12\/logomio.png","width":115,"height":82,"caption":"MioMio Run"},"image":{"@id":"https:\/\/www.miomiorun.com\/fr\/#\/schema\/logo\/image\/"},"sameAs":["https:\/\/www.facebook.com\/miomiorun\/","https:\/\/www.instagram.com\/miomiorun\/"]}]}},"_links":{"self":[{"href":"https:\/\/www.miomiorun.com\/fr\/wp-json\/wp\/v2\/product\/277540","targetHints":{"allow":["GET"]}}],"collection":[{"href":"https:\/\/www.miomiorun.com\/fr\/wp-json\/wp\/v2\/product"}],"about":[{"href":"https:\/\/www.miomiorun.com\/fr\/wp-json\/wp\/v2\/types\/product"}],"wp:featuredmedia":[{"embeddable":true,"href":"https:\/\/www.miomiorun.com\/fr\/wp-json\/wp\/v2\/media\/232175"}],"wp:attachment":[{"href":"https:\/\/www.miomiorun.com\/fr\/wp-json\/wp\/v2\/media?parent=277540"}],"wp:term":[{"taxonomy":"product_brand","embeddable":true,"href":"https:\/\/www.miomiorun.com\/fr\/wp-json\/wp\/v2\/product_brand?post=277540"},{"taxonomy":"product_cat","embeddable":true,"href":"https:\/\/www.miomiorun.com\/fr\/wp-json\/wp\/v2\/product_cat?post=277540"},{"taxonomy":"product_tag","embeddable":true,"href":"https:\/\/www.miomiorun.com\/fr\/wp-json\/wp\/v2\/product_tag?post=277540"}],"curies":[{"name":"wp","href":"https:\/\/api.w.org\/{rel}","templated":true}]}}