{"id":277518,"date":"2021-05-17T18:43:33","date_gmt":"2021-05-17T16:43:33","guid":{"rendered":"https:\/\/miomiorun.com\/prodotto\/compressport-performance-singlet-donna\/"},"modified":"2026-01-15T10:57:40","modified_gmt":"2026-01-15T09:57:40","slug":"compressport-performance-singlet-femme","status":"publish","type":"product","link":"https:\/\/www.miomiorun.com\/fr\/produit\/compressport-performance-singlet-femme\/","title":{"rendered":"Performance singlet femme"},"content":{"rendered":"<div class=\"vc-row container\"><div class=\"vc-column\"><div class=\"vc-column-text\"><\/p>\n<div class=\"single-product-description\">\n<div class=\"single-product-description\">\n<p>D\u00e9bardeur de course pour femme, ventil\u00e9 et ax\u00e9 sur la performance, avec une conception anatomique autour des omoplates pour une libert\u00e9 de mouvement et un confort exceptionnels pendant l&#8217;entra\u00eenement et la course.<\/p>\n<p>Inspir\u00e9e par les performances exceptionnelles de nos athl\u00e8tes professionnelles au fil des ans, notre gamme de v\u00eatements de course \u00e0 pied pour femmes est l\u00e0 pour vous aider \u00e0 passer au niveau sup\u00e9rieur. Con\u00e7u pour allier vitesse et confort extr\u00eames, le nouveau d\u00e9bardeur Performance pour femmes est ultra-l\u00e9ger : vous ne remarquerez m\u00eame pas que vous le portez. Sans coutures et f\u00e9minine, cette brassi\u00e8re est votre haut de course estival id\u00e9al, parfait pour l&#8217;entra\u00eenement comme pour la comp\u00e9tition. Les lignes de ventilation et d&#8217;a\u00e9ration int\u00e9gr\u00e9es \u00e0 l&#8217;avant et dans le bas du dos \u00e9vacuent rapidement la transpiration et l&#8217;humidit\u00e9 pour vous garder au frais et au sec. La coupe r\u00e9guli\u00e8re offre un ajustement sans contrainte, mais pas trop ample pour ne pas vous g\u00eaner ou vous entraver. La taille est l\u00e9g\u00e8rement comprim\u00e9e pour \u00e9pouser les courbes anatomiques, tandis que le col rond profond est plat et confortable sur la peau. Le haut du dos est d\u00e9coup\u00e9 pour lib\u00e9rer les omoplates et permettre une grande amplitude de mouvement. La couture plate au-dessus de la clavicule et autour de l&#8217;aisselle ne bouge pas pour \u00e9viter les irritations d\u00e9sagr\u00e9ables. Notre tissu en microfibre est tr\u00e8s doux au toucher et est \u00e9galement connu pour retenir les odeurs d\u00e9sagr\u00e9ables caus\u00e9es par l&#8217;activit\u00e9 sportive. Enfin, le motif asym\u00e9trique sur l&#8217;\u00e9paule et la hanche fait r\u00e9f\u00e9rence \u00e0 notre h\u00e9ritage sportif et s&#8217;associe parfaitement au short Performance Overshort ou \u00e0 la jupe.<\/p>\n<\/div>\n<div>\n<div class=\"offset-lg-7 col-lg-3 offset-md-5 col-md-4 pt-4 pb-3 bg-white\">\n<h2 class=\"title-thin\">Avantages cl\u00e9s<\/h2>\n<div class=\"mb-4\">\n<p>Coupe ergonomique con\u00e7ue pour les femmes, avec un design haute performance au niveau du dos pour lib\u00e9rer les omoplates et optimiser l&#8217;amplitude des mouvements.<\/p>\n<\/div>\n<div class=\"mb-4\">\n<p>Ventilation et respirabilit\u00e9 gr\u00e2ce \u00e0 des panneaux d&#8217;a\u00e9ration sp\u00e9cifiques et des bouches d&#8217;a\u00e9ration \u00e0 l&#8217;avant et \u00e0 l&#8217;arri\u00e8re<\/p>\n<\/div>\n<div class=\"mb-4\">\n<p>Excellente thermor\u00e9gulation gr\u00e2ce \u00e0 une texture en microfibres hautement fonctionnelle qui \u00e9vacue rapidement la transpiration et l&#8217;humidit\u00e9.<\/p>\n<\/div>\n<div class=\"d-flex mt-5 pt-4 pb-md-4 pb-3 text-center box-additional-info align-items-center flex-wrap\">\n<div class=\"col-lg-3 col-md-6 col-12 data-sheet\">\n<h2>Poids net du produit<\/h2>\n<p>37,00 g<\/p>\n<\/div>\n<div class=\"data-sheet col-lg-3 col-md-6 col-12 feature_1\">\n<h2>Compositions<\/h2>\n<dl class=\"d-flex flex-wrap justify-content-center\">\n<dd>92 % PA 8 % EA<\/dd>\n<\/dl>\n<\/div>\n<div class=\"col-lg-3 col-md-6 col-12 data-sheet\">\n<h2>Instructions de lavage et d&#8217;entretien<\/h2>\n<p><img decoding=\"async\" class=\"img-fluid\" src=\"https:\/\/www.compressport.com\/img\/cms\/icons\/picto_wash.png\" \/><\/p>\n<\/div>\n<div class=\"col-lg-3 col-md-6 col-12 data-sheet data-sheet-developed\"><img decoding=\"async\" class=\"img-fluid\" src=\"https:\/\/www.compressport.com\/img\/cms\/icons\/developed_swiss.png\" \/><\/div>\n<\/div>\n<\/div>\n<div>\n<div id=\"techno_269\" class=\"col-lg-4 col-12 collapse show\" data-parent=\"#feat_table_10\" data-bck-image=\"\">\n<h3><\/h3>\n<h2>Technologies<\/h2>\n<h3>Hydrophobe<\/h3>\n<p>La fibre hydrofuge ne retient pas l&#8217;humidit\u00e9 et \u00e9limine la transpiration sans l&#8217;absorber, m\u00eame si elle est excessive. Fini les v\u00eatements inconfortables, lourds et humides qui irritent et ne s\u00e8chent pas.<\/p>\n<div id=\"techno_291\" class=\"col-lg-4 col-12 collapse show\" data-parent=\"#feat_table_10\" data-bck-image=\"\">\n<h3>Sans couture<\/h3>\n<p>Pour un confort optimal, la microfibre est 100 % sans coutures, l\u00e9g\u00e8re et tr\u00e8s douce.<\/p>\n<div id=\"techno_298\" class=\"col-lg-4 col-12 collapse show\" data-parent=\"#feat_table_10\" data-bck-image=\"\">\n<h3>Thermor\u00e9gulation<\/h3>\n<p>Sa texture unique favorise la circulation de l&#8217;air et permet un \u00e9quilibre parfait entre l&#8217;ext\u00e9rieur et l&#8217;int\u00e9rieur. Ainsi, le corps reste \u00e0 la m\u00eame temp\u00e9rature sans changements brusques. Une v\u00e9ritable protection contre le froid en hiver et la chaleur en \u00e9t\u00e9.<\/p>\n<div id=\"techno_304\" class=\"col-lg-4 col-12 collapse show\" data-parent=\"#feat_table_10\" data-bck-image=\"\">\n<h3>Ultra-confort<\/h3>\n<p>Des fibres textiles r\u00e9put\u00e9es pour leur douceur et leur confort.<\/p>\n<div id=\"techno_303\" class=\"col-lg-4 col-12 collapse show\" data-parent=\"#feat_table_10\" data-bck-image=\"https:\/\/www.compressport.com\/it\/img\/feature_values\/2_303.png\">\n<h3>Maille ultra-ventil\u00e9e<\/h3>\n<p>Les zones en tissu maill\u00e9 facilitent la transpiration et l&#8217;\u00e9vacuation de l&#8217;humidit\u00e9, ind\u00e9pendamment de la temp\u00e9rature ext\u00e9rieure, du niveau et de la dur\u00e9e de l&#8217;effort.<\/p>\n<div id=\"techno_309\" class=\"col-lg-4 col-12 collapse show\" data-parent=\"#feat_table_10\" data-bck-image=\"\">\n<h3>Ultral\u00e9ger<\/h3>\n<p>Il ne retient pas l&#8217;eau et reste l\u00e9ger dans toutes les conditions.<\/p>\n<\/div>\n<\/div>\n<\/div>\n<\/div>\n<\/div>\n<\/div>\n<\/div>\n<\/div>\n<\/div>\n<p><\/div><\/div><div class=\"vc-column\"><div class=\"vc-column-text\"><\/p>\n<p><div style=\"width: 1024px;\" class=\"wp-video\"><video class=\"wp-video-shortcode\" id=\"video-277518-1\" width=\"1024\" height=\"576\" loop autoplay preload=\"metadata\" controls=\"controls\"><source type=\"video\/mp4\" src=\"https:\/\/miomiorun.com\/wp-content\/uploads\/2021\/05\/compressport-performance-singlet-AW00095B.mp4?_=1\" \/><a href=\"https:\/\/miomiorun.com\/wp-content\/uploads\/2021\/05\/compressport-performance-singlet-AW00095B.mp4\">https:\/\/miomiorun.com\/wp-content\/uploads\/2021\/05\/compressport-performance-singlet-AW00095B.mp4<\/a><\/video><\/div><\/p>\n<p><\/div><\/div><\/div>\n","protected":false},"excerpt":{"rendered":"","protected":false},"featured_media":232145,"template":"","meta":{"_acf_changed":false,"inline_featured_image":false},"product_brand":[],"product_cat":[22598,22596,22595],"product_tag":[23470,23652,23489,23491],"class_list":{"0":"post-277518","1":"product","2":"type-product","3":"status-publish","4":"has-post-thumbnail","6":"product_cat-gilets","7":"product_cat-vetements-pour-femmes","8":"product_cat-femme","9":"product_tag-compressport-fr","10":"product_tag-compressport-femme","11":"product_tag-crazy-idea-fr","12":"product_tag-crazy-idea-femme","13":"pa_attivita-fitness-fr","14":"pa_attivita-marcher","15":"pa_colore-performance-singlet-coral-fr","16":"pa_colore-performance-singlet-w-orchid-petal-purple-fr","17":"pa_marca-compressport-fr","18":"pa_sesso-femme","19":"pa_size-small-fr","20":"pa_size-medium-fr","22":"first","23":"instock","24":"sale","25":"taxable","26":"shipping-taxable","27":"purchasable","28":"product-type-variable","29":"wvs-archive-product-wrapper"},"acf":[],"yoast_head":"<!-- This site is optimized with the Yoast SEO plugin v26.8 - https:\/\/yoast.com\/product\/yoast-seo-wordpress\/ -->\n<title>Compressport Performance singlet femme - d\u00e9bardeur de course \u00e0 pied - MioMioRun<\/title>\n<meta name=\"description\" content=\"D\u00e9bardeur de course pour femme, ventil\u00e9 et ax\u00e9 sur la performance, offrant une libert\u00e9 de mouvement et un confort exceptionnels pendant l&#039;entra\u00eenement et la course.\" \/>\n<meta name=\"robots\" content=\"index, follow, max-snippet:-1, max-image-preview:large, max-video-preview:-1\" \/>\n<link rel=\"canonical\" href=\"https:\/\/www.miomiorun.com\/fr\/produit\/compressport-performance-singlet-femme\/\" \/>\n<meta property=\"og:locale\" content=\"fr_FR\" \/>\n<meta property=\"og:type\" content=\"article\" \/>\n<meta property=\"og:title\" content=\"Compressport Performance singlet femme - d\u00e9bardeur de course \u00e0 pied - MioMioRun\" \/>\n<meta property=\"og:description\" content=\"D\u00e9bardeur de course pour femme, ventil\u00e9 et ax\u00e9 sur la performance, offrant une libert\u00e9 de mouvement et un confort exceptionnels pendant l&#039;entra\u00eenement et la course.\" \/>\n<meta property=\"og:url\" content=\"https:\/\/www.miomiorun.com\/fr\/produit\/compressport-performance-singlet-femme\/\" \/>\n<meta property=\"og:site_name\" content=\"MioMioRun\" \/>\n<meta property=\"article:publisher\" content=\"https:\/\/www.facebook.com\/miomiorun\/\" \/>\n<meta property=\"article:modified_time\" content=\"2026-01-15T09:57:40+00:00\" \/>\n<meta property=\"og:image\" content=\"https:\/\/www.miomiorun.com\/app\/uploads\/2021\/05\/compressport-Performance-singlet-AW00095B-Coral.jpg\" \/>\n\t<meta property=\"og:image:width\" content=\"600\" \/>\n\t<meta property=\"og:image:height\" content=\"600\" \/>\n\t<meta property=\"og:image:type\" content=\"image\/jpeg\" \/>\n<meta name=\"twitter:card\" content=\"summary_large_image\" \/>\n<meta name=\"twitter:label1\" content=\"Est. reading time\" \/>\n\t<meta name=\"twitter:data1\" content=\"3 minutes\" \/>\n<script type=\"application\/ld+json\" class=\"yoast-schema-graph\">{\"@context\":\"https:\/\/schema.org\",\"@graph\":[{\"@type\":\"WebPage\",\"@id\":\"https:\/\/www.miomiorun.com\/fr\/produit\/compressport-performance-singlet-femme\/\",\"url\":\"https:\/\/www.miomiorun.com\/fr\/produit\/compressport-performance-singlet-femme\/\",\"name\":\"Compressport Performance singlet femme - d\u00e9bardeur de course \u00e0 pied - MioMioRun\",\"isPartOf\":{\"@id\":\"https:\/\/www.miomiorun.com\/fr\/#website\"},\"primaryImageOfPage\":{\"@id\":\"https:\/\/www.miomiorun.com\/fr\/produit\/compressport-performance-singlet-femme\/#primaryimage\"},\"image\":{\"@id\":\"https:\/\/www.miomiorun.com\/fr\/produit\/compressport-performance-singlet-femme\/#primaryimage\"},\"thumbnailUrl\":\"https:\/\/www.miomiorun.com\/app\/uploads\/2021\/05\/compressport-Performance-singlet-AW00095B-Coral.jpg\",\"datePublished\":\"2021-05-17T16:43:33+00:00\",\"dateModified\":\"2026-01-15T09:57:40+00:00\",\"description\":\"D\u00e9bardeur de course pour femme, ventil\u00e9 et ax\u00e9 sur la performance, offrant une libert\u00e9 de mouvement et un confort exceptionnels pendant l'entra\u00eenement et la course.\",\"breadcrumb\":{\"@id\":\"https:\/\/www.miomiorun.com\/fr\/produit\/compressport-performance-singlet-femme\/#breadcrumb\"},\"inLanguage\":\"fr-FR\",\"potentialAction\":[{\"@type\":\"ReadAction\",\"target\":[\"https:\/\/www.miomiorun.com\/fr\/produit\/compressport-performance-singlet-femme\/\"]}]},{\"@type\":\"ImageObject\",\"inLanguage\":\"fr-FR\",\"@id\":\"https:\/\/www.miomiorun.com\/fr\/produit\/compressport-performance-singlet-femme\/#primaryimage\",\"url\":\"https:\/\/www.miomiorun.com\/app\/uploads\/2021\/05\/compressport-Performance-singlet-AW00095B-Coral.jpg\",\"contentUrl\":\"https:\/\/www.miomiorun.com\/app\/uploads\/2021\/05\/compressport-Performance-singlet-AW00095B-Coral.jpg\",\"width\":600,\"height\":600,\"caption\":\"compressport performance singlet\"},{\"@type\":\"BreadcrumbList\",\"@id\":\"https:\/\/www.miomiorun.com\/fr\/produit\/compressport-performance-singlet-femme\/#breadcrumb\",\"itemListElement\":[{\"@type\":\"ListItem\",\"position\":1,\"name\":\"Home\",\"item\":\"https:\/\/www.miomiorun.com\/fr\/home-page\/\"},{\"@type\":\"ListItem\",\"position\":2,\"name\":\"Shop\",\"item\":\"https:\/\/www.miomiorun.com\/shop\/\"},{\"@type\":\"ListItem\",\"position\":3,\"name\":\"Performance singlet femme\"}]},{\"@type\":\"WebSite\",\"@id\":\"https:\/\/www.miomiorun.com\/fr\/#website\",\"url\":\"https:\/\/www.miomiorun.com\/fr\/\",\"name\":\"MioMioRun\",\"description\":\"Boutique 100% running et trail\",\"publisher\":{\"@id\":\"https:\/\/www.miomiorun.com\/fr\/#organization\"},\"potentialAction\":[{\"@type\":\"SearchAction\",\"target\":{\"@type\":\"EntryPoint\",\"urlTemplate\":\"https:\/\/www.miomiorun.com\/fr\/?s={search_term_string}\"},\"query-input\":{\"@type\":\"PropertyValueSpecification\",\"valueRequired\":true,\"valueName\":\"search_term_string\"}}],\"inLanguage\":\"fr-FR\"},{\"@type\":\"Organization\",\"@id\":\"https:\/\/www.miomiorun.com\/fr\/#organization\",\"name\":\"MioMio Run\",\"url\":\"https:\/\/www.miomiorun.com\/fr\/\",\"logo\":{\"@type\":\"ImageObject\",\"inLanguage\":\"fr-FR\",\"@id\":\"https:\/\/www.miomiorun.com\/fr\/#\/schema\/logo\/image\/\",\"url\":\"https:\/\/www.miomiorun.com\/app\/uploads\/2019\/12\/logomio.png\",\"contentUrl\":\"https:\/\/www.miomiorun.com\/app\/uploads\/2019\/12\/logomio.png\",\"width\":115,\"height\":82,\"caption\":\"MioMio Run\"},\"image\":{\"@id\":\"https:\/\/www.miomiorun.com\/fr\/#\/schema\/logo\/image\/\"},\"sameAs\":[\"https:\/\/www.facebook.com\/miomiorun\/\",\"https:\/\/www.instagram.com\/miomiorun\/\"]}]}<\/script>\n<!-- \/ Yoast SEO plugin. -->","yoast_head_json":{"title":"Compressport Performance singlet femme - d\u00e9bardeur de course \u00e0 pied - MioMioRun","description":"D\u00e9bardeur de course pour femme, ventil\u00e9 et ax\u00e9 sur la performance, offrant une libert\u00e9 de mouvement et un confort exceptionnels pendant l'entra\u00eenement et la course.","robots":{"index":"index","follow":"follow","max-snippet":"max-snippet:-1","max-image-preview":"max-image-preview:large","max-video-preview":"max-video-preview:-1"},"canonical":"https:\/\/www.miomiorun.com\/fr\/produit\/compressport-performance-singlet-femme\/","og_locale":"fr_FR","og_type":"article","og_title":"Compressport Performance singlet femme - d\u00e9bardeur de course \u00e0 pied - MioMioRun","og_description":"D\u00e9bardeur de course pour femme, ventil\u00e9 et ax\u00e9 sur la performance, offrant une libert\u00e9 de mouvement et un confort exceptionnels pendant l'entra\u00eenement et la course.","og_url":"https:\/\/www.miomiorun.com\/fr\/produit\/compressport-performance-singlet-femme\/","og_site_name":"MioMioRun","article_publisher":"https:\/\/www.facebook.com\/miomiorun\/","article_modified_time":"2026-01-15T09:57:40+00:00","og_image":[{"width":600,"height":600,"url":"https:\/\/www.miomiorun.com\/app\/uploads\/2021\/05\/compressport-Performance-singlet-AW00095B-Coral.jpg","type":"image\/jpeg"}],"twitter_card":"summary_large_image","twitter_misc":{"Est. reading time":"3 minutes"},"schema":{"@context":"https:\/\/schema.org","@graph":[{"@type":"WebPage","@id":"https:\/\/www.miomiorun.com\/fr\/produit\/compressport-performance-singlet-femme\/","url":"https:\/\/www.miomiorun.com\/fr\/produit\/compressport-performance-singlet-femme\/","name":"Compressport Performance singlet femme - d\u00e9bardeur de course \u00e0 pied - MioMioRun","isPartOf":{"@id":"https:\/\/www.miomiorun.com\/fr\/#website"},"primaryImageOfPage":{"@id":"https:\/\/www.miomiorun.com\/fr\/produit\/compressport-performance-singlet-femme\/#primaryimage"},"image":{"@id":"https:\/\/www.miomiorun.com\/fr\/produit\/compressport-performance-singlet-femme\/#primaryimage"},"thumbnailUrl":"https:\/\/www.miomiorun.com\/app\/uploads\/2021\/05\/compressport-Performance-singlet-AW00095B-Coral.jpg","datePublished":"2021-05-17T16:43:33+00:00","dateModified":"2026-01-15T09:57:40+00:00","description":"D\u00e9bardeur de course pour femme, ventil\u00e9 et ax\u00e9 sur la performance, offrant une libert\u00e9 de mouvement et un confort exceptionnels pendant l'entra\u00eenement et la course.","breadcrumb":{"@id":"https:\/\/www.miomiorun.com\/fr\/produit\/compressport-performance-singlet-femme\/#breadcrumb"},"inLanguage":"fr-FR","potentialAction":[{"@type":"ReadAction","target":["https:\/\/www.miomiorun.com\/fr\/produit\/compressport-performance-singlet-femme\/"]}]},{"@type":"ImageObject","inLanguage":"fr-FR","@id":"https:\/\/www.miomiorun.com\/fr\/produit\/compressport-performance-singlet-femme\/#primaryimage","url":"https:\/\/www.miomiorun.com\/app\/uploads\/2021\/05\/compressport-Performance-singlet-AW00095B-Coral.jpg","contentUrl":"https:\/\/www.miomiorun.com\/app\/uploads\/2021\/05\/compressport-Performance-singlet-AW00095B-Coral.jpg","width":600,"height":600,"caption":"compressport performance singlet"},{"@type":"BreadcrumbList","@id":"https:\/\/www.miomiorun.com\/fr\/produit\/compressport-performance-singlet-femme\/#breadcrumb","itemListElement":[{"@type":"ListItem","position":1,"name":"Home","item":"https:\/\/www.miomiorun.com\/fr\/home-page\/"},{"@type":"ListItem","position":2,"name":"Shop","item":"https:\/\/www.miomiorun.com\/shop\/"},{"@type":"ListItem","position":3,"name":"Performance singlet femme"}]},{"@type":"WebSite","@id":"https:\/\/www.miomiorun.com\/fr\/#website","url":"https:\/\/www.miomiorun.com\/fr\/","name":"MioMioRun","description":"Boutique 100% running et trail","publisher":{"@id":"https:\/\/www.miomiorun.com\/fr\/#organization"},"potentialAction":[{"@type":"SearchAction","target":{"@type":"EntryPoint","urlTemplate":"https:\/\/www.miomiorun.com\/fr\/?s={search_term_string}"},"query-input":{"@type":"PropertyValueSpecification","valueRequired":true,"valueName":"search_term_string"}}],"inLanguage":"fr-FR"},{"@type":"Organization","@id":"https:\/\/www.miomiorun.com\/fr\/#organization","name":"MioMio Run","url":"https:\/\/www.miomiorun.com\/fr\/","logo":{"@type":"ImageObject","inLanguage":"fr-FR","@id":"https:\/\/www.miomiorun.com\/fr\/#\/schema\/logo\/image\/","url":"https:\/\/www.miomiorun.com\/app\/uploads\/2019\/12\/logomio.png","contentUrl":"https:\/\/www.miomiorun.com\/app\/uploads\/2019\/12\/logomio.png","width":115,"height":82,"caption":"MioMio Run"},"image":{"@id":"https:\/\/www.miomiorun.com\/fr\/#\/schema\/logo\/image\/"},"sameAs":["https:\/\/www.facebook.com\/miomiorun\/","https:\/\/www.instagram.com\/miomiorun\/"]}]}},"_links":{"self":[{"href":"https:\/\/www.miomiorun.com\/fr\/wp-json\/wp\/v2\/product\/277518","targetHints":{"allow":["GET"]}}],"collection":[{"href":"https:\/\/www.miomiorun.com\/fr\/wp-json\/wp\/v2\/product"}],"about":[{"href":"https:\/\/www.miomiorun.com\/fr\/wp-json\/wp\/v2\/types\/product"}],"wp:featuredmedia":[{"embeddable":true,"href":"https:\/\/www.miomiorun.com\/fr\/wp-json\/wp\/v2\/media\/232145"}],"wp:attachment":[{"href":"https:\/\/www.miomiorun.com\/fr\/wp-json\/wp\/v2\/media?parent=277518"}],"wp:term":[{"taxonomy":"product_brand","embeddable":true,"href":"https:\/\/www.miomiorun.com\/fr\/wp-json\/wp\/v2\/product_brand?post=277518"},{"taxonomy":"product_cat","embeddable":true,"href":"https:\/\/www.miomiorun.com\/fr\/wp-json\/wp\/v2\/product_cat?post=277518"},{"taxonomy":"product_tag","embeddable":true,"href":"https:\/\/www.miomiorun.com\/fr\/wp-json\/wp\/v2\/product_tag?post=277518"}],"curies":[{"name":"wp","href":"https:\/\/api.w.org\/{rel}","templated":true}]}}