{"id":277512,"date":"2021-05-17T16:13:58","date_gmt":"2021-05-17T14:13:58","guid":{"rendered":"https:\/\/miomiorun.com\/prodotto\/compressport-armforce-ultralight\/"},"modified":"2026-01-14T11:50:05","modified_gmt":"2026-01-14T10:50:05","slug":"compressport-armforce-ultralight","status":"publish","type":"product","link":"https:\/\/www.miomiorun.com\/fr\/produit\/compressport-armforce-ultralight\/","title":{"rendered":"ArmForce ultralight"},"content":{"rendered":"<p>Manchons polyvalents et l\u00e9gers pour une thermor\u00e9gulation optimis\u00e9e et une flexibilit\u00e9 adapt\u00e9e \u00e0 tous les sports et \u00e0 toutes les saisons.<\/p>\n<p>Parfois, on n&#8217;a pas le temps de s&#8217;arr\u00eater pour retirer des couches, alors avoir une solution facile \u00e0 mettre et \u00e0 enlever est l&#8217;option la plus simple. Con\u00e7ues avec le m\u00eame tissu que nos chaussettes haute performance, les manchons ArmForce Ultralight sont extr\u00eamement confortables et l\u00e9gers. La thermor\u00e9gulation est la cl\u00e9 qui fait d&#8217;ArmForce Ultralight la solution parfaite lorsque l&#8217;air est glacial. Gr\u00e2ce \u00e0 leurs propri\u00e9t\u00e9s de compression l\u00e9g\u00e8re, l&#8217;action exerc\u00e9e pr\u00e9cis\u00e9ment sur les muscles cl\u00e9s stimule la circulation sanguine et apporte un soutien, tout en gardant les bras au frais avant, pendant et apr\u00e8s le sport. Une attention particuli\u00e8re est accord\u00e9e \u00e0 la zone du coude, o\u00f9 un tissage plus l\u00e9ger permet une libert\u00e9 de mouvement exceptionnelle et une meilleure ventilation. Enfin, des points de marquage 3D sont int\u00e9gr\u00e9s dans les avant-bras pour une meilleure circulation sanguine et peuvent \u00e9galement servir d&#8217;excellentes bandes anti-transpiration lorsque l&#8217;intensit\u00e9 augmente. Rapides \u00e0 enfiler et \u00e0 retirer, ces manchons noirs confortables pour le cyclisme, la course \u00e0 pied et les sports d&#8217;endurance vous permettent d&#8217;\u00e9conomiser le poids d&#8217;une couche suppl\u00e9mentaire, tout en offrant une l\u00e9g\u00e8re compression.<\/p>\n<section class=\"product-additional-info pt-4 pb-4\">\n<div class=\"d-flex mt-5 pt-4 pb-md-4 pb-3 text-center box-additional-info align-items-center flex-wrap\">\n<div class=\"col-lg-3 col-md-6 col-12 data-sheet\">\n<h2>Poids net du produit<\/h2>\n<p>35,00 g<\/p>\n<\/div>\n<div class=\"data-sheet col-lg-3 col-md-6 col-12 feature_1\">\n<h2>Compositions<\/h2>\n<dl class=\"d-flex flex-wrap justify-content-center\">\n<dd>98 % PA 2 % EA<\/dd>\n<\/dl>\n<\/div>\n<div class=\"col-lg-3 col-md-6 col-12 data-sheet\">\n<h2>Instructions de lavage et d&#8217;entretien<\/h2>\n<p><img decoding=\"async\" class=\"img-fluid\" src=\"https:\/\/www.compressport.com\/img\/cms\/icons\/picto_wash.png\" \/><\/p>\n<\/div>\n<div class=\"col-lg-3 col-md-6 col-12 data-sheet data-sheet-developed\"><img decoding=\"async\" class=\"img-fluid\" src=\"https:\/\/www.compressport.com\/img\/cms\/icons\/developed_swiss.png\" \/><\/div>\n<\/div>\n<\/section>\n<div><\/div>\n<div><\/div>\n<div>\n<h2 class=\"title-thin\">Guide des tailles (tour de bras)<\/h2>\n<div class=\"chart-tabs-container\">\n<div class=\"tab-content clearfix keep-it-tight\">\n<div id=\"17_chart_productTab\" class=\"chart_productTab\">\n<div id=\"single_chart_table_popup\">\n<div class=\"row\">\n<div class=\"col-md-2\"><span class=\"img-w-comment d-block d-md-block text-center text-md-left\"> <img loading=\"lazy\" decoding=\"async\" class=\"chart-table-img img-fluid alignleft\" src=\"https:\/\/www.compressport.com\/inter\/modules\/sizeconversion\/views\/img\/Guide-sizing_armforce.jpg\" width=\"213\" height=\"319\" \/> <\/span><\/div>\n<div class=\"col-md-10\">\n<div class=\"table-responsive-md\">\n<table id=\"chart_table_17\" class=\"table table-striped table-bordered text-center chart-table\" style=\"height: 198px\" width=\"190\">\n<thead class=\"thead-default\">\n<tr class=\"\">\n<th><\/th>\n<th id=\"conversion_group_94\">CM<\/th>\n<th id=\"conversion_group_95\">POUCE<\/th>\n<\/tr>\n<\/thead>\n<tbody>\n<tr class=\"chart-table-row\">\n<th class=\"cc-name\">T1<\/th>\n<td>22-25<\/td>\n<td>9-10<\/td>\n<\/tr>\n<tr class=\"chart-table-row\">\n<th class=\"cc-name\">T2<\/th>\n<td>25-28<\/td>\n<td>10-11<\/td>\n<\/tr>\n<tr class=\"chart-table-row\">\n<th class=\"cc-name\">T3<\/th>\n<td>28-31<\/td>\n<td>11-12<\/td>\n<\/tr>\n<tr class=\"chart-table-row\">\n<th class=\"cc-name\">T4<\/th>\n<td>&gt;31<\/td>\n<td>&gt;12<\/td>\n<\/tr>\n<\/tbody>\n<\/table>\n<\/div>\n<\/div>\n<\/div>\n<\/div>\n<\/div>\n<\/div>\n<\/div>\n<\/div>\n","protected":false},"excerpt":{"rendered":"<p><span style=\"font-weight: 400\">Gardez vos bras au chaud et \u00e0 l&#8217;aise pendant vos courses \u00e0 pied ou vos balades \u00e0 v\u00e9lo, m\u00eame par temps froid.<\/span><\/p>\n","protected":false},"featured_media":232149,"template":"","meta":{"_acf_changed":false,"inline_featured_image":false},"product_brand":[],"product_cat":[22579,22582,22538],"product_tag":[23470,23652,23650],"class_list":{"0":"post-277512","1":"product","2":"type-product","3":"status-publish","4":"has-post-thumbnail","6":"product_cat-chauffage","7":"product_cat-manches","8":"product_cat-accessoires","9":"product_tag-compressport-fr","10":"product_tag-compressport-femme","11":"product_tag-compressport-homme","13":"first","14":"instock","15":"taxable","16":"shipping-taxable","17":"purchasable","18":"product-type-variable","19":"wvs-archive-product-wrapper"},"acf":[],"yoast_head":"<!-- This site is optimized with the Yoast SEO plugin v26.8 - https:\/\/yoast.com\/product\/yoast-seo-wordpress\/ -->\n<title>Compressport ArmForce ultralight - Manicotti en course - MioMioRun.com<\/title>\n<meta name=\"description\" content=\"Manchons polyvalents et l\u00e9gers pour une thermor\u00e9gulation optimis\u00e9e et une flexibilit\u00e9 adapt\u00e9e \u00e0 tous les sports et \u00e0 toutes les saisons.\" \/>\n<meta name=\"robots\" content=\"index, follow, max-snippet:-1, max-image-preview:large, max-video-preview:-1\" \/>\n<link rel=\"canonical\" href=\"https:\/\/www.miomiorun.com\/fr\/produit\/compressport-armforce-ultralight\/\" \/>\n<meta property=\"og:locale\" content=\"fr_FR\" \/>\n<meta property=\"og:type\" content=\"article\" \/>\n<meta property=\"og:title\" content=\"Compressport ArmForce ultralight - Manicotti en course - MioMioRun.com\" \/>\n<meta property=\"og:description\" content=\"Manchons polyvalents et l\u00e9gers pour une thermor\u00e9gulation optimis\u00e9e et une flexibilit\u00e9 adapt\u00e9e \u00e0 tous les sports et \u00e0 toutes les saisons.\" \/>\n<meta property=\"og:url\" content=\"https:\/\/www.miomiorun.com\/fr\/produit\/compressport-armforce-ultralight\/\" \/>\n<meta property=\"og:site_name\" content=\"MioMioRun\" \/>\n<meta property=\"article:publisher\" content=\"https:\/\/www.facebook.com\/miomiorun\/\" \/>\n<meta property=\"article:modified_time\" content=\"2026-01-14T10:50:05+00:00\" \/>\n<meta property=\"og:image\" content=\"https:\/\/www.miomiorun.com\/app\/uploads\/2021\/05\/compressport-ArmForce-ultralight-SU00008B-Pkml.jpg\" \/>\n\t<meta property=\"og:image:width\" content=\"600\" \/>\n\t<meta property=\"og:image:height\" content=\"600\" \/>\n\t<meta property=\"og:image:type\" content=\"image\/jpeg\" \/>\n<meta name=\"twitter:card\" content=\"summary_large_image\" \/>\n<meta name=\"twitter:label1\" content=\"Est. reading time\" \/>\n\t<meta name=\"twitter:data1\" content=\"1 minute\" \/>\n<script type=\"application\/ld+json\" class=\"yoast-schema-graph\">{\"@context\":\"https:\/\/schema.org\",\"@graph\":[{\"@type\":\"WebPage\",\"@id\":\"https:\/\/www.miomiorun.com\/fr\/produit\/compressport-armforce-ultralight\/\",\"url\":\"https:\/\/www.miomiorun.com\/fr\/produit\/compressport-armforce-ultralight\/\",\"name\":\"Compressport ArmForce ultralight - Manicotti en course - MioMioRun.com\",\"isPartOf\":{\"@id\":\"https:\/\/www.miomiorun.com\/fr\/#website\"},\"primaryImageOfPage\":{\"@id\":\"https:\/\/www.miomiorun.com\/fr\/produit\/compressport-armforce-ultralight\/#primaryimage\"},\"image\":{\"@id\":\"https:\/\/www.miomiorun.com\/fr\/produit\/compressport-armforce-ultralight\/#primaryimage\"},\"thumbnailUrl\":\"https:\/\/www.miomiorun.com\/app\/uploads\/2021\/05\/compressport-ArmForce-ultralight-SU00008B-Pkml.jpg\",\"datePublished\":\"2021-05-17T14:13:58+00:00\",\"dateModified\":\"2026-01-14T10:50:05+00:00\",\"description\":\"Manchons polyvalents et l\u00e9gers pour une thermor\u00e9gulation optimis\u00e9e et une flexibilit\u00e9 adapt\u00e9e \u00e0 tous les sports et \u00e0 toutes les saisons.\",\"breadcrumb\":{\"@id\":\"https:\/\/www.miomiorun.com\/fr\/produit\/compressport-armforce-ultralight\/#breadcrumb\"},\"inLanguage\":\"fr-FR\",\"potentialAction\":[{\"@type\":\"ReadAction\",\"target\":[\"https:\/\/www.miomiorun.com\/fr\/produit\/compressport-armforce-ultralight\/\"]}]},{\"@type\":\"ImageObject\",\"inLanguage\":\"fr-FR\",\"@id\":\"https:\/\/www.miomiorun.com\/fr\/produit\/compressport-armforce-ultralight\/#primaryimage\",\"url\":\"https:\/\/www.miomiorun.com\/app\/uploads\/2021\/05\/compressport-ArmForce-ultralight-SU00008B-Pkml.jpg\",\"contentUrl\":\"https:\/\/www.miomiorun.com\/app\/uploads\/2021\/05\/compressport-ArmForce-ultralight-SU00008B-Pkml.jpg\",\"width\":600,\"height\":600,\"caption\":\"compressport arm force ultralight\"},{\"@type\":\"BreadcrumbList\",\"@id\":\"https:\/\/www.miomiorun.com\/fr\/produit\/compressport-armforce-ultralight\/#breadcrumb\",\"itemListElement\":[{\"@type\":\"ListItem\",\"position\":1,\"name\":\"Home\",\"item\":\"https:\/\/www.miomiorun.com\/fr\/home-page\/\"},{\"@type\":\"ListItem\",\"position\":2,\"name\":\"Shop\",\"item\":\"https:\/\/www.miomiorun.com\/shop\/\"},{\"@type\":\"ListItem\",\"position\":3,\"name\":\"ArmForce ultralight\"}]},{\"@type\":\"WebSite\",\"@id\":\"https:\/\/www.miomiorun.com\/fr\/#website\",\"url\":\"https:\/\/www.miomiorun.com\/fr\/\",\"name\":\"MioMioRun\",\"description\":\"Boutique 100% running et trail\",\"publisher\":{\"@id\":\"https:\/\/www.miomiorun.com\/fr\/#organization\"},\"potentialAction\":[{\"@type\":\"SearchAction\",\"target\":{\"@type\":\"EntryPoint\",\"urlTemplate\":\"https:\/\/www.miomiorun.com\/fr\/?s={search_term_string}\"},\"query-input\":{\"@type\":\"PropertyValueSpecification\",\"valueRequired\":true,\"valueName\":\"search_term_string\"}}],\"inLanguage\":\"fr-FR\"},{\"@type\":\"Organization\",\"@id\":\"https:\/\/www.miomiorun.com\/fr\/#organization\",\"name\":\"MioMio Run\",\"url\":\"https:\/\/www.miomiorun.com\/fr\/\",\"logo\":{\"@type\":\"ImageObject\",\"inLanguage\":\"fr-FR\",\"@id\":\"https:\/\/www.miomiorun.com\/fr\/#\/schema\/logo\/image\/\",\"url\":\"https:\/\/www.miomiorun.com\/app\/uploads\/2019\/12\/logomio.png\",\"contentUrl\":\"https:\/\/www.miomiorun.com\/app\/uploads\/2019\/12\/logomio.png\",\"width\":115,\"height\":82,\"caption\":\"MioMio Run\"},\"image\":{\"@id\":\"https:\/\/www.miomiorun.com\/fr\/#\/schema\/logo\/image\/\"},\"sameAs\":[\"https:\/\/www.facebook.com\/miomiorun\/\",\"https:\/\/www.instagram.com\/miomiorun\/\"]}]}<\/script>\n<!-- \/ Yoast SEO plugin. -->","yoast_head_json":{"title":"Compressport ArmForce ultralight - Manicotti en course - MioMioRun.com","description":"Manchons polyvalents et l\u00e9gers pour une thermor\u00e9gulation optimis\u00e9e et une flexibilit\u00e9 adapt\u00e9e \u00e0 tous les sports et \u00e0 toutes les saisons.","robots":{"index":"index","follow":"follow","max-snippet":"max-snippet:-1","max-image-preview":"max-image-preview:large","max-video-preview":"max-video-preview:-1"},"canonical":"https:\/\/www.miomiorun.com\/fr\/produit\/compressport-armforce-ultralight\/","og_locale":"fr_FR","og_type":"article","og_title":"Compressport ArmForce ultralight - Manicotti en course - MioMioRun.com","og_description":"Manchons polyvalents et l\u00e9gers pour une thermor\u00e9gulation optimis\u00e9e et une flexibilit\u00e9 adapt\u00e9e \u00e0 tous les sports et \u00e0 toutes les saisons.","og_url":"https:\/\/www.miomiorun.com\/fr\/produit\/compressport-armforce-ultralight\/","og_site_name":"MioMioRun","article_publisher":"https:\/\/www.facebook.com\/miomiorun\/","article_modified_time":"2026-01-14T10:50:05+00:00","og_image":[{"width":600,"height":600,"url":"https:\/\/www.miomiorun.com\/app\/uploads\/2021\/05\/compressport-ArmForce-ultralight-SU00008B-Pkml.jpg","type":"image\/jpeg"}],"twitter_card":"summary_large_image","twitter_misc":{"Est. reading time":"1 minute"},"schema":{"@context":"https:\/\/schema.org","@graph":[{"@type":"WebPage","@id":"https:\/\/www.miomiorun.com\/fr\/produit\/compressport-armforce-ultralight\/","url":"https:\/\/www.miomiorun.com\/fr\/produit\/compressport-armforce-ultralight\/","name":"Compressport ArmForce ultralight - Manicotti en course - MioMioRun.com","isPartOf":{"@id":"https:\/\/www.miomiorun.com\/fr\/#website"},"primaryImageOfPage":{"@id":"https:\/\/www.miomiorun.com\/fr\/produit\/compressport-armforce-ultralight\/#primaryimage"},"image":{"@id":"https:\/\/www.miomiorun.com\/fr\/produit\/compressport-armforce-ultralight\/#primaryimage"},"thumbnailUrl":"https:\/\/www.miomiorun.com\/app\/uploads\/2021\/05\/compressport-ArmForce-ultralight-SU00008B-Pkml.jpg","datePublished":"2021-05-17T14:13:58+00:00","dateModified":"2026-01-14T10:50:05+00:00","description":"Manchons polyvalents et l\u00e9gers pour une thermor\u00e9gulation optimis\u00e9e et une flexibilit\u00e9 adapt\u00e9e \u00e0 tous les sports et \u00e0 toutes les saisons.","breadcrumb":{"@id":"https:\/\/www.miomiorun.com\/fr\/produit\/compressport-armforce-ultralight\/#breadcrumb"},"inLanguage":"fr-FR","potentialAction":[{"@type":"ReadAction","target":["https:\/\/www.miomiorun.com\/fr\/produit\/compressport-armforce-ultralight\/"]}]},{"@type":"ImageObject","inLanguage":"fr-FR","@id":"https:\/\/www.miomiorun.com\/fr\/produit\/compressport-armforce-ultralight\/#primaryimage","url":"https:\/\/www.miomiorun.com\/app\/uploads\/2021\/05\/compressport-ArmForce-ultralight-SU00008B-Pkml.jpg","contentUrl":"https:\/\/www.miomiorun.com\/app\/uploads\/2021\/05\/compressport-ArmForce-ultralight-SU00008B-Pkml.jpg","width":600,"height":600,"caption":"compressport arm force ultralight"},{"@type":"BreadcrumbList","@id":"https:\/\/www.miomiorun.com\/fr\/produit\/compressport-armforce-ultralight\/#breadcrumb","itemListElement":[{"@type":"ListItem","position":1,"name":"Home","item":"https:\/\/www.miomiorun.com\/fr\/home-page\/"},{"@type":"ListItem","position":2,"name":"Shop","item":"https:\/\/www.miomiorun.com\/shop\/"},{"@type":"ListItem","position":3,"name":"ArmForce ultralight"}]},{"@type":"WebSite","@id":"https:\/\/www.miomiorun.com\/fr\/#website","url":"https:\/\/www.miomiorun.com\/fr\/","name":"MioMioRun","description":"Boutique 100% running et trail","publisher":{"@id":"https:\/\/www.miomiorun.com\/fr\/#organization"},"potentialAction":[{"@type":"SearchAction","target":{"@type":"EntryPoint","urlTemplate":"https:\/\/www.miomiorun.com\/fr\/?s={search_term_string}"},"query-input":{"@type":"PropertyValueSpecification","valueRequired":true,"valueName":"search_term_string"}}],"inLanguage":"fr-FR"},{"@type":"Organization","@id":"https:\/\/www.miomiorun.com\/fr\/#organization","name":"MioMio Run","url":"https:\/\/www.miomiorun.com\/fr\/","logo":{"@type":"ImageObject","inLanguage":"fr-FR","@id":"https:\/\/www.miomiorun.com\/fr\/#\/schema\/logo\/image\/","url":"https:\/\/www.miomiorun.com\/app\/uploads\/2019\/12\/logomio.png","contentUrl":"https:\/\/www.miomiorun.com\/app\/uploads\/2019\/12\/logomio.png","width":115,"height":82,"caption":"MioMio Run"},"image":{"@id":"https:\/\/www.miomiorun.com\/fr\/#\/schema\/logo\/image\/"},"sameAs":["https:\/\/www.facebook.com\/miomiorun\/","https:\/\/www.instagram.com\/miomiorun\/"]}]}},"_links":{"self":[{"href":"https:\/\/www.miomiorun.com\/fr\/wp-json\/wp\/v2\/product\/277512","targetHints":{"allow":["GET"]}}],"collection":[{"href":"https:\/\/www.miomiorun.com\/fr\/wp-json\/wp\/v2\/product"}],"about":[{"href":"https:\/\/www.miomiorun.com\/fr\/wp-json\/wp\/v2\/types\/product"}],"wp:featuredmedia":[{"embeddable":true,"href":"https:\/\/www.miomiorun.com\/fr\/wp-json\/wp\/v2\/media\/232149"}],"wp:attachment":[{"href":"https:\/\/www.miomiorun.com\/fr\/wp-json\/wp\/v2\/media?parent=277512"}],"wp:term":[{"taxonomy":"product_brand","embeddable":true,"href":"https:\/\/www.miomiorun.com\/fr\/wp-json\/wp\/v2\/product_brand?post=277512"},{"taxonomy":"product_cat","embeddable":true,"href":"https:\/\/www.miomiorun.com\/fr\/wp-json\/wp\/v2\/product_cat?post=277512"},{"taxonomy":"product_tag","embeddable":true,"href":"https:\/\/www.miomiorun.com\/fr\/wp-json\/wp\/v2\/product_tag?post=277512"}],"curies":[{"name":"wp","href":"https:\/\/api.w.org\/{rel}","templated":true}]}}