{"id":277506,"date":"2021-05-18T12:21:56","date_gmt":"2021-05-18T10:21:56","guid":{"rendered":"https:\/\/miomiorun.com\/prodotto\/craft-pro-hypervent-singlet-donna\/"},"modified":"2026-01-15T11:06:47","modified_gmt":"2026-01-15T10:06:47","slug":"craft-pro-hypervent-singlet-femme","status":"publish","type":"product","link":"https:\/\/www.miomiorun.com\/fr\/produit\/craft-pro-hypervent-singlet-femme\/","title":{"rendered":"Pro Hypervent Singlet femme"},"content":{"rendered":"<p id=\"tw-target-text\" class=\"tw-data-text tw-text-large XcVN5d tw-ta\" dir=\"ltr\" data-placeholder=\"Traduzione\"><span class=\"Y2IQFc\" lang=\"it\">Le Pro Hypervent Singlet est un maillot de course l\u00e9ger de niveau professionnel qui offre une ventilation et un refroidissement exceptionnels pour des performances maximales par temps chaud.<\/span><\/p>\n<p id=\"tw-target-text\" class=\"tw-data-text tw-text-large XcVN5d tw-ta\" dir=\"ltr\" data-placeholder=\"Traduzione\"><span class=\"Y2IQFc\" lang=\"it\">Ce d\u00e9bardeur de course techniquement avanc\u00e9 est fabriqu\u00e9 dans un tissu en maille l\u00e9g\u00e8re et hautement fonctionnelle qui offre une excellente \u00e9vacuation de l&#8217;humidit\u00e9 et un excellent refroidissement. Il est \u00e9galement dot\u00e9 de coutures thermocoll\u00e9es qui minimisent les frottements et maximisent le confort.<\/span><\/p>\n<p class=\"tw-data-text tw-text-large XcVN5d tw-ta\" dir=\"ltr\" data-placeholder=\"Traduzione\"><span class=\"Y2IQFc\" lang=\"it\">Les tissus fins, ultra-doux, exceptionnellement l\u00e9gers et respirants garantissent une fonctionnalit\u00e9, une ventilation et un confort sup\u00e9rieurs lors des courses \u00e0 grande vitesse et sur de longues distances par temps chaud.<\/span><\/p>\n<h2 dir=\"ltr\" data-placeholder=\"Traduzione\">Caract\u00e9ristiques du produit :<\/h2>\n<p id=\"tw-target-text\" class=\"tw-data-text tw-text-large XcVN5d tw-ta\" dir=\"ltr\" data-placeholder=\"Traduzione\"><span class=\"Y2IQFc\" lang=\"it\">&#8211; Filet en polyester l\u00e9ger et hautement fonctionnel<\/span><\/p>\n<p class=\"tw-data-text tw-text-large XcVN5d tw-ta\" dir=\"ltr\" data-placeholder=\"Traduzione\"><span class=\"Y2IQFc\" lang=\"it\">&#8211; Coutures \u00e9tanches pour \u00e9viter les frottements<\/span><\/p>\n<p class=\"tw-data-text tw-text-large XcVN5d tw-ta\" dir=\"ltr\" data-placeholder=\"Traduzione\"><span class=\"Y2IQFc\" lang=\"it\">&#8211; Coutures plates souples autour des emmanchures et du col<\/span><\/p>\n<p class=\"tw-data-text tw-text-large XcVN5d tw-ta\" dir=\"ltr\" data-placeholder=\"Traduzione\"><span class=\"Y2IQFc\" lang=\"it\">&#8211; D\u00e9tails r\u00e9fl\u00e9chissants<\/span><\/p>\n<p dir=\"ltr\" data-placeholder=\"Traduzione\"><img loading=\"lazy\" decoding=\"async\" class=\"\" src=\"https:\/\/www.craftsportswear.com\/static\/media\/moisture_transport.27f437d8.svg?q=70&amp;fit=clip&amp;w=72&amp;fm=jpg&amp;auto=format\" alt=\"MoistureTransport\" width=\"119\" height=\"119\" \/><\/p>\n<p dir=\"ltr\" data-placeholder=\"Traduzione\"><strong>Transport de l&#8217;humidit\u00e9 :<\/strong> transporte l&#8217;humidit\u00e9 de la peau vers l&#8217;ext\u00e9rieur du v\u00eatement, le gardant frais et sec pendant les entra\u00eenements intenses.<\/p>\n<p dir=\"ltr\" data-placeholder=\"Traduzione\"><img loading=\"lazy\" decoding=\"async\" class=\"\" src=\"https:\/\/www.craftsportswear.com\/static\/media\/lightweight.6800ab4f.svg?q=70&amp;fit=clip&amp;w=72&amp;fm=jpg&amp;auto=format\" alt=\"Lightweight\" width=\"119\" height=\"119\" \/><\/p>\n<p dir=\"ltr\" data-placeholder=\"Traduzione\"><strong>L\u00e9g\u00e8re<\/strong><\/p>\n<p class=\"css-8rgusf\"><strong>Mat\u00e9riaux :<\/strong> 90 % polyester, 10 % \u00e9lasthanne<\/p>\n<p class=\"css-8rgusf\">Lavage en machine \u00e0 40 degr\u00e9s.<\/p>\n<p dir=\"ltr\" data-placeholder=\"Traduzione\">\n","protected":false},"excerpt":{"rendered":"<p>Le Pro Hypervent Singlet est un maillot de course l\u00e9ger de niveau professionnel qui offre une ventilation et un refroidissement exceptionnels pour des performances maximales par temps chaud. Ce d\u00e9bardeur de course techniquement avanc\u00e9 est fabriqu\u00e9 dans un tissu en maille l\u00e9g\u00e8re et hautement fonctionnelle qui offre une excellente \u00e9vacuation de l&#8217;humidit\u00e9 et un excellent &hellip; <a href=\"https:\/\/www.miomiorun.com\/fr\/produit\/craft-pro-hypervent-singlet-femme\/\">Continued<\/a><\/p>\n","protected":false},"featured_media":232185,"template":"","meta":{"_acf_changed":false,"inline_featured_image":false},"product_brand":[],"product_cat":[22598,22596,22595],"product_tag":[23554,23648],"class_list":{"0":"post-277506","1":"product","2":"type-product","3":"status-publish","4":"has-post-thumbnail","6":"product_cat-gilets","7":"product_cat-vetements-pour-femmes","8":"product_cat-femme","9":"product_tag-craft-fr","10":"product_tag-craft-femme","11":"pa_attivita-fitness-fr","12":"pa_attivita-marcher","13":"pa_attivita-running-fr","14":"pa_colore-pro-hypervent-singlet-w-black-fr","15":"pa_colore-pro-hypervent-singlet-w-blaze-multi-fr","16":"pa_colore-pro-hypervent-singlet-w-calm-fr","17":"pa_colore-pro-hypervent-singlet-w-coral-fr","18":"pa_colore-pro-hypervent-singlet-w-dawn-fr","19":"pa_marca-craft-fr","20":"pa_sesso-femme","21":"pa_size-extra-small-fr","22":"pa_size-small-fr","23":"pa_size-medium-fr","25":"first","26":"instock","27":"sale","28":"taxable","29":"shipping-taxable","30":"purchasable","31":"product-type-variable","32":"wvs-archive-product-wrapper"},"acf":[],"yoast_head":"<!-- This site is optimized with the Yoast SEO plugin v26.8 - https:\/\/yoast.com\/product\/yoast-seo-wordpress\/ -->\n<title>Craft Pro Hypervent Singlet femme - D\u00e9bardeur de course \u00e0 pied - MioMioRun<\/title>\n<meta name=\"description\" content=\"Le Pro Hypervent Singlet est un maillot de course l\u00e9ger de niveau professionnel qui offre ventilation et refroidissement.\" \/>\n<meta name=\"robots\" content=\"index, follow, max-snippet:-1, max-image-preview:large, max-video-preview:-1\" \/>\n<link rel=\"canonical\" href=\"https:\/\/www.miomiorun.com\/fr\/produit\/craft-pro-hypervent-singlet-femme\/\" \/>\n<meta property=\"og:locale\" content=\"fr_FR\" \/>\n<meta property=\"og:type\" content=\"article\" \/>\n<meta property=\"og:title\" content=\"Craft Pro Hypervent Singlet femme - D\u00e9bardeur de course \u00e0 pied - MioMioRun\" \/>\n<meta property=\"og:description\" content=\"Le Pro Hypervent Singlet est un maillot de course l\u00e9ger de niveau professionnel qui offre ventilation et refroidissement.\" \/>\n<meta property=\"og:url\" content=\"https:\/\/www.miomiorun.com\/fr\/produit\/craft-pro-hypervent-singlet-femme\/\" \/>\n<meta property=\"og:site_name\" content=\"MioMioRun\" \/>\n<meta property=\"article:publisher\" content=\"https:\/\/www.facebook.com\/miomiorun\/\" \/>\n<meta property=\"article:modified_time\" content=\"2026-01-15T10:06:47+00:00\" \/>\n<meta property=\"og:image\" content=\"https:\/\/www.miomiorun.com\/app\/uploads\/2021\/05\/craft-pro-hypervent-singlet-1910435-740000.jpg\" \/>\n\t<meta property=\"og:image:width\" content=\"600\" \/>\n\t<meta property=\"og:image:height\" content=\"600\" \/>\n\t<meta property=\"og:image:type\" content=\"image\/jpeg\" \/>\n<meta name=\"twitter:card\" content=\"summary_large_image\" \/>\n<meta name=\"twitter:label1\" content=\"Est. reading time\" \/>\n\t<meta name=\"twitter:data1\" content=\"1 minute\" \/>\n<script type=\"application\/ld+json\" class=\"yoast-schema-graph\">{\"@context\":\"https:\/\/schema.org\",\"@graph\":[{\"@type\":\"WebPage\",\"@id\":\"https:\/\/www.miomiorun.com\/fr\/produit\/craft-pro-hypervent-singlet-femme\/\",\"url\":\"https:\/\/www.miomiorun.com\/fr\/produit\/craft-pro-hypervent-singlet-femme\/\",\"name\":\"Craft Pro Hypervent Singlet femme - D\u00e9bardeur de course \u00e0 pied - MioMioRun\",\"isPartOf\":{\"@id\":\"https:\/\/www.miomiorun.com\/fr\/#website\"},\"primaryImageOfPage\":{\"@id\":\"https:\/\/www.miomiorun.com\/fr\/produit\/craft-pro-hypervent-singlet-femme\/#primaryimage\"},\"image\":{\"@id\":\"https:\/\/www.miomiorun.com\/fr\/produit\/craft-pro-hypervent-singlet-femme\/#primaryimage\"},\"thumbnailUrl\":\"https:\/\/www.miomiorun.com\/app\/uploads\/2021\/05\/craft-pro-hypervent-singlet-1910435-740000.jpg\",\"datePublished\":\"2021-05-18T10:21:56+00:00\",\"dateModified\":\"2026-01-15T10:06:47+00:00\",\"description\":\"Le Pro Hypervent Singlet est un maillot de course l\u00e9ger de niveau professionnel qui offre ventilation et refroidissement.\",\"breadcrumb\":{\"@id\":\"https:\/\/www.miomiorun.com\/fr\/produit\/craft-pro-hypervent-singlet-femme\/#breadcrumb\"},\"inLanguage\":\"fr-FR\",\"potentialAction\":[{\"@type\":\"ReadAction\",\"target\":[\"https:\/\/www.miomiorun.com\/fr\/produit\/craft-pro-hypervent-singlet-femme\/\"]}]},{\"@type\":\"ImageObject\",\"inLanguage\":\"fr-FR\",\"@id\":\"https:\/\/www.miomiorun.com\/fr\/produit\/craft-pro-hypervent-singlet-femme\/#primaryimage\",\"url\":\"https:\/\/www.miomiorun.com\/app\/uploads\/2021\/05\/craft-pro-hypervent-singlet-1910435-740000.jpg\",\"contentUrl\":\"https:\/\/www.miomiorun.com\/app\/uploads\/2021\/05\/craft-pro-hypervent-singlet-1910435-740000.jpg\",\"width\":600,\"height\":600,\"caption\":\"craft-pro-hypervent-singlet-1910435-740000\"},{\"@type\":\"BreadcrumbList\",\"@id\":\"https:\/\/www.miomiorun.com\/fr\/produit\/craft-pro-hypervent-singlet-femme\/#breadcrumb\",\"itemListElement\":[{\"@type\":\"ListItem\",\"position\":1,\"name\":\"Home\",\"item\":\"https:\/\/www.miomiorun.com\/fr\/home-page\/\"},{\"@type\":\"ListItem\",\"position\":2,\"name\":\"Shop\",\"item\":\"https:\/\/www.miomiorun.com\/shop\/\"},{\"@type\":\"ListItem\",\"position\":3,\"name\":\"Pro Hypervent Singlet femme\"}]},{\"@type\":\"WebSite\",\"@id\":\"https:\/\/www.miomiorun.com\/fr\/#website\",\"url\":\"https:\/\/www.miomiorun.com\/fr\/\",\"name\":\"MioMioRun\",\"description\":\"Boutique 100% running et trail\",\"publisher\":{\"@id\":\"https:\/\/www.miomiorun.com\/fr\/#organization\"},\"potentialAction\":[{\"@type\":\"SearchAction\",\"target\":{\"@type\":\"EntryPoint\",\"urlTemplate\":\"https:\/\/www.miomiorun.com\/fr\/?s={search_term_string}\"},\"query-input\":{\"@type\":\"PropertyValueSpecification\",\"valueRequired\":true,\"valueName\":\"search_term_string\"}}],\"inLanguage\":\"fr-FR\"},{\"@type\":\"Organization\",\"@id\":\"https:\/\/www.miomiorun.com\/fr\/#organization\",\"name\":\"MioMio Run\",\"url\":\"https:\/\/www.miomiorun.com\/fr\/\",\"logo\":{\"@type\":\"ImageObject\",\"inLanguage\":\"fr-FR\",\"@id\":\"https:\/\/www.miomiorun.com\/fr\/#\/schema\/logo\/image\/\",\"url\":\"https:\/\/www.miomiorun.com\/app\/uploads\/2019\/12\/logomio.png\",\"contentUrl\":\"https:\/\/www.miomiorun.com\/app\/uploads\/2019\/12\/logomio.png\",\"width\":115,\"height\":82,\"caption\":\"MioMio Run\"},\"image\":{\"@id\":\"https:\/\/www.miomiorun.com\/fr\/#\/schema\/logo\/image\/\"},\"sameAs\":[\"https:\/\/www.facebook.com\/miomiorun\/\",\"https:\/\/www.instagram.com\/miomiorun\/\"]}]}<\/script>\n<!-- \/ Yoast SEO plugin. -->","yoast_head_json":{"title":"Craft Pro Hypervent Singlet femme - D\u00e9bardeur de course \u00e0 pied - MioMioRun","description":"Le Pro Hypervent Singlet est un maillot de course l\u00e9ger de niveau professionnel qui offre ventilation et refroidissement.","robots":{"index":"index","follow":"follow","max-snippet":"max-snippet:-1","max-image-preview":"max-image-preview:large","max-video-preview":"max-video-preview:-1"},"canonical":"https:\/\/www.miomiorun.com\/fr\/produit\/craft-pro-hypervent-singlet-femme\/","og_locale":"fr_FR","og_type":"article","og_title":"Craft Pro Hypervent Singlet femme - D\u00e9bardeur de course \u00e0 pied - MioMioRun","og_description":"Le Pro Hypervent Singlet est un maillot de course l\u00e9ger de niveau professionnel qui offre ventilation et refroidissement.","og_url":"https:\/\/www.miomiorun.com\/fr\/produit\/craft-pro-hypervent-singlet-femme\/","og_site_name":"MioMioRun","article_publisher":"https:\/\/www.facebook.com\/miomiorun\/","article_modified_time":"2026-01-15T10:06:47+00:00","og_image":[{"width":600,"height":600,"url":"https:\/\/www.miomiorun.com\/app\/uploads\/2021\/05\/craft-pro-hypervent-singlet-1910435-740000.jpg","type":"image\/jpeg"}],"twitter_card":"summary_large_image","twitter_misc":{"Est. reading time":"1 minute"},"schema":{"@context":"https:\/\/schema.org","@graph":[{"@type":"WebPage","@id":"https:\/\/www.miomiorun.com\/fr\/produit\/craft-pro-hypervent-singlet-femme\/","url":"https:\/\/www.miomiorun.com\/fr\/produit\/craft-pro-hypervent-singlet-femme\/","name":"Craft Pro Hypervent Singlet femme - D\u00e9bardeur de course \u00e0 pied - MioMioRun","isPartOf":{"@id":"https:\/\/www.miomiorun.com\/fr\/#website"},"primaryImageOfPage":{"@id":"https:\/\/www.miomiorun.com\/fr\/produit\/craft-pro-hypervent-singlet-femme\/#primaryimage"},"image":{"@id":"https:\/\/www.miomiorun.com\/fr\/produit\/craft-pro-hypervent-singlet-femme\/#primaryimage"},"thumbnailUrl":"https:\/\/www.miomiorun.com\/app\/uploads\/2021\/05\/craft-pro-hypervent-singlet-1910435-740000.jpg","datePublished":"2021-05-18T10:21:56+00:00","dateModified":"2026-01-15T10:06:47+00:00","description":"Le Pro Hypervent Singlet est un maillot de course l\u00e9ger de niveau professionnel qui offre ventilation et refroidissement.","breadcrumb":{"@id":"https:\/\/www.miomiorun.com\/fr\/produit\/craft-pro-hypervent-singlet-femme\/#breadcrumb"},"inLanguage":"fr-FR","potentialAction":[{"@type":"ReadAction","target":["https:\/\/www.miomiorun.com\/fr\/produit\/craft-pro-hypervent-singlet-femme\/"]}]},{"@type":"ImageObject","inLanguage":"fr-FR","@id":"https:\/\/www.miomiorun.com\/fr\/produit\/craft-pro-hypervent-singlet-femme\/#primaryimage","url":"https:\/\/www.miomiorun.com\/app\/uploads\/2021\/05\/craft-pro-hypervent-singlet-1910435-740000.jpg","contentUrl":"https:\/\/www.miomiorun.com\/app\/uploads\/2021\/05\/craft-pro-hypervent-singlet-1910435-740000.jpg","width":600,"height":600,"caption":"craft-pro-hypervent-singlet-1910435-740000"},{"@type":"BreadcrumbList","@id":"https:\/\/www.miomiorun.com\/fr\/produit\/craft-pro-hypervent-singlet-femme\/#breadcrumb","itemListElement":[{"@type":"ListItem","position":1,"name":"Home","item":"https:\/\/www.miomiorun.com\/fr\/home-page\/"},{"@type":"ListItem","position":2,"name":"Shop","item":"https:\/\/www.miomiorun.com\/shop\/"},{"@type":"ListItem","position":3,"name":"Pro Hypervent Singlet femme"}]},{"@type":"WebSite","@id":"https:\/\/www.miomiorun.com\/fr\/#website","url":"https:\/\/www.miomiorun.com\/fr\/","name":"MioMioRun","description":"Boutique 100% running et trail","publisher":{"@id":"https:\/\/www.miomiorun.com\/fr\/#organization"},"potentialAction":[{"@type":"SearchAction","target":{"@type":"EntryPoint","urlTemplate":"https:\/\/www.miomiorun.com\/fr\/?s={search_term_string}"},"query-input":{"@type":"PropertyValueSpecification","valueRequired":true,"valueName":"search_term_string"}}],"inLanguage":"fr-FR"},{"@type":"Organization","@id":"https:\/\/www.miomiorun.com\/fr\/#organization","name":"MioMio Run","url":"https:\/\/www.miomiorun.com\/fr\/","logo":{"@type":"ImageObject","inLanguage":"fr-FR","@id":"https:\/\/www.miomiorun.com\/fr\/#\/schema\/logo\/image\/","url":"https:\/\/www.miomiorun.com\/app\/uploads\/2019\/12\/logomio.png","contentUrl":"https:\/\/www.miomiorun.com\/app\/uploads\/2019\/12\/logomio.png","width":115,"height":82,"caption":"MioMio Run"},"image":{"@id":"https:\/\/www.miomiorun.com\/fr\/#\/schema\/logo\/image\/"},"sameAs":["https:\/\/www.facebook.com\/miomiorun\/","https:\/\/www.instagram.com\/miomiorun\/"]}]}},"_links":{"self":[{"href":"https:\/\/www.miomiorun.com\/fr\/wp-json\/wp\/v2\/product\/277506","targetHints":{"allow":["GET"]}}],"collection":[{"href":"https:\/\/www.miomiorun.com\/fr\/wp-json\/wp\/v2\/product"}],"about":[{"href":"https:\/\/www.miomiorun.com\/fr\/wp-json\/wp\/v2\/types\/product"}],"wp:featuredmedia":[{"embeddable":true,"href":"https:\/\/www.miomiorun.com\/fr\/wp-json\/wp\/v2\/media\/232185"}],"wp:attachment":[{"href":"https:\/\/www.miomiorun.com\/fr\/wp-json\/wp\/v2\/media?parent=277506"}],"wp:term":[{"taxonomy":"product_brand","embeddable":true,"href":"https:\/\/www.miomiorun.com\/fr\/wp-json\/wp\/v2\/product_brand?post=277506"},{"taxonomy":"product_cat","embeddable":true,"href":"https:\/\/www.miomiorun.com\/fr\/wp-json\/wp\/v2\/product_cat?post=277506"},{"taxonomy":"product_tag","embeddable":true,"href":"https:\/\/www.miomiorun.com\/fr\/wp-json\/wp\/v2\/product_tag?post=277506"}],"curies":[{"name":"wp","href":"https:\/\/api.w.org\/{rel}","templated":true}]}}