{"id":277481,"date":"2021-05-20T11:42:44","date_gmt":"2021-05-20T09:42:44","guid":{"rendered":"https:\/\/miomiorun.com\/prodotto\/craft-hypervent-split-shorts-donna\/"},"modified":"2026-01-15T11:07:50","modified_gmt":"2026-01-15T10:07:50","slug":"craft-hypervent-split-shorts-femme","status":"publish","type":"product","link":"https:\/\/www.miomiorun.com\/fr\/produit\/craft-hypervent-split-shorts-femme\/","title":{"rendered":"Hypervent Split Shorts femme"},"content":{"rendered":"<p id=\"tw-target-text\" class=\"tw-data-text tw-text-large XcVN5d tw-ta\" dir=\"ltr\" data-placeholder=\"Traduzione\"><span class=\"Y2IQFc\" lang=\"it\">Les shorts Pro Hypervent Splits sont des shorts de course professionnels l\u00e9gers et tr\u00e8s a\u00e9r\u00e9s, con\u00e7us pour les entra\u00eenements intenses lors des chaudes journ\u00e9es d&#8217;\u00e9t\u00e9.<\/span><\/p>\n<p id=\"tw-target-text\" class=\"tw-data-text tw-text-large XcVN5d tw-ta\" dir=\"ltr\" data-placeholder=\"Traduzione\"><span class=\"Y2IQFc\" lang=\"it\">Ce short de course techniquement avanc\u00e9 est fabriqu\u00e9 en polyester stretch fonctionnel et dot\u00e9 d&#8217;un slip int\u00e9rieur en maille polyester ventil\u00e9e qui offre un excellent refroidissement et une excellente \u00e9vacuation de l&#8217;humidit\u00e9. De plus, le short pr\u00e9sente une couture lat\u00e9rale divis\u00e9e pour une plus grande libert\u00e9 de mouvement, une large ceinture et un ourlet inf\u00e9rieur thermocoll\u00e9 pour un confort optimal.<\/span><\/p>\n<p id=\"tw-target-text\" class=\"tw-data-text tw-text-large XcVN5d tw-ta\" dir=\"ltr\" data-placeholder=\"Traduzione\"><span class=\"Y2IQFc\" lang=\"it\">Pro Hypervent est ultra-l\u00e9ger et ultra-respirant, id\u00e9al pour les performances \u00e9lev\u00e9es et les coureurs exigeants . Les tissus fins, ultra-doux, exceptionnellement l\u00e9gers et respirants garantissent une fonctionnalit\u00e9, une ventilation et un confort sup\u00e9rieurs lors des courses \u00e0 grande vitesse et sur de longues distances par temps chaud.<\/span><\/p>\n<h2>Caract\u00e9ristiques du produit<\/h2>\n<p id=\"tw-target-text\" class=\"tw-data-text tw-text-large XcVN5d tw-ta\" dir=\"ltr\" data-placeholder=\"Traduzione\"><span class=\"Y2IQFc\" lang=\"it\">&#8211; Tissu ext\u00e9rieur en polyester extensible<\/span><\/p>\n<p class=\"tw-data-text tw-text-large XcVN5d tw-ta\" dir=\"ltr\" data-placeholder=\"Traduzione\"><span class=\"Y2IQFc\" lang=\"it\">&#8211; Slip int\u00e9rieur en maille polyester<\/span><\/p>\n<p class=\"tw-data-text tw-text-large XcVN5d tw-ta\" dir=\"ltr\" data-placeholder=\"Traduzione\"><span class=\"Y2IQFc\" lang=\"it\">&#8211; Couture lat\u00e9rale divis\u00e9e pour une plus grande libert\u00e9 de mouvement <\/span><\/p>\n<p class=\"tw-data-text tw-text-large XcVN5d tw-ta\" dir=\"ltr\" data-placeholder=\"Traduzione\"><span class=\"Y2IQFc\" lang=\"it\">&#8211; Ourlet renforc\u00e9 au bas des jambes pour \u00e9viter les frottements <\/span><\/p>\n<p class=\"tw-data-text tw-text-large XcVN5d tw-ta\" dir=\"ltr\" data-placeholder=\"Traduzione\"><span class=\"Y2IQFc\" lang=\"it\">&#8211; Large bande \u00e0 la taille pour un ajustement confortable <\/span><\/p>\n<p class=\"tw-data-text tw-text-large XcVN5d tw-ta\" dir=\"ltr\" data-placeholder=\"Traduzione\"><span class=\"Y2IQFc\" lang=\"it\">&#8211; Poche en filet au milieu de la ceinture arri\u00e8re pour ranger vos affaires en toute s\u00e9curit\u00e9 <\/span><\/p>\n<p class=\"tw-data-text tw-text-large XcVN5d tw-ta\" dir=\"ltr\" data-placeholder=\"Traduzione\"><span class=\"Y2IQFc\" lang=\"it\">&#8211; D\u00e9tails r\u00e9fl\u00e9chissants<\/span><\/p>\n<p dir=\"ltr\" data-placeholder=\"Traduzione\"><img loading=\"lazy\" decoding=\"async\" class=\"\" src=\"https:\/\/www.craftsportswear.com\/static\/media\/stretch.b10adc40.svg?q=70&amp;fit=clip&amp;w=72&amp;fm=jpg&amp;auto=format\" alt=\"Stretch\" width=\"121\" height=\"121\" \/><\/p>\n<p dir=\"ltr\" data-placeholder=\"Traduzione\"><strong>\u00a0Extensible<\/strong><\/p>\n<p dir=\"ltr\" data-placeholder=\"Traduzione\"><img loading=\"lazy\" decoding=\"async\" class=\"\" src=\"https:\/\/www.craftsportswear.com\/static\/media\/soft_touch.2b191977.svg?q=70&amp;fit=clip&amp;w=72&amp;fm=jpg&amp;auto=format\" alt=\"SoftTouch\" width=\"120\" height=\"120\" \/><\/p>\n<p dir=\"ltr\" data-placeholder=\"Traduzione\"><strong>\u00a0Touche l\u00e9g\u00e8re<\/strong><\/p>\n<h2><img loading=\"lazy\" decoding=\"async\" class=\"\" src=\"https:\/\/www.craftsportswear.com\/static\/media\/lightweight.6800ab4f.svg?q=70&amp;fit=clip&amp;w=72&amp;fm=jpg&amp;auto=format\" alt=\"Lightweight\" width=\"121\" height=\"121\" \/><\/h2>\n<p><strong>L\u00e9ger<\/strong><\/p>\n<p><strong>Mat\u00e9riau :<\/strong><span class=\"Y2IQFc\" lang=\"it\">\u00a090 % polyester recycl\u00e9, 10 % \u00e9lasthanne Doublure : 90 % polyester, 10 % \u00e9lasthanne<\/span><\/p>\n<p>Lavage en machine \u00e0 40 degr\u00e9s<\/p>\n","protected":false},"excerpt":{"rendered":"<p>Les shorts Pro Hypervent Splits sont des shorts de course professionnels l\u00e9gers et tr\u00e8s a\u00e9r\u00e9s, con\u00e7us pour les entra\u00eenements intenses lors des chaudes journ\u00e9es d&#8217;\u00e9t\u00e9. Ce short de course techniquement avanc\u00e9 est fabriqu\u00e9 en polyester stretch fonctionnel et dot\u00e9 d&#8217;un slip int\u00e9rieur en maille polyester ventil\u00e9e qui offre un excellent refroidissement et une excellente \u00e9vacuation &hellip; <a href=\"https:\/\/www.miomiorun.com\/fr\/produit\/craft-hypervent-split-shorts-femme\/\">Continued<\/a><\/p>\n","protected":false},"featured_media":232197,"template":"","meta":{"_acf_changed":false,"inline_featured_image":false},"product_brand":[],"product_cat":[22602,22596,22595],"product_tag":[23554,23648],"class_list":{"0":"post-277481","1":"product","2":"type-product","3":"status-publish","4":"has-post-thumbnail","6":"product_cat-pantalon-court","7":"product_cat-vetements-pour-femmes","8":"product_cat-femme","9":"product_tag-craft-fr","10":"product_tag-craft-femme","12":"first","13":"instock","14":"sale","15":"taxable","16":"shipping-taxable","17":"purchasable","18":"product-type-variable","19":"wvs-archive-product-wrapper"},"acf":[],"yoast_head":"<!-- This site is optimized with the Yoast SEO plugin v26.8 - https:\/\/yoast.com\/product\/yoast-seo-wordpress\/ -->\n<title>Craft Hypervent Split Shorts femme - Shorts - MioMioRun<\/title>\n<meta name=\"description\" content=\"Les shorts Pro Hypervent Splits sont des shorts de course professionnels l\u00e9gers et tr\u00e8s a\u00e9r\u00e9s, con\u00e7us pour l&#039;entra\u00eenement.\" \/>\n<meta name=\"robots\" content=\"index, follow, max-snippet:-1, max-image-preview:large, max-video-preview:-1\" \/>\n<link rel=\"canonical\" href=\"https:\/\/www.miomiorun.com\/fr\/produit\/craft-hypervent-split-shorts-femme\/\" \/>\n<meta property=\"og:locale\" content=\"fr_FR\" \/>\n<meta property=\"og:type\" content=\"article\" \/>\n<meta property=\"og:title\" content=\"Craft Hypervent Split Shorts femme - Shorts - MioMioRun\" \/>\n<meta property=\"og:description\" content=\"Les shorts Pro Hypervent Splits sont des shorts de course professionnels l\u00e9gers et tr\u00e8s a\u00e9r\u00e9s, con\u00e7us pour l&#039;entra\u00eenement.\" \/>\n<meta property=\"og:url\" content=\"https:\/\/www.miomiorun.com\/fr\/produit\/craft-hypervent-split-shorts-femme\/\" \/>\n<meta property=\"og:site_name\" content=\"MioMioRun\" \/>\n<meta property=\"article:publisher\" content=\"https:\/\/www.facebook.com\/miomiorun\/\" \/>\n<meta property=\"article:modified_time\" content=\"2026-01-15T10:07:50+00:00\" \/>\n<meta property=\"og:image\" content=\"https:\/\/www.miomiorun.com\/app\/uploads\/2021\/05\/craft-pro-hypervent-split-shorts-1910430-740000.jpg\" \/>\n\t<meta property=\"og:image:width\" content=\"600\" \/>\n\t<meta property=\"og:image:height\" content=\"600\" \/>\n\t<meta property=\"og:image:type\" content=\"image\/jpeg\" \/>\n<meta name=\"twitter:card\" content=\"summary_large_image\" \/>\n<meta name=\"twitter:label1\" content=\"Est. reading time\" \/>\n\t<meta name=\"twitter:data1\" content=\"1 minute\" \/>\n<script type=\"application\/ld+json\" class=\"yoast-schema-graph\">{\"@context\":\"https:\/\/schema.org\",\"@graph\":[{\"@type\":\"WebPage\",\"@id\":\"https:\/\/www.miomiorun.com\/fr\/produit\/craft-hypervent-split-shorts-femme\/\",\"url\":\"https:\/\/www.miomiorun.com\/fr\/produit\/craft-hypervent-split-shorts-femme\/\",\"name\":\"Craft Hypervent Split Shorts femme - Shorts - MioMioRun\",\"isPartOf\":{\"@id\":\"https:\/\/www.miomiorun.com\/fr\/#website\"},\"primaryImageOfPage\":{\"@id\":\"https:\/\/www.miomiorun.com\/fr\/produit\/craft-hypervent-split-shorts-femme\/#primaryimage\"},\"image\":{\"@id\":\"https:\/\/www.miomiorun.com\/fr\/produit\/craft-hypervent-split-shorts-femme\/#primaryimage\"},\"thumbnailUrl\":\"https:\/\/www.miomiorun.com\/app\/uploads\/2021\/05\/craft-pro-hypervent-split-shorts-1910430-740000.jpg\",\"datePublished\":\"2021-05-20T09:42:44+00:00\",\"dateModified\":\"2026-01-15T10:07:50+00:00\",\"description\":\"Les shorts Pro Hypervent Splits sont des shorts de course professionnels l\u00e9gers et tr\u00e8s a\u00e9r\u00e9s, con\u00e7us pour l'entra\u00eenement.\",\"breadcrumb\":{\"@id\":\"https:\/\/www.miomiorun.com\/fr\/produit\/craft-hypervent-split-shorts-femme\/#breadcrumb\"},\"inLanguage\":\"fr-FR\",\"potentialAction\":[{\"@type\":\"ReadAction\",\"target\":[\"https:\/\/www.miomiorun.com\/fr\/produit\/craft-hypervent-split-shorts-femme\/\"]}]},{\"@type\":\"ImageObject\",\"inLanguage\":\"fr-FR\",\"@id\":\"https:\/\/www.miomiorun.com\/fr\/produit\/craft-hypervent-split-shorts-femme\/#primaryimage\",\"url\":\"https:\/\/www.miomiorun.com\/app\/uploads\/2021\/05\/craft-pro-hypervent-split-shorts-1910430-740000.jpg\",\"contentUrl\":\"https:\/\/www.miomiorun.com\/app\/uploads\/2021\/05\/craft-pro-hypervent-split-shorts-1910430-740000.jpg\",\"width\":600,\"height\":600,\"caption\":\"craft-pro-hypervent-split-shorts-1910430-740000\"},{\"@type\":\"BreadcrumbList\",\"@id\":\"https:\/\/www.miomiorun.com\/fr\/produit\/craft-hypervent-split-shorts-femme\/#breadcrumb\",\"itemListElement\":[{\"@type\":\"ListItem\",\"position\":1,\"name\":\"Home\",\"item\":\"https:\/\/www.miomiorun.com\/fr\/home-page\/\"},{\"@type\":\"ListItem\",\"position\":2,\"name\":\"Shop\",\"item\":\"https:\/\/www.miomiorun.com\/shop\/\"},{\"@type\":\"ListItem\",\"position\":3,\"name\":\"Hypervent Split Shorts femme\"}]},{\"@type\":\"WebSite\",\"@id\":\"https:\/\/www.miomiorun.com\/fr\/#website\",\"url\":\"https:\/\/www.miomiorun.com\/fr\/\",\"name\":\"MioMioRun\",\"description\":\"Boutique 100% running et trail\",\"publisher\":{\"@id\":\"https:\/\/www.miomiorun.com\/fr\/#organization\"},\"potentialAction\":[{\"@type\":\"SearchAction\",\"target\":{\"@type\":\"EntryPoint\",\"urlTemplate\":\"https:\/\/www.miomiorun.com\/fr\/?s={search_term_string}\"},\"query-input\":{\"@type\":\"PropertyValueSpecification\",\"valueRequired\":true,\"valueName\":\"search_term_string\"}}],\"inLanguage\":\"fr-FR\"},{\"@type\":\"Organization\",\"@id\":\"https:\/\/www.miomiorun.com\/fr\/#organization\",\"name\":\"MioMio Run\",\"url\":\"https:\/\/www.miomiorun.com\/fr\/\",\"logo\":{\"@type\":\"ImageObject\",\"inLanguage\":\"fr-FR\",\"@id\":\"https:\/\/www.miomiorun.com\/fr\/#\/schema\/logo\/image\/\",\"url\":\"https:\/\/www.miomiorun.com\/app\/uploads\/2019\/12\/logomio.png\",\"contentUrl\":\"https:\/\/www.miomiorun.com\/app\/uploads\/2019\/12\/logomio.png\",\"width\":115,\"height\":82,\"caption\":\"MioMio Run\"},\"image\":{\"@id\":\"https:\/\/www.miomiorun.com\/fr\/#\/schema\/logo\/image\/\"},\"sameAs\":[\"https:\/\/www.facebook.com\/miomiorun\/\",\"https:\/\/www.instagram.com\/miomiorun\/\"]}]}<\/script>\n<!-- \/ Yoast SEO plugin. -->","yoast_head_json":{"title":"Craft Hypervent Split Shorts femme - Shorts - MioMioRun","description":"Les shorts Pro Hypervent Splits sont des shorts de course professionnels l\u00e9gers et tr\u00e8s a\u00e9r\u00e9s, con\u00e7us pour l'entra\u00eenement.","robots":{"index":"index","follow":"follow","max-snippet":"max-snippet:-1","max-image-preview":"max-image-preview:large","max-video-preview":"max-video-preview:-1"},"canonical":"https:\/\/www.miomiorun.com\/fr\/produit\/craft-hypervent-split-shorts-femme\/","og_locale":"fr_FR","og_type":"article","og_title":"Craft Hypervent Split Shorts femme - Shorts - MioMioRun","og_description":"Les shorts Pro Hypervent Splits sont des shorts de course professionnels l\u00e9gers et tr\u00e8s a\u00e9r\u00e9s, con\u00e7us pour l'entra\u00eenement.","og_url":"https:\/\/www.miomiorun.com\/fr\/produit\/craft-hypervent-split-shorts-femme\/","og_site_name":"MioMioRun","article_publisher":"https:\/\/www.facebook.com\/miomiorun\/","article_modified_time":"2026-01-15T10:07:50+00:00","og_image":[{"width":600,"height":600,"url":"https:\/\/www.miomiorun.com\/app\/uploads\/2021\/05\/craft-pro-hypervent-split-shorts-1910430-740000.jpg","type":"image\/jpeg"}],"twitter_card":"summary_large_image","twitter_misc":{"Est. reading time":"1 minute"},"schema":{"@context":"https:\/\/schema.org","@graph":[{"@type":"WebPage","@id":"https:\/\/www.miomiorun.com\/fr\/produit\/craft-hypervent-split-shorts-femme\/","url":"https:\/\/www.miomiorun.com\/fr\/produit\/craft-hypervent-split-shorts-femme\/","name":"Craft Hypervent Split Shorts femme - Shorts - MioMioRun","isPartOf":{"@id":"https:\/\/www.miomiorun.com\/fr\/#website"},"primaryImageOfPage":{"@id":"https:\/\/www.miomiorun.com\/fr\/produit\/craft-hypervent-split-shorts-femme\/#primaryimage"},"image":{"@id":"https:\/\/www.miomiorun.com\/fr\/produit\/craft-hypervent-split-shorts-femme\/#primaryimage"},"thumbnailUrl":"https:\/\/www.miomiorun.com\/app\/uploads\/2021\/05\/craft-pro-hypervent-split-shorts-1910430-740000.jpg","datePublished":"2021-05-20T09:42:44+00:00","dateModified":"2026-01-15T10:07:50+00:00","description":"Les shorts Pro Hypervent Splits sont des shorts de course professionnels l\u00e9gers et tr\u00e8s a\u00e9r\u00e9s, con\u00e7us pour l'entra\u00eenement.","breadcrumb":{"@id":"https:\/\/www.miomiorun.com\/fr\/produit\/craft-hypervent-split-shorts-femme\/#breadcrumb"},"inLanguage":"fr-FR","potentialAction":[{"@type":"ReadAction","target":["https:\/\/www.miomiorun.com\/fr\/produit\/craft-hypervent-split-shorts-femme\/"]}]},{"@type":"ImageObject","inLanguage":"fr-FR","@id":"https:\/\/www.miomiorun.com\/fr\/produit\/craft-hypervent-split-shorts-femme\/#primaryimage","url":"https:\/\/www.miomiorun.com\/app\/uploads\/2021\/05\/craft-pro-hypervent-split-shorts-1910430-740000.jpg","contentUrl":"https:\/\/www.miomiorun.com\/app\/uploads\/2021\/05\/craft-pro-hypervent-split-shorts-1910430-740000.jpg","width":600,"height":600,"caption":"craft-pro-hypervent-split-shorts-1910430-740000"},{"@type":"BreadcrumbList","@id":"https:\/\/www.miomiorun.com\/fr\/produit\/craft-hypervent-split-shorts-femme\/#breadcrumb","itemListElement":[{"@type":"ListItem","position":1,"name":"Home","item":"https:\/\/www.miomiorun.com\/fr\/home-page\/"},{"@type":"ListItem","position":2,"name":"Shop","item":"https:\/\/www.miomiorun.com\/shop\/"},{"@type":"ListItem","position":3,"name":"Hypervent Split Shorts femme"}]},{"@type":"WebSite","@id":"https:\/\/www.miomiorun.com\/fr\/#website","url":"https:\/\/www.miomiorun.com\/fr\/","name":"MioMioRun","description":"Boutique 100% running et trail","publisher":{"@id":"https:\/\/www.miomiorun.com\/fr\/#organization"},"potentialAction":[{"@type":"SearchAction","target":{"@type":"EntryPoint","urlTemplate":"https:\/\/www.miomiorun.com\/fr\/?s={search_term_string}"},"query-input":{"@type":"PropertyValueSpecification","valueRequired":true,"valueName":"search_term_string"}}],"inLanguage":"fr-FR"},{"@type":"Organization","@id":"https:\/\/www.miomiorun.com\/fr\/#organization","name":"MioMio Run","url":"https:\/\/www.miomiorun.com\/fr\/","logo":{"@type":"ImageObject","inLanguage":"fr-FR","@id":"https:\/\/www.miomiorun.com\/fr\/#\/schema\/logo\/image\/","url":"https:\/\/www.miomiorun.com\/app\/uploads\/2019\/12\/logomio.png","contentUrl":"https:\/\/www.miomiorun.com\/app\/uploads\/2019\/12\/logomio.png","width":115,"height":82,"caption":"MioMio Run"},"image":{"@id":"https:\/\/www.miomiorun.com\/fr\/#\/schema\/logo\/image\/"},"sameAs":["https:\/\/www.facebook.com\/miomiorun\/","https:\/\/www.instagram.com\/miomiorun\/"]}]}},"_links":{"self":[{"href":"https:\/\/www.miomiorun.com\/fr\/wp-json\/wp\/v2\/product\/277481","targetHints":{"allow":["GET"]}}],"collection":[{"href":"https:\/\/www.miomiorun.com\/fr\/wp-json\/wp\/v2\/product"}],"about":[{"href":"https:\/\/www.miomiorun.com\/fr\/wp-json\/wp\/v2\/types\/product"}],"wp:featuredmedia":[{"embeddable":true,"href":"https:\/\/www.miomiorun.com\/fr\/wp-json\/wp\/v2\/media\/232197"}],"wp:attachment":[{"href":"https:\/\/www.miomiorun.com\/fr\/wp-json\/wp\/v2\/media?parent=277481"}],"wp:term":[{"taxonomy":"product_brand","embeddable":true,"href":"https:\/\/www.miomiorun.com\/fr\/wp-json\/wp\/v2\/product_brand?post=277481"},{"taxonomy":"product_cat","embeddable":true,"href":"https:\/\/www.miomiorun.com\/fr\/wp-json\/wp\/v2\/product_cat?post=277481"},{"taxonomy":"product_tag","embeddable":true,"href":"https:\/\/www.miomiorun.com\/fr\/wp-json\/wp\/v2\/product_tag?post=277481"}],"curies":[{"name":"wp","href":"https:\/\/api.w.org\/{rel}","templated":true}]}}