{"id":277437,"date":"2021-05-21T16:04:51","date_gmt":"2021-05-21T14:04:51","guid":{"rendered":"https:\/\/miomiorun.com\/prodotto\/pro-hypervent-jacket-uomo\/"},"modified":"2026-01-15T11:11:28","modified_gmt":"2026-01-15T10:11:28","slug":"pro-hypervent-jacket-homme","status":"publish","type":"product","link":"https:\/\/www.miomiorun.com\/fr\/produit\/pro-hypervent-jacket-homme\/","title":{"rendered":"Pro Hypervent Jacket homme"},"content":{"rendered":"<p id=\"tw-target-text\" class=\"tw-data-text tw-text-large XcVN5d tw-ta\" dir=\"ltr\" data-placeholder=\"Traduzione\"><span class=\"Y2IQFc\" lang=\"it\">La Pro Hypervent Jacket est une veste de course professionnelle hautement ventil\u00e9e, con\u00e7ue pour les coureurs qui s&#8217;entra\u00eenent dans un but pr\u00e9cis.<\/span><\/p>\n<p id=\"tw-target-text\" class=\"tw-data-text tw-text-large XcVN5d tw-ta\" dir=\"ltr\" data-placeholder=\"Traduzione\"><span class=\"Y2IQFc\" lang=\"it\">Cette veste de course techniquement avanc\u00e9e est fabriqu\u00e9e dans un tissu ripstop ultra-doux et l\u00e9ger qui offre une excellente gestion de la temp\u00e9rature corporelle lors des entra\u00eenements intensifs dans des conditions venteuses. De plus, la veste est dot\u00e9e d&#8217;un filet sur les c\u00f4t\u00e9s et de zones de ventilation sp\u00e9ciales \u00e0 l&#8217;arri\u00e8re et \u00e0 l&#8217;avant pour offrir une meilleure respirabilit\u00e9. La veste peut \u00eatre rang\u00e9e dans sa poche \u00e0 fermeture \u00e9clair.<\/span><\/p>\n<p dir=\"ltr\" data-placeholder=\"Traduzione\">Les <span class=\"Y2IQFc\" lang=\"it\">tissus sont fins, ultra-doux, exceptionnellement l\u00e9gers et respirants afin de garantir une fonctionnalit\u00e9, une ventilation et un confort sup\u00e9rieurs lors des courses \u00e0 grande vitesse et sur de longues distances par temps chaud.<\/span><\/p>\n<h2 dir=\"ltr\" data-placeholder=\"Traduzione\">Caract\u00e9ristiques du produit :<\/h2>\n<p id=\"tw-target-text\" class=\"tw-data-text tw-text-large XcVN5d tw-ta\" dir=\"ltr\" data-placeholder=\"Traduzione\"><span class=\"Y2IQFc\" lang=\"it\">&#8211; Tissu \u00ab ripstop \u00bb ultra-doux et l\u00e9ger\u00a0<\/span><\/p>\n<p class=\"tw-data-text tw-text-large XcVN5d tw-ta\" dir=\"ltr\" data-placeholder=\"Traduzione\"><span class=\"Y2IQFc\" lang=\"it\">&#8211; Filet sur les c\u00f4t\u00e9s pour la ventilation<\/span><\/p>\n<p class=\"tw-data-text tw-text-large XcVN5d tw-ta\" dir=\"ltr\" data-placeholder=\"Traduzione\"><span class=\"Y2IQFc\" lang=\"it\">&#8211; Se range dans sa poche zipp\u00e9e<\/span><\/p>\n<p class=\"tw-data-text tw-text-large XcVN5d tw-ta\" dir=\"ltr\" data-placeholder=\"Traduzione\"><span class=\"Y2IQFc\" lang=\"it\">&#8211; Fermeture \u00e9clair d&#8217;a\u00e9ration sur le haut \u00e0 l&#8217;avant<\/span><\/p>\n<p class=\"tw-data-text tw-text-large XcVN5d tw-ta\" dir=\"ltr\" data-placeholder=\"Traduzione\"><span class=\"Y2IQFc\" lang=\"it\">&#8211; Sangle r\u00e9glable dans la partie sup\u00e9rieure du col pour un ajustement parfait<\/span><\/p>\n<p class=\"tw-data-text tw-text-large XcVN5d tw-ta\" dir=\"ltr\" data-placeholder=\"Traduzione\"><span class=\"Y2IQFc\" lang=\"it\">&#8211; D\u00e9tail r\u00e9fl\u00e9chissant<\/span><\/p>\n<p dir=\"ltr\" data-placeholder=\"Traduzione\"><img loading=\"lazy\" decoding=\"async\" class=\"\" src=\"https:\/\/www.craftsportswear.com\/static\/media\/packable.d66fda0d.svg?q=70&amp;fit=clip&amp;w=72&amp;fm=jpg&amp;auto=format\" alt=\"Packable\" width=\"120\" height=\"120\" \/><\/p>\n<p dir=\"ltr\" data-placeholder=\"Traduzione\"><strong>Emballable\u00a0<\/strong><\/p>\n<p dir=\"ltr\" data-placeholder=\"Traduzione\"><img loading=\"lazy\" decoding=\"async\" class=\"\" src=\"https:\/\/www.craftsportswear.com\/static\/media\/wind_protective.86c2c73c.svg?q=70&amp;fit=clip&amp;w=72&amp;fm=jpg&amp;auto=format\" alt=\"WindProtective\" width=\"120\" height=\"120\" \/><\/p>\n<p dir=\"ltr\" data-placeholder=\"Traduzione\"><strong>Coupe-vent<\/strong><\/p>\n<p dir=\"ltr\" data-placeholder=\"Traduzione\"><img loading=\"lazy\" decoding=\"async\" class=\"\" src=\"https:\/\/www.craftsportswear.com\/static\/media\/lightweight.6800ab4f.svg?q=70&amp;fit=clip&amp;w=72&amp;fm=jpg&amp;auto=format\" alt=\"Lightweight\" width=\"120\" height=\"120\" \/><\/p>\n<p dir=\"ltr\" data-placeholder=\"Traduzione\"><strong>L\u00e9g\u00e8re<\/strong><\/p>\n<p dir=\"ltr\" data-placeholder=\"Traduzione\"><strong>Mat\u00e9riau<\/strong> : 100 % polyester<\/p>\n<p dir=\"ltr\" data-placeholder=\"Traduzione\">Lavage en machine \u00e0 40 degr\u00e9s<\/p>\n<p dir=\"ltr\" data-placeholder=\"Traduzione\">\n","protected":false},"excerpt":{"rendered":"<p>La Pro Hypervent Jacket est une veste de course professionnelle hautement ventil\u00e9e, con\u00e7ue pour les coureurs qui s&#8217;entra\u00eenent dans un but pr\u00e9cis. Cette veste de course techniquement avanc\u00e9e est fabriqu\u00e9e dans un tissu ripstop ultra-doux et l\u00e9ger qui offre une excellente gestion de la temp\u00e9rature corporelle lors des entra\u00eenements intensifs dans des conditions venteuses. De &hellip; <a href=\"https:\/\/www.miomiorun.com\/fr\/produit\/pro-hypervent-jacket-homme\/\">Continued<\/a><\/p>\n","protected":false},"featured_media":232229,"template":"","meta":{"_acf_changed":false,"inline_featured_image":false},"product_brand":[],"product_cat":[24480,24482],"product_tag":[23554,23647],"class_list":{"0":"post-277437","1":"product","2":"type-product","3":"status-publish","4":"has-post-thumbnail","6":"product_cat-vestes-fr-2","7":"product_cat-vetements-pour-hommes-fr","8":"product_tag-craft-fr","9":"product_tag-craft-homme","10":"pa_attivita-marcher","11":"pa_attivita-running-fr","12":"pa_colore-pro-hypervent-jacket-calm-fr","13":"pa_colore-pro-hypervent-jacket-flex-moss-fr","14":"pa_colore-pro-hypervent-jacket-fluid-multi-fr","15":"pa_colore-pro-hypervent-jacket-granite-ash-fr","16":"pa_colore-pro-hypervent-jacket-m-gem-fr","17":"pa_marca-craft-fr","18":"pa_sesso-homme","19":"pa_size-small-fr","20":"pa_size-medium-fr","21":"pa_size-large-fr","22":"pa_size-extra-large-fr","24":"first","25":"instock","26":"sale","27":"taxable","28":"shipping-taxable","29":"purchasable","30":"product-type-variable","31":"wvs-archive-product-wrapper"},"acf":[],"yoast_head":"<!-- This site is optimized with the Yoast SEO plugin v26.8 - https:\/\/yoast.com\/product\/yoast-seo-wordpress\/ -->\n<title>Pro Hypervent Jacket homme - Veste de course - MioMioRun<\/title>\n<meta name=\"description\" content=\"Cette veste de course techniquement avanc\u00e9e est fabriqu\u00e9e dans un tissu \u00ab ripstop \u00bb ultra-doux, l\u00e9ger et respirant.\" \/>\n<meta name=\"robots\" content=\"index, follow, max-snippet:-1, max-image-preview:large, max-video-preview:-1\" \/>\n<link rel=\"canonical\" href=\"https:\/\/www.miomiorun.com\/fr\/produit\/pro-hypervent-jacket-homme\/\" \/>\n<meta property=\"og:locale\" content=\"fr_FR\" \/>\n<meta property=\"og:type\" content=\"article\" \/>\n<meta property=\"og:title\" content=\"Pro Hypervent Jacket homme - Veste de course - MioMioRun\" \/>\n<meta property=\"og:description\" content=\"Cette veste de course techniquement avanc\u00e9e est fabriqu\u00e9e dans un tissu \u00ab ripstop \u00bb ultra-doux, l\u00e9ger et respirant.\" \/>\n<meta property=\"og:url\" content=\"https:\/\/www.miomiorun.com\/fr\/produit\/pro-hypervent-jacket-homme\/\" \/>\n<meta property=\"og:site_name\" content=\"MioMioRun\" \/>\n<meta property=\"article:publisher\" content=\"https:\/\/www.facebook.com\/miomiorun\/\" \/>\n<meta property=\"article:modified_time\" content=\"2026-01-15T10:11:28+00:00\" \/>\n<meta property=\"og:image\" content=\"https:\/\/www.miomiorun.com\/app\/uploads\/2021\/05\/craft-Pro-hypervent-Jacket-1910410-663000.jpg\" \/>\n\t<meta property=\"og:image:width\" content=\"600\" \/>\n\t<meta property=\"og:image:height\" content=\"600\" \/>\n\t<meta property=\"og:image:type\" content=\"image\/jpeg\" \/>\n<meta name=\"twitter:card\" content=\"summary_large_image\" \/>\n<meta name=\"twitter:label1\" content=\"Est. reading time\" \/>\n\t<meta name=\"twitter:data1\" content=\"1 minute\" \/>\n<script type=\"application\/ld+json\" class=\"yoast-schema-graph\">{\"@context\":\"https:\/\/schema.org\",\"@graph\":[{\"@type\":\"WebPage\",\"@id\":\"https:\/\/www.miomiorun.com\/fr\/produit\/pro-hypervent-jacket-homme\/\",\"url\":\"https:\/\/www.miomiorun.com\/fr\/produit\/pro-hypervent-jacket-homme\/\",\"name\":\"Pro Hypervent Jacket homme - Veste de course - MioMioRun\",\"isPartOf\":{\"@id\":\"https:\/\/www.miomiorun.com\/fr\/#website\"},\"primaryImageOfPage\":{\"@id\":\"https:\/\/www.miomiorun.com\/fr\/produit\/pro-hypervent-jacket-homme\/#primaryimage\"},\"image\":{\"@id\":\"https:\/\/www.miomiorun.com\/fr\/produit\/pro-hypervent-jacket-homme\/#primaryimage\"},\"thumbnailUrl\":\"https:\/\/www.miomiorun.com\/app\/uploads\/2021\/05\/craft-Pro-hypervent-Jacket-1910410-663000.jpg\",\"datePublished\":\"2021-05-21T14:04:51+00:00\",\"dateModified\":\"2026-01-15T10:11:28+00:00\",\"description\":\"Cette veste de course techniquement avanc\u00e9e est fabriqu\u00e9e dans un tissu \u00ab ripstop \u00bb ultra-doux, l\u00e9ger et respirant.\",\"breadcrumb\":{\"@id\":\"https:\/\/www.miomiorun.com\/fr\/produit\/pro-hypervent-jacket-homme\/#breadcrumb\"},\"inLanguage\":\"fr-FR\",\"potentialAction\":[{\"@type\":\"ReadAction\",\"target\":[\"https:\/\/www.miomiorun.com\/fr\/produit\/pro-hypervent-jacket-homme\/\"]}]},{\"@type\":\"ImageObject\",\"inLanguage\":\"fr-FR\",\"@id\":\"https:\/\/www.miomiorun.com\/fr\/produit\/pro-hypervent-jacket-homme\/#primaryimage\",\"url\":\"https:\/\/www.miomiorun.com\/app\/uploads\/2021\/05\/craft-Pro-hypervent-Jacket-1910410-663000.jpg\",\"contentUrl\":\"https:\/\/www.miomiorun.com\/app\/uploads\/2021\/05\/craft-Pro-hypervent-Jacket-1910410-663000.jpg\",\"width\":600,\"height\":600,\"caption\":\"craft-Pro-hypervent-Jacket-1910410-663000\"},{\"@type\":\"BreadcrumbList\",\"@id\":\"https:\/\/www.miomiorun.com\/fr\/produit\/pro-hypervent-jacket-homme\/#breadcrumb\",\"itemListElement\":[{\"@type\":\"ListItem\",\"position\":1,\"name\":\"Home\",\"item\":\"https:\/\/www.miomiorun.com\/fr\/home-page\/\"},{\"@type\":\"ListItem\",\"position\":2,\"name\":\"Shop\",\"item\":\"https:\/\/www.miomiorun.com\/shop\/\"},{\"@type\":\"ListItem\",\"position\":3,\"name\":\"Pro Hypervent Jacket homme\"}]},{\"@type\":\"WebSite\",\"@id\":\"https:\/\/www.miomiorun.com\/fr\/#website\",\"url\":\"https:\/\/www.miomiorun.com\/fr\/\",\"name\":\"MioMioRun\",\"description\":\"Boutique 100% running et trail\",\"publisher\":{\"@id\":\"https:\/\/www.miomiorun.com\/fr\/#organization\"},\"potentialAction\":[{\"@type\":\"SearchAction\",\"target\":{\"@type\":\"EntryPoint\",\"urlTemplate\":\"https:\/\/www.miomiorun.com\/fr\/?s={search_term_string}\"},\"query-input\":{\"@type\":\"PropertyValueSpecification\",\"valueRequired\":true,\"valueName\":\"search_term_string\"}}],\"inLanguage\":\"fr-FR\"},{\"@type\":\"Organization\",\"@id\":\"https:\/\/www.miomiorun.com\/fr\/#organization\",\"name\":\"MioMio Run\",\"url\":\"https:\/\/www.miomiorun.com\/fr\/\",\"logo\":{\"@type\":\"ImageObject\",\"inLanguage\":\"fr-FR\",\"@id\":\"https:\/\/www.miomiorun.com\/fr\/#\/schema\/logo\/image\/\",\"url\":\"https:\/\/www.miomiorun.com\/app\/uploads\/2019\/12\/logomio.png\",\"contentUrl\":\"https:\/\/www.miomiorun.com\/app\/uploads\/2019\/12\/logomio.png\",\"width\":115,\"height\":82,\"caption\":\"MioMio Run\"},\"image\":{\"@id\":\"https:\/\/www.miomiorun.com\/fr\/#\/schema\/logo\/image\/\"},\"sameAs\":[\"https:\/\/www.facebook.com\/miomiorun\/\",\"https:\/\/www.instagram.com\/miomiorun\/\"]}]}<\/script>\n<!-- \/ Yoast SEO plugin. -->","yoast_head_json":{"title":"Pro Hypervent Jacket homme - Veste de course - MioMioRun","description":"Cette veste de course techniquement avanc\u00e9e est fabriqu\u00e9e dans un tissu \u00ab ripstop \u00bb ultra-doux, l\u00e9ger et respirant.","robots":{"index":"index","follow":"follow","max-snippet":"max-snippet:-1","max-image-preview":"max-image-preview:large","max-video-preview":"max-video-preview:-1"},"canonical":"https:\/\/www.miomiorun.com\/fr\/produit\/pro-hypervent-jacket-homme\/","og_locale":"fr_FR","og_type":"article","og_title":"Pro Hypervent Jacket homme - Veste de course - MioMioRun","og_description":"Cette veste de course techniquement avanc\u00e9e est fabriqu\u00e9e dans un tissu \u00ab ripstop \u00bb ultra-doux, l\u00e9ger et respirant.","og_url":"https:\/\/www.miomiorun.com\/fr\/produit\/pro-hypervent-jacket-homme\/","og_site_name":"MioMioRun","article_publisher":"https:\/\/www.facebook.com\/miomiorun\/","article_modified_time":"2026-01-15T10:11:28+00:00","og_image":[{"width":600,"height":600,"url":"https:\/\/www.miomiorun.com\/app\/uploads\/2021\/05\/craft-Pro-hypervent-Jacket-1910410-663000.jpg","type":"image\/jpeg"}],"twitter_card":"summary_large_image","twitter_misc":{"Est. reading time":"1 minute"},"schema":{"@context":"https:\/\/schema.org","@graph":[{"@type":"WebPage","@id":"https:\/\/www.miomiorun.com\/fr\/produit\/pro-hypervent-jacket-homme\/","url":"https:\/\/www.miomiorun.com\/fr\/produit\/pro-hypervent-jacket-homme\/","name":"Pro Hypervent Jacket homme - Veste de course - MioMioRun","isPartOf":{"@id":"https:\/\/www.miomiorun.com\/fr\/#website"},"primaryImageOfPage":{"@id":"https:\/\/www.miomiorun.com\/fr\/produit\/pro-hypervent-jacket-homme\/#primaryimage"},"image":{"@id":"https:\/\/www.miomiorun.com\/fr\/produit\/pro-hypervent-jacket-homme\/#primaryimage"},"thumbnailUrl":"https:\/\/www.miomiorun.com\/app\/uploads\/2021\/05\/craft-Pro-hypervent-Jacket-1910410-663000.jpg","datePublished":"2021-05-21T14:04:51+00:00","dateModified":"2026-01-15T10:11:28+00:00","description":"Cette veste de course techniquement avanc\u00e9e est fabriqu\u00e9e dans un tissu \u00ab ripstop \u00bb ultra-doux, l\u00e9ger et respirant.","breadcrumb":{"@id":"https:\/\/www.miomiorun.com\/fr\/produit\/pro-hypervent-jacket-homme\/#breadcrumb"},"inLanguage":"fr-FR","potentialAction":[{"@type":"ReadAction","target":["https:\/\/www.miomiorun.com\/fr\/produit\/pro-hypervent-jacket-homme\/"]}]},{"@type":"ImageObject","inLanguage":"fr-FR","@id":"https:\/\/www.miomiorun.com\/fr\/produit\/pro-hypervent-jacket-homme\/#primaryimage","url":"https:\/\/www.miomiorun.com\/app\/uploads\/2021\/05\/craft-Pro-hypervent-Jacket-1910410-663000.jpg","contentUrl":"https:\/\/www.miomiorun.com\/app\/uploads\/2021\/05\/craft-Pro-hypervent-Jacket-1910410-663000.jpg","width":600,"height":600,"caption":"craft-Pro-hypervent-Jacket-1910410-663000"},{"@type":"BreadcrumbList","@id":"https:\/\/www.miomiorun.com\/fr\/produit\/pro-hypervent-jacket-homme\/#breadcrumb","itemListElement":[{"@type":"ListItem","position":1,"name":"Home","item":"https:\/\/www.miomiorun.com\/fr\/home-page\/"},{"@type":"ListItem","position":2,"name":"Shop","item":"https:\/\/www.miomiorun.com\/shop\/"},{"@type":"ListItem","position":3,"name":"Pro Hypervent Jacket homme"}]},{"@type":"WebSite","@id":"https:\/\/www.miomiorun.com\/fr\/#website","url":"https:\/\/www.miomiorun.com\/fr\/","name":"MioMioRun","description":"Boutique 100% running et trail","publisher":{"@id":"https:\/\/www.miomiorun.com\/fr\/#organization"},"potentialAction":[{"@type":"SearchAction","target":{"@type":"EntryPoint","urlTemplate":"https:\/\/www.miomiorun.com\/fr\/?s={search_term_string}"},"query-input":{"@type":"PropertyValueSpecification","valueRequired":true,"valueName":"search_term_string"}}],"inLanguage":"fr-FR"},{"@type":"Organization","@id":"https:\/\/www.miomiorun.com\/fr\/#organization","name":"MioMio Run","url":"https:\/\/www.miomiorun.com\/fr\/","logo":{"@type":"ImageObject","inLanguage":"fr-FR","@id":"https:\/\/www.miomiorun.com\/fr\/#\/schema\/logo\/image\/","url":"https:\/\/www.miomiorun.com\/app\/uploads\/2019\/12\/logomio.png","contentUrl":"https:\/\/www.miomiorun.com\/app\/uploads\/2019\/12\/logomio.png","width":115,"height":82,"caption":"MioMio Run"},"image":{"@id":"https:\/\/www.miomiorun.com\/fr\/#\/schema\/logo\/image\/"},"sameAs":["https:\/\/www.facebook.com\/miomiorun\/","https:\/\/www.instagram.com\/miomiorun\/"]}]}},"_links":{"self":[{"href":"https:\/\/www.miomiorun.com\/fr\/wp-json\/wp\/v2\/product\/277437","targetHints":{"allow":["GET"]}}],"collection":[{"href":"https:\/\/www.miomiorun.com\/fr\/wp-json\/wp\/v2\/product"}],"about":[{"href":"https:\/\/www.miomiorun.com\/fr\/wp-json\/wp\/v2\/types\/product"}],"wp:featuredmedia":[{"embeddable":true,"href":"https:\/\/www.miomiorun.com\/fr\/wp-json\/wp\/v2\/media\/232229"}],"wp:attachment":[{"href":"https:\/\/www.miomiorun.com\/fr\/wp-json\/wp\/v2\/media?parent=277437"}],"wp:term":[{"taxonomy":"product_brand","embeddable":true,"href":"https:\/\/www.miomiorun.com\/fr\/wp-json\/wp\/v2\/product_brand?post=277437"},{"taxonomy":"product_cat","embeddable":true,"href":"https:\/\/www.miomiorun.com\/fr\/wp-json\/wp\/v2\/product_cat?post=277437"},{"taxonomy":"product_tag","embeddable":true,"href":"https:\/\/www.miomiorun.com\/fr\/wp-json\/wp\/v2\/product_tag?post=277437"}],"curies":[{"name":"wp","href":"https:\/\/api.w.org\/{rel}","templated":true}]}}