{"id":277406,"date":"2021-05-22T18:55:50","date_gmt":"2021-05-22T16:55:50","guid":{"rendered":"https:\/\/miomiorun.com\/prodotto\/cep-neon-mid-cut-socks-donna\/"},"modified":"2025-12-12T17:35:45","modified_gmt":"2025-12-12T16:35:45","slug":"cep-neon-mid-cut-socks-femme","status":"publish","type":"product","link":"https:\/\/www.miomiorun.com\/fr\/produit\/cep-neon-mid-cut-socks-femme\/","title":{"rendered":"Neon Mid Cut socks femme"},"content":{"rendered":"<p><strong>Longueur mi-mollet tendance, couleurs fluo et effet stimulant de la compression moyenne :<\/strong> profitez du confort \u00e9lev\u00e9 des chaussettes Neon Compression Mid Cut Socks et de leur effet stabilisateur ! Les d\u00e9tails de ces chaussettes de compression ne sont pas en reste. Outre leur m\u00e9lange innovant de mat\u00e9riaux, elles s\u00e9duisent par leur ajustement optimal et leurs zones d&#8217;amortissement int\u00e9gr\u00e9es.<\/p>\n<h3>Stimulation profonde pour plus de stabilit\u00e9<\/h3>\n<p>La zone du pied et de la cheville des coureurs est un point faible particuli\u00e8rement expos\u00e9 aux blessures. La compression r\u00e9pond efficacement \u00e0 ce probl\u00e8me en stimulant les articulations en profondeur et en les stabilisant.&nbsp;<strong>Cela r\u00e9duit le risque de blessures&nbsp;<\/strong>et donc la probabilit\u00e9 de devoir renoncer \u00e0 l&#8217;entra\u00eenement.<\/p>\n<h3>Mat\u00e9riau high-tech et ajustement parfait pour \u00e9viter les ampoules<\/h3>\n<p>L&#8217;ajustement parfait des chaussettes Neon Compression Mid Cut Socks et leur mat\u00e9riau \u00e9lastique offrent un autre avantage :&nbsp;<strong>les frottements g\u00eanants et l&#8217;apparition d&#8217;ampoules sont r\u00e9duits,<\/strong>&nbsp;tandis que <strong>la haute respirabilit\u00e9<\/strong>&nbsp;<strong>et l&#8217;excellente gestion du climat<\/strong>&nbsp;compl\u00e8tent l&#8217;offre. Le confort est assur\u00e9 par des zones rembourr\u00e9es amortissantes qui \u00e9pousent l&#8217;anatomie du pied.<\/p>\n<h3>Des couleurs fluo vives pour un look tendance<\/h3>\n<p>Enfin, outre leur fonctionnalit\u00e9, les chaussettes de compression pour hommes s\u00e9duisent par leur design, proposant le look actuel des v\u00eatements de sport aux couleurs fluo pour attirer les regards. Choisissez parmi une gamme de couleurs vives.<\/p>\n<p>Profitez d\u00e8s maintenant des avantages fonctionnels des chaussettes Neon Compression Mid Cut Socks et rafra\u00eechissez votre look avec des accents fluo !<\/p>\n<h3>Caract\u00e9ristiques du produit :<\/h3>\n<ul class=\"selling-points\">\n<li>L&#8217;effet de compression moyenne stabilise les articulations, r\u00e9duisant ainsi le risque de blessures lors d&#8217;entra\u00eenements intenses.\n<li>La coupe anatomique ajust\u00e9e et le maintien s\u00fbr r\u00e9duisent l&#8217;apparition d&#8217;ampoules.<\/li>\n<li>Les zones rembourr\u00e9es au niveau du pied augmentent l&#8217;amorti aux endroits anatomiquement importants.<\/li>\n<\/li>\n<\/ul>\n<p><strong>Mat\u00e9riaux : <\/strong>86 % polyamide, 14 % \u00e9lasthanne<\/p>\n","protected":false},"excerpt":{"rendered":"<p><span style=\"font-weight: 400\">Stabilit\u00e9 optimis\u00e9e au niveau de la cheville. Le fil SMART DRY garantit une meilleure gestion de l&#8217;humidit\u00e9 et de la temp\u00e9rature.<br \/>\n<\/span><\/p>\n","protected":false},"featured_media":232235,"template":"","meta":{"_acf_changed":false,"inline_featured_image":false},"product_brand":[],"product_cat":[22597,22596],"product_tag":[23469,23651],"class_list":{"0":"post-277406","1":"product","2":"type-product","3":"status-publish","4":"has-post-thumbnail","6":"product_cat-chaussettes","7":"product_cat-vetements-pour-femmes","8":"product_tag-cep-fr","9":"product_tag-cep-femme","10":"pa_attivita-marcher","11":"pa_attivita-running-fr","12":"pa_colore-neon-compres-mid-cut-w-pink-fr","13":"pa_colore-neon-compres-mid-cut-w-white-pink-fr","14":"pa_marca-cep-fr","15":"pa_sesso-femme","16":"pa_size-37-40-fr","17":"pa_size-40-43-fr","19":"first","20":"instock","21":"taxable","22":"shipping-taxable","23":"purchasable","24":"product-type-variable","25":"wvs-archive-product-wrapper"},"acf":[],"yoast_head":"<!-- This site is optimized with the Yoast SEO plugin v26.8 - https:\/\/yoast.com\/product\/yoast-seo-wordpress\/ -->\n<title>Cep Neon Mid Cut socks femme - Chaussettes de course - MioMioRun.com<\/title>\n<meta name=\"description\" content=\"Chaussettes mi-hautes de compression avec leur effet stabilisateur ! Les d\u00e9tails de ces chaussettes de compression ne sont pas en reste.\" \/>\n<meta name=\"robots\" content=\"index, follow, max-snippet:-1, max-image-preview:large, max-video-preview:-1\" \/>\n<link rel=\"canonical\" href=\"https:\/\/www.miomiorun.com\/fr\/produit\/cep-neon-mid-cut-socks-femme\/\" \/>\n<meta property=\"og:locale\" content=\"fr_FR\" \/>\n<meta property=\"og:type\" content=\"article\" \/>\n<meta property=\"og:title\" content=\"Cep Neon Mid Cut socks femme - Chaussettes de course - MioMioRun.com\" \/>\n<meta property=\"og:description\" content=\"Chaussettes mi-hautes de compression avec leur effet stabilisateur ! Les d\u00e9tails de ces chaussettes de compression ne sont pas en reste.\" \/>\n<meta property=\"og:url\" content=\"https:\/\/www.miomiorun.com\/fr\/produit\/cep-neon-mid-cut-socks-femme\/\" \/>\n<meta property=\"og:site_name\" content=\"MioMioRun\" \/>\n<meta property=\"article:publisher\" content=\"https:\/\/www.facebook.com\/miomiorun\/\" \/>\n<meta property=\"article:modified_time\" content=\"2025-12-12T16:35:45+00:00\" \/>\n<meta property=\"og:image\" content=\"https:\/\/www.miomiorun.com\/app\/uploads\/2021\/05\/cep-neon-compres.-mid-cut-W-WP2CCG.jpg\" \/>\n\t<meta property=\"og:image:width\" content=\"600\" \/>\n\t<meta property=\"og:image:height\" content=\"600\" \/>\n\t<meta property=\"og:image:type\" content=\"image\/jpeg\" \/>\n<meta name=\"twitter:card\" content=\"summary_large_image\" \/>\n<meta name=\"twitter:label1\" content=\"Est. reading time\" \/>\n\t<meta name=\"twitter:data1\" content=\"2 minutes\" \/>\n<script type=\"application\/ld+json\" class=\"yoast-schema-graph\">{\"@context\":\"https:\/\/schema.org\",\"@graph\":[{\"@type\":\"WebPage\",\"@id\":\"https:\/\/www.miomiorun.com\/fr\/produit\/cep-neon-mid-cut-socks-femme\/\",\"url\":\"https:\/\/www.miomiorun.com\/fr\/produit\/cep-neon-mid-cut-socks-femme\/\",\"name\":\"Cep Neon Mid Cut socks femme - Chaussettes de course - MioMioRun.com\",\"isPartOf\":{\"@id\":\"https:\/\/www.miomiorun.com\/fr\/#website\"},\"primaryImageOfPage\":{\"@id\":\"https:\/\/www.miomiorun.com\/fr\/produit\/cep-neon-mid-cut-socks-femme\/#primaryimage\"},\"image\":{\"@id\":\"https:\/\/www.miomiorun.com\/fr\/produit\/cep-neon-mid-cut-socks-femme\/#primaryimage\"},\"thumbnailUrl\":\"https:\/\/www.miomiorun.com\/app\/uploads\/2021\/05\/cep-neon-compres.-mid-cut-W-WP2CCG.jpg\",\"datePublished\":\"2021-05-22T16:55:50+00:00\",\"dateModified\":\"2025-12-12T16:35:45+00:00\",\"description\":\"Chaussettes mi-hautes de compression avec leur effet stabilisateur ! Les d\u00e9tails de ces chaussettes de compression ne sont pas en reste.\",\"breadcrumb\":{\"@id\":\"https:\/\/www.miomiorun.com\/fr\/produit\/cep-neon-mid-cut-socks-femme\/#breadcrumb\"},\"inLanguage\":\"fr-FR\",\"potentialAction\":[{\"@type\":\"ReadAction\",\"target\":[\"https:\/\/www.miomiorun.com\/fr\/produit\/cep-neon-mid-cut-socks-femme\/\"]}]},{\"@type\":\"ImageObject\",\"inLanguage\":\"fr-FR\",\"@id\":\"https:\/\/www.miomiorun.com\/fr\/produit\/cep-neon-mid-cut-socks-femme\/#primaryimage\",\"url\":\"https:\/\/www.miomiorun.com\/app\/uploads\/2021\/05\/cep-neon-compres.-mid-cut-W-WP2CCG.jpg\",\"contentUrl\":\"https:\/\/www.miomiorun.com\/app\/uploads\/2021\/05\/cep-neon-compres.-mid-cut-W-WP2CCG.jpg\",\"width\":600,\"height\":600,\"caption\":\"cep-neon-compres.-mid-cut-W-WP2CCG\"},{\"@type\":\"BreadcrumbList\",\"@id\":\"https:\/\/www.miomiorun.com\/fr\/produit\/cep-neon-mid-cut-socks-femme\/#breadcrumb\",\"itemListElement\":[{\"@type\":\"ListItem\",\"position\":1,\"name\":\"Home\",\"item\":\"https:\/\/www.miomiorun.com\/fr\/home-page\/\"},{\"@type\":\"ListItem\",\"position\":2,\"name\":\"Shop\",\"item\":\"https:\/\/www.miomiorun.com\/shop\/\"},{\"@type\":\"ListItem\",\"position\":3,\"name\":\"Neon Mid Cut socks femme\"}]},{\"@type\":\"WebSite\",\"@id\":\"https:\/\/www.miomiorun.com\/fr\/#website\",\"url\":\"https:\/\/www.miomiorun.com\/fr\/\",\"name\":\"MioMioRun\",\"description\":\"Boutique 100% running et trail\",\"publisher\":{\"@id\":\"https:\/\/www.miomiorun.com\/fr\/#organization\"},\"potentialAction\":[{\"@type\":\"SearchAction\",\"target\":{\"@type\":\"EntryPoint\",\"urlTemplate\":\"https:\/\/www.miomiorun.com\/fr\/?s={search_term_string}\"},\"query-input\":{\"@type\":\"PropertyValueSpecification\",\"valueRequired\":true,\"valueName\":\"search_term_string\"}}],\"inLanguage\":\"fr-FR\"},{\"@type\":\"Organization\",\"@id\":\"https:\/\/www.miomiorun.com\/fr\/#organization\",\"name\":\"MioMio Run\",\"url\":\"https:\/\/www.miomiorun.com\/fr\/\",\"logo\":{\"@type\":\"ImageObject\",\"inLanguage\":\"fr-FR\",\"@id\":\"https:\/\/www.miomiorun.com\/fr\/#\/schema\/logo\/image\/\",\"url\":\"https:\/\/www.miomiorun.com\/app\/uploads\/2019\/12\/logomio.png\",\"contentUrl\":\"https:\/\/www.miomiorun.com\/app\/uploads\/2019\/12\/logomio.png\",\"width\":115,\"height\":82,\"caption\":\"MioMio Run\"},\"image\":{\"@id\":\"https:\/\/www.miomiorun.com\/fr\/#\/schema\/logo\/image\/\"},\"sameAs\":[\"https:\/\/www.facebook.com\/miomiorun\/\",\"https:\/\/www.instagram.com\/miomiorun\/\"]}]}<\/script>\n<!-- \/ Yoast SEO plugin. -->","yoast_head_json":{"title":"Cep Neon Mid Cut socks femme - Chaussettes de course - MioMioRun.com","description":"Chaussettes mi-hautes de compression avec leur effet stabilisateur ! Les d\u00e9tails de ces chaussettes de compression ne sont pas en reste.","robots":{"index":"index","follow":"follow","max-snippet":"max-snippet:-1","max-image-preview":"max-image-preview:large","max-video-preview":"max-video-preview:-1"},"canonical":"https:\/\/www.miomiorun.com\/fr\/produit\/cep-neon-mid-cut-socks-femme\/","og_locale":"fr_FR","og_type":"article","og_title":"Cep Neon Mid Cut socks femme - Chaussettes de course - MioMioRun.com","og_description":"Chaussettes mi-hautes de compression avec leur effet stabilisateur ! Les d\u00e9tails de ces chaussettes de compression ne sont pas en reste.","og_url":"https:\/\/www.miomiorun.com\/fr\/produit\/cep-neon-mid-cut-socks-femme\/","og_site_name":"MioMioRun","article_publisher":"https:\/\/www.facebook.com\/miomiorun\/","article_modified_time":"2025-12-12T16:35:45+00:00","og_image":[{"width":600,"height":600,"url":"https:\/\/www.miomiorun.com\/app\/uploads\/2021\/05\/cep-neon-compres.-mid-cut-W-WP2CCG.jpg","type":"image\/jpeg"}],"twitter_card":"summary_large_image","twitter_misc":{"Est. reading time":"2 minutes"},"schema":{"@context":"https:\/\/schema.org","@graph":[{"@type":"WebPage","@id":"https:\/\/www.miomiorun.com\/fr\/produit\/cep-neon-mid-cut-socks-femme\/","url":"https:\/\/www.miomiorun.com\/fr\/produit\/cep-neon-mid-cut-socks-femme\/","name":"Cep Neon Mid Cut socks femme - Chaussettes de course - MioMioRun.com","isPartOf":{"@id":"https:\/\/www.miomiorun.com\/fr\/#website"},"primaryImageOfPage":{"@id":"https:\/\/www.miomiorun.com\/fr\/produit\/cep-neon-mid-cut-socks-femme\/#primaryimage"},"image":{"@id":"https:\/\/www.miomiorun.com\/fr\/produit\/cep-neon-mid-cut-socks-femme\/#primaryimage"},"thumbnailUrl":"https:\/\/www.miomiorun.com\/app\/uploads\/2021\/05\/cep-neon-compres.-mid-cut-W-WP2CCG.jpg","datePublished":"2021-05-22T16:55:50+00:00","dateModified":"2025-12-12T16:35:45+00:00","description":"Chaussettes mi-hautes de compression avec leur effet stabilisateur ! Les d\u00e9tails de ces chaussettes de compression ne sont pas en reste.","breadcrumb":{"@id":"https:\/\/www.miomiorun.com\/fr\/produit\/cep-neon-mid-cut-socks-femme\/#breadcrumb"},"inLanguage":"fr-FR","potentialAction":[{"@type":"ReadAction","target":["https:\/\/www.miomiorun.com\/fr\/produit\/cep-neon-mid-cut-socks-femme\/"]}]},{"@type":"ImageObject","inLanguage":"fr-FR","@id":"https:\/\/www.miomiorun.com\/fr\/produit\/cep-neon-mid-cut-socks-femme\/#primaryimage","url":"https:\/\/www.miomiorun.com\/app\/uploads\/2021\/05\/cep-neon-compres.-mid-cut-W-WP2CCG.jpg","contentUrl":"https:\/\/www.miomiorun.com\/app\/uploads\/2021\/05\/cep-neon-compres.-mid-cut-W-WP2CCG.jpg","width":600,"height":600,"caption":"cep-neon-compres.-mid-cut-W-WP2CCG"},{"@type":"BreadcrumbList","@id":"https:\/\/www.miomiorun.com\/fr\/produit\/cep-neon-mid-cut-socks-femme\/#breadcrumb","itemListElement":[{"@type":"ListItem","position":1,"name":"Home","item":"https:\/\/www.miomiorun.com\/fr\/home-page\/"},{"@type":"ListItem","position":2,"name":"Shop","item":"https:\/\/www.miomiorun.com\/shop\/"},{"@type":"ListItem","position":3,"name":"Neon Mid Cut socks femme"}]},{"@type":"WebSite","@id":"https:\/\/www.miomiorun.com\/fr\/#website","url":"https:\/\/www.miomiorun.com\/fr\/","name":"MioMioRun","description":"Boutique 100% running et trail","publisher":{"@id":"https:\/\/www.miomiorun.com\/fr\/#organization"},"potentialAction":[{"@type":"SearchAction","target":{"@type":"EntryPoint","urlTemplate":"https:\/\/www.miomiorun.com\/fr\/?s={search_term_string}"},"query-input":{"@type":"PropertyValueSpecification","valueRequired":true,"valueName":"search_term_string"}}],"inLanguage":"fr-FR"},{"@type":"Organization","@id":"https:\/\/www.miomiorun.com\/fr\/#organization","name":"MioMio Run","url":"https:\/\/www.miomiorun.com\/fr\/","logo":{"@type":"ImageObject","inLanguage":"fr-FR","@id":"https:\/\/www.miomiorun.com\/fr\/#\/schema\/logo\/image\/","url":"https:\/\/www.miomiorun.com\/app\/uploads\/2019\/12\/logomio.png","contentUrl":"https:\/\/www.miomiorun.com\/app\/uploads\/2019\/12\/logomio.png","width":115,"height":82,"caption":"MioMio Run"},"image":{"@id":"https:\/\/www.miomiorun.com\/fr\/#\/schema\/logo\/image\/"},"sameAs":["https:\/\/www.facebook.com\/miomiorun\/","https:\/\/www.instagram.com\/miomiorun\/"]}]}},"_links":{"self":[{"href":"https:\/\/www.miomiorun.com\/fr\/wp-json\/wp\/v2\/product\/277406","targetHints":{"allow":["GET"]}}],"collection":[{"href":"https:\/\/www.miomiorun.com\/fr\/wp-json\/wp\/v2\/product"}],"about":[{"href":"https:\/\/www.miomiorun.com\/fr\/wp-json\/wp\/v2\/types\/product"}],"wp:featuredmedia":[{"embeddable":true,"href":"https:\/\/www.miomiorun.com\/fr\/wp-json\/wp\/v2\/media\/232235"}],"wp:attachment":[{"href":"https:\/\/www.miomiorun.com\/fr\/wp-json\/wp\/v2\/media?parent=277406"}],"wp:term":[{"taxonomy":"product_brand","embeddable":true,"href":"https:\/\/www.miomiorun.com\/fr\/wp-json\/wp\/v2\/product_brand?post=277406"},{"taxonomy":"product_cat","embeddable":true,"href":"https:\/\/www.miomiorun.com\/fr\/wp-json\/wp\/v2\/product_cat?post=277406"},{"taxonomy":"product_tag","embeddable":true,"href":"https:\/\/www.miomiorun.com\/fr\/wp-json\/wp\/v2\/product_tag?post=277406"}],"curies":[{"name":"wp","href":"https:\/\/api.w.org\/{rel}","templated":true}]}}