{"id":277395,"date":"2021-05-22T19:09:26","date_gmt":"2021-05-22T17:09:26","guid":{"rendered":"https:\/\/miomiorun.com\/prodotto\/cep-business-socks-uomo\/"},"modified":"2026-01-15T11:13:14","modified_gmt":"2026-01-15T10:13:14","slug":"cep-business-socks-homme","status":"publish","type":"product","link":"https:\/\/www.miomiorun.com\/fr\/produit\/cep-business-socks-homme\/","title":{"rendered":"Business Socks homme"},"content":{"rendered":"<p>Les chaussettes Business Compression Socks pour hommes <strong>stimulent votre circulation sanguine<\/strong> et assurent efficacement l&#8217;apport sanguin nourrissant aux muscles inactifs. Passer beaucoup de temps assis augmentera la sensation de jambes lourdes et les Compression Socks vous aideront \u00e0 y rem\u00e9dier. C&#8217;est pourquoi ces chaussettes s&#8217;accordent tr\u00e8s bien avec votre tenue de travail.<\/p>\n<h3>Technologie de compression utilis\u00e9e de mani\u00e8re optimale pour la fra\u00eecheur des pieds<\/h3>\n<p>La c\u00e9l\u00e8bre compression medi des chaussettes pour hommes agit sur les pieds et les mollets. La pression exerc\u00e9e par les chaussettes de compression <strong>favorise la circulation capillaire<\/strong>, le transport de l&#8217;oxyg\u00e8ne et l&#8217;\u00e9change de nutriments. Avec les chaussettes Business Socks, vos jambes resteront <strong>fra\u00eeches et l\u00e9g\u00e8res<\/strong> toute la journ\u00e9e.<\/p>\n<h3>Tissu fin pour un confort maximal sans glissements g\u00eanants<\/h3>\n<p>Le\u00a0<strong>m\u00e9lange de mat\u00e9riaux de haute qualit\u00e9<\/strong> garantit un confort maximal : les chaussettes de travail ne glissent pas et ne font pas de plis. Ainsi,\u00a0<strong>aucune ampoule ne se formera<\/strong>\u00a0et vos pieds b\u00e9n\u00e9ficieront d&#8217;un confort optimal gr\u00e2ce \u00e0 leur coupe anatomique.<\/p>\n<h3>Coton respirant pour r\u00e9guler la temp\u00e9rature du pied<\/h3>\n<p>Le coton respirant permet une r\u00e9gulation optimale de la temp\u00e9rature du pied : vos pieds restent secs et\u00a0<strong>ne transpirent pas<\/strong>.<\/p>\n<p>Avec les chaussettes CEP Business Compression Socks, vous aidez vos pieds \u00e0 se r\u00e9g\u00e9n\u00e9rer. Ces chaussettes sont id\u00e9ales pour les hommes qui restent assis ou debout pendant de longues heures au travail. Optez pour ces chaussettes de travail \u00e9l\u00e9gantes aux caract\u00e9ristiques innovantes !<\/p>\n<h3>CARACT\u00c9RISTIQUES DU PRODUIT :<\/h3>\n<ul class=\"selling-points\">\n<li>Le m\u00e9lange de mat\u00e9riaux de haute qualit\u00e9 et la coupe anatomique optimisent le confort au quotidien, au travail, en voyage et pendant les activit\u00e9s sportives.<\/li>\n<li>Gr\u00e2ce \u00e0 une meilleure \u00e9limination des toxines, la compression m\u00e9dicale active vos muscles pendant la r\u00e9g\u00e9n\u00e9ration apr\u00e8s l&#8217;effort.<\/li>\n<li>La technologie de compression cibl\u00e9e active la circulation et l&#8217;apport en oxyg\u00e8ne des muscles des jambes, pour une agr\u00e9able sensation de fra\u00eecheur tout au long de la journ\u00e9e.<\/li>\n<\/ul>\n<p><strong>Mat\u00e9riaux :<\/strong>78 % polyamide, 13 % \u00e9lasthanne, 9 % coton<\/p>\n","protected":false},"excerpt":{"rendered":"<p>Les chaussettes Business Compression Socks pour hommes stimulent votre circulation sanguine et assurent efficacement l&#8217;apport sanguin nourrissant aux muscles inactifs. Passer beaucoup de temps assis augmentera la sensation de jambes lourdes et les Compression Socks vous aideront \u00e0 y rem\u00e9dier. C&#8217;est pourquoi ces chaussettes s&#8217;accordent tr\u00e8s bien avec votre tenue de travail. Technologie de compression &hellip; <a href=\"https:\/\/www.miomiorun.com\/fr\/produit\/cep-business-socks-homme\/\">Continued<\/a><\/p>\n","protected":false},"featured_media":232243,"template":"","meta":{"_acf_changed":false,"inline_featured_image":false},"product_brand":[],"product_cat":[24256,24482,24484],"product_tag":[23469,23649],"class_list":{"0":"post-277395","1":"product","2":"type-product","3":"status-publish","4":"has-post-thumbnail","6":"product_cat-chaussettes-fr","7":"product_cat-vetements-pour-hommes-fr","8":"product_cat-homme","9":"product_tag-cep-fr","10":"product_tag-cep-homme","11":"pa_attivita-lifestyle-fr","12":"pa_attivita-marcher","13":"pa_circonferenza-polpaccio-32-38-fr","14":"pa_circonferenza-polpaccio-39-44-fr","15":"pa_circonferenza-polpaccio-45-51-fr-2","16":"pa_colore-business-socks-m-black-fr","17":"pa_colore-business-socks-m-dark-blue-fr","18":"pa_colore-business-socks-m-dark-grey-fr","19":"pa_marca-cep-fr","20":"pa_sesso-homme","22":"first","23":"instock","24":"sale","25":"taxable","26":"shipping-taxable","27":"purchasable","28":"product-type-variable","29":"wvs-archive-product-wrapper"},"acf":[],"yoast_head":"<!-- This site is optimized with the Yoast SEO plugin v26.8 - https:\/\/yoast.com\/product\/yoast-seo-wordpress\/ -->\n<title>Cep Business Socks homme - Chaussettes de course - MioMioRun.com<\/title>\n<meta name=\"description\" content=\"Les chaussettes Business Compression Socks pour hommes stimulent votre circulation sanguine et assurent efficacement l&#039;apport sanguin.\" \/>\n<meta name=\"robots\" content=\"index, follow, max-snippet:-1, max-image-preview:large, max-video-preview:-1\" \/>\n<link rel=\"canonical\" href=\"https:\/\/www.miomiorun.com\/fr\/produit\/cep-business-socks-homme\/\" \/>\n<meta property=\"og:locale\" content=\"fr_FR\" \/>\n<meta property=\"og:type\" content=\"article\" \/>\n<meta property=\"og:title\" content=\"Cep Business Socks homme - Chaussettes de course - MioMioRun.com\" \/>\n<meta property=\"og:description\" content=\"Les chaussettes Business Compression Socks pour hommes stimulent votre circulation sanguine et assurent efficacement l&#039;apport sanguin.\" \/>\n<meta property=\"og:url\" content=\"https:\/\/www.miomiorun.com\/fr\/produit\/cep-business-socks-homme\/\" \/>\n<meta property=\"og:site_name\" content=\"MioMioRun\" \/>\n<meta property=\"article:publisher\" content=\"https:\/\/www.facebook.com\/miomiorun\/\" \/>\n<meta property=\"article:modified_time\" content=\"2026-01-15T10:13:14+00:00\" \/>\n<meta property=\"og:image\" content=\"https:\/\/www.miomiorun.com\/app\/uploads\/2021\/05\/cep-business-socks-WP505E.jpg\" \/>\n\t<meta property=\"og:image:width\" content=\"600\" \/>\n\t<meta property=\"og:image:height\" content=\"600\" \/>\n\t<meta property=\"og:image:type\" content=\"image\/jpeg\" \/>\n<meta name=\"twitter:card\" content=\"summary_large_image\" \/>\n<meta name=\"twitter:label1\" content=\"Est. reading time\" \/>\n\t<meta name=\"twitter:data1\" content=\"2 minutes\" \/>\n<script type=\"application\/ld+json\" class=\"yoast-schema-graph\">{\"@context\":\"https:\/\/schema.org\",\"@graph\":[{\"@type\":\"WebPage\",\"@id\":\"https:\/\/www.miomiorun.com\/fr\/produit\/cep-business-socks-homme\/\",\"url\":\"https:\/\/www.miomiorun.com\/fr\/produit\/cep-business-socks-homme\/\",\"name\":\"Cep Business Socks homme - Chaussettes de course - MioMioRun.com\",\"isPartOf\":{\"@id\":\"https:\/\/www.miomiorun.com\/fr\/#website\"},\"primaryImageOfPage\":{\"@id\":\"https:\/\/www.miomiorun.com\/fr\/produit\/cep-business-socks-homme\/#primaryimage\"},\"image\":{\"@id\":\"https:\/\/www.miomiorun.com\/fr\/produit\/cep-business-socks-homme\/#primaryimage\"},\"thumbnailUrl\":\"https:\/\/www.miomiorun.com\/app\/uploads\/2021\/05\/cep-business-socks-WP505E.jpg\",\"datePublished\":\"2021-05-22T17:09:26+00:00\",\"dateModified\":\"2026-01-15T10:13:14+00:00\",\"description\":\"Les chaussettes Business Compression Socks pour hommes stimulent votre circulation sanguine et assurent efficacement l'apport sanguin.\",\"breadcrumb\":{\"@id\":\"https:\/\/www.miomiorun.com\/fr\/produit\/cep-business-socks-homme\/#breadcrumb\"},\"inLanguage\":\"fr-FR\",\"potentialAction\":[{\"@type\":\"ReadAction\",\"target\":[\"https:\/\/www.miomiorun.com\/fr\/produit\/cep-business-socks-homme\/\"]}]},{\"@type\":\"ImageObject\",\"inLanguage\":\"fr-FR\",\"@id\":\"https:\/\/www.miomiorun.com\/fr\/produit\/cep-business-socks-homme\/#primaryimage\",\"url\":\"https:\/\/www.miomiorun.com\/app\/uploads\/2021\/05\/cep-business-socks-WP505E.jpg\",\"contentUrl\":\"https:\/\/www.miomiorun.com\/app\/uploads\/2021\/05\/cep-business-socks-WP505E.jpg\",\"width\":600,\"height\":600,\"caption\":\"cep-business-socks-WP505E\"},{\"@type\":\"BreadcrumbList\",\"@id\":\"https:\/\/www.miomiorun.com\/fr\/produit\/cep-business-socks-homme\/#breadcrumb\",\"itemListElement\":[{\"@type\":\"ListItem\",\"position\":1,\"name\":\"Home\",\"item\":\"https:\/\/www.miomiorun.com\/fr\/home-page\/\"},{\"@type\":\"ListItem\",\"position\":2,\"name\":\"Shop\",\"item\":\"https:\/\/www.miomiorun.com\/shop\/\"},{\"@type\":\"ListItem\",\"position\":3,\"name\":\"Business Socks homme\"}]},{\"@type\":\"WebSite\",\"@id\":\"https:\/\/www.miomiorun.com\/fr\/#website\",\"url\":\"https:\/\/www.miomiorun.com\/fr\/\",\"name\":\"MioMioRun\",\"description\":\"Boutique 100% running et trail\",\"publisher\":{\"@id\":\"https:\/\/www.miomiorun.com\/fr\/#organization\"},\"potentialAction\":[{\"@type\":\"SearchAction\",\"target\":{\"@type\":\"EntryPoint\",\"urlTemplate\":\"https:\/\/www.miomiorun.com\/fr\/?s={search_term_string}\"},\"query-input\":{\"@type\":\"PropertyValueSpecification\",\"valueRequired\":true,\"valueName\":\"search_term_string\"}}],\"inLanguage\":\"fr-FR\"},{\"@type\":\"Organization\",\"@id\":\"https:\/\/www.miomiorun.com\/fr\/#organization\",\"name\":\"MioMio Run\",\"url\":\"https:\/\/www.miomiorun.com\/fr\/\",\"logo\":{\"@type\":\"ImageObject\",\"inLanguage\":\"fr-FR\",\"@id\":\"https:\/\/www.miomiorun.com\/fr\/#\/schema\/logo\/image\/\",\"url\":\"https:\/\/www.miomiorun.com\/app\/uploads\/2019\/12\/logomio.png\",\"contentUrl\":\"https:\/\/www.miomiorun.com\/app\/uploads\/2019\/12\/logomio.png\",\"width\":115,\"height\":82,\"caption\":\"MioMio Run\"},\"image\":{\"@id\":\"https:\/\/www.miomiorun.com\/fr\/#\/schema\/logo\/image\/\"},\"sameAs\":[\"https:\/\/www.facebook.com\/miomiorun\/\",\"https:\/\/www.instagram.com\/miomiorun\/\"]}]}<\/script>\n<!-- \/ Yoast SEO plugin. -->","yoast_head_json":{"title":"Cep Business Socks homme - Chaussettes de course - MioMioRun.com","description":"Les chaussettes Business Compression Socks pour hommes stimulent votre circulation sanguine et assurent efficacement l'apport sanguin.","robots":{"index":"index","follow":"follow","max-snippet":"max-snippet:-1","max-image-preview":"max-image-preview:large","max-video-preview":"max-video-preview:-1"},"canonical":"https:\/\/www.miomiorun.com\/fr\/produit\/cep-business-socks-homme\/","og_locale":"fr_FR","og_type":"article","og_title":"Cep Business Socks homme - Chaussettes de course - MioMioRun.com","og_description":"Les chaussettes Business Compression Socks pour hommes stimulent votre circulation sanguine et assurent efficacement l'apport sanguin.","og_url":"https:\/\/www.miomiorun.com\/fr\/produit\/cep-business-socks-homme\/","og_site_name":"MioMioRun","article_publisher":"https:\/\/www.facebook.com\/miomiorun\/","article_modified_time":"2026-01-15T10:13:14+00:00","og_image":[{"width":600,"height":600,"url":"https:\/\/www.miomiorun.com\/app\/uploads\/2021\/05\/cep-business-socks-WP505E.jpg","type":"image\/jpeg"}],"twitter_card":"summary_large_image","twitter_misc":{"Est. reading time":"2 minutes"},"schema":{"@context":"https:\/\/schema.org","@graph":[{"@type":"WebPage","@id":"https:\/\/www.miomiorun.com\/fr\/produit\/cep-business-socks-homme\/","url":"https:\/\/www.miomiorun.com\/fr\/produit\/cep-business-socks-homme\/","name":"Cep Business Socks homme - Chaussettes de course - MioMioRun.com","isPartOf":{"@id":"https:\/\/www.miomiorun.com\/fr\/#website"},"primaryImageOfPage":{"@id":"https:\/\/www.miomiorun.com\/fr\/produit\/cep-business-socks-homme\/#primaryimage"},"image":{"@id":"https:\/\/www.miomiorun.com\/fr\/produit\/cep-business-socks-homme\/#primaryimage"},"thumbnailUrl":"https:\/\/www.miomiorun.com\/app\/uploads\/2021\/05\/cep-business-socks-WP505E.jpg","datePublished":"2021-05-22T17:09:26+00:00","dateModified":"2026-01-15T10:13:14+00:00","description":"Les chaussettes Business Compression Socks pour hommes stimulent votre circulation sanguine et assurent efficacement l'apport sanguin.","breadcrumb":{"@id":"https:\/\/www.miomiorun.com\/fr\/produit\/cep-business-socks-homme\/#breadcrumb"},"inLanguage":"fr-FR","potentialAction":[{"@type":"ReadAction","target":["https:\/\/www.miomiorun.com\/fr\/produit\/cep-business-socks-homme\/"]}]},{"@type":"ImageObject","inLanguage":"fr-FR","@id":"https:\/\/www.miomiorun.com\/fr\/produit\/cep-business-socks-homme\/#primaryimage","url":"https:\/\/www.miomiorun.com\/app\/uploads\/2021\/05\/cep-business-socks-WP505E.jpg","contentUrl":"https:\/\/www.miomiorun.com\/app\/uploads\/2021\/05\/cep-business-socks-WP505E.jpg","width":600,"height":600,"caption":"cep-business-socks-WP505E"},{"@type":"BreadcrumbList","@id":"https:\/\/www.miomiorun.com\/fr\/produit\/cep-business-socks-homme\/#breadcrumb","itemListElement":[{"@type":"ListItem","position":1,"name":"Home","item":"https:\/\/www.miomiorun.com\/fr\/home-page\/"},{"@type":"ListItem","position":2,"name":"Shop","item":"https:\/\/www.miomiorun.com\/shop\/"},{"@type":"ListItem","position":3,"name":"Business Socks homme"}]},{"@type":"WebSite","@id":"https:\/\/www.miomiorun.com\/fr\/#website","url":"https:\/\/www.miomiorun.com\/fr\/","name":"MioMioRun","description":"Boutique 100% running et trail","publisher":{"@id":"https:\/\/www.miomiorun.com\/fr\/#organization"},"potentialAction":[{"@type":"SearchAction","target":{"@type":"EntryPoint","urlTemplate":"https:\/\/www.miomiorun.com\/fr\/?s={search_term_string}"},"query-input":{"@type":"PropertyValueSpecification","valueRequired":true,"valueName":"search_term_string"}}],"inLanguage":"fr-FR"},{"@type":"Organization","@id":"https:\/\/www.miomiorun.com\/fr\/#organization","name":"MioMio Run","url":"https:\/\/www.miomiorun.com\/fr\/","logo":{"@type":"ImageObject","inLanguage":"fr-FR","@id":"https:\/\/www.miomiorun.com\/fr\/#\/schema\/logo\/image\/","url":"https:\/\/www.miomiorun.com\/app\/uploads\/2019\/12\/logomio.png","contentUrl":"https:\/\/www.miomiorun.com\/app\/uploads\/2019\/12\/logomio.png","width":115,"height":82,"caption":"MioMio Run"},"image":{"@id":"https:\/\/www.miomiorun.com\/fr\/#\/schema\/logo\/image\/"},"sameAs":["https:\/\/www.facebook.com\/miomiorun\/","https:\/\/www.instagram.com\/miomiorun\/"]}]}},"_links":{"self":[{"href":"https:\/\/www.miomiorun.com\/fr\/wp-json\/wp\/v2\/product\/277395","targetHints":{"allow":["GET"]}}],"collection":[{"href":"https:\/\/www.miomiorun.com\/fr\/wp-json\/wp\/v2\/product"}],"about":[{"href":"https:\/\/www.miomiorun.com\/fr\/wp-json\/wp\/v2\/types\/product"}],"wp:featuredmedia":[{"embeddable":true,"href":"https:\/\/www.miomiorun.com\/fr\/wp-json\/wp\/v2\/media\/232243"}],"wp:attachment":[{"href":"https:\/\/www.miomiorun.com\/fr\/wp-json\/wp\/v2\/media?parent=277395"}],"wp:term":[{"taxonomy":"product_brand","embeddable":true,"href":"https:\/\/www.miomiorun.com\/fr\/wp-json\/wp\/v2\/product_brand?post=277395"},{"taxonomy":"product_cat","embeddable":true,"href":"https:\/\/www.miomiorun.com\/fr\/wp-json\/wp\/v2\/product_cat?post=277395"},{"taxonomy":"product_tag","embeddable":true,"href":"https:\/\/www.miomiorun.com\/fr\/wp-json\/wp\/v2\/product_tag?post=277395"}],"curies":[{"name":"wp","href":"https:\/\/api.w.org\/{rel}","templated":true}]}}