{"id":277383,"date":"2021-05-25T12:21:32","date_gmt":"2021-05-25T10:21:32","guid":{"rendered":"https:\/\/miomiorun.com\/prodotto\/cep-recovery-pro-socks-donna\/"},"modified":"2026-01-15T11:08:42","modified_gmt":"2026-01-15T10:08:42","slug":"cep-recovery-pro-socks-femme","status":"publish","type":"product","link":"https:\/\/www.miomiorun.com\/fr\/produit\/cep-recovery-pro-socks-femme\/","title":{"rendered":"Recovery Pro Socks femme"},"content":{"rendered":"<p>Les chaussettes Recovery Pro Compression Socks vous permettent de repousser vos limites pendant vos entra\u00eenements. La <strong>compression cibl\u00e9e medi\u00a0<\/strong>optimise vos performances et vous assure une <strong>r\u00e9cup\u00e9ration plus rapide.<\/strong> Vous pouvez ainsi profiter tranquillement d&#8217;un apr\u00e8s-midi shopping ou d&#8217;une soir\u00e9e en discoth\u00e8que m\u00eame apr\u00e8s l&#8217;entra\u00eenement. Le m\u00e9lange innovant de mat\u00e9riaux offre un excellent confort et un ajustement parfait, que vous appr\u00e9cierez \u00e9galement pendant votre temps libre, lorsque vous ne vous entra\u00eenez pas.<\/p>\n<h3>Compression cibl\u00e9e pour une meilleure circulation<\/h3>\n<p>Les chaussettes Recovery Pro Compression Socks pour femmes exercent une pression cibl\u00e9e gr\u00e2ce \u00e0 leur coupe ajust\u00e9e et leur compression douce qui stimule le transport de l&#8217;oxyg\u00e8ne et la circulation sanguine. Vos muscles b\u00e9n\u00e9ficient d&#8217;un apport optimal en nutriments et vous r\u00e9sistez plus longtemps lors de vos d\u00e9fis sportifs et dans votre vie quotidienne. Les chaussettes Recovery Pro Compression Socks sont \u00e9galement id\u00e9ales pour voyager, car elles gardent vos jambes fra\u00eeches et l\u00e9g\u00e8res, m\u00eame lors de vols long-courriers.<\/p>\n<h3>Des mat\u00e9riaux innovants pour plus de confort<\/h3>\n<p>Le m\u00e9lange de polyamide et une forte teneur en \u00e9lasthanne garantissent des pieds frais et confortables, m\u00eame pendant les longues journ\u00e9es et les entra\u00eenements intensifs. Les chaussettes enveloppent vos pieds et vos jambes comme une seconde peau. Adieu les ampoules et les points de pression !<\/p>\n<h3>R\u00e9cup\u00e9ration facile \u2013 avec les chaussettes de compression Recovery Pro pour femmes<\/h3>\n<p>Apr\u00e8s un entra\u00eenement intense, une pause s&#8217;impose. La compression moyenne r\u00e9duit le temps de r\u00e9cup\u00e9ration gr\u00e2ce \u00e0 un meilleur apport en nutriments et <strong>favorise le processus de r\u00e9cup\u00e9ration d\u00e8s la pratique sportive.<\/strong> Votre prochain entra\u00eenement approche \u00e0 grands pas !<\/p>\n<p>Marchez sur les nuages avec les chaussettes Recovery Pro Compression Socks pour femmes : pour des pieds ultra l\u00e9gers et des jambes fra\u00eeches.<\/p>\n<h3>Caract\u00e9ristiques du produit :<\/h3>\n<ul class=\"selling-points\">\n<li>R\u00e9cup\u00e9rez plus rapidement apr\u00e8s des efforts intenses gr\u00e2ce \u00e0 une \u00e9limination accrue des toxines.<\/li>\n<li>Profitez d&#8217;un confort \u00e9lev\u00e9 gr\u00e2ce \u00e0 la coupe anatomique et au m\u00e9lange de mat\u00e9riaux de haute qualit\u00e9.<\/li>\n<li>La pression douce am\u00e9liore votre circulation sanguine, vous procurant ainsi des jambes toujours fra\u00eeches.<\/li>\n<\/ul>\n<p><strong>Mat\u00e9riau :<\/strong> 63 % polyamide, 37 % \u00e9lasthanne<\/p>\n","protected":false},"excerpt":{"rendered":"<p>Les chaussettes Recovery Pro Compression Socks vous permettent de repousser vos limites pendant vos entra\u00eenements. La compression cibl\u00e9e medi\u00a0optimise vos performances et vous assure une r\u00e9cup\u00e9ration plus rapide. Vous pouvez ainsi profiter tranquillement d&#8217;un apr\u00e8s-midi shopping ou d&#8217;une soir\u00e9e en discoth\u00e8que m\u00eame apr\u00e8s l&#8217;entra\u00eenement. Le m\u00e9lange innovant de mat\u00e9riaux offre un excellent confort et un &hellip; <a href=\"https:\/\/www.miomiorun.com\/fr\/produit\/cep-recovery-pro-socks-femme\/\">Continued<\/a><\/p>\n","protected":false},"featured_media":232247,"template":"","meta":{"_acf_changed":false,"inline_featured_image":false},"product_brand":[],"product_cat":[22597,22596,22595],"product_tag":[23469,23651],"class_list":{"0":"post-277383","1":"product","2":"type-product","3":"status-publish","4":"has-post-thumbnail","6":"product_cat-chaussettes","7":"product_cat-vetements-pour-femmes","8":"product_cat-femme","9":"product_tag-cep-fr","10":"product_tag-cep-femme","12":"first","13":"instock","14":"sale","15":"taxable","16":"shipping-taxable","17":"purchasable","18":"product-type-variable","19":"wvs-archive-product-wrapper"},"acf":[],"yoast_head":"<!-- This site is optimized with the Yoast SEO plugin v26.8 - https:\/\/yoast.com\/product\/yoast-seo-wordpress\/ -->\n<title>Cep Recovery Pro Socks femme - Chaussettes de course - MioMioRun<\/title>\n<meta name=\"description\" content=\"Les chaussettes de compression Recovery Pro vous permettent de d\u00e9passer vos limites pendant vos entra\u00eenements. Elles vous aident \u00e0 am\u00e9liorer vos performances.\" \/>\n<meta name=\"robots\" content=\"index, follow, max-snippet:-1, max-image-preview:large, max-video-preview:-1\" \/>\n<link rel=\"canonical\" href=\"https:\/\/www.miomiorun.com\/fr\/produit\/cep-recovery-pro-socks-femme\/\" \/>\n<meta property=\"og:locale\" content=\"fr_FR\" \/>\n<meta property=\"og:type\" content=\"article\" \/>\n<meta property=\"og:title\" content=\"Cep Recovery Pro Socks femme - Chaussettes de course - MioMioRun\" \/>\n<meta property=\"og:description\" content=\"Les chaussettes de compression Recovery Pro vous permettent de d\u00e9passer vos limites pendant vos entra\u00eenements. Elles vous aident \u00e0 am\u00e9liorer vos performances.\" \/>\n<meta property=\"og:url\" content=\"https:\/\/www.miomiorun.com\/fr\/produit\/cep-recovery-pro-socks-femme\/\" \/>\n<meta property=\"og:site_name\" content=\"MioMioRun\" \/>\n<meta property=\"article:publisher\" content=\"https:\/\/www.facebook.com\/miomiorun\/\" \/>\n<meta property=\"article:modified_time\" content=\"2026-01-15T10:08:42+00:00\" \/>\n<meta property=\"og:image\" content=\"https:\/\/www.miomiorun.com\/app\/uploads\/2021\/05\/cep-socks-for-recovery-pro-WP405T.jpg\" \/>\n\t<meta property=\"og:image:width\" content=\"600\" \/>\n\t<meta property=\"og:image:height\" content=\"600\" \/>\n\t<meta property=\"og:image:type\" content=\"image\/jpeg\" \/>\n<meta name=\"twitter:card\" content=\"summary_large_image\" \/>\n<meta name=\"twitter:label1\" content=\"Est. reading time\" \/>\n\t<meta name=\"twitter:data1\" content=\"2 minutes\" \/>\n<script type=\"application\/ld+json\" class=\"yoast-schema-graph\">{\"@context\":\"https:\/\/schema.org\",\"@graph\":[{\"@type\":\"WebPage\",\"@id\":\"https:\/\/www.miomiorun.com\/fr\/produit\/cep-recovery-pro-socks-femme\/\",\"url\":\"https:\/\/www.miomiorun.com\/fr\/produit\/cep-recovery-pro-socks-femme\/\",\"name\":\"Cep Recovery Pro Socks femme - Chaussettes de course - MioMioRun\",\"isPartOf\":{\"@id\":\"https:\/\/www.miomiorun.com\/fr\/#website\"},\"primaryImageOfPage\":{\"@id\":\"https:\/\/www.miomiorun.com\/fr\/produit\/cep-recovery-pro-socks-femme\/#primaryimage\"},\"image\":{\"@id\":\"https:\/\/www.miomiorun.com\/fr\/produit\/cep-recovery-pro-socks-femme\/#primaryimage\"},\"thumbnailUrl\":\"https:\/\/www.miomiorun.com\/app\/uploads\/2021\/05\/cep-socks-for-recovery-pro-WP405T.jpg\",\"datePublished\":\"2021-05-25T10:21:32+00:00\",\"dateModified\":\"2026-01-15T10:08:42+00:00\",\"description\":\"Les chaussettes de compression Recovery Pro vous permettent de d\u00e9passer vos limites pendant vos entra\u00eenements. Elles vous aident \u00e0 am\u00e9liorer vos performances.\",\"breadcrumb\":{\"@id\":\"https:\/\/www.miomiorun.com\/fr\/produit\/cep-recovery-pro-socks-femme\/#breadcrumb\"},\"inLanguage\":\"fr-FR\",\"potentialAction\":[{\"@type\":\"ReadAction\",\"target\":[\"https:\/\/www.miomiorun.com\/fr\/produit\/cep-recovery-pro-socks-femme\/\"]}]},{\"@type\":\"ImageObject\",\"inLanguage\":\"fr-FR\",\"@id\":\"https:\/\/www.miomiorun.com\/fr\/produit\/cep-recovery-pro-socks-femme\/#primaryimage\",\"url\":\"https:\/\/www.miomiorun.com\/app\/uploads\/2021\/05\/cep-socks-for-recovery-pro-WP405T.jpg\",\"contentUrl\":\"https:\/\/www.miomiorun.com\/app\/uploads\/2021\/05\/cep-socks-for-recovery-pro-WP405T.jpg\",\"width\":600,\"height\":600,\"caption\":\"cep-socks-for-recovery-pro-WP405T\"},{\"@type\":\"BreadcrumbList\",\"@id\":\"https:\/\/www.miomiorun.com\/fr\/produit\/cep-recovery-pro-socks-femme\/#breadcrumb\",\"itemListElement\":[{\"@type\":\"ListItem\",\"position\":1,\"name\":\"Home\",\"item\":\"https:\/\/www.miomiorun.com\/fr\/home-page\/\"},{\"@type\":\"ListItem\",\"position\":2,\"name\":\"Shop\",\"item\":\"https:\/\/www.miomiorun.com\/shop\/\"},{\"@type\":\"ListItem\",\"position\":3,\"name\":\"Recovery Pro Socks femme\"}]},{\"@type\":\"WebSite\",\"@id\":\"https:\/\/www.miomiorun.com\/fr\/#website\",\"url\":\"https:\/\/www.miomiorun.com\/fr\/\",\"name\":\"MioMioRun\",\"description\":\"Boutique 100% running et trail\",\"publisher\":{\"@id\":\"https:\/\/www.miomiorun.com\/fr\/#organization\"},\"potentialAction\":[{\"@type\":\"SearchAction\",\"target\":{\"@type\":\"EntryPoint\",\"urlTemplate\":\"https:\/\/www.miomiorun.com\/fr\/?s={search_term_string}\"},\"query-input\":{\"@type\":\"PropertyValueSpecification\",\"valueRequired\":true,\"valueName\":\"search_term_string\"}}],\"inLanguage\":\"fr-FR\"},{\"@type\":\"Organization\",\"@id\":\"https:\/\/www.miomiorun.com\/fr\/#organization\",\"name\":\"MioMio Run\",\"url\":\"https:\/\/www.miomiorun.com\/fr\/\",\"logo\":{\"@type\":\"ImageObject\",\"inLanguage\":\"fr-FR\",\"@id\":\"https:\/\/www.miomiorun.com\/fr\/#\/schema\/logo\/image\/\",\"url\":\"https:\/\/www.miomiorun.com\/app\/uploads\/2019\/12\/logomio.png\",\"contentUrl\":\"https:\/\/www.miomiorun.com\/app\/uploads\/2019\/12\/logomio.png\",\"width\":115,\"height\":82,\"caption\":\"MioMio Run\"},\"image\":{\"@id\":\"https:\/\/www.miomiorun.com\/fr\/#\/schema\/logo\/image\/\"},\"sameAs\":[\"https:\/\/www.facebook.com\/miomiorun\/\",\"https:\/\/www.instagram.com\/miomiorun\/\"]}]}<\/script>\n<!-- \/ Yoast SEO plugin. -->","yoast_head_json":{"title":"Cep Recovery Pro Socks femme - Chaussettes de course - MioMioRun","description":"Les chaussettes de compression Recovery Pro vous permettent de d\u00e9passer vos limites pendant vos entra\u00eenements. Elles vous aident \u00e0 am\u00e9liorer vos performances.","robots":{"index":"index","follow":"follow","max-snippet":"max-snippet:-1","max-image-preview":"max-image-preview:large","max-video-preview":"max-video-preview:-1"},"canonical":"https:\/\/www.miomiorun.com\/fr\/produit\/cep-recovery-pro-socks-femme\/","og_locale":"fr_FR","og_type":"article","og_title":"Cep Recovery Pro Socks femme - Chaussettes de course - MioMioRun","og_description":"Les chaussettes de compression Recovery Pro vous permettent de d\u00e9passer vos limites pendant vos entra\u00eenements. Elles vous aident \u00e0 am\u00e9liorer vos performances.","og_url":"https:\/\/www.miomiorun.com\/fr\/produit\/cep-recovery-pro-socks-femme\/","og_site_name":"MioMioRun","article_publisher":"https:\/\/www.facebook.com\/miomiorun\/","article_modified_time":"2026-01-15T10:08:42+00:00","og_image":[{"width":600,"height":600,"url":"https:\/\/www.miomiorun.com\/app\/uploads\/2021\/05\/cep-socks-for-recovery-pro-WP405T.jpg","type":"image\/jpeg"}],"twitter_card":"summary_large_image","twitter_misc":{"Est. reading time":"2 minutes"},"schema":{"@context":"https:\/\/schema.org","@graph":[{"@type":"WebPage","@id":"https:\/\/www.miomiorun.com\/fr\/produit\/cep-recovery-pro-socks-femme\/","url":"https:\/\/www.miomiorun.com\/fr\/produit\/cep-recovery-pro-socks-femme\/","name":"Cep Recovery Pro Socks femme - Chaussettes de course - MioMioRun","isPartOf":{"@id":"https:\/\/www.miomiorun.com\/fr\/#website"},"primaryImageOfPage":{"@id":"https:\/\/www.miomiorun.com\/fr\/produit\/cep-recovery-pro-socks-femme\/#primaryimage"},"image":{"@id":"https:\/\/www.miomiorun.com\/fr\/produit\/cep-recovery-pro-socks-femme\/#primaryimage"},"thumbnailUrl":"https:\/\/www.miomiorun.com\/app\/uploads\/2021\/05\/cep-socks-for-recovery-pro-WP405T.jpg","datePublished":"2021-05-25T10:21:32+00:00","dateModified":"2026-01-15T10:08:42+00:00","description":"Les chaussettes de compression Recovery Pro vous permettent de d\u00e9passer vos limites pendant vos entra\u00eenements. Elles vous aident \u00e0 am\u00e9liorer vos performances.","breadcrumb":{"@id":"https:\/\/www.miomiorun.com\/fr\/produit\/cep-recovery-pro-socks-femme\/#breadcrumb"},"inLanguage":"fr-FR","potentialAction":[{"@type":"ReadAction","target":["https:\/\/www.miomiorun.com\/fr\/produit\/cep-recovery-pro-socks-femme\/"]}]},{"@type":"ImageObject","inLanguage":"fr-FR","@id":"https:\/\/www.miomiorun.com\/fr\/produit\/cep-recovery-pro-socks-femme\/#primaryimage","url":"https:\/\/www.miomiorun.com\/app\/uploads\/2021\/05\/cep-socks-for-recovery-pro-WP405T.jpg","contentUrl":"https:\/\/www.miomiorun.com\/app\/uploads\/2021\/05\/cep-socks-for-recovery-pro-WP405T.jpg","width":600,"height":600,"caption":"cep-socks-for-recovery-pro-WP405T"},{"@type":"BreadcrumbList","@id":"https:\/\/www.miomiorun.com\/fr\/produit\/cep-recovery-pro-socks-femme\/#breadcrumb","itemListElement":[{"@type":"ListItem","position":1,"name":"Home","item":"https:\/\/www.miomiorun.com\/fr\/home-page\/"},{"@type":"ListItem","position":2,"name":"Shop","item":"https:\/\/www.miomiorun.com\/shop\/"},{"@type":"ListItem","position":3,"name":"Recovery Pro Socks femme"}]},{"@type":"WebSite","@id":"https:\/\/www.miomiorun.com\/fr\/#website","url":"https:\/\/www.miomiorun.com\/fr\/","name":"MioMioRun","description":"Boutique 100% running et trail","publisher":{"@id":"https:\/\/www.miomiorun.com\/fr\/#organization"},"potentialAction":[{"@type":"SearchAction","target":{"@type":"EntryPoint","urlTemplate":"https:\/\/www.miomiorun.com\/fr\/?s={search_term_string}"},"query-input":{"@type":"PropertyValueSpecification","valueRequired":true,"valueName":"search_term_string"}}],"inLanguage":"fr-FR"},{"@type":"Organization","@id":"https:\/\/www.miomiorun.com\/fr\/#organization","name":"MioMio Run","url":"https:\/\/www.miomiorun.com\/fr\/","logo":{"@type":"ImageObject","inLanguage":"fr-FR","@id":"https:\/\/www.miomiorun.com\/fr\/#\/schema\/logo\/image\/","url":"https:\/\/www.miomiorun.com\/app\/uploads\/2019\/12\/logomio.png","contentUrl":"https:\/\/www.miomiorun.com\/app\/uploads\/2019\/12\/logomio.png","width":115,"height":82,"caption":"MioMio Run"},"image":{"@id":"https:\/\/www.miomiorun.com\/fr\/#\/schema\/logo\/image\/"},"sameAs":["https:\/\/www.facebook.com\/miomiorun\/","https:\/\/www.instagram.com\/miomiorun\/"]}]}},"_links":{"self":[{"href":"https:\/\/www.miomiorun.com\/fr\/wp-json\/wp\/v2\/product\/277383","targetHints":{"allow":["GET"]}}],"collection":[{"href":"https:\/\/www.miomiorun.com\/fr\/wp-json\/wp\/v2\/product"}],"about":[{"href":"https:\/\/www.miomiorun.com\/fr\/wp-json\/wp\/v2\/types\/product"}],"wp:featuredmedia":[{"embeddable":true,"href":"https:\/\/www.miomiorun.com\/fr\/wp-json\/wp\/v2\/media\/232247"}],"wp:attachment":[{"href":"https:\/\/www.miomiorun.com\/fr\/wp-json\/wp\/v2\/media?parent=277383"}],"wp:term":[{"taxonomy":"product_brand","embeddable":true,"href":"https:\/\/www.miomiorun.com\/fr\/wp-json\/wp\/v2\/product_brand?post=277383"},{"taxonomy":"product_cat","embeddable":true,"href":"https:\/\/www.miomiorun.com\/fr\/wp-json\/wp\/v2\/product_cat?post=277383"},{"taxonomy":"product_tag","embeddable":true,"href":"https:\/\/www.miomiorun.com\/fr\/wp-json\/wp\/v2\/product_tag?post=277383"}],"curies":[{"name":"wp","href":"https:\/\/api.w.org\/{rel}","templated":true}]}}