{"id":277331,"date":"2021-05-25T17:44:44","date_gmt":"2021-05-25T15:44:44","guid":{"rendered":"https:\/\/miomiorun.com\/prodotto\/cep-run-socks-ultralight-donna\/"},"modified":"2026-01-15T11:09:34","modified_gmt":"2026-01-15T10:09:34","slug":"cep-run-socks-ultralight-femme","status":"publish","type":"product","link":"https:\/\/www.miomiorun.com\/fr\/produit\/cep-run-socks-ultralight-femme\/","title":{"rendered":"Run Socks Ultralight femme"},"content":{"rendered":"<p>Une sensation de bien-\u00eatre pour atteindre votre objectif : les chaussettes de compression Ultralight pour femmes soutiennent vos ambitions sportives. Le\u00a0<strong>mat\u00e9riau respirant et ultra l\u00e9ger\u00a0<\/strong>assure un confort optimal, tandis que\u00a0<strong>la compression am\u00e9liore vos performances.<\/strong>\u00a0Les chaussettes pour femmes \u00e9pousent parfaitement la forme du pied gr\u00e2ce \u00e0 leur coupe anatomique au niveau de la pointe.<\/p>\n<h3>Moins de vibrations musculaires pour plus d&#8217;\u00e9nergie et de force<\/h3>\n<p>Vous sentirez la diff\u00e9rence d\u00e8s les premiers pas : les chaussettes Ultralight Compression Socks pour femmes r\u00e9duisent les vibrations musculaires, pour une d\u00e9pense d&#8217;\u00e9nergie moindre et une foul\u00e9e plus l\u00e9g\u00e8re. En bref : vous profiterez d&#8217;une exp\u00e9rience de course agr\u00e9able, quelle que soit la distance parcourue.<\/p>\n<h3>Des jambes l\u00e9g\u00e8res et plus performantes gr\u00e2ce \u00e0 une meilleure circulation sanguine<\/h3>\n<p>Vos jambes sont nettement plus l\u00e9g\u00e8res avec les chaussettes Ultralight Socks pour femmes et vos performances atteignent de nouveaux sommets gr\u00e2ce \u00e0 la compression medi qui am\u00e9liore la circulation sanguine dans les muscles. R\u00e9sultat : un apport plus efficace en nutriments aux muscles et une \u00e9limination plus rapide des toxines.<\/p>\n<h3>D\u00e9couvrez le confort ultra l\u00e9ger et la coupe parfaite<\/h3>\n<p>Ultra fines et avec un rembourrage minimal, les chaussettes Ultralight Socks sont le lien id\u00e9al entre vos pieds et vos chaussures de course ajust\u00e9es. Leur excellente respirabilit\u00e9 est particuli\u00e8rement appr\u00e9ciable lors des chaudes journ\u00e9es d&#8217;\u00e9t\u00e9,\u00a0<strong>r\u00e9duisant l&#8217;apparition d&#8217;ampoules.<\/strong>\u00a0Des fibres de carbone int\u00e9gr\u00e9es rendent le tissu d\u00e9licat plus stable.<\/p>\n<p>Exploitez votre potentiel avec les chaussettes de compression Ultralight pour femmes et profitez d&#8217;un confort incomparable !<\/p>\n<h3>Caract\u00e9ristiques du produit :<\/h3>\n<ul class=\"selling-points\">\n<li>Profitez d&#8217;un ajustement parfait qui pr\u00e9vient l&#8217;apparition d&#8217;ampoules, gr\u00e2ce au tissu high-tech m\u00e9lang\u00e9 et \u00e0 la coupe ajust\u00e9e.<\/li>\n<li>Profitez de l&#8217;effet Feel-Good d\u00fb \u00e0 l&#8217;augmentation de la circulation sanguine qui am\u00e9liore l&#8217;apport en nutriments aux muscles.<\/li>\n<li>La compression moyenne des chaussettes Ultralight Socks pour femmes r\u00e9duit les vibrations musculaires et vous apporte plus de force et d&#8217;\u00e9nergie.<\/li>\n<\/ul>\n<p><strong>Mat\u00e9riaux : <\/strong>81 % polyamide, 19 % \u00e9lasthanne<\/p>\n","protected":false},"excerpt":{"rendered":"<p>Une sensation de bien-\u00eatre pour atteindre votre objectif : les chaussettes de compression Ultralight pour femmes soutiennent vos ambitions sportives. Le\u00a0mat\u00e9riau respirant et ultra l\u00e9ger\u00a0assure un confort optimal, tandis que\u00a0la compression am\u00e9liore vos performances.\u00a0Les chaussettes pour femmes \u00e9pousent parfaitement la forme du pied gr\u00e2ce \u00e0 leur coupe anatomique au niveau de la pointe. Moins de &hellip; <a href=\"https:\/\/www.miomiorun.com\/fr\/produit\/cep-run-socks-ultralight-femme\/\">Continued<\/a><\/p>\n","protected":false},"featured_media":232249,"template":"","meta":{"_acf_changed":false,"inline_featured_image":false},"product_brand":[],"product_cat":[22597,22596,22595],"product_tag":[23469,23651],"class_list":{"0":"post-277331","1":"product","2":"type-product","3":"status-publish","4":"has-post-thumbnail","6":"product_cat-chaussettes","7":"product_cat-vetements-pour-femmes","8":"product_cat-femme","9":"product_tag-cep-fr","10":"product_tag-cep-femme","11":"pa_attivita-running-fr","12":"pa_attivita-trail-fr","13":"pa_circonferenza-polpaccio-24-31-fr","14":"pa_circonferenza-polpaccio-32-38-fr","15":"pa_colore-run-socks-ultralight-w-black-grey-fr","16":"pa_colore-run-socks-ultralight-w-pink-grey-fr","17":"pa_marca-cep-fr","18":"pa_sesso-femme","20":"first","21":"instock","22":"sale","23":"taxable","24":"shipping-taxable","25":"purchasable","26":"product-type-variable","27":"wvs-archive-product-wrapper"},"acf":[],"yoast_head":"<!-- This site is optimized with the Yoast SEO plugin v26.8 - https:\/\/yoast.com\/product\/yoast-seo-wordpress\/ -->\n<title>Cep Run Socks Ultralight femme - Chaussettes de course - MioMioRun<\/title>\n<meta name=\"description\" content=\"Une sensation de bien-\u00eatre pour atteindre votre objectif : les chaussettes de compression Ultralight pour femmes soutiennent vos ambitions.\" \/>\n<meta name=\"robots\" content=\"index, follow, max-snippet:-1, max-image-preview:large, max-video-preview:-1\" \/>\n<link rel=\"canonical\" href=\"https:\/\/www.miomiorun.com\/fr\/produit\/cep-run-socks-ultralight-femme\/\" \/>\n<meta property=\"og:locale\" content=\"fr_FR\" \/>\n<meta property=\"og:type\" content=\"article\" \/>\n<meta property=\"og:title\" content=\"Cep Run Socks Ultralight femme - Chaussettes de course - MioMioRun\" \/>\n<meta property=\"og:description\" content=\"Une sensation de bien-\u00eatre pour atteindre votre objectif : les chaussettes de compression Ultralight pour femmes soutiennent vos ambitions.\" \/>\n<meta property=\"og:url\" content=\"https:\/\/www.miomiorun.com\/fr\/produit\/cep-run-socks-ultralight-femme\/\" \/>\n<meta property=\"og:site_name\" content=\"MioMioRun\" \/>\n<meta property=\"article:publisher\" content=\"https:\/\/www.facebook.com\/miomiorun\/\" \/>\n<meta property=\"article:modified_time\" content=\"2026-01-15T10:09:34+00:00\" \/>\n<meta property=\"og:image\" content=\"https:\/\/www.miomiorun.com\/app\/uploads\/2021\/05\/cep-Run-socks-ultralight-WP40LY.jpg\" \/>\n\t<meta property=\"og:image:width\" content=\"600\" \/>\n\t<meta property=\"og:image:height\" content=\"600\" \/>\n\t<meta property=\"og:image:type\" content=\"image\/jpeg\" \/>\n<meta name=\"twitter:card\" content=\"summary_large_image\" \/>\n<meta name=\"twitter:label1\" content=\"Est. reading time\" \/>\n\t<meta name=\"twitter:data1\" content=\"2 minutes\" \/>\n<script type=\"application\/ld+json\" class=\"yoast-schema-graph\">{\"@context\":\"https:\/\/schema.org\",\"@graph\":[{\"@type\":\"WebPage\",\"@id\":\"https:\/\/www.miomiorun.com\/fr\/produit\/cep-run-socks-ultralight-femme\/\",\"url\":\"https:\/\/www.miomiorun.com\/fr\/produit\/cep-run-socks-ultralight-femme\/\",\"name\":\"Cep Run Socks Ultralight femme - Chaussettes de course - MioMioRun\",\"isPartOf\":{\"@id\":\"https:\/\/www.miomiorun.com\/fr\/#website\"},\"primaryImageOfPage\":{\"@id\":\"https:\/\/www.miomiorun.com\/fr\/produit\/cep-run-socks-ultralight-femme\/#primaryimage\"},\"image\":{\"@id\":\"https:\/\/www.miomiorun.com\/fr\/produit\/cep-run-socks-ultralight-femme\/#primaryimage\"},\"thumbnailUrl\":\"https:\/\/www.miomiorun.com\/app\/uploads\/2021\/05\/cep-Run-socks-ultralight-WP40LY.jpg\",\"datePublished\":\"2021-05-25T15:44:44+00:00\",\"dateModified\":\"2026-01-15T10:09:34+00:00\",\"description\":\"Une sensation de bien-\u00eatre pour atteindre votre objectif : les chaussettes de compression Ultralight pour femmes soutiennent vos ambitions.\",\"breadcrumb\":{\"@id\":\"https:\/\/www.miomiorun.com\/fr\/produit\/cep-run-socks-ultralight-femme\/#breadcrumb\"},\"inLanguage\":\"fr-FR\",\"potentialAction\":[{\"@type\":\"ReadAction\",\"target\":[\"https:\/\/www.miomiorun.com\/fr\/produit\/cep-run-socks-ultralight-femme\/\"]}]},{\"@type\":\"ImageObject\",\"inLanguage\":\"fr-FR\",\"@id\":\"https:\/\/www.miomiorun.com\/fr\/produit\/cep-run-socks-ultralight-femme\/#primaryimage\",\"url\":\"https:\/\/www.miomiorun.com\/app\/uploads\/2021\/05\/cep-Run-socks-ultralight-WP40LY.jpg\",\"contentUrl\":\"https:\/\/www.miomiorun.com\/app\/uploads\/2021\/05\/cep-Run-socks-ultralight-WP40LY.jpg\",\"width\":600,\"height\":600,\"caption\":\"cep-Run-socks-ultralight-WP40LY\"},{\"@type\":\"BreadcrumbList\",\"@id\":\"https:\/\/www.miomiorun.com\/fr\/produit\/cep-run-socks-ultralight-femme\/#breadcrumb\",\"itemListElement\":[{\"@type\":\"ListItem\",\"position\":1,\"name\":\"Home\",\"item\":\"https:\/\/www.miomiorun.com\/fr\/home-page\/\"},{\"@type\":\"ListItem\",\"position\":2,\"name\":\"Shop\",\"item\":\"https:\/\/www.miomiorun.com\/shop\/\"},{\"@type\":\"ListItem\",\"position\":3,\"name\":\"Run Socks Ultralight femme\"}]},{\"@type\":\"WebSite\",\"@id\":\"https:\/\/www.miomiorun.com\/fr\/#website\",\"url\":\"https:\/\/www.miomiorun.com\/fr\/\",\"name\":\"MioMioRun\",\"description\":\"Boutique 100% running et trail\",\"publisher\":{\"@id\":\"https:\/\/www.miomiorun.com\/fr\/#organization\"},\"potentialAction\":[{\"@type\":\"SearchAction\",\"target\":{\"@type\":\"EntryPoint\",\"urlTemplate\":\"https:\/\/www.miomiorun.com\/fr\/?s={search_term_string}\"},\"query-input\":{\"@type\":\"PropertyValueSpecification\",\"valueRequired\":true,\"valueName\":\"search_term_string\"}}],\"inLanguage\":\"fr-FR\"},{\"@type\":\"Organization\",\"@id\":\"https:\/\/www.miomiorun.com\/fr\/#organization\",\"name\":\"MioMio Run\",\"url\":\"https:\/\/www.miomiorun.com\/fr\/\",\"logo\":{\"@type\":\"ImageObject\",\"inLanguage\":\"fr-FR\",\"@id\":\"https:\/\/www.miomiorun.com\/fr\/#\/schema\/logo\/image\/\",\"url\":\"https:\/\/www.miomiorun.com\/app\/uploads\/2019\/12\/logomio.png\",\"contentUrl\":\"https:\/\/www.miomiorun.com\/app\/uploads\/2019\/12\/logomio.png\",\"width\":115,\"height\":82,\"caption\":\"MioMio Run\"},\"image\":{\"@id\":\"https:\/\/www.miomiorun.com\/fr\/#\/schema\/logo\/image\/\"},\"sameAs\":[\"https:\/\/www.facebook.com\/miomiorun\/\",\"https:\/\/www.instagram.com\/miomiorun\/\"]}]}<\/script>\n<!-- \/ Yoast SEO plugin. -->","yoast_head_json":{"title":"Cep Run Socks Ultralight femme - Chaussettes de course - MioMioRun","description":"Une sensation de bien-\u00eatre pour atteindre votre objectif : les chaussettes de compression Ultralight pour femmes soutiennent vos ambitions.","robots":{"index":"index","follow":"follow","max-snippet":"max-snippet:-1","max-image-preview":"max-image-preview:large","max-video-preview":"max-video-preview:-1"},"canonical":"https:\/\/www.miomiorun.com\/fr\/produit\/cep-run-socks-ultralight-femme\/","og_locale":"fr_FR","og_type":"article","og_title":"Cep Run Socks Ultralight femme - Chaussettes de course - MioMioRun","og_description":"Une sensation de bien-\u00eatre pour atteindre votre objectif : les chaussettes de compression Ultralight pour femmes soutiennent vos ambitions.","og_url":"https:\/\/www.miomiorun.com\/fr\/produit\/cep-run-socks-ultralight-femme\/","og_site_name":"MioMioRun","article_publisher":"https:\/\/www.facebook.com\/miomiorun\/","article_modified_time":"2026-01-15T10:09:34+00:00","og_image":[{"width":600,"height":600,"url":"https:\/\/www.miomiorun.com\/app\/uploads\/2021\/05\/cep-Run-socks-ultralight-WP40LY.jpg","type":"image\/jpeg"}],"twitter_card":"summary_large_image","twitter_misc":{"Est. reading time":"2 minutes"},"schema":{"@context":"https:\/\/schema.org","@graph":[{"@type":"WebPage","@id":"https:\/\/www.miomiorun.com\/fr\/produit\/cep-run-socks-ultralight-femme\/","url":"https:\/\/www.miomiorun.com\/fr\/produit\/cep-run-socks-ultralight-femme\/","name":"Cep Run Socks Ultralight femme - Chaussettes de course - MioMioRun","isPartOf":{"@id":"https:\/\/www.miomiorun.com\/fr\/#website"},"primaryImageOfPage":{"@id":"https:\/\/www.miomiorun.com\/fr\/produit\/cep-run-socks-ultralight-femme\/#primaryimage"},"image":{"@id":"https:\/\/www.miomiorun.com\/fr\/produit\/cep-run-socks-ultralight-femme\/#primaryimage"},"thumbnailUrl":"https:\/\/www.miomiorun.com\/app\/uploads\/2021\/05\/cep-Run-socks-ultralight-WP40LY.jpg","datePublished":"2021-05-25T15:44:44+00:00","dateModified":"2026-01-15T10:09:34+00:00","description":"Une sensation de bien-\u00eatre pour atteindre votre objectif : les chaussettes de compression Ultralight pour femmes soutiennent vos ambitions.","breadcrumb":{"@id":"https:\/\/www.miomiorun.com\/fr\/produit\/cep-run-socks-ultralight-femme\/#breadcrumb"},"inLanguage":"fr-FR","potentialAction":[{"@type":"ReadAction","target":["https:\/\/www.miomiorun.com\/fr\/produit\/cep-run-socks-ultralight-femme\/"]}]},{"@type":"ImageObject","inLanguage":"fr-FR","@id":"https:\/\/www.miomiorun.com\/fr\/produit\/cep-run-socks-ultralight-femme\/#primaryimage","url":"https:\/\/www.miomiorun.com\/app\/uploads\/2021\/05\/cep-Run-socks-ultralight-WP40LY.jpg","contentUrl":"https:\/\/www.miomiorun.com\/app\/uploads\/2021\/05\/cep-Run-socks-ultralight-WP40LY.jpg","width":600,"height":600,"caption":"cep-Run-socks-ultralight-WP40LY"},{"@type":"BreadcrumbList","@id":"https:\/\/www.miomiorun.com\/fr\/produit\/cep-run-socks-ultralight-femme\/#breadcrumb","itemListElement":[{"@type":"ListItem","position":1,"name":"Home","item":"https:\/\/www.miomiorun.com\/fr\/home-page\/"},{"@type":"ListItem","position":2,"name":"Shop","item":"https:\/\/www.miomiorun.com\/shop\/"},{"@type":"ListItem","position":3,"name":"Run Socks Ultralight femme"}]},{"@type":"WebSite","@id":"https:\/\/www.miomiorun.com\/fr\/#website","url":"https:\/\/www.miomiorun.com\/fr\/","name":"MioMioRun","description":"Boutique 100% running et trail","publisher":{"@id":"https:\/\/www.miomiorun.com\/fr\/#organization"},"potentialAction":[{"@type":"SearchAction","target":{"@type":"EntryPoint","urlTemplate":"https:\/\/www.miomiorun.com\/fr\/?s={search_term_string}"},"query-input":{"@type":"PropertyValueSpecification","valueRequired":true,"valueName":"search_term_string"}}],"inLanguage":"fr-FR"},{"@type":"Organization","@id":"https:\/\/www.miomiorun.com\/fr\/#organization","name":"MioMio Run","url":"https:\/\/www.miomiorun.com\/fr\/","logo":{"@type":"ImageObject","inLanguage":"fr-FR","@id":"https:\/\/www.miomiorun.com\/fr\/#\/schema\/logo\/image\/","url":"https:\/\/www.miomiorun.com\/app\/uploads\/2019\/12\/logomio.png","contentUrl":"https:\/\/www.miomiorun.com\/app\/uploads\/2019\/12\/logomio.png","width":115,"height":82,"caption":"MioMio Run"},"image":{"@id":"https:\/\/www.miomiorun.com\/fr\/#\/schema\/logo\/image\/"},"sameAs":["https:\/\/www.facebook.com\/miomiorun\/","https:\/\/www.instagram.com\/miomiorun\/"]}]}},"_links":{"self":[{"href":"https:\/\/www.miomiorun.com\/fr\/wp-json\/wp\/v2\/product\/277331","targetHints":{"allow":["GET"]}}],"collection":[{"href":"https:\/\/www.miomiorun.com\/fr\/wp-json\/wp\/v2\/product"}],"about":[{"href":"https:\/\/www.miomiorun.com\/fr\/wp-json\/wp\/v2\/types\/product"}],"wp:featuredmedia":[{"embeddable":true,"href":"https:\/\/www.miomiorun.com\/fr\/wp-json\/wp\/v2\/media\/232249"}],"wp:attachment":[{"href":"https:\/\/www.miomiorun.com\/fr\/wp-json\/wp\/v2\/media?parent=277331"}],"wp:term":[{"taxonomy":"product_brand","embeddable":true,"href":"https:\/\/www.miomiorun.com\/fr\/wp-json\/wp\/v2\/product_brand?post=277331"},{"taxonomy":"product_cat","embeddable":true,"href":"https:\/\/www.miomiorun.com\/fr\/wp-json\/wp\/v2\/product_cat?post=277331"},{"taxonomy":"product_tag","embeddable":true,"href":"https:\/\/www.miomiorun.com\/fr\/wp-json\/wp\/v2\/product_tag?post=277331"}],"curies":[{"name":"wp","href":"https:\/\/api.w.org\/{rel}","templated":true}]}}