{"id":277312,"date":"2021-05-26T12:18:02","date_gmt":"2021-05-26T10:18:02","guid":{"rendered":"https:\/\/miomiorun.com\/prodotto\/cep-short-socks-ultralight-uomo\/"},"modified":"2026-01-14T10:53:21","modified_gmt":"2026-01-14T09:53:21","slug":"cep-short-socks-ultralight-homme","status":"publish","type":"product","link":"https:\/\/www.miomiorun.com\/fr\/produit\/cep-short-socks-ultralight-homme\/","title":{"rendered":"Short Socks Ultralight homme"},"content":{"rendered":"<p>Pourquoi renoncer aux avantages des chaussettes de compression pendant les journ\u00e9es chaudes ? Les chaussettes courtes Ultralight Short Socks pour hommes vous offrent une technologie innovante et s\u00e9duisent par leur confort parfait. \u00c0 la recherche de nouveaux records personnels, profitez de la compression medi qui active et stabilise, tout en profitant d&#8217;une sensation estivale gr\u00e2ce \u00e0 la mati\u00e8re extr\u00eamement l\u00e9g\u00e8re et respirante du mod\u00e8le court.<\/p>\n<h3>Plus de performances et moins de risques de blessures gr\u00e2ce \u00e0 la compression medi<\/h3>\n<p>Pour la course \u00e0 pied, le v\u00e9lo ou d&#8217;autres activit\u00e9s sportives : les chaussettes courtes Ultralight pour hommes vous aident \u00e0 exploiter pleinement votre potentiel. Gr\u00e2ce \u00e0 la compression innovante medi, vous d\u00e9veloppez de mani\u00e8re optimale le potentiel de votre pied, <strong>augmentant ainsi vos performances et votre endurance.<\/strong>\u00a0L&#8217;effet de compression r\u00e9duit le risque de blessures,\u00a0<strong>en stabilisant la zone du pied et de la cheville.<\/strong><\/p>\n<h3>La coupe pr\u00e9cise et ajust\u00e9e r\u00e9duit les frottements et l&#8217;apparition d&#8217;ampoules.<\/h3>\n<p>Les chaussettes de sport trop larges provoquent des frottements et l&#8217;apparition d&#8217;ampoules, mais pas les Ultralight Short Socks ! Leur efficacit\u00e9 est due \u00e0 leur m\u00e9lange sp\u00e9cifique et ultra-l\u00e9ger de mat\u00e9riaux, associ\u00e9 \u00e0 leur coupe ajust\u00e9e. Les chaussettes restent bien en place dans toutes les situations : fini les pauses involontaires caus\u00e9es par les ampoules.<\/p>\n<h3>Profitez d&#8217;un amorti confortable gr\u00e2ce \u00e0 un rembourrage optimis\u00e9.<\/h3>\n<p>Le confort est au rendez-vous avec ces\u00a0<strong>chaussettes de compression courtes pour homme,<\/strong>\u00a0qui disposent de zones rembourr\u00e9es int\u00e9gr\u00e9es. Le rembourrage amortit les chocs en \u00e9pousant l&#8217;anatomie du pied et am\u00e9liore l&#8217;adh\u00e9rence entre le pied et la chaussure.<\/p>\n<h3>Caract\u00e9ristiques du produit :<\/h3>\n<ul class=\"selling-points\">\n<li>La compression des Ultralight Short Socks stimule les articulations en profondeur, leur conf\u00e9rant ainsi une meilleure stabilit\u00e9. Le risque de blessures est r\u00e9duit.<\/li>\n<li>Le m\u00e9lange de mat\u00e9riaux con\u00e7u en combinaison avec la coupe ajust\u00e9e assure un ajustement compact et s\u00fbr, r\u00e9duisant ainsi les frottements et l&#8217;apparition d&#8217;ampoules.<\/li>\n<li>Les chaussettes sont dot\u00e9es de zones rembourr\u00e9es qui \u00e9pousent l&#8217;anatomie du pied, pour garantir un amorti confortable.<\/li>\n<\/ul>\n<p><strong>Mat\u00e9riaux : <\/strong>85 % polyamide, 15 % \u00e9lasthanne<\/p>\n","protected":false},"excerpt":{"rendered":"<p>Pourquoi renoncer aux avantages des chaussettes de compression pendant les journ\u00e9es chaudes ? Les chaussettes courtes Ultralight Short Socks pour hommes vous offrent une technologie innovante et s\u00e9duisent par leur confort parfait. \u00c0 la recherche de nouveaux records personnels, profitez de la compression medi qui active et stabilise, tout en profitant d&#8217;une sensation estivale gr\u00e2ce &hellip; <a href=\"https:\/\/www.miomiorun.com\/fr\/produit\/cep-short-socks-ultralight-homme\/\">Continued<\/a><\/p>\n","protected":false},"featured_media":232255,"template":"","meta":{"_acf_changed":false,"inline_featured_image":false},"product_brand":[],"product_cat":[24256,24482,24484],"product_tag":[23469,23649],"class_list":{"0":"post-277312","1":"product","2":"type-product","3":"status-publish","4":"has-post-thumbnail","6":"product_cat-chaussettes-fr","7":"product_cat-vetements-pour-hommes-fr","8":"product_cat-homme","9":"product_tag-cep-fr","10":"product_tag-cep-homme","11":"pa_attivita-fitness-fr","12":"pa_attivita-marcher","13":"pa_attivita-running-fr","14":"pa_colore-short-socks-ultralight-m-black-fr","15":"pa_colore-short-socks-ultralight-m-grey-fr","16":"pa_marca-cep-fr","17":"pa_sesso-homme","18":"pa_size-39-42-fr","19":"pa_size-45-48-fr","21":"first","22":"instock","23":"sale","24":"taxable","25":"shipping-taxable","26":"purchasable","27":"product-type-variable","28":"wvs-archive-product-wrapper"},"acf":[],"yoast_head":"<!-- This site is optimized with the Yoast SEO plugin v26.8 - https:\/\/yoast.com\/product\/yoast-seo-wordpress\/ -->\n<title>Cep Short Socks Ultralight homme - Chaussettes de course pour homme - MioMioRun .com<\/title>\n<meta name=\"description\" content=\"Pour la course \u00e0 pied, le v\u00e9lo ou d&#039;autres activit\u00e9s sportives : les chaussettes courtes Ultralight Short Socks pour hommes vous soutiennent gr\u00e2ce \u00e0 la compression innovante medi.\" \/>\n<meta name=\"robots\" content=\"index, follow, max-snippet:-1, max-image-preview:large, max-video-preview:-1\" \/>\n<link rel=\"canonical\" href=\"https:\/\/www.miomiorun.com\/fr\/produit\/cep-short-socks-ultralight-homme\/\" \/>\n<meta property=\"og:locale\" content=\"fr_FR\" \/>\n<meta property=\"og:type\" content=\"article\" \/>\n<meta property=\"og:title\" content=\"Cep Short Socks Ultralight homme - Chaussettes de course pour homme - MioMioRun .com\" \/>\n<meta property=\"og:description\" content=\"Pour la course \u00e0 pied, le v\u00e9lo ou d&#039;autres activit\u00e9s sportives : les chaussettes courtes Ultralight Short Socks pour hommes vous soutiennent gr\u00e2ce \u00e0 la compression innovante medi.\" \/>\n<meta property=\"og:url\" content=\"https:\/\/www.miomiorun.com\/fr\/produit\/cep-short-socks-ultralight-homme\/\" \/>\n<meta property=\"og:site_name\" content=\"MioMioRun\" \/>\n<meta property=\"article:publisher\" content=\"https:\/\/www.facebook.com\/miomiorun\/\" \/>\n<meta property=\"article:modified_time\" content=\"2026-01-14T09:53:21+00:00\" \/>\n<meta property=\"og:image\" content=\"https:\/\/www.miomiorun.com\/app\/uploads\/2021\/05\/cep-Short-socks-ultralight-WP5BIY.jpg\" \/>\n\t<meta property=\"og:image:width\" content=\"600\" \/>\n\t<meta property=\"og:image:height\" content=\"600\" \/>\n\t<meta property=\"og:image:type\" content=\"image\/jpeg\" \/>\n<meta name=\"twitter:card\" content=\"summary_large_image\" \/>\n<meta name=\"twitter:label1\" content=\"Est. reading time\" \/>\n\t<meta name=\"twitter:data1\" content=\"2 minutes\" \/>\n<script type=\"application\/ld+json\" class=\"yoast-schema-graph\">{\"@context\":\"https:\/\/schema.org\",\"@graph\":[{\"@type\":\"WebPage\",\"@id\":\"https:\/\/www.miomiorun.com\/fr\/produit\/cep-short-socks-ultralight-homme\/\",\"url\":\"https:\/\/www.miomiorun.com\/fr\/produit\/cep-short-socks-ultralight-homme\/\",\"name\":\"Cep Short Socks Ultralight homme - Chaussettes de course pour homme - MioMioRun .com\",\"isPartOf\":{\"@id\":\"https:\/\/www.miomiorun.com\/fr\/#website\"},\"primaryImageOfPage\":{\"@id\":\"https:\/\/www.miomiorun.com\/fr\/produit\/cep-short-socks-ultralight-homme\/#primaryimage\"},\"image\":{\"@id\":\"https:\/\/www.miomiorun.com\/fr\/produit\/cep-short-socks-ultralight-homme\/#primaryimage\"},\"thumbnailUrl\":\"https:\/\/www.miomiorun.com\/app\/uploads\/2021\/05\/cep-Short-socks-ultralight-WP5BIY.jpg\",\"datePublished\":\"2021-05-26T10:18:02+00:00\",\"dateModified\":\"2026-01-14T09:53:21+00:00\",\"description\":\"Pour la course \u00e0 pied, le v\u00e9lo ou d'autres activit\u00e9s sportives : les chaussettes courtes Ultralight Short Socks pour hommes vous soutiennent gr\u00e2ce \u00e0 la compression innovante medi.\",\"breadcrumb\":{\"@id\":\"https:\/\/www.miomiorun.com\/fr\/produit\/cep-short-socks-ultralight-homme\/#breadcrumb\"},\"inLanguage\":\"fr-FR\",\"potentialAction\":[{\"@type\":\"ReadAction\",\"target\":[\"https:\/\/www.miomiorun.com\/fr\/produit\/cep-short-socks-ultralight-homme\/\"]}]},{\"@type\":\"ImageObject\",\"inLanguage\":\"fr-FR\",\"@id\":\"https:\/\/www.miomiorun.com\/fr\/produit\/cep-short-socks-ultralight-homme\/#primaryimage\",\"url\":\"https:\/\/www.miomiorun.com\/app\/uploads\/2021\/05\/cep-Short-socks-ultralight-WP5BIY.jpg\",\"contentUrl\":\"https:\/\/www.miomiorun.com\/app\/uploads\/2021\/05\/cep-Short-socks-ultralight-WP5BIY.jpg\",\"width\":600,\"height\":600,\"caption\":\"cep-Short-socks-ultralight-WP5BIY\"},{\"@type\":\"BreadcrumbList\",\"@id\":\"https:\/\/www.miomiorun.com\/fr\/produit\/cep-short-socks-ultralight-homme\/#breadcrumb\",\"itemListElement\":[{\"@type\":\"ListItem\",\"position\":1,\"name\":\"Home\",\"item\":\"https:\/\/www.miomiorun.com\/fr\/home-page\/\"},{\"@type\":\"ListItem\",\"position\":2,\"name\":\"Shop\",\"item\":\"https:\/\/www.miomiorun.com\/shop\/\"},{\"@type\":\"ListItem\",\"position\":3,\"name\":\"Short Socks Ultralight homme\"}]},{\"@type\":\"WebSite\",\"@id\":\"https:\/\/www.miomiorun.com\/fr\/#website\",\"url\":\"https:\/\/www.miomiorun.com\/fr\/\",\"name\":\"MioMioRun\",\"description\":\"Boutique 100% running et trail\",\"publisher\":{\"@id\":\"https:\/\/www.miomiorun.com\/fr\/#organization\"},\"potentialAction\":[{\"@type\":\"SearchAction\",\"target\":{\"@type\":\"EntryPoint\",\"urlTemplate\":\"https:\/\/www.miomiorun.com\/fr\/?s={search_term_string}\"},\"query-input\":{\"@type\":\"PropertyValueSpecification\",\"valueRequired\":true,\"valueName\":\"search_term_string\"}}],\"inLanguage\":\"fr-FR\"},{\"@type\":\"Organization\",\"@id\":\"https:\/\/www.miomiorun.com\/fr\/#organization\",\"name\":\"MioMio Run\",\"url\":\"https:\/\/www.miomiorun.com\/fr\/\",\"logo\":{\"@type\":\"ImageObject\",\"inLanguage\":\"fr-FR\",\"@id\":\"https:\/\/www.miomiorun.com\/fr\/#\/schema\/logo\/image\/\",\"url\":\"https:\/\/www.miomiorun.com\/app\/uploads\/2019\/12\/logomio.png\",\"contentUrl\":\"https:\/\/www.miomiorun.com\/app\/uploads\/2019\/12\/logomio.png\",\"width\":115,\"height\":82,\"caption\":\"MioMio Run\"},\"image\":{\"@id\":\"https:\/\/www.miomiorun.com\/fr\/#\/schema\/logo\/image\/\"},\"sameAs\":[\"https:\/\/www.facebook.com\/miomiorun\/\",\"https:\/\/www.instagram.com\/miomiorun\/\"]}]}<\/script>\n<!-- \/ Yoast SEO plugin. -->","yoast_head_json":{"title":"Cep Short Socks Ultralight homme - Chaussettes de course pour homme - MioMioRun .com","description":"Pour la course \u00e0 pied, le v\u00e9lo ou d'autres activit\u00e9s sportives : les chaussettes courtes Ultralight Short Socks pour hommes vous soutiennent gr\u00e2ce \u00e0 la compression innovante medi.","robots":{"index":"index","follow":"follow","max-snippet":"max-snippet:-1","max-image-preview":"max-image-preview:large","max-video-preview":"max-video-preview:-1"},"canonical":"https:\/\/www.miomiorun.com\/fr\/produit\/cep-short-socks-ultralight-homme\/","og_locale":"fr_FR","og_type":"article","og_title":"Cep Short Socks Ultralight homme - Chaussettes de course pour homme - MioMioRun .com","og_description":"Pour la course \u00e0 pied, le v\u00e9lo ou d'autres activit\u00e9s sportives : les chaussettes courtes Ultralight Short Socks pour hommes vous soutiennent gr\u00e2ce \u00e0 la compression innovante medi.","og_url":"https:\/\/www.miomiorun.com\/fr\/produit\/cep-short-socks-ultralight-homme\/","og_site_name":"MioMioRun","article_publisher":"https:\/\/www.facebook.com\/miomiorun\/","article_modified_time":"2026-01-14T09:53:21+00:00","og_image":[{"width":600,"height":600,"url":"https:\/\/www.miomiorun.com\/app\/uploads\/2021\/05\/cep-Short-socks-ultralight-WP5BIY.jpg","type":"image\/jpeg"}],"twitter_card":"summary_large_image","twitter_misc":{"Est. reading time":"2 minutes"},"schema":{"@context":"https:\/\/schema.org","@graph":[{"@type":"WebPage","@id":"https:\/\/www.miomiorun.com\/fr\/produit\/cep-short-socks-ultralight-homme\/","url":"https:\/\/www.miomiorun.com\/fr\/produit\/cep-short-socks-ultralight-homme\/","name":"Cep Short Socks Ultralight homme - Chaussettes de course pour homme - MioMioRun .com","isPartOf":{"@id":"https:\/\/www.miomiorun.com\/fr\/#website"},"primaryImageOfPage":{"@id":"https:\/\/www.miomiorun.com\/fr\/produit\/cep-short-socks-ultralight-homme\/#primaryimage"},"image":{"@id":"https:\/\/www.miomiorun.com\/fr\/produit\/cep-short-socks-ultralight-homme\/#primaryimage"},"thumbnailUrl":"https:\/\/www.miomiorun.com\/app\/uploads\/2021\/05\/cep-Short-socks-ultralight-WP5BIY.jpg","datePublished":"2021-05-26T10:18:02+00:00","dateModified":"2026-01-14T09:53:21+00:00","description":"Pour la course \u00e0 pied, le v\u00e9lo ou d'autres activit\u00e9s sportives : les chaussettes courtes Ultralight Short Socks pour hommes vous soutiennent gr\u00e2ce \u00e0 la compression innovante medi.","breadcrumb":{"@id":"https:\/\/www.miomiorun.com\/fr\/produit\/cep-short-socks-ultralight-homme\/#breadcrumb"},"inLanguage":"fr-FR","potentialAction":[{"@type":"ReadAction","target":["https:\/\/www.miomiorun.com\/fr\/produit\/cep-short-socks-ultralight-homme\/"]}]},{"@type":"ImageObject","inLanguage":"fr-FR","@id":"https:\/\/www.miomiorun.com\/fr\/produit\/cep-short-socks-ultralight-homme\/#primaryimage","url":"https:\/\/www.miomiorun.com\/app\/uploads\/2021\/05\/cep-Short-socks-ultralight-WP5BIY.jpg","contentUrl":"https:\/\/www.miomiorun.com\/app\/uploads\/2021\/05\/cep-Short-socks-ultralight-WP5BIY.jpg","width":600,"height":600,"caption":"cep-Short-socks-ultralight-WP5BIY"},{"@type":"BreadcrumbList","@id":"https:\/\/www.miomiorun.com\/fr\/produit\/cep-short-socks-ultralight-homme\/#breadcrumb","itemListElement":[{"@type":"ListItem","position":1,"name":"Home","item":"https:\/\/www.miomiorun.com\/fr\/home-page\/"},{"@type":"ListItem","position":2,"name":"Shop","item":"https:\/\/www.miomiorun.com\/shop\/"},{"@type":"ListItem","position":3,"name":"Short Socks Ultralight homme"}]},{"@type":"WebSite","@id":"https:\/\/www.miomiorun.com\/fr\/#website","url":"https:\/\/www.miomiorun.com\/fr\/","name":"MioMioRun","description":"Boutique 100% running et trail","publisher":{"@id":"https:\/\/www.miomiorun.com\/fr\/#organization"},"potentialAction":[{"@type":"SearchAction","target":{"@type":"EntryPoint","urlTemplate":"https:\/\/www.miomiorun.com\/fr\/?s={search_term_string}"},"query-input":{"@type":"PropertyValueSpecification","valueRequired":true,"valueName":"search_term_string"}}],"inLanguage":"fr-FR"},{"@type":"Organization","@id":"https:\/\/www.miomiorun.com\/fr\/#organization","name":"MioMio Run","url":"https:\/\/www.miomiorun.com\/fr\/","logo":{"@type":"ImageObject","inLanguage":"fr-FR","@id":"https:\/\/www.miomiorun.com\/fr\/#\/schema\/logo\/image\/","url":"https:\/\/www.miomiorun.com\/app\/uploads\/2019\/12\/logomio.png","contentUrl":"https:\/\/www.miomiorun.com\/app\/uploads\/2019\/12\/logomio.png","width":115,"height":82,"caption":"MioMio Run"},"image":{"@id":"https:\/\/www.miomiorun.com\/fr\/#\/schema\/logo\/image\/"},"sameAs":["https:\/\/www.facebook.com\/miomiorun\/","https:\/\/www.instagram.com\/miomiorun\/"]}]}},"_links":{"self":[{"href":"https:\/\/www.miomiorun.com\/fr\/wp-json\/wp\/v2\/product\/277312","targetHints":{"allow":["GET"]}}],"collection":[{"href":"https:\/\/www.miomiorun.com\/fr\/wp-json\/wp\/v2\/product"}],"about":[{"href":"https:\/\/www.miomiorun.com\/fr\/wp-json\/wp\/v2\/types\/product"}],"wp:featuredmedia":[{"embeddable":true,"href":"https:\/\/www.miomiorun.com\/fr\/wp-json\/wp\/v2\/media\/232255"}],"wp:attachment":[{"href":"https:\/\/www.miomiorun.com\/fr\/wp-json\/wp\/v2\/media?parent=277312"}],"wp:term":[{"taxonomy":"product_brand","embeddable":true,"href":"https:\/\/www.miomiorun.com\/fr\/wp-json\/wp\/v2\/product_brand?post=277312"},{"taxonomy":"product_cat","embeddable":true,"href":"https:\/\/www.miomiorun.com\/fr\/wp-json\/wp\/v2\/product_cat?post=277312"},{"taxonomy":"product_tag","embeddable":true,"href":"https:\/\/www.miomiorun.com\/fr\/wp-json\/wp\/v2\/product_tag?post=277312"}],"curies":[{"name":"wp","href":"https:\/\/api.w.org\/{rel}","templated":true}]}}