{"id":277308,"date":"2021-05-27T09:58:31","date_gmt":"2021-05-27T07:58:31","guid":{"rendered":"https:\/\/miomiorun.com\/prodotto\/cep-sleeves-ultralight-pro-uomo\/"},"modified":"2026-01-14T10:54:08","modified_gmt":"2026-01-14T09:54:08","slug":"cep-sleeves-ultralight-pro-homme","status":"publish","type":"product","link":"https:\/\/www.miomiorun.com\/fr\/produit\/cep-sleeves-ultralight-pro-homme\/","title":{"rendered":"Sleeves Ultralight Pro homme"},"content":{"rendered":"<p>Les jambi\u00e8res parfaites pour le trail running : les Ultralight Pro Compression Sleeves pour hommes sont dot\u00e9es d&#8217;un <strong>Carbon Print de haute qualit\u00e9<\/strong> qui prot\u00e8ge vos tibias du contact avec les buissons. Associ\u00e9es \u00e0 des fibres de carbone suppl\u00e9mentaires, elles augmentent la durabilit\u00e9 de ce mat\u00e9riau extr\u00eamement fin et l\u00e9ger. Portez ces jambi\u00e8res par temps chaud et <strong>exploitez pleinement votre potentiel<\/strong>. Les Sleeves compl\u00e8tent votre <strong>look de trail running<\/strong> de mani\u00e8re fonctionnelle et styl\u00e9e.<\/p>\n<h3>Manchons Pro pour hommes avec imprim\u00e9 carbone pour le trail running<\/h3>\n<p>Les courses sur des sentiers \u00e9troits et des terrains \u00e0 la v\u00e9g\u00e9tation dense usent le mat\u00e9riel, mais la couche de carbone prot\u00e8ge vos tibias et vos jambi\u00e8res du contact avec les buissons. Le mat\u00e9riau fin, l\u00e9ger et respirant offre un soutien exceptionnel lors de vos courses estivales.<\/p>\n<h3>Jambi\u00e8res d&#8217;\u00e9t\u00e9 pour plus de l\u00e9g\u00e8ret\u00e9, de bien-\u00eatre et de force<\/h3>\n<p>Les manchons ne glissent pas gr\u00e2ce \u00e0 leur m\u00e9lange de mat\u00e9riaux ultra-l\u00e9gers et sont agr\u00e9ables au toucher. Les manchons r\u00e9duisent les vibrations musculaires, activent les muscles de vos mollets et am\u00e9liorent vos performances.<\/p>\n<h3>Meilleur apport en nutriments pour plus de force et un effet bien-\u00eatre<\/h3>\n<p>Gr\u00e2ce \u00e0 l&#8217;utilisation d&#8217;une compression encore plus moyenne, vos jambes b\u00e9n\u00e9ficient d&#8217;un apport optimis\u00e9 en nutriments pendant l&#8217;\u00e9t\u00e9. L&#8217;oxyg\u00e8ne atteint les cellules plus rapidement, vos jambes sont plus fra\u00eeches et plus \u00e9nergiques. La pression douce sur les muscles entra\u00eene une stabilisation profonde. Les manchons Ultralight Pro Sleeves pour hommes sont id\u00e9aux pour les amateurs de trail running, d&#8217;athl\u00e9tisme et de sports d&#8217;endurance lors d&#8217;entra\u00eenements ou de comp\u00e9titions en \u00e9t\u00e9.<\/p>\n<h3>Caract\u00e9ristiques du produit :<\/h3>\n<ul class=\"selling-points\">\n<li>Les manchons de compression Ultralight Pro pour hommes r\u00e9duisent les vibrations musculaires qui sapent votre \u00e9nergie. Profitez d&#8217;une course avec des jambes pleines de force !<\/li>\n<li>La compression moyenne stimule en profondeur les muscles de vos mollets gr\u00e2ce \u00e0 une pression cibl\u00e9e, vous procurant ainsi la stabilit\u00e9 n\u00e9cessaire.<\/li>\n<li>L&#8217;apport optimis\u00e9 en nutriments procure une agr\u00e9able sensation de l\u00e9g\u00e8ret\u00e9 dans les jambes et un effet bien-\u00eatre.<\/li>\n<\/ul>\n<p><strong>Mat\u00e9riaux :<\/strong> 77 % polyamide, 23 % \u00e9lasthanne<\/p>\n","protected":false},"excerpt":{"rendered":"<p>Les jambi\u00e8res parfaites pour le trail running : les Ultralight Pro Compression Sleeves pour hommes sont dot\u00e9es d&#8217;un Carbon Print de haute qualit\u00e9 qui prot\u00e8ge vos tibias du contact avec les buissons. Associ\u00e9es \u00e0 des fibres de carbone suppl\u00e9mentaires, elles augmentent la durabilit\u00e9 de ce mat\u00e9riau extr\u00eamement fin et l\u00e9ger. Portez ces jambi\u00e8res par temps &hellip; <a href=\"https:\/\/www.miomiorun.com\/fr\/produit\/cep-sleeves-ultralight-pro-homme\/\">Continued<\/a><\/p>\n","protected":false},"featured_media":232261,"template":"","meta":{"_acf_changed":false,"inline_featured_image":false},"product_brand":[],"product_cat":[24256,24482,24484],"product_tag":[23469,23649],"class_list":{"0":"post-277308","1":"product","2":"type-product","3":"status-publish","4":"has-post-thumbnail","6":"product_cat-chaussettes-fr","7":"product_cat-vetements-pour-hommes-fr","8":"product_cat-homme","9":"product_tag-cep-fr","10":"product_tag-cep-homme","11":"pa_attivita-running-fr","12":"pa_attivita-trail-fr","13":"pa_circonferenza-polpaccio-39-44-fr","14":"pa_circonferenza-polpaccio-45-51-fr-2","15":"pa_colore-sleeves-ultalight-pro-m-black-fr-2","16":"pa_colore-sleeves-ultralight-pro-m-blue-fr","17":"pa_marca-cep-fr","18":"pa_sesso-homme","20":"first","21":"instock","22":"sale","23":"taxable","24":"shipping-taxable","25":"purchasable","26":"product-type-variable","27":"wvs-archive-product-wrapper"},"acf":[],"yoast_head":"<!-- This site is optimized with the Yoast SEO plugin v26.8 - https:\/\/yoast.com\/product\/yoast-seo-wordpress\/ -->\n<title>Cep Sleeves Ultralight Pro homme - Chaussettes de course pour homme - MioMioRun .com<\/title>\n<meta name=\"description\" content=\"Les jambi\u00e8res parfaites pour le trail running : les Ultralight Pro Compression Sleeves pour hommes sont dot\u00e9es d&#039;un Carbon Print de haute qualit\u00e9.\" \/>\n<meta name=\"robots\" content=\"index, follow, max-snippet:-1, max-image-preview:large, max-video-preview:-1\" \/>\n<link rel=\"canonical\" href=\"https:\/\/www.miomiorun.com\/fr\/produit\/cep-sleeves-ultralight-pro-homme\/\" \/>\n<meta property=\"og:locale\" content=\"fr_FR\" \/>\n<meta property=\"og:type\" content=\"article\" \/>\n<meta property=\"og:title\" content=\"Cep Sleeves Ultralight Pro homme - Chaussettes de course pour homme - MioMioRun .com\" \/>\n<meta property=\"og:description\" content=\"Les jambi\u00e8res parfaites pour le trail running : les Ultralight Pro Compression Sleeves pour hommes sont dot\u00e9es d&#039;un Carbon Print de haute qualit\u00e9.\" \/>\n<meta property=\"og:url\" content=\"https:\/\/www.miomiorun.com\/fr\/produit\/cep-sleeves-ultralight-pro-homme\/\" \/>\n<meta property=\"og:site_name\" content=\"MioMioRun\" \/>\n<meta property=\"article:publisher\" content=\"https:\/\/www.facebook.com\/miomiorun\/\" \/>\n<meta property=\"article:modified_time\" content=\"2026-01-14T09:54:08+00:00\" \/>\n<meta property=\"og:image\" content=\"https:\/\/www.miomiorun.com\/app\/uploads\/2021\/05\/cep-Sleeves-ultalight-Pro-WS50IQ.jpg\" \/>\n\t<meta property=\"og:image:width\" content=\"600\" \/>\n\t<meta property=\"og:image:height\" content=\"600\" \/>\n\t<meta property=\"og:image:type\" content=\"image\/jpeg\" \/>\n<meta name=\"twitter:card\" content=\"summary_large_image\" \/>\n<meta name=\"twitter:label1\" content=\"Est. reading time\" \/>\n\t<meta name=\"twitter:data1\" content=\"2 minutes\" \/>\n<script type=\"application\/ld+json\" class=\"yoast-schema-graph\">{\"@context\":\"https:\/\/schema.org\",\"@graph\":[{\"@type\":\"WebPage\",\"@id\":\"https:\/\/www.miomiorun.com\/fr\/produit\/cep-sleeves-ultralight-pro-homme\/\",\"url\":\"https:\/\/www.miomiorun.com\/fr\/produit\/cep-sleeves-ultralight-pro-homme\/\",\"name\":\"Cep Sleeves Ultralight Pro homme - Chaussettes de course pour homme - MioMioRun .com\",\"isPartOf\":{\"@id\":\"https:\/\/www.miomiorun.com\/fr\/#website\"},\"primaryImageOfPage\":{\"@id\":\"https:\/\/www.miomiorun.com\/fr\/produit\/cep-sleeves-ultralight-pro-homme\/#primaryimage\"},\"image\":{\"@id\":\"https:\/\/www.miomiorun.com\/fr\/produit\/cep-sleeves-ultralight-pro-homme\/#primaryimage\"},\"thumbnailUrl\":\"https:\/\/www.miomiorun.com\/app\/uploads\/2021\/05\/cep-Sleeves-ultalight-Pro-WS50IQ.jpg\",\"datePublished\":\"2021-05-27T07:58:31+00:00\",\"dateModified\":\"2026-01-14T09:54:08+00:00\",\"description\":\"Les jambi\u00e8res parfaites pour le trail running : les Ultralight Pro Compression Sleeves pour hommes sont dot\u00e9es d'un Carbon Print de haute qualit\u00e9.\",\"breadcrumb\":{\"@id\":\"https:\/\/www.miomiorun.com\/fr\/produit\/cep-sleeves-ultralight-pro-homme\/#breadcrumb\"},\"inLanguage\":\"fr-FR\",\"potentialAction\":[{\"@type\":\"ReadAction\",\"target\":[\"https:\/\/www.miomiorun.com\/fr\/produit\/cep-sleeves-ultralight-pro-homme\/\"]}]},{\"@type\":\"ImageObject\",\"inLanguage\":\"fr-FR\",\"@id\":\"https:\/\/www.miomiorun.com\/fr\/produit\/cep-sleeves-ultralight-pro-homme\/#primaryimage\",\"url\":\"https:\/\/www.miomiorun.com\/app\/uploads\/2021\/05\/cep-Sleeves-ultalight-Pro-WS50IQ.jpg\",\"contentUrl\":\"https:\/\/www.miomiorun.com\/app\/uploads\/2021\/05\/cep-Sleeves-ultalight-Pro-WS50IQ.jpg\",\"width\":600,\"height\":600,\"caption\":\"cep-Sleeves-ultalight-Pro-WS50IQ\"},{\"@type\":\"BreadcrumbList\",\"@id\":\"https:\/\/www.miomiorun.com\/fr\/produit\/cep-sleeves-ultralight-pro-homme\/#breadcrumb\",\"itemListElement\":[{\"@type\":\"ListItem\",\"position\":1,\"name\":\"Home\",\"item\":\"https:\/\/www.miomiorun.com\/fr\/home-page\/\"},{\"@type\":\"ListItem\",\"position\":2,\"name\":\"Shop\",\"item\":\"https:\/\/www.miomiorun.com\/shop\/\"},{\"@type\":\"ListItem\",\"position\":3,\"name\":\"Sleeves Ultralight Pro homme\"}]},{\"@type\":\"WebSite\",\"@id\":\"https:\/\/www.miomiorun.com\/fr\/#website\",\"url\":\"https:\/\/www.miomiorun.com\/fr\/\",\"name\":\"MioMioRun\",\"description\":\"Boutique 100% running et trail\",\"publisher\":{\"@id\":\"https:\/\/www.miomiorun.com\/fr\/#organization\"},\"potentialAction\":[{\"@type\":\"SearchAction\",\"target\":{\"@type\":\"EntryPoint\",\"urlTemplate\":\"https:\/\/www.miomiorun.com\/fr\/?s={search_term_string}\"},\"query-input\":{\"@type\":\"PropertyValueSpecification\",\"valueRequired\":true,\"valueName\":\"search_term_string\"}}],\"inLanguage\":\"fr-FR\"},{\"@type\":\"Organization\",\"@id\":\"https:\/\/www.miomiorun.com\/fr\/#organization\",\"name\":\"MioMio Run\",\"url\":\"https:\/\/www.miomiorun.com\/fr\/\",\"logo\":{\"@type\":\"ImageObject\",\"inLanguage\":\"fr-FR\",\"@id\":\"https:\/\/www.miomiorun.com\/fr\/#\/schema\/logo\/image\/\",\"url\":\"https:\/\/www.miomiorun.com\/app\/uploads\/2019\/12\/logomio.png\",\"contentUrl\":\"https:\/\/www.miomiorun.com\/app\/uploads\/2019\/12\/logomio.png\",\"width\":115,\"height\":82,\"caption\":\"MioMio Run\"},\"image\":{\"@id\":\"https:\/\/www.miomiorun.com\/fr\/#\/schema\/logo\/image\/\"},\"sameAs\":[\"https:\/\/www.facebook.com\/miomiorun\/\",\"https:\/\/www.instagram.com\/miomiorun\/\"]}]}<\/script>\n<!-- \/ Yoast SEO plugin. -->","yoast_head_json":{"title":"Cep Sleeves Ultralight Pro homme - Chaussettes de course pour homme - MioMioRun .com","description":"Les jambi\u00e8res parfaites pour le trail running : les Ultralight Pro Compression Sleeves pour hommes sont dot\u00e9es d'un Carbon Print de haute qualit\u00e9.","robots":{"index":"index","follow":"follow","max-snippet":"max-snippet:-1","max-image-preview":"max-image-preview:large","max-video-preview":"max-video-preview:-1"},"canonical":"https:\/\/www.miomiorun.com\/fr\/produit\/cep-sleeves-ultralight-pro-homme\/","og_locale":"fr_FR","og_type":"article","og_title":"Cep Sleeves Ultralight Pro homme - Chaussettes de course pour homme - MioMioRun .com","og_description":"Les jambi\u00e8res parfaites pour le trail running : les Ultralight Pro Compression Sleeves pour hommes sont dot\u00e9es d'un Carbon Print de haute qualit\u00e9.","og_url":"https:\/\/www.miomiorun.com\/fr\/produit\/cep-sleeves-ultralight-pro-homme\/","og_site_name":"MioMioRun","article_publisher":"https:\/\/www.facebook.com\/miomiorun\/","article_modified_time":"2026-01-14T09:54:08+00:00","og_image":[{"width":600,"height":600,"url":"https:\/\/www.miomiorun.com\/app\/uploads\/2021\/05\/cep-Sleeves-ultalight-Pro-WS50IQ.jpg","type":"image\/jpeg"}],"twitter_card":"summary_large_image","twitter_misc":{"Est. reading time":"2 minutes"},"schema":{"@context":"https:\/\/schema.org","@graph":[{"@type":"WebPage","@id":"https:\/\/www.miomiorun.com\/fr\/produit\/cep-sleeves-ultralight-pro-homme\/","url":"https:\/\/www.miomiorun.com\/fr\/produit\/cep-sleeves-ultralight-pro-homme\/","name":"Cep Sleeves Ultralight Pro homme - Chaussettes de course pour homme - MioMioRun .com","isPartOf":{"@id":"https:\/\/www.miomiorun.com\/fr\/#website"},"primaryImageOfPage":{"@id":"https:\/\/www.miomiorun.com\/fr\/produit\/cep-sleeves-ultralight-pro-homme\/#primaryimage"},"image":{"@id":"https:\/\/www.miomiorun.com\/fr\/produit\/cep-sleeves-ultralight-pro-homme\/#primaryimage"},"thumbnailUrl":"https:\/\/www.miomiorun.com\/app\/uploads\/2021\/05\/cep-Sleeves-ultalight-Pro-WS50IQ.jpg","datePublished":"2021-05-27T07:58:31+00:00","dateModified":"2026-01-14T09:54:08+00:00","description":"Les jambi\u00e8res parfaites pour le trail running : les Ultralight Pro Compression Sleeves pour hommes sont dot\u00e9es d'un Carbon Print de haute qualit\u00e9.","breadcrumb":{"@id":"https:\/\/www.miomiorun.com\/fr\/produit\/cep-sleeves-ultralight-pro-homme\/#breadcrumb"},"inLanguage":"fr-FR","potentialAction":[{"@type":"ReadAction","target":["https:\/\/www.miomiorun.com\/fr\/produit\/cep-sleeves-ultralight-pro-homme\/"]}]},{"@type":"ImageObject","inLanguage":"fr-FR","@id":"https:\/\/www.miomiorun.com\/fr\/produit\/cep-sleeves-ultralight-pro-homme\/#primaryimage","url":"https:\/\/www.miomiorun.com\/app\/uploads\/2021\/05\/cep-Sleeves-ultalight-Pro-WS50IQ.jpg","contentUrl":"https:\/\/www.miomiorun.com\/app\/uploads\/2021\/05\/cep-Sleeves-ultalight-Pro-WS50IQ.jpg","width":600,"height":600,"caption":"cep-Sleeves-ultalight-Pro-WS50IQ"},{"@type":"BreadcrumbList","@id":"https:\/\/www.miomiorun.com\/fr\/produit\/cep-sleeves-ultralight-pro-homme\/#breadcrumb","itemListElement":[{"@type":"ListItem","position":1,"name":"Home","item":"https:\/\/www.miomiorun.com\/fr\/home-page\/"},{"@type":"ListItem","position":2,"name":"Shop","item":"https:\/\/www.miomiorun.com\/shop\/"},{"@type":"ListItem","position":3,"name":"Sleeves Ultralight Pro homme"}]},{"@type":"WebSite","@id":"https:\/\/www.miomiorun.com\/fr\/#website","url":"https:\/\/www.miomiorun.com\/fr\/","name":"MioMioRun","description":"Boutique 100% running et trail","publisher":{"@id":"https:\/\/www.miomiorun.com\/fr\/#organization"},"potentialAction":[{"@type":"SearchAction","target":{"@type":"EntryPoint","urlTemplate":"https:\/\/www.miomiorun.com\/fr\/?s={search_term_string}"},"query-input":{"@type":"PropertyValueSpecification","valueRequired":true,"valueName":"search_term_string"}}],"inLanguage":"fr-FR"},{"@type":"Organization","@id":"https:\/\/www.miomiorun.com\/fr\/#organization","name":"MioMio Run","url":"https:\/\/www.miomiorun.com\/fr\/","logo":{"@type":"ImageObject","inLanguage":"fr-FR","@id":"https:\/\/www.miomiorun.com\/fr\/#\/schema\/logo\/image\/","url":"https:\/\/www.miomiorun.com\/app\/uploads\/2019\/12\/logomio.png","contentUrl":"https:\/\/www.miomiorun.com\/app\/uploads\/2019\/12\/logomio.png","width":115,"height":82,"caption":"MioMio Run"},"image":{"@id":"https:\/\/www.miomiorun.com\/fr\/#\/schema\/logo\/image\/"},"sameAs":["https:\/\/www.facebook.com\/miomiorun\/","https:\/\/www.instagram.com\/miomiorun\/"]}]}},"_links":{"self":[{"href":"https:\/\/www.miomiorun.com\/fr\/wp-json\/wp\/v2\/product\/277308","targetHints":{"allow":["GET"]}}],"collection":[{"href":"https:\/\/www.miomiorun.com\/fr\/wp-json\/wp\/v2\/product"}],"about":[{"href":"https:\/\/www.miomiorun.com\/fr\/wp-json\/wp\/v2\/types\/product"}],"wp:featuredmedia":[{"embeddable":true,"href":"https:\/\/www.miomiorun.com\/fr\/wp-json\/wp\/v2\/media\/232261"}],"wp:attachment":[{"href":"https:\/\/www.miomiorun.com\/fr\/wp-json\/wp\/v2\/media?parent=277308"}],"wp:term":[{"taxonomy":"product_brand","embeddable":true,"href":"https:\/\/www.miomiorun.com\/fr\/wp-json\/wp\/v2\/product_brand?post=277308"},{"taxonomy":"product_cat","embeddable":true,"href":"https:\/\/www.miomiorun.com\/fr\/wp-json\/wp\/v2\/product_cat?post=277308"},{"taxonomy":"product_tag","embeddable":true,"href":"https:\/\/www.miomiorun.com\/fr\/wp-json\/wp\/v2\/product_tag?post=277308"}],"curies":[{"name":"wp","href":"https:\/\/api.w.org\/{rel}","templated":true}]}}