{"id":277299,"date":"2021-06-01T19:19:36","date_gmt":"2021-06-01T17:19:36","guid":{"rendered":"https:\/\/miomiorun.com\/prodotto\/compressport-trail-postural-ss-top-donna\/"},"modified":"2025-11-18T18:59:54","modified_gmt":"2025-11-18T17:59:54","slug":"compressport-trail-postural-ss-top-donna","status":"publish","type":"product","link":"https:\/\/www.miomiorun.com\/fr\/produit\/compressport-trail-postural-ss-top-donna\/","title":{"rendered":"Trail Postural SS Top donna"},"content":{"rendered":"<p>La nuova<strong> Trail Postural SS Top<\/strong> da donna \u00e8 progettata per la performance.<\/p>\n<p>L<strong>&#8216;Ergo Fit<\/strong> \u00e8 progettato per adattarsi come una seconda pelle, con la tecnologia <strong>Spin Control<\/strong> che aiuta a mantenere le spalle dritte e il busto ben impostato. Il suo morbido tessuto in <strong>microfibre<\/strong> senza cuciture garantisce l\u2019assenza di irritazioni in tutte le aree sensibili, evacuando rapidamente il sudore.<\/p>\n<p>La <strong>termoregolazione<\/strong> ottimizzata e la <strong>protezione termica<\/strong> mantengono caldo quando fa freddo e fresco quando non fa caldo. Il collo pi\u00f9 alto aumenta il comfort e la protezione se il tempo peggiora improvvisamente, mentre una cerniera su tutta la lunghezza pu\u00f2 essere aperta per una maggiore aerazione.<\/p>\n<p>Il design riprogettato della manica libera l&#8217;area della spalla consentendo movimenti ad ampio raggio. Grazie alla <strong>Freebelt<\/strong> avvolgente a 4 scomparti, potrai trasportare facilmente l\u2019indispensabile per la corsa.<\/p>\n<p>Il suo tessuto elasticizzato permette una capacit\u00e0 modulabile e l&#8217;accesso \u00e8 molto facile grazie alle linguette facili da afferrare: non dovrai pi\u00f9 frugare per ore per trovare i gel energetici! La cintura trattiene gli oggetti contenuti impedendone il rimbalzo, come confermato dai nostri professionisti, e impedisce alla maglietta di risalire mentre si corre. Il tessuto \u00e8 realizzato con fibre tinte, con conseguente migliore durata e minore trasparenza.<\/p>\n<section class=\"product-additional-info pt-4 pb-4\">\n<div class=\"d-flex mt-5 pt-4 pb-md-4 pb-3 text-center box-additional-info align-items-center flex-wrap\">\n<div class=\"col-lg-3 col-md-6 col-12 data-sheet\">\n<h2>Peso netto del prodotto<\/h2>\n<p>107.00 g<\/p>\n<\/div>\n<div class=\"data-sheet col-lg-3 col-md-6 col-12 feature_1 \">\n<h2>Composizioni<\/h2>\n<p>92%PA 8%EA<\/p>\n<\/div>\n<div class=\"col-lg-3 col-md-6 col-12 data-sheet\">\n<h2>Istruzioni di lavaggio e cura<\/h2>\n<p><img decoding=\"async\" class=\"img-fluid\" src=\"https:\/\/www.compressport.com\/img\/cms\/icons\/picto_wash.png\" \/><\/p>\n<\/div>\n<\/div>\n<\/section>\n<div><\/div>\n<h2>Tecnologie<\/h2>\n<div>\n<div id=\"techno_255\" class=\"col-lg-4 col-12 collapse show\" data-parent=\"#feat_table_10\" data-bck-image=\"https:\/\/www.compressport.com\/it\/img\/feature_values\/2_255.png\">\n<h3>Ergo-fit<\/h3>\n<p>Perfetta vestibilit\u00e0, massima efficienza e comfort (senza sfregamenti).<\/p>\n<div id=\"techno_266\" class=\"col-lg-4 col-12 collapse show\" data-parent=\"#feat_table_10\" data-bck-image=\"https:\/\/www.compressport.com\/it\/img\/feature_values\/2_266.png\">\n<h3>Hemless<\/h3>\n<p>Senza cuciture e senza elastico, non comprimono il polpaccio (senza effetto tourniquet), e alleviano la pressione sulla caviglia.<\/p>\n<div id=\"techno_295\" class=\"col-lg-4 col-12 collapse show\" data-parent=\"#feat_table_10\" data-bck-image=\"https:\/\/www.compressport.com\/it\/img\/feature_values\/2_295.png\">\n<h3>Spin control<\/h3>\n<p>Questa leggera area di compressione \u00e8 direttamente inserita nel tessuto per garantire il corretto posizionamento del corpo durante lo sforzo di lunga durata e per mantenere le spalle allineate. Ci\u00f2 aumenter\u00e0 la capacit\u00e0 respiratoria e migliorer\u00e0 l&#8217;ossigenazione durante e dopo lo sforzo facilitando il recupero.<\/p>\n<div id=\"techno_309\" class=\"col-lg-4 col-12 collapse show\" data-parent=\"#feat_table_10\" data-bck-image=\"\">\n<h3>Ultralight<\/h3>\n<p>Non trattiene l&#8217;acqua e rimane leggero in qualsiasi condizione.<\/p>\n<div id=\"techno_322\" class=\"col-lg-4 col-12 collapse show\" data-parent=\"#feat_table_10\" data-bck-image=\"https:\/\/www.compressport.com\/it\/img\/feature_values\/2_322.png\">\n<h3>zip auto block<\/h3>\n<p>La protezione zip evita qualsiasi irritazione. Il sistema di blocco automatico della cerniera non si muove durante la corsa e rimane perfettamente inserito.<\/p>\n<\/div>\n<\/div>\n<\/div>\n<\/div>\n<\/div>\n<\/div>\n<div><\/div>\n","protected":false},"excerpt":{"rendered":"<p>La nuova Trail Postural SS Top da donna \u00e8 progettata per la performance. L&#8216;Ergo Fit \u00e8 progettato per adattarsi come una seconda pelle, con la tecnologia Spin Control che aiuta a mantenere le spalle dritte e il busto ben impostato. Il suo morbido tessuto in microfibre senza cuciture garantisce l\u2019assenza di irritazioni in tutte le &hellip; <a href=\"https:\/\/www.miomiorun.com\/fr\/produit\/compressport-trail-postural-ss-top-donna\/\">Continued<\/a><\/p>\n","protected":false},"featured_media":232313,"template":"","meta":{"_acf_changed":false,"inline_featured_image":false},"product_brand":[],"product_cat":[24436,24444],"product_tag":[23470,23652],"class_list":{"0":"post-277299","1":"product","2":"type-product","3":"status-publish","4":"has-post-thumbnail","6":"product_cat-t-shirt-fr-2","7":"product_cat-vetements-pour-femmes-fr","8":"product_tag-compressport-fr","9":"product_tag-compressport-femme","10":"pa_attivita-trail-fr","11":"pa_marca-compressport-fr","12":"pa_sesso-femme","13":"pa_size-extra-small-fr","15":"first","16":"instock","17":"sale","18":"taxable","19":"shipping-taxable","20":"purchasable","21":"product-type-variable","22":"wvs-archive-product-wrapper"},"acf":[],"yoast_head":"<!-- This site is optimized with the Yoast SEO plugin v26.8 - https:\/\/yoast.com\/product\/yoast-seo-wordpress\/ -->\n<title>Compressport Trail Postural SS Top donna - running - MioMioRun.com<\/title>\n<meta name=\"description\" content=\"La nuova Trail Postural SS Top da donna \u00e8 progettata per la performance.L&#039;Ergo Fit \u00e8 progettato per adattarsi come una seconda pelle.\" \/>\n<meta name=\"robots\" content=\"index, follow, max-snippet:-1, max-image-preview:large, max-video-preview:-1\" \/>\n<link rel=\"canonical\" href=\"https:\/\/www.miomiorun.com\/fr\/produit\/compressport-trail-postural-ss-top-donna\/\" \/>\n<meta property=\"og:locale\" content=\"fr_FR\" \/>\n<meta property=\"og:type\" content=\"article\" \/>\n<meta property=\"og:title\" content=\"Compressport Trail Postural SS Top donna - running - MioMioRun.com\" \/>\n<meta property=\"og:description\" content=\"La nuova Trail Postural SS Top da donna \u00e8 progettata per la performance.L&#039;Ergo Fit \u00e8 progettato per adattarsi come una seconda pelle.\" \/>\n<meta property=\"og:url\" content=\"https:\/\/www.miomiorun.com\/fr\/produit\/compressport-trail-postural-ss-top-donna\/\" \/>\n<meta property=\"og:site_name\" content=\"MioMioRun\" \/>\n<meta property=\"article:publisher\" content=\"https:\/\/www.facebook.com\/miomiorun\/\" \/>\n<meta property=\"article:modified_time\" content=\"2025-11-18T17:59:54+00:00\" \/>\n<meta property=\"og:image\" content=\"https:\/\/www.miomiorun.com\/app\/uploads\/2021\/06\/compressport-Trail-Postural-SS-Top-AW00089B-Garos.jpg\" \/>\n\t<meta property=\"og:image:width\" content=\"600\" \/>\n\t<meta property=\"og:image:height\" content=\"600\" \/>\n\t<meta property=\"og:image:type\" content=\"image\/jpeg\" \/>\n<meta name=\"twitter:card\" content=\"summary_large_image\" \/>\n<meta name=\"twitter:label1\" content=\"Est. reading time\" \/>\n\t<meta name=\"twitter:data1\" content=\"2 minutes\" \/>\n<script type=\"application\/ld+json\" class=\"yoast-schema-graph\">{\"@context\":\"https:\/\/schema.org\",\"@graph\":[{\"@type\":\"WebPage\",\"@id\":\"https:\/\/www.miomiorun.com\/fr\/produit\/compressport-trail-postural-ss-top-donna\/\",\"url\":\"https:\/\/www.miomiorun.com\/fr\/produit\/compressport-trail-postural-ss-top-donna\/\",\"name\":\"Compressport Trail Postural SS Top donna - running - MioMioRun.com\",\"isPartOf\":{\"@id\":\"https:\/\/www.miomiorun.com\/fr\/#website\"},\"primaryImageOfPage\":{\"@id\":\"https:\/\/www.miomiorun.com\/fr\/produit\/compressport-trail-postural-ss-top-donna\/#primaryimage\"},\"image\":{\"@id\":\"https:\/\/www.miomiorun.com\/fr\/produit\/compressport-trail-postural-ss-top-donna\/#primaryimage\"},\"thumbnailUrl\":\"https:\/\/www.miomiorun.com\/app\/uploads\/2021\/06\/compressport-Trail-Postural-SS-Top-AW00089B-Garos.jpg\",\"datePublished\":\"2021-06-01T17:19:36+00:00\",\"dateModified\":\"2025-11-18T17:59:54+00:00\",\"description\":\"La nuova Trail Postural SS Top da donna \u00e8 progettata per la performance.L'Ergo Fit \u00e8 progettato per adattarsi come una seconda pelle.\",\"breadcrumb\":{\"@id\":\"https:\/\/www.miomiorun.com\/fr\/produit\/compressport-trail-postural-ss-top-donna\/#breadcrumb\"},\"inLanguage\":\"fr-FR\",\"potentialAction\":[{\"@type\":\"ReadAction\",\"target\":[\"https:\/\/www.miomiorun.com\/fr\/produit\/compressport-trail-postural-ss-top-donna\/\"]}]},{\"@type\":\"ImageObject\",\"inLanguage\":\"fr-FR\",\"@id\":\"https:\/\/www.miomiorun.com\/fr\/produit\/compressport-trail-postural-ss-top-donna\/#primaryimage\",\"url\":\"https:\/\/www.miomiorun.com\/app\/uploads\/2021\/06\/compressport-Trail-Postural-SS-Top-AW00089B-Garos.jpg\",\"contentUrl\":\"https:\/\/www.miomiorun.com\/app\/uploads\/2021\/06\/compressport-Trail-Postural-SS-Top-AW00089B-Garos.jpg\",\"width\":600,\"height\":600,\"caption\":\"compressport trail postural ss top\"},{\"@type\":\"BreadcrumbList\",\"@id\":\"https:\/\/www.miomiorun.com\/fr\/produit\/compressport-trail-postural-ss-top-donna\/#breadcrumb\",\"itemListElement\":[{\"@type\":\"ListItem\",\"position\":1,\"name\":\"Home\",\"item\":\"https:\/\/www.miomiorun.com\/fr\/home-page\/\"},{\"@type\":\"ListItem\",\"position\":2,\"name\":\"Shop\",\"item\":\"https:\/\/www.miomiorun.com\/shop\/\"},{\"@type\":\"ListItem\",\"position\":3,\"name\":\"Trail Postural SS Top donna\"}]},{\"@type\":\"WebSite\",\"@id\":\"https:\/\/www.miomiorun.com\/fr\/#website\",\"url\":\"https:\/\/www.miomiorun.com\/fr\/\",\"name\":\"MioMioRun\",\"description\":\"Boutique 100% running et trail\",\"publisher\":{\"@id\":\"https:\/\/www.miomiorun.com\/fr\/#organization\"},\"potentialAction\":[{\"@type\":\"SearchAction\",\"target\":{\"@type\":\"EntryPoint\",\"urlTemplate\":\"https:\/\/www.miomiorun.com\/fr\/?s={search_term_string}\"},\"query-input\":{\"@type\":\"PropertyValueSpecification\",\"valueRequired\":true,\"valueName\":\"search_term_string\"}}],\"inLanguage\":\"fr-FR\"},{\"@type\":\"Organization\",\"@id\":\"https:\/\/www.miomiorun.com\/fr\/#organization\",\"name\":\"MioMio Run\",\"url\":\"https:\/\/www.miomiorun.com\/fr\/\",\"logo\":{\"@type\":\"ImageObject\",\"inLanguage\":\"fr-FR\",\"@id\":\"https:\/\/www.miomiorun.com\/fr\/#\/schema\/logo\/image\/\",\"url\":\"https:\/\/www.miomiorun.com\/app\/uploads\/2019\/12\/logomio.png\",\"contentUrl\":\"https:\/\/www.miomiorun.com\/app\/uploads\/2019\/12\/logomio.png\",\"width\":115,\"height\":82,\"caption\":\"MioMio Run\"},\"image\":{\"@id\":\"https:\/\/www.miomiorun.com\/fr\/#\/schema\/logo\/image\/\"},\"sameAs\":[\"https:\/\/www.facebook.com\/miomiorun\/\",\"https:\/\/www.instagram.com\/miomiorun\/\"]}]}<\/script>\n<!-- \/ Yoast SEO plugin. -->","yoast_head_json":{"title":"Compressport Trail Postural SS Top donna - running - MioMioRun.com","description":"La nuova Trail Postural SS Top da donna \u00e8 progettata per la performance.L'Ergo Fit \u00e8 progettato per adattarsi come una seconda pelle.","robots":{"index":"index","follow":"follow","max-snippet":"max-snippet:-1","max-image-preview":"max-image-preview:large","max-video-preview":"max-video-preview:-1"},"canonical":"https:\/\/www.miomiorun.com\/fr\/produit\/compressport-trail-postural-ss-top-donna\/","og_locale":"fr_FR","og_type":"article","og_title":"Compressport Trail Postural SS Top donna - running - MioMioRun.com","og_description":"La nuova Trail Postural SS Top da donna \u00e8 progettata per la performance.L'Ergo Fit \u00e8 progettato per adattarsi come una seconda pelle.","og_url":"https:\/\/www.miomiorun.com\/fr\/produit\/compressport-trail-postural-ss-top-donna\/","og_site_name":"MioMioRun","article_publisher":"https:\/\/www.facebook.com\/miomiorun\/","article_modified_time":"2025-11-18T17:59:54+00:00","og_image":[{"width":600,"height":600,"url":"https:\/\/www.miomiorun.com\/app\/uploads\/2021\/06\/compressport-Trail-Postural-SS-Top-AW00089B-Garos.jpg","type":"image\/jpeg"}],"twitter_card":"summary_large_image","twitter_misc":{"Est. reading time":"2 minutes"},"schema":{"@context":"https:\/\/schema.org","@graph":[{"@type":"WebPage","@id":"https:\/\/www.miomiorun.com\/fr\/produit\/compressport-trail-postural-ss-top-donna\/","url":"https:\/\/www.miomiorun.com\/fr\/produit\/compressport-trail-postural-ss-top-donna\/","name":"Compressport Trail Postural SS Top donna - running - MioMioRun.com","isPartOf":{"@id":"https:\/\/www.miomiorun.com\/fr\/#website"},"primaryImageOfPage":{"@id":"https:\/\/www.miomiorun.com\/fr\/produit\/compressport-trail-postural-ss-top-donna\/#primaryimage"},"image":{"@id":"https:\/\/www.miomiorun.com\/fr\/produit\/compressport-trail-postural-ss-top-donna\/#primaryimage"},"thumbnailUrl":"https:\/\/www.miomiorun.com\/app\/uploads\/2021\/06\/compressport-Trail-Postural-SS-Top-AW00089B-Garos.jpg","datePublished":"2021-06-01T17:19:36+00:00","dateModified":"2025-11-18T17:59:54+00:00","description":"La nuova Trail Postural SS Top da donna \u00e8 progettata per la performance.L'Ergo Fit \u00e8 progettato per adattarsi come una seconda pelle.","breadcrumb":{"@id":"https:\/\/www.miomiorun.com\/fr\/produit\/compressport-trail-postural-ss-top-donna\/#breadcrumb"},"inLanguage":"fr-FR","potentialAction":[{"@type":"ReadAction","target":["https:\/\/www.miomiorun.com\/fr\/produit\/compressport-trail-postural-ss-top-donna\/"]}]},{"@type":"ImageObject","inLanguage":"fr-FR","@id":"https:\/\/www.miomiorun.com\/fr\/produit\/compressport-trail-postural-ss-top-donna\/#primaryimage","url":"https:\/\/www.miomiorun.com\/app\/uploads\/2021\/06\/compressport-Trail-Postural-SS-Top-AW00089B-Garos.jpg","contentUrl":"https:\/\/www.miomiorun.com\/app\/uploads\/2021\/06\/compressport-Trail-Postural-SS-Top-AW00089B-Garos.jpg","width":600,"height":600,"caption":"compressport trail postural ss top"},{"@type":"BreadcrumbList","@id":"https:\/\/www.miomiorun.com\/fr\/produit\/compressport-trail-postural-ss-top-donna\/#breadcrumb","itemListElement":[{"@type":"ListItem","position":1,"name":"Home","item":"https:\/\/www.miomiorun.com\/fr\/home-page\/"},{"@type":"ListItem","position":2,"name":"Shop","item":"https:\/\/www.miomiorun.com\/shop\/"},{"@type":"ListItem","position":3,"name":"Trail Postural SS Top donna"}]},{"@type":"WebSite","@id":"https:\/\/www.miomiorun.com\/fr\/#website","url":"https:\/\/www.miomiorun.com\/fr\/","name":"MioMioRun","description":"Boutique 100% running et trail","publisher":{"@id":"https:\/\/www.miomiorun.com\/fr\/#organization"},"potentialAction":[{"@type":"SearchAction","target":{"@type":"EntryPoint","urlTemplate":"https:\/\/www.miomiorun.com\/fr\/?s={search_term_string}"},"query-input":{"@type":"PropertyValueSpecification","valueRequired":true,"valueName":"search_term_string"}}],"inLanguage":"fr-FR"},{"@type":"Organization","@id":"https:\/\/www.miomiorun.com\/fr\/#organization","name":"MioMio Run","url":"https:\/\/www.miomiorun.com\/fr\/","logo":{"@type":"ImageObject","inLanguage":"fr-FR","@id":"https:\/\/www.miomiorun.com\/fr\/#\/schema\/logo\/image\/","url":"https:\/\/www.miomiorun.com\/app\/uploads\/2019\/12\/logomio.png","contentUrl":"https:\/\/www.miomiorun.com\/app\/uploads\/2019\/12\/logomio.png","width":115,"height":82,"caption":"MioMio Run"},"image":{"@id":"https:\/\/www.miomiorun.com\/fr\/#\/schema\/logo\/image\/"},"sameAs":["https:\/\/www.facebook.com\/miomiorun\/","https:\/\/www.instagram.com\/miomiorun\/"]}]}},"_links":{"self":[{"href":"https:\/\/www.miomiorun.com\/fr\/wp-json\/wp\/v2\/product\/277299","targetHints":{"allow":["GET"]}}],"collection":[{"href":"https:\/\/www.miomiorun.com\/fr\/wp-json\/wp\/v2\/product"}],"about":[{"href":"https:\/\/www.miomiorun.com\/fr\/wp-json\/wp\/v2\/types\/product"}],"wp:featuredmedia":[{"embeddable":true,"href":"https:\/\/www.miomiorun.com\/fr\/wp-json\/wp\/v2\/media\/232313"}],"wp:attachment":[{"href":"https:\/\/www.miomiorun.com\/fr\/wp-json\/wp\/v2\/media?parent=277299"}],"wp:term":[{"taxonomy":"product_brand","embeddable":true,"href":"https:\/\/www.miomiorun.com\/fr\/wp-json\/wp\/v2\/product_brand?post=277299"},{"taxonomy":"product_cat","embeddable":true,"href":"https:\/\/www.miomiorun.com\/fr\/wp-json\/wp\/v2\/product_cat?post=277299"},{"taxonomy":"product_tag","embeddable":true,"href":"https:\/\/www.miomiorun.com\/fr\/wp-json\/wp\/v2\/product_tag?post=277299"}],"curies":[{"name":"wp","href":"https:\/\/api.w.org\/{rel}","templated":true}]}}