{"id":277293,"date":"2021-06-04T12:21:11","date_gmt":"2021-06-04T10:21:11","guid":{"rendered":"https:\/\/miomiorun.com\/prodotto\/compressport-trail-under-control-short-donna\/"},"modified":"2026-01-14T10:55:09","modified_gmt":"2026-01-14T09:55:09","slug":"compressport-trail-under-control-short-femme","status":"publish","type":"product","link":"https:\/\/www.miomiorun.com\/fr\/produit\/compressport-trail-under-control-short-femme\/","title":{"rendered":"Trail Under Control Short femme"},"content":{"rendered":"<p>Les triathl\u00e8tes ne sont pas les seuls \u00e0 avoir besoin de v\u00eatements de sport multifonctionnels. <strong>Les shorts de compression Under Control<\/strong> pour hommes ont \u00e9t\u00e9 sp\u00e9cialement con\u00e7us pour les <strong>coureurs de trail<\/strong>, afin d&#8217;offrir un confort et une praticit\u00e9 optimaux dans une combinaison l\u00e9g\u00e8re et performante.<\/p>\n<p>Les panneaux de compression cibl\u00e9s offrent un soutien maximal aux cuisses, absorbant jusqu&#8217;\u00e0 30 % des vibrations musculaires. Une circulation sanguine accrue oxyg\u00e8ne les muscles plus rapidement pour am\u00e9liorer les performances et retarder la fatigue. Les bandes de ventilation int\u00e9gr\u00e9es directement dans la microfibre assurent une a\u00e9ration \u00e0 360\u00b0 et \u00e9vacuent rapidement la transpiration et l&#8217;humidit\u00e9 pour une course confortable et sans frottements.<\/p>\n<p>Les bandes en silicone \u00e0 l&#8217;ext\u00e9rieur des cuisses emp\u00eachent les mains de glisser lorsque vous cherchez \u00e0 gagner en puissance dans les mont\u00e9es raides. Une coupe ergonomique \u00e0 la taille pour un meilleur maintien du torse sur les terrains accident\u00e9s est compl\u00e9t\u00e9e par une poche arri\u00e8re en filet pour la nourriture et les petits objets personnels. Une solution parfaite pour les trajets courts o\u00f9 un sac \u00e0 dos complet n&#8217;est pas n\u00e9cessaire.<\/p>\n<p>&nbsp;<\/p>\n<div id=\"materials\" class=\"data item content\" role=\"tabpanel\" data-role=\"content\" aria-labelledby=\"tab-label-materials\" aria-hidden=\"false\">\n<div class=\"product-materials-content\">\n<div class=\"texture-content primary-texture\">\n<section class=\"product-additional-info pt-4 pb-4\">\n<div class=\"d-flex mt-5 pt-4 pb-md-4 pb-3 text-center box-additional-info align-items-center flex-wrap\">\n<div class=\"col-lg-3 col-md-6 col-12 data-sheet\">\n<h2>Poids net du produit<\/h2>\n<p>81,00 g<\/p>\n<h2>Compositions<\/h2>\n<p>62 % polyamide multifilament ; 31 % PA ; 7 % EA<\/p>\n<h2>Instructions de lavage et d&#8217;entretien<\/h2>\n<p><img decoding=\"async\" src=\"https:\/\/www.compressport.com\/img\/cms\/icons\/picto_wash.png\" \/><\/p>\n<p>&nbsp;<\/p>\n<div class=\"col-lg-3 col-md-6 col-12 data-sheet data-sheet-developed\"><img decoding=\"async\" class=\"img-fluid\" src=\"https:\/\/www.compressport.com\/img\/cms\/icons\/developed_swiss.png\" \/><\/div>\n<\/div>\n<\/div>\n<\/section>\n<\/div>\n<\/div>\n<\/div>\n","protected":false},"excerpt":{"rendered":"<p>Les triathl\u00e8tes ne sont pas les seuls \u00e0 avoir besoin de v\u00eatements de sport multifonctionnels. Les shorts de compression Under Control pour hommes ont \u00e9t\u00e9 sp\u00e9cialement con\u00e7us pour les coureurs de trail, afin d&#8217;offrir un confort et une praticit\u00e9 optimaux dans une combinaison l\u00e9g\u00e8re et performante. Les panneaux de compression cibl\u00e9s offrent un soutien maximal &hellip; <a href=\"https:\/\/www.miomiorun.com\/fr\/produit\/compressport-trail-under-control-short-femme\/\">Continued<\/a><\/p>\n","protected":false},"featured_media":232333,"template":"","meta":{"_acf_changed":false,"inline_featured_image":false},"product_brand":[],"product_cat":[24438,24444],"product_tag":[23470,23652],"class_list":{"0":"post-277293","1":"product","2":"type-product","3":"status-publish","4":"has-post-thumbnail","6":"product_cat-pantalon-court-fr-2","7":"product_cat-vetements-pour-femmes-fr","8":"product_tag-compressport-fr","9":"product_tag-compressport-femme","10":"pa_attivita-trail-fr","11":"pa_circonferenza-coscia-49-54-fr","12":"pa_marca-compressport-fr","13":"pa_sesso-femme","15":"first","16":"instock","17":"sale","18":"taxable","19":"shipping-taxable","20":"purchasable","21":"product-type-variable","22":"wvs-archive-product-wrapper"},"acf":[],"yoast_head":"<!-- This site is optimized with the Yoast SEO plugin v26.8 - https:\/\/yoast.com\/product\/yoast-seo-wordpress\/ -->\n<title>Compressport Trail Under Control Short femme - MioMioRun<\/title>\n<meta name=\"description\" content=\"Les triathl\u00e8tes ne sont pas les seuls \u00e0 avoir besoin de v\u00eatements de sport multifonctionnels. Des empi\u00e8cements de compression cibl\u00e9s apportent un soutien aux cuisses.\" \/>\n<meta name=\"robots\" content=\"index, follow, max-snippet:-1, max-image-preview:large, max-video-preview:-1\" \/>\n<link rel=\"canonical\" href=\"https:\/\/www.miomiorun.com\/fr\/produit\/compressport-trail-under-control-short-femme\/\" \/>\n<meta property=\"og:locale\" content=\"fr_FR\" \/>\n<meta property=\"og:type\" content=\"article\" \/>\n<meta property=\"og:title\" content=\"Compressport Trail Under Control Short femme - MioMioRun\" \/>\n<meta property=\"og:description\" content=\"Les triathl\u00e8tes ne sont pas les seuls \u00e0 avoir besoin de v\u00eatements de sport multifonctionnels. Des empi\u00e8cements de compression cibl\u00e9s apportent un soutien aux cuisses.\" \/>\n<meta property=\"og:url\" content=\"https:\/\/www.miomiorun.com\/fr\/produit\/compressport-trail-under-control-short-femme\/\" \/>\n<meta property=\"og:site_name\" content=\"MioMioRun\" \/>\n<meta property=\"article:publisher\" content=\"https:\/\/www.facebook.com\/miomiorun\/\" \/>\n<meta property=\"article:modified_time\" content=\"2026-01-14T09:55:09+00:00\" \/>\n<meta property=\"og:image\" content=\"https:\/\/www.miomiorun.com\/app\/uploads\/2021\/06\/compressport-trail-Under-Control-AW00003B-Black.jpg\" \/>\n\t<meta property=\"og:image:width\" content=\"600\" \/>\n\t<meta property=\"og:image:height\" content=\"600\" \/>\n\t<meta property=\"og:image:type\" content=\"image\/jpeg\" \/>\n<meta name=\"twitter:card\" content=\"summary_large_image\" \/>\n<meta name=\"twitter:label1\" content=\"Est. reading time\" \/>\n\t<meta name=\"twitter:data1\" content=\"1 minute\" \/>\n<script type=\"application\/ld+json\" class=\"yoast-schema-graph\">{\"@context\":\"https:\/\/schema.org\",\"@graph\":[{\"@type\":\"WebPage\",\"@id\":\"https:\/\/www.miomiorun.com\/fr\/produit\/compressport-trail-under-control-short-femme\/\",\"url\":\"https:\/\/www.miomiorun.com\/fr\/produit\/compressport-trail-under-control-short-femme\/\",\"name\":\"Compressport Trail Under Control Short femme - MioMioRun\",\"isPartOf\":{\"@id\":\"https:\/\/www.miomiorun.com\/fr\/#website\"},\"primaryImageOfPage\":{\"@id\":\"https:\/\/www.miomiorun.com\/fr\/produit\/compressport-trail-under-control-short-femme\/#primaryimage\"},\"image\":{\"@id\":\"https:\/\/www.miomiorun.com\/fr\/produit\/compressport-trail-under-control-short-femme\/#primaryimage\"},\"thumbnailUrl\":\"https:\/\/www.miomiorun.com\/app\/uploads\/2021\/06\/compressport-trail-Under-Control-AW00003B-Black.jpg\",\"datePublished\":\"2021-06-04T10:21:11+00:00\",\"dateModified\":\"2026-01-14T09:55:09+00:00\",\"description\":\"Les triathl\u00e8tes ne sont pas les seuls \u00e0 avoir besoin de v\u00eatements de sport multifonctionnels. Des empi\u00e8cements de compression cibl\u00e9s apportent un soutien aux cuisses.\",\"breadcrumb\":{\"@id\":\"https:\/\/www.miomiorun.com\/fr\/produit\/compressport-trail-under-control-short-femme\/#breadcrumb\"},\"inLanguage\":\"fr-FR\",\"potentialAction\":[{\"@type\":\"ReadAction\",\"target\":[\"https:\/\/www.miomiorun.com\/fr\/produit\/compressport-trail-under-control-short-femme\/\"]}]},{\"@type\":\"ImageObject\",\"inLanguage\":\"fr-FR\",\"@id\":\"https:\/\/www.miomiorun.com\/fr\/produit\/compressport-trail-under-control-short-femme\/#primaryimage\",\"url\":\"https:\/\/www.miomiorun.com\/app\/uploads\/2021\/06\/compressport-trail-Under-Control-AW00003B-Black.jpg\",\"contentUrl\":\"https:\/\/www.miomiorun.com\/app\/uploads\/2021\/06\/compressport-trail-Under-Control-AW00003B-Black.jpg\",\"width\":600,\"height\":600,\"caption\":\"compressport trail under control short\"},{\"@type\":\"BreadcrumbList\",\"@id\":\"https:\/\/www.miomiorun.com\/fr\/produit\/compressport-trail-under-control-short-femme\/#breadcrumb\",\"itemListElement\":[{\"@type\":\"ListItem\",\"position\":1,\"name\":\"Home\",\"item\":\"https:\/\/www.miomiorun.com\/fr\/home-page\/\"},{\"@type\":\"ListItem\",\"position\":2,\"name\":\"Shop\",\"item\":\"https:\/\/www.miomiorun.com\/shop\/\"},{\"@type\":\"ListItem\",\"position\":3,\"name\":\"Trail Under Control Short femme\"}]},{\"@type\":\"WebSite\",\"@id\":\"https:\/\/www.miomiorun.com\/fr\/#website\",\"url\":\"https:\/\/www.miomiorun.com\/fr\/\",\"name\":\"MioMioRun\",\"description\":\"Boutique 100% running et trail\",\"publisher\":{\"@id\":\"https:\/\/www.miomiorun.com\/fr\/#organization\"},\"potentialAction\":[{\"@type\":\"SearchAction\",\"target\":{\"@type\":\"EntryPoint\",\"urlTemplate\":\"https:\/\/www.miomiorun.com\/fr\/?s={search_term_string}\"},\"query-input\":{\"@type\":\"PropertyValueSpecification\",\"valueRequired\":true,\"valueName\":\"search_term_string\"}}],\"inLanguage\":\"fr-FR\"},{\"@type\":\"Organization\",\"@id\":\"https:\/\/www.miomiorun.com\/fr\/#organization\",\"name\":\"MioMio Run\",\"url\":\"https:\/\/www.miomiorun.com\/fr\/\",\"logo\":{\"@type\":\"ImageObject\",\"inLanguage\":\"fr-FR\",\"@id\":\"https:\/\/www.miomiorun.com\/fr\/#\/schema\/logo\/image\/\",\"url\":\"https:\/\/www.miomiorun.com\/app\/uploads\/2019\/12\/logomio.png\",\"contentUrl\":\"https:\/\/www.miomiorun.com\/app\/uploads\/2019\/12\/logomio.png\",\"width\":115,\"height\":82,\"caption\":\"MioMio Run\"},\"image\":{\"@id\":\"https:\/\/www.miomiorun.com\/fr\/#\/schema\/logo\/image\/\"},\"sameAs\":[\"https:\/\/www.facebook.com\/miomiorun\/\",\"https:\/\/www.instagram.com\/miomiorun\/\"]}]}<\/script>\n<!-- \/ Yoast SEO plugin. -->","yoast_head_json":{"title":"Compressport Trail Under Control Short femme - MioMioRun","description":"Les triathl\u00e8tes ne sont pas les seuls \u00e0 avoir besoin de v\u00eatements de sport multifonctionnels. Des empi\u00e8cements de compression cibl\u00e9s apportent un soutien aux cuisses.","robots":{"index":"index","follow":"follow","max-snippet":"max-snippet:-1","max-image-preview":"max-image-preview:large","max-video-preview":"max-video-preview:-1"},"canonical":"https:\/\/www.miomiorun.com\/fr\/produit\/compressport-trail-under-control-short-femme\/","og_locale":"fr_FR","og_type":"article","og_title":"Compressport Trail Under Control Short femme - MioMioRun","og_description":"Les triathl\u00e8tes ne sont pas les seuls \u00e0 avoir besoin de v\u00eatements de sport multifonctionnels. Des empi\u00e8cements de compression cibl\u00e9s apportent un soutien aux cuisses.","og_url":"https:\/\/www.miomiorun.com\/fr\/produit\/compressport-trail-under-control-short-femme\/","og_site_name":"MioMioRun","article_publisher":"https:\/\/www.facebook.com\/miomiorun\/","article_modified_time":"2026-01-14T09:55:09+00:00","og_image":[{"width":600,"height":600,"url":"https:\/\/www.miomiorun.com\/app\/uploads\/2021\/06\/compressport-trail-Under-Control-AW00003B-Black.jpg","type":"image\/jpeg"}],"twitter_card":"summary_large_image","twitter_misc":{"Est. reading time":"1 minute"},"schema":{"@context":"https:\/\/schema.org","@graph":[{"@type":"WebPage","@id":"https:\/\/www.miomiorun.com\/fr\/produit\/compressport-trail-under-control-short-femme\/","url":"https:\/\/www.miomiorun.com\/fr\/produit\/compressport-trail-under-control-short-femme\/","name":"Compressport Trail Under Control Short femme - MioMioRun","isPartOf":{"@id":"https:\/\/www.miomiorun.com\/fr\/#website"},"primaryImageOfPage":{"@id":"https:\/\/www.miomiorun.com\/fr\/produit\/compressport-trail-under-control-short-femme\/#primaryimage"},"image":{"@id":"https:\/\/www.miomiorun.com\/fr\/produit\/compressport-trail-under-control-short-femme\/#primaryimage"},"thumbnailUrl":"https:\/\/www.miomiorun.com\/app\/uploads\/2021\/06\/compressport-trail-Under-Control-AW00003B-Black.jpg","datePublished":"2021-06-04T10:21:11+00:00","dateModified":"2026-01-14T09:55:09+00:00","description":"Les triathl\u00e8tes ne sont pas les seuls \u00e0 avoir besoin de v\u00eatements de sport multifonctionnels. Des empi\u00e8cements de compression cibl\u00e9s apportent un soutien aux cuisses.","breadcrumb":{"@id":"https:\/\/www.miomiorun.com\/fr\/produit\/compressport-trail-under-control-short-femme\/#breadcrumb"},"inLanguage":"fr-FR","potentialAction":[{"@type":"ReadAction","target":["https:\/\/www.miomiorun.com\/fr\/produit\/compressport-trail-under-control-short-femme\/"]}]},{"@type":"ImageObject","inLanguage":"fr-FR","@id":"https:\/\/www.miomiorun.com\/fr\/produit\/compressport-trail-under-control-short-femme\/#primaryimage","url":"https:\/\/www.miomiorun.com\/app\/uploads\/2021\/06\/compressport-trail-Under-Control-AW00003B-Black.jpg","contentUrl":"https:\/\/www.miomiorun.com\/app\/uploads\/2021\/06\/compressport-trail-Under-Control-AW00003B-Black.jpg","width":600,"height":600,"caption":"compressport trail under control short"},{"@type":"BreadcrumbList","@id":"https:\/\/www.miomiorun.com\/fr\/produit\/compressport-trail-under-control-short-femme\/#breadcrumb","itemListElement":[{"@type":"ListItem","position":1,"name":"Home","item":"https:\/\/www.miomiorun.com\/fr\/home-page\/"},{"@type":"ListItem","position":2,"name":"Shop","item":"https:\/\/www.miomiorun.com\/shop\/"},{"@type":"ListItem","position":3,"name":"Trail Under Control Short femme"}]},{"@type":"WebSite","@id":"https:\/\/www.miomiorun.com\/fr\/#website","url":"https:\/\/www.miomiorun.com\/fr\/","name":"MioMioRun","description":"Boutique 100% running et trail","publisher":{"@id":"https:\/\/www.miomiorun.com\/fr\/#organization"},"potentialAction":[{"@type":"SearchAction","target":{"@type":"EntryPoint","urlTemplate":"https:\/\/www.miomiorun.com\/fr\/?s={search_term_string}"},"query-input":{"@type":"PropertyValueSpecification","valueRequired":true,"valueName":"search_term_string"}}],"inLanguage":"fr-FR"},{"@type":"Organization","@id":"https:\/\/www.miomiorun.com\/fr\/#organization","name":"MioMio Run","url":"https:\/\/www.miomiorun.com\/fr\/","logo":{"@type":"ImageObject","inLanguage":"fr-FR","@id":"https:\/\/www.miomiorun.com\/fr\/#\/schema\/logo\/image\/","url":"https:\/\/www.miomiorun.com\/app\/uploads\/2019\/12\/logomio.png","contentUrl":"https:\/\/www.miomiorun.com\/app\/uploads\/2019\/12\/logomio.png","width":115,"height":82,"caption":"MioMio Run"},"image":{"@id":"https:\/\/www.miomiorun.com\/fr\/#\/schema\/logo\/image\/"},"sameAs":["https:\/\/www.facebook.com\/miomiorun\/","https:\/\/www.instagram.com\/miomiorun\/"]}]}},"_links":{"self":[{"href":"https:\/\/www.miomiorun.com\/fr\/wp-json\/wp\/v2\/product\/277293","targetHints":{"allow":["GET"]}}],"collection":[{"href":"https:\/\/www.miomiorun.com\/fr\/wp-json\/wp\/v2\/product"}],"about":[{"href":"https:\/\/www.miomiorun.com\/fr\/wp-json\/wp\/v2\/types\/product"}],"wp:featuredmedia":[{"embeddable":true,"href":"https:\/\/www.miomiorun.com\/fr\/wp-json\/wp\/v2\/media\/232333"}],"wp:attachment":[{"href":"https:\/\/www.miomiorun.com\/fr\/wp-json\/wp\/v2\/media?parent=277293"}],"wp:term":[{"taxonomy":"product_brand","embeddable":true,"href":"https:\/\/www.miomiorun.com\/fr\/wp-json\/wp\/v2\/product_brand?post=277293"},{"taxonomy":"product_cat","embeddable":true,"href":"https:\/\/www.miomiorun.com\/fr\/wp-json\/wp\/v2\/product_cat?post=277293"},{"taxonomy":"product_tag","embeddable":true,"href":"https:\/\/www.miomiorun.com\/fr\/wp-json\/wp\/v2\/product_tag?post=277293"}],"curies":[{"name":"wp","href":"https:\/\/api.w.org\/{rel}","templated":true}]}}