{"id":277261,"date":"2021-03-03T19:13:56","date_gmt":"2021-03-03T18:13:56","guid":{"rendered":"https:\/\/miomiorun.com\/prodotto\/garmin-cinturini-in-nylon-ultrafit-26-mm\/"},"modified":"2025-12-12T11:43:48","modified_gmt":"2025-12-12T10:43:48","slug":"garmin-ceintures-en-nylon-ultrafit-26-mm","status":"publish","type":"product","link":"https:\/\/www.miomiorun.com\/fr\/produit\/garmin-ceintures-en-nylon-ultrafit-26-mm\/","title":{"rendered":"Ceintures en nylon UltraFit (26 mm)"},"content":{"rendered":"<div class=\"vc-row container\"><div class=\"vc-column\"><div class=\"vc-column-text\">Changez et remplacez la fa\u00e7on dont vous fixez votre montre \u00e0 votre poignet gr\u00e2ce \u00e0 ce bracelet ultra-l\u00e9ger de 26 mm. Le bracelet UltraFit en nylon est facilement r\u00e9glable, s&#8217;ins\u00e8re \u00e0 l&#8217;int\u00e9rieur des goupilles et se fixe \u00e0 l&#8217;aide d&#8217;un velcro. Il offre un confort in\u00e9gal\u00e9, parfait pour des performances et une utilisation prolong\u00e9e. UltraFit est encore plus robuste gr\u00e2ce \u00e0 l&#8217;\u00e9lasticit\u00e9 du nylon double couche antimicrobien, con\u00e7u pour \u00e9vacuer l&#8217;humidit\u00e9.<\/div><\/div><\/div>\n","protected":false},"excerpt":{"rendered":"","protected":false},"featured_media":231399,"template":"","meta":{"_acf_changed":false,"inline_featured_image":false},"product_brand":[],"product_cat":[22537,22566],"product_tag":[23480],"class_list":{"0":"post-277261","1":"product","2":"type-product","3":"status-publish","4":"has-post-thumbnail","6":"product_cat-garmin-fr","7":"product_cat-accessoires-fr","8":"product_tag-garmin-fr","9":"pa_colore-cinturino-in-nylon-ultrafit-26-mm-black-fr","10":"pa_colore-cinturino-nylon-26mm-grigio-fr","11":"pa_colore-cinturino-nylon-ultrafit-26-flame-red-fr","12":"pa_colore-cinturino-nylon-ultrafit-26-granite-blue-fr","13":"pa_colore-cinturino-nylon-ultrafit-26mm-fr","14":"pa_colore-cinturino-ultrafit-2-26-mm-gray-fr","15":"pa_colore-ultrafit-nylon-26-mm-amp-yellow-fr","16":"pa_marca-garmin-fr","17":"pa_sesso-femme","18":"pa_sesso-homme","20":"first","21":"instock","22":"sale","23":"taxable","24":"shipping-taxable","25":"purchasable","26":"product-type-variable","27":"wvs-archive-product-wrapper"},"acf":[],"yoast_head":"<!-- This site is optimized with the Yoast SEO plugin v26.8 - https:\/\/yoast.com\/product\/yoast-seo-wordpress\/ -->\n<title>Garmin Ceintures en nylon UltraFit (26 mm) - accessoires garmin- MioMioRun<\/title>\n<meta name=\"description\" content=\"Bracelet en nylon facilement r\u00e9glable, s&#039;ins\u00e8re \u00e0 l&#039;int\u00e9rieur des goupilles et se fixe \u00e0 l&#039;aide d&#039;un velcro. Offre un confort incomparable.\" \/>\n<meta name=\"robots\" content=\"index, follow, max-snippet:-1, max-image-preview:large, max-video-preview:-1\" \/>\n<link rel=\"canonical\" href=\"https:\/\/www.miomiorun.com\/fr\/produit\/garmin-ceintures-en-nylon-ultrafit-26-mm\/\" \/>\n<meta property=\"og:locale\" content=\"fr_FR\" \/>\n<meta property=\"og:type\" content=\"article\" \/>\n<meta property=\"og:title\" content=\"Garmin Ceintures en nylon UltraFit (26 mm) - accessoires garmin- MioMioRun\" \/>\n<meta property=\"og:description\" content=\"Bracelet en nylon facilement r\u00e9glable, s&#039;ins\u00e8re \u00e0 l&#039;int\u00e9rieur des goupilles et se fixe \u00e0 l&#039;aide d&#039;un velcro. Offre un confort incomparable.\" \/>\n<meta property=\"og:url\" content=\"https:\/\/www.miomiorun.com\/fr\/produit\/garmin-ceintures-en-nylon-ultrafit-26-mm\/\" \/>\n<meta property=\"og:site_name\" content=\"MioMioRun\" \/>\n<meta property=\"article:publisher\" content=\"https:\/\/www.facebook.com\/miomiorun\/\" \/>\n<meta property=\"article:modified_time\" content=\"2025-12-12T10:43:48+00:00\" \/>\n<meta property=\"og:image\" content=\"https:\/\/www.miomiorun.com\/app\/uploads\/2021\/03\/garmin-cinturino-nylon-010-13075-01.jpg\" \/>\n\t<meta property=\"og:image:width\" content=\"600\" \/>\n\t<meta property=\"og:image:height\" content=\"600\" \/>\n\t<meta property=\"og:image:type\" content=\"image\/jpeg\" \/>\n<meta name=\"twitter:card\" content=\"summary_large_image\" \/>\n<script type=\"application\/ld+json\" class=\"yoast-schema-graph\">{\"@context\":\"https:\/\/schema.org\",\"@graph\":[{\"@type\":\"WebPage\",\"@id\":\"https:\/\/www.miomiorun.com\/fr\/produit\/garmin-ceintures-en-nylon-ultrafit-26-mm\/\",\"url\":\"https:\/\/www.miomiorun.com\/fr\/produit\/garmin-ceintures-en-nylon-ultrafit-26-mm\/\",\"name\":\"Garmin Ceintures en nylon UltraFit (26 mm) - accessoires garmin- MioMioRun\",\"isPartOf\":{\"@id\":\"https:\/\/www.miomiorun.com\/fr\/#website\"},\"primaryImageOfPage\":{\"@id\":\"https:\/\/www.miomiorun.com\/fr\/produit\/garmin-ceintures-en-nylon-ultrafit-26-mm\/#primaryimage\"},\"image\":{\"@id\":\"https:\/\/www.miomiorun.com\/fr\/produit\/garmin-ceintures-en-nylon-ultrafit-26-mm\/#primaryimage\"},\"thumbnailUrl\":\"https:\/\/www.miomiorun.com\/app\/uploads\/2021\/03\/garmin-cinturino-nylon-010-13075-01.jpg\",\"datePublished\":\"2021-03-03T18:13:56+00:00\",\"dateModified\":\"2025-12-12T10:43:48+00:00\",\"description\":\"Bracelet en nylon facilement r\u00e9glable, s'ins\u00e8re \u00e0 l'int\u00e9rieur des goupilles et se fixe \u00e0 l'aide d'un velcro. Offre un confort incomparable.\",\"breadcrumb\":{\"@id\":\"https:\/\/www.miomiorun.com\/fr\/produit\/garmin-ceintures-en-nylon-ultrafit-26-mm\/#breadcrumb\"},\"inLanguage\":\"fr-FR\",\"potentialAction\":[{\"@type\":\"ReadAction\",\"target\":[\"https:\/\/www.miomiorun.com\/fr\/produit\/garmin-ceintures-en-nylon-ultrafit-26-mm\/\"]}]},{\"@type\":\"ImageObject\",\"inLanguage\":\"fr-FR\",\"@id\":\"https:\/\/www.miomiorun.com\/fr\/produit\/garmin-ceintures-en-nylon-ultrafit-26-mm\/#primaryimage\",\"url\":\"https:\/\/www.miomiorun.com\/app\/uploads\/2021\/03\/garmin-cinturino-nylon-010-13075-01.jpg\",\"contentUrl\":\"https:\/\/www.miomiorun.com\/app\/uploads\/2021\/03\/garmin-cinturino-nylon-010-13075-01.jpg\",\"width\":600,\"height\":600,\"caption\":\"garmin cinturino nylon ultrafit\"},{\"@type\":\"BreadcrumbList\",\"@id\":\"https:\/\/www.miomiorun.com\/fr\/produit\/garmin-ceintures-en-nylon-ultrafit-26-mm\/#breadcrumb\",\"itemListElement\":[{\"@type\":\"ListItem\",\"position\":1,\"name\":\"Home\",\"item\":\"https:\/\/www.miomiorun.com\/fr\/home-page\/\"},{\"@type\":\"ListItem\",\"position\":2,\"name\":\"Shop\",\"item\":\"https:\/\/www.miomiorun.com\/shop\/\"},{\"@type\":\"ListItem\",\"position\":3,\"name\":\"Ceintures en nylon UltraFit (26 mm)\"}]},{\"@type\":\"WebSite\",\"@id\":\"https:\/\/www.miomiorun.com\/fr\/#website\",\"url\":\"https:\/\/www.miomiorun.com\/fr\/\",\"name\":\"MioMioRun\",\"description\":\"Boutique 100% running et trail\",\"publisher\":{\"@id\":\"https:\/\/www.miomiorun.com\/fr\/#organization\"},\"potentialAction\":[{\"@type\":\"SearchAction\",\"target\":{\"@type\":\"EntryPoint\",\"urlTemplate\":\"https:\/\/www.miomiorun.com\/fr\/?s={search_term_string}\"},\"query-input\":{\"@type\":\"PropertyValueSpecification\",\"valueRequired\":true,\"valueName\":\"search_term_string\"}}],\"inLanguage\":\"fr-FR\"},{\"@type\":\"Organization\",\"@id\":\"https:\/\/www.miomiorun.com\/fr\/#organization\",\"name\":\"MioMio Run\",\"url\":\"https:\/\/www.miomiorun.com\/fr\/\",\"logo\":{\"@type\":\"ImageObject\",\"inLanguage\":\"fr-FR\",\"@id\":\"https:\/\/www.miomiorun.com\/fr\/#\/schema\/logo\/image\/\",\"url\":\"https:\/\/www.miomiorun.com\/app\/uploads\/2019\/12\/logomio.png\",\"contentUrl\":\"https:\/\/www.miomiorun.com\/app\/uploads\/2019\/12\/logomio.png\",\"width\":115,\"height\":82,\"caption\":\"MioMio Run\"},\"image\":{\"@id\":\"https:\/\/www.miomiorun.com\/fr\/#\/schema\/logo\/image\/\"},\"sameAs\":[\"https:\/\/www.facebook.com\/miomiorun\/\",\"https:\/\/www.instagram.com\/miomiorun\/\"]}]}<\/script>\n<!-- \/ Yoast SEO plugin. -->","yoast_head_json":{"title":"Garmin Ceintures en nylon UltraFit (26 mm) - accessoires garmin- MioMioRun","description":"Bracelet en nylon facilement r\u00e9glable, s'ins\u00e8re \u00e0 l'int\u00e9rieur des goupilles et se fixe \u00e0 l'aide d'un velcro. Offre un confort incomparable.","robots":{"index":"index","follow":"follow","max-snippet":"max-snippet:-1","max-image-preview":"max-image-preview:large","max-video-preview":"max-video-preview:-1"},"canonical":"https:\/\/www.miomiorun.com\/fr\/produit\/garmin-ceintures-en-nylon-ultrafit-26-mm\/","og_locale":"fr_FR","og_type":"article","og_title":"Garmin Ceintures en nylon UltraFit (26 mm) - accessoires garmin- MioMioRun","og_description":"Bracelet en nylon facilement r\u00e9glable, s'ins\u00e8re \u00e0 l'int\u00e9rieur des goupilles et se fixe \u00e0 l'aide d'un velcro. Offre un confort incomparable.","og_url":"https:\/\/www.miomiorun.com\/fr\/produit\/garmin-ceintures-en-nylon-ultrafit-26-mm\/","og_site_name":"MioMioRun","article_publisher":"https:\/\/www.facebook.com\/miomiorun\/","article_modified_time":"2025-12-12T10:43:48+00:00","og_image":[{"width":600,"height":600,"url":"https:\/\/www.miomiorun.com\/app\/uploads\/2021\/03\/garmin-cinturino-nylon-010-13075-01.jpg","type":"image\/jpeg"}],"twitter_card":"summary_large_image","schema":{"@context":"https:\/\/schema.org","@graph":[{"@type":"WebPage","@id":"https:\/\/www.miomiorun.com\/fr\/produit\/garmin-ceintures-en-nylon-ultrafit-26-mm\/","url":"https:\/\/www.miomiorun.com\/fr\/produit\/garmin-ceintures-en-nylon-ultrafit-26-mm\/","name":"Garmin Ceintures en nylon UltraFit (26 mm) - accessoires garmin- MioMioRun","isPartOf":{"@id":"https:\/\/www.miomiorun.com\/fr\/#website"},"primaryImageOfPage":{"@id":"https:\/\/www.miomiorun.com\/fr\/produit\/garmin-ceintures-en-nylon-ultrafit-26-mm\/#primaryimage"},"image":{"@id":"https:\/\/www.miomiorun.com\/fr\/produit\/garmin-ceintures-en-nylon-ultrafit-26-mm\/#primaryimage"},"thumbnailUrl":"https:\/\/www.miomiorun.com\/app\/uploads\/2021\/03\/garmin-cinturino-nylon-010-13075-01.jpg","datePublished":"2021-03-03T18:13:56+00:00","dateModified":"2025-12-12T10:43:48+00:00","description":"Bracelet en nylon facilement r\u00e9glable, s'ins\u00e8re \u00e0 l'int\u00e9rieur des goupilles et se fixe \u00e0 l'aide d'un velcro. Offre un confort incomparable.","breadcrumb":{"@id":"https:\/\/www.miomiorun.com\/fr\/produit\/garmin-ceintures-en-nylon-ultrafit-26-mm\/#breadcrumb"},"inLanguage":"fr-FR","potentialAction":[{"@type":"ReadAction","target":["https:\/\/www.miomiorun.com\/fr\/produit\/garmin-ceintures-en-nylon-ultrafit-26-mm\/"]}]},{"@type":"ImageObject","inLanguage":"fr-FR","@id":"https:\/\/www.miomiorun.com\/fr\/produit\/garmin-ceintures-en-nylon-ultrafit-26-mm\/#primaryimage","url":"https:\/\/www.miomiorun.com\/app\/uploads\/2021\/03\/garmin-cinturino-nylon-010-13075-01.jpg","contentUrl":"https:\/\/www.miomiorun.com\/app\/uploads\/2021\/03\/garmin-cinturino-nylon-010-13075-01.jpg","width":600,"height":600,"caption":"garmin cinturino nylon ultrafit"},{"@type":"BreadcrumbList","@id":"https:\/\/www.miomiorun.com\/fr\/produit\/garmin-ceintures-en-nylon-ultrafit-26-mm\/#breadcrumb","itemListElement":[{"@type":"ListItem","position":1,"name":"Home","item":"https:\/\/www.miomiorun.com\/fr\/home-page\/"},{"@type":"ListItem","position":2,"name":"Shop","item":"https:\/\/www.miomiorun.com\/shop\/"},{"@type":"ListItem","position":3,"name":"Ceintures en nylon UltraFit (26 mm)"}]},{"@type":"WebSite","@id":"https:\/\/www.miomiorun.com\/fr\/#website","url":"https:\/\/www.miomiorun.com\/fr\/","name":"MioMioRun","description":"Boutique 100% running et trail","publisher":{"@id":"https:\/\/www.miomiorun.com\/fr\/#organization"},"potentialAction":[{"@type":"SearchAction","target":{"@type":"EntryPoint","urlTemplate":"https:\/\/www.miomiorun.com\/fr\/?s={search_term_string}"},"query-input":{"@type":"PropertyValueSpecification","valueRequired":true,"valueName":"search_term_string"}}],"inLanguage":"fr-FR"},{"@type":"Organization","@id":"https:\/\/www.miomiorun.com\/fr\/#organization","name":"MioMio Run","url":"https:\/\/www.miomiorun.com\/fr\/","logo":{"@type":"ImageObject","inLanguage":"fr-FR","@id":"https:\/\/www.miomiorun.com\/fr\/#\/schema\/logo\/image\/","url":"https:\/\/www.miomiorun.com\/app\/uploads\/2019\/12\/logomio.png","contentUrl":"https:\/\/www.miomiorun.com\/app\/uploads\/2019\/12\/logomio.png","width":115,"height":82,"caption":"MioMio Run"},"image":{"@id":"https:\/\/www.miomiorun.com\/fr\/#\/schema\/logo\/image\/"},"sameAs":["https:\/\/www.facebook.com\/miomiorun\/","https:\/\/www.instagram.com\/miomiorun\/"]}]}},"_links":{"self":[{"href":"https:\/\/www.miomiorun.com\/fr\/wp-json\/wp\/v2\/product\/277261","targetHints":{"allow":["GET"]}}],"collection":[{"href":"https:\/\/www.miomiorun.com\/fr\/wp-json\/wp\/v2\/product"}],"about":[{"href":"https:\/\/www.miomiorun.com\/fr\/wp-json\/wp\/v2\/types\/product"}],"wp:featuredmedia":[{"embeddable":true,"href":"https:\/\/www.miomiorun.com\/fr\/wp-json\/wp\/v2\/media\/231399"}],"wp:attachment":[{"href":"https:\/\/www.miomiorun.com\/fr\/wp-json\/wp\/v2\/media?parent=277261"}],"wp:term":[{"taxonomy":"product_brand","embeddable":true,"href":"https:\/\/www.miomiorun.com\/fr\/wp-json\/wp\/v2\/product_brand?post=277261"},{"taxonomy":"product_cat","embeddable":true,"href":"https:\/\/www.miomiorun.com\/fr\/wp-json\/wp\/v2\/product_cat?post=277261"},{"taxonomy":"product_tag","embeddable":true,"href":"https:\/\/www.miomiorun.com\/fr\/wp-json\/wp\/v2\/product_tag?post=277261"}],"curies":[{"name":"wp","href":"https:\/\/api.w.org\/{rel}","templated":true}]}}