{"id":277230,"date":"2021-03-19T18:12:17","date_gmt":"2021-03-19T17:12:17","guid":{"rendered":"https:\/\/miomiorun.com\/prodotto\/montura-sound-winter-pants-uomo\/"},"modified":"2026-01-15T11:45:20","modified_gmt":"2026-01-15T10:45:20","slug":"montura-sound-winter-pants-homme","status":"publish","type":"product","link":"https:\/\/www.miomiorun.com\/fr\/produit\/montura-sound-winter-pants-homme\/","title":{"rendered":"Sound Winter Pants homme"},"content":{"rendered":"<div class=\"product-attribute product-attribute-featured-materials\">\n<p>Pantalon long pour homme en nylon stretch DWR bross\u00e9 \u00e0 l&#8217;int\u00e9rieur. Taille \u00e9lastiqu\u00e9e, poche avant zipp\u00e9e, poche lat\u00e9rale ouverte. V\u00eatement id\u00e9al pour diverses activit\u00e9s de plein air et de loisirs par temps froid.<\/p>\n<p class=\"product-weight\">Poids : 0,39 kg<\/p>\n<div class=\"product-attribute-season\">\n<\/div>\n<\/div>\n","protected":false},"excerpt":{"rendered":"<p>Pantalon long pour homme en nylon stretch DWR bross\u00e9 \u00e0 l&#8217;int\u00e9rieur. Taille \u00e9lastiqu\u00e9e, poche avant zipp\u00e9e, poche lat\u00e9rale ouverte. V\u00eatement id\u00e9al pour diverses activit\u00e9s de plein air et de loisirs par temps froid. Poids : 0,39 kg<\/p>\n","protected":false},"featured_media":231453,"template":"","meta":{"_acf_changed":false,"inline_featured_image":false},"product_brand":[],"product_cat":[24450,24482,24484],"product_tag":[23512,23524],"class_list":{"0":"post-277230","1":"product","2":"type-product","3":"status-publish","4":"has-post-thumbnail","6":"product_cat-pantalon-long-fr-3","7":"product_cat-vetements-pour-hommes-fr","8":"product_cat-homme","9":"product_tag-montura-fr","10":"product_tag-montura-homme","11":"pa_attivita-lifestyle-fr","12":"pa_attivita-marcher","13":"pa_attivita-outdoor-fr","14":"pa_colore-sound-winter-pants-m-nero-fr","15":"pa_marca-montura-fr","16":"pa_sesso-homme","17":"pa_size-extra-large-fr","19":"first","20":"instock","21":"sale","22":"taxable","23":"shipping-taxable","24":"purchasable","25":"product-type-variable","26":"wvs-archive-product-wrapper"},"acf":[],"yoast_head":"<!-- This site is optimized with the Yoast SEO plugin v26.8 - https:\/\/yoast.com\/product\/yoast-seo-wordpress\/ -->\n<title>Montura Sound Winter Pants homme - Pantalons longs - MioMioRun<\/title>\n<meta name=\"description\" content=\"Pantalon long pour homme en nylon stretch DWR bross\u00e9 \u00e0 l&#039;int\u00e9rieur. Taille \u00e9lastiqu\u00e9e. V\u00eatement id\u00e9al pour les activit\u00e9s de plein air et les climats froids.\" \/>\n<meta name=\"robots\" content=\"index, follow, max-snippet:-1, max-image-preview:large, max-video-preview:-1\" \/>\n<link rel=\"canonical\" href=\"https:\/\/www.miomiorun.com\/fr\/produit\/montura-sound-winter-pants-homme\/\" \/>\n<meta property=\"og:locale\" content=\"fr_FR\" \/>\n<meta property=\"og:type\" content=\"article\" \/>\n<meta property=\"og:title\" content=\"Montura Sound Winter Pants homme - Pantalons longs - MioMioRun\" \/>\n<meta property=\"og:description\" content=\"Pantalon long pour homme en nylon stretch DWR bross\u00e9 \u00e0 l&#039;int\u00e9rieur. Taille \u00e9lastiqu\u00e9e. V\u00eatement id\u00e9al pour les activit\u00e9s de plein air et les climats froids.\" \/>\n<meta property=\"og:url\" content=\"https:\/\/www.miomiorun.com\/fr\/produit\/montura-sound-winter-pants-homme\/\" \/>\n<meta property=\"og:site_name\" content=\"MioMioRun\" \/>\n<meta property=\"article:publisher\" content=\"https:\/\/www.facebook.com\/miomiorun\/\" \/>\n<meta property=\"article:modified_time\" content=\"2026-01-15T10:45:20+00:00\" \/>\n<meta property=\"og:image\" content=\"https:\/\/www.miomiorun.com\/app\/uploads\/2021\/03\/montura-sound-winter-pants-MPLR32X.90.jpg\" \/>\n\t<meta property=\"og:image:width\" content=\"600\" \/>\n\t<meta property=\"og:image:height\" content=\"600\" \/>\n\t<meta property=\"og:image:type\" content=\"image\/jpeg\" \/>\n<meta name=\"twitter:card\" content=\"summary_large_image\" \/>\n<script type=\"application\/ld+json\" class=\"yoast-schema-graph\">{\"@context\":\"https:\/\/schema.org\",\"@graph\":[{\"@type\":\"WebPage\",\"@id\":\"https:\/\/www.miomiorun.com\/fr\/produit\/montura-sound-winter-pants-homme\/\",\"url\":\"https:\/\/www.miomiorun.com\/fr\/produit\/montura-sound-winter-pants-homme\/\",\"name\":\"Montura Sound Winter Pants homme - Pantalons longs - MioMioRun\",\"isPartOf\":{\"@id\":\"https:\/\/www.miomiorun.com\/fr\/#website\"},\"primaryImageOfPage\":{\"@id\":\"https:\/\/www.miomiorun.com\/fr\/produit\/montura-sound-winter-pants-homme\/#primaryimage\"},\"image\":{\"@id\":\"https:\/\/www.miomiorun.com\/fr\/produit\/montura-sound-winter-pants-homme\/#primaryimage\"},\"thumbnailUrl\":\"https:\/\/www.miomiorun.com\/app\/uploads\/2021\/03\/montura-sound-winter-pants-MPLR32X.90.jpg\",\"datePublished\":\"2021-03-19T17:12:17+00:00\",\"dateModified\":\"2026-01-15T10:45:20+00:00\",\"description\":\"Pantalon long pour homme en nylon stretch DWR bross\u00e9 \u00e0 l'int\u00e9rieur. Taille \u00e9lastiqu\u00e9e. V\u00eatement id\u00e9al pour les activit\u00e9s de plein air et les climats froids.\",\"breadcrumb\":{\"@id\":\"https:\/\/www.miomiorun.com\/fr\/produit\/montura-sound-winter-pants-homme\/#breadcrumb\"},\"inLanguage\":\"fr-FR\",\"potentialAction\":[{\"@type\":\"ReadAction\",\"target\":[\"https:\/\/www.miomiorun.com\/fr\/produit\/montura-sound-winter-pants-homme\/\"]}]},{\"@type\":\"ImageObject\",\"inLanguage\":\"fr-FR\",\"@id\":\"https:\/\/www.miomiorun.com\/fr\/produit\/montura-sound-winter-pants-homme\/#primaryimage\",\"url\":\"https:\/\/www.miomiorun.com\/app\/uploads\/2021\/03\/montura-sound-winter-pants-MPLR32X.90.jpg\",\"contentUrl\":\"https:\/\/www.miomiorun.com\/app\/uploads\/2021\/03\/montura-sound-winter-pants-MPLR32X.90.jpg\",\"width\":600,\"height\":600,\"caption\":\"montura sounds pants black\"},{\"@type\":\"BreadcrumbList\",\"@id\":\"https:\/\/www.miomiorun.com\/fr\/produit\/montura-sound-winter-pants-homme\/#breadcrumb\",\"itemListElement\":[{\"@type\":\"ListItem\",\"position\":1,\"name\":\"Home\",\"item\":\"https:\/\/www.miomiorun.com\/fr\/home-page\/\"},{\"@type\":\"ListItem\",\"position\":2,\"name\":\"Shop\",\"item\":\"https:\/\/www.miomiorun.com\/shop\/\"},{\"@type\":\"ListItem\",\"position\":3,\"name\":\"Sound Winter Pants homme\"}]},{\"@type\":\"WebSite\",\"@id\":\"https:\/\/www.miomiorun.com\/fr\/#website\",\"url\":\"https:\/\/www.miomiorun.com\/fr\/\",\"name\":\"MioMioRun\",\"description\":\"Boutique 100% running et trail\",\"publisher\":{\"@id\":\"https:\/\/www.miomiorun.com\/fr\/#organization\"},\"potentialAction\":[{\"@type\":\"SearchAction\",\"target\":{\"@type\":\"EntryPoint\",\"urlTemplate\":\"https:\/\/www.miomiorun.com\/fr\/?s={search_term_string}\"},\"query-input\":{\"@type\":\"PropertyValueSpecification\",\"valueRequired\":true,\"valueName\":\"search_term_string\"}}],\"inLanguage\":\"fr-FR\"},{\"@type\":\"Organization\",\"@id\":\"https:\/\/www.miomiorun.com\/fr\/#organization\",\"name\":\"MioMio Run\",\"url\":\"https:\/\/www.miomiorun.com\/fr\/\",\"logo\":{\"@type\":\"ImageObject\",\"inLanguage\":\"fr-FR\",\"@id\":\"https:\/\/www.miomiorun.com\/fr\/#\/schema\/logo\/image\/\",\"url\":\"https:\/\/www.miomiorun.com\/app\/uploads\/2019\/12\/logomio.png\",\"contentUrl\":\"https:\/\/www.miomiorun.com\/app\/uploads\/2019\/12\/logomio.png\",\"width\":115,\"height\":82,\"caption\":\"MioMio Run\"},\"image\":{\"@id\":\"https:\/\/www.miomiorun.com\/fr\/#\/schema\/logo\/image\/\"},\"sameAs\":[\"https:\/\/www.facebook.com\/miomiorun\/\",\"https:\/\/www.instagram.com\/miomiorun\/\"]}]}<\/script>\n<!-- \/ Yoast SEO plugin. -->","yoast_head_json":{"title":"Montura Sound Winter Pants homme - Pantalons longs - MioMioRun","description":"Pantalon long pour homme en nylon stretch DWR bross\u00e9 \u00e0 l'int\u00e9rieur. Taille \u00e9lastiqu\u00e9e. V\u00eatement id\u00e9al pour les activit\u00e9s de plein air et les climats froids.","robots":{"index":"index","follow":"follow","max-snippet":"max-snippet:-1","max-image-preview":"max-image-preview:large","max-video-preview":"max-video-preview:-1"},"canonical":"https:\/\/www.miomiorun.com\/fr\/produit\/montura-sound-winter-pants-homme\/","og_locale":"fr_FR","og_type":"article","og_title":"Montura Sound Winter Pants homme - Pantalons longs - MioMioRun","og_description":"Pantalon long pour homme en nylon stretch DWR bross\u00e9 \u00e0 l'int\u00e9rieur. Taille \u00e9lastiqu\u00e9e. V\u00eatement id\u00e9al pour les activit\u00e9s de plein air et les climats froids.","og_url":"https:\/\/www.miomiorun.com\/fr\/produit\/montura-sound-winter-pants-homme\/","og_site_name":"MioMioRun","article_publisher":"https:\/\/www.facebook.com\/miomiorun\/","article_modified_time":"2026-01-15T10:45:20+00:00","og_image":[{"width":600,"height":600,"url":"https:\/\/www.miomiorun.com\/app\/uploads\/2021\/03\/montura-sound-winter-pants-MPLR32X.90.jpg","type":"image\/jpeg"}],"twitter_card":"summary_large_image","schema":{"@context":"https:\/\/schema.org","@graph":[{"@type":"WebPage","@id":"https:\/\/www.miomiorun.com\/fr\/produit\/montura-sound-winter-pants-homme\/","url":"https:\/\/www.miomiorun.com\/fr\/produit\/montura-sound-winter-pants-homme\/","name":"Montura Sound Winter Pants homme - Pantalons longs - MioMioRun","isPartOf":{"@id":"https:\/\/www.miomiorun.com\/fr\/#website"},"primaryImageOfPage":{"@id":"https:\/\/www.miomiorun.com\/fr\/produit\/montura-sound-winter-pants-homme\/#primaryimage"},"image":{"@id":"https:\/\/www.miomiorun.com\/fr\/produit\/montura-sound-winter-pants-homme\/#primaryimage"},"thumbnailUrl":"https:\/\/www.miomiorun.com\/app\/uploads\/2021\/03\/montura-sound-winter-pants-MPLR32X.90.jpg","datePublished":"2021-03-19T17:12:17+00:00","dateModified":"2026-01-15T10:45:20+00:00","description":"Pantalon long pour homme en nylon stretch DWR bross\u00e9 \u00e0 l'int\u00e9rieur. Taille \u00e9lastiqu\u00e9e. V\u00eatement id\u00e9al pour les activit\u00e9s de plein air et les climats froids.","breadcrumb":{"@id":"https:\/\/www.miomiorun.com\/fr\/produit\/montura-sound-winter-pants-homme\/#breadcrumb"},"inLanguage":"fr-FR","potentialAction":[{"@type":"ReadAction","target":["https:\/\/www.miomiorun.com\/fr\/produit\/montura-sound-winter-pants-homme\/"]}]},{"@type":"ImageObject","inLanguage":"fr-FR","@id":"https:\/\/www.miomiorun.com\/fr\/produit\/montura-sound-winter-pants-homme\/#primaryimage","url":"https:\/\/www.miomiorun.com\/app\/uploads\/2021\/03\/montura-sound-winter-pants-MPLR32X.90.jpg","contentUrl":"https:\/\/www.miomiorun.com\/app\/uploads\/2021\/03\/montura-sound-winter-pants-MPLR32X.90.jpg","width":600,"height":600,"caption":"montura sounds pants black"},{"@type":"BreadcrumbList","@id":"https:\/\/www.miomiorun.com\/fr\/produit\/montura-sound-winter-pants-homme\/#breadcrumb","itemListElement":[{"@type":"ListItem","position":1,"name":"Home","item":"https:\/\/www.miomiorun.com\/fr\/home-page\/"},{"@type":"ListItem","position":2,"name":"Shop","item":"https:\/\/www.miomiorun.com\/shop\/"},{"@type":"ListItem","position":3,"name":"Sound Winter Pants homme"}]},{"@type":"WebSite","@id":"https:\/\/www.miomiorun.com\/fr\/#website","url":"https:\/\/www.miomiorun.com\/fr\/","name":"MioMioRun","description":"Boutique 100% running et trail","publisher":{"@id":"https:\/\/www.miomiorun.com\/fr\/#organization"},"potentialAction":[{"@type":"SearchAction","target":{"@type":"EntryPoint","urlTemplate":"https:\/\/www.miomiorun.com\/fr\/?s={search_term_string}"},"query-input":{"@type":"PropertyValueSpecification","valueRequired":true,"valueName":"search_term_string"}}],"inLanguage":"fr-FR"},{"@type":"Organization","@id":"https:\/\/www.miomiorun.com\/fr\/#organization","name":"MioMio Run","url":"https:\/\/www.miomiorun.com\/fr\/","logo":{"@type":"ImageObject","inLanguage":"fr-FR","@id":"https:\/\/www.miomiorun.com\/fr\/#\/schema\/logo\/image\/","url":"https:\/\/www.miomiorun.com\/app\/uploads\/2019\/12\/logomio.png","contentUrl":"https:\/\/www.miomiorun.com\/app\/uploads\/2019\/12\/logomio.png","width":115,"height":82,"caption":"MioMio Run"},"image":{"@id":"https:\/\/www.miomiorun.com\/fr\/#\/schema\/logo\/image\/"},"sameAs":["https:\/\/www.facebook.com\/miomiorun\/","https:\/\/www.instagram.com\/miomiorun\/"]}]}},"_links":{"self":[{"href":"https:\/\/www.miomiorun.com\/fr\/wp-json\/wp\/v2\/product\/277230","targetHints":{"allow":["GET"]}}],"collection":[{"href":"https:\/\/www.miomiorun.com\/fr\/wp-json\/wp\/v2\/product"}],"about":[{"href":"https:\/\/www.miomiorun.com\/fr\/wp-json\/wp\/v2\/types\/product"}],"wp:featuredmedia":[{"embeddable":true,"href":"https:\/\/www.miomiorun.com\/fr\/wp-json\/wp\/v2\/media\/231453"}],"wp:attachment":[{"href":"https:\/\/www.miomiorun.com\/fr\/wp-json\/wp\/v2\/media?parent=277230"}],"wp:term":[{"taxonomy":"product_brand","embeddable":true,"href":"https:\/\/www.miomiorun.com\/fr\/wp-json\/wp\/v2\/product_brand?post=277230"},{"taxonomy":"product_cat","embeddable":true,"href":"https:\/\/www.miomiorun.com\/fr\/wp-json\/wp\/v2\/product_cat?post=277230"},{"taxonomy":"product_tag","embeddable":true,"href":"https:\/\/www.miomiorun.com\/fr\/wp-json\/wp\/v2\/product_tag?post=277230"}],"curies":[{"name":"wp","href":"https:\/\/api.w.org\/{rel}","templated":true}]}}