{"id":277199,"date":"2021-04-07T18:48:08","date_gmt":"2021-04-07T16:48:08","guid":{"rendered":"https:\/\/miomiorun.com\/prodotto\/montura-travel-bermuda-uomo\/"},"modified":"2026-05-08T20:54:39","modified_gmt":"2026-05-08T18:54:39","slug":"montura-travel-bermudas-hommes","status":"publish","type":"product","link":"https:\/\/www.miomiorun.com\/fr\/produit\/montura-travel-bermudas-hommes\/","title":{"rendered":"Travel bermudas hommes"},"content":{"rendered":"<p>Pantalon bermuda pour homme en nylon tr\u00e8s l\u00e9ger avec traitement m\u00e8che pour un s\u00e9chage extr\u00eamement rapide. Taille avec \u00e9lastique et passants, ouverture avec bouton, zip et velcro. Poches ouvertes sur les mains, poches zipp\u00e9es sur les hanches, poche arri\u00e8re zipp\u00e9e. V\u00eatement id\u00e9al pour diverses activit\u00e9s de plein air et de loisirs.<\/p>\n<p class=\"product-weight\">Poids : 0,17 kg<\/p>\n","protected":false},"excerpt":{"rendered":"<p>Pantalon bermuda pour homme en nylon tr\u00e8s l\u00e9ger avec traitement m\u00e8che pour un s\u00e9chage extr\u00eamement rapide. Taille avec \u00e9lastique et passants, ouverture avec bouton, zip et velcro. Poches ouvertes sur les mains, poches zipp\u00e9es sur les hanches, poche arri\u00e8re zipp\u00e9e. V\u00eatement id\u00e9al pour diverses activit\u00e9s de plein air et de loisirs. Poids : 0,17 kg<\/p>\n","protected":false},"featured_media":231487,"template":"","meta":{"_acf_changed":false,"inline_featured_image":false},"product_brand":[],"product_cat":[24477,24482,24484],"product_tag":[23512,23524],"class_list":{"0":"post-277199","1":"product","2":"type-product","3":"status-publish","4":"has-post-thumbnail","6":"product_cat-pantalon-court-fr-3","7":"product_cat-vetements-pour-hommes-fr","8":"product_cat-homme","9":"product_tag-montura-fr","10":"product_tag-montura-homme","11":"pa_attivita-marcher","12":"pa_attivita-outdoor-fr","13":"pa_colore-travel-bermuda-antracite-fr","14":"pa_marca-montura-fr","15":"pa_sesso-homme","16":"pa_size-large-fr","18":"first","19":"instock","20":"sale","21":"taxable","22":"shipping-taxable","23":"purchasable","24":"product-type-variable","25":"wvs-archive-product-wrapper"},"acf":[],"yoast_head":"<!-- This site is optimized with the Yoast SEO plugin v26.8 - https:\/\/yoast.com\/product\/yoast-seo-wordpress\/ -->\n<title>Montura Travel bermudas hommes -Shorts pour hommes - MioMioRun<\/title>\n<meta name=\"description\" content=\"Pantalon bermuda pour homme en nylon l\u00e9ger avec traitement m\u00e8che pour un s\u00e9chage extr\u00eamement rapide. Id\u00e9al pour diverses activit\u00e9s de plein air\" \/>\n<meta name=\"robots\" content=\"index, follow, max-snippet:-1, max-image-preview:large, max-video-preview:-1\" \/>\n<link rel=\"canonical\" href=\"https:\/\/www.miomiorun.com\/fr\/produit\/montura-travel-bermudas-hommes\/\" \/>\n<meta property=\"og:locale\" content=\"fr_FR\" \/>\n<meta property=\"og:type\" content=\"article\" \/>\n<meta property=\"og:title\" content=\"Montura Travel bermudas hommes -Shorts pour hommes - MioMioRun\" \/>\n<meta property=\"og:description\" content=\"Pantalon bermuda pour homme en nylon l\u00e9ger avec traitement m\u00e8che pour un s\u00e9chage extr\u00eamement rapide. Id\u00e9al pour diverses activit\u00e9s de plein air\" \/>\n<meta property=\"og:url\" content=\"https:\/\/www.miomiorun.com\/fr\/produit\/montura-travel-bermudas-hommes\/\" \/>\n<meta property=\"og:site_name\" content=\"MioMioRun\" \/>\n<meta property=\"article:publisher\" content=\"https:\/\/www.facebook.com\/miomiorun\/\" \/>\n<meta property=\"article:modified_time\" content=\"2026-05-08T18:54:39+00:00\" \/>\n<meta property=\"og:image\" content=\"https:\/\/www.miomiorun.com\/app\/uploads\/2021\/03\/montura-travel-bermuda-MPBG22X.92.jpg\" \/>\n\t<meta property=\"og:image:width\" content=\"600\" \/>\n\t<meta property=\"og:image:height\" content=\"600\" \/>\n\t<meta property=\"og:image:type\" content=\"image\/jpeg\" \/>\n<meta name=\"twitter:card\" content=\"summary_large_image\" \/>\n<script type=\"application\/ld+json\" class=\"yoast-schema-graph\">{\"@context\":\"https:\/\/schema.org\",\"@graph\":[{\"@type\":\"WebPage\",\"@id\":\"https:\/\/www.miomiorun.com\/fr\/produit\/montura-travel-bermudas-hommes\/\",\"url\":\"https:\/\/www.miomiorun.com\/fr\/produit\/montura-travel-bermudas-hommes\/\",\"name\":\"Montura Travel bermudas hommes -Shorts pour hommes - MioMioRun\",\"isPartOf\":{\"@id\":\"https:\/\/www.miomiorun.com\/fr\/#website\"},\"primaryImageOfPage\":{\"@id\":\"https:\/\/www.miomiorun.com\/fr\/produit\/montura-travel-bermudas-hommes\/#primaryimage\"},\"image\":{\"@id\":\"https:\/\/www.miomiorun.com\/fr\/produit\/montura-travel-bermudas-hommes\/#primaryimage\"},\"thumbnailUrl\":\"https:\/\/www.miomiorun.com\/app\/uploads\/2021\/03\/montura-travel-bermuda-MPBG22X.92.jpg\",\"datePublished\":\"2021-04-07T16:48:08+00:00\",\"dateModified\":\"2026-05-08T18:54:39+00:00\",\"description\":\"Pantalon bermuda pour homme en nylon l\u00e9ger avec traitement m\u00e8che pour un s\u00e9chage extr\u00eamement rapide. Id\u00e9al pour diverses activit\u00e9s de plein air\",\"breadcrumb\":{\"@id\":\"https:\/\/www.miomiorun.com\/fr\/produit\/montura-travel-bermudas-hommes\/#breadcrumb\"},\"inLanguage\":\"fr-FR\",\"potentialAction\":[{\"@type\":\"ReadAction\",\"target\":[\"https:\/\/www.miomiorun.com\/fr\/produit\/montura-travel-bermudas-hommes\/\"]}]},{\"@type\":\"ImageObject\",\"inLanguage\":\"fr-FR\",\"@id\":\"https:\/\/www.miomiorun.com\/fr\/produit\/montura-travel-bermudas-hommes\/#primaryimage\",\"url\":\"https:\/\/www.miomiorun.com\/app\/uploads\/2021\/03\/montura-travel-bermuda-MPBG22X.92.jpg\",\"contentUrl\":\"https:\/\/www.miomiorun.com\/app\/uploads\/2021\/03\/montura-travel-bermuda-MPBG22X.92.jpg\",\"width\":600,\"height\":600,\"caption\":\"montura travel bermuda\"},{\"@type\":\"BreadcrumbList\",\"@id\":\"https:\/\/www.miomiorun.com\/fr\/produit\/montura-travel-bermudas-hommes\/#breadcrumb\",\"itemListElement\":[{\"@type\":\"ListItem\",\"position\":1,\"name\":\"Home\",\"item\":\"https:\/\/www.miomiorun.com\/fr\/home-page\/\"},{\"@type\":\"ListItem\",\"position\":2,\"name\":\"Shop\",\"item\":\"https:\/\/www.miomiorun.com\/shop\/\"},{\"@type\":\"ListItem\",\"position\":3,\"name\":\"Travel bermudas hommes\"}]},{\"@type\":\"WebSite\",\"@id\":\"https:\/\/www.miomiorun.com\/fr\/#website\",\"url\":\"https:\/\/www.miomiorun.com\/fr\/\",\"name\":\"MioMioRun\",\"description\":\"Boutique 100% running et trail\",\"publisher\":{\"@id\":\"https:\/\/www.miomiorun.com\/fr\/#organization\"},\"potentialAction\":[{\"@type\":\"SearchAction\",\"target\":{\"@type\":\"EntryPoint\",\"urlTemplate\":\"https:\/\/www.miomiorun.com\/fr\/?s={search_term_string}\"},\"query-input\":{\"@type\":\"PropertyValueSpecification\",\"valueRequired\":true,\"valueName\":\"search_term_string\"}}],\"inLanguage\":\"fr-FR\"},{\"@type\":\"Organization\",\"@id\":\"https:\/\/www.miomiorun.com\/fr\/#organization\",\"name\":\"MioMio Run\",\"url\":\"https:\/\/www.miomiorun.com\/fr\/\",\"logo\":{\"@type\":\"ImageObject\",\"inLanguage\":\"fr-FR\",\"@id\":\"https:\/\/www.miomiorun.com\/fr\/#\/schema\/logo\/image\/\",\"url\":\"https:\/\/www.miomiorun.com\/app\/uploads\/2019\/12\/logomio.png\",\"contentUrl\":\"https:\/\/www.miomiorun.com\/app\/uploads\/2019\/12\/logomio.png\",\"width\":115,\"height\":82,\"caption\":\"MioMio Run\"},\"image\":{\"@id\":\"https:\/\/www.miomiorun.com\/fr\/#\/schema\/logo\/image\/\"},\"sameAs\":[\"https:\/\/www.facebook.com\/miomiorun\/\",\"https:\/\/www.instagram.com\/miomiorun\/\"]}]}<\/script>\n<!-- \/ Yoast SEO plugin. -->","yoast_head_json":{"title":"Montura Travel bermudas hommes -Shorts pour hommes - MioMioRun","description":"Pantalon bermuda pour homme en nylon l\u00e9ger avec traitement m\u00e8che pour un s\u00e9chage extr\u00eamement rapide. Id\u00e9al pour diverses activit\u00e9s de plein air","robots":{"index":"index","follow":"follow","max-snippet":"max-snippet:-1","max-image-preview":"max-image-preview:large","max-video-preview":"max-video-preview:-1"},"canonical":"https:\/\/www.miomiorun.com\/fr\/produit\/montura-travel-bermudas-hommes\/","og_locale":"fr_FR","og_type":"article","og_title":"Montura Travel bermudas hommes -Shorts pour hommes - MioMioRun","og_description":"Pantalon bermuda pour homme en nylon l\u00e9ger avec traitement m\u00e8che pour un s\u00e9chage extr\u00eamement rapide. Id\u00e9al pour diverses activit\u00e9s de plein air","og_url":"https:\/\/www.miomiorun.com\/fr\/produit\/montura-travel-bermudas-hommes\/","og_site_name":"MioMioRun","article_publisher":"https:\/\/www.facebook.com\/miomiorun\/","article_modified_time":"2026-05-08T18:54:39+00:00","og_image":[{"width":600,"height":600,"url":"https:\/\/www.miomiorun.com\/app\/uploads\/2021\/03\/montura-travel-bermuda-MPBG22X.92.jpg","type":"image\/jpeg"}],"twitter_card":"summary_large_image","schema":{"@context":"https:\/\/schema.org","@graph":[{"@type":"WebPage","@id":"https:\/\/www.miomiorun.com\/fr\/produit\/montura-travel-bermudas-hommes\/","url":"https:\/\/www.miomiorun.com\/fr\/produit\/montura-travel-bermudas-hommes\/","name":"Montura Travel bermudas hommes -Shorts pour hommes - MioMioRun","isPartOf":{"@id":"https:\/\/www.miomiorun.com\/fr\/#website"},"primaryImageOfPage":{"@id":"https:\/\/www.miomiorun.com\/fr\/produit\/montura-travel-bermudas-hommes\/#primaryimage"},"image":{"@id":"https:\/\/www.miomiorun.com\/fr\/produit\/montura-travel-bermudas-hommes\/#primaryimage"},"thumbnailUrl":"https:\/\/www.miomiorun.com\/app\/uploads\/2021\/03\/montura-travel-bermuda-MPBG22X.92.jpg","datePublished":"2021-04-07T16:48:08+00:00","dateModified":"2026-05-08T18:54:39+00:00","description":"Pantalon bermuda pour homme en nylon l\u00e9ger avec traitement m\u00e8che pour un s\u00e9chage extr\u00eamement rapide. Id\u00e9al pour diverses activit\u00e9s de plein air","breadcrumb":{"@id":"https:\/\/www.miomiorun.com\/fr\/produit\/montura-travel-bermudas-hommes\/#breadcrumb"},"inLanguage":"fr-FR","potentialAction":[{"@type":"ReadAction","target":["https:\/\/www.miomiorun.com\/fr\/produit\/montura-travel-bermudas-hommes\/"]}]},{"@type":"ImageObject","inLanguage":"fr-FR","@id":"https:\/\/www.miomiorun.com\/fr\/produit\/montura-travel-bermudas-hommes\/#primaryimage","url":"https:\/\/www.miomiorun.com\/app\/uploads\/2021\/03\/montura-travel-bermuda-MPBG22X.92.jpg","contentUrl":"https:\/\/www.miomiorun.com\/app\/uploads\/2021\/03\/montura-travel-bermuda-MPBG22X.92.jpg","width":600,"height":600,"caption":"montura travel bermuda"},{"@type":"BreadcrumbList","@id":"https:\/\/www.miomiorun.com\/fr\/produit\/montura-travel-bermudas-hommes\/#breadcrumb","itemListElement":[{"@type":"ListItem","position":1,"name":"Home","item":"https:\/\/www.miomiorun.com\/fr\/home-page\/"},{"@type":"ListItem","position":2,"name":"Shop","item":"https:\/\/www.miomiorun.com\/shop\/"},{"@type":"ListItem","position":3,"name":"Travel bermudas hommes"}]},{"@type":"WebSite","@id":"https:\/\/www.miomiorun.com\/fr\/#website","url":"https:\/\/www.miomiorun.com\/fr\/","name":"MioMioRun","description":"Boutique 100% running et trail","publisher":{"@id":"https:\/\/www.miomiorun.com\/fr\/#organization"},"potentialAction":[{"@type":"SearchAction","target":{"@type":"EntryPoint","urlTemplate":"https:\/\/www.miomiorun.com\/fr\/?s={search_term_string}"},"query-input":{"@type":"PropertyValueSpecification","valueRequired":true,"valueName":"search_term_string"}}],"inLanguage":"fr-FR"},{"@type":"Organization","@id":"https:\/\/www.miomiorun.com\/fr\/#organization","name":"MioMio Run","url":"https:\/\/www.miomiorun.com\/fr\/","logo":{"@type":"ImageObject","inLanguage":"fr-FR","@id":"https:\/\/www.miomiorun.com\/fr\/#\/schema\/logo\/image\/","url":"https:\/\/www.miomiorun.com\/app\/uploads\/2019\/12\/logomio.png","contentUrl":"https:\/\/www.miomiorun.com\/app\/uploads\/2019\/12\/logomio.png","width":115,"height":82,"caption":"MioMio Run"},"image":{"@id":"https:\/\/www.miomiorun.com\/fr\/#\/schema\/logo\/image\/"},"sameAs":["https:\/\/www.facebook.com\/miomiorun\/","https:\/\/www.instagram.com\/miomiorun\/"]}]}},"_links":{"self":[{"href":"https:\/\/www.miomiorun.com\/fr\/wp-json\/wp\/v2\/product\/277199","targetHints":{"allow":["GET"]}}],"collection":[{"href":"https:\/\/www.miomiorun.com\/fr\/wp-json\/wp\/v2\/product"}],"about":[{"href":"https:\/\/www.miomiorun.com\/fr\/wp-json\/wp\/v2\/types\/product"}],"wp:featuredmedia":[{"embeddable":true,"href":"https:\/\/www.miomiorun.com\/fr\/wp-json\/wp\/v2\/media\/231487"}],"wp:attachment":[{"href":"https:\/\/www.miomiorun.com\/fr\/wp-json\/wp\/v2\/media?parent=277199"}],"wp:term":[{"taxonomy":"product_brand","embeddable":true,"href":"https:\/\/www.miomiorun.com\/fr\/wp-json\/wp\/v2\/product_brand?post=277199"},{"taxonomy":"product_cat","embeddable":true,"href":"https:\/\/www.miomiorun.com\/fr\/wp-json\/wp\/v2\/product_cat?post=277199"},{"taxonomy":"product_tag","embeddable":true,"href":"https:\/\/www.miomiorun.com\/fr\/wp-json\/wp\/v2\/product_tag?post=277199"}],"curies":[{"name":"wp","href":"https:\/\/api.w.org\/{rel}","templated":true}]}}