{"id":277181,"date":"2021-04-08T10:14:54","date_gmt":"2021-04-08T08:14:54","guid":{"rendered":"https:\/\/miomiorun.com\/prodotto\/montura-safari-bermuda-donna\/"},"modified":"2025-05-09T16:03:01","modified_gmt":"2025-05-09T14:03:01","slug":"montura-safari-bermuda-femme","status":"publish","type":"product","link":"https:\/\/www.miomiorun.com\/fr\/produit\/montura-safari-bermuda-femme\/","title":{"rendered":"Safari Bermuda femme"},"content":{"rendered":"<p>Pantalon bermuda pour femme en nylon DWR extensible dans les 4 sens. Taille avec passants de ceinture, ouverture par bouton et fermeture \u00e9clair, poches ouvertes pour les mains, poche zipp\u00e9e sur la hanche. V\u00eatement id\u00e9al pour diverses activit\u00e9s de plein air et de loisirs.<\/p>\n<p class=\"product-weight\">Poids : 0,12 kg<\/p>\n<p>&nbsp;<\/p>\n","protected":false},"excerpt":{"rendered":"<p>Pantalon bermuda pour femme en nylon DWR extensible dans les 4 sens. Taille avec passants de ceinture, ouverture par bouton et fermeture \u00e9clair, poches ouvertes pour les mains, poche zipp\u00e9e sur la hanche. V\u00eatement id\u00e9al pour diverses activit\u00e9s de plein air et de loisirs. Poids : 0,12 kg &nbsp;<\/p>\n","protected":false},"featured_media":231519,"template":"","meta":{"_acf_changed":false,"inline_featured_image":false},"product_brand":[],"product_cat":[22602,22596,22595],"product_tag":[23512,23514],"class_list":{"0":"post-277181","1":"product","2":"type-product","3":"status-publish","4":"has-post-thumbnail","6":"product_cat-pantalon-court","7":"product_cat-vetements-pour-femmes","8":"product_cat-femme","9":"product_tag-montura-fr","10":"product_tag-montura-femme","11":"pa_attivita-marcher","12":"pa_attivita-outdoor-fr","13":"pa_colore-safari-bermuda-w-nero-rosasugar-fr","14":"pa_colore-safari-bermuda-w-nero-intense-violet-fr","15":"pa_marca-montura-fr","16":"pa_sesso-femme","17":"pa_size-extra-small-fr","18":"pa_size-large-fr","20":"first","21":"instock","22":"sale","23":"taxable","24":"shipping-taxable","25":"purchasable","26":"product-type-variable","27":"wvs-archive-product-wrapper"},"acf":[],"yoast_head":"<!-- This site is optimized with the Yoast SEO plugin v26.8 - https:\/\/yoast.com\/product\/yoast-seo-wordpress\/ -->\n<title>Montura Safari Bermuda femme - Shorts pour femmes - MioMioRun<\/title>\n<meta name=\"description\" content=\"Pantalon bermuda pour femme en nylon DWR extensible dans les 4 sens. Ceinture avec passants. V\u00eatement id\u00e9al pour les activit\u00e9s de plein air et les loisirs.\" \/>\n<meta name=\"robots\" content=\"index, follow, max-snippet:-1, max-image-preview:large, max-video-preview:-1\" \/>\n<link rel=\"canonical\" href=\"https:\/\/www.miomiorun.com\/fr\/produit\/montura-safari-bermuda-femme\/\" \/>\n<meta property=\"og:locale\" content=\"fr_FR\" \/>\n<meta property=\"og:type\" content=\"article\" \/>\n<meta property=\"og:title\" content=\"Montura Safari Bermuda femme - Shorts pour femmes - MioMioRun\" \/>\n<meta property=\"og:description\" content=\"Pantalon bermuda pour femme en nylon DWR extensible dans les 4 sens. Ceinture avec passants. V\u00eatement id\u00e9al pour les activit\u00e9s de plein air et les loisirs.\" \/>\n<meta property=\"og:url\" content=\"https:\/\/www.miomiorun.com\/fr\/produit\/montura-safari-bermuda-femme\/\" \/>\n<meta property=\"og:site_name\" content=\"MioMioRun\" \/>\n<meta property=\"article:publisher\" content=\"https:\/\/www.facebook.com\/miomiorun\/\" \/>\n<meta property=\"article:modified_time\" content=\"2025-05-09T14:03:01+00:00\" \/>\n<meta property=\"og:image\" content=\"https:\/\/www.miomiorun.com\/app\/uploads\/2021\/03\/montura-Safari-Bermuda-MPBG12W.9004.jpg\" \/>\n\t<meta property=\"og:image:width\" content=\"600\" \/>\n\t<meta property=\"og:image:height\" content=\"600\" \/>\n\t<meta property=\"og:image:type\" content=\"image\/jpeg\" \/>\n<meta name=\"twitter:card\" content=\"summary_large_image\" \/>\n<script type=\"application\/ld+json\" class=\"yoast-schema-graph\">{\"@context\":\"https:\/\/schema.org\",\"@graph\":[{\"@type\":\"WebPage\",\"@id\":\"https:\/\/www.miomiorun.com\/fr\/produit\/montura-safari-bermuda-femme\/\",\"url\":\"https:\/\/www.miomiorun.com\/fr\/produit\/montura-safari-bermuda-femme\/\",\"name\":\"Montura Safari Bermuda femme - Shorts pour femmes - MioMioRun\",\"isPartOf\":{\"@id\":\"https:\/\/www.miomiorun.com\/fr\/#website\"},\"primaryImageOfPage\":{\"@id\":\"https:\/\/www.miomiorun.com\/fr\/produit\/montura-safari-bermuda-femme\/#primaryimage\"},\"image\":{\"@id\":\"https:\/\/www.miomiorun.com\/fr\/produit\/montura-safari-bermuda-femme\/#primaryimage\"},\"thumbnailUrl\":\"https:\/\/www.miomiorun.com\/app\/uploads\/2021\/03\/montura-Safari-Bermuda-MPBG12W.9004.jpg\",\"datePublished\":\"2021-04-08T08:14:54+00:00\",\"dateModified\":\"2025-05-09T14:03:01+00:00\",\"description\":\"Pantalon bermuda pour femme en nylon DWR extensible dans les 4 sens. Ceinture avec passants. V\u00eatement id\u00e9al pour les activit\u00e9s de plein air et les loisirs.\",\"breadcrumb\":{\"@id\":\"https:\/\/www.miomiorun.com\/fr\/produit\/montura-safari-bermuda-femme\/#breadcrumb\"},\"inLanguage\":\"fr-FR\",\"potentialAction\":[{\"@type\":\"ReadAction\",\"target\":[\"https:\/\/www.miomiorun.com\/fr\/produit\/montura-safari-bermuda-femme\/\"]}]},{\"@type\":\"ImageObject\",\"inLanguage\":\"fr-FR\",\"@id\":\"https:\/\/www.miomiorun.com\/fr\/produit\/montura-safari-bermuda-femme\/#primaryimage\",\"url\":\"https:\/\/www.miomiorun.com\/app\/uploads\/2021\/03\/montura-Safari-Bermuda-MPBG12W.9004.jpg\",\"contentUrl\":\"https:\/\/www.miomiorun.com\/app\/uploads\/2021\/03\/montura-Safari-Bermuda-MPBG12W.9004.jpg\",\"width\":600,\"height\":600,\"caption\":\"montura safari bermuda black\"},{\"@type\":\"BreadcrumbList\",\"@id\":\"https:\/\/www.miomiorun.com\/fr\/produit\/montura-safari-bermuda-femme\/#breadcrumb\",\"itemListElement\":[{\"@type\":\"ListItem\",\"position\":1,\"name\":\"Home\",\"item\":\"https:\/\/www.miomiorun.com\/fr\/home-page\/\"},{\"@type\":\"ListItem\",\"position\":2,\"name\":\"Shop\",\"item\":\"https:\/\/www.miomiorun.com\/shop\/\"},{\"@type\":\"ListItem\",\"position\":3,\"name\":\"Safari Bermuda femme\"}]},{\"@type\":\"WebSite\",\"@id\":\"https:\/\/www.miomiorun.com\/fr\/#website\",\"url\":\"https:\/\/www.miomiorun.com\/fr\/\",\"name\":\"MioMioRun\",\"description\":\"Boutique 100% running et trail\",\"publisher\":{\"@id\":\"https:\/\/www.miomiorun.com\/fr\/#organization\"},\"potentialAction\":[{\"@type\":\"SearchAction\",\"target\":{\"@type\":\"EntryPoint\",\"urlTemplate\":\"https:\/\/www.miomiorun.com\/fr\/?s={search_term_string}\"},\"query-input\":{\"@type\":\"PropertyValueSpecification\",\"valueRequired\":true,\"valueName\":\"search_term_string\"}}],\"inLanguage\":\"fr-FR\"},{\"@type\":\"Organization\",\"@id\":\"https:\/\/www.miomiorun.com\/fr\/#organization\",\"name\":\"MioMio Run\",\"url\":\"https:\/\/www.miomiorun.com\/fr\/\",\"logo\":{\"@type\":\"ImageObject\",\"inLanguage\":\"fr-FR\",\"@id\":\"https:\/\/www.miomiorun.com\/fr\/#\/schema\/logo\/image\/\",\"url\":\"https:\/\/www.miomiorun.com\/app\/uploads\/2019\/12\/logomio.png\",\"contentUrl\":\"https:\/\/www.miomiorun.com\/app\/uploads\/2019\/12\/logomio.png\",\"width\":115,\"height\":82,\"caption\":\"MioMio Run\"},\"image\":{\"@id\":\"https:\/\/www.miomiorun.com\/fr\/#\/schema\/logo\/image\/\"},\"sameAs\":[\"https:\/\/www.facebook.com\/miomiorun\/\",\"https:\/\/www.instagram.com\/miomiorun\/\"]}]}<\/script>\n<!-- \/ Yoast SEO plugin. -->","yoast_head_json":{"title":"Montura Safari Bermuda femme - Shorts pour femmes - MioMioRun","description":"Pantalon bermuda pour femme en nylon DWR extensible dans les 4 sens. Ceinture avec passants. V\u00eatement id\u00e9al pour les activit\u00e9s de plein air et les loisirs.","robots":{"index":"index","follow":"follow","max-snippet":"max-snippet:-1","max-image-preview":"max-image-preview:large","max-video-preview":"max-video-preview:-1"},"canonical":"https:\/\/www.miomiorun.com\/fr\/produit\/montura-safari-bermuda-femme\/","og_locale":"fr_FR","og_type":"article","og_title":"Montura Safari Bermuda femme - Shorts pour femmes - MioMioRun","og_description":"Pantalon bermuda pour femme en nylon DWR extensible dans les 4 sens. Ceinture avec passants. V\u00eatement id\u00e9al pour les activit\u00e9s de plein air et les loisirs.","og_url":"https:\/\/www.miomiorun.com\/fr\/produit\/montura-safari-bermuda-femme\/","og_site_name":"MioMioRun","article_publisher":"https:\/\/www.facebook.com\/miomiorun\/","article_modified_time":"2025-05-09T14:03:01+00:00","og_image":[{"width":600,"height":600,"url":"https:\/\/www.miomiorun.com\/app\/uploads\/2021\/03\/montura-Safari-Bermuda-MPBG12W.9004.jpg","type":"image\/jpeg"}],"twitter_card":"summary_large_image","schema":{"@context":"https:\/\/schema.org","@graph":[{"@type":"WebPage","@id":"https:\/\/www.miomiorun.com\/fr\/produit\/montura-safari-bermuda-femme\/","url":"https:\/\/www.miomiorun.com\/fr\/produit\/montura-safari-bermuda-femme\/","name":"Montura Safari Bermuda femme - Shorts pour femmes - MioMioRun","isPartOf":{"@id":"https:\/\/www.miomiorun.com\/fr\/#website"},"primaryImageOfPage":{"@id":"https:\/\/www.miomiorun.com\/fr\/produit\/montura-safari-bermuda-femme\/#primaryimage"},"image":{"@id":"https:\/\/www.miomiorun.com\/fr\/produit\/montura-safari-bermuda-femme\/#primaryimage"},"thumbnailUrl":"https:\/\/www.miomiorun.com\/app\/uploads\/2021\/03\/montura-Safari-Bermuda-MPBG12W.9004.jpg","datePublished":"2021-04-08T08:14:54+00:00","dateModified":"2025-05-09T14:03:01+00:00","description":"Pantalon bermuda pour femme en nylon DWR extensible dans les 4 sens. Ceinture avec passants. V\u00eatement id\u00e9al pour les activit\u00e9s de plein air et les loisirs.","breadcrumb":{"@id":"https:\/\/www.miomiorun.com\/fr\/produit\/montura-safari-bermuda-femme\/#breadcrumb"},"inLanguage":"fr-FR","potentialAction":[{"@type":"ReadAction","target":["https:\/\/www.miomiorun.com\/fr\/produit\/montura-safari-bermuda-femme\/"]}]},{"@type":"ImageObject","inLanguage":"fr-FR","@id":"https:\/\/www.miomiorun.com\/fr\/produit\/montura-safari-bermuda-femme\/#primaryimage","url":"https:\/\/www.miomiorun.com\/app\/uploads\/2021\/03\/montura-Safari-Bermuda-MPBG12W.9004.jpg","contentUrl":"https:\/\/www.miomiorun.com\/app\/uploads\/2021\/03\/montura-Safari-Bermuda-MPBG12W.9004.jpg","width":600,"height":600,"caption":"montura safari bermuda black"},{"@type":"BreadcrumbList","@id":"https:\/\/www.miomiorun.com\/fr\/produit\/montura-safari-bermuda-femme\/#breadcrumb","itemListElement":[{"@type":"ListItem","position":1,"name":"Home","item":"https:\/\/www.miomiorun.com\/fr\/home-page\/"},{"@type":"ListItem","position":2,"name":"Shop","item":"https:\/\/www.miomiorun.com\/shop\/"},{"@type":"ListItem","position":3,"name":"Safari Bermuda femme"}]},{"@type":"WebSite","@id":"https:\/\/www.miomiorun.com\/fr\/#website","url":"https:\/\/www.miomiorun.com\/fr\/","name":"MioMioRun","description":"Boutique 100% running et trail","publisher":{"@id":"https:\/\/www.miomiorun.com\/fr\/#organization"},"potentialAction":[{"@type":"SearchAction","target":{"@type":"EntryPoint","urlTemplate":"https:\/\/www.miomiorun.com\/fr\/?s={search_term_string}"},"query-input":{"@type":"PropertyValueSpecification","valueRequired":true,"valueName":"search_term_string"}}],"inLanguage":"fr-FR"},{"@type":"Organization","@id":"https:\/\/www.miomiorun.com\/fr\/#organization","name":"MioMio Run","url":"https:\/\/www.miomiorun.com\/fr\/","logo":{"@type":"ImageObject","inLanguage":"fr-FR","@id":"https:\/\/www.miomiorun.com\/fr\/#\/schema\/logo\/image\/","url":"https:\/\/www.miomiorun.com\/app\/uploads\/2019\/12\/logomio.png","contentUrl":"https:\/\/www.miomiorun.com\/app\/uploads\/2019\/12\/logomio.png","width":115,"height":82,"caption":"MioMio Run"},"image":{"@id":"https:\/\/www.miomiorun.com\/fr\/#\/schema\/logo\/image\/"},"sameAs":["https:\/\/www.facebook.com\/miomiorun\/","https:\/\/www.instagram.com\/miomiorun\/"]}]}},"_links":{"self":[{"href":"https:\/\/www.miomiorun.com\/fr\/wp-json\/wp\/v2\/product\/277181","targetHints":{"allow":["GET"]}}],"collection":[{"href":"https:\/\/www.miomiorun.com\/fr\/wp-json\/wp\/v2\/product"}],"about":[{"href":"https:\/\/www.miomiorun.com\/fr\/wp-json\/wp\/v2\/types\/product"}],"wp:featuredmedia":[{"embeddable":true,"href":"https:\/\/www.miomiorun.com\/fr\/wp-json\/wp\/v2\/media\/231519"}],"wp:attachment":[{"href":"https:\/\/www.miomiorun.com\/fr\/wp-json\/wp\/v2\/media?parent=277181"}],"wp:term":[{"taxonomy":"product_brand","embeddable":true,"href":"https:\/\/www.miomiorun.com\/fr\/wp-json\/wp\/v2\/product_brand?post=277181"},{"taxonomy":"product_cat","embeddable":true,"href":"https:\/\/www.miomiorun.com\/fr\/wp-json\/wp\/v2\/product_cat?post=277181"},{"taxonomy":"product_tag","embeddable":true,"href":"https:\/\/www.miomiorun.com\/fr\/wp-json\/wp\/v2\/product_tag?post=277181"}],"curies":[{"name":"wp","href":"https:\/\/api.w.org\/{rel}","templated":true}]}}