{"id":277169,"date":"2021-04-08T17:55:31","date_gmt":"2021-04-08T15:55:31","guid":{"rendered":"https:\/\/miomiorun.com\/prodotto\/montura-sensi-smart-skirtshorts-donna\/"},"modified":"2025-05-09T16:43:25","modified_gmt":"2025-05-09T14:43:25","slug":"montura-sensi-smart-skirtshorts-femme","status":"publish","type":"product","link":"https:\/\/www.miomiorun.com\/fr\/produit\/montura-sensi-smart-skirtshorts-femme\/","title":{"rendered":"Sensi Smart Skirt+Shorts femme"},"content":{"rendered":"<p>Jupe courte pour femme en jersey de nylon Sensitive\u00ae et Lycra Sport\u00ae avec haute protection UV et propri\u00e9t\u00e9s de s\u00e9chage rapide. Taille \u00e9lastiqu\u00e9e et poche arri\u00e8re zipp\u00e9e. V\u00eatement id\u00e9al pour la course \u00e0 pied et diverses activit\u00e9s de plein air<\/p>\n<p class=\"product-weight\">Poids : 0,13 kg<\/p>\n<p>&nbsp;<\/p>\n<p>&nbsp;<\/p>\n","protected":false},"excerpt":{"rendered":"<p>Jupe courte pour femme en jersey de nylon Sensitive\u00ae et Lycra Sport\u00ae avec haute protection UV et propri\u00e9t\u00e9s de s\u00e9chage rapide. Taille \u00e9lastiqu\u00e9e et poche arri\u00e8re zipp\u00e9e. V\u00eatement id\u00e9al pour la course \u00e0 pied et diverses activit\u00e9s de plein air Poids : 0,13 kg &nbsp; &nbsp;<\/p>\n","protected":false},"featured_media":231545,"template":"","meta":{"_acf_changed":false,"inline_featured_image":false},"product_brand":[],"product_cat":[22602,22596,22595],"product_tag":[23512,23514],"class_list":{"0":"post-277169","1":"product","2":"type-product","3":"status-publish","4":"has-post-thumbnail","6":"product_cat-pantalon-court","7":"product_cat-vetements-pour-femmes","8":"product_cat-femme","9":"product_tag-montura-fr","10":"product_tag-montura-femme","11":"pa_attivita-outdoor-fr","12":"pa_attivita-trail-fr","13":"pa_colore-sensismart-skirtshirt-w-blucenere-fanta-fr","14":"pa_marca-montura-fr","15":"pa_sesso-femme","16":"pa_size-extra-small-fr","18":"first","19":"instock","20":"sale","21":"taxable","22":"shipping-taxable","23":"purchasable","24":"product-type-variable","25":"wvs-archive-product-wrapper"},"acf":[],"yoast_head":"<!-- This site is optimized with the Yoast SEO plugin v26.8 - https:\/\/yoast.com\/product\/yoast-seo-wordpress\/ -->\n<title>Montura Sensi Smart Skirt+Shorts femme -jupe de course - MioMioRun.com<\/title>\n<meta name=\"description\" content=\"Jupe courte pour femme en jersey de nylon, protection UV et s\u00e9chage rapide. V\u00eatement id\u00e9al pour la course \u00e0 pied et diverses activit\u00e9s de plein air\" \/>\n<meta name=\"robots\" content=\"index, follow, max-snippet:-1, max-image-preview:large, max-video-preview:-1\" \/>\n<link rel=\"canonical\" href=\"https:\/\/www.miomiorun.com\/fr\/produit\/montura-sensi-smart-skirtshorts-femme\/\" \/>\n<meta property=\"og:locale\" content=\"fr_FR\" \/>\n<meta property=\"og:type\" content=\"article\" \/>\n<meta property=\"og:title\" content=\"Montura Sensi Smart Skirt+Shorts femme -jupe de course - MioMioRun.com\" \/>\n<meta property=\"og:description\" content=\"Jupe courte pour femme en jersey de nylon, protection UV et s\u00e9chage rapide. V\u00eatement id\u00e9al pour la course \u00e0 pied et diverses activit\u00e9s de plein air\" \/>\n<meta property=\"og:url\" content=\"https:\/\/www.miomiorun.com\/fr\/produit\/montura-sensi-smart-skirtshorts-femme\/\" \/>\n<meta property=\"og:site_name\" content=\"MioMioRun\" \/>\n<meta property=\"article:publisher\" content=\"https:\/\/www.facebook.com\/miomiorun\/\" \/>\n<meta property=\"article:modified_time\" content=\"2025-05-09T14:43:25+00:00\" \/>\n<meta property=\"og:image\" content=\"https:\/\/www.miomiorun.com\/app\/uploads\/2021\/03\/montura-Sensi-Smart-Skirt-Shirt-MPGC13W.86A18.jpg\" \/>\n\t<meta property=\"og:image:width\" content=\"600\" \/>\n\t<meta property=\"og:image:height\" content=\"600\" \/>\n\t<meta property=\"og:image:type\" content=\"image\/jpeg\" \/>\n<meta name=\"twitter:card\" content=\"summary_large_image\" \/>\n<script type=\"application\/ld+json\" class=\"yoast-schema-graph\">{\"@context\":\"https:\/\/schema.org\",\"@graph\":[{\"@type\":\"WebPage\",\"@id\":\"https:\/\/www.miomiorun.com\/fr\/produit\/montura-sensi-smart-skirtshorts-femme\/\",\"url\":\"https:\/\/www.miomiorun.com\/fr\/produit\/montura-sensi-smart-skirtshorts-femme\/\",\"name\":\"Montura Sensi Smart Skirt+Shorts femme -jupe de course - MioMioRun.com\",\"isPartOf\":{\"@id\":\"https:\/\/www.miomiorun.com\/fr\/#website\"},\"primaryImageOfPage\":{\"@id\":\"https:\/\/www.miomiorun.com\/fr\/produit\/montura-sensi-smart-skirtshorts-femme\/#primaryimage\"},\"image\":{\"@id\":\"https:\/\/www.miomiorun.com\/fr\/produit\/montura-sensi-smart-skirtshorts-femme\/#primaryimage\"},\"thumbnailUrl\":\"https:\/\/www.miomiorun.com\/app\/uploads\/2021\/03\/montura-Sensi-Smart-Skirt-Shirt-MPGC13W.86A18.jpg\",\"datePublished\":\"2021-04-08T15:55:31+00:00\",\"dateModified\":\"2025-05-09T14:43:25+00:00\",\"description\":\"Jupe courte pour femme en jersey de nylon, protection UV et s\u00e9chage rapide. V\u00eatement id\u00e9al pour la course \u00e0 pied et diverses activit\u00e9s de plein air\",\"breadcrumb\":{\"@id\":\"https:\/\/www.miomiorun.com\/fr\/produit\/montura-sensi-smart-skirtshorts-femme\/#breadcrumb\"},\"inLanguage\":\"fr-FR\",\"potentialAction\":[{\"@type\":\"ReadAction\",\"target\":[\"https:\/\/www.miomiorun.com\/fr\/produit\/montura-sensi-smart-skirtshorts-femme\/\"]}]},{\"@type\":\"ImageObject\",\"inLanguage\":\"fr-FR\",\"@id\":\"https:\/\/www.miomiorun.com\/fr\/produit\/montura-sensi-smart-skirtshorts-femme\/#primaryimage\",\"url\":\"https:\/\/www.miomiorun.com\/app\/uploads\/2021\/03\/montura-Sensi-Smart-Skirt-Shirt-MPGC13W.86A18.jpg\",\"contentUrl\":\"https:\/\/www.miomiorun.com\/app\/uploads\/2021\/03\/montura-Sensi-Smart-Skirt-Shirt-MPGC13W.86A18.jpg\",\"width\":600,\"height\":600,\"caption\":\"montura sensi smart skirt donna\"},{\"@type\":\"BreadcrumbList\",\"@id\":\"https:\/\/www.miomiorun.com\/fr\/produit\/montura-sensi-smart-skirtshorts-femme\/#breadcrumb\",\"itemListElement\":[{\"@type\":\"ListItem\",\"position\":1,\"name\":\"Home\",\"item\":\"https:\/\/www.miomiorun.com\/fr\/home-page\/\"},{\"@type\":\"ListItem\",\"position\":2,\"name\":\"Shop\",\"item\":\"https:\/\/www.miomiorun.com\/shop\/\"},{\"@type\":\"ListItem\",\"position\":3,\"name\":\"Sensi Smart Skirt+Shorts femme\"}]},{\"@type\":\"WebSite\",\"@id\":\"https:\/\/www.miomiorun.com\/fr\/#website\",\"url\":\"https:\/\/www.miomiorun.com\/fr\/\",\"name\":\"MioMioRun\",\"description\":\"Boutique 100% running et trail\",\"publisher\":{\"@id\":\"https:\/\/www.miomiorun.com\/fr\/#organization\"},\"potentialAction\":[{\"@type\":\"SearchAction\",\"target\":{\"@type\":\"EntryPoint\",\"urlTemplate\":\"https:\/\/www.miomiorun.com\/fr\/?s={search_term_string}\"},\"query-input\":{\"@type\":\"PropertyValueSpecification\",\"valueRequired\":true,\"valueName\":\"search_term_string\"}}],\"inLanguage\":\"fr-FR\"},{\"@type\":\"Organization\",\"@id\":\"https:\/\/www.miomiorun.com\/fr\/#organization\",\"name\":\"MioMio Run\",\"url\":\"https:\/\/www.miomiorun.com\/fr\/\",\"logo\":{\"@type\":\"ImageObject\",\"inLanguage\":\"fr-FR\",\"@id\":\"https:\/\/www.miomiorun.com\/fr\/#\/schema\/logo\/image\/\",\"url\":\"https:\/\/www.miomiorun.com\/app\/uploads\/2019\/12\/logomio.png\",\"contentUrl\":\"https:\/\/www.miomiorun.com\/app\/uploads\/2019\/12\/logomio.png\",\"width\":115,\"height\":82,\"caption\":\"MioMio Run\"},\"image\":{\"@id\":\"https:\/\/www.miomiorun.com\/fr\/#\/schema\/logo\/image\/\"},\"sameAs\":[\"https:\/\/www.facebook.com\/miomiorun\/\",\"https:\/\/www.instagram.com\/miomiorun\/\"]}]}<\/script>\n<!-- \/ Yoast SEO plugin. -->","yoast_head_json":{"title":"Montura Sensi Smart Skirt+Shorts femme -jupe de course - MioMioRun.com","description":"Jupe courte pour femme en jersey de nylon, protection UV et s\u00e9chage rapide. V\u00eatement id\u00e9al pour la course \u00e0 pied et diverses activit\u00e9s de plein air","robots":{"index":"index","follow":"follow","max-snippet":"max-snippet:-1","max-image-preview":"max-image-preview:large","max-video-preview":"max-video-preview:-1"},"canonical":"https:\/\/www.miomiorun.com\/fr\/produit\/montura-sensi-smart-skirtshorts-femme\/","og_locale":"fr_FR","og_type":"article","og_title":"Montura Sensi Smart Skirt+Shorts femme -jupe de course - MioMioRun.com","og_description":"Jupe courte pour femme en jersey de nylon, protection UV et s\u00e9chage rapide. V\u00eatement id\u00e9al pour la course \u00e0 pied et diverses activit\u00e9s de plein air","og_url":"https:\/\/www.miomiorun.com\/fr\/produit\/montura-sensi-smart-skirtshorts-femme\/","og_site_name":"MioMioRun","article_publisher":"https:\/\/www.facebook.com\/miomiorun\/","article_modified_time":"2025-05-09T14:43:25+00:00","og_image":[{"width":600,"height":600,"url":"https:\/\/www.miomiorun.com\/app\/uploads\/2021\/03\/montura-Sensi-Smart-Skirt-Shirt-MPGC13W.86A18.jpg","type":"image\/jpeg"}],"twitter_card":"summary_large_image","schema":{"@context":"https:\/\/schema.org","@graph":[{"@type":"WebPage","@id":"https:\/\/www.miomiorun.com\/fr\/produit\/montura-sensi-smart-skirtshorts-femme\/","url":"https:\/\/www.miomiorun.com\/fr\/produit\/montura-sensi-smart-skirtshorts-femme\/","name":"Montura Sensi Smart Skirt+Shorts femme -jupe de course - MioMioRun.com","isPartOf":{"@id":"https:\/\/www.miomiorun.com\/fr\/#website"},"primaryImageOfPage":{"@id":"https:\/\/www.miomiorun.com\/fr\/produit\/montura-sensi-smart-skirtshorts-femme\/#primaryimage"},"image":{"@id":"https:\/\/www.miomiorun.com\/fr\/produit\/montura-sensi-smart-skirtshorts-femme\/#primaryimage"},"thumbnailUrl":"https:\/\/www.miomiorun.com\/app\/uploads\/2021\/03\/montura-Sensi-Smart-Skirt-Shirt-MPGC13W.86A18.jpg","datePublished":"2021-04-08T15:55:31+00:00","dateModified":"2025-05-09T14:43:25+00:00","description":"Jupe courte pour femme en jersey de nylon, protection UV et s\u00e9chage rapide. V\u00eatement id\u00e9al pour la course \u00e0 pied et diverses activit\u00e9s de plein air","breadcrumb":{"@id":"https:\/\/www.miomiorun.com\/fr\/produit\/montura-sensi-smart-skirtshorts-femme\/#breadcrumb"},"inLanguage":"fr-FR","potentialAction":[{"@type":"ReadAction","target":["https:\/\/www.miomiorun.com\/fr\/produit\/montura-sensi-smart-skirtshorts-femme\/"]}]},{"@type":"ImageObject","inLanguage":"fr-FR","@id":"https:\/\/www.miomiorun.com\/fr\/produit\/montura-sensi-smart-skirtshorts-femme\/#primaryimage","url":"https:\/\/www.miomiorun.com\/app\/uploads\/2021\/03\/montura-Sensi-Smart-Skirt-Shirt-MPGC13W.86A18.jpg","contentUrl":"https:\/\/www.miomiorun.com\/app\/uploads\/2021\/03\/montura-Sensi-Smart-Skirt-Shirt-MPGC13W.86A18.jpg","width":600,"height":600,"caption":"montura sensi smart skirt donna"},{"@type":"BreadcrumbList","@id":"https:\/\/www.miomiorun.com\/fr\/produit\/montura-sensi-smart-skirtshorts-femme\/#breadcrumb","itemListElement":[{"@type":"ListItem","position":1,"name":"Home","item":"https:\/\/www.miomiorun.com\/fr\/home-page\/"},{"@type":"ListItem","position":2,"name":"Shop","item":"https:\/\/www.miomiorun.com\/shop\/"},{"@type":"ListItem","position":3,"name":"Sensi Smart Skirt+Shorts femme"}]},{"@type":"WebSite","@id":"https:\/\/www.miomiorun.com\/fr\/#website","url":"https:\/\/www.miomiorun.com\/fr\/","name":"MioMioRun","description":"Boutique 100% running et trail","publisher":{"@id":"https:\/\/www.miomiorun.com\/fr\/#organization"},"potentialAction":[{"@type":"SearchAction","target":{"@type":"EntryPoint","urlTemplate":"https:\/\/www.miomiorun.com\/fr\/?s={search_term_string}"},"query-input":{"@type":"PropertyValueSpecification","valueRequired":true,"valueName":"search_term_string"}}],"inLanguage":"fr-FR"},{"@type":"Organization","@id":"https:\/\/www.miomiorun.com\/fr\/#organization","name":"MioMio Run","url":"https:\/\/www.miomiorun.com\/fr\/","logo":{"@type":"ImageObject","inLanguage":"fr-FR","@id":"https:\/\/www.miomiorun.com\/fr\/#\/schema\/logo\/image\/","url":"https:\/\/www.miomiorun.com\/app\/uploads\/2019\/12\/logomio.png","contentUrl":"https:\/\/www.miomiorun.com\/app\/uploads\/2019\/12\/logomio.png","width":115,"height":82,"caption":"MioMio Run"},"image":{"@id":"https:\/\/www.miomiorun.com\/fr\/#\/schema\/logo\/image\/"},"sameAs":["https:\/\/www.facebook.com\/miomiorun\/","https:\/\/www.instagram.com\/miomiorun\/"]}]}},"_links":{"self":[{"href":"https:\/\/www.miomiorun.com\/fr\/wp-json\/wp\/v2\/product\/277169","targetHints":{"allow":["GET"]}}],"collection":[{"href":"https:\/\/www.miomiorun.com\/fr\/wp-json\/wp\/v2\/product"}],"about":[{"href":"https:\/\/www.miomiorun.com\/fr\/wp-json\/wp\/v2\/types\/product"}],"wp:featuredmedia":[{"embeddable":true,"href":"https:\/\/www.miomiorun.com\/fr\/wp-json\/wp\/v2\/media\/231545"}],"wp:attachment":[{"href":"https:\/\/www.miomiorun.com\/fr\/wp-json\/wp\/v2\/media?parent=277169"}],"wp:term":[{"taxonomy":"product_brand","embeddable":true,"href":"https:\/\/www.miomiorun.com\/fr\/wp-json\/wp\/v2\/product_brand?post=277169"},{"taxonomy":"product_cat","embeddable":true,"href":"https:\/\/www.miomiorun.com\/fr\/wp-json\/wp\/v2\/product_cat?post=277169"},{"taxonomy":"product_tag","embeddable":true,"href":"https:\/\/www.miomiorun.com\/fr\/wp-json\/wp\/v2\/product_tag?post=277169"}],"curies":[{"name":"wp","href":"https:\/\/api.w.org\/{rel}","templated":true}]}}