{"id":277101,"date":"2021-04-13T11:45:00","date_gmt":"2021-04-13T09:45:00","guid":{"rendered":"https:\/\/miomiorun.com\/prodotto\/montura-spirit-2-canotta-uomo\/"},"modified":"2025-05-09T16:49:15","modified_gmt":"2025-05-09T14:49:15","slug":"montura-spirit-2-debardeur-homme","status":"publish","type":"product","link":"https:\/\/www.miomiorun.com\/fr\/produit\/montura-spirit-2-debardeur-homme\/","title":{"rendered":"Spirit 2 d\u00e9bardeur homme"},"content":{"rendered":"<p class=\"product-weight\">D\u00e9bardeur pour homme en tissu jersey Deltapeak\u2122 polyester avec protection UV et propri\u00e9t\u00e9s de s\u00e9chage rapide et empi\u00e8cements en tissu jersey. \u00c9paules en tissu jersey. Ce v\u00eatement est id\u00e9al pour la course \u00e0 pied et diverses activit\u00e9s de plein air.<\/p>\n<p class=\"product-weight\">Poids : 0,08 kg<\/p>\n<p>&nbsp;<\/p>\n","protected":false},"excerpt":{"rendered":"<p>D\u00e9bardeur pour homme en tissu jersey Deltapeak\u2122 polyester avec protection UV et propri\u00e9t\u00e9s de s\u00e9chage rapide et empi\u00e8cements en tissu jersey. \u00c9paules en tissu jersey. Ce v\u00eatement est id\u00e9al pour la course \u00e0 pied et diverses activit\u00e9s de plein air. Poids : 0,08 kg &nbsp;<\/p>\n","protected":false},"featured_media":231643,"template":"","meta":{"_acf_changed":false,"inline_featured_image":false},"product_brand":[],"product_cat":[24488,24430],"product_tag":[23512,23524],"class_list":{"0":"post-277101","1":"product","2":"type-product","3":"status-publish","4":"has-post-thumbnail","6":"product_cat-gilets-fr-3","7":"product_cat-vetements-pour-hommes","8":"product_tag-montura-fr","9":"product_tag-montura-homme","10":"pa_attivita-outdoor-fr","11":"pa_attivita-trail-fr","12":"pa_colore-spirit-2-canotta-verde-lime-piombo-fr","13":"pa_marca-montura-fr","14":"pa_sesso-homme","15":"pa_size-small-fr","17":"first","18":"instock","19":"taxable","20":"shipping-taxable","21":"purchasable","22":"product-type-variable","23":"wvs-archive-product-wrapper"},"acf":[],"yoast_head":"<!-- This site is optimized with the Yoast SEO plugin v26.8 - https:\/\/yoast.com\/product\/yoast-seo-wordpress\/ -->\n<title>Montura Spirit 2 d\u00e9bardeur homme -d\u00e9bardeur de course - MioMioRun.com<\/title>\n<meta name=\"description\" content=\"D\u00e9bardeur pour homme en tissu jersey polyester Deltapeak\u2122 avec protection UV et propri\u00e9t\u00e9s de s\u00e9chage rapide. D\u00e9couvrez-le avec nous\" \/>\n<meta name=\"robots\" content=\"index, follow, max-snippet:-1, max-image-preview:large, max-video-preview:-1\" \/>\n<link rel=\"canonical\" href=\"https:\/\/www.miomiorun.com\/fr\/produit\/montura-spirit-2-debardeur-homme\/\" \/>\n<meta property=\"og:locale\" content=\"fr_FR\" \/>\n<meta property=\"og:type\" content=\"article\" \/>\n<meta property=\"og:title\" content=\"Montura Spirit 2 d\u00e9bardeur homme -d\u00e9bardeur de course - MioMioRun.com\" \/>\n<meta property=\"og:description\" content=\"D\u00e9bardeur pour homme en tissu jersey polyester Deltapeak\u2122 avec protection UV et propri\u00e9t\u00e9s de s\u00e9chage rapide. D\u00e9couvrez-le avec nous\" \/>\n<meta property=\"og:url\" content=\"https:\/\/www.miomiorun.com\/fr\/produit\/montura-spirit-2-debardeur-homme\/\" \/>\n<meta property=\"og:site_name\" content=\"MioMioRun\" \/>\n<meta property=\"article:publisher\" content=\"https:\/\/www.facebook.com\/miomiorun\/\" \/>\n<meta property=\"article:modified_time\" content=\"2025-05-09T14:49:15+00:00\" \/>\n<meta property=\"og:image\" content=\"https:\/\/www.miomiorun.com\/app\/uploads\/2021\/04\/montura-Spirit-2-Canotta-MCGR28X.4793.jpg\" \/>\n\t<meta property=\"og:image:width\" content=\"600\" \/>\n\t<meta property=\"og:image:height\" content=\"600\" \/>\n\t<meta property=\"og:image:type\" content=\"image\/jpeg\" \/>\n<meta name=\"twitter:card\" content=\"summary_large_image\" \/>\n<script type=\"application\/ld+json\" class=\"yoast-schema-graph\">{\"@context\":\"https:\/\/schema.org\",\"@graph\":[{\"@type\":\"WebPage\",\"@id\":\"https:\/\/www.miomiorun.com\/fr\/produit\/montura-spirit-2-debardeur-homme\/\",\"url\":\"https:\/\/www.miomiorun.com\/fr\/produit\/montura-spirit-2-debardeur-homme\/\",\"name\":\"Montura Spirit 2 d\u00e9bardeur homme -d\u00e9bardeur de course - MioMioRun.com\",\"isPartOf\":{\"@id\":\"https:\/\/www.miomiorun.com\/fr\/#website\"},\"primaryImageOfPage\":{\"@id\":\"https:\/\/www.miomiorun.com\/fr\/produit\/montura-spirit-2-debardeur-homme\/#primaryimage\"},\"image\":{\"@id\":\"https:\/\/www.miomiorun.com\/fr\/produit\/montura-spirit-2-debardeur-homme\/#primaryimage\"},\"thumbnailUrl\":\"https:\/\/www.miomiorun.com\/app\/uploads\/2021\/04\/montura-Spirit-2-Canotta-MCGR28X.4793.jpg\",\"datePublished\":\"2021-04-13T09:45:00+00:00\",\"dateModified\":\"2025-05-09T14:49:15+00:00\",\"description\":\"D\u00e9bardeur pour homme en tissu jersey polyester Deltapeak\u2122 avec protection UV et propri\u00e9t\u00e9s de s\u00e9chage rapide. D\u00e9couvrez-le avec nous\",\"breadcrumb\":{\"@id\":\"https:\/\/www.miomiorun.com\/fr\/produit\/montura-spirit-2-debardeur-homme\/#breadcrumb\"},\"inLanguage\":\"fr-FR\",\"potentialAction\":[{\"@type\":\"ReadAction\",\"target\":[\"https:\/\/www.miomiorun.com\/fr\/produit\/montura-spirit-2-debardeur-homme\/\"]}]},{\"@type\":\"ImageObject\",\"inLanguage\":\"fr-FR\",\"@id\":\"https:\/\/www.miomiorun.com\/fr\/produit\/montura-spirit-2-debardeur-homme\/#primaryimage\",\"url\":\"https:\/\/www.miomiorun.com\/app\/uploads\/2021\/04\/montura-Spirit-2-Canotta-MCGR28X.4793.jpg\",\"contentUrl\":\"https:\/\/www.miomiorun.com\/app\/uploads\/2021\/04\/montura-Spirit-2-Canotta-MCGR28X.4793.jpg\",\"width\":600,\"height\":600,\"caption\":\"montura spirit 2 canotta\"},{\"@type\":\"BreadcrumbList\",\"@id\":\"https:\/\/www.miomiorun.com\/fr\/produit\/montura-spirit-2-debardeur-homme\/#breadcrumb\",\"itemListElement\":[{\"@type\":\"ListItem\",\"position\":1,\"name\":\"Home\",\"item\":\"https:\/\/www.miomiorun.com\/fr\/home-page\/\"},{\"@type\":\"ListItem\",\"position\":2,\"name\":\"Shop\",\"item\":\"https:\/\/www.miomiorun.com\/shop\/\"},{\"@type\":\"ListItem\",\"position\":3,\"name\":\"Spirit 2 d\u00e9bardeur homme\"}]},{\"@type\":\"WebSite\",\"@id\":\"https:\/\/www.miomiorun.com\/fr\/#website\",\"url\":\"https:\/\/www.miomiorun.com\/fr\/\",\"name\":\"MioMioRun\",\"description\":\"Boutique 100% running et trail\",\"publisher\":{\"@id\":\"https:\/\/www.miomiorun.com\/fr\/#organization\"},\"potentialAction\":[{\"@type\":\"SearchAction\",\"target\":{\"@type\":\"EntryPoint\",\"urlTemplate\":\"https:\/\/www.miomiorun.com\/fr\/?s={search_term_string}\"},\"query-input\":{\"@type\":\"PropertyValueSpecification\",\"valueRequired\":true,\"valueName\":\"search_term_string\"}}],\"inLanguage\":\"fr-FR\"},{\"@type\":\"Organization\",\"@id\":\"https:\/\/www.miomiorun.com\/fr\/#organization\",\"name\":\"MioMio Run\",\"url\":\"https:\/\/www.miomiorun.com\/fr\/\",\"logo\":{\"@type\":\"ImageObject\",\"inLanguage\":\"fr-FR\",\"@id\":\"https:\/\/www.miomiorun.com\/fr\/#\/schema\/logo\/image\/\",\"url\":\"https:\/\/www.miomiorun.com\/app\/uploads\/2019\/12\/logomio.png\",\"contentUrl\":\"https:\/\/www.miomiorun.com\/app\/uploads\/2019\/12\/logomio.png\",\"width\":115,\"height\":82,\"caption\":\"MioMio Run\"},\"image\":{\"@id\":\"https:\/\/www.miomiorun.com\/fr\/#\/schema\/logo\/image\/\"},\"sameAs\":[\"https:\/\/www.facebook.com\/miomiorun\/\",\"https:\/\/www.instagram.com\/miomiorun\/\"]}]}<\/script>\n<!-- \/ Yoast SEO plugin. -->","yoast_head_json":{"title":"Montura Spirit 2 d\u00e9bardeur homme -d\u00e9bardeur de course - MioMioRun.com","description":"D\u00e9bardeur pour homme en tissu jersey polyester Deltapeak\u2122 avec protection UV et propri\u00e9t\u00e9s de s\u00e9chage rapide. D\u00e9couvrez-le avec nous","robots":{"index":"index","follow":"follow","max-snippet":"max-snippet:-1","max-image-preview":"max-image-preview:large","max-video-preview":"max-video-preview:-1"},"canonical":"https:\/\/www.miomiorun.com\/fr\/produit\/montura-spirit-2-debardeur-homme\/","og_locale":"fr_FR","og_type":"article","og_title":"Montura Spirit 2 d\u00e9bardeur homme -d\u00e9bardeur de course - MioMioRun.com","og_description":"D\u00e9bardeur pour homme en tissu jersey polyester Deltapeak\u2122 avec protection UV et propri\u00e9t\u00e9s de s\u00e9chage rapide. D\u00e9couvrez-le avec nous","og_url":"https:\/\/www.miomiorun.com\/fr\/produit\/montura-spirit-2-debardeur-homme\/","og_site_name":"MioMioRun","article_publisher":"https:\/\/www.facebook.com\/miomiorun\/","article_modified_time":"2025-05-09T14:49:15+00:00","og_image":[{"width":600,"height":600,"url":"https:\/\/www.miomiorun.com\/app\/uploads\/2021\/04\/montura-Spirit-2-Canotta-MCGR28X.4793.jpg","type":"image\/jpeg"}],"twitter_card":"summary_large_image","schema":{"@context":"https:\/\/schema.org","@graph":[{"@type":"WebPage","@id":"https:\/\/www.miomiorun.com\/fr\/produit\/montura-spirit-2-debardeur-homme\/","url":"https:\/\/www.miomiorun.com\/fr\/produit\/montura-spirit-2-debardeur-homme\/","name":"Montura Spirit 2 d\u00e9bardeur homme -d\u00e9bardeur de course - MioMioRun.com","isPartOf":{"@id":"https:\/\/www.miomiorun.com\/fr\/#website"},"primaryImageOfPage":{"@id":"https:\/\/www.miomiorun.com\/fr\/produit\/montura-spirit-2-debardeur-homme\/#primaryimage"},"image":{"@id":"https:\/\/www.miomiorun.com\/fr\/produit\/montura-spirit-2-debardeur-homme\/#primaryimage"},"thumbnailUrl":"https:\/\/www.miomiorun.com\/app\/uploads\/2021\/04\/montura-Spirit-2-Canotta-MCGR28X.4793.jpg","datePublished":"2021-04-13T09:45:00+00:00","dateModified":"2025-05-09T14:49:15+00:00","description":"D\u00e9bardeur pour homme en tissu jersey polyester Deltapeak\u2122 avec protection UV et propri\u00e9t\u00e9s de s\u00e9chage rapide. D\u00e9couvrez-le avec nous","breadcrumb":{"@id":"https:\/\/www.miomiorun.com\/fr\/produit\/montura-spirit-2-debardeur-homme\/#breadcrumb"},"inLanguage":"fr-FR","potentialAction":[{"@type":"ReadAction","target":["https:\/\/www.miomiorun.com\/fr\/produit\/montura-spirit-2-debardeur-homme\/"]}]},{"@type":"ImageObject","inLanguage":"fr-FR","@id":"https:\/\/www.miomiorun.com\/fr\/produit\/montura-spirit-2-debardeur-homme\/#primaryimage","url":"https:\/\/www.miomiorun.com\/app\/uploads\/2021\/04\/montura-Spirit-2-Canotta-MCGR28X.4793.jpg","contentUrl":"https:\/\/www.miomiorun.com\/app\/uploads\/2021\/04\/montura-Spirit-2-Canotta-MCGR28X.4793.jpg","width":600,"height":600,"caption":"montura spirit 2 canotta"},{"@type":"BreadcrumbList","@id":"https:\/\/www.miomiorun.com\/fr\/produit\/montura-spirit-2-debardeur-homme\/#breadcrumb","itemListElement":[{"@type":"ListItem","position":1,"name":"Home","item":"https:\/\/www.miomiorun.com\/fr\/home-page\/"},{"@type":"ListItem","position":2,"name":"Shop","item":"https:\/\/www.miomiorun.com\/shop\/"},{"@type":"ListItem","position":3,"name":"Spirit 2 d\u00e9bardeur homme"}]},{"@type":"WebSite","@id":"https:\/\/www.miomiorun.com\/fr\/#website","url":"https:\/\/www.miomiorun.com\/fr\/","name":"MioMioRun","description":"Boutique 100% running et trail","publisher":{"@id":"https:\/\/www.miomiorun.com\/fr\/#organization"},"potentialAction":[{"@type":"SearchAction","target":{"@type":"EntryPoint","urlTemplate":"https:\/\/www.miomiorun.com\/fr\/?s={search_term_string}"},"query-input":{"@type":"PropertyValueSpecification","valueRequired":true,"valueName":"search_term_string"}}],"inLanguage":"fr-FR"},{"@type":"Organization","@id":"https:\/\/www.miomiorun.com\/fr\/#organization","name":"MioMio Run","url":"https:\/\/www.miomiorun.com\/fr\/","logo":{"@type":"ImageObject","inLanguage":"fr-FR","@id":"https:\/\/www.miomiorun.com\/fr\/#\/schema\/logo\/image\/","url":"https:\/\/www.miomiorun.com\/app\/uploads\/2019\/12\/logomio.png","contentUrl":"https:\/\/www.miomiorun.com\/app\/uploads\/2019\/12\/logomio.png","width":115,"height":82,"caption":"MioMio Run"},"image":{"@id":"https:\/\/www.miomiorun.com\/fr\/#\/schema\/logo\/image\/"},"sameAs":["https:\/\/www.facebook.com\/miomiorun\/","https:\/\/www.instagram.com\/miomiorun\/"]}]}},"_links":{"self":[{"href":"https:\/\/www.miomiorun.com\/fr\/wp-json\/wp\/v2\/product\/277101","targetHints":{"allow":["GET"]}}],"collection":[{"href":"https:\/\/www.miomiorun.com\/fr\/wp-json\/wp\/v2\/product"}],"about":[{"href":"https:\/\/www.miomiorun.com\/fr\/wp-json\/wp\/v2\/types\/product"}],"wp:featuredmedia":[{"embeddable":true,"href":"https:\/\/www.miomiorun.com\/fr\/wp-json\/wp\/v2\/media\/231643"}],"wp:attachment":[{"href":"https:\/\/www.miomiorun.com\/fr\/wp-json\/wp\/v2\/media?parent=277101"}],"wp:term":[{"taxonomy":"product_brand","embeddable":true,"href":"https:\/\/www.miomiorun.com\/fr\/wp-json\/wp\/v2\/product_brand?post=277101"},{"taxonomy":"product_cat","embeddable":true,"href":"https:\/\/www.miomiorun.com\/fr\/wp-json\/wp\/v2\/product_cat?post=277101"},{"taxonomy":"product_tag","embeddable":true,"href":"https:\/\/www.miomiorun.com\/fr\/wp-json\/wp\/v2\/product_tag?post=277101"}],"curies":[{"name":"wp","href":"https:\/\/api.w.org\/{rel}","templated":true}]}}