{"id":276990,"date":"2021-04-15T12:16:59","date_gmt":"2021-04-15T10:16:59","guid":{"rendered":"https:\/\/miomiorun.com\/prodotto\/crazy-idea-skort-voltage-donna\/"},"modified":"2025-05-09T17:05:47","modified_gmt":"2025-05-09T15:05:47","slug":"crazy-idea-skort-voltage-femme","status":"publish","type":"product","link":"https:\/\/www.miomiorun.com\/fr\/produit\/crazy-idea-skort-voltage-femme\/","title":{"rendered":"Skort Voltage femme"},"content":{"rendered":"<p>La jupe de course est le v\u00eatement le plus repr\u00e9sentatif de la collection, un v\u00e9ritable &#8220;must-have&#8221; pour les athl\u00e8tes f\u00e9minines qui participent \u00e0 des courses Sky ou \u00e0 de longs trails. La demi-cuissarde int\u00e9rieure, avec un l\u00e9ger effet galbant, est r\u00e9alis\u00e9e en tissu italien Revolutional Slim, dont l&#8217;effet de micro-massage am\u00e9liore consid\u00e9rablement l&#8217;\u00e9limination de l&#8217;acide lactique. La jupe est en tissu Light Stretch avec micro Laser Cut et ventilation diff\u00e9renci\u00e9e. Ceinture avec basque multi-poches et ourlet coll\u00e9.<\/p>\n<p>Caract\u00e9ristiques :<\/p>\n<p>Short int\u00e9rieur en Revolutional Slim<br \/>\n-Am\u00e9liore la microcirculation en augmentant l&#8217;\u00e9limination de l&#8217;acide lactique<br \/>\n-Zones d&#8217;a\u00e9ration diff\u00e9renci\u00e9es Laser Cut<br \/>\n-3 poches sur la ceinture, dont 1 zipp\u00e9e<\/p>\n","protected":false},"excerpt":{"rendered":"<p><span style=\"font-weight: 400;\">Short ajust\u00e9 avec jupe en tissu l\u00e9ger et extensible avec traitement DWR. La ceinture est dot\u00e9e de plusieurs poches, deux pour le gel et une avec fermeture \u00e9clair, orn\u00e9es d&#8217;inserts color\u00e9s.<\/span><\/p>\n","protected":false},"featured_media":236755,"template":"","meta":{"_acf_changed":false,"inline_featured_image":false},"product_brand":[],"product_cat":[22602,22596,22595],"product_tag":[23489,23491],"class_list":{"0":"post-276990","1":"product","2":"type-product","3":"status-publish","4":"has-post-thumbnail","6":"product_cat-pantalon-court","7":"product_cat-vetements-pour-femmes","8":"product_cat-femme","9":"product_tag-crazy-idea-fr","10":"product_tag-crazy-idea-femme","11":"pa_attivita-trail-fr","12":"pa_colore-skort-voltage-w-dardik-fr","13":"pa_colore-skort-voltage-w-flames-fr","14":"pa_colore-skort-voltage-w-i-love-running-fr","15":"pa_colore-skort-voltage-w-mountain-flower-fr","16":"pa_colore-skort-voltage-w-print-light-jeans-fr","17":"pa_marca-crazy-idea-fr","18":"pa_sesso-femme","19":"pa_size-extra-small-fr","20":"pa_size-small-fr","21":"pa_size-medium-fr","23":"first","24":"instock","25":"sale","26":"taxable","27":"shipping-taxable","28":"purchasable","29":"product-type-variable","30":"wvs-archive-product-wrapper"},"acf":[],"yoast_head":"<!-- This site is optimized with the Yoast SEO plugin v26.8 - https:\/\/yoast.com\/product\/yoast-seo-wordpress\/ -->\n<title>Crazy Idea Skort Voltage femme - Shorts pour femmes - MioMioRun<\/title>\n<meta name=\"description\" content=\"La jupe de course est le v\u00eatement le plus repr\u00e9sentatif de la collection, un v\u00e9ritable &quot;must-have&quot; pour les athl\u00e8tes f\u00e9minines qui participent \u00e0 la course Sky.\" \/>\n<meta name=\"robots\" content=\"index, follow, max-snippet:-1, max-image-preview:large, max-video-preview:-1\" \/>\n<link rel=\"canonical\" href=\"https:\/\/www.miomiorun.com\/fr\/produit\/crazy-idea-skort-voltage-femme\/\" \/>\n<meta property=\"og:locale\" content=\"fr_FR\" \/>\n<meta property=\"og:type\" content=\"article\" \/>\n<meta property=\"og:title\" content=\"Crazy Idea Skort Voltage femme - Shorts pour femmes - MioMioRun\" \/>\n<meta property=\"og:description\" content=\"La jupe de course est le v\u00eatement le plus repr\u00e9sentatif de la collection, un v\u00e9ritable &quot;must-have&quot; pour les athl\u00e8tes f\u00e9minines qui participent \u00e0 la course Sky.\" \/>\n<meta property=\"og:url\" content=\"https:\/\/www.miomiorun.com\/fr\/produit\/crazy-idea-skort-voltage-femme\/\" \/>\n<meta property=\"og:site_name\" content=\"MioMioRun\" \/>\n<meta property=\"article:publisher\" content=\"https:\/\/www.facebook.com\/miomiorun\/\" \/>\n<meta property=\"article:modified_time\" content=\"2025-05-09T15:05:47+00:00\" \/>\n<meta property=\"og:image\" content=\"https:\/\/www.miomiorun.com\/app\/uploads\/2022\/05\/crazy-idea-skort-voltage-W-fastlight-S22045015D-00X125.jpg\" \/>\n\t<meta property=\"og:image:width\" content=\"600\" \/>\n\t<meta property=\"og:image:height\" content=\"600\" \/>\n\t<meta property=\"og:image:type\" content=\"image\/jpeg\" \/>\n<meta name=\"twitter:card\" content=\"summary_large_image\" \/>\n<meta name=\"twitter:label1\" content=\"Est. reading time\" \/>\n\t<meta name=\"twitter:data1\" content=\"1 minute\" \/>\n<script type=\"application\/ld+json\" class=\"yoast-schema-graph\">{\"@context\":\"https:\/\/schema.org\",\"@graph\":[{\"@type\":\"WebPage\",\"@id\":\"https:\/\/www.miomiorun.com\/fr\/produit\/crazy-idea-skort-voltage-femme\/\",\"url\":\"https:\/\/www.miomiorun.com\/fr\/produit\/crazy-idea-skort-voltage-femme\/\",\"name\":\"Crazy Idea Skort Voltage femme - Shorts pour femmes - MioMioRun\",\"isPartOf\":{\"@id\":\"https:\/\/www.miomiorun.com\/fr\/#website\"},\"primaryImageOfPage\":{\"@id\":\"https:\/\/www.miomiorun.com\/fr\/produit\/crazy-idea-skort-voltage-femme\/#primaryimage\"},\"image\":{\"@id\":\"https:\/\/www.miomiorun.com\/fr\/produit\/crazy-idea-skort-voltage-femme\/#primaryimage\"},\"thumbnailUrl\":\"https:\/\/www.miomiorun.com\/app\/uploads\/2022\/05\/crazy-idea-skort-voltage-W-fastlight-S22045015D-00X125.jpg\",\"datePublished\":\"2021-04-15T10:16:59+00:00\",\"dateModified\":\"2025-05-09T15:05:47+00:00\",\"description\":\"La jupe de course est le v\u00eatement le plus repr\u00e9sentatif de la collection, un v\u00e9ritable \\\"must-have\\\" pour les athl\u00e8tes f\u00e9minines qui participent \u00e0 la course Sky.\",\"breadcrumb\":{\"@id\":\"https:\/\/www.miomiorun.com\/fr\/produit\/crazy-idea-skort-voltage-femme\/#breadcrumb\"},\"inLanguage\":\"fr-FR\",\"potentialAction\":[{\"@type\":\"ReadAction\",\"target\":[\"https:\/\/www.miomiorun.com\/fr\/produit\/crazy-idea-skort-voltage-femme\/\"]}]},{\"@type\":\"ImageObject\",\"inLanguage\":\"fr-FR\",\"@id\":\"https:\/\/www.miomiorun.com\/fr\/produit\/crazy-idea-skort-voltage-femme\/#primaryimage\",\"url\":\"https:\/\/www.miomiorun.com\/app\/uploads\/2022\/05\/crazy-idea-skort-voltage-W-fastlight-S22045015D-00X125.jpg\",\"contentUrl\":\"https:\/\/www.miomiorun.com\/app\/uploads\/2022\/05\/crazy-idea-skort-voltage-W-fastlight-S22045015D-00X125.jpg\",\"width\":600,\"height\":600,\"caption\":\"crazy-idea-skort-voltage-W-fast&light-S22045015D-00X125\"},{\"@type\":\"BreadcrumbList\",\"@id\":\"https:\/\/www.miomiorun.com\/fr\/produit\/crazy-idea-skort-voltage-femme\/#breadcrumb\",\"itemListElement\":[{\"@type\":\"ListItem\",\"position\":1,\"name\":\"Home\",\"item\":\"https:\/\/www.miomiorun.com\/fr\/home-page\/\"},{\"@type\":\"ListItem\",\"position\":2,\"name\":\"Shop\",\"item\":\"https:\/\/www.miomiorun.com\/shop\/\"},{\"@type\":\"ListItem\",\"position\":3,\"name\":\"Skort Voltage femme\"}]},{\"@type\":\"WebSite\",\"@id\":\"https:\/\/www.miomiorun.com\/fr\/#website\",\"url\":\"https:\/\/www.miomiorun.com\/fr\/\",\"name\":\"MioMioRun\",\"description\":\"Boutique 100% running et trail\",\"publisher\":{\"@id\":\"https:\/\/www.miomiorun.com\/fr\/#organization\"},\"potentialAction\":[{\"@type\":\"SearchAction\",\"target\":{\"@type\":\"EntryPoint\",\"urlTemplate\":\"https:\/\/www.miomiorun.com\/fr\/?s={search_term_string}\"},\"query-input\":{\"@type\":\"PropertyValueSpecification\",\"valueRequired\":true,\"valueName\":\"search_term_string\"}}],\"inLanguage\":\"fr-FR\"},{\"@type\":\"Organization\",\"@id\":\"https:\/\/www.miomiorun.com\/fr\/#organization\",\"name\":\"MioMio Run\",\"url\":\"https:\/\/www.miomiorun.com\/fr\/\",\"logo\":{\"@type\":\"ImageObject\",\"inLanguage\":\"fr-FR\",\"@id\":\"https:\/\/www.miomiorun.com\/fr\/#\/schema\/logo\/image\/\",\"url\":\"https:\/\/www.miomiorun.com\/app\/uploads\/2019\/12\/logomio.png\",\"contentUrl\":\"https:\/\/www.miomiorun.com\/app\/uploads\/2019\/12\/logomio.png\",\"width\":115,\"height\":82,\"caption\":\"MioMio Run\"},\"image\":{\"@id\":\"https:\/\/www.miomiorun.com\/fr\/#\/schema\/logo\/image\/\"},\"sameAs\":[\"https:\/\/www.facebook.com\/miomiorun\/\",\"https:\/\/www.instagram.com\/miomiorun\/\"]}]}<\/script>\n<!-- \/ Yoast SEO plugin. -->","yoast_head_json":{"title":"Crazy Idea Skort Voltage femme - Shorts pour femmes - MioMioRun","description":"La jupe de course est le v\u00eatement le plus repr\u00e9sentatif de la collection, un v\u00e9ritable \"must-have\" pour les athl\u00e8tes f\u00e9minines qui participent \u00e0 la course Sky.","robots":{"index":"index","follow":"follow","max-snippet":"max-snippet:-1","max-image-preview":"max-image-preview:large","max-video-preview":"max-video-preview:-1"},"canonical":"https:\/\/www.miomiorun.com\/fr\/produit\/crazy-idea-skort-voltage-femme\/","og_locale":"fr_FR","og_type":"article","og_title":"Crazy Idea Skort Voltage femme - Shorts pour femmes - MioMioRun","og_description":"La jupe de course est le v\u00eatement le plus repr\u00e9sentatif de la collection, un v\u00e9ritable \"must-have\" pour les athl\u00e8tes f\u00e9minines qui participent \u00e0 la course Sky.","og_url":"https:\/\/www.miomiorun.com\/fr\/produit\/crazy-idea-skort-voltage-femme\/","og_site_name":"MioMioRun","article_publisher":"https:\/\/www.facebook.com\/miomiorun\/","article_modified_time":"2025-05-09T15:05:47+00:00","og_image":[{"width":600,"height":600,"url":"https:\/\/www.miomiorun.com\/app\/uploads\/2022\/05\/crazy-idea-skort-voltage-W-fastlight-S22045015D-00X125.jpg","type":"image\/jpeg"}],"twitter_card":"summary_large_image","twitter_misc":{"Est. reading time":"1 minute"},"schema":{"@context":"https:\/\/schema.org","@graph":[{"@type":"WebPage","@id":"https:\/\/www.miomiorun.com\/fr\/produit\/crazy-idea-skort-voltage-femme\/","url":"https:\/\/www.miomiorun.com\/fr\/produit\/crazy-idea-skort-voltage-femme\/","name":"Crazy Idea Skort Voltage femme - Shorts pour femmes - MioMioRun","isPartOf":{"@id":"https:\/\/www.miomiorun.com\/fr\/#website"},"primaryImageOfPage":{"@id":"https:\/\/www.miomiorun.com\/fr\/produit\/crazy-idea-skort-voltage-femme\/#primaryimage"},"image":{"@id":"https:\/\/www.miomiorun.com\/fr\/produit\/crazy-idea-skort-voltage-femme\/#primaryimage"},"thumbnailUrl":"https:\/\/www.miomiorun.com\/app\/uploads\/2022\/05\/crazy-idea-skort-voltage-W-fastlight-S22045015D-00X125.jpg","datePublished":"2021-04-15T10:16:59+00:00","dateModified":"2025-05-09T15:05:47+00:00","description":"La jupe de course est le v\u00eatement le plus repr\u00e9sentatif de la collection, un v\u00e9ritable \"must-have\" pour les athl\u00e8tes f\u00e9minines qui participent \u00e0 la course Sky.","breadcrumb":{"@id":"https:\/\/www.miomiorun.com\/fr\/produit\/crazy-idea-skort-voltage-femme\/#breadcrumb"},"inLanguage":"fr-FR","potentialAction":[{"@type":"ReadAction","target":["https:\/\/www.miomiorun.com\/fr\/produit\/crazy-idea-skort-voltage-femme\/"]}]},{"@type":"ImageObject","inLanguage":"fr-FR","@id":"https:\/\/www.miomiorun.com\/fr\/produit\/crazy-idea-skort-voltage-femme\/#primaryimage","url":"https:\/\/www.miomiorun.com\/app\/uploads\/2022\/05\/crazy-idea-skort-voltage-W-fastlight-S22045015D-00X125.jpg","contentUrl":"https:\/\/www.miomiorun.com\/app\/uploads\/2022\/05\/crazy-idea-skort-voltage-W-fastlight-S22045015D-00X125.jpg","width":600,"height":600,"caption":"crazy-idea-skort-voltage-W-fast&light-S22045015D-00X125"},{"@type":"BreadcrumbList","@id":"https:\/\/www.miomiorun.com\/fr\/produit\/crazy-idea-skort-voltage-femme\/#breadcrumb","itemListElement":[{"@type":"ListItem","position":1,"name":"Home","item":"https:\/\/www.miomiorun.com\/fr\/home-page\/"},{"@type":"ListItem","position":2,"name":"Shop","item":"https:\/\/www.miomiorun.com\/shop\/"},{"@type":"ListItem","position":3,"name":"Skort Voltage femme"}]},{"@type":"WebSite","@id":"https:\/\/www.miomiorun.com\/fr\/#website","url":"https:\/\/www.miomiorun.com\/fr\/","name":"MioMioRun","description":"Boutique 100% running et trail","publisher":{"@id":"https:\/\/www.miomiorun.com\/fr\/#organization"},"potentialAction":[{"@type":"SearchAction","target":{"@type":"EntryPoint","urlTemplate":"https:\/\/www.miomiorun.com\/fr\/?s={search_term_string}"},"query-input":{"@type":"PropertyValueSpecification","valueRequired":true,"valueName":"search_term_string"}}],"inLanguage":"fr-FR"},{"@type":"Organization","@id":"https:\/\/www.miomiorun.com\/fr\/#organization","name":"MioMio Run","url":"https:\/\/www.miomiorun.com\/fr\/","logo":{"@type":"ImageObject","inLanguage":"fr-FR","@id":"https:\/\/www.miomiorun.com\/fr\/#\/schema\/logo\/image\/","url":"https:\/\/www.miomiorun.com\/app\/uploads\/2019\/12\/logomio.png","contentUrl":"https:\/\/www.miomiorun.com\/app\/uploads\/2019\/12\/logomio.png","width":115,"height":82,"caption":"MioMio Run"},"image":{"@id":"https:\/\/www.miomiorun.com\/fr\/#\/schema\/logo\/image\/"},"sameAs":["https:\/\/www.facebook.com\/miomiorun\/","https:\/\/www.instagram.com\/miomiorun\/"]}]}},"_links":{"self":[{"href":"https:\/\/www.miomiorun.com\/fr\/wp-json\/wp\/v2\/product\/276990","targetHints":{"allow":["GET"]}}],"collection":[{"href":"https:\/\/www.miomiorun.com\/fr\/wp-json\/wp\/v2\/product"}],"about":[{"href":"https:\/\/www.miomiorun.com\/fr\/wp-json\/wp\/v2\/types\/product"}],"wp:featuredmedia":[{"embeddable":true,"href":"https:\/\/www.miomiorun.com\/fr\/wp-json\/wp\/v2\/media\/236755"}],"wp:attachment":[{"href":"https:\/\/www.miomiorun.com\/fr\/wp-json\/wp\/v2\/media?parent=276990"}],"wp:term":[{"taxonomy":"product_brand","embeddable":true,"href":"https:\/\/www.miomiorun.com\/fr\/wp-json\/wp\/v2\/product_brand?post=276990"},{"taxonomy":"product_cat","embeddable":true,"href":"https:\/\/www.miomiorun.com\/fr\/wp-json\/wp\/v2\/product_cat?post=276990"},{"taxonomy":"product_tag","embeddable":true,"href":"https:\/\/www.miomiorun.com\/fr\/wp-json\/wp\/v2\/product_tag?post=276990"}],"curies":[{"name":"wp","href":"https:\/\/api.w.org\/{rel}","templated":true}]}}