{"id":276946,"date":"2021-04-15T12:25:52","date_gmt":"2021-04-15T10:25:52","guid":{"rendered":"https:\/\/miomiorun.com\/prodotto\/crazy-idea-jkt-shark-donna\/"},"modified":"2025-05-09T17:06:26","modified_gmt":"2025-05-09T15:06:26","slug":"crazy-idea-jkt-shark-femme","status":"publish","type":"product","link":"https:\/\/www.miomiorun.com\/fr\/produit\/crazy-idea-jkt-shark-femme\/","title":{"rendered":"Jkt Shark femme"},"content":{"rendered":"<p>La veste ultime dans une version, une couleur et une coupe f\u00e9minines ! Elle ne craint aucune comparaison avec ce qui existe sur le march\u00e9 car elle a \u00e9t\u00e9 cr\u00e9\u00e9e dans un seul but, celui de faciliter la vie de celles qui se retrouvent sous le d\u00e9luge apr\u00e8s avoir couru en montagne. Le tissu est en nylon Dermizax 2,75 volumes, l\u00e9ger et imperm\u00e9able, avec une colonne d&#8217;eau de 20000 mm, respirant et empilable. Toutes les coutures sont \u00e9tanch\u00e9es et \u00e9lastiques, la capuche est r\u00e9glable avec un bandeau en microfibre et un rabat rigide, deux poches sont positionn\u00e9es dans le dos avec un rabat de s\u00e9curit\u00e9, id\u00e9ales pour ranger les gants, les brosses ou les barres et les gels \u00e0 utiliser pendant la course. De plus, le syst\u00e8me Shark con\u00e7u par Crazy, les ouvertures de ventilation sous les aisselles, emp\u00eachent la condensation de s&#8217;accumuler \u00e0 l&#8217;int\u00e9rieur. La seule veste qui vous garde au sec \u00e0 la fois parce qu&#8217;elle est imperm\u00e9able et parce qu&#8217;elle est vraiment respirante.<\/p>\n<p>Caract\u00e9ristiques :<\/p>\n<p>-2 poches arri\u00e8re avec fermeture rapide<br \/>\n-Capuche r\u00e9glable<br \/>\n-Coutures thermocoll\u00e9es<br \/>\n-R\u00e9sistance \u00e0 l&#8217;eau 20K mm<br \/>\n-Responsable de la r\u00e9glementation ITRA<br \/>\n-Syst\u00e8me de ventilation innovant Crazy SHARK<\/p>\n","protected":false},"excerpt":{"rendered":"<p>La veste ultime dans une version, une couleur et une coupe f\u00e9minines ! Elle ne craint aucune comparaison avec ce qui existe sur le march\u00e9 car elle a \u00e9t\u00e9 cr\u00e9\u00e9e dans un seul but, celui de faciliter la vie de celles qui se retrouvent sous le d\u00e9luge apr\u00e8s avoir couru en montagne. Le tissu est &hellip; <a href=\"https:\/\/www.miomiorun.com\/fr\/produit\/crazy-idea-jkt-shark-femme\/\">Continued<\/a><\/p>\n","protected":false},"featured_media":231671,"template":"","meta":{"_acf_changed":false,"inline_featured_image":false},"product_brand":[],"product_cat":[22599,22596],"product_tag":[23489,23491],"class_list":{"0":"post-276946","1":"product","2":"type-product","3":"status-publish","4":"has-post-thumbnail","6":"product_cat-vestes","7":"product_cat-vetements-pour-femmes","8":"product_tag-crazy-idea-fr","9":"product_tag-crazy-idea-femme","10":"pa_attivita-outdoor-fr","11":"pa_attivita-trail-fr","12":"pa_colore-jkt-shark-w-allium-flower-fr","13":"pa_colore-jkt-shark-w-black","14":"pa_colore-jkt-shark-w-chewing-gum-fr","15":"pa_colore-jkt-shark-w-fastlight-fr","16":"pa_colore-jkt-shark-w-mandala-2-fr","17":"pa_colore-jkt-shark-w-mandala-3-fr","18":"pa_colore-jkt-shark-w-pop-fr","19":"pa_marca-crazy-idea-fr","20":"pa_sesso-femme","21":"pa_size-extra-small-fr","22":"pa_size-small-fr","23":"pa_size-medium-fr","24":"pa_size-large-fr","26":"first","27":"instock","28":"sale","29":"taxable","30":"shipping-taxable","31":"purchasable","32":"product-type-variable","33":"wvs-archive-product-wrapper"},"acf":[],"yoast_head":"<!-- This site is optimized with the Yoast SEO plugin v26.8 - https:\/\/yoast.com\/product\/yoast-seo-wordpress\/ -->\n<title>Crazy Idea Jkt Shark femme - Veste d&#039;hiver - MioMioRun.com<\/title>\n<meta name=\"description\" content=\"La veste ultime dans une version, une couleur et une coupe f\u00e9minines ! Ne craint aucune comparaison avec ce qui se fait sur le march\u00e9.\" \/>\n<meta name=\"robots\" content=\"index, follow, max-snippet:-1, max-image-preview:large, max-video-preview:-1\" \/>\n<link rel=\"canonical\" href=\"https:\/\/www.miomiorun.com\/fr\/produit\/crazy-idea-jkt-shark-femme\/\" \/>\n<meta property=\"og:locale\" content=\"fr_FR\" \/>\n<meta property=\"og:type\" content=\"article\" \/>\n<meta property=\"og:title\" content=\"Crazy Idea Jkt Shark femme - Veste d&#039;hiver - MioMioRun.com\" \/>\n<meta property=\"og:description\" content=\"La veste ultime dans une version, une couleur et une coupe f\u00e9minines ! Ne craint aucune comparaison avec ce qui se fait sur le march\u00e9.\" \/>\n<meta property=\"og:url\" content=\"https:\/\/www.miomiorun.com\/fr\/produit\/crazy-idea-jkt-shark-femme\/\" \/>\n<meta property=\"og:site_name\" content=\"MioMioRun\" \/>\n<meta property=\"article:publisher\" content=\"https:\/\/www.facebook.com\/miomiorun\/\" \/>\n<meta property=\"article:modified_time\" content=\"2025-05-09T15:06:26+00:00\" \/>\n<meta property=\"og:image\" content=\"https:\/\/www.miomiorun.com\/app\/uploads\/2021\/04\/crazy-idea-JKT-Shark-W-S21055101D-00X096.jpg\" \/>\n\t<meta property=\"og:image:width\" content=\"600\" \/>\n\t<meta property=\"og:image:height\" content=\"600\" \/>\n\t<meta property=\"og:image:type\" content=\"image\/jpeg\" \/>\n<meta name=\"twitter:card\" content=\"summary_large_image\" \/>\n<meta name=\"twitter:label1\" content=\"Est. reading time\" \/>\n\t<meta name=\"twitter:data1\" content=\"1 minute\" \/>\n<script type=\"application\/ld+json\" class=\"yoast-schema-graph\">{\"@context\":\"https:\/\/schema.org\",\"@graph\":[{\"@type\":\"WebPage\",\"@id\":\"https:\/\/www.miomiorun.com\/fr\/produit\/crazy-idea-jkt-shark-femme\/\",\"url\":\"https:\/\/www.miomiorun.com\/fr\/produit\/crazy-idea-jkt-shark-femme\/\",\"name\":\"Crazy Idea Jkt Shark femme - Veste d'hiver - MioMioRun.com\",\"isPartOf\":{\"@id\":\"https:\/\/www.miomiorun.com\/fr\/#website\"},\"primaryImageOfPage\":{\"@id\":\"https:\/\/www.miomiorun.com\/fr\/produit\/crazy-idea-jkt-shark-femme\/#primaryimage\"},\"image\":{\"@id\":\"https:\/\/www.miomiorun.com\/fr\/produit\/crazy-idea-jkt-shark-femme\/#primaryimage\"},\"thumbnailUrl\":\"https:\/\/www.miomiorun.com\/app\/uploads\/2021\/04\/crazy-idea-JKT-Shark-W-S21055101D-00X096.jpg\",\"datePublished\":\"2021-04-15T10:25:52+00:00\",\"dateModified\":\"2025-05-09T15:06:26+00:00\",\"description\":\"La veste ultime dans une version, une couleur et une coupe f\u00e9minines ! Ne craint aucune comparaison avec ce qui se fait sur le march\u00e9.\",\"breadcrumb\":{\"@id\":\"https:\/\/www.miomiorun.com\/fr\/produit\/crazy-idea-jkt-shark-femme\/#breadcrumb\"},\"inLanguage\":\"fr-FR\",\"potentialAction\":[{\"@type\":\"ReadAction\",\"target\":[\"https:\/\/www.miomiorun.com\/fr\/produit\/crazy-idea-jkt-shark-femme\/\"]}]},{\"@type\":\"ImageObject\",\"inLanguage\":\"fr-FR\",\"@id\":\"https:\/\/www.miomiorun.com\/fr\/produit\/crazy-idea-jkt-shark-femme\/#primaryimage\",\"url\":\"https:\/\/www.miomiorun.com\/app\/uploads\/2021\/04\/crazy-idea-JKT-Shark-W-S21055101D-00X096.jpg\",\"contentUrl\":\"https:\/\/www.miomiorun.com\/app\/uploads\/2021\/04\/crazy-idea-JKT-Shark-W-S21055101D-00X096.jpg\",\"width\":600,\"height\":600,\"caption\":\"crazy idea jkt shark donna\"},{\"@type\":\"BreadcrumbList\",\"@id\":\"https:\/\/www.miomiorun.com\/fr\/produit\/crazy-idea-jkt-shark-femme\/#breadcrumb\",\"itemListElement\":[{\"@type\":\"ListItem\",\"position\":1,\"name\":\"Home\",\"item\":\"https:\/\/www.miomiorun.com\/fr\/home-page\/\"},{\"@type\":\"ListItem\",\"position\":2,\"name\":\"Shop\",\"item\":\"https:\/\/www.miomiorun.com\/shop\/\"},{\"@type\":\"ListItem\",\"position\":3,\"name\":\"Jkt Shark femme\"}]},{\"@type\":\"WebSite\",\"@id\":\"https:\/\/www.miomiorun.com\/fr\/#website\",\"url\":\"https:\/\/www.miomiorun.com\/fr\/\",\"name\":\"MioMioRun\",\"description\":\"Boutique 100% running et trail\",\"publisher\":{\"@id\":\"https:\/\/www.miomiorun.com\/fr\/#organization\"},\"potentialAction\":[{\"@type\":\"SearchAction\",\"target\":{\"@type\":\"EntryPoint\",\"urlTemplate\":\"https:\/\/www.miomiorun.com\/fr\/?s={search_term_string}\"},\"query-input\":{\"@type\":\"PropertyValueSpecification\",\"valueRequired\":true,\"valueName\":\"search_term_string\"}}],\"inLanguage\":\"fr-FR\"},{\"@type\":\"Organization\",\"@id\":\"https:\/\/www.miomiorun.com\/fr\/#organization\",\"name\":\"MioMio Run\",\"url\":\"https:\/\/www.miomiorun.com\/fr\/\",\"logo\":{\"@type\":\"ImageObject\",\"inLanguage\":\"fr-FR\",\"@id\":\"https:\/\/www.miomiorun.com\/fr\/#\/schema\/logo\/image\/\",\"url\":\"https:\/\/www.miomiorun.com\/app\/uploads\/2019\/12\/logomio.png\",\"contentUrl\":\"https:\/\/www.miomiorun.com\/app\/uploads\/2019\/12\/logomio.png\",\"width\":115,\"height\":82,\"caption\":\"MioMio Run\"},\"image\":{\"@id\":\"https:\/\/www.miomiorun.com\/fr\/#\/schema\/logo\/image\/\"},\"sameAs\":[\"https:\/\/www.facebook.com\/miomiorun\/\",\"https:\/\/www.instagram.com\/miomiorun\/\"]}]}<\/script>\n<!-- \/ Yoast SEO plugin. -->","yoast_head_json":{"title":"Crazy Idea Jkt Shark femme - Veste d'hiver - MioMioRun.com","description":"La veste ultime dans une version, une couleur et une coupe f\u00e9minines ! Ne craint aucune comparaison avec ce qui se fait sur le march\u00e9.","robots":{"index":"index","follow":"follow","max-snippet":"max-snippet:-1","max-image-preview":"max-image-preview:large","max-video-preview":"max-video-preview:-1"},"canonical":"https:\/\/www.miomiorun.com\/fr\/produit\/crazy-idea-jkt-shark-femme\/","og_locale":"fr_FR","og_type":"article","og_title":"Crazy Idea Jkt Shark femme - Veste d'hiver - MioMioRun.com","og_description":"La veste ultime dans une version, une couleur et une coupe f\u00e9minines ! Ne craint aucune comparaison avec ce qui se fait sur le march\u00e9.","og_url":"https:\/\/www.miomiorun.com\/fr\/produit\/crazy-idea-jkt-shark-femme\/","og_site_name":"MioMioRun","article_publisher":"https:\/\/www.facebook.com\/miomiorun\/","article_modified_time":"2025-05-09T15:06:26+00:00","og_image":[{"width":600,"height":600,"url":"https:\/\/www.miomiorun.com\/app\/uploads\/2021\/04\/crazy-idea-JKT-Shark-W-S21055101D-00X096.jpg","type":"image\/jpeg"}],"twitter_card":"summary_large_image","twitter_misc":{"Est. reading time":"1 minute"},"schema":{"@context":"https:\/\/schema.org","@graph":[{"@type":"WebPage","@id":"https:\/\/www.miomiorun.com\/fr\/produit\/crazy-idea-jkt-shark-femme\/","url":"https:\/\/www.miomiorun.com\/fr\/produit\/crazy-idea-jkt-shark-femme\/","name":"Crazy Idea Jkt Shark femme - Veste d'hiver - MioMioRun.com","isPartOf":{"@id":"https:\/\/www.miomiorun.com\/fr\/#website"},"primaryImageOfPage":{"@id":"https:\/\/www.miomiorun.com\/fr\/produit\/crazy-idea-jkt-shark-femme\/#primaryimage"},"image":{"@id":"https:\/\/www.miomiorun.com\/fr\/produit\/crazy-idea-jkt-shark-femme\/#primaryimage"},"thumbnailUrl":"https:\/\/www.miomiorun.com\/app\/uploads\/2021\/04\/crazy-idea-JKT-Shark-W-S21055101D-00X096.jpg","datePublished":"2021-04-15T10:25:52+00:00","dateModified":"2025-05-09T15:06:26+00:00","description":"La veste ultime dans une version, une couleur et une coupe f\u00e9minines ! Ne craint aucune comparaison avec ce qui se fait sur le march\u00e9.","breadcrumb":{"@id":"https:\/\/www.miomiorun.com\/fr\/produit\/crazy-idea-jkt-shark-femme\/#breadcrumb"},"inLanguage":"fr-FR","potentialAction":[{"@type":"ReadAction","target":["https:\/\/www.miomiorun.com\/fr\/produit\/crazy-idea-jkt-shark-femme\/"]}]},{"@type":"ImageObject","inLanguage":"fr-FR","@id":"https:\/\/www.miomiorun.com\/fr\/produit\/crazy-idea-jkt-shark-femme\/#primaryimage","url":"https:\/\/www.miomiorun.com\/app\/uploads\/2021\/04\/crazy-idea-JKT-Shark-W-S21055101D-00X096.jpg","contentUrl":"https:\/\/www.miomiorun.com\/app\/uploads\/2021\/04\/crazy-idea-JKT-Shark-W-S21055101D-00X096.jpg","width":600,"height":600,"caption":"crazy idea jkt shark donna"},{"@type":"BreadcrumbList","@id":"https:\/\/www.miomiorun.com\/fr\/produit\/crazy-idea-jkt-shark-femme\/#breadcrumb","itemListElement":[{"@type":"ListItem","position":1,"name":"Home","item":"https:\/\/www.miomiorun.com\/fr\/home-page\/"},{"@type":"ListItem","position":2,"name":"Shop","item":"https:\/\/www.miomiorun.com\/shop\/"},{"@type":"ListItem","position":3,"name":"Jkt Shark femme"}]},{"@type":"WebSite","@id":"https:\/\/www.miomiorun.com\/fr\/#website","url":"https:\/\/www.miomiorun.com\/fr\/","name":"MioMioRun","description":"Boutique 100% running et trail","publisher":{"@id":"https:\/\/www.miomiorun.com\/fr\/#organization"},"potentialAction":[{"@type":"SearchAction","target":{"@type":"EntryPoint","urlTemplate":"https:\/\/www.miomiorun.com\/fr\/?s={search_term_string}"},"query-input":{"@type":"PropertyValueSpecification","valueRequired":true,"valueName":"search_term_string"}}],"inLanguage":"fr-FR"},{"@type":"Organization","@id":"https:\/\/www.miomiorun.com\/fr\/#organization","name":"MioMio Run","url":"https:\/\/www.miomiorun.com\/fr\/","logo":{"@type":"ImageObject","inLanguage":"fr-FR","@id":"https:\/\/www.miomiorun.com\/fr\/#\/schema\/logo\/image\/","url":"https:\/\/www.miomiorun.com\/app\/uploads\/2019\/12\/logomio.png","contentUrl":"https:\/\/www.miomiorun.com\/app\/uploads\/2019\/12\/logomio.png","width":115,"height":82,"caption":"MioMio Run"},"image":{"@id":"https:\/\/www.miomiorun.com\/fr\/#\/schema\/logo\/image\/"},"sameAs":["https:\/\/www.facebook.com\/miomiorun\/","https:\/\/www.instagram.com\/miomiorun\/"]}]}},"_links":{"self":[{"href":"https:\/\/www.miomiorun.com\/fr\/wp-json\/wp\/v2\/product\/276946","targetHints":{"allow":["GET"]}}],"collection":[{"href":"https:\/\/www.miomiorun.com\/fr\/wp-json\/wp\/v2\/product"}],"about":[{"href":"https:\/\/www.miomiorun.com\/fr\/wp-json\/wp\/v2\/types\/product"}],"wp:featuredmedia":[{"embeddable":true,"href":"https:\/\/www.miomiorun.com\/fr\/wp-json\/wp\/v2\/media\/231671"}],"wp:attachment":[{"href":"https:\/\/www.miomiorun.com\/fr\/wp-json\/wp\/v2\/media?parent=276946"}],"wp:term":[{"taxonomy":"product_brand","embeddable":true,"href":"https:\/\/www.miomiorun.com\/fr\/wp-json\/wp\/v2\/product_brand?post=276946"},{"taxonomy":"product_cat","embeddable":true,"href":"https:\/\/www.miomiorun.com\/fr\/wp-json\/wp\/v2\/product_cat?post=276946"},{"taxonomy":"product_tag","embeddable":true,"href":"https:\/\/www.miomiorun.com\/fr\/wp-json\/wp\/v2\/product_tag?post=276946"}],"curies":[{"name":"wp","href":"https:\/\/api.w.org\/{rel}","templated":true}]}}