{"id":276933,"date":"2021-04-16T16:43:04","date_gmt":"2021-04-16T14:43:04","guid":{"rendered":"https:\/\/miomiorun.com\/prodotto\/crazy-idea-short-lightning-donna\/"},"modified":"2026-05-08T20:54:01","modified_gmt":"2026-05-08T18:54:01","slug":"crazy-idea-short-lightning-femme","status":"publish","type":"product","link":"https:\/\/www.miomiorun.com\/fr\/produit\/crazy-idea-short-lightning-femme\/","title":{"rendered":"Short lightning femme"},"content":{"rendered":"<div class=\"single-product-description\">\n<p>Short de course minimaliste avec slip int\u00e9rieur sans couture et coup\u00e9 \u00e0 vif, con\u00e7u pour les courses courtes, rapides et nerveuses en montagne ou les Vertical Races, o\u00f9 la l\u00e9g\u00e8ret\u00e9 et la libert\u00e9 de mouvement sont essentielles. Le tissu utilis\u00e9 est ultra-l\u00e9ger, bi-\u00e9lastique, Light stretch \u00e0 s\u00e9chage rapide avec traitement au graph\u00e8ne. Le syst\u00e8me innovant de d\u00e9coupe au laser appliqu\u00e9 \u00e0 des zones diff\u00e9renci\u00e9es favorise la ventilation. Basque hautement extensible avec poches pour les gels et autres petits objets, d\u00e9coup\u00e9e au laser et coll\u00e9e sur le bas de la jambe.<\/p>\n<p><strong>Caract\u00e9ristiques :<\/strong><\/p>\n<ul>\n<li>Short minimal de VK<\/li>\n<li>Taille haute avec poches<\/li>\n<li>Zones d\u00e9coup\u00e9es au laser<\/li>\n<li>Slip int\u00e9rieur \u00e0 coupe brute<\/li>\n<li>Tissu extensible avec traitement au graph\u00e8ne<\/li>\n<\/ul>\n<\/div>\n","protected":false},"excerpt":{"rendered":"<p>Short de course minimaliste avec slip int\u00e9rieur sans couture et coup\u00e9 \u00e0 vif, con\u00e7u pour les courses courtes, rapides et nerveuses en montagne ou les Vertical Races, o\u00f9 la l\u00e9g\u00e8ret\u00e9 et la libert\u00e9 de mouvement sont essentielles. Le tissu utilis\u00e9 est ultra-l\u00e9ger, bi-\u00e9lastique, Light stretch \u00e0 s\u00e9chage rapide avec traitement au graph\u00e8ne. Le syst\u00e8me innovant &hellip; <a href=\"https:\/\/www.miomiorun.com\/fr\/produit\/crazy-idea-short-lightning-femme\/\">Continued<\/a><\/p>\n","protected":false},"featured_media":236753,"template":"","meta":{"_acf_changed":false,"inline_featured_image":false},"product_brand":[],"product_cat":[22602,22596,22595],"product_tag":[23489,23491],"class_list":{"0":"post-276933","1":"product","2":"type-product","3":"status-publish","4":"has-post-thumbnail","6":"product_cat-pantalon-court","7":"product_cat-vetements-pour-femmes","8":"product_cat-femme","9":"product_tag-crazy-idea-fr","10":"product_tag-crazy-idea-femme","11":"pa_attivita-trail-fr","12":"pa_colore-short-lightning-w-black-zebra-fr-2","13":"pa_colore-short-lightning-w-black-zebra-fr","14":"pa_colore-short-lightning-w-i-love-running-fr","15":"pa_colore-short-lightning-w-mandala-fr-2","16":"pa_colore-short-lightning-w-mandala-fr","17":"pa_colore-short-lightning-w-mandala-2-fr","18":"pa_colore-short-lightning-w-mountain-flower-fr","19":"pa_colore-short-lightning-w-print-light-jeans-fr","20":"pa_colore-short-lightning-w-tempest-fr","21":"pa_colore-shorts-lightning-w-turchese-fr","22":"pa_marca-crazy-idea-fr","23":"pa_sesso-femme","24":"pa_size-extra-small-fr","25":"pa_size-small-fr","26":"pa_size-medium-fr","27":"pa_size-large-fr","29":"first","30":"instock","31":"sale","32":"taxable","33":"shipping-taxable","34":"purchasable","35":"product-type-variable","36":"wvs-archive-product-wrapper"},"acf":[],"yoast_head":"<!-- This site is optimized with the Yoast SEO plugin v26.8 - https:\/\/yoast.com\/product\/yoast-seo-wordpress\/ -->\n<title>Crazy Idea Short lightning femme - Shorts pour femmes - MioMioRun<\/title>\n<meta name=\"description\" content=\"Short de course minimaliste avec slip int\u00e9rieur sans couture et coup\u00e9 \u00e0 vif, con\u00e7u pour les courses en montagne courtes, rapides et nerveuses.\" \/>\n<meta name=\"robots\" content=\"index, follow, max-snippet:-1, max-image-preview:large, max-video-preview:-1\" \/>\n<link rel=\"canonical\" href=\"https:\/\/www.miomiorun.com\/fr\/produit\/crazy-idea-short-lightning-femme\/\" \/>\n<meta property=\"og:locale\" content=\"fr_FR\" \/>\n<meta property=\"og:type\" content=\"article\" \/>\n<meta property=\"og:title\" content=\"Crazy Idea Short lightning femme - Shorts pour femmes - MioMioRun\" \/>\n<meta property=\"og:description\" content=\"Short de course minimaliste avec slip int\u00e9rieur sans couture et coup\u00e9 \u00e0 vif, con\u00e7u pour les courses en montagne courtes, rapides et nerveuses.\" \/>\n<meta property=\"og:url\" content=\"https:\/\/www.miomiorun.com\/fr\/produit\/crazy-idea-short-lightning-femme\/\" \/>\n<meta property=\"og:site_name\" content=\"MioMioRun\" \/>\n<meta property=\"article:publisher\" content=\"https:\/\/www.facebook.com\/miomiorun\/\" \/>\n<meta property=\"article:modified_time\" content=\"2026-05-08T18:54:01+00:00\" \/>\n<meta property=\"og:image\" content=\"https:\/\/www.miomiorun.com\/app\/uploads\/2022\/05\/crazy-idea-short-lightning-W-print-light-jeans-S22015197D-00X015.jpg\" \/>\n\t<meta property=\"og:image:width\" content=\"600\" \/>\n\t<meta property=\"og:image:height\" content=\"600\" \/>\n\t<meta property=\"og:image:type\" content=\"image\/jpeg\" \/>\n<meta name=\"twitter:card\" content=\"summary_large_image\" \/>\n<meta name=\"twitter:label1\" content=\"Est. reading time\" \/>\n\t<meta name=\"twitter:data1\" content=\"1 minute\" \/>\n<script type=\"application\/ld+json\" class=\"yoast-schema-graph\">{\"@context\":\"https:\/\/schema.org\",\"@graph\":[{\"@type\":\"WebPage\",\"@id\":\"https:\/\/www.miomiorun.com\/fr\/produit\/crazy-idea-short-lightning-femme\/\",\"url\":\"https:\/\/www.miomiorun.com\/fr\/produit\/crazy-idea-short-lightning-femme\/\",\"name\":\"Crazy Idea Short lightning femme - Shorts pour femmes - MioMioRun\",\"isPartOf\":{\"@id\":\"https:\/\/www.miomiorun.com\/fr\/#website\"},\"primaryImageOfPage\":{\"@id\":\"https:\/\/www.miomiorun.com\/fr\/produit\/crazy-idea-short-lightning-femme\/#primaryimage\"},\"image\":{\"@id\":\"https:\/\/www.miomiorun.com\/fr\/produit\/crazy-idea-short-lightning-femme\/#primaryimage\"},\"thumbnailUrl\":\"https:\/\/www.miomiorun.com\/app\/uploads\/2022\/05\/crazy-idea-short-lightning-W-print-light-jeans-S22015197D-00X015.jpg\",\"datePublished\":\"2021-04-16T14:43:04+00:00\",\"dateModified\":\"2026-05-08T18:54:01+00:00\",\"description\":\"Short de course minimaliste avec slip int\u00e9rieur sans couture et coup\u00e9 \u00e0 vif, con\u00e7u pour les courses en montagne courtes, rapides et nerveuses.\",\"breadcrumb\":{\"@id\":\"https:\/\/www.miomiorun.com\/fr\/produit\/crazy-idea-short-lightning-femme\/#breadcrumb\"},\"inLanguage\":\"fr-FR\",\"potentialAction\":[{\"@type\":\"ReadAction\",\"target\":[\"https:\/\/www.miomiorun.com\/fr\/produit\/crazy-idea-short-lightning-femme\/\"]}]},{\"@type\":\"ImageObject\",\"inLanguage\":\"fr-FR\",\"@id\":\"https:\/\/www.miomiorun.com\/fr\/produit\/crazy-idea-short-lightning-femme\/#primaryimage\",\"url\":\"https:\/\/www.miomiorun.com\/app\/uploads\/2022\/05\/crazy-idea-short-lightning-W-print-light-jeans-S22015197D-00X015.jpg\",\"contentUrl\":\"https:\/\/www.miomiorun.com\/app\/uploads\/2022\/05\/crazy-idea-short-lightning-W-print-light-jeans-S22015197D-00X015.jpg\",\"width\":600,\"height\":600,\"caption\":\"crazy-idea-short-lightning-W-print-light-jeans-S22015197D-00X015\"},{\"@type\":\"BreadcrumbList\",\"@id\":\"https:\/\/www.miomiorun.com\/fr\/produit\/crazy-idea-short-lightning-femme\/#breadcrumb\",\"itemListElement\":[{\"@type\":\"ListItem\",\"position\":1,\"name\":\"Home\",\"item\":\"https:\/\/www.miomiorun.com\/fr\/home-page\/\"},{\"@type\":\"ListItem\",\"position\":2,\"name\":\"Shop\",\"item\":\"https:\/\/www.miomiorun.com\/shop\/\"},{\"@type\":\"ListItem\",\"position\":3,\"name\":\"Short lightning femme\"}]},{\"@type\":\"WebSite\",\"@id\":\"https:\/\/www.miomiorun.com\/fr\/#website\",\"url\":\"https:\/\/www.miomiorun.com\/fr\/\",\"name\":\"MioMioRun\",\"description\":\"Boutique 100% running et trail\",\"publisher\":{\"@id\":\"https:\/\/www.miomiorun.com\/fr\/#organization\"},\"potentialAction\":[{\"@type\":\"SearchAction\",\"target\":{\"@type\":\"EntryPoint\",\"urlTemplate\":\"https:\/\/www.miomiorun.com\/fr\/?s={search_term_string}\"},\"query-input\":{\"@type\":\"PropertyValueSpecification\",\"valueRequired\":true,\"valueName\":\"search_term_string\"}}],\"inLanguage\":\"fr-FR\"},{\"@type\":\"Organization\",\"@id\":\"https:\/\/www.miomiorun.com\/fr\/#organization\",\"name\":\"MioMio Run\",\"url\":\"https:\/\/www.miomiorun.com\/fr\/\",\"logo\":{\"@type\":\"ImageObject\",\"inLanguage\":\"fr-FR\",\"@id\":\"https:\/\/www.miomiorun.com\/fr\/#\/schema\/logo\/image\/\",\"url\":\"https:\/\/www.miomiorun.com\/app\/uploads\/2019\/12\/logomio.png\",\"contentUrl\":\"https:\/\/www.miomiorun.com\/app\/uploads\/2019\/12\/logomio.png\",\"width\":115,\"height\":82,\"caption\":\"MioMio Run\"},\"image\":{\"@id\":\"https:\/\/www.miomiorun.com\/fr\/#\/schema\/logo\/image\/\"},\"sameAs\":[\"https:\/\/www.facebook.com\/miomiorun\/\",\"https:\/\/www.instagram.com\/miomiorun\/\"]}]}<\/script>\n<!-- \/ Yoast SEO plugin. -->","yoast_head_json":{"title":"Crazy Idea Short lightning femme - Shorts pour femmes - MioMioRun","description":"Short de course minimaliste avec slip int\u00e9rieur sans couture et coup\u00e9 \u00e0 vif, con\u00e7u pour les courses en montagne courtes, rapides et nerveuses.","robots":{"index":"index","follow":"follow","max-snippet":"max-snippet:-1","max-image-preview":"max-image-preview:large","max-video-preview":"max-video-preview:-1"},"canonical":"https:\/\/www.miomiorun.com\/fr\/produit\/crazy-idea-short-lightning-femme\/","og_locale":"fr_FR","og_type":"article","og_title":"Crazy Idea Short lightning femme - Shorts pour femmes - MioMioRun","og_description":"Short de course minimaliste avec slip int\u00e9rieur sans couture et coup\u00e9 \u00e0 vif, con\u00e7u pour les courses en montagne courtes, rapides et nerveuses.","og_url":"https:\/\/www.miomiorun.com\/fr\/produit\/crazy-idea-short-lightning-femme\/","og_site_name":"MioMioRun","article_publisher":"https:\/\/www.facebook.com\/miomiorun\/","article_modified_time":"2026-05-08T18:54:01+00:00","og_image":[{"width":600,"height":600,"url":"https:\/\/www.miomiorun.com\/app\/uploads\/2022\/05\/crazy-idea-short-lightning-W-print-light-jeans-S22015197D-00X015.jpg","type":"image\/jpeg"}],"twitter_card":"summary_large_image","twitter_misc":{"Est. reading time":"1 minute"},"schema":{"@context":"https:\/\/schema.org","@graph":[{"@type":"WebPage","@id":"https:\/\/www.miomiorun.com\/fr\/produit\/crazy-idea-short-lightning-femme\/","url":"https:\/\/www.miomiorun.com\/fr\/produit\/crazy-idea-short-lightning-femme\/","name":"Crazy Idea Short lightning femme - Shorts pour femmes - MioMioRun","isPartOf":{"@id":"https:\/\/www.miomiorun.com\/fr\/#website"},"primaryImageOfPage":{"@id":"https:\/\/www.miomiorun.com\/fr\/produit\/crazy-idea-short-lightning-femme\/#primaryimage"},"image":{"@id":"https:\/\/www.miomiorun.com\/fr\/produit\/crazy-idea-short-lightning-femme\/#primaryimage"},"thumbnailUrl":"https:\/\/www.miomiorun.com\/app\/uploads\/2022\/05\/crazy-idea-short-lightning-W-print-light-jeans-S22015197D-00X015.jpg","datePublished":"2021-04-16T14:43:04+00:00","dateModified":"2026-05-08T18:54:01+00:00","description":"Short de course minimaliste avec slip int\u00e9rieur sans couture et coup\u00e9 \u00e0 vif, con\u00e7u pour les courses en montagne courtes, rapides et nerveuses.","breadcrumb":{"@id":"https:\/\/www.miomiorun.com\/fr\/produit\/crazy-idea-short-lightning-femme\/#breadcrumb"},"inLanguage":"fr-FR","potentialAction":[{"@type":"ReadAction","target":["https:\/\/www.miomiorun.com\/fr\/produit\/crazy-idea-short-lightning-femme\/"]}]},{"@type":"ImageObject","inLanguage":"fr-FR","@id":"https:\/\/www.miomiorun.com\/fr\/produit\/crazy-idea-short-lightning-femme\/#primaryimage","url":"https:\/\/www.miomiorun.com\/app\/uploads\/2022\/05\/crazy-idea-short-lightning-W-print-light-jeans-S22015197D-00X015.jpg","contentUrl":"https:\/\/www.miomiorun.com\/app\/uploads\/2022\/05\/crazy-idea-short-lightning-W-print-light-jeans-S22015197D-00X015.jpg","width":600,"height":600,"caption":"crazy-idea-short-lightning-W-print-light-jeans-S22015197D-00X015"},{"@type":"BreadcrumbList","@id":"https:\/\/www.miomiorun.com\/fr\/produit\/crazy-idea-short-lightning-femme\/#breadcrumb","itemListElement":[{"@type":"ListItem","position":1,"name":"Home","item":"https:\/\/www.miomiorun.com\/fr\/home-page\/"},{"@type":"ListItem","position":2,"name":"Shop","item":"https:\/\/www.miomiorun.com\/shop\/"},{"@type":"ListItem","position":3,"name":"Short lightning femme"}]},{"@type":"WebSite","@id":"https:\/\/www.miomiorun.com\/fr\/#website","url":"https:\/\/www.miomiorun.com\/fr\/","name":"MioMioRun","description":"Boutique 100% running et trail","publisher":{"@id":"https:\/\/www.miomiorun.com\/fr\/#organization"},"potentialAction":[{"@type":"SearchAction","target":{"@type":"EntryPoint","urlTemplate":"https:\/\/www.miomiorun.com\/fr\/?s={search_term_string}"},"query-input":{"@type":"PropertyValueSpecification","valueRequired":true,"valueName":"search_term_string"}}],"inLanguage":"fr-FR"},{"@type":"Organization","@id":"https:\/\/www.miomiorun.com\/fr\/#organization","name":"MioMio Run","url":"https:\/\/www.miomiorun.com\/fr\/","logo":{"@type":"ImageObject","inLanguage":"fr-FR","@id":"https:\/\/www.miomiorun.com\/fr\/#\/schema\/logo\/image\/","url":"https:\/\/www.miomiorun.com\/app\/uploads\/2019\/12\/logomio.png","contentUrl":"https:\/\/www.miomiorun.com\/app\/uploads\/2019\/12\/logomio.png","width":115,"height":82,"caption":"MioMio Run"},"image":{"@id":"https:\/\/www.miomiorun.com\/fr\/#\/schema\/logo\/image\/"},"sameAs":["https:\/\/www.facebook.com\/miomiorun\/","https:\/\/www.instagram.com\/miomiorun\/"]}]}},"_links":{"self":[{"href":"https:\/\/www.miomiorun.com\/fr\/wp-json\/wp\/v2\/product\/276933","targetHints":{"allow":["GET"]}}],"collection":[{"href":"https:\/\/www.miomiorun.com\/fr\/wp-json\/wp\/v2\/product"}],"about":[{"href":"https:\/\/www.miomiorun.com\/fr\/wp-json\/wp\/v2\/types\/product"}],"wp:featuredmedia":[{"embeddable":true,"href":"https:\/\/www.miomiorun.com\/fr\/wp-json\/wp\/v2\/media\/236753"}],"wp:attachment":[{"href":"https:\/\/www.miomiorun.com\/fr\/wp-json\/wp\/v2\/media?parent=276933"}],"wp:term":[{"taxonomy":"product_brand","embeddable":true,"href":"https:\/\/www.miomiorun.com\/fr\/wp-json\/wp\/v2\/product_brand?post=276933"},{"taxonomy":"product_cat","embeddable":true,"href":"https:\/\/www.miomiorun.com\/fr\/wp-json\/wp\/v2\/product_cat?post=276933"},{"taxonomy":"product_tag","embeddable":true,"href":"https:\/\/www.miomiorun.com\/fr\/wp-json\/wp\/v2\/product_tag?post=276933"}],"curies":[{"name":"wp","href":"https:\/\/api.w.org\/{rel}","templated":true}]}}