{"id":276911,"date":"2021-04-16T17:06:49","date_gmt":"2021-04-16T15:06:49","guid":{"rendered":"https:\/\/miomiorun.com\/prodotto\/crazy-idea-top-voltage-donna\/"},"modified":"2026-05-08T20:53:37","modified_gmt":"2026-05-08T18:53:37","slug":"crazy-idea-top-voltage-femme","status":"publish","type":"product","link":"https:\/\/www.miomiorun.com\/fr\/produit\/crazy-idea-top-voltage-femme\/","title":{"rendered":"Top Voltage femme"},"content":{"rendered":"<div class=\"single-product-description\">\n<div class=\"single-product-description\">\n<p>Haut de course performant et technologique con\u00e7u en utilisant tout notre savoir-faire en mati\u00e8re de mod\u00e9lisme et notre exp\u00e9rience de la technologie d&#8217;impression num\u00e9rique. Il s&#8217;agit d&#8217;un v\u00eatement innovant. En d\u00e9construisant le mod\u00e8le, nous avons cr\u00e9\u00e9 une cartographie du corps avec des trous au laser pour r\u00e9pondre aux besoins des diff\u00e9rentes zones de ventilation. Les graphiques ont \u00e9t\u00e9 personnalis\u00e9s sur les trous laser, cr\u00e9ant un effet sans pr\u00e9c\u00e9dent. Une microfibre particuli\u00e8rement l\u00e9g\u00e8re est utilis\u00e9e. Les bretelles et le bas sont d\u00e9coup\u00e9s au laser sans ourlet.<\/p>\n<p><strong>Caract\u00e9ristiques :<\/strong><\/p>\n<ul>\n<li>Tissu microfibre \u00e0 s\u00e9chage rapide<\/li>\n<li>Cartographie diff\u00e9renci\u00e9e du corps<\/li>\n<li>Coutures flatlock en couleur contrast\u00e9e<\/li>\n<\/ul>\n<\/div>\n<\/div>\n","protected":false},"excerpt":{"rendered":"<p>Haut de course performant et technologique con\u00e7u en utilisant tout notre savoir-faire en mati\u00e8re de mod\u00e9lisme et notre exp\u00e9rience de la technologie d&#8217;impression num\u00e9rique. Il s&#8217;agit d&#8217;un v\u00eatement innovant. En d\u00e9construisant le mod\u00e8le, nous avons cr\u00e9\u00e9 une cartographie du corps avec des trous au laser pour r\u00e9pondre aux besoins des diff\u00e9rentes zones de ventilation. Les &hellip; <a href=\"https:\/\/www.miomiorun.com\/fr\/produit\/crazy-idea-top-voltage-femme\/\">Continued<\/a><\/p>\n","protected":false},"featured_media":236765,"template":"","meta":{"_acf_changed":false,"inline_featured_image":false},"product_brand":[],"product_cat":[22598,22596,22595],"product_tag":[23489,23491],"class_list":{"0":"post-276911","1":"product","2":"type-product","3":"status-publish","4":"has-post-thumbnail","6":"product_cat-gilets","7":"product_cat-vetements-pour-femmes","8":"product_cat-femme","9":"product_tag-crazy-idea-fr","10":"product_tag-crazy-idea-femme","11":"pa_attivita-trail-fr","12":"pa_colore-top-voltage-w-allium-flower-fr","13":"pa_colore-top-voltage-w-black-zebra-fr-2","14":"pa_colore-top-voltage-w-dardik-fr","15":"pa_colore-top-voltage-w-fastlight-fr","16":"pa_colore-top-voltage-w-flames-fr","17":"pa_colore-top-voltage-w-i-love-running-fr","18":"pa_colore-top-voltage-w-mandala-2-fr","19":"pa_colore-top-voltage-w-mandala-fr","20":"pa_colore-top-voltage-w-mountain-flower-fr","21":"pa_colore-top-voltage-w-tempest-fr","22":"pa_marca-crazy-idea-fr","23":"pa_sesso-femme","24":"pa_size-extra-small-fr","25":"pa_size-small-fr","26":"pa_size-medium-fr","27":"pa_size-large-fr","29":"first","30":"instock","31":"sale","32":"taxable","33":"shipping-taxable","34":"purchasable","35":"product-type-variable","36":"wvs-archive-product-wrapper"},"acf":[],"yoast_head":"<!-- This site is optimized with the Yoast SEO plugin v26.8 - https:\/\/yoast.com\/product\/yoast-seo-wordpress\/ -->\n<title>Crazy Idea Top Voltage femme - d\u00e9bardeur de course - MioMioRun<\/title>\n<meta name=\"description\" content=\"Haut de course performant et technologique con\u00e7u en utilisant tout notre savoir-faire en mati\u00e8re de mod\u00e9lisation.\" \/>\n<meta name=\"robots\" content=\"index, follow, max-snippet:-1, max-image-preview:large, max-video-preview:-1\" \/>\n<link rel=\"canonical\" href=\"https:\/\/www.miomiorun.com\/fr\/produit\/crazy-idea-top-voltage-femme\/\" \/>\n<meta property=\"og:locale\" content=\"fr_FR\" \/>\n<meta property=\"og:type\" content=\"article\" \/>\n<meta property=\"og:title\" content=\"Crazy Idea Top Voltage femme - d\u00e9bardeur de course - MioMioRun\" \/>\n<meta property=\"og:description\" content=\"Haut de course performant et technologique con\u00e7u en utilisant tout notre savoir-faire en mati\u00e8re de mod\u00e9lisation.\" \/>\n<meta property=\"og:url\" content=\"https:\/\/www.miomiorun.com\/fr\/produit\/crazy-idea-top-voltage-femme\/\" \/>\n<meta property=\"og:site_name\" content=\"MioMioRun\" \/>\n<meta property=\"article:publisher\" content=\"https:\/\/www.facebook.com\/miomiorun\/\" \/>\n<meta property=\"article:modified_time\" content=\"2026-05-08T18:53:37+00:00\" \/>\n<meta property=\"og:image\" content=\"https:\/\/www.miomiorun.com\/app\/uploads\/2022\/05\/crazy-idea-top-voltage-W-mandala-S22195040D-00X096.jpg\" \/>\n\t<meta property=\"og:image:width\" content=\"600\" \/>\n\t<meta property=\"og:image:height\" content=\"600\" \/>\n\t<meta property=\"og:image:type\" content=\"image\/jpeg\" \/>\n<meta name=\"twitter:card\" content=\"summary_large_image\" \/>\n<meta name=\"twitter:label1\" content=\"Est. reading time\" \/>\n\t<meta name=\"twitter:data1\" content=\"1 minute\" \/>\n<script type=\"application\/ld+json\" class=\"yoast-schema-graph\">{\"@context\":\"https:\/\/schema.org\",\"@graph\":[{\"@type\":\"WebPage\",\"@id\":\"https:\/\/www.miomiorun.com\/fr\/produit\/crazy-idea-top-voltage-femme\/\",\"url\":\"https:\/\/www.miomiorun.com\/fr\/produit\/crazy-idea-top-voltage-femme\/\",\"name\":\"Crazy Idea Top Voltage femme - d\u00e9bardeur de course - MioMioRun\",\"isPartOf\":{\"@id\":\"https:\/\/www.miomiorun.com\/fr\/#website\"},\"primaryImageOfPage\":{\"@id\":\"https:\/\/www.miomiorun.com\/fr\/produit\/crazy-idea-top-voltage-femme\/#primaryimage\"},\"image\":{\"@id\":\"https:\/\/www.miomiorun.com\/fr\/produit\/crazy-idea-top-voltage-femme\/#primaryimage\"},\"thumbnailUrl\":\"https:\/\/www.miomiorun.com\/app\/uploads\/2022\/05\/crazy-idea-top-voltage-W-mandala-S22195040D-00X096.jpg\",\"datePublished\":\"2021-04-16T15:06:49+00:00\",\"dateModified\":\"2026-05-08T18:53:37+00:00\",\"description\":\"Haut de course performant et technologique con\u00e7u en utilisant tout notre savoir-faire en mati\u00e8re de mod\u00e9lisation.\",\"breadcrumb\":{\"@id\":\"https:\/\/www.miomiorun.com\/fr\/produit\/crazy-idea-top-voltage-femme\/#breadcrumb\"},\"inLanguage\":\"fr-FR\",\"potentialAction\":[{\"@type\":\"ReadAction\",\"target\":[\"https:\/\/www.miomiorun.com\/fr\/produit\/crazy-idea-top-voltage-femme\/\"]}]},{\"@type\":\"ImageObject\",\"inLanguage\":\"fr-FR\",\"@id\":\"https:\/\/www.miomiorun.com\/fr\/produit\/crazy-idea-top-voltage-femme\/#primaryimage\",\"url\":\"https:\/\/www.miomiorun.com\/app\/uploads\/2022\/05\/crazy-idea-top-voltage-W-mandala-S22195040D-00X096.jpg\",\"contentUrl\":\"https:\/\/www.miomiorun.com\/app\/uploads\/2022\/05\/crazy-idea-top-voltage-W-mandala-S22195040D-00X096.jpg\",\"width\":600,\"height\":600,\"caption\":\"crazy-idea-top-voltage-W-mandala-S22195040D-00X096\"},{\"@type\":\"BreadcrumbList\",\"@id\":\"https:\/\/www.miomiorun.com\/fr\/produit\/crazy-idea-top-voltage-femme\/#breadcrumb\",\"itemListElement\":[{\"@type\":\"ListItem\",\"position\":1,\"name\":\"Home\",\"item\":\"https:\/\/www.miomiorun.com\/fr\/home-page\/\"},{\"@type\":\"ListItem\",\"position\":2,\"name\":\"Shop\",\"item\":\"https:\/\/www.miomiorun.com\/shop\/\"},{\"@type\":\"ListItem\",\"position\":3,\"name\":\"Top Voltage femme\"}]},{\"@type\":\"WebSite\",\"@id\":\"https:\/\/www.miomiorun.com\/fr\/#website\",\"url\":\"https:\/\/www.miomiorun.com\/fr\/\",\"name\":\"MioMioRun\",\"description\":\"Boutique 100% running et trail\",\"publisher\":{\"@id\":\"https:\/\/www.miomiorun.com\/fr\/#organization\"},\"potentialAction\":[{\"@type\":\"SearchAction\",\"target\":{\"@type\":\"EntryPoint\",\"urlTemplate\":\"https:\/\/www.miomiorun.com\/fr\/?s={search_term_string}\"},\"query-input\":{\"@type\":\"PropertyValueSpecification\",\"valueRequired\":true,\"valueName\":\"search_term_string\"}}],\"inLanguage\":\"fr-FR\"},{\"@type\":\"Organization\",\"@id\":\"https:\/\/www.miomiorun.com\/fr\/#organization\",\"name\":\"MioMio Run\",\"url\":\"https:\/\/www.miomiorun.com\/fr\/\",\"logo\":{\"@type\":\"ImageObject\",\"inLanguage\":\"fr-FR\",\"@id\":\"https:\/\/www.miomiorun.com\/fr\/#\/schema\/logo\/image\/\",\"url\":\"https:\/\/www.miomiorun.com\/app\/uploads\/2019\/12\/logomio.png\",\"contentUrl\":\"https:\/\/www.miomiorun.com\/app\/uploads\/2019\/12\/logomio.png\",\"width\":115,\"height\":82,\"caption\":\"MioMio Run\"},\"image\":{\"@id\":\"https:\/\/www.miomiorun.com\/fr\/#\/schema\/logo\/image\/\"},\"sameAs\":[\"https:\/\/www.facebook.com\/miomiorun\/\",\"https:\/\/www.instagram.com\/miomiorun\/\"]}]}<\/script>\n<!-- \/ Yoast SEO plugin. -->","yoast_head_json":{"title":"Crazy Idea Top Voltage femme - d\u00e9bardeur de course - MioMioRun","description":"Haut de course performant et technologique con\u00e7u en utilisant tout notre savoir-faire en mati\u00e8re de mod\u00e9lisation.","robots":{"index":"index","follow":"follow","max-snippet":"max-snippet:-1","max-image-preview":"max-image-preview:large","max-video-preview":"max-video-preview:-1"},"canonical":"https:\/\/www.miomiorun.com\/fr\/produit\/crazy-idea-top-voltage-femme\/","og_locale":"fr_FR","og_type":"article","og_title":"Crazy Idea Top Voltage femme - d\u00e9bardeur de course - MioMioRun","og_description":"Haut de course performant et technologique con\u00e7u en utilisant tout notre savoir-faire en mati\u00e8re de mod\u00e9lisation.","og_url":"https:\/\/www.miomiorun.com\/fr\/produit\/crazy-idea-top-voltage-femme\/","og_site_name":"MioMioRun","article_publisher":"https:\/\/www.facebook.com\/miomiorun\/","article_modified_time":"2026-05-08T18:53:37+00:00","og_image":[{"width":600,"height":600,"url":"https:\/\/www.miomiorun.com\/app\/uploads\/2022\/05\/crazy-idea-top-voltage-W-mandala-S22195040D-00X096.jpg","type":"image\/jpeg"}],"twitter_card":"summary_large_image","twitter_misc":{"Est. reading time":"1 minute"},"schema":{"@context":"https:\/\/schema.org","@graph":[{"@type":"WebPage","@id":"https:\/\/www.miomiorun.com\/fr\/produit\/crazy-idea-top-voltage-femme\/","url":"https:\/\/www.miomiorun.com\/fr\/produit\/crazy-idea-top-voltage-femme\/","name":"Crazy Idea Top Voltage femme - d\u00e9bardeur de course - MioMioRun","isPartOf":{"@id":"https:\/\/www.miomiorun.com\/fr\/#website"},"primaryImageOfPage":{"@id":"https:\/\/www.miomiorun.com\/fr\/produit\/crazy-idea-top-voltage-femme\/#primaryimage"},"image":{"@id":"https:\/\/www.miomiorun.com\/fr\/produit\/crazy-idea-top-voltage-femme\/#primaryimage"},"thumbnailUrl":"https:\/\/www.miomiorun.com\/app\/uploads\/2022\/05\/crazy-idea-top-voltage-W-mandala-S22195040D-00X096.jpg","datePublished":"2021-04-16T15:06:49+00:00","dateModified":"2026-05-08T18:53:37+00:00","description":"Haut de course performant et technologique con\u00e7u en utilisant tout notre savoir-faire en mati\u00e8re de mod\u00e9lisation.","breadcrumb":{"@id":"https:\/\/www.miomiorun.com\/fr\/produit\/crazy-idea-top-voltage-femme\/#breadcrumb"},"inLanguage":"fr-FR","potentialAction":[{"@type":"ReadAction","target":["https:\/\/www.miomiorun.com\/fr\/produit\/crazy-idea-top-voltage-femme\/"]}]},{"@type":"ImageObject","inLanguage":"fr-FR","@id":"https:\/\/www.miomiorun.com\/fr\/produit\/crazy-idea-top-voltage-femme\/#primaryimage","url":"https:\/\/www.miomiorun.com\/app\/uploads\/2022\/05\/crazy-idea-top-voltage-W-mandala-S22195040D-00X096.jpg","contentUrl":"https:\/\/www.miomiorun.com\/app\/uploads\/2022\/05\/crazy-idea-top-voltage-W-mandala-S22195040D-00X096.jpg","width":600,"height":600,"caption":"crazy-idea-top-voltage-W-mandala-S22195040D-00X096"},{"@type":"BreadcrumbList","@id":"https:\/\/www.miomiorun.com\/fr\/produit\/crazy-idea-top-voltage-femme\/#breadcrumb","itemListElement":[{"@type":"ListItem","position":1,"name":"Home","item":"https:\/\/www.miomiorun.com\/fr\/home-page\/"},{"@type":"ListItem","position":2,"name":"Shop","item":"https:\/\/www.miomiorun.com\/shop\/"},{"@type":"ListItem","position":3,"name":"Top Voltage femme"}]},{"@type":"WebSite","@id":"https:\/\/www.miomiorun.com\/fr\/#website","url":"https:\/\/www.miomiorun.com\/fr\/","name":"MioMioRun","description":"Boutique 100% running et trail","publisher":{"@id":"https:\/\/www.miomiorun.com\/fr\/#organization"},"potentialAction":[{"@type":"SearchAction","target":{"@type":"EntryPoint","urlTemplate":"https:\/\/www.miomiorun.com\/fr\/?s={search_term_string}"},"query-input":{"@type":"PropertyValueSpecification","valueRequired":true,"valueName":"search_term_string"}}],"inLanguage":"fr-FR"},{"@type":"Organization","@id":"https:\/\/www.miomiorun.com\/fr\/#organization","name":"MioMio Run","url":"https:\/\/www.miomiorun.com\/fr\/","logo":{"@type":"ImageObject","inLanguage":"fr-FR","@id":"https:\/\/www.miomiorun.com\/fr\/#\/schema\/logo\/image\/","url":"https:\/\/www.miomiorun.com\/app\/uploads\/2019\/12\/logomio.png","contentUrl":"https:\/\/www.miomiorun.com\/app\/uploads\/2019\/12\/logomio.png","width":115,"height":82,"caption":"MioMio Run"},"image":{"@id":"https:\/\/www.miomiorun.com\/fr\/#\/schema\/logo\/image\/"},"sameAs":["https:\/\/www.facebook.com\/miomiorun\/","https:\/\/www.instagram.com\/miomiorun\/"]}]}},"_links":{"self":[{"href":"https:\/\/www.miomiorun.com\/fr\/wp-json\/wp\/v2\/product\/276911","targetHints":{"allow":["GET"]}}],"collection":[{"href":"https:\/\/www.miomiorun.com\/fr\/wp-json\/wp\/v2\/product"}],"about":[{"href":"https:\/\/www.miomiorun.com\/fr\/wp-json\/wp\/v2\/types\/product"}],"wp:featuredmedia":[{"embeddable":true,"href":"https:\/\/www.miomiorun.com\/fr\/wp-json\/wp\/v2\/media\/236765"}],"wp:attachment":[{"href":"https:\/\/www.miomiorun.com\/fr\/wp-json\/wp\/v2\/media?parent=276911"}],"wp:term":[{"taxonomy":"product_brand","embeddable":true,"href":"https:\/\/www.miomiorun.com\/fr\/wp-json\/wp\/v2\/product_brand?post=276911"},{"taxonomy":"product_cat","embeddable":true,"href":"https:\/\/www.miomiorun.com\/fr\/wp-json\/wp\/v2\/product_cat?post=276911"},{"taxonomy":"product_tag","embeddable":true,"href":"https:\/\/www.miomiorun.com\/fr\/wp-json\/wp\/v2\/product_tag?post=276911"}],"curies":[{"name":"wp","href":"https:\/\/api.w.org\/{rel}","templated":true}]}}