{"id":276857,"date":"2021-04-17T17:42:52","date_gmt":"2021-04-17T15:42:52","guid":{"rendered":"https:\/\/miomiorun.com\/prodotto\/la-sportiva-vert-tank-m-uomo\/"},"modified":"2025-05-09T16:57:43","modified_gmt":"2025-05-09T14:57:43","slug":"la-sportiva-vert-tank-m-homme","status":"publish","type":"product","link":"https:\/\/www.miomiorun.com\/fr\/produit\/la-sportiva-vert-tank-m-homme\/","title":{"rendered":"Vert Tank M homme"},"content":{"rendered":"<p>Vert Tank est le d\u00e9bardeur l\u00e9ger \u00e0 s\u00e9chage rapide id\u00e9al pour les s\u00e9ances d&#8217;entra\u00eenement estivales. Le traitement anti-odeurs et antibact\u00e9rien Polygiene\u00ae et le tissu en maille rendent ce v\u00eatement particuli\u00e8rement respirant.<\/p>\n<p><img decoding=\"async\" src=\"https:\/\/www.lasportiva.com\/media\/techinfo_icons\/elasticita.png\" alt=\"La Sportiva\" \/><\/p>\n<p><strong>Elasticit\u00e9 :<\/strong><br \/>\nV\u00eatement confortable et r\u00e9actif qui garantit une libert\u00e9 de mouvement maximale.<\/p>\n<div class=\"data item content\" role=\"tabpanel\" aria-hidden=\"false\" data-role=\"content\" aria-labelledby=\"tab-label-techinfo\">\n<div class=\"techinfo-container\">\n<div class=\"techinfo-icons\">\n<div class=\"techinfo-icon\"><a> <img decoding=\"async\" src=\"https:\/\/www.lasportiva.com\/media\/techinfo_icons\/L1.png\" alt=\"La Sportiva\" \/><\/a><\/div>\n<div class=\"techinfo-icon\"><a><strong>L1 &#8211; COUCHE DE BASE<\/strong><br \/>\nCouche en contact direct avec la peau.<\/a><a> Favorise l&#8217;\u00e9vacuation de la transpiration pour un meilleur confort climatique pendant l&#8217;activit\u00e9 physique. <\/a><\/div>\n<div class=\"techinfo-icon\"><img decoding=\"async\" src=\"https:\/\/www.lasportiva.com\/media\/techinfo_icons\/slim-fit.png\" alt=\"La Sportiva\" \/><\/div>\n<div>Slim fit <strong>:<\/strong><br \/>\nCoupe tr\u00e8s ajust\u00e9e pour une performance maximale en comp\u00e9tition.<\/div>\n<div class=\"techinfo-icon\"><a> <img decoding=\"async\" src=\"https:\/\/www.lasportiva.com\/media\/techinfo_icons\/leggerezza.png\" alt=\"La Sportiva\" \/><\/a><\/div>\n<div><strong>L\u00e9g\u00e8ret\u00e9 <\/strong>: Produits dont le poids est r\u00e9duit au minimum<\/div>\n<div class=\"techinfo-icon\"><a> <img loading=\"lazy\" decoding=\"async\" class=\"\" src=\"https:\/\/www.lasportiva.com\/media\/techinfo_icons\/traspirabilita.png\" alt=\"La Sportiva\" width=\"76\" height=\"76\" \/><\/a><\/div>\n<div><strong>Respirabilit\u00e9 <\/strong>: des produits tr\u00e8s respirants pour un confort climatique optimal.<\/div>\n<div><img loading=\"lazy\" decoding=\"async\" class=\"\" src=\"https:\/\/www.lasportiva.com\/media\/techinfo_icons\/polygiene.png\" alt=\"La Sportiva\" width=\"76\" height=\"76\" \/><\/div>\n<div>Anti-bact\u00e9rien et anti-odeur La technologie Polygiene\u00ae est un traitement durable et efficace qui utilise des sels d&#8217;argent pour emp\u00eacher la formation de bact\u00e9ries responsables des odeurs. R\u00e9sultat : <strong>vous pouvez porter vos v\u00eatements plus longtemps sans les laver.<\/strong><\/div>\n<\/div>\n<div class=\"techinfo-description\"><b>Mati\u00e8re<\/b>: Principale : (KSL-03) 50% Polyester, 50% Polyester recycl\u00e9<br \/>\n<b>Poids :<\/b>85 g (L)<\/div>\n<\/div>\n<\/div>\n","protected":false},"excerpt":{"rendered":"<p>Vert Tank est le d\u00e9bardeur l\u00e9ger \u00e0 s\u00e9chage rapide id\u00e9al pour les s\u00e9ances d&#8217;entra\u00eenement estivales. Le traitement anti-odeurs et antibact\u00e9rien Polygiene\u00ae et le tissu en maille rendent ce v\u00eatement particuli\u00e8rement respirant. Elasticit\u00e9 : V\u00eatement confortable et r\u00e9actif qui garantit une libert\u00e9 de mouvement maximale. L1 &#8211; COUCHE DE BASE Couche en contact direct avec la &hellip; <a href=\"https:\/\/www.miomiorun.com\/fr\/produit\/la-sportiva-vert-tank-m-homme\/\">Continued<\/a><\/p>\n","protected":false},"featured_media":231735,"template":"","meta":{"_acf_changed":false,"inline_featured_image":false},"product_brand":[],"product_cat":[24257,24482,24484],"product_tag":[23597,23599],"class_list":{"0":"post-276857","1":"product","2":"type-product","3":"status-publish","4":"has-post-thumbnail","6":"product_cat-gilets-fr","7":"product_cat-vetements-pour-hommes-fr","8":"product_cat-homme","9":"product_tag-la-sportiva-fr","10":"product_tag-la-sportiva-homme","11":"pa_attivita-trail-fr","12":"pa_colore-vert-tank-m-topaz-space-blue-fr","13":"pa_colore-vert-tank-m-yellow-carbon-fr","14":"pa_marca-la-sportiva-fr","15":"pa_sesso-homme","16":"pa_size-medium-fr","17":"pa_size-large-fr","18":"pa_size-extra-large-fr","20":"first","21":"instock","22":"sale","23":"taxable","24":"shipping-taxable","25":"purchasable","26":"product-type-variable","27":"wvs-archive-product-wrapper"},"acf":[],"yoast_head":"<!-- This site is optimized with the Yoast SEO plugin v26.8 - https:\/\/yoast.com\/product\/yoast-seo-wordpress\/ -->\n<title>La Sportiva Vert Tank M homme - d\u00e9bardeur de course - MioMioRun<\/title>\n<meta name=\"description\" content=\"Vert Tank est un d\u00e9bardeur l\u00e9ger \u00e0 s\u00e9chage rapide, id\u00e9al pour les s\u00e9ances d&#039;entra\u00eenement estivales. D\u00e9couvrez-le avec nous\" \/>\n<meta name=\"robots\" content=\"index, follow, max-snippet:-1, max-image-preview:large, max-video-preview:-1\" \/>\n<link rel=\"canonical\" href=\"https:\/\/www.miomiorun.com\/fr\/produit\/la-sportiva-vert-tank-m-homme\/\" \/>\n<meta property=\"og:locale\" content=\"fr_FR\" \/>\n<meta property=\"og:type\" content=\"article\" \/>\n<meta property=\"og:title\" content=\"La Sportiva Vert Tank M homme - d\u00e9bardeur de course - MioMioRun\" \/>\n<meta property=\"og:description\" content=\"Vert Tank est un d\u00e9bardeur l\u00e9ger \u00e0 s\u00e9chage rapide, id\u00e9al pour les s\u00e9ances d&#039;entra\u00eenement estivales. D\u00e9couvrez-le avec nous\" \/>\n<meta property=\"og:url\" content=\"https:\/\/www.miomiorun.com\/fr\/produit\/la-sportiva-vert-tank-m-homme\/\" \/>\n<meta property=\"og:site_name\" content=\"MioMioRun\" \/>\n<meta property=\"article:publisher\" content=\"https:\/\/www.facebook.com\/miomiorun\/\" \/>\n<meta property=\"article:modified_time\" content=\"2025-05-09T14:57:43+00:00\" \/>\n<meta property=\"og:image\" content=\"https:\/\/www.miomiorun.com\/app\/uploads\/2021\/04\/la-sportiva-Vert-Tank-M-P09100900.jpg\" \/>\n\t<meta property=\"og:image:width\" content=\"600\" \/>\n\t<meta property=\"og:image:height\" content=\"600\" \/>\n\t<meta property=\"og:image:type\" content=\"image\/jpeg\" \/>\n<meta name=\"twitter:card\" content=\"summary_large_image\" \/>\n<meta name=\"twitter:label1\" content=\"Est. reading time\" \/>\n\t<meta name=\"twitter:data1\" content=\"1 minute\" \/>\n<script type=\"application\/ld+json\" class=\"yoast-schema-graph\">{\"@context\":\"https:\/\/schema.org\",\"@graph\":[{\"@type\":\"WebPage\",\"@id\":\"https:\/\/www.miomiorun.com\/fr\/produit\/la-sportiva-vert-tank-m-homme\/\",\"url\":\"https:\/\/www.miomiorun.com\/fr\/produit\/la-sportiva-vert-tank-m-homme\/\",\"name\":\"La Sportiva Vert Tank M homme - d\u00e9bardeur de course - MioMioRun\",\"isPartOf\":{\"@id\":\"https:\/\/www.miomiorun.com\/fr\/#website\"},\"primaryImageOfPage\":{\"@id\":\"https:\/\/www.miomiorun.com\/fr\/produit\/la-sportiva-vert-tank-m-homme\/#primaryimage\"},\"image\":{\"@id\":\"https:\/\/www.miomiorun.com\/fr\/produit\/la-sportiva-vert-tank-m-homme\/#primaryimage\"},\"thumbnailUrl\":\"https:\/\/www.miomiorun.com\/app\/uploads\/2021\/04\/la-sportiva-Vert-Tank-M-P09100900.jpg\",\"datePublished\":\"2021-04-17T15:42:52+00:00\",\"dateModified\":\"2025-05-09T14:57:43+00:00\",\"description\":\"Vert Tank est un d\u00e9bardeur l\u00e9ger \u00e0 s\u00e9chage rapide, id\u00e9al pour les s\u00e9ances d'entra\u00eenement estivales. D\u00e9couvrez-le avec nous\",\"breadcrumb\":{\"@id\":\"https:\/\/www.miomiorun.com\/fr\/produit\/la-sportiva-vert-tank-m-homme\/#breadcrumb\"},\"inLanguage\":\"fr-FR\",\"potentialAction\":[{\"@type\":\"ReadAction\",\"target\":[\"https:\/\/www.miomiorun.com\/fr\/produit\/la-sportiva-vert-tank-m-homme\/\"]}]},{\"@type\":\"ImageObject\",\"inLanguage\":\"fr-FR\",\"@id\":\"https:\/\/www.miomiorun.com\/fr\/produit\/la-sportiva-vert-tank-m-homme\/#primaryimage\",\"url\":\"https:\/\/www.miomiorun.com\/app\/uploads\/2021\/04\/la-sportiva-Vert-Tank-M-P09100900.jpg\",\"contentUrl\":\"https:\/\/www.miomiorun.com\/app\/uploads\/2021\/04\/la-sportiva-Vert-Tank-M-P09100900.jpg\",\"width\":600,\"height\":600,\"caption\":\"la sportiva vert tank m\"},{\"@type\":\"BreadcrumbList\",\"@id\":\"https:\/\/www.miomiorun.com\/fr\/produit\/la-sportiva-vert-tank-m-homme\/#breadcrumb\",\"itemListElement\":[{\"@type\":\"ListItem\",\"position\":1,\"name\":\"Home\",\"item\":\"https:\/\/www.miomiorun.com\/fr\/home-page\/\"},{\"@type\":\"ListItem\",\"position\":2,\"name\":\"Shop\",\"item\":\"https:\/\/www.miomiorun.com\/shop\/\"},{\"@type\":\"ListItem\",\"position\":3,\"name\":\"Vert Tank M homme\"}]},{\"@type\":\"WebSite\",\"@id\":\"https:\/\/www.miomiorun.com\/fr\/#website\",\"url\":\"https:\/\/www.miomiorun.com\/fr\/\",\"name\":\"MioMioRun\",\"description\":\"Boutique 100% running et trail\",\"publisher\":{\"@id\":\"https:\/\/www.miomiorun.com\/fr\/#organization\"},\"potentialAction\":[{\"@type\":\"SearchAction\",\"target\":{\"@type\":\"EntryPoint\",\"urlTemplate\":\"https:\/\/www.miomiorun.com\/fr\/?s={search_term_string}\"},\"query-input\":{\"@type\":\"PropertyValueSpecification\",\"valueRequired\":true,\"valueName\":\"search_term_string\"}}],\"inLanguage\":\"fr-FR\"},{\"@type\":\"Organization\",\"@id\":\"https:\/\/www.miomiorun.com\/fr\/#organization\",\"name\":\"MioMio Run\",\"url\":\"https:\/\/www.miomiorun.com\/fr\/\",\"logo\":{\"@type\":\"ImageObject\",\"inLanguage\":\"fr-FR\",\"@id\":\"https:\/\/www.miomiorun.com\/fr\/#\/schema\/logo\/image\/\",\"url\":\"https:\/\/www.miomiorun.com\/app\/uploads\/2019\/12\/logomio.png\",\"contentUrl\":\"https:\/\/www.miomiorun.com\/app\/uploads\/2019\/12\/logomio.png\",\"width\":115,\"height\":82,\"caption\":\"MioMio Run\"},\"image\":{\"@id\":\"https:\/\/www.miomiorun.com\/fr\/#\/schema\/logo\/image\/\"},\"sameAs\":[\"https:\/\/www.facebook.com\/miomiorun\/\",\"https:\/\/www.instagram.com\/miomiorun\/\"]}]}<\/script>\n<!-- \/ Yoast SEO plugin. -->","yoast_head_json":{"title":"La Sportiva Vert Tank M homme - d\u00e9bardeur de course - MioMioRun","description":"Vert Tank est un d\u00e9bardeur l\u00e9ger \u00e0 s\u00e9chage rapide, id\u00e9al pour les s\u00e9ances d'entra\u00eenement estivales. D\u00e9couvrez-le avec nous","robots":{"index":"index","follow":"follow","max-snippet":"max-snippet:-1","max-image-preview":"max-image-preview:large","max-video-preview":"max-video-preview:-1"},"canonical":"https:\/\/www.miomiorun.com\/fr\/produit\/la-sportiva-vert-tank-m-homme\/","og_locale":"fr_FR","og_type":"article","og_title":"La Sportiva Vert Tank M homme - d\u00e9bardeur de course - MioMioRun","og_description":"Vert Tank est un d\u00e9bardeur l\u00e9ger \u00e0 s\u00e9chage rapide, id\u00e9al pour les s\u00e9ances d'entra\u00eenement estivales. D\u00e9couvrez-le avec nous","og_url":"https:\/\/www.miomiorun.com\/fr\/produit\/la-sportiva-vert-tank-m-homme\/","og_site_name":"MioMioRun","article_publisher":"https:\/\/www.facebook.com\/miomiorun\/","article_modified_time":"2025-05-09T14:57:43+00:00","og_image":[{"width":600,"height":600,"url":"https:\/\/www.miomiorun.com\/app\/uploads\/2021\/04\/la-sportiva-Vert-Tank-M-P09100900.jpg","type":"image\/jpeg"}],"twitter_card":"summary_large_image","twitter_misc":{"Est. reading time":"1 minute"},"schema":{"@context":"https:\/\/schema.org","@graph":[{"@type":"WebPage","@id":"https:\/\/www.miomiorun.com\/fr\/produit\/la-sportiva-vert-tank-m-homme\/","url":"https:\/\/www.miomiorun.com\/fr\/produit\/la-sportiva-vert-tank-m-homme\/","name":"La Sportiva Vert Tank M homme - d\u00e9bardeur de course - MioMioRun","isPartOf":{"@id":"https:\/\/www.miomiorun.com\/fr\/#website"},"primaryImageOfPage":{"@id":"https:\/\/www.miomiorun.com\/fr\/produit\/la-sportiva-vert-tank-m-homme\/#primaryimage"},"image":{"@id":"https:\/\/www.miomiorun.com\/fr\/produit\/la-sportiva-vert-tank-m-homme\/#primaryimage"},"thumbnailUrl":"https:\/\/www.miomiorun.com\/app\/uploads\/2021\/04\/la-sportiva-Vert-Tank-M-P09100900.jpg","datePublished":"2021-04-17T15:42:52+00:00","dateModified":"2025-05-09T14:57:43+00:00","description":"Vert Tank est un d\u00e9bardeur l\u00e9ger \u00e0 s\u00e9chage rapide, id\u00e9al pour les s\u00e9ances d'entra\u00eenement estivales. D\u00e9couvrez-le avec nous","breadcrumb":{"@id":"https:\/\/www.miomiorun.com\/fr\/produit\/la-sportiva-vert-tank-m-homme\/#breadcrumb"},"inLanguage":"fr-FR","potentialAction":[{"@type":"ReadAction","target":["https:\/\/www.miomiorun.com\/fr\/produit\/la-sportiva-vert-tank-m-homme\/"]}]},{"@type":"ImageObject","inLanguage":"fr-FR","@id":"https:\/\/www.miomiorun.com\/fr\/produit\/la-sportiva-vert-tank-m-homme\/#primaryimage","url":"https:\/\/www.miomiorun.com\/app\/uploads\/2021\/04\/la-sportiva-Vert-Tank-M-P09100900.jpg","contentUrl":"https:\/\/www.miomiorun.com\/app\/uploads\/2021\/04\/la-sportiva-Vert-Tank-M-P09100900.jpg","width":600,"height":600,"caption":"la sportiva vert tank m"},{"@type":"BreadcrumbList","@id":"https:\/\/www.miomiorun.com\/fr\/produit\/la-sportiva-vert-tank-m-homme\/#breadcrumb","itemListElement":[{"@type":"ListItem","position":1,"name":"Home","item":"https:\/\/www.miomiorun.com\/fr\/home-page\/"},{"@type":"ListItem","position":2,"name":"Shop","item":"https:\/\/www.miomiorun.com\/shop\/"},{"@type":"ListItem","position":3,"name":"Vert Tank M homme"}]},{"@type":"WebSite","@id":"https:\/\/www.miomiorun.com\/fr\/#website","url":"https:\/\/www.miomiorun.com\/fr\/","name":"MioMioRun","description":"Boutique 100% running et trail","publisher":{"@id":"https:\/\/www.miomiorun.com\/fr\/#organization"},"potentialAction":[{"@type":"SearchAction","target":{"@type":"EntryPoint","urlTemplate":"https:\/\/www.miomiorun.com\/fr\/?s={search_term_string}"},"query-input":{"@type":"PropertyValueSpecification","valueRequired":true,"valueName":"search_term_string"}}],"inLanguage":"fr-FR"},{"@type":"Organization","@id":"https:\/\/www.miomiorun.com\/fr\/#organization","name":"MioMio Run","url":"https:\/\/www.miomiorun.com\/fr\/","logo":{"@type":"ImageObject","inLanguage":"fr-FR","@id":"https:\/\/www.miomiorun.com\/fr\/#\/schema\/logo\/image\/","url":"https:\/\/www.miomiorun.com\/app\/uploads\/2019\/12\/logomio.png","contentUrl":"https:\/\/www.miomiorun.com\/app\/uploads\/2019\/12\/logomio.png","width":115,"height":82,"caption":"MioMio Run"},"image":{"@id":"https:\/\/www.miomiorun.com\/fr\/#\/schema\/logo\/image\/"},"sameAs":["https:\/\/www.facebook.com\/miomiorun\/","https:\/\/www.instagram.com\/miomiorun\/"]}]}},"_links":{"self":[{"href":"https:\/\/www.miomiorun.com\/fr\/wp-json\/wp\/v2\/product\/276857","targetHints":{"allow":["GET"]}}],"collection":[{"href":"https:\/\/www.miomiorun.com\/fr\/wp-json\/wp\/v2\/product"}],"about":[{"href":"https:\/\/www.miomiorun.com\/fr\/wp-json\/wp\/v2\/types\/product"}],"wp:featuredmedia":[{"embeddable":true,"href":"https:\/\/www.miomiorun.com\/fr\/wp-json\/wp\/v2\/media\/231735"}],"wp:attachment":[{"href":"https:\/\/www.miomiorun.com\/fr\/wp-json\/wp\/v2\/media?parent=276857"}],"wp:term":[{"taxonomy":"product_brand","embeddable":true,"href":"https:\/\/www.miomiorun.com\/fr\/wp-json\/wp\/v2\/product_brand?post=276857"},{"taxonomy":"product_cat","embeddable":true,"href":"https:\/\/www.miomiorun.com\/fr\/wp-json\/wp\/v2\/product_cat?post=276857"},{"taxonomy":"product_tag","embeddable":true,"href":"https:\/\/www.miomiorun.com\/fr\/wp-json\/wp\/v2\/product_tag?post=276857"}],"curies":[{"name":"wp","href":"https:\/\/api.w.org\/{rel}","templated":true}]}}