{"id":276820,"date":"2021-04-20T11:27:04","date_gmt":"2021-04-20T09:27:04","guid":{"rendered":"https:\/\/miomiorun.com\/prodotto\/lurbel-zeus-pro\/"},"modified":"2025-12-03T18:28:28","modified_gmt":"2025-12-03T17:28:28","slug":"lurbel-zeus-pro","status":"publish","type":"product","link":"https:\/\/www.miomiorun.com\/fr\/produit\/lurbel-zeus-pro\/","title":{"rendered":"Zeus Pro"},"content":{"rendered":"<div class=\"gral\">\n<div class=\"col-xs-10\">\n<p>T-shirt unisex \u00e0 manches courtes sp\u00e9cialement con\u00e7u pour les coureurs de montagne de haut niveau.&nbsp;D\u00e9velopp\u00e9 avec la technologie iDT Neo qui se distingue par ses multiples caract\u00e9ristiques : pouvoir thermor\u00e9gulateur \u00e9lev\u00e9, \u00e9vacuation rapide de l&#8217;humidit\u00e9 et s\u00e9chage rapide.&nbsp;De plus, il emp\u00eache l&#8217;apparition de mauvaises odeurs gr\u00e2ce \u00e0 son effet antibact\u00e9rien \u00e9lev\u00e9.<\/p>\n<p>Avec fermeture \u00e9clair de 8 cm.&nbsp;\u00c9quip\u00e9 de deux poches lat\u00e9rales sym\u00e9triques et d&#8217;une poche arri\u00e8re centrale \u00e0 deux compartiments avec fermeture velcro de s\u00e9curit\u00e9.&nbsp; V\u00eatement fabriqu\u00e9 sans coutures p\u00e9riph\u00e9riques et avec des coutures plates pour un confort total. Gr\u00e2ce au syst\u00e8me de tissage bidirectionnel, il s&#8217;adapte \u00e0 tout moment aux mouvements naturels du coureur. Effet seconde peau gr\u00e2ce au motif Slim Fit qui garantit les avantages recherch\u00e9s \u00e0 tout moment. Recommand\u00e9 : Course \u00e0 pied, Trail running<\/p>\n<\/div>\n<\/div>\n<div class=\"comp\">\n<div class=\"col-md-10\">\n<p><strong>COMPOSITION<\/strong> : 73 % iDT Neo, 22 % ions polyamide, 5 % lycra<\/p>\n<\/div>\n<\/div>\n<div class=\"peso\">\n<div class=\"col-md-10\">\n<p><strong>POIDS<\/strong> : 169 g&nbsp;(poids correspondant \u00e0 la taille M)<\/p>\n<\/div>\n<\/div>\n<p><img decoding=\"async\" src=\"https:\/\/www.lurbel.es\/images\/tecnologias2\/logos\/184x54_logoIDTneo.png\" alt=\"iDT Neo\"><\/p>\n<div class=\"col-md-10\">\n<p>Quand on parle de confort pour les athl\u00e8tes, la gestion de l&#8217;humidit\u00e9 est essentielle.&nbsp;C&#8217;est pourquoi la nouvelle version de la technologie iDT combine d\u00e9sormais le fil de bambou carbonis\u00e9 avec un polyester \u00e0 section transversale.&nbsp; Gr\u00e2ce \u00e0 ses cinq canaux, sa structure augmente la quantit\u00e9 de transpiration \u00e9vacu\u00e9e vers l&#8217;ext\u00e9rieur et la s\u00e8che plus rapidement, maintenant ainsi votre corps \u00e0 une temp\u00e9rature optimale.&nbsp;Fini les v\u00eatements lourds et humides et la sensation collante de la transpiration sur la peau !<\/p>\n<p><strong>Propri\u00e9t\u00e9s optimis\u00e9es :<\/strong><\/p>\n<ul>\n<li>Thermor\u00e9gulation personnalis\u00e9e : transporte plus d&#8217;humidit\u00e9 vers l&#8217;ext\u00e9rieur et la s\u00e8che plus rapidement.\n<li>Double barri\u00e8re contre les odeurs : le fil de bambou ionis\u00e9 et le maillage d&#8217;argent agissent ensemble pour emp\u00eacher la prolif\u00e9ration des bact\u00e9ries responsables des odeurs.&nbsp;<\/li>\n<li>Thermor\u00e9gulateurs : isolation thermique<\/li>\n<li>Indice de protection UPF 50+.&nbsp;<\/li>\n<\/li>\n<\/ul>\n<p><strong>D\u00e9sormais, les d\u00e9tails font aussi la diff\u00e9rence :<\/strong><\/p>\n<ul>\n<li>Toucher plus naturel et plus doux : sa structure en zigzag lui permet de se plier et de s&#8217;\u00e9tirer facilement gr\u00e2ce \u00e0 sa forme particuli\u00e8re \u00e0 5 canaux (cette propri\u00e9t\u00e9 est per\u00e7ue comme une texture plus douce et plus moelleuse).<\/li>\n<li>Couleurs plus vives : la surface plus importante du nouveau fil polyester permet une meilleure absorption des colorants, ce qui rehausse la couleur du v\u00eatement.<\/li>\n<li>Effet lissant : quels que soient vos mouvements, le tissu iDT neo retrouve sa structure sans difficult\u00e9 d\u00e8s que vous cessez d&#8217;exercer une pression dessus.<\/li>\n<li><b>Les v\u00eatements exigeants Feel Cool sont con\u00e7us pour \u00eatre utilis\u00e9s \u00e0 des temp\u00e9ratures \u00e9lev\u00e9es.<\/b>Son ergonomie intelligente pr\u00e9sente des zones de plus grande respirabilit\u00e9 aux endroits o\u00f9 la transpiration est la plus importante, tandis que ses zones de r\u00e9glage sans pression et ses coutures plates offrent une adaptabilit\u00e9 et un confort sans limites. Propri\u00e9t\u00e9s bact\u00e9ricides, inodores et respirabilit\u00e9 maximale.&nbsp;Utilisation tr\u00e8s sp\u00e9cifique dans les sports \u00e0 haute temp\u00e9rature.<img decoding=\"async\" class=\"iconoExigencia\" src=\"https:\/\/www.lurbel.es\/images\/exigencias\/icon-plusD.png\"> (Haute densit\u00e9) Structure plus dense et \u00e9paisseur plus importante.&nbsp;La plage d&#8217;utilisation thermique est plus large (conditions plus froides).\n<div class=\"main-tabs main\">\n<div class=\"mt-panes\">\n<div id=\"mt-pane4\" class=\"mt-pane col-xs-12\">\n<ul class=\"prop col-xs-12 nopadding\">\n<li class=\"prop col-xs-12 col-md-3\"><img decoding=\"async\" title=\"ADATTABILIT\u00c0\" src=\"https:\/\/www.lurbel.es\/images\/propiedades\/adaptabilidad.png\" alt=\"ADATTABILIT\u00c0\"><br \/>\n<h4>ADAPTABILIT\u00c9<\/h4>\n<p>S&#8217;adapte \u00e0 la surface du corps.&nbsp;<\/li>\n<li class=\"prop col-xs-12 col-md-3\"><img decoding=\"async\" title=\"ALTE PRESTAZIONI\" src=\"https:\/\/www.lurbel.es\/images\/propiedades\/alto-rendimiento.png\" alt=\"ALTE PRESTAZIONI\"><br \/>\n<h4>HAUTES PERFORMANCES<\/h4>\n<p>Con\u00e7u pour les situations extr\u00eames. <\/li>\n<li class=\"prop col-xs-12 col-md-3\"><img decoding=\"async\" title=\"ANTI RUGHE\" src=\"https:\/\/www.lurbel.es\/images\/propiedades\/antiarrugas.png\" alt=\"ANTI RUGHE\"><br \/>\n<h4>ANTI-RIDES<\/h4>\n<p>Tissu sp\u00e9cial qui emp\u00eache les plis lors du pliage. <\/li>\n<li class=\"prop col-xs-12 col-md-3\"><img decoding=\"async\" title=\"ANTIBATTERI\" src=\"https:\/\/www.lurbel.es\/images\/propiedades\/antibacterias.png\" alt=\"ANTIBATTERI\"><br \/>\n<h4>ANTIBACT\u00c9RIEN<\/h4>\n<p>Emp\u00eache la p\u00e9n\u00e9tration ou la formation de microbes.<\/p>\n<li class=\"prop col-xs-12 col-md-3\"><img decoding=\"async\" title=\"ERGONOMICO\" src=\"https:\/\/www.lurbel.es\/images\/propiedades\/ergonomico.png\" alt=\"ERGONOMICO\"><br \/>\n<h4>ERGONOMIQUE<\/h4>\n<p>V\u00eatement avec structure ergonomique diff\u00e9renci\u00e9e pour le pied droit et le pied gauche.<\/p>\n<li class=\"prop col-xs-12 col-md-3\"><img decoding=\"async\" title=\"RINFORZATI\" src=\"https:\/\/www.lurbel.es\/images\/propiedades\/reforzado.png\" alt=\"RINFORZATI\"><br \/>\n<h4>RENFORT\u00c9<\/h4>\n<p>Renforts dans les zones de frottement les plus importantes pour offrir plus de confort et une plus grande durabilit\u00e9 au v\u00eatement. <\/li>\n<li class=\"prop col-xs-12 col-md-3\"><img decoding=\"async\" title=\"SENZA PUNTI\" src=\"https:\/\/www.lurbel.es\/images\/propiedades\/sin-costuras.png\" alt=\"SENZA PUNTI\"><br \/>\n<h4>SANS COUTURES<\/h4>\n<p>La fermeture point par point de la pointe emp\u00eache les frottements.<\/p>\n<li class=\"prop col-xs-12 col-md-3\"><img decoding=\"async\" title=\"Tessuto bidirezionale\" src=\"https:\/\/www.lurbel.es\/images\/propiedades\/tejido%20bidireccional_2-01.png\" alt=\"Tessuto bidirezionale\"><br \/>\n<h4>TISSU BIDIRECTIONNEL<\/h4>\n<p>Structure en tissu bidirectionnel, libert\u00e9 de mouvement.<\/p>\n<li class=\"prop col-xs-12 col-md-3\"><img decoding=\"async\" title=\"Traspirante\" src=\"https:\/\/www.lurbel.es\/images\/propiedades\/transpirable.png\" alt=\"Traspirante\"><br \/>\n<h4>RESPIRANT<\/h4>\n<p>Le tissu s&#8217;ouvre dans des zones sp\u00e9cifiques pour une meilleure ventilation de la peau. <\/li>\n<li class=\"prop col-xs-12 col-md-3\"><img decoding=\"async\" title=\"UNISEX\" src=\"https:\/\/www.lurbel.es\/images\/propiedades\/unisex.png\" alt=\"UNISEX\"><br \/>\n<h4>UNISEXE<\/h4>\n<p>&nbsp;<\/li>\n<li class=\"prop col-xs-12 col-md-3\"><img decoding=\"async\" title=\"Protezione UV UPF 50+\" src=\"https:\/\/www.lurbel.es\/images\/propiedades\/UPF+50_41X43-01-01.png\" alt=\"Protezione UV UPF 50+\"><br \/>\n<h4>PROTECTION UV UPF 50+<\/h4>\n<p>Prot\u00e9gez votre peau des rayons du soleil. <\/li>\n<\/li>\n<\/li>\n<\/li>\n<\/li>\n<\/ul>\n<\/div>\n<\/div>\n<\/div>\n<div class=\"prod-listado container\"><\/div>\n<\/li>\n<\/ul>\n<\/div>\n","protected":false},"excerpt":{"rendered":"<p>T-shirt unisex \u00e0 manches courtes sp\u00e9cialement con\u00e7u pour les coureurs de montagne de haut niveau.&nbsp;D\u00e9velopp\u00e9 avec la technologie iDT Neo qui se distingue par ses multiples caract\u00e9ristiques : pouvoir thermor\u00e9gulateur \u00e9lev\u00e9, \u00e9vacuation rapide de l&#8217;humidit\u00e9 et s\u00e9chage rapide.&nbsp;De plus, il emp\u00eache l&#8217;apparition de mauvaises odeurs gr\u00e2ce \u00e0 son effet antibact\u00e9rien \u00e9lev\u00e9. Avec fermeture \u00e9clair de &hellip; <a href=\"https:\/\/www.miomiorun.com\/fr\/produit\/lurbel-zeus-pro\/\">Continued<\/a><\/p>\n","protected":false},"featured_media":231833,"template":"","meta":{"_acf_changed":false,"inline_featured_image":false},"product_brand":[],"product_cat":[24253,24436,24444,24430],"product_tag":[23552,23628,23612],"class_list":{"0":"post-276820","1":"product","2":"type-product","3":"status-publish","4":"has-post-thumbnail","6":"product_cat-t-shirt-fr","7":"product_cat-t-shirt-fr-2","8":"product_cat-vetements-pour-femmes-fr","9":"product_cat-vetements-pour-hommes","10":"product_tag-lurbel-fr","11":"product_tag-lurbel-femme","12":"product_tag-lurbel-homme","13":"pa_attivita-running-fr","14":"pa_attivita-trail-fr","15":"pa_colore-zeus-pro-black-red-fr","16":"pa_marca-lurbel-fr","17":"pa_sesso-femme","18":"pa_sesso-homme","19":"pa_size-extra-small-fr","20":"pa_size-extra-large-fr","22":"first","23":"instock","24":"sale","25":"taxable","26":"shipping-taxable","27":"purchasable","28":"product-type-variable","29":"wvs-archive-product-wrapper"},"acf":[],"yoast_head":"<!-- This site is optimized with the Yoast SEO plugin v26.8 - https:\/\/yoast.com\/product\/yoast-seo-wordpress\/ -->\n<title>Lurbel Zeus Pro -T-shirt de course \u00e0 pied - MioMioRun<\/title>\n<meta name=\"description\" content=\"T-shirt unisex \u00e0 manches courtes sp\u00e9cialement con\u00e7u pour les coureurs de montagne de haut niveau.\u00a0D\u00e9velopp\u00e9 avec la technologie iDT Neo.\" \/>\n<meta name=\"robots\" content=\"index, follow, max-snippet:-1, max-image-preview:large, max-video-preview:-1\" \/>\n<link rel=\"canonical\" href=\"https:\/\/www.miomiorun.com\/fr\/produit\/lurbel-zeus-pro\/\" \/>\n<meta property=\"og:locale\" content=\"fr_FR\" \/>\n<meta property=\"og:type\" content=\"article\" \/>\n<meta property=\"og:title\" content=\"Lurbel Zeus Pro -T-shirt de course \u00e0 pied - MioMioRun\" \/>\n<meta property=\"og:description\" content=\"T-shirt unisex \u00e0 manches courtes sp\u00e9cialement con\u00e7u pour les coureurs de montagne de haut niveau.\u00a0D\u00e9velopp\u00e9 avec la technologie iDT Neo.\" \/>\n<meta property=\"og:url\" content=\"https:\/\/www.miomiorun.com\/fr\/produit\/lurbel-zeus-pro\/\" \/>\n<meta property=\"og:site_name\" content=\"MioMioRun\" \/>\n<meta property=\"article:publisher\" content=\"https:\/\/www.facebook.com\/miomiorun\/\" \/>\n<meta property=\"article:modified_time\" content=\"2025-12-03T17:28:28+00:00\" \/>\n<meta property=\"og:image\" content=\"https:\/\/www.miomiorun.com\/app\/uploads\/2021\/04\/lurbel-zeus-pro-00A2.815U.0005.jpg\" \/>\n\t<meta property=\"og:image:width\" content=\"600\" \/>\n\t<meta property=\"og:image:height\" content=\"600\" \/>\n\t<meta property=\"og:image:type\" content=\"image\/jpeg\" \/>\n<meta name=\"twitter:card\" content=\"summary_large_image\" \/>\n<meta name=\"twitter:label1\" content=\"Est. reading time\" \/>\n\t<meta name=\"twitter:data1\" content=\"3 minutes\" \/>\n<script type=\"application\/ld+json\" class=\"yoast-schema-graph\">{\"@context\":\"https:\/\/schema.org\",\"@graph\":[{\"@type\":\"WebPage\",\"@id\":\"https:\/\/www.miomiorun.com\/fr\/produit\/lurbel-zeus-pro\/\",\"url\":\"https:\/\/www.miomiorun.com\/fr\/produit\/lurbel-zeus-pro\/\",\"name\":\"Lurbel Zeus Pro -T-shirt de course \u00e0 pied - MioMioRun\",\"isPartOf\":{\"@id\":\"https:\/\/www.miomiorun.com\/fr\/#website\"},\"primaryImageOfPage\":{\"@id\":\"https:\/\/www.miomiorun.com\/fr\/produit\/lurbel-zeus-pro\/#primaryimage\"},\"image\":{\"@id\":\"https:\/\/www.miomiorun.com\/fr\/produit\/lurbel-zeus-pro\/#primaryimage\"},\"thumbnailUrl\":\"https:\/\/www.miomiorun.com\/app\/uploads\/2021\/04\/lurbel-zeus-pro-00A2.815U.0005.jpg\",\"datePublished\":\"2021-04-20T09:27:04+00:00\",\"dateModified\":\"2025-12-03T17:28:28+00:00\",\"description\":\"T-shirt unisex \u00e0 manches courtes sp\u00e9cialement con\u00e7u pour les coureurs de montagne de haut niveau.\u00a0D\u00e9velopp\u00e9 avec la technologie iDT Neo.\",\"breadcrumb\":{\"@id\":\"https:\/\/www.miomiorun.com\/fr\/produit\/lurbel-zeus-pro\/#breadcrumb\"},\"inLanguage\":\"fr-FR\",\"potentialAction\":[{\"@type\":\"ReadAction\",\"target\":[\"https:\/\/www.miomiorun.com\/fr\/produit\/lurbel-zeus-pro\/\"]}]},{\"@type\":\"ImageObject\",\"inLanguage\":\"fr-FR\",\"@id\":\"https:\/\/www.miomiorun.com\/fr\/produit\/lurbel-zeus-pro\/#primaryimage\",\"url\":\"https:\/\/www.miomiorun.com\/app\/uploads\/2021\/04\/lurbel-zeus-pro-00A2.815U.0005.jpg\",\"contentUrl\":\"https:\/\/www.miomiorun.com\/app\/uploads\/2021\/04\/lurbel-zeus-pro-00A2.815U.0005.jpg\",\"width\":600,\"height\":600,\"caption\":\"lurbel zeus pro\"},{\"@type\":\"BreadcrumbList\",\"@id\":\"https:\/\/www.miomiorun.com\/fr\/produit\/lurbel-zeus-pro\/#breadcrumb\",\"itemListElement\":[{\"@type\":\"ListItem\",\"position\":1,\"name\":\"Home\",\"item\":\"https:\/\/www.miomiorun.com\/fr\/home-page\/\"},{\"@type\":\"ListItem\",\"position\":2,\"name\":\"Shop\",\"item\":\"https:\/\/www.miomiorun.com\/shop\/\"},{\"@type\":\"ListItem\",\"position\":3,\"name\":\"Zeus Pro\"}]},{\"@type\":\"WebSite\",\"@id\":\"https:\/\/www.miomiorun.com\/fr\/#website\",\"url\":\"https:\/\/www.miomiorun.com\/fr\/\",\"name\":\"MioMioRun\",\"description\":\"Boutique 100% running et trail\",\"publisher\":{\"@id\":\"https:\/\/www.miomiorun.com\/fr\/#organization\"},\"potentialAction\":[{\"@type\":\"SearchAction\",\"target\":{\"@type\":\"EntryPoint\",\"urlTemplate\":\"https:\/\/www.miomiorun.com\/fr\/?s={search_term_string}\"},\"query-input\":{\"@type\":\"PropertyValueSpecification\",\"valueRequired\":true,\"valueName\":\"search_term_string\"}}],\"inLanguage\":\"fr-FR\"},{\"@type\":\"Organization\",\"@id\":\"https:\/\/www.miomiorun.com\/fr\/#organization\",\"name\":\"MioMio Run\",\"url\":\"https:\/\/www.miomiorun.com\/fr\/\",\"logo\":{\"@type\":\"ImageObject\",\"inLanguage\":\"fr-FR\",\"@id\":\"https:\/\/www.miomiorun.com\/fr\/#\/schema\/logo\/image\/\",\"url\":\"https:\/\/www.miomiorun.com\/app\/uploads\/2019\/12\/logomio.png\",\"contentUrl\":\"https:\/\/www.miomiorun.com\/app\/uploads\/2019\/12\/logomio.png\",\"width\":115,\"height\":82,\"caption\":\"MioMio Run\"},\"image\":{\"@id\":\"https:\/\/www.miomiorun.com\/fr\/#\/schema\/logo\/image\/\"},\"sameAs\":[\"https:\/\/www.facebook.com\/miomiorun\/\",\"https:\/\/www.instagram.com\/miomiorun\/\"]}]}<\/script>\n<!-- \/ Yoast SEO plugin. -->","yoast_head_json":{"title":"Lurbel Zeus Pro -T-shirt de course \u00e0 pied - MioMioRun","description":"T-shirt unisex \u00e0 manches courtes sp\u00e9cialement con\u00e7u pour les coureurs de montagne de haut niveau.\u00a0D\u00e9velopp\u00e9 avec la technologie iDT Neo.","robots":{"index":"index","follow":"follow","max-snippet":"max-snippet:-1","max-image-preview":"max-image-preview:large","max-video-preview":"max-video-preview:-1"},"canonical":"https:\/\/www.miomiorun.com\/fr\/produit\/lurbel-zeus-pro\/","og_locale":"fr_FR","og_type":"article","og_title":"Lurbel Zeus Pro -T-shirt de course \u00e0 pied - MioMioRun","og_description":"T-shirt unisex \u00e0 manches courtes sp\u00e9cialement con\u00e7u pour les coureurs de montagne de haut niveau.\u00a0D\u00e9velopp\u00e9 avec la technologie iDT Neo.","og_url":"https:\/\/www.miomiorun.com\/fr\/produit\/lurbel-zeus-pro\/","og_site_name":"MioMioRun","article_publisher":"https:\/\/www.facebook.com\/miomiorun\/","article_modified_time":"2025-12-03T17:28:28+00:00","og_image":[{"width":600,"height":600,"url":"https:\/\/www.miomiorun.com\/app\/uploads\/2021\/04\/lurbel-zeus-pro-00A2.815U.0005.jpg","type":"image\/jpeg"}],"twitter_card":"summary_large_image","twitter_misc":{"Est. reading time":"3 minutes"},"schema":{"@context":"https:\/\/schema.org","@graph":[{"@type":"WebPage","@id":"https:\/\/www.miomiorun.com\/fr\/produit\/lurbel-zeus-pro\/","url":"https:\/\/www.miomiorun.com\/fr\/produit\/lurbel-zeus-pro\/","name":"Lurbel Zeus Pro -T-shirt de course \u00e0 pied - MioMioRun","isPartOf":{"@id":"https:\/\/www.miomiorun.com\/fr\/#website"},"primaryImageOfPage":{"@id":"https:\/\/www.miomiorun.com\/fr\/produit\/lurbel-zeus-pro\/#primaryimage"},"image":{"@id":"https:\/\/www.miomiorun.com\/fr\/produit\/lurbel-zeus-pro\/#primaryimage"},"thumbnailUrl":"https:\/\/www.miomiorun.com\/app\/uploads\/2021\/04\/lurbel-zeus-pro-00A2.815U.0005.jpg","datePublished":"2021-04-20T09:27:04+00:00","dateModified":"2025-12-03T17:28:28+00:00","description":"T-shirt unisex \u00e0 manches courtes sp\u00e9cialement con\u00e7u pour les coureurs de montagne de haut niveau.\u00a0D\u00e9velopp\u00e9 avec la technologie iDT Neo.","breadcrumb":{"@id":"https:\/\/www.miomiorun.com\/fr\/produit\/lurbel-zeus-pro\/#breadcrumb"},"inLanguage":"fr-FR","potentialAction":[{"@type":"ReadAction","target":["https:\/\/www.miomiorun.com\/fr\/produit\/lurbel-zeus-pro\/"]}]},{"@type":"ImageObject","inLanguage":"fr-FR","@id":"https:\/\/www.miomiorun.com\/fr\/produit\/lurbel-zeus-pro\/#primaryimage","url":"https:\/\/www.miomiorun.com\/app\/uploads\/2021\/04\/lurbel-zeus-pro-00A2.815U.0005.jpg","contentUrl":"https:\/\/www.miomiorun.com\/app\/uploads\/2021\/04\/lurbel-zeus-pro-00A2.815U.0005.jpg","width":600,"height":600,"caption":"lurbel zeus pro"},{"@type":"BreadcrumbList","@id":"https:\/\/www.miomiorun.com\/fr\/produit\/lurbel-zeus-pro\/#breadcrumb","itemListElement":[{"@type":"ListItem","position":1,"name":"Home","item":"https:\/\/www.miomiorun.com\/fr\/home-page\/"},{"@type":"ListItem","position":2,"name":"Shop","item":"https:\/\/www.miomiorun.com\/shop\/"},{"@type":"ListItem","position":3,"name":"Zeus Pro"}]},{"@type":"WebSite","@id":"https:\/\/www.miomiorun.com\/fr\/#website","url":"https:\/\/www.miomiorun.com\/fr\/","name":"MioMioRun","description":"Boutique 100% running et trail","publisher":{"@id":"https:\/\/www.miomiorun.com\/fr\/#organization"},"potentialAction":[{"@type":"SearchAction","target":{"@type":"EntryPoint","urlTemplate":"https:\/\/www.miomiorun.com\/fr\/?s={search_term_string}"},"query-input":{"@type":"PropertyValueSpecification","valueRequired":true,"valueName":"search_term_string"}}],"inLanguage":"fr-FR"},{"@type":"Organization","@id":"https:\/\/www.miomiorun.com\/fr\/#organization","name":"MioMio Run","url":"https:\/\/www.miomiorun.com\/fr\/","logo":{"@type":"ImageObject","inLanguage":"fr-FR","@id":"https:\/\/www.miomiorun.com\/fr\/#\/schema\/logo\/image\/","url":"https:\/\/www.miomiorun.com\/app\/uploads\/2019\/12\/logomio.png","contentUrl":"https:\/\/www.miomiorun.com\/app\/uploads\/2019\/12\/logomio.png","width":115,"height":82,"caption":"MioMio Run"},"image":{"@id":"https:\/\/www.miomiorun.com\/fr\/#\/schema\/logo\/image\/"},"sameAs":["https:\/\/www.facebook.com\/miomiorun\/","https:\/\/www.instagram.com\/miomiorun\/"]}]}},"_links":{"self":[{"href":"https:\/\/www.miomiorun.com\/fr\/wp-json\/wp\/v2\/product\/276820","targetHints":{"allow":["GET"]}}],"collection":[{"href":"https:\/\/www.miomiorun.com\/fr\/wp-json\/wp\/v2\/product"}],"about":[{"href":"https:\/\/www.miomiorun.com\/fr\/wp-json\/wp\/v2\/types\/product"}],"wp:featuredmedia":[{"embeddable":true,"href":"https:\/\/www.miomiorun.com\/fr\/wp-json\/wp\/v2\/media\/231833"}],"wp:attachment":[{"href":"https:\/\/www.miomiorun.com\/fr\/wp-json\/wp\/v2\/media?parent=276820"}],"wp:term":[{"taxonomy":"product_brand","embeddable":true,"href":"https:\/\/www.miomiorun.com\/fr\/wp-json\/wp\/v2\/product_brand?post=276820"},{"taxonomy":"product_cat","embeddable":true,"href":"https:\/\/www.miomiorun.com\/fr\/wp-json\/wp\/v2\/product_cat?post=276820"},{"taxonomy":"product_tag","embeddable":true,"href":"https:\/\/www.miomiorun.com\/fr\/wp-json\/wp\/v2\/product_tag?post=276820"}],"curies":[{"name":"wp","href":"https:\/\/api.w.org\/{rel}","templated":true}]}}