{"id":276789,"date":"2021-04-20T18:38:55","date_gmt":"2021-04-20T16:38:55","guid":{"rendered":"https:\/\/miomiorun.com\/prodotto\/lurbel-shade\/"},"modified":"2026-05-08T20:52:30","modified_gmt":"2026-05-08T18:52:30","slug":"lurbel-shade","status":"publish","type":"product","link":"https:\/\/www.miomiorun.com\/fr\/produit\/lurbel-shade\/","title":{"rendered":"Lurbel Shade"},"content":{"rendered":"<p>Visi\u00e8re respirante unisexe compos\u00e9e d&#8217;une bande respirante et d&#8217;une visi\u00e8re microperfor\u00e9e qui prot\u00e8ge du soleil et laisse passer la lumi\u00e8re \u00e0 travers ses micro-espaces. Facile \u00e0 plier et \u00e0 ranger.<br \/>\nDans les sports, elles s&#8217;adaptent facilement en absorbant la transpiration et en maintenant une temp\u00e9rature stable.<\/p>\n<p>Recommand\u00e9 : course \u00e0 pied \/ trail running \/ cyclisme \/ triathlon \/ marche \/ escalade<\/p>\n<p><strong>COMPOSITION : <\/strong>86% Cool-tech, 14% Lycra &#8211; VISIERE : 3D Polyester<\/p>\n<p>POIDS : 19 gr.<\/p>\n<p><img loading=\"lazy\" decoding=\"async\" class=\"\" src=\"https:\/\/www.lurbel.es\/images\/tecnologias2\/logos\/performance-logo.png\" alt=\"Prestazione\" width=\"157\" height=\"64\" \/><\/p>\n<div class=\"col-md-12\">Lurbel a les plus hautes exigences de qualit\u00e9, c&#8217;est pourquoi la gamme Lurbel Performance a \u00e9t\u00e9 cr\u00e9\u00e9e avec des caract\u00e9ristiques de haute performance. Avec cette excellence, les bases sont pos\u00e9es pour offrir le meilleur de la technologie textile dans tous les v\u00eatements. Si vous exigez le meilleur de vous-m\u00eame, nous ne pouvons pas \u00eatre moins.<\/div>\n<div class=\"col-md-12\">\n<p>La mission de cette technologie est la suivante : permettre \u00e0 l&#8217;athl\u00e8te de donner le meilleur de lui-m\u00eame, en garantissant un confort total et une libert\u00e9 de mouvement maximale.<\/p>\n<ul>\n<li style=\"list-style-type: none;\">\n<ul>\n<li>Evacuation maximale de l&#8217;humidit\u00e9 dans toutes les plages thermiques<\/li>\n<li>Coupe sup\u00e9rieure avec zones anatomiques<\/li>\n<li>Propri\u00e9t\u00e9s antibact\u00e9riennes sur tous les v\u00eatements<\/li>\n<li>Douceur et confort gr\u00e2ce \u00e0 l&#8217;absence de coutures<\/li>\n<\/ul>\n<\/li>\n<\/ul>\n<p><img loading=\"lazy\" decoding=\"async\" class=\"\" src=\"https:\/\/www.lurbel.es\/images\/tecnologias2\/logos\/Logo_Silver_Base_Layer.png\" alt=\"Base argento\" width=\"130\" height=\"99\" \/><\/p>\n<div class=\"col-md-12\">La base de nos v\u00eatements est soutenue par cette grille, d\u00e9velopp\u00e9e avec des fils d&#8217;argent ionis\u00e9s \u00e0 haut pouvoir antibact\u00e9rien.<br \/>\nPar d\u00e9finition, la plupart des personnes qui font du sport transpirent. Et de nombreuses bact\u00e9ries se d\u00e9veloppent \u00e0 partir de la chaleur et de l&#8217;humidit\u00e9 du corps, produisant des odeurs d\u00e9sagr\u00e9ables.<\/div>\n<div class=\"col-md-12\">Malgr\u00e9 le lavage, l&#8217;odeur persiste dans les fibres et, avec le temps, il est courant de sentir des odeurs m\u00eame lorsqu&#8217;on porte des v\u00eatements de sport fra\u00eechement lav\u00e9s.<br \/>\nCette couche a pour mission d&#8217;agir comme la structure centrale de tous les v\u00eatements, en leur conf\u00e9rant un effet antibact\u00e9rien.<\/div>\n<\/div>\n<div><\/div>\n<div>\n<div class=\"main-tabs main\">\n<div class=\"mt-panes\">\n<div id=\"mt-pane4\" class=\"mt-pane col-xs-12\">\n<ul class=\"prop col-xs-12 nopadding\">\n<li class=\"prop col-xs-12 col-md-3\"><strong>ADAPTABILIT\u00c9<\/strong>Il s&#8217;adapte \u00e0 la surface du corps.<\/li>\n<li class=\"prop col-xs-12 col-md-3\"><strong>HAUTE PERFORMANCE<\/strong>Con\u00e7u pour les situations extr\u00eames.<\/li>\n<li class=\"prop col-xs-12 col-md-3\"><strong>ANTIBACTERIEN<\/strong>Emp\u00eache l&#8217;entr\u00e9e ou la cr\u00e9ation de microbes.<\/li>\n<li class=\"prop col-xs-12 col-md-3\"><strong>ERGONOMIQUE<\/strong>T\u00eate avec structure ergonomique diff\u00e9renci\u00e9e pour le pied droit et le pied gauche.<\/li>\n<li class=\"prop col-xs-12 col-md-3\">\n<h4>POIDS L\u00c9GER<\/h4>\n<p>V\u00eatements l\u00e9gers.<\/li>\n<li class=\"prop col-xs-12 col-md-3\">\n<h4>TISSU BIDIRECTIONNEL<\/h4>\n<p>Structure du tissu \u00e0 double sens, libert\u00e9 de mouvement.<\/li>\n<li class=\"prop col-xs-12 col-md-3\">\n<h4>RESPIRANT<\/h4>\n<p>Le tissu s&#8217;ouvre dans des zones sp\u00e9cifiques pour une meilleure ventilation de la peau.<\/li>\n<li class=\"prop col-xs-12 col-md-3\">\n<h4>PROTECTION CONTRE LES UV UPF 50<\/h4>\n<p>Prot\u00e9gez votre peau des rayons du soleil.<\/li>\n<\/ul>\n<\/div>\n<\/div>\n<\/div>\n<div class=\"prod-listado container\">\n<\/div>\n<\/div>\n","protected":false},"excerpt":{"rendered":"<p>Visi\u00e8re respirante unisexe compos\u00e9e d&#8217;une bande respirante et d&#8217;une visi\u00e8re microperfor\u00e9e qui prot\u00e8ge du soleil et laisse passer la lumi\u00e8re \u00e0 travers ses micro-espaces. Facile \u00e0 plier et \u00e0 ranger. Dans les sports, elles s&#8217;adaptent facilement en absorbant la transpiration et en maintenant une temp\u00e9rature stable. Recommand\u00e9 : course \u00e0 pied \/ trail running \/ &hellip; <a href=\"https:\/\/www.miomiorun.com\/fr\/produit\/lurbel-shade\/\">Continued<\/a><\/p>\n","protected":false},"featured_media":231857,"template":"","meta":{"_acf_changed":false,"inline_featured_image":false},"product_brand":[],"product_cat":[22580,22579,22538],"product_tag":[23552],"class_list":{"0":"post-276789","1":"product","2":"type-product","3":"status-publish","4":"has-post-thumbnail","6":"product_cat-chapeaux-casquettes","7":"product_cat-chauffage","8":"product_cat-accessoires","9":"product_tag-lurbel-fr","10":"pa_attivita-marcher","11":"pa_attivita-outdoor-fr","12":"pa_attivita-running-fr","13":"pa_attivita-trail-fr","14":"pa_colore-shade-black-fuchsia-fr","15":"pa_colore-shade-black-red-fr","16":"pa_colore-shade-black-white-fr","17":"pa_marca-lurbel-fr","18":"pa_sesso-femme","19":"pa_sesso-homme","21":"first","22":"instock","23":"sale","24":"taxable","25":"shipping-taxable","26":"purchasable","27":"product-type-variable","28":"wvs-archive-product-wrapper"},"acf":[],"yoast_head":"<!-- This site is optimized with the Yoast SEO plugin v26.8 - https:\/\/yoast.com\/product\/yoast-seo-wordpress\/ -->\n<title>Lurbel Shade -chapeau de course- MioMioRun.com<\/title>\n<meta name=\"description\" content=\"Visi\u00e8re unisexe respirante compos\u00e9e d&#039;une bande respirante et d&#039;une visi\u00e8re micro-perfor\u00e9e qui prot\u00e8ge du soleil et laisse passer la lumi\u00e8re.\" \/>\n<meta name=\"robots\" content=\"index, follow, max-snippet:-1, max-image-preview:large, max-video-preview:-1\" \/>\n<link rel=\"canonical\" href=\"https:\/\/www.miomiorun.com\/fr\/produit\/lurbel-shade\/\" \/>\n<meta property=\"og:locale\" content=\"fr_FR\" \/>\n<meta property=\"og:type\" content=\"article\" \/>\n<meta property=\"og:title\" content=\"Lurbel Shade -chapeau de course- MioMioRun.com\" \/>\n<meta property=\"og:description\" content=\"Visi\u00e8re unisexe respirante compos\u00e9e d&#039;une bande respirante et d&#039;une visi\u00e8re micro-perfor\u00e9e qui prot\u00e8ge du soleil et laisse passer la lumi\u00e8re.\" \/>\n<meta property=\"og:url\" content=\"https:\/\/www.miomiorun.com\/fr\/produit\/lurbel-shade\/\" \/>\n<meta property=\"og:site_name\" content=\"MioMioRun\" \/>\n<meta property=\"article:publisher\" content=\"https:\/\/www.facebook.com\/miomiorun\/\" \/>\n<meta property=\"article:modified_time\" content=\"2026-05-08T18:52:30+00:00\" \/>\n<meta property=\"og:image\" content=\"https:\/\/www.miomiorun.com\/app\/uploads\/2021\/04\/lurbel-shade-00A7.752U.0001.jpg\" \/>\n\t<meta property=\"og:image:width\" content=\"600\" \/>\n\t<meta property=\"og:image:height\" content=\"600\" \/>\n\t<meta property=\"og:image:type\" content=\"image\/jpeg\" \/>\n<meta name=\"twitter:card\" content=\"summary_large_image\" \/>\n<meta name=\"twitter:label1\" content=\"Est. reading time\" \/>\n\t<meta name=\"twitter:data1\" content=\"2 minutes\" \/>\n<script type=\"application\/ld+json\" class=\"yoast-schema-graph\">{\"@context\":\"https:\/\/schema.org\",\"@graph\":[{\"@type\":\"WebPage\",\"@id\":\"https:\/\/www.miomiorun.com\/fr\/produit\/lurbel-shade\/\",\"url\":\"https:\/\/www.miomiorun.com\/fr\/produit\/lurbel-shade\/\",\"name\":\"Lurbel Shade -chapeau de course- MioMioRun.com\",\"isPartOf\":{\"@id\":\"https:\/\/www.miomiorun.com\/fr\/#website\"},\"primaryImageOfPage\":{\"@id\":\"https:\/\/www.miomiorun.com\/fr\/produit\/lurbel-shade\/#primaryimage\"},\"image\":{\"@id\":\"https:\/\/www.miomiorun.com\/fr\/produit\/lurbel-shade\/#primaryimage\"},\"thumbnailUrl\":\"https:\/\/www.miomiorun.com\/app\/uploads\/2021\/04\/lurbel-shade-00A7.752U.0001.jpg\",\"datePublished\":\"2021-04-20T16:38:55+00:00\",\"dateModified\":\"2026-05-08T18:52:30+00:00\",\"description\":\"Visi\u00e8re unisexe respirante compos\u00e9e d'une bande respirante et d'une visi\u00e8re micro-perfor\u00e9e qui prot\u00e8ge du soleil et laisse passer la lumi\u00e8re.\",\"breadcrumb\":{\"@id\":\"https:\/\/www.miomiorun.com\/fr\/produit\/lurbel-shade\/#breadcrumb\"},\"inLanguage\":\"fr-FR\",\"potentialAction\":[{\"@type\":\"ReadAction\",\"target\":[\"https:\/\/www.miomiorun.com\/fr\/produit\/lurbel-shade\/\"]}]},{\"@type\":\"ImageObject\",\"inLanguage\":\"fr-FR\",\"@id\":\"https:\/\/www.miomiorun.com\/fr\/produit\/lurbel-shade\/#primaryimage\",\"url\":\"https:\/\/www.miomiorun.com\/app\/uploads\/2021\/04\/lurbel-shade-00A7.752U.0001.jpg\",\"contentUrl\":\"https:\/\/www.miomiorun.com\/app\/uploads\/2021\/04\/lurbel-shade-00A7.752U.0001.jpg\",\"width\":600,\"height\":600,\"caption\":\"lurbel shade profilo\"},{\"@type\":\"BreadcrumbList\",\"@id\":\"https:\/\/www.miomiorun.com\/fr\/produit\/lurbel-shade\/#breadcrumb\",\"itemListElement\":[{\"@type\":\"ListItem\",\"position\":1,\"name\":\"Home\",\"item\":\"https:\/\/www.miomiorun.com\/fr\/home-page\/\"},{\"@type\":\"ListItem\",\"position\":2,\"name\":\"Shop\",\"item\":\"https:\/\/www.miomiorun.com\/shop\/\"},{\"@type\":\"ListItem\",\"position\":3,\"name\":\"Lurbel Shade\"}]},{\"@type\":\"WebSite\",\"@id\":\"https:\/\/www.miomiorun.com\/fr\/#website\",\"url\":\"https:\/\/www.miomiorun.com\/fr\/\",\"name\":\"MioMioRun\",\"description\":\"Boutique 100% running et trail\",\"publisher\":{\"@id\":\"https:\/\/www.miomiorun.com\/fr\/#organization\"},\"potentialAction\":[{\"@type\":\"SearchAction\",\"target\":{\"@type\":\"EntryPoint\",\"urlTemplate\":\"https:\/\/www.miomiorun.com\/fr\/?s={search_term_string}\"},\"query-input\":{\"@type\":\"PropertyValueSpecification\",\"valueRequired\":true,\"valueName\":\"search_term_string\"}}],\"inLanguage\":\"fr-FR\"},{\"@type\":\"Organization\",\"@id\":\"https:\/\/www.miomiorun.com\/fr\/#organization\",\"name\":\"MioMio Run\",\"url\":\"https:\/\/www.miomiorun.com\/fr\/\",\"logo\":{\"@type\":\"ImageObject\",\"inLanguage\":\"fr-FR\",\"@id\":\"https:\/\/www.miomiorun.com\/fr\/#\/schema\/logo\/image\/\",\"url\":\"https:\/\/www.miomiorun.com\/app\/uploads\/2019\/12\/logomio.png\",\"contentUrl\":\"https:\/\/www.miomiorun.com\/app\/uploads\/2019\/12\/logomio.png\",\"width\":115,\"height\":82,\"caption\":\"MioMio Run\"},\"image\":{\"@id\":\"https:\/\/www.miomiorun.com\/fr\/#\/schema\/logo\/image\/\"},\"sameAs\":[\"https:\/\/www.facebook.com\/miomiorun\/\",\"https:\/\/www.instagram.com\/miomiorun\/\"]}]}<\/script>\n<!-- \/ Yoast SEO plugin. -->","yoast_head_json":{"title":"Lurbel Shade -chapeau de course- MioMioRun.com","description":"Visi\u00e8re unisexe respirante compos\u00e9e d'une bande respirante et d'une visi\u00e8re micro-perfor\u00e9e qui prot\u00e8ge du soleil et laisse passer la lumi\u00e8re.","robots":{"index":"index","follow":"follow","max-snippet":"max-snippet:-1","max-image-preview":"max-image-preview:large","max-video-preview":"max-video-preview:-1"},"canonical":"https:\/\/www.miomiorun.com\/fr\/produit\/lurbel-shade\/","og_locale":"fr_FR","og_type":"article","og_title":"Lurbel Shade -chapeau de course- MioMioRun.com","og_description":"Visi\u00e8re unisexe respirante compos\u00e9e d'une bande respirante et d'une visi\u00e8re micro-perfor\u00e9e qui prot\u00e8ge du soleil et laisse passer la lumi\u00e8re.","og_url":"https:\/\/www.miomiorun.com\/fr\/produit\/lurbel-shade\/","og_site_name":"MioMioRun","article_publisher":"https:\/\/www.facebook.com\/miomiorun\/","article_modified_time":"2026-05-08T18:52:30+00:00","og_image":[{"width":600,"height":600,"url":"https:\/\/www.miomiorun.com\/app\/uploads\/2021\/04\/lurbel-shade-00A7.752U.0001.jpg","type":"image\/jpeg"}],"twitter_card":"summary_large_image","twitter_misc":{"Est. reading time":"2 minutes"},"schema":{"@context":"https:\/\/schema.org","@graph":[{"@type":"WebPage","@id":"https:\/\/www.miomiorun.com\/fr\/produit\/lurbel-shade\/","url":"https:\/\/www.miomiorun.com\/fr\/produit\/lurbel-shade\/","name":"Lurbel Shade -chapeau de course- MioMioRun.com","isPartOf":{"@id":"https:\/\/www.miomiorun.com\/fr\/#website"},"primaryImageOfPage":{"@id":"https:\/\/www.miomiorun.com\/fr\/produit\/lurbel-shade\/#primaryimage"},"image":{"@id":"https:\/\/www.miomiorun.com\/fr\/produit\/lurbel-shade\/#primaryimage"},"thumbnailUrl":"https:\/\/www.miomiorun.com\/app\/uploads\/2021\/04\/lurbel-shade-00A7.752U.0001.jpg","datePublished":"2021-04-20T16:38:55+00:00","dateModified":"2026-05-08T18:52:30+00:00","description":"Visi\u00e8re unisexe respirante compos\u00e9e d'une bande respirante et d'une visi\u00e8re micro-perfor\u00e9e qui prot\u00e8ge du soleil et laisse passer la lumi\u00e8re.","breadcrumb":{"@id":"https:\/\/www.miomiorun.com\/fr\/produit\/lurbel-shade\/#breadcrumb"},"inLanguage":"fr-FR","potentialAction":[{"@type":"ReadAction","target":["https:\/\/www.miomiorun.com\/fr\/produit\/lurbel-shade\/"]}]},{"@type":"ImageObject","inLanguage":"fr-FR","@id":"https:\/\/www.miomiorun.com\/fr\/produit\/lurbel-shade\/#primaryimage","url":"https:\/\/www.miomiorun.com\/app\/uploads\/2021\/04\/lurbel-shade-00A7.752U.0001.jpg","contentUrl":"https:\/\/www.miomiorun.com\/app\/uploads\/2021\/04\/lurbel-shade-00A7.752U.0001.jpg","width":600,"height":600,"caption":"lurbel shade profilo"},{"@type":"BreadcrumbList","@id":"https:\/\/www.miomiorun.com\/fr\/produit\/lurbel-shade\/#breadcrumb","itemListElement":[{"@type":"ListItem","position":1,"name":"Home","item":"https:\/\/www.miomiorun.com\/fr\/home-page\/"},{"@type":"ListItem","position":2,"name":"Shop","item":"https:\/\/www.miomiorun.com\/shop\/"},{"@type":"ListItem","position":3,"name":"Lurbel Shade"}]},{"@type":"WebSite","@id":"https:\/\/www.miomiorun.com\/fr\/#website","url":"https:\/\/www.miomiorun.com\/fr\/","name":"MioMioRun","description":"Boutique 100% running et trail","publisher":{"@id":"https:\/\/www.miomiorun.com\/fr\/#organization"},"potentialAction":[{"@type":"SearchAction","target":{"@type":"EntryPoint","urlTemplate":"https:\/\/www.miomiorun.com\/fr\/?s={search_term_string}"},"query-input":{"@type":"PropertyValueSpecification","valueRequired":true,"valueName":"search_term_string"}}],"inLanguage":"fr-FR"},{"@type":"Organization","@id":"https:\/\/www.miomiorun.com\/fr\/#organization","name":"MioMio Run","url":"https:\/\/www.miomiorun.com\/fr\/","logo":{"@type":"ImageObject","inLanguage":"fr-FR","@id":"https:\/\/www.miomiorun.com\/fr\/#\/schema\/logo\/image\/","url":"https:\/\/www.miomiorun.com\/app\/uploads\/2019\/12\/logomio.png","contentUrl":"https:\/\/www.miomiorun.com\/app\/uploads\/2019\/12\/logomio.png","width":115,"height":82,"caption":"MioMio Run"},"image":{"@id":"https:\/\/www.miomiorun.com\/fr\/#\/schema\/logo\/image\/"},"sameAs":["https:\/\/www.facebook.com\/miomiorun\/","https:\/\/www.instagram.com\/miomiorun\/"]}]}},"_links":{"self":[{"href":"https:\/\/www.miomiorun.com\/fr\/wp-json\/wp\/v2\/product\/276789","targetHints":{"allow":["GET"]}}],"collection":[{"href":"https:\/\/www.miomiorun.com\/fr\/wp-json\/wp\/v2\/product"}],"about":[{"href":"https:\/\/www.miomiorun.com\/fr\/wp-json\/wp\/v2\/types\/product"}],"wp:featuredmedia":[{"embeddable":true,"href":"https:\/\/www.miomiorun.com\/fr\/wp-json\/wp\/v2\/media\/231857"}],"wp:attachment":[{"href":"https:\/\/www.miomiorun.com\/fr\/wp-json\/wp\/v2\/media?parent=276789"}],"wp:term":[{"taxonomy":"product_brand","embeddable":true,"href":"https:\/\/www.miomiorun.com\/fr\/wp-json\/wp\/v2\/product_brand?post=276789"},{"taxonomy":"product_cat","embeddable":true,"href":"https:\/\/www.miomiorun.com\/fr\/wp-json\/wp\/v2\/product_cat?post=276789"},{"taxonomy":"product_tag","embeddable":true,"href":"https:\/\/www.miomiorun.com\/fr\/wp-json\/wp\/v2\/product_tag?post=276789"}],"curies":[{"name":"wp","href":"https:\/\/api.w.org\/{rel}","templated":true}]}}