{"id":276776,"date":"2021-04-22T11:38:37","date_gmt":"2021-04-22T09:38:37","guid":{"rendered":"https:\/\/miomiorun.com\/prodotto\/garmin-venu-2\/"},"modified":"2025-05-08T16:02:02","modified_gmt":"2025-05-08T14:02:02","slug":"garmin-venu-2","status":"publish","type":"product","link":"https:\/\/www.miomiorun.com\/fr\/produit\/garmin-venu-2\/","title":{"rendered":"Venu 2"},"content":{"rendered":"<p><div class=\"vc-row container\"><div class=\"vc-column\"><div class=\"vc-column-text\"><\/p>\n<h2>L&#8217;ESPRIT ET LE CORPS CONNECT\u00c9S AVEC GARMIN<\/h2>\n<p>Lorsque vous adoptez un mode de vie sain, vous vivez mieux. Cette smartwatch GPS offre des fonctions avanc\u00e9es de suivi de la sant\u00e9 et de la condition physique pour vous aider \u00e0 mieux comprendre le fonctionnement de votre corps.<\/div><div style=\"height:32px\" class=\"vc-empty-space\"><\/div><\/div><\/div><div class=\"vc-row container\"><div class=\"vc-column\"><div class=\"vc-column-text\"><\/p>\n<div class=\"app__feature__card\" data-translate=\"\">\n<p><img decoding=\"async\" class=\"app__feature__card__image\" src=\"https:\/\/static.garmincdn.com\/gdc\/Product_Pages\/ICONS\/Health_Monitoring.svg\" alt=\"\" \/><\/p>\n<h3 class=\"app__feature__card__title light left\" data-test=\"gc__heading\" data-v-5b9e0d04=\"\"><\/h3>\n<p class=\"app__feature__card__description\">Consultez toutes les statistiques de sant\u00e9 et apprenez-en plus sur ce qui se passe dans votre corps.<\/p>\n<\/div>\n<p><\/div><\/div><div class=\"vc-column\"><div class=\"vc-column-text\"><\/p>\n<div class=\"app__feature__card\" data-translate=\"\">\n<p><img decoding=\"async\" class=\"app__feature__card__image\" src=\"https:\/\/static.garmincdn.com\/gdc\/Product_Pages\/ICONS\/Preloaded_Sports_Apps.svg\" alt=\"\" \/><\/p>\n<h3 class=\"app__feature__card__title light left\" data-test=\"gc__heading\" data-v-5b9e0d04=\"\"><\/h3>\n<p class=\"app__feature__card__description\">D\u00e9couvrez de nouvelles fa\u00e7ons de faire de l&#8217;exercice avec plus de 25 applications sportives pr\u00e9charg\u00e9es.<\/p>\n<\/div>\n<p><\/div><\/div><div class=\"vc-column\"><div class=\"vc-column-text\"><\/p>\n<div class=\"app__feature__card\" data-translate=\"\">\n<p><img decoding=\"async\" class=\"app__feature__card__image\" src=\"https:\/\/static.garmincdn.com\/gdc\/Product_Pages\/ICONS\/Animated_Workouts.svg\" alt=\"\" \/><\/p>\n<h3 class=\"app__feature__card__title light left\" data-test=\"gc__heading\" data-v-5b9e0d04=\"\"><\/h3>\n<p class=\"app__feature__card__description\">Besoin de coaching ? Suivez un coaching anim\u00e9 directement sur votre poignet.<\/p>\n<\/div>\n<p><\/div><\/div><div class=\"vc-column\"><div class=\"vc-column-text\"><\/p>\n<div class=\"app__feature__card\" data-translate=\"\">\n<p><img decoding=\"async\" class=\"app__feature__card__image\" src=\"https:\/\/static.garmincdn.com\/gdc\/Product_Pages\/ICONS\/Music.svg\" alt=\"\" \/><\/p>\n<h3 class=\"app__feature__card__title light left\" data-test=\"gc__heading\" data-v-5b9e0d04=\"\"><\/h3>\n<p class=\"app__feature__card__description\">Stockez la musique sur la montre pour ne pas avoir \u00e0 emporter votre smartphone.<\/p>\n<\/div>\n<p><\/div><\/div><div class=\"vc-column\"><div class=\"vc-column-text\"><\/p>\n<div class=\"app__feature__card\" data-translate=\"\">\n<p><img decoding=\"async\" class=\"app__feature__card__image\" src=\"https:\/\/static.garmincdn.com\/gdc\/Product_Pages\/ICONS\/Touchscreen.svg\" alt=\"\" \/><\/p>\n<h3 class=\"app__feature__card__title light left\" data-test=\"gc__heading\" data-v-5b9e0d04=\"\"><\/h3>\n<p class=\"app__feature__card__description\">N&#8217;utilisez pas votre smartphone ou votre portefeuille \u00e0 la caisse pour payer. Simple et s\u00fbr.<\/p>\n<\/div>\n<p><\/div><\/div><div class=\"vc-column\"><div class=\"vc-column-text\"><\/p>\n<div class=\"app__feature__card\" data-translate=\"\">\n<p><img decoding=\"async\" class=\"app__feature__card__image\" src=\"https:\/\/static.garmincdn.com\/gdc\/Product_Pages\/ICONS\/Battery_Life.svg\" alt=\"\" \/><\/p>\n<h3 class=\"app__feature__card__title light left\" data-test=\"gc__heading\" data-v-5b9e0d04=\"\"><\/h3>\n<p class=\"app__feature__card__description\">\u00c9cran AMOLED lumineux et autonomie de la batterie jusqu&#8217;\u00e0 10 jours.<\/p>\n<\/div>\n<p><\/div><\/div><\/div><div class=\"vc-row container\"><div class=\"vc-column\"><div style=\"height:32px\" class=\"vc-empty-space\"><\/div><\/div><\/div><div class=\"vc-row container\"><div class=\"vc-column\"><div class=\"vc-column-text\"><\/p>\n<h3>UN STYLE \u00c9L\u00c9GANT ET DE NOMBREUSES COULEURS<\/h3>\n<p>L&#8217;\u00e9cran AMOLED brillant donne vie \u00e0 cette montre, m\u00eame \u00e0 la lumi\u00e8re du soleil. Essayez le mode \u2033always on\u2033 pour suivre vos donn\u00e9es \u00e0 tout moment.<\/div><\/div><div class=\"vc-column\"><div class=\"vc-column-text\"><\/p>\n<h3>CON\u00c7UE POUR UN MODE DE VIE ACTIF<\/h3>\n<p>Cette smartwatch peut \u00eatre port\u00e9e tous les jours gr\u00e2ce \u00e0 un verre <sup>Corning\u00ae<\/sup> <sup>Gorilla\u00ae<\/sup> Glass 3 durable, une \u00e9l\u00e9gante lunette en acier inoxydable et un confortable bracelet en silicone.<\/div><\/div><div class=\"vc-column\"><div class=\"vc-column-text\"><\/p>\n<h3>FONCTION HEALTH SNAPSHOT\u2122<\/h3>\n<p>Avec une s\u00e9ance de 2 minutes, vous pouvez enregistrer toutes vos statistiques cl\u00e9s, telles que la fr\u00e9quence cardiaque et ses variations, la saturation en oxyg\u00e8ne, la respiration et le stress. Via l&#8217;application Garmin Connect\u2122 sur votre smartphone compatible, vous pouvez g\u00e9n\u00e9rer un rapport \u00e0 partager.<\/div><\/div><div class=\"vc-column\"><div class=\"vc-column-text\"><\/p>\n<h3>BODY BATTERY\u2122 SURVEILLANCE DE L&#8217;\u00c9NERGIE<\/h3>\n<p>Mesure les niveaux d&#8217;\u00e9nergie de votre corps pour savoir quel est le meilleur moment pour faire de l&#8217;exercice et se reposer.<\/div><\/div><div class=\"vc-column\"><div class=\"vc-column-text\"><\/p>\n<h3>Capteur Pulse Ox<\/h3>\n<p>Le capteur Pulse Ox permet de surveiller la saturation en oxyg\u00e8ne du sang \u00e0 tout moment de la journ\u00e9e ou pendant les heures de sommeil.<\/div><\/div><div class=\"vc-column\"><div class=\"vc-column-text\"><\/p>\n<h3>D\u00e9tection du stress<\/h3>\n<p>D\u00e9couvrez si vous passez une journ\u00e9e calme, \u00e9quilibr\u00e9e ou stressante. Les rappels de relaxation vous invitent \u00e0 pratiquer une courte activit\u00e9 respiratoire lorsque l&#8217;horloge d\u00e9tecte un \u00e9tat de stress \u00e9lev\u00e9.<\/div><\/div><\/div><div class=\"vc-row container\"><div class=\"vc-column\"><div style=\"height:32px\" class=\"vc-empty-space\"><\/div><\/div><\/div><div class=\"vc-row container\"><div class=\"vc-column\"><div class=\"vc-column-text\"><\/p>\n<h3>SUIVI DU CYCLE MENSTRUEL<\/h3>\n<p>Utilisez l&#8217;application Garmin Connect pour surveiller votre cycle menstruel ou votre grossesse : enregistrez les sympt\u00f4mes et obtenez des conseils en mati\u00e8re d&#8217;exercice et de nutrition.<\/div><\/div><div class=\"vc-column\"><div class=\"vc-column-text\"><\/p>\n<h3>SUIVI DE L&#8217;HYDRATATION<\/h3>\n<p>Il enregistre la quantit\u00e9 de liquide absorb\u00e9e au cours de la journ\u00e9e afin que vous n&#8217;oubliiez pas de vous hydrater. Vous pouvez \u00e9galement d\u00e9finir un objectif manuel ou l&#8217;adapter automatiquement \u00e0 la quantit\u00e9 de sueur que vous perdez pendant vos activit\u00e9s.<\/div><\/div><div class=\"vc-column\"><div class=\"vc-column-text\"><\/p>\n<h3>SUIVI DE LA RESPIRATION<\/h3>\n<p>D\u00e9couvrez comment vous respirez pendant la journ\u00e9e, pendant votre sommeil et lors d&#8217;activit\u00e9s de respiration et de yoga.<\/div><\/div><div class=\"vc-column\"><div class=\"vc-column-text\"><\/p>\n<h3>SCORE DE SOMMEIL ET SURVEILLANCE AVANC\u00c9E DU SOMMEIL<\/h3>\n<p>Obtenez un score de qualit\u00e9 du sommeil et de nombreuses suggestions pour l&#8217;am\u00e9liorer. Vous pouvez \u00e9galement surveiller les diff\u00e9rents stades du sommeil, ainsi que la fr\u00e9quence cardiaque, le stress, le pouls et la respiration.<\/div><\/div><div class=\"vc-column\"><div class=\"vc-column-text\"><\/p>\n<h3>LA FR\u00c9QUENCE CARDIAQUE AU POIGNET<\/h3>\n<p>La montre mesure en permanence votre fr\u00e9quence cardiaque et vous avertit si elle reste trop \u00e9lev\u00e9e ou trop basse lorsque vous \u00eates au repos. Elle vous permet \u00e9galement de mesurer l&#8217;intensit\u00e9 de vos activit\u00e9s, que ce soit en courant, en faisant du v\u00e9lo ou m\u00eame en nageant.<\/div><\/div><div class=\"vc-column\"><div class=\"vc-column-text\"><\/p>\n<h3>RESPIRER POUR SE CONCENTRER<\/h3>\n<p>Pour vous d\u00e9tendre ou vous concentrer, vous pouvez pratiquer une activit\u00e9 respiratoire : cette montre intelligente d\u00e9tecte le stress et la respiration pour vous aider \u00e0 mieux conna\u00eetre votre fa\u00e7on de respirer.<\/div><\/div><\/div><div class=\"vc-row container\"><div class=\"vc-column\"><div style=\"height:32px\" class=\"vc-empty-space\"><\/div><\/div><\/div><div class=\"vc-row container\"><div class=\"vc-column\"><div class=\"vc-column-text\"><\/p>\n<h3>FITNESS AGE<\/h3>\n<p>Cette fonction utilise votre \u00e2ge, votre activit\u00e9 intense hebdomadaire, votre fr\u00e9quence cardiaque au repos et votre IMC ou <sup>pourcentage de<\/sup> graisse <sup>corporelle4<\/sup> pour estimer si votre corps est plus jeune ou moins jeune que votre \u00e2ge r\u00e9el. En outre, vous pouvez recevoir des suggestions pour r\u00e9duire la diff\u00e9rence entre ces deux valeurs (\u00e2ge r\u00e9el et forme physique).<\/div><\/div><div class=\"vc-column\"><div class=\"vc-column-text\"><\/p>\n<h3>ENTRA\u00ceNEMENTS ANIM\u00c9S \u00c0 L&#8217;\u00c9CRAN<\/h3>\n<p>Des entra\u00eenements anim\u00e9s faciles \u00e0 suivre de cardio, de musculation, de yoga, de pilates et de HIIT (High-Intensity Interval Training) sont pr\u00e9charg\u00e9s sur la montre et vous pouvez en t\u00e9l\u00e9charger d&#8217;autres \u00e0 partir de l&#8217;application Garmin Connect.<\/div><\/div><div class=\"vc-column\"><div class=\"vc-column-text\"><\/p>\n<h3>PROFILS SPORTIFS PR\u00c9CHARG\u00c9S<\/h3>\n<p>Enregistrez tous les types d&#8217;activit\u00e9s avec plus de 25 applications pr\u00e9charg\u00e9es pour le GPS et les sports d&#8217;int\u00e9rieur, notamment la marche, la course \u00e0 pied, le cyclisme, la natation en piscine, le tapis roulant, le yoga, le cardio, le pilates et bien d&#8217;autres encore.<\/div><\/div><div class=\"vc-column\"><div class=\"vc-column-text\"><\/p>\n<h3>ENTRA\u00ceNEMENT MUSCULAIRE AVANC\u00c9<\/h3>\n<p>Ce profil d&#8217;activit\u00e9 affiche vos records personnels et vos am\u00e9liorations directement sur votre poignet gr\u00e2ce \u00e0 une image claire montrant les groupes musculaires que vous avez entra\u00een\u00e9s.<\/div><\/div><div class=\"vc-column\"><div class=\"vc-column-text\"><\/p>\n<h3>S\u00c9ANCES D&#8217;ENTRA\u00ceNEMENT HIIT<\/h3>\n<p>Utilisez ce nouveau profil d&#8217;activit\u00e9 avec plusieurs chronom\u00e8tres pour suivre vos s\u00e9ances d&#8217;entra\u00eenement HIIT, y compris AMRAP, EMOM, Tabata et personnalis\u00e9. D\u00e9finissez le nombre de s\u00e9ries et les intervalles travail\/repos.<\/div><\/div><div class=\"vc-column\"><div class=\"vc-column-text\"><\/p>\n<h3>CR\u00c9ER DES S\u00c9ANCES D&#8217;ENTRA\u00ceNEMENT<\/h3>\n<p>Choisissez parmi plus de 1 400 exercices pour cr\u00e9er des s\u00e9ances d&#8217;entra\u00eenement personnalis\u00e9es via l&#8217;application Garmin Connect sur votre smartphone compatible, puis t\u00e9l\u00e9chargez-les sur votre montre.<\/div><\/div><\/div><div class=\"vc-row container\"><div class=\"vc-column\"><div style=\"height:32px\" class=\"vc-empty-space\"><\/div><\/div><\/div><div class=\"vc-row container\"><div class=\"vc-column\"><div class=\"vc-column-text\"><\/p>\n<h3>GARMIN COACH<\/h3>\n<p>Profitez d&#8217;un coach personnel gratuit \u00e0 votre poignet pour vous aider \u00e0 vous entra\u00eener pour votre prochain 5 km, 10 km ou semi-marathon.<\/div><\/div><div class=\"vc-column\"><div class=\"vc-column-text\"><\/p>\n<h3>MINUTES D&#8217;INTENSIT\u00c9<\/h3>\n<p>Nous avons mis \u00e0 jour la fonction des minutes d&#8217;intensit\u00e9 pour vous donner une meilleure id\u00e9e du moment o\u00f9 vous les avez gagn\u00e9es au cours de la journ\u00e9e et de l&#8217;activit\u00e9 \u00e0 laquelle elles ont \u00e9t\u00e9 consacr\u00e9es. Vous pouvez \u00e9galement les afficher en tant que champ de donn\u00e9es pendant les activit\u00e9s chronom\u00e9tr\u00e9es.<\/div><\/div><div class=\"vc-column\"><div class=\"vc-column-text\"><\/p>\n<h3>Notification intelligente<\/h3>\n<p>Recevez des e-mails, des messages et des alertes push directement sur la montre lorsqu&#8217;elle est coupl\u00e9e \u00e0 un smartphone compatible. Si vous disposez d&#8217;un smartphone Android\u2122, vous pouvez \u00e9galement r\u00e9pondre aux messages.<\/div><\/div><div class=\"vc-column\"><div class=\"vc-column-text\"><\/p>\n<h3>MUSIQUE<\/h3>\n<p>T\u00e9l\u00e9chargez des chansons et des listes de lecture \u00e0 partir de vos comptes <sup>Spotify\u00ae<\/sup>, Deezer ou Amazon Music (un abonnement peut \u00eatre n\u00e9cessaire). Utilisez des \u00e9couteurs sans fil (vendus s\u00e9par\u00e9ment) pour \u00e9couter sans t\u00e9l\u00e9phone.<\/div><\/div><div class=\"vc-column\"><div class=\"vc-column-text\"><\/p>\n<h3>Fonctions de s\u00e9curit\u00e9 et de suivi<\/h3>\n<p>Lorsque la montre et le smartphone sont appari\u00e9s, vous pouvez envoyer manuellement votre position \u00e0 des contacts en temps r\u00e9el ou automatiquement lors d&#8217;activit\u00e9s ext\u00e9rieures gr\u00e2ce \u00e0 la d\u00e9tection d&#8217;incidents int\u00e9gr\u00e9e.<\/div><\/div><div class=\"vc-column\"><div class=\"vc-column-text\"><\/p>\n<h3>GARMIN PAY\u2122<\/h3>\n<p>Payez en toute s\u00e9curit\u00e9, facilement et rapidement avec le syst\u00e8me de paiement sans contact Garmin Pay, uniquement chez les fournisseurs agr\u00e9\u00e9s.<\/div><\/div><\/div><div class=\"vc-row container\"><div class=\"vc-column\"><div style=\"height:32px\" class=\"vc-empty-space\"><\/div><\/div><\/div><div class=\"vc-row container\"><div class=\"vc-column\"><div class=\"vc-column-text\"><\/p>\n<h3>CONNECT IQ\u2122 STORE<\/h3>\n<p>T\u00e9l\u00e9chargez des cadrans de montre personnalis\u00e9s, ajoutez des champs de donn\u00e9es et t\u00e9l\u00e9chargez des applis \u00e0 partir de la boutique Connect IQ.<\/div><\/div><div class=\"vc-column\"><div class=\"vc-column-text\"><\/p>\n<h3>SYNCHRONISATION AVEC GARMIN CONNECT<\/h3>\n<p>Consultez les informations relatives \u00e0 la sant\u00e9 et \u00e0 la forme physique via l&#8217;application Garmin Connect, une communaut\u00e9 en ligne o\u00f9 les gens peuvent se connecter pour participer \u00e0 des comp\u00e9titions et partager du contenu.<\/div><\/div><div class=\"vc-column\"><div class=\"vc-column-text\"><\/p>\n<h3>AUTONOMIE DE LA BATTERIE AVEC CHARGEMENT RAPIDE<\/h3>\n<p>Gardez votre sant\u00e9 sous contr\u00f4le gr\u00e2ce \u00e0 une batterie qui dure jusqu&#8217;\u00e0 10 jours en mode smartwatch, jusqu&#8217;\u00e0 19 heures en mode GPS et jusqu&#8217;\u00e0 7 heures en mode GPS avec de la musique. 10 minutes de charge ajoutent jusqu&#8217;\u00e0 1 jour d&#8217;autonomie en mode smartwatch ou 1 heure d&#8217;activit\u00e9 GPS avec de la musique.<\/div><\/div><div class=\"vc-column\"><div class=\"vc-column-text\"><\/p>\n<h3>MODE \u00c9CONOMIE D&#8217;\u00c9NERGIE<\/h3>\n<p>Tirez le meilleur parti de votre smartwatch en ajustant les param\u00e8tres qui affectent le plus l&#8217;autonomie de la batterie.<\/div><\/div><div class=\"vc-column\"><div class=\"vc-column-text\"><\/p>\n<h3>CLASSIFICATION DE L&#8217;\u00c9TANCH\u00c9IT\u00c9<\/h3>\n<p>Cette montre est \u00e9tanche jusqu&#8217;\u00e0 5 ATM. Elle est donc parfaite pour nager, se doucher ou passer une journ\u00e9e au spa.<\/div><\/div><\/div><\/p>\n","protected":false},"excerpt":{"rendered":"<ul>\n<li>smartwatch GPS con AMOLED touchscreen da 1.3&#8243;<\/li>\n<li>oltre 25 diversi profili di attivit\u00e0, sia outdoor che indoor<\/li>\n<li>monitoraggio salute, pagamenti contactless, musica e molto altro<\/li>\n<\/ul>\n","protected":false},"featured_media":242814,"template":"","meta":{"_acf_changed":false,"inline_featured_image":false},"product_brand":[],"product_cat":[22568,22537,22570],"product_tag":[23480],"class_list":{"0":"post-276776","1":"product","2":"type-product","3":"status-publish","4":"has-post-thumbnail","6":"product_cat-fitness-fr","7":"product_cat-garmin-fr","8":"product_cat-natation","9":"product_tag-garmin-fr","10":"pa_colore-venu-2-plus-leather-fr","11":"pa_dimensione-45-mm-fr","12":"pa_marca-garmin-fr","13":"pa_sesso-femme","14":"pa_sesso-homme","16":"first","17":"instock","18":"sale","19":"taxable","20":"shipping-taxable","21":"purchasable","22":"product-type-variable","23":"wvs-archive-product-wrapper"},"acf":[],"yoast_head":"<!-- This site is optimized with the Yoast SEO plugin v26.8 - https:\/\/yoast.com\/product\/yoast-seo-wordpress\/ -->\n<title>Garmin Venu 2 - Appareils Garmin - MioMioRun.com<\/title>\n<meta name=\"description\" content=\"Montre GPS intelligente dot\u00e9e de fonctions avanc\u00e9es de surveillance de la sant\u00e9 et de la condition physique pour vous aider \u00e0 mieux comprendre le fonctionnement de votre corps.\" \/>\n<meta name=\"robots\" content=\"index, follow, max-snippet:-1, max-image-preview:large, max-video-preview:-1\" \/>\n<link rel=\"canonical\" href=\"https:\/\/www.miomiorun.com\/fr\/produit\/garmin-venu-2\/\" \/>\n<meta property=\"og:locale\" content=\"fr_FR\" \/>\n<meta property=\"og:type\" content=\"article\" \/>\n<meta property=\"og:title\" content=\"Garmin Venu 2 - Appareils Garmin - MioMioRun.com\" \/>\n<meta property=\"og:description\" content=\"Montre GPS intelligente dot\u00e9e de fonctions avanc\u00e9es de surveillance de la sant\u00e9 et de la condition physique pour vous aider \u00e0 mieux comprendre le fonctionnement de votre corps.\" \/>\n<meta property=\"og:url\" content=\"https:\/\/www.miomiorun.com\/fr\/produit\/garmin-venu-2\/\" \/>\n<meta property=\"og:site_name\" content=\"MioMioRun\" \/>\n<meta property=\"article:publisher\" content=\"https:\/\/www.facebook.com\/miomiorun\/\" \/>\n<meta property=\"article:modified_time\" content=\"2025-05-08T14:02:02+00:00\" \/>\n<meta property=\"og:image\" content=\"https:\/\/static.garmincdn.com\/gdc\/Product_Pages\/ICONS\/Health_Monitoring.svg\" \/>\n<meta name=\"twitter:card\" content=\"summary_large_image\" \/>\n<meta name=\"twitter:label1\" content=\"Est. reading time\" \/>\n\t<meta name=\"twitter:data1\" content=\"9 minutes\" \/>\n<script type=\"application\/ld+json\" class=\"yoast-schema-graph\">{\"@context\":\"https:\/\/schema.org\",\"@graph\":[{\"@type\":\"WebPage\",\"@id\":\"https:\/\/www.miomiorun.com\/fr\/produit\/garmin-venu-2\/\",\"url\":\"https:\/\/www.miomiorun.com\/fr\/produit\/garmin-venu-2\/\",\"name\":\"Garmin Venu 2 - Appareils Garmin - MioMioRun.com\",\"isPartOf\":{\"@id\":\"https:\/\/www.miomiorun.com\/fr\/#website\"},\"primaryImageOfPage\":{\"@id\":\"https:\/\/www.miomiorun.com\/fr\/produit\/garmin-venu-2\/#primaryimage\"},\"image\":{\"@id\":\"https:\/\/www.miomiorun.com\/fr\/produit\/garmin-venu-2\/#primaryimage\"},\"thumbnailUrl\":\"https:\/\/www.miomiorun.com\/app\/uploads\/2023\/09\/garmin-Venu-2-Plus-leather-010-02430-21.jpg\",\"datePublished\":\"2021-04-22T09:38:37+00:00\",\"dateModified\":\"2025-05-08T14:02:02+00:00\",\"description\":\"Montre GPS intelligente dot\u00e9e de fonctions avanc\u00e9es de surveillance de la sant\u00e9 et de la condition physique pour vous aider \u00e0 mieux comprendre le fonctionnement de votre corps.\",\"breadcrumb\":{\"@id\":\"https:\/\/www.miomiorun.com\/fr\/produit\/garmin-venu-2\/#breadcrumb\"},\"inLanguage\":\"fr-FR\",\"potentialAction\":[{\"@type\":\"ReadAction\",\"target\":[\"https:\/\/www.miomiorun.com\/fr\/produit\/garmin-venu-2\/\"]}]},{\"@type\":\"ImageObject\",\"inLanguage\":\"fr-FR\",\"@id\":\"https:\/\/www.miomiorun.com\/fr\/produit\/garmin-venu-2\/#primaryimage\",\"url\":\"https:\/\/www.miomiorun.com\/app\/uploads\/2023\/09\/garmin-Venu-2-Plus-leather-010-02430-21.jpg\",\"contentUrl\":\"https:\/\/www.miomiorun.com\/app\/uploads\/2023\/09\/garmin-Venu-2-Plus-leather-010-02430-21.jpg\",\"width\":600,\"height\":600,\"caption\":\"garmin-Venu-2-Plus-leather-010-02430-21\"},{\"@type\":\"BreadcrumbList\",\"@id\":\"https:\/\/www.miomiorun.com\/fr\/produit\/garmin-venu-2\/#breadcrumb\",\"itemListElement\":[{\"@type\":\"ListItem\",\"position\":1,\"name\":\"Home\",\"item\":\"https:\/\/www.miomiorun.com\/fr\/home-page\/\"},{\"@type\":\"ListItem\",\"position\":2,\"name\":\"Shop\",\"item\":\"https:\/\/www.miomiorun.com\/shop\/\"},{\"@type\":\"ListItem\",\"position\":3,\"name\":\"Venu 2\"}]},{\"@type\":\"WebSite\",\"@id\":\"https:\/\/www.miomiorun.com\/fr\/#website\",\"url\":\"https:\/\/www.miomiorun.com\/fr\/\",\"name\":\"MioMioRun\",\"description\":\"Boutique 100% running et trail\",\"publisher\":{\"@id\":\"https:\/\/www.miomiorun.com\/fr\/#organization\"},\"potentialAction\":[{\"@type\":\"SearchAction\",\"target\":{\"@type\":\"EntryPoint\",\"urlTemplate\":\"https:\/\/www.miomiorun.com\/fr\/?s={search_term_string}\"},\"query-input\":{\"@type\":\"PropertyValueSpecification\",\"valueRequired\":true,\"valueName\":\"search_term_string\"}}],\"inLanguage\":\"fr-FR\"},{\"@type\":\"Organization\",\"@id\":\"https:\/\/www.miomiorun.com\/fr\/#organization\",\"name\":\"MioMio Run\",\"url\":\"https:\/\/www.miomiorun.com\/fr\/\",\"logo\":{\"@type\":\"ImageObject\",\"inLanguage\":\"fr-FR\",\"@id\":\"https:\/\/www.miomiorun.com\/fr\/#\/schema\/logo\/image\/\",\"url\":\"https:\/\/www.miomiorun.com\/app\/uploads\/2019\/12\/logomio.png\",\"contentUrl\":\"https:\/\/www.miomiorun.com\/app\/uploads\/2019\/12\/logomio.png\",\"width\":115,\"height\":82,\"caption\":\"MioMio Run\"},\"image\":{\"@id\":\"https:\/\/www.miomiorun.com\/fr\/#\/schema\/logo\/image\/\"},\"sameAs\":[\"https:\/\/www.facebook.com\/miomiorun\/\",\"https:\/\/www.instagram.com\/miomiorun\/\"]}]}<\/script>\n<!-- \/ Yoast SEO plugin. -->","yoast_head_json":{"title":"Garmin Venu 2 - Appareils Garmin - MioMioRun.com","description":"Montre GPS intelligente dot\u00e9e de fonctions avanc\u00e9es de surveillance de la sant\u00e9 et de la condition physique pour vous aider \u00e0 mieux comprendre le fonctionnement de votre corps.","robots":{"index":"index","follow":"follow","max-snippet":"max-snippet:-1","max-image-preview":"max-image-preview:large","max-video-preview":"max-video-preview:-1"},"canonical":"https:\/\/www.miomiorun.com\/fr\/produit\/garmin-venu-2\/","og_locale":"fr_FR","og_type":"article","og_title":"Garmin Venu 2 - Appareils Garmin - MioMioRun.com","og_description":"Montre GPS intelligente dot\u00e9e de fonctions avanc\u00e9es de surveillance de la sant\u00e9 et de la condition physique pour vous aider \u00e0 mieux comprendre le fonctionnement de votre corps.","og_url":"https:\/\/www.miomiorun.com\/fr\/produit\/garmin-venu-2\/","og_site_name":"MioMioRun","article_publisher":"https:\/\/www.facebook.com\/miomiorun\/","article_modified_time":"2025-05-08T14:02:02+00:00","og_image":[{"url":"https:\/\/static.garmincdn.com\/gdc\/Product_Pages\/ICONS\/Health_Monitoring.svg","type":"","width":"","height":""}],"twitter_card":"summary_large_image","twitter_misc":{"Est. reading time":"9 minutes"},"schema":{"@context":"https:\/\/schema.org","@graph":[{"@type":"WebPage","@id":"https:\/\/www.miomiorun.com\/fr\/produit\/garmin-venu-2\/","url":"https:\/\/www.miomiorun.com\/fr\/produit\/garmin-venu-2\/","name":"Garmin Venu 2 - Appareils Garmin - MioMioRun.com","isPartOf":{"@id":"https:\/\/www.miomiorun.com\/fr\/#website"},"primaryImageOfPage":{"@id":"https:\/\/www.miomiorun.com\/fr\/produit\/garmin-venu-2\/#primaryimage"},"image":{"@id":"https:\/\/www.miomiorun.com\/fr\/produit\/garmin-venu-2\/#primaryimage"},"thumbnailUrl":"https:\/\/www.miomiorun.com\/app\/uploads\/2023\/09\/garmin-Venu-2-Plus-leather-010-02430-21.jpg","datePublished":"2021-04-22T09:38:37+00:00","dateModified":"2025-05-08T14:02:02+00:00","description":"Montre GPS intelligente dot\u00e9e de fonctions avanc\u00e9es de surveillance de la sant\u00e9 et de la condition physique pour vous aider \u00e0 mieux comprendre le fonctionnement de votre corps.","breadcrumb":{"@id":"https:\/\/www.miomiorun.com\/fr\/produit\/garmin-venu-2\/#breadcrumb"},"inLanguage":"fr-FR","potentialAction":[{"@type":"ReadAction","target":["https:\/\/www.miomiorun.com\/fr\/produit\/garmin-venu-2\/"]}]},{"@type":"ImageObject","inLanguage":"fr-FR","@id":"https:\/\/www.miomiorun.com\/fr\/produit\/garmin-venu-2\/#primaryimage","url":"https:\/\/www.miomiorun.com\/app\/uploads\/2023\/09\/garmin-Venu-2-Plus-leather-010-02430-21.jpg","contentUrl":"https:\/\/www.miomiorun.com\/app\/uploads\/2023\/09\/garmin-Venu-2-Plus-leather-010-02430-21.jpg","width":600,"height":600,"caption":"garmin-Venu-2-Plus-leather-010-02430-21"},{"@type":"BreadcrumbList","@id":"https:\/\/www.miomiorun.com\/fr\/produit\/garmin-venu-2\/#breadcrumb","itemListElement":[{"@type":"ListItem","position":1,"name":"Home","item":"https:\/\/www.miomiorun.com\/fr\/home-page\/"},{"@type":"ListItem","position":2,"name":"Shop","item":"https:\/\/www.miomiorun.com\/shop\/"},{"@type":"ListItem","position":3,"name":"Venu 2"}]},{"@type":"WebSite","@id":"https:\/\/www.miomiorun.com\/fr\/#website","url":"https:\/\/www.miomiorun.com\/fr\/","name":"MioMioRun","description":"Boutique 100% running et trail","publisher":{"@id":"https:\/\/www.miomiorun.com\/fr\/#organization"},"potentialAction":[{"@type":"SearchAction","target":{"@type":"EntryPoint","urlTemplate":"https:\/\/www.miomiorun.com\/fr\/?s={search_term_string}"},"query-input":{"@type":"PropertyValueSpecification","valueRequired":true,"valueName":"search_term_string"}}],"inLanguage":"fr-FR"},{"@type":"Organization","@id":"https:\/\/www.miomiorun.com\/fr\/#organization","name":"MioMio Run","url":"https:\/\/www.miomiorun.com\/fr\/","logo":{"@type":"ImageObject","inLanguage":"fr-FR","@id":"https:\/\/www.miomiorun.com\/fr\/#\/schema\/logo\/image\/","url":"https:\/\/www.miomiorun.com\/app\/uploads\/2019\/12\/logomio.png","contentUrl":"https:\/\/www.miomiorun.com\/app\/uploads\/2019\/12\/logomio.png","width":115,"height":82,"caption":"MioMio Run"},"image":{"@id":"https:\/\/www.miomiorun.com\/fr\/#\/schema\/logo\/image\/"},"sameAs":["https:\/\/www.facebook.com\/miomiorun\/","https:\/\/www.instagram.com\/miomiorun\/"]}]}},"_links":{"self":[{"href":"https:\/\/www.miomiorun.com\/fr\/wp-json\/wp\/v2\/product\/276776","targetHints":{"allow":["GET"]}}],"collection":[{"href":"https:\/\/www.miomiorun.com\/fr\/wp-json\/wp\/v2\/product"}],"about":[{"href":"https:\/\/www.miomiorun.com\/fr\/wp-json\/wp\/v2\/types\/product"}],"wp:featuredmedia":[{"embeddable":true,"href":"https:\/\/www.miomiorun.com\/fr\/wp-json\/wp\/v2\/media\/242814"}],"wp:attachment":[{"href":"https:\/\/www.miomiorun.com\/fr\/wp-json\/wp\/v2\/media?parent=276776"}],"wp:term":[{"taxonomy":"product_brand","embeddable":true,"href":"https:\/\/www.miomiorun.com\/fr\/wp-json\/wp\/v2\/product_brand?post=276776"},{"taxonomy":"product_cat","embeddable":true,"href":"https:\/\/www.miomiorun.com\/fr\/wp-json\/wp\/v2\/product_cat?post=276776"},{"taxonomy":"product_tag","embeddable":true,"href":"https:\/\/www.miomiorun.com\/fr\/wp-json\/wp\/v2\/product_tag?post=276776"}],"curies":[{"name":"wp","href":"https:\/\/api.w.org\/{rel}","templated":true}]}}