{"id":276752,"date":"2021-04-21T11:07:12","date_gmt":"2021-04-21T09:07:12","guid":{"rendered":"https:\/\/miomiorun.com\/prodotto\/lurbel-samba-skirt-donna\/"},"modified":"2025-05-09T11:24:08","modified_gmt":"2025-05-09T09:24:08","slug":"lurbel-samba-skirt-femme","status":"publish","type":"product","link":"https:\/\/www.miomiorun.com\/fr\/produit\/lurbel-samba-skirt-femme\/","title":{"rendered":"Samba Skirt femme"},"content":{"rendered":"<div class=\"gral\">\n<div class=\"col-xs-10\">\n<p>Parfaite pour les coureuses r\u00e9guli\u00e8res, la jupe SAMBA est incroyablement l\u00e9g\u00e8re et privil\u00e9gie le confort : jupe ext\u00e9rieure \u00e9lastique et maille int\u00e9rieure technique avec technologie iDT Neo, qui absorbe l&#8217;humidit\u00e9, s\u00e8che rapidement et r\u00e9duit les odeurs gr\u00e2ce au fil de bambou ionis\u00e9 et \u00e0 la maille argent\u00e9e.<br \/>\nGr\u00e2ce \u00e0 la coupe + A de sa ceinture, elle am\u00e9liore l&#8217;ajustement et le maintien du v\u00eatement.<br \/>\nCette culotte est tr\u00e8s pratique, car elle dispose de 2 poches lat\u00e9rales en maille et d&#8217;une poche centrale arri\u00e8re avec fermeture \u00e0 glissi\u00e8re s\u00e9curis\u00e9e.<\/p>\n<p>Recommand\u00e9 : Course \u00e0 pied \/ Trail Running \/ Outdoor<\/p>\n<div class=\"comp\">\n<div class=\"col-md-10\">\n<p>COMPOSITION : ext : 92% Polyamide8% Lycra ; int : 35% Bamboo Charcoal35% Dry Touch22% Polyamide Ion8% Lycra<\/p>\n<\/div>\n<\/div>\n<div class=\"peso\">\n<div class=\"col-md-10\">POIDS : 170 gr.<\/div>\n<\/div>\n<\/div>\n<\/div>\n<div class=\"col-md-10\">\n<p><img loading=\"lazy\" decoding=\"async\" class=\"\" src=\"https:\/\/www.lurbel.es\/images\/tecnologias2\/logos\/184x54_logoIDTneo.png\" alt=\"iDT Neo\" width=\"170\" height=\"50\" \/><\/p>\n<p>La gestion de l&#8217;humidit\u00e9 est essentielle au confort du sportif. C&#8217;est pourquoi la nouvelle version de la technologie iDT associe d\u00e9sormais un fil de bambou carbonis\u00e9 \u00e0 une section transversale en polyester. Gr\u00e2ce \u00e0 ses cinq canaux, sa structure augmente la quantit\u00e9 de sueur \u00e9vacu\u00e9e vers l&#8217;ext\u00e9rieur et la s\u00e8che plus rapidement, ce qui permet de maintenir le corps \u00e0 une temp\u00e9rature optimale. Finis les v\u00eatements lourds et humides et la sensation collante de porter de la sueur sur la peau !<\/p>\n<p><strong>Propri\u00e9t\u00e9s optimis\u00e9es :<\/strong><\/p>\n<ul>\n<li>Thermor\u00e9gulation personnalis\u00e9e : transporte plus d&#8217;humidit\u00e9 vers l&#8217;ext\u00e9rieur et la s\u00e8che plus rapidement.<\/li>\n<li>Double barri\u00e8re anti-odeurs : le fil de bambou ionis\u00e9 et la maille argent\u00e9e agissent ensemble pour emp\u00eacher la prolif\u00e9ration des bact\u00e9ries responsables des odeurs.<\/li>\n<li>Isolation thermique<\/li>\n<li>Facteur de protection UPF 50+.<\/li>\n<\/ul>\n<p><strong>Aujourd&#8217;hui, m\u00eame les d\u00e9tails font la diff\u00e9rence :<\/strong><\/p>\n<ul>\n<li>Un toucher plus doux et plus naturel : sa structure en zigzag lui permet de se plier et de s&#8217;\u00e9tirer facilement gr\u00e2ce \u00e0 sa forme sp\u00e9ciale \u00e0 5 canaux (cette propri\u00e9t\u00e9 est per\u00e7ue comme une texture plus douce et plus moelleuse).<\/li>\n<li>Couleurs plus vives : la plus grande surface du nouveau fil de polyester permet une meilleure absorption des colorants, ce qui rehausse la couleur du v\u00eatement.<\/li>\n<li>Effet repassage : quels que soient vos mouvements, le tissu iDT neo retrouve sa structure en douceur d\u00e8s que vous cessez d&#8217;exercer une pression sur lui.<\/li>\n<\/ul>\n<p>Les v\u00eatements <strong>Feel Thermo Tech<\/strong>, tr\u00e8s exigeants, sont con\u00e7us pour \u00eatre utilis\u00e9s dans des environnements o\u00f9 la temp\u00e9rature est variable.R\u00e9gulation de la temp\u00e9rature corporelle.Propri\u00e9t\u00e9s bact\u00e9ricides, inodores et hautement respirantes.Utilisation tr\u00e8s sp\u00e9cifique dans les sports et les diff\u00e9rents climats.<\/p>\n<div class=\"main-tabs main\">\n<div class=\"mt-panes\">\n<div id=\"mt-pane4\" class=\"mt-pane col-xs-12\">\n<div class=\"main-tabs main\">\n<div class=\"mt-panes\">\n<div id=\"mt-pane4\" class=\"mt-pane col-xs-12\">\n<div class=\"main-tabs main\">\n<div class=\"mt-panes\">\n<div id=\"mt-pane4\" class=\"mt-pane col-xs-12\">\n<div class=\"main-tabs main\">\n<div class=\"mt-panes\">\n<div id=\"mt-pane4\" class=\"mt-pane col-xs-12\"><\/div>\n<\/div>\n<\/div>\n<div class=\"prod-listado container\">\n<div class=\"main-tabs main\">\n<div class=\"mt-panes\">\n<div id=\"mt-pane4\" class=\"mt-pane col-xs-12\">\n<ul class=\"prop col-xs-12 nopadding\">\n<li class=\"prop col-xs-12 col-md-3\"><img decoding=\"async\" title=\"ADATTABILIT\u00c0\" src=\"https:\/\/www.lurbel.es\/images\/propiedades\/adaptabilidad.png\" alt=\"ADATTABILIT\u00c0\" \/><br \/>\n<h4>ADAPTABILIT\u00c9<\/h4>\n<p>Il s&#8217;adapte \u00e0 la surface du corps.<\/li>\n<li class=\"prop col-xs-12 col-md-3\"><img decoding=\"async\" title=\"ALTE PRESTAZIONI\" src=\"https:\/\/www.lurbel.es\/images\/propiedades\/alto-rendimiento.png\" alt=\"ALTE PRESTAZIONI\" \/><br \/>\n<h4>HAUTE PERFORMANCE<\/h4>\n<p>Con\u00e7u pour les situations extr\u00eames.<\/li>\n<li class=\"prop col-xs-12 col-md-3\"><img decoding=\"async\" title=\"ANTI RUGHE\" src=\"https:\/\/www.lurbel.es\/images\/propiedades\/antiarrugas.png\" alt=\"ANTI RUGHE\" \/><br \/>\n<h4>ANTI-RIDES<\/h4>\n<p>Tissu sp\u00e9cial qui emp\u00eache la formation de plis lors du pliage.<\/li>\n<li class=\"prop col-xs-12 col-md-3\"><img decoding=\"async\" title=\"ERGONOMICO\" src=\"https:\/\/www.lurbel.es\/images\/propiedades\/ergonomico.png\" alt=\"ERGONOMICO\" \/><br \/>\n<h4>ERGONOMIQUE<\/h4>\n<p>T\u00eate avec structure ergonomique diff\u00e9renci\u00e9e pour le pied droit et le pied gauche.<\/li>\n<li class=\"prop col-xs-12 col-md-3\"><img decoding=\"async\" title=\"PESO LEGGERO\" src=\"https:\/\/www.lurbel.es\/images\/propiedades\/peso-ligero.png\" alt=\"PESO LEGGERO\" \/><br \/>\n<h4>POIDS L\u00c9GER<\/h4>\n<p>V\u00eatements l\u00e9gers.<\/li>\n<li class=\"prop col-xs-12 col-md-3\"><img decoding=\"async\" title=\"SENZA PUNTI\" src=\"https:\/\/www.lurbel.es\/images\/propiedades\/sin-costuras.png\" alt=\"SENZA PUNTI\" \/><br \/>\n<h4>SANS COUTURES<\/h4>\n<p>La fermeture des orteils point par point emp\u00eache les frottements.<\/li>\n<li class=\"prop col-xs-12 col-md-3\"><img decoding=\"async\" title=\"Tessuto bidirezionale\" src=\"https:\/\/www.lurbel.es\/images\/propiedades\/tejido%20bidireccional_2-01.png\" alt=\"Tessuto bidirezionale\" \/><br \/>\n<h4>TISSU BIDIRECTIONNEL<\/h4>\n<p>Structure du tissu \u00e0 double sens, libert\u00e9 de mouvement.<\/li>\n<li class=\"prop col-xs-12 col-md-3\"><img decoding=\"async\" title=\"Traspirante\" src=\"https:\/\/www.lurbel.es\/images\/propiedades\/transpirable.png\" alt=\"Traspirante\" \/><br \/>\n<h4>RESPIRANT<\/h4>\n<p>Le tissu s&#8217;ouvre \u00e0 certains endroits pour une meilleure ventilation de la peau.<\/li>\n<li class=\"prop col-xs-12 col-md-3\"><img decoding=\"async\" title=\"Protezione UV UPF 50+\" src=\"https:\/\/www.lurbel.es\/images\/propiedades\/UPF+50_41X43-01-01.png\" alt=\"Protezione UV UPF 50+\" \/><br \/>\n<h4>PROTECTION CONTRE LES UV UPF 50<\/h4>\n<p>Prot\u00e9gez votre peau des rayons du soleil.<\/li>\n<\/ul>\n<\/div>\n<\/div>\n<\/div>\n<div class=\"prod-listado container\"><\/div>\n<\/div>\n<\/div>\n<\/div>\n<\/div>\n<div class=\"prod-listado container\">\n<div class=\"prod-listado container\">\n<\/div>\n<\/div>\n<\/div>\n<\/div>\n<\/div>\n<\/div>\n<\/div>\n<\/div>\n<\/div>\n","protected":false},"excerpt":{"rendered":"<p>Parfaite pour les coureuses r\u00e9guli\u00e8res, la jupe SAMBA est incroyablement l\u00e9g\u00e8re et privil\u00e9gie le confort : jupe ext\u00e9rieure \u00e9lastique et maille int\u00e9rieure technique avec technologie iDT Neo, qui absorbe l&#8217;humidit\u00e9, s\u00e8che rapidement et r\u00e9duit les odeurs gr\u00e2ce au fil de bambou ionis\u00e9 et \u00e0 la maille argent\u00e9e. Gr\u00e2ce \u00e0 la coupe + A de sa &hellip; <a href=\"https:\/\/www.miomiorun.com\/fr\/produit\/lurbel-samba-skirt-femme\/\">Continued<\/a><\/p>\n","protected":false},"featured_media":231861,"template":"","meta":{"_acf_changed":false,"inline_featured_image":false},"product_brand":[],"product_cat":[22602,22596,22595],"product_tag":[23552,23628],"class_list":{"0":"post-276752","1":"product","2":"type-product","3":"status-publish","4":"has-post-thumbnail","6":"product_cat-pantalon-court","7":"product_cat-vetements-pour-femmes","8":"product_cat-femme","9":"product_tag-lurbel-fr","10":"product_tag-lurbel-femme","11":"pa_attivita-outdoor-fr","12":"pa_attivita-running-fr","13":"pa_attivita-trail-fr","14":"pa_colore-samba-skirt-w-black-dark-grey-fr","15":"pa_marca-lurbel-fr","16":"pa_sesso-femme","17":"pa_size-extra-small-fr","18":"pa_size-small-fr","20":"first","21":"instock","22":"sale","23":"taxable","24":"shipping-taxable","25":"purchasable","26":"product-type-variable","27":"wvs-archive-product-wrapper"},"acf":[],"yoast_head":"<!-- This site is optimized with the Yoast SEO plugin v26.8 - https:\/\/yoast.com\/product\/yoast-seo-wordpress\/ -->\n<title>Lurbel Samba Skirt femme - jupe de course - MioMioRun<\/title>\n<meta name=\"description\" content=\"Parfaite pour les coureurs r\u00e9guliers, la jupe SAMBA est incroyablement l\u00e9g\u00e8re et privil\u00e9gie le confort. Elle absorbe l&#039;humidit\u00e9 et s\u00e8che rapidement.\" \/>\n<meta name=\"robots\" content=\"index, follow, max-snippet:-1, max-image-preview:large, max-video-preview:-1\" \/>\n<link rel=\"canonical\" href=\"https:\/\/www.miomiorun.com\/fr\/produit\/lurbel-samba-skirt-femme\/\" \/>\n<meta property=\"og:locale\" content=\"fr_FR\" \/>\n<meta property=\"og:type\" content=\"article\" \/>\n<meta property=\"og:title\" content=\"Lurbel Samba Skirt femme - jupe de course - MioMioRun\" \/>\n<meta property=\"og:description\" content=\"Parfaite pour les coureurs r\u00e9guliers, la jupe SAMBA est incroyablement l\u00e9g\u00e8re et privil\u00e9gie le confort. Elle absorbe l&#039;humidit\u00e9 et s\u00e8che rapidement.\" \/>\n<meta property=\"og:url\" content=\"https:\/\/www.miomiorun.com\/fr\/produit\/lurbel-samba-skirt-femme\/\" \/>\n<meta property=\"og:site_name\" content=\"MioMioRun\" \/>\n<meta property=\"article:publisher\" content=\"https:\/\/www.facebook.com\/miomiorun\/\" \/>\n<meta property=\"article:modified_time\" content=\"2025-05-09T09:24:08+00:00\" \/>\n<meta property=\"og:image\" content=\"https:\/\/www.miomiorun.com\/app\/uploads\/2021\/04\/lurbel-Samba-Skirt-W-00A2.814W.0003.jpg\" \/>\n\t<meta property=\"og:image:width\" content=\"600\" \/>\n\t<meta property=\"og:image:height\" content=\"600\" \/>\n\t<meta property=\"og:image:type\" content=\"image\/jpeg\" \/>\n<meta name=\"twitter:card\" content=\"summary_large_image\" \/>\n<meta name=\"twitter:label1\" content=\"Est. reading time\" \/>\n\t<meta name=\"twitter:data1\" content=\"3 minutes\" \/>\n<script type=\"application\/ld+json\" class=\"yoast-schema-graph\">{\"@context\":\"https:\/\/schema.org\",\"@graph\":[{\"@type\":\"WebPage\",\"@id\":\"https:\/\/www.miomiorun.com\/fr\/produit\/lurbel-samba-skirt-femme\/\",\"url\":\"https:\/\/www.miomiorun.com\/fr\/produit\/lurbel-samba-skirt-femme\/\",\"name\":\"Lurbel Samba Skirt femme - jupe de course - MioMioRun\",\"isPartOf\":{\"@id\":\"https:\/\/www.miomiorun.com\/fr\/#website\"},\"primaryImageOfPage\":{\"@id\":\"https:\/\/www.miomiorun.com\/fr\/produit\/lurbel-samba-skirt-femme\/#primaryimage\"},\"image\":{\"@id\":\"https:\/\/www.miomiorun.com\/fr\/produit\/lurbel-samba-skirt-femme\/#primaryimage\"},\"thumbnailUrl\":\"https:\/\/www.miomiorun.com\/app\/uploads\/2021\/04\/lurbel-Samba-Skirt-W-00A2.814W.0003.jpg\",\"datePublished\":\"2021-04-21T09:07:12+00:00\",\"dateModified\":\"2025-05-09T09:24:08+00:00\",\"description\":\"Parfaite pour les coureurs r\u00e9guliers, la jupe SAMBA est incroyablement l\u00e9g\u00e8re et privil\u00e9gie le confort. Elle absorbe l'humidit\u00e9 et s\u00e8che rapidement.\",\"breadcrumb\":{\"@id\":\"https:\/\/www.miomiorun.com\/fr\/produit\/lurbel-samba-skirt-femme\/#breadcrumb\"},\"inLanguage\":\"fr-FR\",\"potentialAction\":[{\"@type\":\"ReadAction\",\"target\":[\"https:\/\/www.miomiorun.com\/fr\/produit\/lurbel-samba-skirt-femme\/\"]}]},{\"@type\":\"ImageObject\",\"inLanguage\":\"fr-FR\",\"@id\":\"https:\/\/www.miomiorun.com\/fr\/produit\/lurbel-samba-skirt-femme\/#primaryimage\",\"url\":\"https:\/\/www.miomiorun.com\/app\/uploads\/2021\/04\/lurbel-Samba-Skirt-W-00A2.814W.0003.jpg\",\"contentUrl\":\"https:\/\/www.miomiorun.com\/app\/uploads\/2021\/04\/lurbel-Samba-Skirt-W-00A2.814W.0003.jpg\",\"width\":600,\"height\":600,\"caption\":\"lurbel samba skirt fronte\"},{\"@type\":\"BreadcrumbList\",\"@id\":\"https:\/\/www.miomiorun.com\/fr\/produit\/lurbel-samba-skirt-femme\/#breadcrumb\",\"itemListElement\":[{\"@type\":\"ListItem\",\"position\":1,\"name\":\"Home\",\"item\":\"https:\/\/www.miomiorun.com\/fr\/home-page\/\"},{\"@type\":\"ListItem\",\"position\":2,\"name\":\"Shop\",\"item\":\"https:\/\/www.miomiorun.com\/shop\/\"},{\"@type\":\"ListItem\",\"position\":3,\"name\":\"Samba Skirt femme\"}]},{\"@type\":\"WebSite\",\"@id\":\"https:\/\/www.miomiorun.com\/fr\/#website\",\"url\":\"https:\/\/www.miomiorun.com\/fr\/\",\"name\":\"MioMioRun\",\"description\":\"Boutique 100% running et trail\",\"publisher\":{\"@id\":\"https:\/\/www.miomiorun.com\/fr\/#organization\"},\"potentialAction\":[{\"@type\":\"SearchAction\",\"target\":{\"@type\":\"EntryPoint\",\"urlTemplate\":\"https:\/\/www.miomiorun.com\/fr\/?s={search_term_string}\"},\"query-input\":{\"@type\":\"PropertyValueSpecification\",\"valueRequired\":true,\"valueName\":\"search_term_string\"}}],\"inLanguage\":\"fr-FR\"},{\"@type\":\"Organization\",\"@id\":\"https:\/\/www.miomiorun.com\/fr\/#organization\",\"name\":\"MioMio Run\",\"url\":\"https:\/\/www.miomiorun.com\/fr\/\",\"logo\":{\"@type\":\"ImageObject\",\"inLanguage\":\"fr-FR\",\"@id\":\"https:\/\/www.miomiorun.com\/fr\/#\/schema\/logo\/image\/\",\"url\":\"https:\/\/www.miomiorun.com\/app\/uploads\/2019\/12\/logomio.png\",\"contentUrl\":\"https:\/\/www.miomiorun.com\/app\/uploads\/2019\/12\/logomio.png\",\"width\":115,\"height\":82,\"caption\":\"MioMio Run\"},\"image\":{\"@id\":\"https:\/\/www.miomiorun.com\/fr\/#\/schema\/logo\/image\/\"},\"sameAs\":[\"https:\/\/www.facebook.com\/miomiorun\/\",\"https:\/\/www.instagram.com\/miomiorun\/\"]}]}<\/script>\n<!-- \/ Yoast SEO plugin. -->","yoast_head_json":{"title":"Lurbel Samba Skirt femme - jupe de course - MioMioRun","description":"Parfaite pour les coureurs r\u00e9guliers, la jupe SAMBA est incroyablement l\u00e9g\u00e8re et privil\u00e9gie le confort. Elle absorbe l'humidit\u00e9 et s\u00e8che rapidement.","robots":{"index":"index","follow":"follow","max-snippet":"max-snippet:-1","max-image-preview":"max-image-preview:large","max-video-preview":"max-video-preview:-1"},"canonical":"https:\/\/www.miomiorun.com\/fr\/produit\/lurbel-samba-skirt-femme\/","og_locale":"fr_FR","og_type":"article","og_title":"Lurbel Samba Skirt femme - jupe de course - MioMioRun","og_description":"Parfaite pour les coureurs r\u00e9guliers, la jupe SAMBA est incroyablement l\u00e9g\u00e8re et privil\u00e9gie le confort. Elle absorbe l'humidit\u00e9 et s\u00e8che rapidement.","og_url":"https:\/\/www.miomiorun.com\/fr\/produit\/lurbel-samba-skirt-femme\/","og_site_name":"MioMioRun","article_publisher":"https:\/\/www.facebook.com\/miomiorun\/","article_modified_time":"2025-05-09T09:24:08+00:00","og_image":[{"width":600,"height":600,"url":"https:\/\/www.miomiorun.com\/app\/uploads\/2021\/04\/lurbel-Samba-Skirt-W-00A2.814W.0003.jpg","type":"image\/jpeg"}],"twitter_card":"summary_large_image","twitter_misc":{"Est. reading time":"3 minutes"},"schema":{"@context":"https:\/\/schema.org","@graph":[{"@type":"WebPage","@id":"https:\/\/www.miomiorun.com\/fr\/produit\/lurbel-samba-skirt-femme\/","url":"https:\/\/www.miomiorun.com\/fr\/produit\/lurbel-samba-skirt-femme\/","name":"Lurbel Samba Skirt femme - jupe de course - MioMioRun","isPartOf":{"@id":"https:\/\/www.miomiorun.com\/fr\/#website"},"primaryImageOfPage":{"@id":"https:\/\/www.miomiorun.com\/fr\/produit\/lurbel-samba-skirt-femme\/#primaryimage"},"image":{"@id":"https:\/\/www.miomiorun.com\/fr\/produit\/lurbel-samba-skirt-femme\/#primaryimage"},"thumbnailUrl":"https:\/\/www.miomiorun.com\/app\/uploads\/2021\/04\/lurbel-Samba-Skirt-W-00A2.814W.0003.jpg","datePublished":"2021-04-21T09:07:12+00:00","dateModified":"2025-05-09T09:24:08+00:00","description":"Parfaite pour les coureurs r\u00e9guliers, la jupe SAMBA est incroyablement l\u00e9g\u00e8re et privil\u00e9gie le confort. Elle absorbe l'humidit\u00e9 et s\u00e8che rapidement.","breadcrumb":{"@id":"https:\/\/www.miomiorun.com\/fr\/produit\/lurbel-samba-skirt-femme\/#breadcrumb"},"inLanguage":"fr-FR","potentialAction":[{"@type":"ReadAction","target":["https:\/\/www.miomiorun.com\/fr\/produit\/lurbel-samba-skirt-femme\/"]}]},{"@type":"ImageObject","inLanguage":"fr-FR","@id":"https:\/\/www.miomiorun.com\/fr\/produit\/lurbel-samba-skirt-femme\/#primaryimage","url":"https:\/\/www.miomiorun.com\/app\/uploads\/2021\/04\/lurbel-Samba-Skirt-W-00A2.814W.0003.jpg","contentUrl":"https:\/\/www.miomiorun.com\/app\/uploads\/2021\/04\/lurbel-Samba-Skirt-W-00A2.814W.0003.jpg","width":600,"height":600,"caption":"lurbel samba skirt fronte"},{"@type":"BreadcrumbList","@id":"https:\/\/www.miomiorun.com\/fr\/produit\/lurbel-samba-skirt-femme\/#breadcrumb","itemListElement":[{"@type":"ListItem","position":1,"name":"Home","item":"https:\/\/www.miomiorun.com\/fr\/home-page\/"},{"@type":"ListItem","position":2,"name":"Shop","item":"https:\/\/www.miomiorun.com\/shop\/"},{"@type":"ListItem","position":3,"name":"Samba Skirt femme"}]},{"@type":"WebSite","@id":"https:\/\/www.miomiorun.com\/fr\/#website","url":"https:\/\/www.miomiorun.com\/fr\/","name":"MioMioRun","description":"Boutique 100% running et trail","publisher":{"@id":"https:\/\/www.miomiorun.com\/fr\/#organization"},"potentialAction":[{"@type":"SearchAction","target":{"@type":"EntryPoint","urlTemplate":"https:\/\/www.miomiorun.com\/fr\/?s={search_term_string}"},"query-input":{"@type":"PropertyValueSpecification","valueRequired":true,"valueName":"search_term_string"}}],"inLanguage":"fr-FR"},{"@type":"Organization","@id":"https:\/\/www.miomiorun.com\/fr\/#organization","name":"MioMio Run","url":"https:\/\/www.miomiorun.com\/fr\/","logo":{"@type":"ImageObject","inLanguage":"fr-FR","@id":"https:\/\/www.miomiorun.com\/fr\/#\/schema\/logo\/image\/","url":"https:\/\/www.miomiorun.com\/app\/uploads\/2019\/12\/logomio.png","contentUrl":"https:\/\/www.miomiorun.com\/app\/uploads\/2019\/12\/logomio.png","width":115,"height":82,"caption":"MioMio Run"},"image":{"@id":"https:\/\/www.miomiorun.com\/fr\/#\/schema\/logo\/image\/"},"sameAs":["https:\/\/www.facebook.com\/miomiorun\/","https:\/\/www.instagram.com\/miomiorun\/"]}]}},"_links":{"self":[{"href":"https:\/\/www.miomiorun.com\/fr\/wp-json\/wp\/v2\/product\/276752","targetHints":{"allow":["GET"]}}],"collection":[{"href":"https:\/\/www.miomiorun.com\/fr\/wp-json\/wp\/v2\/product"}],"about":[{"href":"https:\/\/www.miomiorun.com\/fr\/wp-json\/wp\/v2\/types\/product"}],"wp:featuredmedia":[{"embeddable":true,"href":"https:\/\/www.miomiorun.com\/fr\/wp-json\/wp\/v2\/media\/231861"}],"wp:attachment":[{"href":"https:\/\/www.miomiorun.com\/fr\/wp-json\/wp\/v2\/media?parent=276752"}],"wp:term":[{"taxonomy":"product_brand","embeddable":true,"href":"https:\/\/www.miomiorun.com\/fr\/wp-json\/wp\/v2\/product_brand?post=276752"},{"taxonomy":"product_cat","embeddable":true,"href":"https:\/\/www.miomiorun.com\/fr\/wp-json\/wp\/v2\/product_cat?post=276752"},{"taxonomy":"product_tag","embeddable":true,"href":"https:\/\/www.miomiorun.com\/fr\/wp-json\/wp\/v2\/product_tag?post=276752"}],"curies":[{"name":"wp","href":"https:\/\/api.w.org\/{rel}","templated":true}]}}